{"id":11,"date":"2022-04-12T08:21:04","date_gmt":"2022-04-12T08:21:04","guid":{"rendered":"https:\/\/mandalailu.ee\/pood\/"},"modified":"2024-01-30T17:38:51","modified_gmt":"2024-01-30T17:38:51","slug":"pood","status":"publish","type":"page","link":"https:\/\/mandalailu.ee\/en\/pood\/","title":{"rendered":"V\u00e4eEhete e-pood"},"content":{"rendered":"<h3 style=\"text-align: center;\">V\u00e4eEhete e-pood<\/h3>\n<p style=\"text-align: center;\">Iga ehe siin e-poes on Eestis loodud 100% k\u00e4sit\u00f6\u00f6 ning ainueksemplar, loodud puhtast armastusest ning loomisj\u00f5ust, l\u00e4bi kanalduse, Tema kandjale. Minu ehted kannavad endas naiselikku ilu, poolv\u00e4\u00e4riskivide toetust ning p\u00fchitsetud v\u00e4ge. Enne uude koju j\u00f5udmist on k\u00f5ik ehted energeetiliselt puhastatud ja laetud. Oma ehteid luues on mul kindel teadmine, et igal valmival ehtel on tegelikult juba loomise ajal omanik olemas. Ta lihtsalt ei tea veel, et tema soovide ja taotlustega ehe on just sel hetkel kuskil end loomas. See on kanaldus. See on usaldus. See on energia. Mina k\u00fcsin universumilt juhiseid ja tema saadab need. Mispeale loon Sinu ehte siia ellu just Sulle vajalike kristallide ja taotlustega. Nii lihtne see ongi. Sinu \u00fclesanne on vaid oma ehe \u00e4ra tunda. L\u00e4bi oma s\u00fcdame. Tutvu minu k\u00e4sit\u00f6\u00f6 EHETE e-poega ning tunne oma ehe \u00e4ra.<\/p>\n<p style=\"text-align: center;\"><\/p>","protected":false},"excerpt":{"rendered":"<p>V\u00e4eEhete e-pood Iga ehe siin e-poes on Eestis loodud 100% k\u00e4sit\u00f6\u00f6 ning ainueksemplar, loodud puhtast armastusest ning loomisj\u00f5ust, l\u00e4bi kanalduse, Tema kandjale. Minu ehted kannavad endas naiselikku ilu, poolv\u00e4\u00e4riskivide toetust ning p\u00fchitsetud v\u00e4ge. Enne uude koju j\u00f5udmist on k\u00f5ik ehted energeetiliselt puhastatud ja laetud. Oma ehteid luues on mul kindel teadmine, et igal valmival ehtel [&hellip;]<\/p>","protected":false},"author":1,"featured_media":1331,"parent":0,"menu_order":0,"comment_status":"closed","ping_status":"closed","template":"","meta":{"_acf_changed":false,"footnotes":""},"class_list":["post-11","page","type-page","status-publish","has-post-thumbnail","hentry"],"acf":[],"yoast_head":"<!-- This site is optimized with the Yoast SEO plugin v26.3 - https:\/\/yoast.com\/wordpress\/plugins\/seo\/ -->\n<title>V\u00e4eEhete e-pood - Mandala ilu<\/title>\n<meta name=\"description\" content=\"Poolv\u00e4\u00e4riskividest ehted on valminud k\u00e4sit\u00f6\u00f6na, on ainueksemplarid ning loodud armastusest, Tema otse kandjale. K\u00e4sit\u00f6\u00f6 EHETE e-pood\" \/>\n<meta name=\"robots\" content=\"index, follow, max-snippet:-1, max-image-preview:large, max-video-preview:-1\" \/>\n<link rel=\"canonical\" href=\"https:\/\/mandalailu.ee\/en\/pood\/\" \/>\n<meta property=\"og:locale\" content=\"en_US\" \/>\n<meta property=\"og:type\" content=\"article\" \/>\n<meta property=\"og:title\" content=\"V\u00e4eEhete e-pood - Mandala ilu\" \/>\n<meta property=\"og:description\" content=\"Poolv\u00e4\u00e4riskividest ehted on valminud k\u00e4sit\u00f6\u00f6na, on ainueksemplarid ning loodud armastusest, Tema otse kandjale. K\u00e4sit\u00f6\u00f6 EHETE e-pood\" \/>\n<meta property=\"og:url\" content=\"https:\/\/mandalailu.ee\/en\/pood\/\" \/>\n<meta property=\"og:site_name\" content=\"Mandala ilu\" \/>\n<meta property=\"article:publisher\" content=\"https:\/\/www.facebook.com\/MandalaILU\" \/>\n<meta property=\"article:modified_time\" content=\"2024-01-30T17:38:51+00:00\" \/>\n<meta property=\"og:image\" content=\"https:\/\/mandalailu.ee\/wp-content\/uploads\/2022\/10\/Mandala-ILU-UUS-kodukas-ja-e-pood-3.png\" \/>\n\t<meta property=\"og:image:width\" content=\"940\" \/>\n\t<meta property=\"og:image:height\" content=\"788\" \/>\n\t<meta property=\"og:image:type\" content=\"image\/png\" \/>\n<meta name=\"twitter:card\" content=\"summary_large_image\" \/>\n<meta name=\"twitter:label1\" content=\"Est. reading time\" \/>\n\t<meta name=\"twitter:data1\" content=\"1 minute\" \/>\n<script type=\"application\/ld+json\" class=\"yoast-schema-graph\">{\"@context\":\"https:\/\/schema.org\",\"@graph\":[{\"@type\":\"WebPage\",\"@id\":\"https:\/\/mandalailu.ee\/pood\/\",\"url\":\"https:\/\/mandalailu.ee\/pood\/\",\"name\":\"V\u00e4eEhete e-pood - Mandala ilu\",\"isPartOf\":{\"@id\":\"https:\/\/mandalailu.ee\/#website\"},\"primaryImageOfPage\":{\"@id\":\"https:\/\/mandalailu.ee\/pood\/#primaryimage\"},\"image\":{\"@id\":\"https:\/\/mandalailu.ee\/pood\/#primaryimage\"},\"thumbnailUrl\":\"https:\/\/mandalailu.ee\/wp-content\/uploads\/2022\/10\/Mandala-ILU-UUS-kodukas-ja-e-pood-3.png\",\"datePublished\":\"2022-04-12T08:21:04+00:00\",\"dateModified\":\"2024-01-30T17:38:51+00:00\",\"description\":\"Poolv\u00e4\u00e4riskividest ehted on valminud k\u00e4sit\u00f6\u00f6na, on ainueksemplarid ning loodud armastusest, Tema otse kandjale. K\u00e4sit\u00f6\u00f6 EHETE e-pood\",\"breadcrumb\":{\"@id\":\"https:\/\/mandalailu.ee\/pood\/#breadcrumb\"},\"inLanguage\":\"en-US\",\"potentialAction\":[{\"@type\":\"ReadAction\",\"target\":[\"https:\/\/mandalailu.ee\/pood\/\"]}]},{\"@type\":\"ImageObject\",\"inLanguage\":\"en-US\",\"@id\":\"https:\/\/mandalailu.ee\/pood\/#primaryimage\",\"url\":\"https:\/\/mandalailu.ee\/wp-content\/uploads\/2022\/10\/Mandala-ILU-UUS-kodukas-ja-e-pood-3.png\",\"contentUrl\":\"https:\/\/mandalailu.ee\/wp-content\/uploads\/2022\/10\/Mandala-ILU-UUS-kodukas-ja-e-pood-3.png\",\"width\":940,\"height\":788,\"caption\":\"Mandala ILU UUS kodukas ja e-pood \/ K\u00e4sit\u00f6\u00f6 EHETE e-pood\"},{\"@type\":\"BreadcrumbList\",\"@id\":\"https:\/\/mandalailu.ee\/pood\/#breadcrumb\",\"itemListElement\":[{\"@type\":\"ListItem\",\"position\":1,\"name\":\"Home\",\"item\":\"https:\/\/mandalailu.ee\/\"},{\"@type\":\"ListItem\",\"position\":2,\"name\":\"V\u00e4eEhete e-pood\"}]},{\"@type\":\"WebSite\",\"@id\":\"https:\/\/mandalailu.ee\/#website\",\"url\":\"https:\/\/mandalailu.ee\/\",\"name\":\"Mandala ilu\",\"description\":\"Unikaalsed k&auml;sit&ouml;&ouml;na valminud ehted\",\"publisher\":{\"@id\":\"https:\/\/mandalailu.ee\/#organization\"},\"potentialAction\":[{\"@type\":\"SearchAction\",\"target\":{\"@type\":\"EntryPoint\",\"urlTemplate\":\"https:\/\/mandalailu.ee\/?s={search_term_string}\"},\"query-input\":{\"@type\":\"PropertyValueSpecification\",\"valueRequired\":true,\"valueName\":\"search_term_string\"}}],\"inLanguage\":\"en-US\"},{\"@type\":\"Organization\",\"@id\":\"https:\/\/mandalailu.ee\/#organization\",\"name\":\"Mandala ILU\",\"url\":\"https:\/\/mandalailu.ee\/\",\"logo\":{\"@type\":\"ImageObject\",\"inLanguage\":\"en-US\",\"@id\":\"https:\/\/mandalailu.ee\/#\/schema\/logo\/image\/\",\"url\":\"https:\/\/mandalailu.ee\/wp-content\/uploads\/2022\/04\/cropped-Mandala-ILU-lill_block.jpg\",\"contentUrl\":\"https:\/\/mandalailu.ee\/wp-content\/uploads\/2022\/04\/cropped-Mandala-ILU-lill_block.jpg\",\"width\":512,\"height\":512,\"caption\":\"Mandala ILU\"},\"image\":{\"@id\":\"https:\/\/mandalailu.ee\/#\/schema\/logo\/image\/\"},\"sameAs\":[\"https:\/\/www.facebook.com\/MandalaILU\",\"https:\/\/www.instagram.com\/mandala.ilu.mala.ehted\/\"]}]}<\/script>\n<!-- \/ Yoast SEO plugin. -->","yoast_head_json":{"title":"V\u00e4eEhete e-pood - Mandala ilu","description":"Poolv\u00e4\u00e4riskividest ehted on valminud k\u00e4sit\u00f6\u00f6na, on ainueksemplarid ning loodud armastusest, Tema otse kandjale. K\u00e4sit\u00f6\u00f6 EHETE e-pood","robots":{"index":"index","follow":"follow","max-snippet":"max-snippet:-1","max-image-preview":"max-image-preview:large","max-video-preview":"max-video-preview:-1"},"canonical":"https:\/\/mandalailu.ee\/en\/pood\/","og_locale":"en_US","og_type":"article","og_title":"V\u00e4eEhete e-pood - Mandala ilu","og_description":"Poolv\u00e4\u00e4riskividest ehted on valminud k\u00e4sit\u00f6\u00f6na, on ainueksemplarid ning loodud armastusest, Tema otse kandjale. K\u00e4sit\u00f6\u00f6 EHETE e-pood","og_url":"https:\/\/mandalailu.ee\/en\/pood\/","og_site_name":"Mandala ilu","article_publisher":"https:\/\/www.facebook.com\/MandalaILU","article_modified_time":"2024-01-30T17:38:51+00:00","og_image":[{"width":940,"height":788,"url":"https:\/\/mandalailu.ee\/wp-content\/uploads\/2022\/10\/Mandala-ILU-UUS-kodukas-ja-e-pood-3.png","type":"image\/png"}],"twitter_card":"summary_large_image","twitter_misc":{"Est. reading time":"1 minute"},"schema":{"@context":"https:\/\/schema.org","@graph":[{"@type":"WebPage","@id":"https:\/\/mandalailu.ee\/pood\/","url":"https:\/\/mandalailu.ee\/pood\/","name":"V\u00e4eEhete e-pood - Mandala ilu","isPartOf":{"@id":"https:\/\/mandalailu.ee\/#website"},"primaryImageOfPage":{"@id":"https:\/\/mandalailu.ee\/pood\/#primaryimage"},"image":{"@id":"https:\/\/mandalailu.ee\/pood\/#primaryimage"},"thumbnailUrl":"https:\/\/mandalailu.ee\/wp-content\/uploads\/2022\/10\/Mandala-ILU-UUS-kodukas-ja-e-pood-3.png","datePublished":"2022-04-12T08:21:04+00:00","dateModified":"2024-01-30T17:38:51+00:00","description":"Poolv\u00e4\u00e4riskividest ehted on valminud k\u00e4sit\u00f6\u00f6na, on ainueksemplarid ning loodud armastusest, Tema otse kandjale. K\u00e4sit\u00f6\u00f6 EHETE e-pood","breadcrumb":{"@id":"https:\/\/mandalailu.ee\/pood\/#breadcrumb"},"inLanguage":"en-US","potentialAction":[{"@type":"ReadAction","target":["https:\/\/mandalailu.ee\/pood\/"]}]},{"@type":"ImageObject","inLanguage":"en-US","@id":"https:\/\/mandalailu.ee\/pood\/#primaryimage","url":"https:\/\/mandalailu.ee\/wp-content\/uploads\/2022\/10\/Mandala-ILU-UUS-kodukas-ja-e-pood-3.png","contentUrl":"https:\/\/mandalailu.ee\/wp-content\/uploads\/2022\/10\/Mandala-ILU-UUS-kodukas-ja-e-pood-3.png","width":940,"height":788,"caption":"Mandala ILU UUS kodukas ja e-pood \/ K\u00e4sit\u00f6\u00f6 EHETE e-pood"},{"@type":"BreadcrumbList","@id":"https:\/\/mandalailu.ee\/pood\/#breadcrumb","itemListElement":[{"@type":"ListItem","position":1,"name":"Home","item":"https:\/\/mandalailu.ee\/"},{"@type":"ListItem","position":2,"name":"V\u00e4eEhete e-pood"}]},{"@type":"WebSite","@id":"https:\/\/mandalailu.ee\/#website","url":"https:\/\/mandalailu.ee\/","name":"Mandala ilu","description":"Unikaalsed k&auml;sit&ouml;&ouml;na valminud ehted","publisher":{"@id":"https:\/\/mandalailu.ee\/#organization"},"potentialAction":[{"@type":"SearchAction","target":{"@type":"EntryPoint","urlTemplate":"https:\/\/mandalailu.ee\/?s={search_term_string}"},"query-input":{"@type":"PropertyValueSpecification","valueRequired":true,"valueName":"search_term_string"}}],"inLanguage":"en-US"},{"@type":"Organization","@id":"https:\/\/mandalailu.ee\/#organization","name":"Mandala ILU","url":"https:\/\/mandalailu.ee\/","logo":{"@type":"ImageObject","inLanguage":"en-US","@id":"https:\/\/mandalailu.ee\/#\/schema\/logo\/image\/","url":"https:\/\/mandalailu.ee\/wp-content\/uploads\/2022\/04\/cropped-Mandala-ILU-lill_block.jpg","contentUrl":"https:\/\/mandalailu.ee\/wp-content\/uploads\/2022\/04\/cropped-Mandala-ILU-lill_block.jpg","width":512,"height":512,"caption":"Mandala ILU"},"image":{"@id":"https:\/\/mandalailu.ee\/#\/schema\/logo\/image\/"},"sameAs":["https:\/\/www.facebook.com\/MandalaILU","https:\/\/www.instagram.com\/mandala.ilu.mala.ehted\/"]}]}},"_links":{"self":[{"href":"https:\/\/mandalailu.ee\/en\/wp-json\/wp\/v2\/pages\/11","targetHints":{"allow":["GET"]}}],"collection":[{"href":"https:\/\/mandalailu.ee\/en\/wp-json\/wp\/v2\/pages"}],"about":[{"href":"https:\/\/mandalailu.ee\/en\/wp-json\/wp\/v2\/types\/page"}],"author":[{"embeddable":true,"href":"https:\/\/mandalailu.ee\/en\/wp-json\/wp\/v2\/users\/1"}],"replies":[{"embeddable":true,"href":"https:\/\/mandalailu.ee\/en\/wp-json\/wp\/v2\/comments?post=11"}],"version-history":[{"count":12,"href":"https:\/\/mandalailu.ee\/en\/wp-json\/wp\/v2\/pages\/11\/revisions"}],"predecessor-version":[{"id":3261,"href":"https:\/\/mandalailu.ee\/en\/wp-json\/wp\/v2\/pages\/11\/revisions\/3261"}],"wp:featuredmedia":[{"embeddable":true,"href":"https:\/\/mandalailu.ee\/en\/wp-json\/wp\/v2\/media\/1331"}],"wp:attachment":[{"href":"https:\/\/mandalailu.ee\/en\/wp-json\/wp\/v2\/media?parent=11"}],"curies":[{"name":"wp","href":"https:\/\/api.w.org\/{rel}","templated":true}]}}