{"id":126,"date":"2022-04-17T05:59:31","date_gmt":"2022-04-17T05:59:31","guid":{"rendered":"https:\/\/mandalailu.ee\/?page_id=126"},"modified":"2024-01-30T17:36:19","modified_gmt":"2024-01-30T17:36:19","slug":"kohaletoimetamine","status":"publish","type":"page","link":"https:\/\/mandalailu.ee\/en\/kohaletoimetamine\/","title":{"rendered":"Kohaletoimetamine"},"content":{"rendered":"<p><strong>K\u00e4ttetoimetamise aeg:<\/strong> Eesti siseselt j\u00f5uavad tellitud tooted \u00fcldjuhul ostja m\u00e4\u00e4ratud sihtpunkti 2-5 t\u00f6\u00f6p\u00e4eva jooksul p\u00e4rast tellimuse fikseerimist MT\u00dc Mandala ILU (edaspidi Veebipood) poolt. Osadele toodetele v\u00f5ib kehtida pikem k\u00e4ttetoimetamise aeg. Seda juhul, kui tegemist on eritellimusega. Antud juhul lepitakse tarneaeg kliendiga eraldi kokku.<br \/>\nVeebipood j\u00e4tab endale \u00f5iguse erinevate tarneaegadega toodete tellimusi poolitada ning tarnida neid mitmes jaos.<br \/>\nVeebipood ei vastuta Kaupade kohaletoimetamise viivituse ja tekkinud arusaamatuste eest juhul, kui need on tingitud Kasutaja poolt tellimuse vormistamisel esitatud andmete ebat\u00e4psusest v\u00f5i eba\u00f5igsusest.<br \/>\nOma kaupa tarnime me nii Eestisse, kui ka \u00fcle maailma k\u00f5ikidesse riikidesse.<\/p>\n<h3>Vali omale k\u00f5ige mugavam k\u00e4ttetoimetamisviis!<\/h3>\n<p>&#8220;Tulen ise Saku kaubale j\u00e4rgi&#8221; transpordiviisi korral. V\u00f5imalik on tulla pakile ise j\u00e4rele Mandala ILU stuudiosse, Teaduse 13, Sakus. Eelnevalt lepi kokku aeg emaili teel info@MandalaILU.ee v\u00f5i helista 533 40 707. Valides oma ehetele ise j\u00e4rgi tulla, on Sul v\u00f5imalik kohapeal ka kauba eest sularahas tasuda.<\/p>\n<p><strong>OMNIVA PAKIAUTOMAAT<\/strong> &#8211; ALATI TASUTA<br \/>\nOmniva pakiautomaadid on Baltikumis ainulaadne v\u00e4litingimustes kasutatav pakiautomaat. Kauba saabumisel saadetakse Sulle SMS ja\/v\u00f5i e-kiri, milles on kirjas pakiautomaadi asukoht, uksekood, tagastuskood ja hoiut\u00e4htaja l\u00f5pp.<\/p>\n<p><strong>ITELLA SMARTPOST<\/strong> &#8211; ALATI TASUTA<br \/>\nItella SmartPOSTi pakiautomaadid on iseteeninduslikud postkontorid, mis on paigaldatud erinevatesse kaubanduskeskustesse \u00fcle Eesti. Kui pakk j\u00f5uab Teie poolt valitud pakiautomaati, saadetakse koheselt Teie mobiilile vastava sisuga sms ja soovi korral ka e-mail. S\u00f5num sisaldab infot paki saabumise, automaadi asukoha ja lahtiolekuaegade kohta ning personaalset uksekoodi.<\/p>\n<p><strong>DPD PAKIAUTOMAAT<\/strong> &#8211; ALATI TASUTA<\/p>\n<p><strong>RAHVUSVAHELINE<\/strong> tigu postiteenus &#8211; 12 \u20ac<br \/>\nPaki v\u00e4lismaale saatmise tarne s\u00f5ltub sellest, millisesse riiki Sa oma pakki saada soovid. Keskmiselt on tarne 10-30 p\u00e4eva. Erandlikel juhtumitel on \u00f5igus kaup kohale toimetada kuni 45 kalendrip\u00e4eva jooksul. Pakk saadetakse Teile l\u00e4himasse postkontorisse.<\/p>","protected":false},"excerpt":{"rendered":"<p>K\u00e4ttetoimetamise aeg: Eesti siseselt j\u00f5uavad tellitud tooted \u00fcldjuhul ostja m\u00e4\u00e4ratud sihtpunkti 2-5 t\u00f6\u00f6p\u00e4eva jooksul p\u00e4rast tellimuse fikseerimist MT\u00dc Mandala ILU (edaspidi Veebipood) poolt. Osadele toodetele v\u00f5ib kehtida pikem k\u00e4ttetoimetamise aeg. Seda juhul, kui tegemist on eritellimusega. Antud juhul lepitakse tarneaeg kliendiga eraldi kokku. Veebipood j\u00e4tab endale \u00f5iguse erinevate tarneaegadega toodete tellimusi poolitada ning tarnida neid [&hellip;]<\/p>","protected":false},"author":1,"featured_media":0,"parent":0,"menu_order":0,"comment_status":"closed","ping_status":"closed","template":"","meta":{"_acf_changed":false,"footnotes":""},"class_list":["post-126","page","type-page","status-publish","hentry"],"acf":[],"yoast_head":"<!-- This site is optimized with the Yoast SEO plugin v26.3 - https:\/\/yoast.com\/wordpress\/plugins\/seo\/ -->\n<title>Kohaletoimetamine - Mandala ilu<\/title>\n<meta name=\"description\" content=\"Eesti siseselt j\u00f5uavad tellitud tooted \u00fcldjuhul ostja m\u00e4\u00e4ratud sihtpunkti 2-5 t\u00f6\u00f6p\u00e4eva jooksul p\u00e4rast tellimuse fikseerimist MT\u00dc Mandala ILU poolt.\" \/>\n<meta name=\"robots\" content=\"index, follow, max-snippet:-1, max-image-preview:large, max-video-preview:-1\" \/>\n<link rel=\"canonical\" href=\"https:\/\/mandalailu.ee\/en\/kohaletoimetamine\/\" \/>\n<meta property=\"og:locale\" content=\"en_US\" \/>\n<meta property=\"og:type\" content=\"article\" \/>\n<meta property=\"og:title\" content=\"Kohaletoimetamine - Mandala ilu\" \/>\n<meta property=\"og:description\" content=\"Eesti siseselt j\u00f5uavad tellitud tooted \u00fcldjuhul ostja m\u00e4\u00e4ratud sihtpunkti 2-5 t\u00f6\u00f6p\u00e4eva jooksul p\u00e4rast tellimuse fikseerimist MT\u00dc Mandala ILU poolt.\" \/>\n<meta property=\"og:url\" content=\"https:\/\/mandalailu.ee\/en\/kohaletoimetamine\/\" \/>\n<meta property=\"og:site_name\" content=\"Mandala ilu\" \/>\n<meta property=\"article:publisher\" content=\"https:\/\/www.facebook.com\/MandalaILU\" \/>\n<meta property=\"article:modified_time\" content=\"2024-01-30T17:36:19+00:00\" \/>\n<meta name=\"twitter:card\" content=\"summary_large_image\" \/>\n<meta name=\"twitter:label1\" content=\"Est. reading time\" \/>\n\t<meta name=\"twitter:data1\" content=\"1 minute\" \/>\n<script type=\"application\/ld+json\" class=\"yoast-schema-graph\">{\"@context\":\"https:\/\/schema.org\",\"@graph\":[{\"@type\":\"WebPage\",\"@id\":\"https:\/\/mandalailu.ee\/kohaletoimetamine\/\",\"url\":\"https:\/\/mandalailu.ee\/kohaletoimetamine\/\",\"name\":\"Kohaletoimetamine - Mandala ilu\",\"isPartOf\":{\"@id\":\"https:\/\/mandalailu.ee\/#website\"},\"datePublished\":\"2022-04-17T05:59:31+00:00\",\"dateModified\":\"2024-01-30T17:36:19+00:00\",\"description\":\"Eesti siseselt j\u00f5uavad tellitud tooted \u00fcldjuhul ostja m\u00e4\u00e4ratud sihtpunkti 2-5 t\u00f6\u00f6p\u00e4eva jooksul p\u00e4rast tellimuse fikseerimist MT\u00dc Mandala ILU poolt.\",\"breadcrumb\":{\"@id\":\"https:\/\/mandalailu.ee\/kohaletoimetamine\/#breadcrumb\"},\"inLanguage\":\"en-US\",\"potentialAction\":[{\"@type\":\"ReadAction\",\"target\":[\"https:\/\/mandalailu.ee\/kohaletoimetamine\/\"]}]},{\"@type\":\"BreadcrumbList\",\"@id\":\"https:\/\/mandalailu.ee\/kohaletoimetamine\/#breadcrumb\",\"itemListElement\":[{\"@type\":\"ListItem\",\"position\":1,\"name\":\"Home\",\"item\":\"https:\/\/mandalailu.ee\/\"},{\"@type\":\"ListItem\",\"position\":2,\"name\":\"Kohaletoimetamine\"}]},{\"@type\":\"WebSite\",\"@id\":\"https:\/\/mandalailu.ee\/#website\",\"url\":\"https:\/\/mandalailu.ee\/\",\"name\":\"Mandala ilu\",\"description\":\"Unikaalsed k&auml;sit&ouml;&ouml;na valminud ehted\",\"publisher\":{\"@id\":\"https:\/\/mandalailu.ee\/#organization\"},\"potentialAction\":[{\"@type\":\"SearchAction\",\"target\":{\"@type\":\"EntryPoint\",\"urlTemplate\":\"https:\/\/mandalailu.ee\/?s={search_term_string}\"},\"query-input\":{\"@type\":\"PropertyValueSpecification\",\"valueRequired\":true,\"valueName\":\"search_term_string\"}}],\"inLanguage\":\"en-US\"},{\"@type\":\"Organization\",\"@id\":\"https:\/\/mandalailu.ee\/#organization\",\"name\":\"Mandala ILU\",\"url\":\"https:\/\/mandalailu.ee\/\",\"logo\":{\"@type\":\"ImageObject\",\"inLanguage\":\"en-US\",\"@id\":\"https:\/\/mandalailu.ee\/#\/schema\/logo\/image\/\",\"url\":\"https:\/\/mandalailu.ee\/wp-content\/uploads\/2022\/04\/cropped-Mandala-ILU-lill_block.jpg\",\"contentUrl\":\"https:\/\/mandalailu.ee\/wp-content\/uploads\/2022\/04\/cropped-Mandala-ILU-lill_block.jpg\",\"width\":512,\"height\":512,\"caption\":\"Mandala ILU\"},\"image\":{\"@id\":\"https:\/\/mandalailu.ee\/#\/schema\/logo\/image\/\"},\"sameAs\":[\"https:\/\/www.facebook.com\/MandalaILU\",\"https:\/\/www.instagram.com\/mandala.ilu.mala.ehted\/\"]}]}<\/script>\n<!-- \/ Yoast SEO plugin. -->","yoast_head_json":{"title":"Kohaletoimetamine - Mandala ilu","description":"Eesti siseselt j\u00f5uavad tellitud tooted \u00fcldjuhul ostja m\u00e4\u00e4ratud sihtpunkti 2-5 t\u00f6\u00f6p\u00e4eva jooksul p\u00e4rast tellimuse fikseerimist MT\u00dc Mandala ILU poolt.","robots":{"index":"index","follow":"follow","max-snippet":"max-snippet:-1","max-image-preview":"max-image-preview:large","max-video-preview":"max-video-preview:-1"},"canonical":"https:\/\/mandalailu.ee\/en\/kohaletoimetamine\/","og_locale":"en_US","og_type":"article","og_title":"Kohaletoimetamine - Mandala ilu","og_description":"Eesti siseselt j\u00f5uavad tellitud tooted \u00fcldjuhul ostja m\u00e4\u00e4ratud sihtpunkti 2-5 t\u00f6\u00f6p\u00e4eva jooksul p\u00e4rast tellimuse fikseerimist MT\u00dc Mandala ILU poolt.","og_url":"https:\/\/mandalailu.ee\/en\/kohaletoimetamine\/","og_site_name":"Mandala ilu","article_publisher":"https:\/\/www.facebook.com\/MandalaILU","article_modified_time":"2024-01-30T17:36:19+00:00","twitter_card":"summary_large_image","twitter_misc":{"Est. reading time":"1 minute"},"schema":{"@context":"https:\/\/schema.org","@graph":[{"@type":"WebPage","@id":"https:\/\/mandalailu.ee\/kohaletoimetamine\/","url":"https:\/\/mandalailu.ee\/kohaletoimetamine\/","name":"Kohaletoimetamine - Mandala ilu","isPartOf":{"@id":"https:\/\/mandalailu.ee\/#website"},"datePublished":"2022-04-17T05:59:31+00:00","dateModified":"2024-01-30T17:36:19+00:00","description":"Eesti siseselt j\u00f5uavad tellitud tooted \u00fcldjuhul ostja m\u00e4\u00e4ratud sihtpunkti 2-5 t\u00f6\u00f6p\u00e4eva jooksul p\u00e4rast tellimuse fikseerimist MT\u00dc Mandala ILU poolt.","breadcrumb":{"@id":"https:\/\/mandalailu.ee\/kohaletoimetamine\/#breadcrumb"},"inLanguage":"en-US","potentialAction":[{"@type":"ReadAction","target":["https:\/\/mandalailu.ee\/kohaletoimetamine\/"]}]},{"@type":"BreadcrumbList","@id":"https:\/\/mandalailu.ee\/kohaletoimetamine\/#breadcrumb","itemListElement":[{"@type":"ListItem","position":1,"name":"Home","item":"https:\/\/mandalailu.ee\/"},{"@type":"ListItem","position":2,"name":"Kohaletoimetamine"}]},{"@type":"WebSite","@id":"https:\/\/mandalailu.ee\/#website","url":"https:\/\/mandalailu.ee\/","name":"Mandala ilu","description":"Unikaalsed k&auml;sit&ouml;&ouml;na valminud ehted","publisher":{"@id":"https:\/\/mandalailu.ee\/#organization"},"potentialAction":[{"@type":"SearchAction","target":{"@type":"EntryPoint","urlTemplate":"https:\/\/mandalailu.ee\/?s={search_term_string}"},"query-input":{"@type":"PropertyValueSpecification","valueRequired":true,"valueName":"search_term_string"}}],"inLanguage":"en-US"},{"@type":"Organization","@id":"https:\/\/mandalailu.ee\/#organization","name":"Mandala ILU","url":"https:\/\/mandalailu.ee\/","logo":{"@type":"ImageObject","inLanguage":"en-US","@id":"https:\/\/mandalailu.ee\/#\/schema\/logo\/image\/","url":"https:\/\/mandalailu.ee\/wp-content\/uploads\/2022\/04\/cropped-Mandala-ILU-lill_block.jpg","contentUrl":"https:\/\/mandalailu.ee\/wp-content\/uploads\/2022\/04\/cropped-Mandala-ILU-lill_block.jpg","width":512,"height":512,"caption":"Mandala ILU"},"image":{"@id":"https:\/\/mandalailu.ee\/#\/schema\/logo\/image\/"},"sameAs":["https:\/\/www.facebook.com\/MandalaILU","https:\/\/www.instagram.com\/mandala.ilu.mala.ehted\/"]}]}},"_links":{"self":[{"href":"https:\/\/mandalailu.ee\/en\/wp-json\/wp\/v2\/pages\/126","targetHints":{"allow":["GET"]}}],"collection":[{"href":"https:\/\/mandalailu.ee\/en\/wp-json\/wp\/v2\/pages"}],"about":[{"href":"https:\/\/mandalailu.ee\/en\/wp-json\/wp\/v2\/types\/page"}],"author":[{"embeddable":true,"href":"https:\/\/mandalailu.ee\/en\/wp-json\/wp\/v2\/users\/1"}],"replies":[{"embeddable":true,"href":"https:\/\/mandalailu.ee\/en\/wp-json\/wp\/v2\/comments?post=126"}],"version-history":[{"count":5,"href":"https:\/\/mandalailu.ee\/en\/wp-json\/wp\/v2\/pages\/126\/revisions"}],"predecessor-version":[{"id":3257,"href":"https:\/\/mandalailu.ee\/en\/wp-json\/wp\/v2\/pages\/126\/revisions\/3257"}],"wp:attachment":[{"href":"https:\/\/mandalailu.ee\/en\/wp-json\/wp\/v2\/media?parent=126"}],"curies":[{"name":"wp","href":"https:\/\/api.w.org\/{rel}","templated":true}]}}