{"id":177,"date":"2022-04-17T18:55:43","date_gmt":"2022-04-17T18:55:43","guid":{"rendered":"https:\/\/mandalailu.ee\/?page_id=177"},"modified":"2023-01-13T11:48:26","modified_gmt":"2023-01-13T11:48:26","slug":"urituste-kalender","status":"publish","type":"page","link":"https:\/\/mandalailu.ee\/en\/urituste-kalender\/","title":{"rendered":"\u00dcrituste kalender"},"content":{"rendered":"<div data-options='{&quot;id&quot;:&quot;1834&quot;,&quot;lazy_load&quot;:&quot;no&quot;,&quot;masonry_enable&quot;:&quot;no&quot;,&quot;view_type&quot;:&quot;grid&quot;}' id=\"post-grid-1834\" class=\"post-grid grid\">\n        <div class=\"grid-items\">\n      <div class=\"item item-5377 skin flat even 0\">\n        <div class=\"layer-wrapper layout-99\">\n          <div class=\"element element_1650029453038  thumb_link\">\n                    <a target=\"_parent\" href=\"https:\/\/mandalailu.ee\/en\/uritused\/12-04-26-mala-punumise-tootuba\/\"><img decoding=\"async\"\n                    alt=\"Mandala ILU Mala punumise t\u00f6\u00f6tuba 14.04.2026 kaanefoto valgete ja pastelsetes toonides Mala helmestega, milles on kasutatud M\u00e4ekristall, Roosa Kvarts, Labradoriit ja Akvamariin, kuldse detaili ja valge tutiga\" src=\"https:\/\/mandalailu.ee\/wp-content\/uploads\/2026\/02\/12.04.2026-MALA-FB-event-cover-Website-1-1024x576.png\"><\/a>\n            <\/div>\n    <div class=\"element element_1650029456496  title_link\">\n                    <a target=\"_parent\"\n                href=\"https:\/\/mandalailu.ee\/en\/uritused\/12-04-26-mala-punumise-tootuba\/\">12.04.26 MALA punumise t\u00f6\u00f6tuba<\/a>\n            <\/div>\n    <div class=\"element element_1673608252502  excerpt\">\n        12.04 2026 MALA punumise t\u00f6\u00f6tuba. Mala t\u00f6\u00f6tuba on ennek\u00f5ike kingitus Sulle endale, kus saad luua midagi ilusat ja p\u00e4riselt t\u00e4hendurikast.            <\/div>\n    <\/div>\n  <\/div>    <\/div>\n      <style type=\"text\/css\">\n        .layout-99 .element_1650029453038 {\n            overflow: hidden;\n                    }\n\n        .layout-99 .element_1650029453038 img {\n            max-width: 100%;\n            height: auto;\n        }\n\n        @media only screen and (min-width: 1024px) {\n            .layout-99 .element_1650029453038 {\n                            }\n        }\n\n        @media only screen and (min-width: 768px) and (max-width: 1023px) {\n            .layout-99 .element_1650029453038 {\n                            }\n        }\n\n        @media only screen and (min-width: 0px) and (max-width: 767px) {\n            .layout-99 .element_1650029453038 {\n                            }\n        }\n    <\/style>\n    <style type=\"text\/css\">\n        .layout-99 .element_1650029456496 {\n            text-align: left;\n                    }\n\n        .layout-99 .element_1650029456496 a {\n                    }\n    <\/style>\n    <style type=\"text\/css\">\n        .layout-99 .element_1673608252502 {\n            font-size: 15px;\n            margin: 0px 0 10px;\n            text-align: left;\n            font-weight:400;        }\n\n        .layout-99 .element_1673608252502 a {\n            font-size: 15px;\n                    }\n    <\/style>\n      <script>\n          <\/script>\n    <style type=\"text\/css\">\n    #post-grid-1834 {\n      padding: 0px;\n          }\n\n    #post-grid-1834 .item {\n      padding: 0px;\n      background: #fff;\n          }\n\n    #post-grid-1834 .item .layer-media {\n      height:auto;    }\n\n    @media only screen and (min-width: 0px) and (max-width: 767px) {\n      #post-grid-1834 .grid-items {\n        text-align: left;\n              }\n\n      #post-grid-1834 .item {\n        width: 100%;\n        margin: 20px 0.25%;\n        display: inline-block;\n        vertical-align: top;\n        height:auto;      }\n    }\n\n    @media only screen and (min-width: 768px) and (max-width: 1023px) {\n      #post-grid-1834 .grid-items {\n        text-align: left;\n              }\n\n      #post-grid-1834 .item {\n        width: 49.5%;\n        margin: 20px 0.25%;\n        display: inline-block;\n        vertical-align: top;\n        max-height:auto;      }\n    }\n\n    @media only screen and (min-width: 1024px) {\n      #post-grid-1834 .grid-items {\n        text-align: left;\n              }\n\n      #post-grid-1834 .item {\n        width: 24%;\n        display: inline-block;\n        margin: 20px 0.25%;\n        vertical-align: top;\n        height:auto;      }\n    }\n\n      <\/style>\n  <\/div>","protected":false},"excerpt":{"rendered":"","protected":false},"author":1,"featured_media":0,"parent":0,"menu_order":0,"comment_status":"closed","ping_status":"closed","template":"","meta":{"_acf_changed":false,"footnotes":""},"class_list":["post-177","page","type-page","status-publish","hentry"],"acf":[],"yoast_head":"<!-- This site is optimized with the Yoast SEO plugin v26.3 - https:\/\/yoast.com\/wordpress\/plugins\/seo\/ -->\n<title>\u00dcrituste kalender - Mandala ilu<\/title>\n<meta name=\"robots\" content=\"index, follow, max-snippet:-1, max-image-preview:large, max-video-preview:-1\" \/>\n<link rel=\"canonical\" href=\"https:\/\/mandalailu.ee\/en\/urituste-kalender\/\" \/>\n<meta property=\"og:locale\" content=\"en_US\" \/>\n<meta property=\"og:type\" content=\"article\" \/>\n<meta property=\"og:title\" content=\"\u00dcrituste kalender - Mandala ilu\" \/>\n<meta property=\"og:url\" content=\"https:\/\/mandalailu.ee\/en\/urituste-kalender\/\" \/>\n<meta property=\"og:site_name\" content=\"Mandala ilu\" \/>\n<meta property=\"article:publisher\" content=\"https:\/\/www.facebook.com\/MandalaILU\" \/>\n<meta property=\"article:modified_time\" content=\"2023-01-13T11:48:26+00:00\" \/>\n<meta name=\"twitter:card\" content=\"summary_large_image\" \/>\n<script type=\"application\/ld+json\" class=\"yoast-schema-graph\">{\"@context\":\"https:\/\/schema.org\",\"@graph\":[{\"@type\":\"WebPage\",\"@id\":\"https:\/\/mandalailu.ee\/urituste-kalender\/\",\"url\":\"https:\/\/mandalailu.ee\/urituste-kalender\/\",\"name\":\"\u00dcrituste kalender - Mandala ilu\",\"isPartOf\":{\"@id\":\"https:\/\/mandalailu.ee\/#website\"},\"datePublished\":\"2022-04-17T18:55:43+00:00\",\"dateModified\":\"2023-01-13T11:48:26+00:00\",\"breadcrumb\":{\"@id\":\"https:\/\/mandalailu.ee\/urituste-kalender\/#breadcrumb\"},\"inLanguage\":\"en-US\",\"potentialAction\":[{\"@type\":\"ReadAction\",\"target\":[\"https:\/\/mandalailu.ee\/urituste-kalender\/\"]}]},{\"@type\":\"BreadcrumbList\",\"@id\":\"https:\/\/mandalailu.ee\/urituste-kalender\/#breadcrumb\",\"itemListElement\":[{\"@type\":\"ListItem\",\"position\":1,\"name\":\"Home\",\"item\":\"https:\/\/mandalailu.ee\/\"},{\"@type\":\"ListItem\",\"position\":2,\"name\":\"\u00dcrituste kalender\"}]},{\"@type\":\"WebSite\",\"@id\":\"https:\/\/mandalailu.ee\/#website\",\"url\":\"https:\/\/mandalailu.ee\/\",\"name\":\"Mandala ilu\",\"description\":\"Unikaalsed k&auml;sit&ouml;&ouml;na valminud ehted\",\"publisher\":{\"@id\":\"https:\/\/mandalailu.ee\/#organization\"},\"potentialAction\":[{\"@type\":\"SearchAction\",\"target\":{\"@type\":\"EntryPoint\",\"urlTemplate\":\"https:\/\/mandalailu.ee\/?s={search_term_string}\"},\"query-input\":{\"@type\":\"PropertyValueSpecification\",\"valueRequired\":true,\"valueName\":\"search_term_string\"}}],\"inLanguage\":\"en-US\"},{\"@type\":\"Organization\",\"@id\":\"https:\/\/mandalailu.ee\/#organization\",\"name\":\"Mandala ILU\",\"url\":\"https:\/\/mandalailu.ee\/\",\"logo\":{\"@type\":\"ImageObject\",\"inLanguage\":\"en-US\",\"@id\":\"https:\/\/mandalailu.ee\/#\/schema\/logo\/image\/\",\"url\":\"https:\/\/mandalailu.ee\/wp-content\/uploads\/2022\/04\/cropped-Mandala-ILU-lill_block.jpg\",\"contentUrl\":\"https:\/\/mandalailu.ee\/wp-content\/uploads\/2022\/04\/cropped-Mandala-ILU-lill_block.jpg\",\"width\":512,\"height\":512,\"caption\":\"Mandala ILU\"},\"image\":{\"@id\":\"https:\/\/mandalailu.ee\/#\/schema\/logo\/image\/\"},\"sameAs\":[\"https:\/\/www.facebook.com\/MandalaILU\",\"https:\/\/www.instagram.com\/mandala.ilu.mala.ehted\/\"]}]}<\/script>\n<!-- \/ Yoast SEO plugin. -->","yoast_head_json":{"title":"\u00dcrituste kalender - Mandala ilu","robots":{"index":"index","follow":"follow","max-snippet":"max-snippet:-1","max-image-preview":"max-image-preview:large","max-video-preview":"max-video-preview:-1"},"canonical":"https:\/\/mandalailu.ee\/en\/urituste-kalender\/","og_locale":"en_US","og_type":"article","og_title":"\u00dcrituste kalender - Mandala ilu","og_url":"https:\/\/mandalailu.ee\/en\/urituste-kalender\/","og_site_name":"Mandala ilu","article_publisher":"https:\/\/www.facebook.com\/MandalaILU","article_modified_time":"2023-01-13T11:48:26+00:00","twitter_card":"summary_large_image","schema":{"@context":"https:\/\/schema.org","@graph":[{"@type":"WebPage","@id":"https:\/\/mandalailu.ee\/urituste-kalender\/","url":"https:\/\/mandalailu.ee\/urituste-kalender\/","name":"\u00dcrituste kalender - Mandala ilu","isPartOf":{"@id":"https:\/\/mandalailu.ee\/#website"},"datePublished":"2022-04-17T18:55:43+00:00","dateModified":"2023-01-13T11:48:26+00:00","breadcrumb":{"@id":"https:\/\/mandalailu.ee\/urituste-kalender\/#breadcrumb"},"inLanguage":"en-US","potentialAction":[{"@type":"ReadAction","target":["https:\/\/mandalailu.ee\/urituste-kalender\/"]}]},{"@type":"BreadcrumbList","@id":"https:\/\/mandalailu.ee\/urituste-kalender\/#breadcrumb","itemListElement":[{"@type":"ListItem","position":1,"name":"Home","item":"https:\/\/mandalailu.ee\/"},{"@type":"ListItem","position":2,"name":"\u00dcrituste kalender"}]},{"@type":"WebSite","@id":"https:\/\/mandalailu.ee\/#website","url":"https:\/\/mandalailu.ee\/","name":"Mandala ilu","description":"Unikaalsed k&auml;sit&ouml;&ouml;na valminud ehted","publisher":{"@id":"https:\/\/mandalailu.ee\/#organization"},"potentialAction":[{"@type":"SearchAction","target":{"@type":"EntryPoint","urlTemplate":"https:\/\/mandalailu.ee\/?s={search_term_string}"},"query-input":{"@type":"PropertyValueSpecification","valueRequired":true,"valueName":"search_term_string"}}],"inLanguage":"en-US"},{"@type":"Organization","@id":"https:\/\/mandalailu.ee\/#organization","name":"Mandala ILU","url":"https:\/\/mandalailu.ee\/","logo":{"@type":"ImageObject","inLanguage":"en-US","@id":"https:\/\/mandalailu.ee\/#\/schema\/logo\/image\/","url":"https:\/\/mandalailu.ee\/wp-content\/uploads\/2022\/04\/cropped-Mandala-ILU-lill_block.jpg","contentUrl":"https:\/\/mandalailu.ee\/wp-content\/uploads\/2022\/04\/cropped-Mandala-ILU-lill_block.jpg","width":512,"height":512,"caption":"Mandala ILU"},"image":{"@id":"https:\/\/mandalailu.ee\/#\/schema\/logo\/image\/"},"sameAs":["https:\/\/www.facebook.com\/MandalaILU","https:\/\/www.instagram.com\/mandala.ilu.mala.ehted\/"]}]}},"_links":{"self":[{"href":"https:\/\/mandalailu.ee\/en\/wp-json\/wp\/v2\/pages\/177","targetHints":{"allow":["GET"]}}],"collection":[{"href":"https:\/\/mandalailu.ee\/en\/wp-json\/wp\/v2\/pages"}],"about":[{"href":"https:\/\/mandalailu.ee\/en\/wp-json\/wp\/v2\/types\/page"}],"author":[{"embeddable":true,"href":"https:\/\/mandalailu.ee\/en\/wp-json\/wp\/v2\/users\/1"}],"replies":[{"embeddable":true,"href":"https:\/\/mandalailu.ee\/en\/wp-json\/wp\/v2\/comments?post=177"}],"version-history":[{"count":3,"href":"https:\/\/mandalailu.ee\/en\/wp-json\/wp\/v2\/pages\/177\/revisions"}],"predecessor-version":[{"id":1837,"href":"https:\/\/mandalailu.ee\/en\/wp-json\/wp\/v2\/pages\/177\/revisions\/1837"}],"wp:attachment":[{"href":"https:\/\/mandalailu.ee\/en\/wp-json\/wp\/v2\/media?parent=177"}],"curies":[{"name":"wp","href":"https:\/\/api.w.org\/{rel}","templated":true}]}}