{"id":18,"date":"2022-04-12T08:30:42","date_gmt":"2022-04-12T08:30:42","guid":{"rendered":"https:\/\/mandalailu.ee\/?page_id=18"},"modified":"2025-05-04T07:35:12","modified_gmt":"2025-05-04T07:35:12","slug":"esileht","status":"publish","type":"page","link":"https:\/\/mandalailu.ee\/en\/","title":{"rendered":"Esileht"},"content":{"rendered":"<h2 style=\"text-align: center;\">V\u00e4ekad ehted<\/h2>\n<p style=\"text-align: center;\">Iga ehe siin e-poes on Eestis loodud 100% k\u00e4sit\u00f6\u00f6 ning ainueksemplar, loodud puhtast armastusest ning loomisj\u00f5ust, l\u00e4bi kanalduse, Tema kandjale. Minu ehted kannavad endas naiselikku ilu, meheliku j\u00f5udu ning poolv\u00e4\u00e4riskivide toetust &amp; p\u00fchitsetud v\u00e4ge. Enne uude koju j\u00f5udmist on k\u00f5ik ehted energeetiliselt puhastatud ja laetud. Oma ehteid luues on mul kindel teadmine, et igal valmival ehtel on tegelikult juba loomise ajal omanik olemas. Ta lihtsalt ei tea veel, et tema soovide ja taotlustega ehe on just sel hetkel kuskil end loomas. See on kanaldus. See on usaldus. See on energia. Mina k\u00fcsin universumilt juhiseid ja tema saadab need. Mispeale loon Sinu ehte siia ellu just Sulle vajalike kristallide ja taotlustega. Nii lihtne see ongi. Sinu \u00fclesanne on vaid oma ehe \u00e4ra tunda. L\u00e4bi oma s\u00fcdame.<\/p>\n<p><span style=\"font-weight: 400;\">Imelise jumalannana v\u00f5ta endale aega, et luua ise \u00fcks v\u00f5imas &amp; Sind toetav v\u00e4eehe. Jagan Sinuga suurima hea meelega oma teadmisi ja oskusi. V\u00e4eehte loomine on puhas teraapia. T\u00f6\u00f6toas osalemiseks ei pea Sul mingisuguseid erioskusi juba olema. Oodatud on k\u00f5ik, kel soov endale m\u00f5ni Mala-palvehelmed v\u00f5i Mandala ehe luua.\u00a0<\/span><\/p>\n<hr \/>\n<h2 style=\"text-align: center;\">Mandala Stuudio<\/h2>\n<p style=\"text-align: center;\">Tere tulemast Mandala Stuudiosse, kus loome ilu igal sammul! Meie stuudio on rohkem kui lihtsalt koht, kus saate joonistada ilusaid mandalaid \u2013 see on terviklik kogemus, mis \u00fchendab loovust, ilu ja s\u00f5prust.<\/p>","protected":false},"excerpt":{"rendered":"<p>V\u00e4ekad ehted Iga ehe siin e-poes on Eestis loodud 100% k\u00e4sit\u00f6\u00f6 ning ainueksemplar, loodud puhtast armastusest ning loomisj\u00f5ust, l\u00e4bi kanalduse, Tema kandjale. Minu ehted kannavad endas naiselikku ilu, meheliku j\u00f5udu ning poolv\u00e4\u00e4riskivide toetust &amp; p\u00fchitsetud v\u00e4ge. Enne uude koju j\u00f5udmist on k\u00f5ik ehted energeetiliselt puhastatud ja laetud. Oma ehteid luues on mul kindel teadmine, et [&hellip;]<\/p>","protected":false},"author":1,"featured_media":628,"parent":0,"menu_order":0,"comment_status":"closed","ping_status":"closed","template":"Front-page-EST.php","meta":{"_acf_changed":false,"footnotes":""},"class_list":["post-18","page","type-page","status-publish","has-post-thumbnail","hentry"],"acf":[],"yoast_head":"<!-- This site is optimized with the Yoast SEO plugin v26.3 - https:\/\/yoast.com\/wordpress\/plugins\/seo\/ -->\n<title>Unikaalsed k\u00e4sit\u00f6\u00f6na valminud ehted - Mandala ilu<\/title>\n<meta name=\"description\" content=\"Ehted on Eestis loodud k\u00e4sit\u00f6\u00f6na ning ainueksemplarid, loodud puhtast armastusest ning loomisj\u00f5ust, l\u00e4bi kanalduse, Tema kandjale.\" \/>\n<meta name=\"robots\" content=\"index, follow, max-snippet:-1, max-image-preview:large, max-video-preview:-1\" \/>\n<link rel=\"canonical\" href=\"https:\/\/mandalailu.ee\/en\/\" \/>\n<meta property=\"og:locale\" content=\"en_US\" \/>\n<meta property=\"og:type\" content=\"article\" \/>\n<meta property=\"og:title\" content=\"Unikaalsed k\u00e4sit\u00f6\u00f6na valminud ehted - Mandala ilu\" \/>\n<meta property=\"og:description\" content=\"Ehted on Eestis loodud k\u00e4sit\u00f6\u00f6na ning ainueksemplarid, loodud puhtast armastusest ning loomisj\u00f5ust, l\u00e4bi kanalduse, Tema kandjale.\" \/>\n<meta property=\"og:url\" content=\"https:\/\/mandalailu.ee\/en\/\" \/>\n<meta property=\"og:site_name\" content=\"Mandala ilu\" \/>\n<meta property=\"article:publisher\" content=\"https:\/\/www.facebook.com\/MandalaILU\" \/>\n<meta property=\"article:modified_time\" content=\"2025-05-04T07:35:12+00:00\" \/>\n<meta property=\"og:image\" content=\"https:\/\/mandalailu.ee\/wp-content\/uploads\/2022\/05\/M28A2616.jpg\" \/>\n\t<meta property=\"og:image:width\" content=\"850\" \/>\n\t<meta property=\"og:image:height\" content=\"567\" \/>\n\t<meta property=\"og:image:type\" content=\"image\/jpeg\" \/>\n<meta name=\"twitter:card\" content=\"summary_large_image\" \/>\n<meta name=\"twitter:label1\" content=\"Est. reading time\" \/>\n\t<meta name=\"twitter:data1\" content=\"1 minute\" \/>\n<script type=\"application\/ld+json\" class=\"yoast-schema-graph\">{\"@context\":\"https:\/\/schema.org\",\"@graph\":[{\"@type\":\"WebPage\",\"@id\":\"https:\/\/mandalailu.ee\/\",\"url\":\"https:\/\/mandalailu.ee\/\",\"name\":\"Unikaalsed k\u00e4sit\u00f6\u00f6na valminud ehted - Mandala ilu\",\"isPartOf\":{\"@id\":\"https:\/\/mandalailu.ee\/#website\"},\"primaryImageOfPage\":{\"@id\":\"https:\/\/mandalailu.ee\/#primaryimage\"},\"image\":{\"@id\":\"https:\/\/mandalailu.ee\/#primaryimage\"},\"thumbnailUrl\":\"https:\/\/mandalailu.ee\/wp-content\/uploads\/2022\/05\/M28A2616.jpg\",\"datePublished\":\"2022-04-12T08:30:42+00:00\",\"dateModified\":\"2025-05-04T07:35:12+00:00\",\"description\":\"Ehted on Eestis loodud k\u00e4sit\u00f6\u00f6na ning ainueksemplarid, loodud puhtast armastusest ning loomisj\u00f5ust, l\u00e4bi kanalduse, Tema kandjale.\",\"breadcrumb\":{\"@id\":\"https:\/\/mandalailu.ee\/#breadcrumb\"},\"inLanguage\":\"en-US\",\"potentialAction\":[{\"@type\":\"ReadAction\",\"target\":[\"https:\/\/mandalailu.ee\/\"]}]},{\"@type\":\"ImageObject\",\"inLanguage\":\"en-US\",\"@id\":\"https:\/\/mandalailu.ee\/#primaryimage\",\"url\":\"https:\/\/mandalailu.ee\/wp-content\/uploads\/2022\/05\/M28A2616.jpg\",\"contentUrl\":\"https:\/\/mandalailu.ee\/wp-content\/uploads\/2022\/05\/M28A2616.jpg\",\"width\":850,\"height\":567,\"caption\":\"Mandala ILU looja K\u00e4rt Lumiste. BLOGI. Minu Challenge. Minu t\u00f5de. Foto: Jana solom\"},{\"@type\":\"BreadcrumbList\",\"@id\":\"https:\/\/mandalailu.ee\/#breadcrumb\",\"itemListElement\":[{\"@type\":\"ListItem\",\"position\":1,\"name\":\"Home\",\"item\":\"https:\/\/mandalailu.ee\/\"},{\"@type\":\"ListItem\",\"position\":2,\"name\":\"Esileht\"}]},{\"@type\":\"WebSite\",\"@id\":\"https:\/\/mandalailu.ee\/#website\",\"url\":\"https:\/\/mandalailu.ee\/\",\"name\":\"Mandala ilu\",\"description\":\"Unikaalsed k&auml;sit&ouml;&ouml;na valminud ehted\",\"publisher\":{\"@id\":\"https:\/\/mandalailu.ee\/#organization\"},\"potentialAction\":[{\"@type\":\"SearchAction\",\"target\":{\"@type\":\"EntryPoint\",\"urlTemplate\":\"https:\/\/mandalailu.ee\/?s={search_term_string}\"},\"query-input\":{\"@type\":\"PropertyValueSpecification\",\"valueRequired\":true,\"valueName\":\"search_term_string\"}}],\"inLanguage\":\"en-US\"},{\"@type\":\"Organization\",\"@id\":\"https:\/\/mandalailu.ee\/#organization\",\"name\":\"Mandala ILU\",\"url\":\"https:\/\/mandalailu.ee\/\",\"logo\":{\"@type\":\"ImageObject\",\"inLanguage\":\"en-US\",\"@id\":\"https:\/\/mandalailu.ee\/#\/schema\/logo\/image\/\",\"url\":\"https:\/\/mandalailu.ee\/wp-content\/uploads\/2022\/04\/cropped-Mandala-ILU-lill_block.jpg\",\"contentUrl\":\"https:\/\/mandalailu.ee\/wp-content\/uploads\/2022\/04\/cropped-Mandala-ILU-lill_block.jpg\",\"width\":512,\"height\":512,\"caption\":\"Mandala ILU\"},\"image\":{\"@id\":\"https:\/\/mandalailu.ee\/#\/schema\/logo\/image\/\"},\"sameAs\":[\"https:\/\/www.facebook.com\/MandalaILU\",\"https:\/\/www.instagram.com\/mandala.ilu.mala.ehted\/\"]}]}<\/script>\n<!-- \/ Yoast SEO plugin. -->","yoast_head_json":{"title":"Unikaalsed k\u00e4sit\u00f6\u00f6na valminud ehted - Mandala ilu","description":"Ehted on Eestis loodud k\u00e4sit\u00f6\u00f6na ning ainueksemplarid, loodud puhtast armastusest ning loomisj\u00f5ust, l\u00e4bi kanalduse, Tema kandjale.","robots":{"index":"index","follow":"follow","max-snippet":"max-snippet:-1","max-image-preview":"max-image-preview:large","max-video-preview":"max-video-preview:-1"},"canonical":"https:\/\/mandalailu.ee\/en\/","og_locale":"en_US","og_type":"article","og_title":"Unikaalsed k\u00e4sit\u00f6\u00f6na valminud ehted - Mandala ilu","og_description":"Ehted on Eestis loodud k\u00e4sit\u00f6\u00f6na ning ainueksemplarid, loodud puhtast armastusest ning loomisj\u00f5ust, l\u00e4bi kanalduse, Tema kandjale.","og_url":"https:\/\/mandalailu.ee\/en\/","og_site_name":"Mandala ilu","article_publisher":"https:\/\/www.facebook.com\/MandalaILU","article_modified_time":"2025-05-04T07:35:12+00:00","og_image":[{"width":850,"height":567,"url":"https:\/\/mandalailu.ee\/wp-content\/uploads\/2022\/05\/M28A2616.jpg","type":"image\/jpeg"}],"twitter_card":"summary_large_image","twitter_misc":{"Est. reading time":"1 minute"},"schema":{"@context":"https:\/\/schema.org","@graph":[{"@type":"WebPage","@id":"https:\/\/mandalailu.ee\/","url":"https:\/\/mandalailu.ee\/","name":"Unikaalsed k\u00e4sit\u00f6\u00f6na valminud ehted - Mandala ilu","isPartOf":{"@id":"https:\/\/mandalailu.ee\/#website"},"primaryImageOfPage":{"@id":"https:\/\/mandalailu.ee\/#primaryimage"},"image":{"@id":"https:\/\/mandalailu.ee\/#primaryimage"},"thumbnailUrl":"https:\/\/mandalailu.ee\/wp-content\/uploads\/2022\/05\/M28A2616.jpg","datePublished":"2022-04-12T08:30:42+00:00","dateModified":"2025-05-04T07:35:12+00:00","description":"Ehted on Eestis loodud k\u00e4sit\u00f6\u00f6na ning ainueksemplarid, loodud puhtast armastusest ning loomisj\u00f5ust, l\u00e4bi kanalduse, Tema kandjale.","breadcrumb":{"@id":"https:\/\/mandalailu.ee\/#breadcrumb"},"inLanguage":"en-US","potentialAction":[{"@type":"ReadAction","target":["https:\/\/mandalailu.ee\/"]}]},{"@type":"ImageObject","inLanguage":"en-US","@id":"https:\/\/mandalailu.ee\/#primaryimage","url":"https:\/\/mandalailu.ee\/wp-content\/uploads\/2022\/05\/M28A2616.jpg","contentUrl":"https:\/\/mandalailu.ee\/wp-content\/uploads\/2022\/05\/M28A2616.jpg","width":850,"height":567,"caption":"Mandala ILU looja K\u00e4rt Lumiste. BLOGI. Minu Challenge. Minu t\u00f5de. Foto: Jana solom"},{"@type":"BreadcrumbList","@id":"https:\/\/mandalailu.ee\/#breadcrumb","itemListElement":[{"@type":"ListItem","position":1,"name":"Home","item":"https:\/\/mandalailu.ee\/"},{"@type":"ListItem","position":2,"name":"Esileht"}]},{"@type":"WebSite","@id":"https:\/\/mandalailu.ee\/#website","url":"https:\/\/mandalailu.ee\/","name":"Mandala ilu","description":"Unikaalsed k&auml;sit&ouml;&ouml;na valminud ehted","publisher":{"@id":"https:\/\/mandalailu.ee\/#organization"},"potentialAction":[{"@type":"SearchAction","target":{"@type":"EntryPoint","urlTemplate":"https:\/\/mandalailu.ee\/?s={search_term_string}"},"query-input":{"@type":"PropertyValueSpecification","valueRequired":true,"valueName":"search_term_string"}}],"inLanguage":"en-US"},{"@type":"Organization","@id":"https:\/\/mandalailu.ee\/#organization","name":"Mandala ILU","url":"https:\/\/mandalailu.ee\/","logo":{"@type":"ImageObject","inLanguage":"en-US","@id":"https:\/\/mandalailu.ee\/#\/schema\/logo\/image\/","url":"https:\/\/mandalailu.ee\/wp-content\/uploads\/2022\/04\/cropped-Mandala-ILU-lill_block.jpg","contentUrl":"https:\/\/mandalailu.ee\/wp-content\/uploads\/2022\/04\/cropped-Mandala-ILU-lill_block.jpg","width":512,"height":512,"caption":"Mandala ILU"},"image":{"@id":"https:\/\/mandalailu.ee\/#\/schema\/logo\/image\/"},"sameAs":["https:\/\/www.facebook.com\/MandalaILU","https:\/\/www.instagram.com\/mandala.ilu.mala.ehted\/"]}]}},"_links":{"self":[{"href":"https:\/\/mandalailu.ee\/en\/wp-json\/wp\/v2\/pages\/18","targetHints":{"allow":["GET"]}}],"collection":[{"href":"https:\/\/mandalailu.ee\/en\/wp-json\/wp\/v2\/pages"}],"about":[{"href":"https:\/\/mandalailu.ee\/en\/wp-json\/wp\/v2\/types\/page"}],"author":[{"embeddable":true,"href":"https:\/\/mandalailu.ee\/en\/wp-json\/wp\/v2\/users\/1"}],"replies":[{"embeddable":true,"href":"https:\/\/mandalailu.ee\/en\/wp-json\/wp\/v2\/comments?post=18"}],"version-history":[{"count":47,"href":"https:\/\/mandalailu.ee\/en\/wp-json\/wp\/v2\/pages\/18\/revisions"}],"predecessor-version":[{"id":4619,"href":"https:\/\/mandalailu.ee\/en\/wp-json\/wp\/v2\/pages\/18\/revisions\/4619"}],"wp:featuredmedia":[{"embeddable":true,"href":"https:\/\/mandalailu.ee\/en\/wp-json\/wp\/v2\/media\/628"}],"wp:attachment":[{"href":"https:\/\/mandalailu.ee\/en\/wp-json\/wp\/v2\/media?parent=18"}],"curies":[{"name":"wp","href":"https:\/\/api.w.org\/{rel}","templated":true}]}}