{"id":3289,"date":"2024-01-31T12:51:12","date_gmt":"2024-01-31T12:51:12","guid":{"rendered":"https:\/\/mandalailu.ee\/?page_id=3289"},"modified":"2024-12-19T12:29:38","modified_gmt":"2024-12-19T12:29:38","slug":"ruumide-rent-sakus","status":"publish","type":"page","link":"https:\/\/mandalailu.ee\/en\/ruumide-rent-sakus\/","title":{"rendered":"Ruumi rent Sakus"},"content":{"rendered":"<h2 style=\"text-align: left;\"><a href=\"https:\/\/mandalailu.ee\/wp-content\/uploads\/2024\/01\/ruumide-rent-sakus.jpg\"><img loading=\"lazy\" decoding=\"async\" class=\"size-full wp-image-3290 alignright\" src=\"https:\/\/mandalailu.ee\/wp-content\/uploads\/2024\/01\/ruumide-rent-sakus.jpg\" alt=\"Ruumide rent Sakus\" width=\"1080\" height=\"1080\" srcset=\"https:\/\/mandalailu.ee\/wp-content\/uploads\/2024\/01\/ruumide-rent-sakus.jpg 1080w, https:\/\/mandalailu.ee\/wp-content\/uploads\/2024\/01\/ruumide-rent-sakus-300x300.jpg 300w, https:\/\/mandalailu.ee\/wp-content\/uploads\/2024\/01\/ruumide-rent-sakus-1024x1024.jpg 1024w, https:\/\/mandalailu.ee\/wp-content\/uploads\/2024\/01\/ruumide-rent-sakus-150x150.jpg 150w, https:\/\/mandalailu.ee\/wp-content\/uploads\/2024\/01\/ruumide-rent-sakus-768x768.jpg 768w, https:\/\/mandalailu.ee\/wp-content\/uploads\/2024\/01\/ruumide-rent-sakus-12x12.jpg 12w, https:\/\/mandalailu.ee\/wp-content\/uploads\/2024\/01\/ruumide-rent-sakus-350x350.jpg 350w, https:\/\/mandalailu.ee\/wp-content\/uploads\/2024\/01\/ruumide-rent-sakus-600x600.jpg 600w\" sizes=\"auto, (max-width: 1080px) 100vw, 1080px\" \/><\/a>Ruumi rent, Sakus<\/h2>\n<p>Mandala ILU Stuudiot saab nii tunni- kui ka p\u00e4evap\u00f5hiselt rentida. Kirjuta mulle, r\u00e4\u00e4gi oma soovidest ja plaanist ning koos loome just Sulle parima lahenduse. K\u00f5ik on v\u00f5imalik.<\/p>\n<p>Stuudios saab korraldada:<\/p>\n<ul>\n<li><strong>v\u00e4iksemat sorti koosviibimist (s\u00fcnnip\u00e4evad, j\u00f5ulupeod, muud tiimi \u00fcritusi jne.)\u00a0\u00a0<\/strong><\/li>\n<li><strong>v\u00e4lkkoosolekuid oma firma ruumidest v\u00e4ljas korraldades. <\/strong><\/li>\n<li><strong>m\u00f5nda teraapia v\u00f5i massaazi seansi pakkumiseks oma kliendile. <\/strong><\/li>\n<\/ul>\n<p>Stuudiot ehib suur laud, mille taha mahub vabalt 6 inimest istuma (vajadusel mahutame ka 8 inimest &#8230; ja tegelikult mahutasime \u00fckskord ka 10) ning puhke nurk, kus rahus olla ja m\u00f5nusalt end tugitoolis ja diivanil veeretada ning maailma parandada. Kohapeal olemas Saku L\u00e4te veeaparaat, kust saab kuuma, k\u00fclma ja mulliga vett. Kohapeal olemas n\u00f5ud. Oma s\u00f6\u00f6k &amp; jook vaid vaja kaasa v\u00f5tta.<\/p>\n<p>Omalt poolt saan pakkuda \u00fcrituse mitmekesisemaks muutmisel n\u00e4iteks kristallidest <strong>k\u00e4ev\u00f5rude tegemist.<\/strong> Kirjuta mulle ja k\u00fcsi hinnapakkumist.<\/p>\n<p>Stuudio asub\u00a0<strong><a href=\"https:\/\/maps.app.goo.gl\/456rSjEzcpYtg9heA\" target=\"_blank\" rel=\"noopener\">Teaduse 13, Sakus<\/a>, 0 korrusel<\/strong>, kus suured aknad ja soe tuba.<\/p>\n<p>Olge hoitud, l\u00e4bi s\u00fcdame<\/p>\n<p>&nbsp;<\/p>\n<h3>Kirjuta mulle<\/h3>\n\n<div class=\"wpcf7 no-js\" id=\"wpcf7-f630-o1\" lang=\"et\" dir=\"ltr\" data-wpcf7-id=\"630\">\n<div class=\"screen-reader-response\"><p role=\"status\" aria-live=\"polite\" aria-atomic=\"true\"><\/p> <ul><\/ul><\/div>\n<form action=\"\/en\/wp-json\/wp\/v2\/pages\/3289#wpcf7-f630-o1\" method=\"post\" class=\"wpcf7-form init\" aria-label=\"Contact form\" novalidate=\"novalidate\" data-status=\"init\" data-trp-original-action=\"\/en\/wp-json\/wp\/v2\/pages\/3289#wpcf7-f630-o1\">\n<fieldset class=\"hidden-fields-container\"><input type=\"hidden\" name=\"_wpcf7\" value=\"630\" \/><input type=\"hidden\" name=\"_wpcf7_version\" value=\"6.1.3\" \/><input type=\"hidden\" name=\"_wpcf7_locale\" value=\"et\" \/><input type=\"hidden\" name=\"_wpcf7_unit_tag\" value=\"wpcf7-f630-o1\" \/><input type=\"hidden\" name=\"_wpcf7_container_post\" value=\"0\" \/><input type=\"hidden\" name=\"_wpcf7_posted_data_hash\" value=\"\" \/>\n<\/fieldset>\n<p><label> Sinu nimi, et saaksime tuttavaks<br \/>\n<span class=\"wpcf7-form-control-wrap\" data-name=\"your-name\"><input size=\"40\" maxlength=\"400\" class=\"wpcf7-form-control wpcf7-text wpcf7-validates-as-required\" aria-required=\"true\" aria-invalid=\"false\" value=\"\" type=\"text\" name=\"your-name\" \/><\/span> <\/label>\n<\/p>\n<p><label> Sinu E-mail, kuhu ma Sulle vastata saan<br \/>\n<span class=\"wpcf7-form-control-wrap\" data-name=\"your-email\"><input size=\"40\" maxlength=\"400\" class=\"wpcf7-form-control wpcf7-email wpcf7-validates-as-required wpcf7-text wpcf7-validates-as-email\" aria-required=\"true\" aria-invalid=\"false\" value=\"\" type=\"email\" name=\"your-email\" \/><\/span> <\/label>\n<\/p>\n<p><label> Sinu s\u00f5num mulle, palun<br \/>\n<span class=\"wpcf7-form-control-wrap\" data-name=\"your-message\"><textarea cols=\"40\" rows=\"10\" maxlength=\"2000\" class=\"wpcf7-form-control wpcf7-textarea\" aria-invalid=\"false\" name=\"your-message\"><\/textarea><\/span> <\/label>\n<\/p>\n<p><input class=\"wpcf7-form-control wpcf7-submit has-spinner\" type=\"submit\" value=\"Saada teele\" \/>\n<\/p><div class=\"wpcf7-response-output\" aria-hidden=\"true\"><\/div>\n<input type=\"hidden\" name=\"trp-form-language\" value=\"en\"\/><\/form>\n<\/div>","protected":false},"excerpt":{"rendered":"<p>Ruumi rent, Sakus Mandala ILU Stuudiot saab nii tunni- kui ka p\u00e4evap\u00f5hiselt rentida. Kirjuta mulle, r\u00e4\u00e4gi oma soovidest ja plaanist ning koos loome just Sulle parima lahenduse. K\u00f5ik on v\u00f5imalik. Stuudios saab korraldada: v\u00e4iksemat sorti koosviibimist (s\u00fcnnip\u00e4evad, j\u00f5ulupeod, muud tiimi \u00fcritusi jne.)\u00a0\u00a0 v\u00e4lkkoosolekuid oma firma ruumidest v\u00e4ljas korraldades. m\u00f5nda teraapia v\u00f5i massaazi seansi pakkumiseks oma [&hellip;]<\/p>","protected":false},"author":1,"featured_media":3290,"parent":0,"menu_order":0,"comment_status":"closed","ping_status":"closed","template":"","meta":{"_acf_changed":false,"footnotes":""},"class_list":["post-3289","page","type-page","status-publish","has-post-thumbnail","hentry"],"acf":[],"yoast_head":"<!-- This site is optimized with the Yoast SEO plugin v26.3 - https:\/\/yoast.com\/wordpress\/plugins\/seo\/ -->\n<title>Ruumi rent Sakus - Mandala ILU<\/title>\n<meta name=\"description\" content=\"Stuudiot saab nii p\u00e4eva kui ka tunnip\u00f5hiselt rentida. S\u00fcnnip\u00e4evad, v\u00e4lkkoosolekud, tiimi \u00fcritused, teraapia, massaaz, t\u00f6\u00f6toad. K\u00fcsi hinnapakkumist.\" \/>\n<meta name=\"robots\" content=\"index, follow, max-snippet:-1, max-image-preview:large, max-video-preview:-1\" \/>\n<link rel=\"canonical\" href=\"https:\/\/mandalailu.ee\/en\/ruumide-rent-sakus\/\" \/>\n<meta property=\"og:locale\" content=\"en_US\" \/>\n<meta property=\"og:type\" content=\"article\" \/>\n<meta property=\"og:title\" content=\"Ruumi rent Sakus - Mandala ILU\" \/>\n<meta property=\"og:description\" content=\"Stuudiot saab nii p\u00e4eva kui ka tunnip\u00f5hiselt rentida. S\u00fcnnip\u00e4evad, v\u00e4lkkoosolekud, tiimi \u00fcritused, teraapia, massaaz, t\u00f6\u00f6toad. K\u00fcsi hinnapakkumist.\" \/>\n<meta property=\"og:url\" content=\"https:\/\/mandalailu.ee\/en\/ruumide-rent-sakus\/\" \/>\n<meta property=\"og:site_name\" content=\"Mandala ilu\" \/>\n<meta property=\"article:publisher\" content=\"https:\/\/www.facebook.com\/MandalaILU\" \/>\n<meta property=\"article:modified_time\" content=\"2024-12-19T12:29:38+00:00\" \/>\n<meta property=\"og:image\" content=\"https:\/\/mandalailu.ee\/wp-content\/uploads\/2024\/01\/ruumide-rent-sakus.jpg\" \/>\n\t<meta property=\"og:image:width\" content=\"1080\" \/>\n\t<meta property=\"og:image:height\" content=\"1080\" \/>\n\t<meta property=\"og:image:type\" content=\"image\/jpeg\" \/>\n<meta name=\"twitter:card\" content=\"summary_large_image\" \/>\n<meta name=\"twitter:label1\" content=\"Est. reading time\" \/>\n\t<meta name=\"twitter:data1\" content=\"1 minute\" \/>\n<script type=\"application\/ld+json\" class=\"yoast-schema-graph\">{\"@context\":\"https:\/\/schema.org\",\"@graph\":[{\"@type\":\"WebPage\",\"@id\":\"https:\/\/mandalailu.ee\/ruumide-rent-sakus\/\",\"url\":\"https:\/\/mandalailu.ee\/ruumide-rent-sakus\/\",\"name\":\"Ruumi rent Sakus - Mandala ILU\",\"isPartOf\":{\"@id\":\"https:\/\/mandalailu.ee\/#website\"},\"primaryImageOfPage\":{\"@id\":\"https:\/\/mandalailu.ee\/ruumide-rent-sakus\/#primaryimage\"},\"image\":{\"@id\":\"https:\/\/mandalailu.ee\/ruumide-rent-sakus\/#primaryimage\"},\"thumbnailUrl\":\"https:\/\/mandalailu.ee\/wp-content\/uploads\/2024\/01\/ruumide-rent-sakus.jpg\",\"datePublished\":\"2024-01-31T12:51:12+00:00\",\"dateModified\":\"2024-12-19T12:29:38+00:00\",\"description\":\"Stuudiot saab nii p\u00e4eva kui ka tunnip\u00f5hiselt rentida. S\u00fcnnip\u00e4evad, v\u00e4lkkoosolekud, tiimi \u00fcritused, teraapia, massaaz, t\u00f6\u00f6toad. K\u00fcsi hinnapakkumist.\",\"breadcrumb\":{\"@id\":\"https:\/\/mandalailu.ee\/ruumide-rent-sakus\/#breadcrumb\"},\"inLanguage\":\"en-US\",\"potentialAction\":[{\"@type\":\"ReadAction\",\"target\":[\"https:\/\/mandalailu.ee\/ruumide-rent-sakus\/\"]}]},{\"@type\":\"ImageObject\",\"inLanguage\":\"en-US\",\"@id\":\"https:\/\/mandalailu.ee\/ruumide-rent-sakus\/#primaryimage\",\"url\":\"https:\/\/mandalailu.ee\/wp-content\/uploads\/2024\/01\/ruumide-rent-sakus.jpg\",\"contentUrl\":\"https:\/\/mandalailu.ee\/wp-content\/uploads\/2024\/01\/ruumide-rent-sakus.jpg\",\"width\":1080,\"height\":1080,\"caption\":\"Ruumide rent Sakus\"},{\"@type\":\"BreadcrumbList\",\"@id\":\"https:\/\/mandalailu.ee\/ruumide-rent-sakus\/#breadcrumb\",\"itemListElement\":[{\"@type\":\"ListItem\",\"position\":1,\"name\":\"Home\",\"item\":\"https:\/\/mandalailu.ee\/\"},{\"@type\":\"ListItem\",\"position\":2,\"name\":\"Ruumi rent Sakus\"}]},{\"@type\":\"WebSite\",\"@id\":\"https:\/\/mandalailu.ee\/#website\",\"url\":\"https:\/\/mandalailu.ee\/\",\"name\":\"Mandala ilu\",\"description\":\"Unikaalsed k&auml;sit&ouml;&ouml;na valminud ehted\",\"publisher\":{\"@id\":\"https:\/\/mandalailu.ee\/#organization\"},\"potentialAction\":[{\"@type\":\"SearchAction\",\"target\":{\"@type\":\"EntryPoint\",\"urlTemplate\":\"https:\/\/mandalailu.ee\/?s={search_term_string}\"},\"query-input\":{\"@type\":\"PropertyValueSpecification\",\"valueRequired\":true,\"valueName\":\"search_term_string\"}}],\"inLanguage\":\"en-US\"},{\"@type\":\"Organization\",\"@id\":\"https:\/\/mandalailu.ee\/#organization\",\"name\":\"Mandala ILU\",\"url\":\"https:\/\/mandalailu.ee\/\",\"logo\":{\"@type\":\"ImageObject\",\"inLanguage\":\"en-US\",\"@id\":\"https:\/\/mandalailu.ee\/#\/schema\/logo\/image\/\",\"url\":\"https:\/\/mandalailu.ee\/wp-content\/uploads\/2022\/04\/cropped-Mandala-ILU-lill_block.jpg\",\"contentUrl\":\"https:\/\/mandalailu.ee\/wp-content\/uploads\/2022\/04\/cropped-Mandala-ILU-lill_block.jpg\",\"width\":512,\"height\":512,\"caption\":\"Mandala ILU\"},\"image\":{\"@id\":\"https:\/\/mandalailu.ee\/#\/schema\/logo\/image\/\"},\"sameAs\":[\"https:\/\/www.facebook.com\/MandalaILU\",\"https:\/\/www.instagram.com\/mandala.ilu.mala.ehted\/\"]}]}<\/script>\n<!-- \/ Yoast SEO plugin. -->","yoast_head_json":{"title":"Ruumi rent Sakus - Mandala ILU","description":"Stuudiot saab nii p\u00e4eva kui ka tunnip\u00f5hiselt rentida. S\u00fcnnip\u00e4evad, v\u00e4lkkoosolekud, tiimi \u00fcritused, teraapia, massaaz, t\u00f6\u00f6toad. K\u00fcsi hinnapakkumist.","robots":{"index":"index","follow":"follow","max-snippet":"max-snippet:-1","max-image-preview":"max-image-preview:large","max-video-preview":"max-video-preview:-1"},"canonical":"https:\/\/mandalailu.ee\/en\/ruumide-rent-sakus\/","og_locale":"en_US","og_type":"article","og_title":"Ruumi rent Sakus - Mandala ILU","og_description":"Stuudiot saab nii p\u00e4eva kui ka tunnip\u00f5hiselt rentida. S\u00fcnnip\u00e4evad, v\u00e4lkkoosolekud, tiimi \u00fcritused, teraapia, massaaz, t\u00f6\u00f6toad. K\u00fcsi hinnapakkumist.","og_url":"https:\/\/mandalailu.ee\/en\/ruumide-rent-sakus\/","og_site_name":"Mandala ilu","article_publisher":"https:\/\/www.facebook.com\/MandalaILU","article_modified_time":"2024-12-19T12:29:38+00:00","og_image":[{"width":1080,"height":1080,"url":"https:\/\/mandalailu.ee\/wp-content\/uploads\/2024\/01\/ruumide-rent-sakus.jpg","type":"image\/jpeg"}],"twitter_card":"summary_large_image","twitter_misc":{"Est. reading time":"1 minute"},"schema":{"@context":"https:\/\/schema.org","@graph":[{"@type":"WebPage","@id":"https:\/\/mandalailu.ee\/ruumide-rent-sakus\/","url":"https:\/\/mandalailu.ee\/ruumide-rent-sakus\/","name":"Ruumi rent Sakus - Mandala ILU","isPartOf":{"@id":"https:\/\/mandalailu.ee\/#website"},"primaryImageOfPage":{"@id":"https:\/\/mandalailu.ee\/ruumide-rent-sakus\/#primaryimage"},"image":{"@id":"https:\/\/mandalailu.ee\/ruumide-rent-sakus\/#primaryimage"},"thumbnailUrl":"https:\/\/mandalailu.ee\/wp-content\/uploads\/2024\/01\/ruumide-rent-sakus.jpg","datePublished":"2024-01-31T12:51:12+00:00","dateModified":"2024-12-19T12:29:38+00:00","description":"Stuudiot saab nii p\u00e4eva kui ka tunnip\u00f5hiselt rentida. S\u00fcnnip\u00e4evad, v\u00e4lkkoosolekud, tiimi \u00fcritused, teraapia, massaaz, t\u00f6\u00f6toad. K\u00fcsi hinnapakkumist.","breadcrumb":{"@id":"https:\/\/mandalailu.ee\/ruumide-rent-sakus\/#breadcrumb"},"inLanguage":"en-US","potentialAction":[{"@type":"ReadAction","target":["https:\/\/mandalailu.ee\/ruumide-rent-sakus\/"]}]},{"@type":"ImageObject","inLanguage":"en-US","@id":"https:\/\/mandalailu.ee\/ruumide-rent-sakus\/#primaryimage","url":"https:\/\/mandalailu.ee\/wp-content\/uploads\/2024\/01\/ruumide-rent-sakus.jpg","contentUrl":"https:\/\/mandalailu.ee\/wp-content\/uploads\/2024\/01\/ruumide-rent-sakus.jpg","width":1080,"height":1080,"caption":"Ruumide rent Sakus"},{"@type":"BreadcrumbList","@id":"https:\/\/mandalailu.ee\/ruumide-rent-sakus\/#breadcrumb","itemListElement":[{"@type":"ListItem","position":1,"name":"Home","item":"https:\/\/mandalailu.ee\/"},{"@type":"ListItem","position":2,"name":"Ruumi rent Sakus"}]},{"@type":"WebSite","@id":"https:\/\/mandalailu.ee\/#website","url":"https:\/\/mandalailu.ee\/","name":"Mandala ilu","description":"Unikaalsed k&auml;sit&ouml;&ouml;na valminud ehted","publisher":{"@id":"https:\/\/mandalailu.ee\/#organization"},"potentialAction":[{"@type":"SearchAction","target":{"@type":"EntryPoint","urlTemplate":"https:\/\/mandalailu.ee\/?s={search_term_string}"},"query-input":{"@type":"PropertyValueSpecification","valueRequired":true,"valueName":"search_term_string"}}],"inLanguage":"en-US"},{"@type":"Organization","@id":"https:\/\/mandalailu.ee\/#organization","name":"Mandala ILU","url":"https:\/\/mandalailu.ee\/","logo":{"@type":"ImageObject","inLanguage":"en-US","@id":"https:\/\/mandalailu.ee\/#\/schema\/logo\/image\/","url":"https:\/\/mandalailu.ee\/wp-content\/uploads\/2022\/04\/cropped-Mandala-ILU-lill_block.jpg","contentUrl":"https:\/\/mandalailu.ee\/wp-content\/uploads\/2022\/04\/cropped-Mandala-ILU-lill_block.jpg","width":512,"height":512,"caption":"Mandala ILU"},"image":{"@id":"https:\/\/mandalailu.ee\/#\/schema\/logo\/image\/"},"sameAs":["https:\/\/www.facebook.com\/MandalaILU","https:\/\/www.instagram.com\/mandala.ilu.mala.ehted\/"]}]}},"_links":{"self":[{"href":"https:\/\/mandalailu.ee\/en\/wp-json\/wp\/v2\/pages\/3289","targetHints":{"allow":["GET"]}}],"collection":[{"href":"https:\/\/mandalailu.ee\/en\/wp-json\/wp\/v2\/pages"}],"about":[{"href":"https:\/\/mandalailu.ee\/en\/wp-json\/wp\/v2\/types\/page"}],"author":[{"embeddable":true,"href":"https:\/\/mandalailu.ee\/en\/wp-json\/wp\/v2\/users\/1"}],"replies":[{"embeddable":true,"href":"https:\/\/mandalailu.ee\/en\/wp-json\/wp\/v2\/comments?post=3289"}],"version-history":[{"count":8,"href":"https:\/\/mandalailu.ee\/en\/wp-json\/wp\/v2\/pages\/3289\/revisions"}],"predecessor-version":[{"id":4290,"href":"https:\/\/mandalailu.ee\/en\/wp-json\/wp\/v2\/pages\/3289\/revisions\/4290"}],"wp:featuredmedia":[{"embeddable":true,"href":"https:\/\/mandalailu.ee\/en\/wp-json\/wp\/v2\/media\/3290"}],"wp:attachment":[{"href":"https:\/\/mandalailu.ee\/en\/wp-json\/wp\/v2\/media?parent=3289"}],"curies":[{"name":"wp","href":"https:\/\/api.w.org\/{rel}","templated":true}]}}