{"id":3298,"date":"2024-01-31T20:54:31","date_gmt":"2024-01-31T20:54:31","guid":{"rendered":"https:\/\/mandalailu.ee\/?page_id=3298"},"modified":"2024-02-20T10:52:36","modified_gmt":"2024-02-20T10:52:36","slug":"teraapiatuba","status":"publish","type":"page","link":"https:\/\/mandalailu.ee\/en\/teraapiatuba\/","title":{"rendered":"TeraapiaTuba"},"content":{"rendered":"<h3 style=\"text-align: center;\">Mandala ILU stuudios on n\u00fc\u00fcd v\u00f5imalus endale ka erinevaid teraapiaid ja n\u00f5ustamist broneerida.<\/h3>\n<p style=\"text-align: center;\">Stuudio asub Saku aleviku s\u00fcdames ja ootab Sind tervenema ja\/v\u00f5i end tervendama.<\/p>\n    <div data-options='{&quot;id&quot;:&quot;3333&quot;,&quot;lazy_load&quot;:&quot;no&quot;,&quot;masonry_enable&quot;:&quot;no&quot;,&quot;view_type&quot;:&quot;grid&quot;}' id=\"post-grid-3333\" class=\"post-grid grid\">\n        <div class=\"grid-items\">\n      <div class=\"item item-3366 skin flat even 0\">\n        <div class=\"layer-wrapper layout-99\">\n          <div class=\"element element_1650029453038  thumb_link\">\n                    <a target=\"_parent\" href=\"https:\/\/mandalailu.ee\/en\/blogi\/ki-shiatsu-teraapia-helena-nielsen\/\"><img decoding=\"async\"\n                    alt=\"Kaunis blond naine, Helena Nielsen. Tegemas Ki-shiatsu teraapiat maas lamava naise peal.\" src=\"https:\/\/mandalailu.ee\/wp-content\/uploads\/2024\/02\/e079e346-d062-48f4-8027-aac0d0180fef-1024x768.jpg\"><\/a>\n            <\/div>\n    <div class=\"element element_1650029456496  title_link\">\n                    <a target=\"_parent\"\n                href=\"https:\/\/mandalailu.ee\/en\/blogi\/ki-shiatsu-teraapia-helena-nielsen\/\">Ki-Shiatsu teraapia. Helena Nielsen<\/a>\n            <\/div>\n    <div class=\"element element_1673608252502  excerpt\">\n        Ki-shiatsu teraapia\u00a0Helena Nielseniga See meetod sobib v\u00e4ga h\u00e4sti v\u00e4ikelastest eakateni. Vajutused ja venitused on kerged ning \u00e4\u00e4rmiselt l\u00f5\u00f5gastavad. Oled oodatud            <\/div>\n    <\/div>\n  <\/div><div class=\"item item-3346 skin flat odd 1\">\n        <div class=\"layer-wrapper layout-99\">\n          <div class=\"element element_1650029453038  thumb_link\">\n                    <a target=\"_parent\" href=\"https:\/\/mandalailu.ee\/en\/teraapiad\/toitumisnoustaja-mirjam-laulik\/\"><img decoding=\"async\"\n                    alt=\"Toitumisn\u00f5ustaja Mirjam Laulik\" src=\"https:\/\/mandalailu.ee\/wp-content\/uploads\/2024\/02\/Mirjam-Laulik_toitumisnoustaja.jpg\"><\/a>\n            <\/div>\n    <div class=\"element element_1650029456496  title_link\">\n                    <a target=\"_parent\"\n                href=\"https:\/\/mandalailu.ee\/en\/teraapiad\/toitumisnoustaja-mirjam-laulik\/\">Toitumisn\u00f5ustaja Mirjam Laulik<\/a>\n            <\/div>\n    <div class=\"element element_1673608252502  excerpt\">\n        Toitumisn\u00f5ustaja Mirjam Laulik Oma t\u00f6\u00f6s kasutan teadusp\u00f5hist l\u00e4henemist. Omades v\u00e4ga head n\u00f5ustamisps\u00fchholoogilist ettevalmistust, olles kliendikeskne ning empaatiline - leiame koos            <\/div>\n    <\/div>\n  <\/div><div class=\"item item-3335 skin flat even 2\">\n        <div class=\"layer-wrapper layout-99\">\n          <div class=\"element element_1650029453038  thumb_link\">\n                    <a target=\"_parent\" href=\"https:\/\/mandalailu.ee\/en\/teraapiad\/holistiline-regressiooniteraapia-annika-karindi\/\"><img decoding=\"async\"\n                    alt=\"Holistiline regressiooniteraapia. Annika Karindi\" src=\"https:\/\/mandalailu.ee\/wp-content\/uploads\/2024\/02\/holistiline-regressiooniteraapia-annika-karindi-5-1024x365.jpg\"><\/a>\n            <\/div>\n    <div class=\"element element_1650029456496  title_link\">\n                    <a target=\"_parent\"\n                href=\"https:\/\/mandalailu.ee\/en\/teraapiad\/holistiline-regressiooniteraapia-annika-karindi\/\">Holistiline regressiooniteraapia. Annika Karindi<\/a>\n            <\/div>\n    <div class=\"element element_1673608252502  excerpt\">\n        Holistilise regressiooni teraapia Tunned, et k\u00f5ik justkui toimib, aga midagi on puudu? Elad oma elu, aga rahulolu ja s\u00fcgavam \u00f5nnetunne            <\/div>\n    <\/div>\n  <\/div>    <\/div>\n      <style type=\"text\/css\">\n        .layout-99 .element_1650029453038 {\n            overflow: hidden;\n                    }\n\n        .layout-99 .element_1650029453038 img {\n            max-width: 100%;\n            height: auto;\n        }\n\n        @media only screen and (min-width: 1024px) {\n            .layout-99 .element_1650029453038 {\n                            }\n        }\n\n        @media only screen and (min-width: 768px) and (max-width: 1023px) {\n            .layout-99 .element_1650029453038 {\n                            }\n        }\n\n        @media only screen and (min-width: 0px) and (max-width: 767px) {\n            .layout-99 .element_1650029453038 {\n                            }\n        }\n    <\/style>\n    <style type=\"text\/css\">\n        .layout-99 .element_1650029456496 {\n            text-align: left;\n                    }\n\n        .layout-99 .element_1650029456496 a {\n                    }\n    <\/style>\n    <style type=\"text\/css\">\n        .layout-99 .element_1673608252502 {\n            font-size: 15px;\n            margin: 0px 0 10px;\n            text-align: left;\n            font-weight:400;        }\n\n        .layout-99 .element_1673608252502 a {\n            font-size: 15px;\n                    }\n    <\/style>\n      <script>\n          <\/script>\n    <style type=\"text\/css\">\n    #post-grid-3333 {\n      padding: 10px;\n          }\n\n    #post-grid-3333 .item {\n      padding: 0px;\n      background: #fff;\n          }\n\n    #post-grid-3333 .item .layer-media {\n      height:auto;    }\n\n    @media only screen and (min-width: 0px) and (max-width: 767px) {\n      #post-grid-3333 .grid-items {\n        text-align: center;\n              }\n\n      #post-grid-3333 .item {\n        width: 100%;\n        margin: 20px 0.25%;\n        display: inline-block;\n        vertical-align: top;\n        height:auto;      }\n    }\n\n    @media only screen and (min-width: 768px) and (max-width: 1023px) {\n      #post-grid-3333 .grid-items {\n        text-align: center;\n              }\n\n      #post-grid-3333 .item {\n        width: 49.5%;\n        margin: 20px 0.25%;\n        display: inline-block;\n        vertical-align: top;\n        max-height:auto;      }\n    }\n\n    @media only screen and (min-width: 1024px) {\n      #post-grid-3333 .grid-items {\n        text-align: center;\n              }\n\n      #post-grid-3333 .item {\n        width: 24%;\n        display: inline-block;\n        margin: 20px 0.25%;\n        vertical-align: top;\n        height:auto;      }\n    }\n\n      <\/style>\n  <\/div>\n\n<p>&nbsp;<\/p>\n<h3 style=\"text-align: center;\">Kui Sa oled ise terapeut ja soovid vastuv\u00f5tuks stuudiot kasutada, siis kirjuta mulle <a href=\"mailto:info@mandalaILU.ee\">info@mandalaILU.ee<\/a> ning loome su soovi reaalsuseks.<\/h3>\n<p style=\"text-align: center;\">K\u00f5ik on v\u00f5imalik!<\/p>","protected":false},"excerpt":{"rendered":"<p>Mandala ILU stuudios on n\u00fc\u00fcd v\u00f5imalus endale ka erinevaid teraapiaid ja n\u00f5ustamist broneerida. Stuudio asub Saku aleviku s\u00fcdames ja ootab Sind tervenema ja\/v\u00f5i end tervendama. &nbsp; Kui Sa oled ise terapeut ja soovid vastuv\u00f5tuks stuudiot kasutada, siis kirjuta mulle info@mandalaILU.ee ning loome su soovi reaalsuseks. K\u00f5ik on v\u00f5imalik!<\/p>","protected":false},"author":1,"featured_media":0,"parent":0,"menu_order":0,"comment_status":"closed","ping_status":"closed","template":"","meta":{"_acf_changed":false,"footnotes":""},"class_list":["post-3298","page","type-page","status-publish","hentry"],"acf":[],"yoast_head":"<!-- This site is optimized with the Yoast SEO plugin v26.3 - https:\/\/yoast.com\/wordpress\/plugins\/seo\/ -->\n<title>TeraapiaTuba - Mandala ILU<\/title>\n<meta name=\"description\" content=\"Kas oled ennast vahel m\u00e4rganud m\u00f5tlemast ja isegi tundmast, et k\u00f5ik on justkui h\u00e4sti, aga ei ole ka - TeraapiaTuba .\" \/>\n<meta name=\"robots\" content=\"index, follow, max-snippet:-1, max-image-preview:large, max-video-preview:-1\" \/>\n<link rel=\"canonical\" href=\"https:\/\/mandalailu.ee\/en\/teraapiatuba\/\" \/>\n<meta property=\"og:locale\" content=\"en_US\" \/>\n<meta property=\"og:type\" content=\"article\" \/>\n<meta property=\"og:title\" content=\"TeraapiaTuba - Mandala ILU\" \/>\n<meta property=\"og:description\" content=\"Kas oled ennast vahel m\u00e4rganud m\u00f5tlemast ja isegi tundmast, et k\u00f5ik on justkui h\u00e4sti, aga ei ole ka - TeraapiaTuba .\" \/>\n<meta property=\"og:url\" content=\"https:\/\/mandalailu.ee\/en\/teraapiatuba\/\" \/>\n<meta property=\"og:site_name\" content=\"Mandala ilu\" \/>\n<meta property=\"article:publisher\" content=\"https:\/\/www.facebook.com\/MandalaILU\" \/>\n<meta property=\"article:modified_time\" content=\"2024-02-20T10:52:36+00:00\" \/>\n<meta name=\"twitter:card\" content=\"summary_large_image\" \/>\n<script type=\"application\/ld+json\" class=\"yoast-schema-graph\">{\"@context\":\"https:\/\/schema.org\",\"@graph\":[{\"@type\":\"WebPage\",\"@id\":\"https:\/\/mandalailu.ee\/teraapiatuba\/\",\"url\":\"https:\/\/mandalailu.ee\/teraapiatuba\/\",\"name\":\"TeraapiaTuba - Mandala ILU\",\"isPartOf\":{\"@id\":\"https:\/\/mandalailu.ee\/#website\"},\"datePublished\":\"2024-01-31T20:54:31+00:00\",\"dateModified\":\"2024-02-20T10:52:36+00:00\",\"description\":\"Kas oled ennast vahel m\u00e4rganud m\u00f5tlemast ja isegi tundmast, et k\u00f5ik on justkui h\u00e4sti, aga ei ole ka - TeraapiaTuba .\",\"breadcrumb\":{\"@id\":\"https:\/\/mandalailu.ee\/teraapiatuba\/#breadcrumb\"},\"inLanguage\":\"en-US\",\"potentialAction\":[{\"@type\":\"ReadAction\",\"target\":[\"https:\/\/mandalailu.ee\/teraapiatuba\/\"]}]},{\"@type\":\"BreadcrumbList\",\"@id\":\"https:\/\/mandalailu.ee\/teraapiatuba\/#breadcrumb\",\"itemListElement\":[{\"@type\":\"ListItem\",\"position\":1,\"name\":\"Home\",\"item\":\"https:\/\/mandalailu.ee\/\"},{\"@type\":\"ListItem\",\"position\":2,\"name\":\"TeraapiaTuba\"}]},{\"@type\":\"WebSite\",\"@id\":\"https:\/\/mandalailu.ee\/#website\",\"url\":\"https:\/\/mandalailu.ee\/\",\"name\":\"Mandala ilu\",\"description\":\"Unikaalsed k&auml;sit&ouml;&ouml;na valminud ehted\",\"publisher\":{\"@id\":\"https:\/\/mandalailu.ee\/#organization\"},\"potentialAction\":[{\"@type\":\"SearchAction\",\"target\":{\"@type\":\"EntryPoint\",\"urlTemplate\":\"https:\/\/mandalailu.ee\/?s={search_term_string}\"},\"query-input\":{\"@type\":\"PropertyValueSpecification\",\"valueRequired\":true,\"valueName\":\"search_term_string\"}}],\"inLanguage\":\"en-US\"},{\"@type\":\"Organization\",\"@id\":\"https:\/\/mandalailu.ee\/#organization\",\"name\":\"Mandala ILU\",\"url\":\"https:\/\/mandalailu.ee\/\",\"logo\":{\"@type\":\"ImageObject\",\"inLanguage\":\"en-US\",\"@id\":\"https:\/\/mandalailu.ee\/#\/schema\/logo\/image\/\",\"url\":\"https:\/\/mandalailu.ee\/wp-content\/uploads\/2022\/04\/cropped-Mandala-ILU-lill_block.jpg\",\"contentUrl\":\"https:\/\/mandalailu.ee\/wp-content\/uploads\/2022\/04\/cropped-Mandala-ILU-lill_block.jpg\",\"width\":512,\"height\":512,\"caption\":\"Mandala ILU\"},\"image\":{\"@id\":\"https:\/\/mandalailu.ee\/#\/schema\/logo\/image\/\"},\"sameAs\":[\"https:\/\/www.facebook.com\/MandalaILU\",\"https:\/\/www.instagram.com\/mandala.ilu.mala.ehted\/\"]}]}<\/script>\n<!-- \/ Yoast SEO plugin. -->","yoast_head_json":{"title":"TeraapiaTuba - Mandala ILU","description":"Kas oled ennast vahel m\u00e4rganud m\u00f5tlemast ja isegi tundmast, et k\u00f5ik on justkui h\u00e4sti, aga ei ole ka - TeraapiaTuba .","robots":{"index":"index","follow":"follow","max-snippet":"max-snippet:-1","max-image-preview":"max-image-preview:large","max-video-preview":"max-video-preview:-1"},"canonical":"https:\/\/mandalailu.ee\/en\/teraapiatuba\/","og_locale":"en_US","og_type":"article","og_title":"TeraapiaTuba - Mandala ILU","og_description":"Kas oled ennast vahel m\u00e4rganud m\u00f5tlemast ja isegi tundmast, et k\u00f5ik on justkui h\u00e4sti, aga ei ole ka - TeraapiaTuba .","og_url":"https:\/\/mandalailu.ee\/en\/teraapiatuba\/","og_site_name":"Mandala ilu","article_publisher":"https:\/\/www.facebook.com\/MandalaILU","article_modified_time":"2024-02-20T10:52:36+00:00","twitter_card":"summary_large_image","schema":{"@context":"https:\/\/schema.org","@graph":[{"@type":"WebPage","@id":"https:\/\/mandalailu.ee\/teraapiatuba\/","url":"https:\/\/mandalailu.ee\/teraapiatuba\/","name":"TeraapiaTuba - Mandala ILU","isPartOf":{"@id":"https:\/\/mandalailu.ee\/#website"},"datePublished":"2024-01-31T20:54:31+00:00","dateModified":"2024-02-20T10:52:36+00:00","description":"Kas oled ennast vahel m\u00e4rganud m\u00f5tlemast ja isegi tundmast, et k\u00f5ik on justkui h\u00e4sti, aga ei ole ka - TeraapiaTuba .","breadcrumb":{"@id":"https:\/\/mandalailu.ee\/teraapiatuba\/#breadcrumb"},"inLanguage":"en-US","potentialAction":[{"@type":"ReadAction","target":["https:\/\/mandalailu.ee\/teraapiatuba\/"]}]},{"@type":"BreadcrumbList","@id":"https:\/\/mandalailu.ee\/teraapiatuba\/#breadcrumb","itemListElement":[{"@type":"ListItem","position":1,"name":"Home","item":"https:\/\/mandalailu.ee\/"},{"@type":"ListItem","position":2,"name":"TeraapiaTuba"}]},{"@type":"WebSite","@id":"https:\/\/mandalailu.ee\/#website","url":"https:\/\/mandalailu.ee\/","name":"Mandala ilu","description":"Unikaalsed k&auml;sit&ouml;&ouml;na valminud ehted","publisher":{"@id":"https:\/\/mandalailu.ee\/#organization"},"potentialAction":[{"@type":"SearchAction","target":{"@type":"EntryPoint","urlTemplate":"https:\/\/mandalailu.ee\/?s={search_term_string}"},"query-input":{"@type":"PropertyValueSpecification","valueRequired":true,"valueName":"search_term_string"}}],"inLanguage":"en-US"},{"@type":"Organization","@id":"https:\/\/mandalailu.ee\/#organization","name":"Mandala ILU","url":"https:\/\/mandalailu.ee\/","logo":{"@type":"ImageObject","inLanguage":"en-US","@id":"https:\/\/mandalailu.ee\/#\/schema\/logo\/image\/","url":"https:\/\/mandalailu.ee\/wp-content\/uploads\/2022\/04\/cropped-Mandala-ILU-lill_block.jpg","contentUrl":"https:\/\/mandalailu.ee\/wp-content\/uploads\/2022\/04\/cropped-Mandala-ILU-lill_block.jpg","width":512,"height":512,"caption":"Mandala ILU"},"image":{"@id":"https:\/\/mandalailu.ee\/#\/schema\/logo\/image\/"},"sameAs":["https:\/\/www.facebook.com\/MandalaILU","https:\/\/www.instagram.com\/mandala.ilu.mala.ehted\/"]}]}},"_links":{"self":[{"href":"https:\/\/mandalailu.ee\/en\/wp-json\/wp\/v2\/pages\/3298","targetHints":{"allow":["GET"]}}],"collection":[{"href":"https:\/\/mandalailu.ee\/en\/wp-json\/wp\/v2\/pages"}],"about":[{"href":"https:\/\/mandalailu.ee\/en\/wp-json\/wp\/v2\/types\/page"}],"author":[{"embeddable":true,"href":"https:\/\/mandalailu.ee\/en\/wp-json\/wp\/v2\/users\/1"}],"replies":[{"embeddable":true,"href":"https:\/\/mandalailu.ee\/en\/wp-json\/wp\/v2\/comments?post=3298"}],"version-history":[{"count":14,"href":"https:\/\/mandalailu.ee\/en\/wp-json\/wp\/v2\/pages\/3298\/revisions"}],"predecessor-version":[{"id":3544,"href":"https:\/\/mandalailu.ee\/en\/wp-json\/wp\/v2\/pages\/3298\/revisions\/3544"}],"wp:attachment":[{"href":"https:\/\/mandalailu.ee\/en\/wp-json\/wp\/v2\/media?parent=3298"}],"curies":[{"name":"wp","href":"https:\/\/api.w.org\/{rel}","templated":true}]}}