{"id":3304,"date":"2024-01-31T21:27:46","date_gmt":"2024-01-31T21:27:46","guid":{"rendered":"https:\/\/mandalailu.ee\/?page_id=3304"},"modified":"2024-02-20T10:53:23","modified_gmt":"2024-02-20T10:53:23","slug":"henna-maalingute-tegemine","status":"publish","type":"page","link":"https:\/\/mandalailu.ee\/en\/henna-maalingute-tegemine\/","title":{"rendered":"Henna maalingute tegemine"},"content":{"rendered":"<h2 style=\"text-align: left;\"><a href=\"https:\/\/mandalailu.ee\/wp-content\/uploads\/2024\/01\/henna-maalingute-tegemine.jpg\"><img loading=\"lazy\" decoding=\"async\" class=\"size-full wp-image-3305 alignright\" src=\"https:\/\/mandalailu.ee\/wp-content\/uploads\/2024\/01\/henna-maalingute-tegemine.jpg\" alt=\"Henna maalingute tegemine\" width=\"500\" height=\"500\" srcset=\"https:\/\/mandalailu.ee\/wp-content\/uploads\/2024\/01\/henna-maalingute-tegemine.jpg 500w, https:\/\/mandalailu.ee\/wp-content\/uploads\/2024\/01\/henna-maalingute-tegemine-300x300.jpg 300w, https:\/\/mandalailu.ee\/wp-content\/uploads\/2024\/01\/henna-maalingute-tegemine-150x150.jpg 150w, https:\/\/mandalailu.ee\/wp-content\/uploads\/2024\/01\/henna-maalingute-tegemine-12x12.jpg 12w, https:\/\/mandalailu.ee\/wp-content\/uploads\/2024\/01\/henna-maalingute-tegemine-350x350.jpg 350w\" sizes=\"auto, (max-width: 500px) 100vw, 500px\" \/><\/a>Henna maalingute tegemine naiste kehadele<\/h2>\n<blockquote><p>Maaling, mis kaunistab Su ihu kuni kaks n\u00e4dalat<\/p><\/blockquote>\n<p>Naised on end iidsetest aegadest juba kaunistada soovinud. See on meie loomuses, soov olla kaunis ja imetletud. Oled kindlasti m\u00e4rganud m\u00f5ne naise kehal imeilusaid Henna maalinguid.<\/p>\n<p>Mandala ILU stuudios on Sul v\u00f5imalus oma kehale saada, loodusliku hennaga tehtud maaling, mis kaunistab Su ihu kuni kaks n\u00e4dalat. Ostan oma henna pasta kohalikult tegijalt, kes kasutab pasta valmistamiseks 100% looduslike materjale.<\/p>\n<p>Pastad on alati v\u00e4rsked ja j\u00e4tavad kehale m\u00f5nusalt pruunika joonistuse. Hennamaalinguid v\u00f5ib teha tervele kehale, kuid arvestada tuleks sellega, et maaling v\u00f5ib nahal p\u00fcsida mitu n\u00e4dalat, seega tasub enne kaaluda, kas teha pildike n\u00e4htavale kohale v\u00f5i pigem varju. Kui Sul on m\u00f5ni eriline \u00fcritus tulemas kuhu soovid minna kaunite maalingutega siis soovian hennat joonistada 3 p\u00e4eva enne \u00fcritust kuna see on aeg, mil henna omastab nahal \u00f5ige tumeduse. Algselt on henna oranzi v\u00e4rvi, m\u00f5ne p\u00e4evaga muutub j\u00e4rjest tumedamaks.<\/p>\n<p>Hennat saama tulles pea meeles samal p\u00e4eval mitte antud kohta kreemitada kuna vastasel juhul ei imendu henna h\u00e4sti. Arvestama peaks ka sellega, et 24h peale henna saamist v\u00f5iks maalingut hoida veest eemal. Ja ka hiljem, hoiduda suurematest veeprotseduuridest nagu vann v\u00f5i saun v\u00f5i misiganes muul kujul vees enda leotamine. Vastasel juhul kulub henna lihtsalt kiiremini maha. Muud ei midagi.<\/p>\n<p>Kui Sul tekkis n\u00fc\u00fcd vastupandamatu soov endale m\u00f5ni henna kaunistus saada siis anna mulle m\u00e4rku ja teeme Su unistuse toeks. Kirjuta mulle <strong><a href=\"mailto:info@mandalaILU.ee\">info@mandalaILU.ee<\/a><\/strong> , lepime kokku aja ning arutame l\u00e4bi Su soovid.<\/p>\n<p>Hinna saan Sulle pakkuda kui oleme kujunduses kokku leppinud. Seega k\u00f5ige lihtsam on minna interneti ja otsida sealt endale sobiv kujundus, saata mulle pilt ja mina saadan Sulle hinna.<\/p>\n<p>Sobib? Loome k\u00f5ik Su unistused reaalsuseks \u00e4ra!<\/p>\n<p>&nbsp;<\/p>\n<h2 style=\"text-align: left;\">Pilte erinevatest henna maalingutest<\/h2>\n<div id='gallery-1' class='gallery galleryid-3304 gallery-columns-2 gallery-size-full'><figure class='gallery-item'>\n\t\t\t<div class='gallery-icon landscape'>\n\t\t\t\t<a href='https:\/\/mandalailu.ee\/wp-content\/uploads\/2024\/01\/henna-maalingute-tegemine-6.jpg'><img loading=\"lazy\" decoding=\"async\" width=\"500\" height=\"500\" src=\"https:\/\/mandalailu.ee\/wp-content\/uploads\/2024\/01\/henna-maalingute-tegemine-6.jpg\" class=\"attachment-full size-full\" alt=\"Henna maalingud\" srcset=\"https:\/\/mandalailu.ee\/wp-content\/uploads\/2024\/01\/henna-maalingute-tegemine-6.jpg 500w, https:\/\/mandalailu.ee\/wp-content\/uploads\/2024\/01\/henna-maalingute-tegemine-6-300x300.jpg 300w, https:\/\/mandalailu.ee\/wp-content\/uploads\/2024\/01\/henna-maalingute-tegemine-6-150x150.jpg 150w, https:\/\/mandalailu.ee\/wp-content\/uploads\/2024\/01\/henna-maalingute-tegemine-6-12x12.jpg 12w, https:\/\/mandalailu.ee\/wp-content\/uploads\/2024\/01\/henna-maalingute-tegemine-6-350x350.jpg 350w\" sizes=\"auto, (max-width: 500px) 100vw, 500px\" \/><\/a>\n\t\t\t<\/div><\/figure><figure class='gallery-item'>\n\t\t\t<div class='gallery-icon landscape'>\n\t\t\t\t<a href='https:\/\/mandalailu.ee\/wp-content\/uploads\/2024\/01\/henna-maalingute-tegemine-7.jpg'><img loading=\"lazy\" decoding=\"async\" width=\"500\" height=\"500\" src=\"https:\/\/mandalailu.ee\/wp-content\/uploads\/2024\/01\/henna-maalingute-tegemine-7.jpg\" class=\"attachment-full size-full\" alt=\"Henna maalingud\" srcset=\"https:\/\/mandalailu.ee\/wp-content\/uploads\/2024\/01\/henna-maalingute-tegemine-7.jpg 500w, https:\/\/mandalailu.ee\/wp-content\/uploads\/2024\/01\/henna-maalingute-tegemine-7-300x300.jpg 300w, https:\/\/mandalailu.ee\/wp-content\/uploads\/2024\/01\/henna-maalingute-tegemine-7-150x150.jpg 150w, https:\/\/mandalailu.ee\/wp-content\/uploads\/2024\/01\/henna-maalingute-tegemine-7-12x12.jpg 12w, https:\/\/mandalailu.ee\/wp-content\/uploads\/2024\/01\/henna-maalingute-tegemine-7-350x350.jpg 350w\" sizes=\"auto, (max-width: 500px) 100vw, 500px\" \/><\/a>\n\t\t\t<\/div><\/figure><figure class='gallery-item'>\n\t\t\t<div class='gallery-icon landscape'>\n\t\t\t\t<a href='https:\/\/mandalailu.ee\/wp-content\/uploads\/2024\/01\/henna-maalingute-tegemine-8.jpg'><img loading=\"lazy\" decoding=\"async\" width=\"500\" height=\"500\" src=\"https:\/\/mandalailu.ee\/wp-content\/uploads\/2024\/01\/henna-maalingute-tegemine-8.jpg\" class=\"attachment-full size-full\" alt=\"Henna maalingud\" srcset=\"https:\/\/mandalailu.ee\/wp-content\/uploads\/2024\/01\/henna-maalingute-tegemine-8.jpg 500w, https:\/\/mandalailu.ee\/wp-content\/uploads\/2024\/01\/henna-maalingute-tegemine-8-300x300.jpg 300w, https:\/\/mandalailu.ee\/wp-content\/uploads\/2024\/01\/henna-maalingute-tegemine-8-150x150.jpg 150w, https:\/\/mandalailu.ee\/wp-content\/uploads\/2024\/01\/henna-maalingute-tegemine-8-12x12.jpg 12w, https:\/\/mandalailu.ee\/wp-content\/uploads\/2024\/01\/henna-maalingute-tegemine-8-350x350.jpg 350w\" sizes=\"auto, (max-width: 500px) 100vw, 500px\" \/><\/a>\n\t\t\t<\/div><\/figure><figure class='gallery-item'>\n\t\t\t<div class='gallery-icon landscape'>\n\t\t\t\t<a href='https:\/\/mandalailu.ee\/wp-content\/uploads\/2024\/01\/henna-maalingute-tegemine-9.jpg'><img loading=\"lazy\" decoding=\"async\" width=\"500\" height=\"500\" src=\"https:\/\/mandalailu.ee\/wp-content\/uploads\/2024\/01\/henna-maalingute-tegemine-9.jpg\" class=\"attachment-full size-full\" alt=\"Henna maalingud\" srcset=\"https:\/\/mandalailu.ee\/wp-content\/uploads\/2024\/01\/henna-maalingute-tegemine-9.jpg 500w, https:\/\/mandalailu.ee\/wp-content\/uploads\/2024\/01\/henna-maalingute-tegemine-9-300x300.jpg 300w, https:\/\/mandalailu.ee\/wp-content\/uploads\/2024\/01\/henna-maalingute-tegemine-9-150x150.jpg 150w, https:\/\/mandalailu.ee\/wp-content\/uploads\/2024\/01\/henna-maalingute-tegemine-9-12x12.jpg 12w, https:\/\/mandalailu.ee\/wp-content\/uploads\/2024\/01\/henna-maalingute-tegemine-9-350x350.jpg 350w\" sizes=\"auto, (max-width: 500px) 100vw, 500px\" \/><\/a>\n\t\t\t<\/div><\/figure><figure class='gallery-item'>\n\t\t\t<div class='gallery-icon landscape'>\n\t\t\t\t<a href='https:\/\/mandalailu.ee\/wp-content\/uploads\/2024\/01\/henna-maalingute-tegemine-1.jpg'><img loading=\"lazy\" decoding=\"async\" width=\"500\" height=\"500\" src=\"https:\/\/mandalailu.ee\/wp-content\/uploads\/2024\/01\/henna-maalingute-tegemine-1.jpg\" class=\"attachment-full size-full\" alt=\"Henna maalingud\" srcset=\"https:\/\/mandalailu.ee\/wp-content\/uploads\/2024\/01\/henna-maalingute-tegemine-1.jpg 500w, https:\/\/mandalailu.ee\/wp-content\/uploads\/2024\/01\/henna-maalingute-tegemine-1-300x300.jpg 300w, https:\/\/mandalailu.ee\/wp-content\/uploads\/2024\/01\/henna-maalingute-tegemine-1-150x150.jpg 150w, https:\/\/mandalailu.ee\/wp-content\/uploads\/2024\/01\/henna-maalingute-tegemine-1-12x12.jpg 12w, https:\/\/mandalailu.ee\/wp-content\/uploads\/2024\/01\/henna-maalingute-tegemine-1-350x350.jpg 350w\" sizes=\"auto, (max-width: 500px) 100vw, 500px\" \/><\/a>\n\t\t\t<\/div><\/figure><figure class='gallery-item'>\n\t\t\t<div class='gallery-icon landscape'>\n\t\t\t\t<a href='https:\/\/mandalailu.ee\/wp-content\/uploads\/2024\/01\/henna-maalingute-tegemine-2.jpg'><img loading=\"lazy\" decoding=\"async\" width=\"500\" height=\"500\" src=\"https:\/\/mandalailu.ee\/wp-content\/uploads\/2024\/01\/henna-maalingute-tegemine-2.jpg\" class=\"attachment-full size-full\" alt=\"Henna maalingud\" srcset=\"https:\/\/mandalailu.ee\/wp-content\/uploads\/2024\/01\/henna-maalingute-tegemine-2.jpg 500w, https:\/\/mandalailu.ee\/wp-content\/uploads\/2024\/01\/henna-maalingute-tegemine-2-300x300.jpg 300w, https:\/\/mandalailu.ee\/wp-content\/uploads\/2024\/01\/henna-maalingute-tegemine-2-150x150.jpg 150w, https:\/\/mandalailu.ee\/wp-content\/uploads\/2024\/01\/henna-maalingute-tegemine-2-12x12.jpg 12w, https:\/\/mandalailu.ee\/wp-content\/uploads\/2024\/01\/henna-maalingute-tegemine-2-350x350.jpg 350w\" sizes=\"auto, (max-width: 500px) 100vw, 500px\" \/><\/a>\n\t\t\t<\/div><\/figure><figure class='gallery-item'>\n\t\t\t<div class='gallery-icon landscape'>\n\t\t\t\t<a href='https:\/\/mandalailu.ee\/wp-content\/uploads\/2024\/01\/henna-maalingute-tegemine-3.jpg'><img loading=\"lazy\" decoding=\"async\" width=\"500\" height=\"500\" src=\"https:\/\/mandalailu.ee\/wp-content\/uploads\/2024\/01\/henna-maalingute-tegemine-3.jpg\" class=\"attachment-full size-full\" alt=\"Henna maalingud\" srcset=\"https:\/\/mandalailu.ee\/wp-content\/uploads\/2024\/01\/henna-maalingute-tegemine-3.jpg 500w, https:\/\/mandalailu.ee\/wp-content\/uploads\/2024\/01\/henna-maalingute-tegemine-3-300x300.jpg 300w, https:\/\/mandalailu.ee\/wp-content\/uploads\/2024\/01\/henna-maalingute-tegemine-3-150x150.jpg 150w, https:\/\/mandalailu.ee\/wp-content\/uploads\/2024\/01\/henna-maalingute-tegemine-3-12x12.jpg 12w, https:\/\/mandalailu.ee\/wp-content\/uploads\/2024\/01\/henna-maalingute-tegemine-3-350x350.jpg 350w\" sizes=\"auto, (max-width: 500px) 100vw, 500px\" \/><\/a>\n\t\t\t<\/div><\/figure><figure class='gallery-item'>\n\t\t\t<div class='gallery-icon landscape'>\n\t\t\t\t<a href='https:\/\/mandalailu.ee\/wp-content\/uploads\/2024\/01\/henna-maalingute-tegemine-4.jpg'><img loading=\"lazy\" decoding=\"async\" width=\"500\" height=\"500\" src=\"https:\/\/mandalailu.ee\/wp-content\/uploads\/2024\/01\/henna-maalingute-tegemine-4.jpg\" class=\"attachment-full size-full\" alt=\"Henna maalingud\" srcset=\"https:\/\/mandalailu.ee\/wp-content\/uploads\/2024\/01\/henna-maalingute-tegemine-4.jpg 500w, https:\/\/mandalailu.ee\/wp-content\/uploads\/2024\/01\/henna-maalingute-tegemine-4-300x300.jpg 300w, https:\/\/mandalailu.ee\/wp-content\/uploads\/2024\/01\/henna-maalingute-tegemine-4-150x150.jpg 150w, https:\/\/mandalailu.ee\/wp-content\/uploads\/2024\/01\/henna-maalingute-tegemine-4-12x12.jpg 12w, https:\/\/mandalailu.ee\/wp-content\/uploads\/2024\/01\/henna-maalingute-tegemine-4-350x350.jpg 350w\" sizes=\"auto, (max-width: 500px) 100vw, 500px\" \/><\/a>\n\t\t\t<\/div><\/figure><figure class='gallery-item'>\n\t\t\t<div class='gallery-icon landscape'>\n\t\t\t\t<a href='https:\/\/mandalailu.ee\/wp-content\/uploads\/2024\/01\/henna-maalingute-tegemine-5.jpg'><img loading=\"lazy\" decoding=\"async\" width=\"500\" height=\"500\" src=\"https:\/\/mandalailu.ee\/wp-content\/uploads\/2024\/01\/henna-maalingute-tegemine-5.jpg\" class=\"attachment-full size-full\" alt=\"Henna maalingud\" srcset=\"https:\/\/mandalailu.ee\/wp-content\/uploads\/2024\/01\/henna-maalingute-tegemine-5.jpg 500w, https:\/\/mandalailu.ee\/wp-content\/uploads\/2024\/01\/henna-maalingute-tegemine-5-300x300.jpg 300w, https:\/\/mandalailu.ee\/wp-content\/uploads\/2024\/01\/henna-maalingute-tegemine-5-150x150.jpg 150w, https:\/\/mandalailu.ee\/wp-content\/uploads\/2024\/01\/henna-maalingute-tegemine-5-12x12.jpg 12w, https:\/\/mandalailu.ee\/wp-content\/uploads\/2024\/01\/henna-maalingute-tegemine-5-350x350.jpg 350w\" sizes=\"auto, (max-width: 500px) 100vw, 500px\" \/><\/a>\n\t\t\t<\/div><\/figure>\n\t\t<\/div>\n\n<p>&nbsp;<\/p>\n<h3>Kirjuta mulle<\/h3>\n\n<div class=\"wpcf7 no-js\" id=\"wpcf7-f630-o1\" lang=\"et\" dir=\"ltr\" data-wpcf7-id=\"630\">\n<div class=\"screen-reader-response\"><p role=\"status\" aria-live=\"polite\" aria-atomic=\"true\"><\/p> <ul><\/ul><\/div>\n<form action=\"\/en\/wp-json\/wp\/v2\/pages\/3304#wpcf7-f630-o1\" method=\"post\" class=\"wpcf7-form init\" aria-label=\"Contact form\" novalidate=\"novalidate\" data-status=\"init\" data-trp-original-action=\"\/en\/wp-json\/wp\/v2\/pages\/3304#wpcf7-f630-o1\">\n<fieldset class=\"hidden-fields-container\"><input type=\"hidden\" name=\"_wpcf7\" value=\"630\" \/><input type=\"hidden\" name=\"_wpcf7_version\" value=\"6.1.3\" \/><input type=\"hidden\" name=\"_wpcf7_locale\" value=\"et\" \/><input type=\"hidden\" name=\"_wpcf7_unit_tag\" value=\"wpcf7-f630-o1\" \/><input type=\"hidden\" name=\"_wpcf7_container_post\" value=\"0\" \/><input type=\"hidden\" name=\"_wpcf7_posted_data_hash\" value=\"\" \/>\n<\/fieldset>\n<p><label> Sinu nimi, et saaksime tuttavaks<br \/>\n<span class=\"wpcf7-form-control-wrap\" data-name=\"your-name\"><input size=\"40\" maxlength=\"400\" class=\"wpcf7-form-control wpcf7-text wpcf7-validates-as-required\" aria-required=\"true\" aria-invalid=\"false\" value=\"\" type=\"text\" name=\"your-name\" \/><\/span> <\/label>\n<\/p>\n<p><label> Sinu E-mail, kuhu ma Sulle vastata saan<br \/>\n<span class=\"wpcf7-form-control-wrap\" data-name=\"your-email\"><input size=\"40\" maxlength=\"400\" class=\"wpcf7-form-control wpcf7-email wpcf7-validates-as-required wpcf7-text wpcf7-validates-as-email\" aria-required=\"true\" aria-invalid=\"false\" value=\"\" type=\"email\" name=\"your-email\" \/><\/span> <\/label>\n<\/p>\n<p><label> Sinu s\u00f5num mulle, palun<br \/>\n<span class=\"wpcf7-form-control-wrap\" data-name=\"your-message\"><textarea cols=\"40\" rows=\"10\" maxlength=\"2000\" class=\"wpcf7-form-control wpcf7-textarea\" aria-invalid=\"false\" name=\"your-message\"><\/textarea><\/span> <\/label>\n<\/p>\n<p><input class=\"wpcf7-form-control wpcf7-submit has-spinner\" type=\"submit\" value=\"Saada teele\" \/>\n<\/p><div class=\"wpcf7-response-output\" aria-hidden=\"true\"><\/div>\n<input type=\"hidden\" name=\"trp-form-language\" value=\"en\"\/><\/form>\n<\/div>\n\n<p>&nbsp;<\/p>\n<p>&nbsp;<\/p>","protected":false},"excerpt":{"rendered":"<p>Henna maalingute tegemine naiste kehadele Maaling, mis kaunistab Su ihu kuni kaks n\u00e4dalat Naised on end iidsetest aegadest juba kaunistada soovinud. See on meie loomuses, soov olla kaunis ja imetletud. Oled kindlasti m\u00e4rganud m\u00f5ne naise kehal imeilusaid Henna maalinguid. Mandala ILU stuudios on Sul v\u00f5imalus oma kehale saada, loodusliku hennaga tehtud maaling, mis kaunistab Su [&hellip;]<\/p>","protected":false},"author":1,"featured_media":3305,"parent":0,"menu_order":0,"comment_status":"closed","ping_status":"closed","template":"","meta":{"_acf_changed":false,"footnotes":""},"class_list":["post-3304","page","type-page","status-publish","has-post-thumbnail","hentry"],"acf":[],"yoast_head":"<!-- This site is optimized with the Yoast SEO plugin v26.3 - https:\/\/yoast.com\/wordpress\/plugins\/seo\/ -->\n<title>Henna maalingute tegemine - Mandala ILU<\/title>\n<meta name=\"description\" content=\"Mandala ILU stuudios on Sul v\u00f5imalus oma kehale saada loodusliku hennaga tehtud maaling, mis kaunistab Su ihu kuni kaks n\u00e4dalat.\" \/>\n<meta name=\"robots\" content=\"index, follow, max-snippet:-1, max-image-preview:large, max-video-preview:-1\" \/>\n<link rel=\"canonical\" href=\"https:\/\/mandalailu.ee\/en\/henna-maalingute-tegemine\/\" \/>\n<meta property=\"og:locale\" content=\"en_US\" \/>\n<meta property=\"og:type\" content=\"article\" \/>\n<meta property=\"og:title\" content=\"Henna maalingute tegemine - Mandala ILU\" \/>\n<meta property=\"og:description\" content=\"Mandala ILU stuudios on Sul v\u00f5imalus oma kehale saada loodusliku hennaga tehtud maaling, mis kaunistab Su ihu kuni kaks n\u00e4dalat.\" \/>\n<meta property=\"og:url\" content=\"https:\/\/mandalailu.ee\/en\/henna-maalingute-tegemine\/\" \/>\n<meta property=\"og:site_name\" content=\"Mandala ilu\" \/>\n<meta property=\"article:publisher\" content=\"https:\/\/www.facebook.com\/MandalaILU\" \/>\n<meta property=\"article:modified_time\" content=\"2024-02-20T10:53:23+00:00\" \/>\n<meta property=\"og:image\" content=\"https:\/\/mandalailu.ee\/wp-content\/uploads\/2024\/01\/henna-maalingute-tegemine.jpg\" \/>\n\t<meta property=\"og:image:width\" content=\"500\" \/>\n\t<meta property=\"og:image:height\" content=\"500\" \/>\n\t<meta property=\"og:image:type\" content=\"image\/jpeg\" \/>\n<meta name=\"twitter:card\" content=\"summary_large_image\" \/>\n<meta name=\"twitter:label1\" content=\"Est. reading time\" \/>\n\t<meta name=\"twitter:data1\" content=\"2 minutes\" \/>\n<script type=\"application\/ld+json\" class=\"yoast-schema-graph\">{\"@context\":\"https:\/\/schema.org\",\"@graph\":[{\"@type\":\"WebPage\",\"@id\":\"https:\/\/mandalailu.ee\/henna-maalingute-tegemine\/\",\"url\":\"https:\/\/mandalailu.ee\/henna-maalingute-tegemine\/\",\"name\":\"Henna maalingute tegemine - Mandala ILU\",\"isPartOf\":{\"@id\":\"https:\/\/mandalailu.ee\/#website\"},\"primaryImageOfPage\":{\"@id\":\"https:\/\/mandalailu.ee\/henna-maalingute-tegemine\/#primaryimage\"},\"image\":{\"@id\":\"https:\/\/mandalailu.ee\/henna-maalingute-tegemine\/#primaryimage\"},\"thumbnailUrl\":\"https:\/\/mandalailu.ee\/wp-content\/uploads\/2024\/01\/henna-maalingute-tegemine.jpg\",\"datePublished\":\"2024-01-31T21:27:46+00:00\",\"dateModified\":\"2024-02-20T10:53:23+00:00\",\"description\":\"Mandala ILU stuudios on Sul v\u00f5imalus oma kehale saada loodusliku hennaga tehtud maaling, mis kaunistab Su ihu kuni kaks n\u00e4dalat.\",\"breadcrumb\":{\"@id\":\"https:\/\/mandalailu.ee\/henna-maalingute-tegemine\/#breadcrumb\"},\"inLanguage\":\"en-US\",\"potentialAction\":[{\"@type\":\"ReadAction\",\"target\":[\"https:\/\/mandalailu.ee\/henna-maalingute-tegemine\/\"]}]},{\"@type\":\"ImageObject\",\"inLanguage\":\"en-US\",\"@id\":\"https:\/\/mandalailu.ee\/henna-maalingute-tegemine\/#primaryimage\",\"url\":\"https:\/\/mandalailu.ee\/wp-content\/uploads\/2024\/01\/henna-maalingute-tegemine.jpg\",\"contentUrl\":\"https:\/\/mandalailu.ee\/wp-content\/uploads\/2024\/01\/henna-maalingute-tegemine.jpg\",\"width\":500,\"height\":500,\"caption\":\"Henna maalingute tegemine\"},{\"@type\":\"BreadcrumbList\",\"@id\":\"https:\/\/mandalailu.ee\/henna-maalingute-tegemine\/#breadcrumb\",\"itemListElement\":[{\"@type\":\"ListItem\",\"position\":1,\"name\":\"Home\",\"item\":\"https:\/\/mandalailu.ee\/\"},{\"@type\":\"ListItem\",\"position\":2,\"name\":\"Henna maalingute tegemine\"}]},{\"@type\":\"WebSite\",\"@id\":\"https:\/\/mandalailu.ee\/#website\",\"url\":\"https:\/\/mandalailu.ee\/\",\"name\":\"Mandala ilu\",\"description\":\"Unikaalsed k&auml;sit&ouml;&ouml;na valminud ehted\",\"publisher\":{\"@id\":\"https:\/\/mandalailu.ee\/#organization\"},\"potentialAction\":[{\"@type\":\"SearchAction\",\"target\":{\"@type\":\"EntryPoint\",\"urlTemplate\":\"https:\/\/mandalailu.ee\/?s={search_term_string}\"},\"query-input\":{\"@type\":\"PropertyValueSpecification\",\"valueRequired\":true,\"valueName\":\"search_term_string\"}}],\"inLanguage\":\"en-US\"},{\"@type\":\"Organization\",\"@id\":\"https:\/\/mandalailu.ee\/#organization\",\"name\":\"Mandala ILU\",\"url\":\"https:\/\/mandalailu.ee\/\",\"logo\":{\"@type\":\"ImageObject\",\"inLanguage\":\"en-US\",\"@id\":\"https:\/\/mandalailu.ee\/#\/schema\/logo\/image\/\",\"url\":\"https:\/\/mandalailu.ee\/wp-content\/uploads\/2022\/04\/cropped-Mandala-ILU-lill_block.jpg\",\"contentUrl\":\"https:\/\/mandalailu.ee\/wp-content\/uploads\/2022\/04\/cropped-Mandala-ILU-lill_block.jpg\",\"width\":512,\"height\":512,\"caption\":\"Mandala ILU\"},\"image\":{\"@id\":\"https:\/\/mandalailu.ee\/#\/schema\/logo\/image\/\"},\"sameAs\":[\"https:\/\/www.facebook.com\/MandalaILU\",\"https:\/\/www.instagram.com\/mandala.ilu.mala.ehted\/\"]}]}<\/script>\n<!-- \/ Yoast SEO plugin. -->","yoast_head_json":{"title":"Henna maalingute tegemine - Mandala ILU","description":"Mandala ILU stuudios on Sul v\u00f5imalus oma kehale saada loodusliku hennaga tehtud maaling, mis kaunistab Su ihu kuni kaks n\u00e4dalat.","robots":{"index":"index","follow":"follow","max-snippet":"max-snippet:-1","max-image-preview":"max-image-preview:large","max-video-preview":"max-video-preview:-1"},"canonical":"https:\/\/mandalailu.ee\/en\/henna-maalingute-tegemine\/","og_locale":"en_US","og_type":"article","og_title":"Henna maalingute tegemine - Mandala ILU","og_description":"Mandala ILU stuudios on Sul v\u00f5imalus oma kehale saada loodusliku hennaga tehtud maaling, mis kaunistab Su ihu kuni kaks n\u00e4dalat.","og_url":"https:\/\/mandalailu.ee\/en\/henna-maalingute-tegemine\/","og_site_name":"Mandala ilu","article_publisher":"https:\/\/www.facebook.com\/MandalaILU","article_modified_time":"2024-02-20T10:53:23+00:00","og_image":[{"width":500,"height":500,"url":"https:\/\/mandalailu.ee\/wp-content\/uploads\/2024\/01\/henna-maalingute-tegemine.jpg","type":"image\/jpeg"}],"twitter_card":"summary_large_image","twitter_misc":{"Est. reading time":"2 minutes"},"schema":{"@context":"https:\/\/schema.org","@graph":[{"@type":"WebPage","@id":"https:\/\/mandalailu.ee\/henna-maalingute-tegemine\/","url":"https:\/\/mandalailu.ee\/henna-maalingute-tegemine\/","name":"Henna maalingute tegemine - Mandala ILU","isPartOf":{"@id":"https:\/\/mandalailu.ee\/#website"},"primaryImageOfPage":{"@id":"https:\/\/mandalailu.ee\/henna-maalingute-tegemine\/#primaryimage"},"image":{"@id":"https:\/\/mandalailu.ee\/henna-maalingute-tegemine\/#primaryimage"},"thumbnailUrl":"https:\/\/mandalailu.ee\/wp-content\/uploads\/2024\/01\/henna-maalingute-tegemine.jpg","datePublished":"2024-01-31T21:27:46+00:00","dateModified":"2024-02-20T10:53:23+00:00","description":"Mandala ILU stuudios on Sul v\u00f5imalus oma kehale saada loodusliku hennaga tehtud maaling, mis kaunistab Su ihu kuni kaks n\u00e4dalat.","breadcrumb":{"@id":"https:\/\/mandalailu.ee\/henna-maalingute-tegemine\/#breadcrumb"},"inLanguage":"en-US","potentialAction":[{"@type":"ReadAction","target":["https:\/\/mandalailu.ee\/henna-maalingute-tegemine\/"]}]},{"@type":"ImageObject","inLanguage":"en-US","@id":"https:\/\/mandalailu.ee\/henna-maalingute-tegemine\/#primaryimage","url":"https:\/\/mandalailu.ee\/wp-content\/uploads\/2024\/01\/henna-maalingute-tegemine.jpg","contentUrl":"https:\/\/mandalailu.ee\/wp-content\/uploads\/2024\/01\/henna-maalingute-tegemine.jpg","width":500,"height":500,"caption":"Henna maalingute tegemine"},{"@type":"BreadcrumbList","@id":"https:\/\/mandalailu.ee\/henna-maalingute-tegemine\/#breadcrumb","itemListElement":[{"@type":"ListItem","position":1,"name":"Home","item":"https:\/\/mandalailu.ee\/"},{"@type":"ListItem","position":2,"name":"Henna maalingute tegemine"}]},{"@type":"WebSite","@id":"https:\/\/mandalailu.ee\/#website","url":"https:\/\/mandalailu.ee\/","name":"Mandala ilu","description":"Unikaalsed k&auml;sit&ouml;&ouml;na valminud ehted","publisher":{"@id":"https:\/\/mandalailu.ee\/#organization"},"potentialAction":[{"@type":"SearchAction","target":{"@type":"EntryPoint","urlTemplate":"https:\/\/mandalailu.ee\/?s={search_term_string}"},"query-input":{"@type":"PropertyValueSpecification","valueRequired":true,"valueName":"search_term_string"}}],"inLanguage":"en-US"},{"@type":"Organization","@id":"https:\/\/mandalailu.ee\/#organization","name":"Mandala ILU","url":"https:\/\/mandalailu.ee\/","logo":{"@type":"ImageObject","inLanguage":"en-US","@id":"https:\/\/mandalailu.ee\/#\/schema\/logo\/image\/","url":"https:\/\/mandalailu.ee\/wp-content\/uploads\/2022\/04\/cropped-Mandala-ILU-lill_block.jpg","contentUrl":"https:\/\/mandalailu.ee\/wp-content\/uploads\/2022\/04\/cropped-Mandala-ILU-lill_block.jpg","width":512,"height":512,"caption":"Mandala ILU"},"image":{"@id":"https:\/\/mandalailu.ee\/#\/schema\/logo\/image\/"},"sameAs":["https:\/\/www.facebook.com\/MandalaILU","https:\/\/www.instagram.com\/mandala.ilu.mala.ehted\/"]}]}},"_links":{"self":[{"href":"https:\/\/mandalailu.ee\/en\/wp-json\/wp\/v2\/pages\/3304","targetHints":{"allow":["GET"]}}],"collection":[{"href":"https:\/\/mandalailu.ee\/en\/wp-json\/wp\/v2\/pages"}],"about":[{"href":"https:\/\/mandalailu.ee\/en\/wp-json\/wp\/v2\/types\/page"}],"author":[{"embeddable":true,"href":"https:\/\/mandalailu.ee\/en\/wp-json\/wp\/v2\/users\/1"}],"replies":[{"embeddable":true,"href":"https:\/\/mandalailu.ee\/en\/wp-json\/wp\/v2\/comments?post=3304"}],"version-history":[{"count":9,"href":"https:\/\/mandalailu.ee\/en\/wp-json\/wp\/v2\/pages\/3304\/revisions"}],"predecessor-version":[{"id":3343,"href":"https:\/\/mandalailu.ee\/en\/wp-json\/wp\/v2\/pages\/3304\/revisions\/3343"}],"wp:featuredmedia":[{"embeddable":true,"href":"https:\/\/mandalailu.ee\/en\/wp-json\/wp\/v2\/media\/3305"}],"wp:attachment":[{"href":"https:\/\/mandalailu.ee\/en\/wp-json\/wp\/v2\/media?parent=3304"}],"curies":[{"name":"wp","href":"https:\/\/api.w.org\/{rel}","templated":true}]}}