{"id":2012,"date":"2023-02-05T13:35:38","date_gmt":"2023-02-05T13:35:38","guid":{"rendered":"https:\/\/mandalailu.ee\/?post_type=product&#038;p=2012"},"modified":"2024-12-12T20:11:33","modified_gmt":"2024-12-12T20:11:33","slug":"kinkekaart-50e","status":"publish","type":"product","link":"https:\/\/mandalailu.ee\/en\/product\/kinkekaart-50e\/","title":{"rendered":"Kinkekaart 50\u20ac"},"content":{"rendered":"<h2 style=\"text-align: center;\"><strong>Kinkekaart 50\u20ac v\u00f5i 100\u20ac<\/strong><\/h2>\n<p style=\"text-align: center;\">Kujuta ette, et kingid oma kallimale midagi, mis tal r\u00f5\u00f5mupisarad palgele toob. See on r\u00f5\u00f5m, mis kristallkingituste tegemisega Sulle osaks saab. Maailmas, kus kingituste tegemine tundub stressi tekitav, v\u00f5ib personaalsete ning oluliste kingituste leidmine olla keeruline. Kinkekaardiga annad Sa oma kallimale v\u00f5imaluse leida ehteid, mis just teda k\u00f5netavad, s\u00f5ltumata maitsest ja v\u00e4rvi v\u00f5i kristalli eelistustest.<\/p>\n<p style=\"text-align: center;\">Mis on hea kinkekaardi summa?<\/p>\n<div style=\"text-align: center;\">\n<ul>\n<li style=\"text-align: center;\"><strong>50\u20ac<\/strong> kinkekaardi sisse mahub suur valik kristallist k\u00e4ev\u00f5rusid. Antud summa kannab enamus kulust valides \u00fclinaiselikud sulgedest k\u00f5rvar\u00f5ngad v\u00f5i unen\u00f5op\u00fc\u00fcdjad, mis on kui kaitsja magaja magamistoas. Need on personaalsed kingitusi, mis r\u00f5\u00f5mustavad igat naist.<\/li>\n<li style=\"text-align: center;\"><strong>100\u20ac<\/strong>\u00a0kinkekaart sobib naisele, kes hindab maagiat ning m\u00fcstilisi Mala ehteid, mis toetavad Tema unistusi ning viivad Tema s\u00fcdamesoovid hoopis teisele tasandile. Ta on seda k\u00f5ike v\u00e4\u00e4rt!<\/li>\n<\/ul>\n<p style=\"text-align: center;\">Niisiis, asume asja juurde \u2013 vali v\u00e4lja Sinu (\u00f5igemini Tema) jaoks vastav kinkekaardi summa ning valmistu nautima naeratust oma kallima n\u00e4ol, kui Ta oma erilise kingituse avab.<\/p>\n<p style=\"text-align: center;\"><strong>Sa oled parim!<\/strong><\/p>\n<\/div>","protected":false},"excerpt":{"rendered":"<blockquote><p>&#8220;50\u20ac kinkekaardi sisse mahub suur valik kristallist k\u00e4ev\u00f5rusid. Antud summa kannab enamus kulust valides \u00fclinaiselikud sulgedest k\u00f5rvar\u00f5ngad. Need on personaalsed kingitusi, mis r\u00f5\u00f5mustavad igat naist.&#8221;<\/p><\/blockquote>\n<ul>\n<li>Kinkekaart kehtib maksevahendina Mandala ILU e-poes.<\/li>\n<li>Kinkekaart kehtib 1 aasta alates kinkekaardi soetamisest.<\/li>\n<li>Kinkekaardile on kirjutatud unikaalne kood, mis tuleb ostu vormistamisel sisestada vastavasse koodikasti.<\/li>\n<li>Kinkekaardiga kehtivad k\u00f5ik e-poes olevad soodustused ja pakkumised.<\/li>\n<li>Kui ostusumma \u00fcletab kinkekaardi v\u00e4\u00e4rtuse, saab vahe tasuda rahas.<\/li>\n<li>Kui ostusumma j\u00e4\u00e4b alla kinkekaardi v\u00e4\u00e4rtuse, siis vahesummat ei h\u00fcvitata. Kaarti raha vastu ei vahetata.<\/li>\n<li>Kui ostusumma on v\u00e4iksem kui Kinkekaardil olev summa, v\u00f5etakse kinkekaardilt maha kliendi ostukorvis oleva toote summa ja \u00fclej\u00e4\u00e4nud osa on kasutatav maksevahendina j\u00e4rgmistel ostukordadel.<\/li>\n<li>Korraga saab kasutada \u00fchte kinkekaarti.<\/li>\n<li>Kinkekaart saadetakse TASUTA Sinu poolt valitud postipaki automaati just nagu k\u00f5ik teised tooted.<\/li>\n<\/ul>","protected":false},"featured_media":2020,"template":"","meta":{"_acf_changed":false},"product_brand":[],"product_cat":[76],"product_tag":[],"class_list":{"0":"post-2012","1":"product","2":"type-product","3":"status-publish","4":"has-post-thumbnail","6":"product_cat-kinkekaardid","8":"first","9":"instock","10":"virtual","11":"purchasable","12":"product-type-simple"},"acf":[],"yoast_head":"<!-- This site is optimized with the Yoast SEO plugin v26.3 - https:\/\/yoast.com\/wordpress\/plugins\/seo\/ -->\n<title>Kinkekaart 50\u20ac - Mandala ilu<\/title>\n<meta name=\"description\" content=\"Kinkekaardiga annad oma l\u00e4hedasele v\u00f5imaluse leida ehteid, mis just teda k\u00f5netavad. 50\u20ac kinkekaardi sisse mahub suur valik kristallist k\u00e4ev\u00f5rusid.\" \/>\n<meta name=\"robots\" content=\"index, follow, max-snippet:-1, max-image-preview:large, max-video-preview:-1\" \/>\n<link rel=\"canonical\" href=\"https:\/\/mandalailu.ee\/en\/product\/kinkekaart-50e\/\" \/>\n<meta property=\"og:locale\" content=\"en_US\" \/>\n<meta property=\"og:type\" content=\"article\" \/>\n<meta property=\"og:title\" content=\"Kinkekaart 50\u20ac - Mandala ilu\" \/>\n<meta property=\"og:description\" content=\"Kinkekaardiga annad oma l\u00e4hedasele v\u00f5imaluse leida ehteid, mis just teda k\u00f5netavad. 50\u20ac kinkekaardi sisse mahub suur valik kristallist k\u00e4ev\u00f5rusid.\" \/>\n<meta property=\"og:url\" content=\"https:\/\/mandalailu.ee\/en\/product\/kinkekaart-50e\/\" \/>\n<meta property=\"og:site_name\" content=\"Mandala ilu\" \/>\n<meta property=\"article:publisher\" content=\"https:\/\/www.facebook.com\/MandalaILU\" \/>\n<meta property=\"article:modified_time\" content=\"2024-12-12T20:11:33+00:00\" \/>\n<meta property=\"og:image\" content=\"https:\/\/mandalailu.ee\/wp-content\/uploads\/2023\/02\/Mandala-ILU-kinkekaart-50-EUR-750-\u00d7-750-px-1.png\" \/>\n\t<meta property=\"og:image:width\" content=\"750\" \/>\n\t<meta property=\"og:image:height\" content=\"750\" \/>\n\t<meta property=\"og:image:type\" content=\"image\/png\" \/>\n<meta name=\"twitter:card\" content=\"summary_large_image\" \/>\n<meta name=\"twitter:label1\" content=\"Est. reading time\" \/>\n\t<meta name=\"twitter:data1\" content=\"1 minute\" \/>\n<script type=\"application\/ld+json\" class=\"yoast-schema-graph\">{\"@context\":\"https:\/\/schema.org\",\"@graph\":[{\"@type\":\"WebPage\",\"@id\":\"https:\/\/mandalailu.ee\/toode\/kinkekaart-50e\/\",\"url\":\"https:\/\/mandalailu.ee\/toode\/kinkekaart-50e\/\",\"name\":\"Kinkekaart 50\u20ac - Mandala ilu\",\"isPartOf\":{\"@id\":\"https:\/\/mandalailu.ee\/#website\"},\"primaryImageOfPage\":{\"@id\":\"https:\/\/mandalailu.ee\/toode\/kinkekaart-50e\/#primaryimage\"},\"image\":{\"@id\":\"https:\/\/mandalailu.ee\/toode\/kinkekaart-50e\/#primaryimage\"},\"thumbnailUrl\":\"https:\/\/mandalailu.ee\/wp-content\/uploads\/2023\/02\/Mandala-ILU-kinkekaart-50-EUR-750-\u00d7-750-px-1.png\",\"datePublished\":\"2023-02-05T13:35:38+00:00\",\"dateModified\":\"2024-12-12T20:11:33+00:00\",\"description\":\"Kinkekaardiga annad oma l\u00e4hedasele v\u00f5imaluse leida ehteid, mis just teda k\u00f5netavad. 50\u20ac kinkekaardi sisse mahub suur valik kristallist k\u00e4ev\u00f5rusid.\",\"breadcrumb\":{\"@id\":\"https:\/\/mandalailu.ee\/toode\/kinkekaart-50e\/#breadcrumb\"},\"inLanguage\":\"en-US\",\"potentialAction\":[{\"@type\":\"ReadAction\",\"target\":[\"https:\/\/mandalailu.ee\/toode\/kinkekaart-50e\/\"]}]},{\"@type\":\"ImageObject\",\"inLanguage\":\"en-US\",\"@id\":\"https:\/\/mandalailu.ee\/toode\/kinkekaart-50e\/#primaryimage\",\"url\":\"https:\/\/mandalailu.ee\/wp-content\/uploads\/2023\/02\/Mandala-ILU-kinkekaart-50-EUR-750-\u00d7-750-px-1.png\",\"contentUrl\":\"https:\/\/mandalailu.ee\/wp-content\/uploads\/2023\/02\/Mandala-ILU-kinkekaart-50-EUR-750-\u00d7-750-px-1.png\",\"width\":750,\"height\":750,\"caption\":\"Mandala ILU kinkekaart 50 \u20ac\"},{\"@type\":\"BreadcrumbList\",\"@id\":\"https:\/\/mandalailu.ee\/toode\/kinkekaart-50e\/#breadcrumb\",\"itemListElement\":[{\"@type\":\"ListItem\",\"position\":1,\"name\":\"Home\",\"item\":\"https:\/\/mandalailu.ee\/\"},{\"@type\":\"ListItem\",\"position\":2,\"name\":\"Kinkekaart 50\u20ac\"}]},{\"@type\":\"WebSite\",\"@id\":\"https:\/\/mandalailu.ee\/#website\",\"url\":\"https:\/\/mandalailu.ee\/\",\"name\":\"Mandala ilu\",\"description\":\"Unikaalsed k&auml;sit&ouml;&ouml;na valminud ehted\",\"publisher\":{\"@id\":\"https:\/\/mandalailu.ee\/#organization\"},\"potentialAction\":[{\"@type\":\"SearchAction\",\"target\":{\"@type\":\"EntryPoint\",\"urlTemplate\":\"https:\/\/mandalailu.ee\/?s={search_term_string}\"},\"query-input\":{\"@type\":\"PropertyValueSpecification\",\"valueRequired\":true,\"valueName\":\"search_term_string\"}}],\"inLanguage\":\"en-US\"},{\"@type\":\"Organization\",\"@id\":\"https:\/\/mandalailu.ee\/#organization\",\"name\":\"Mandala ILU\",\"url\":\"https:\/\/mandalailu.ee\/\",\"logo\":{\"@type\":\"ImageObject\",\"inLanguage\":\"en-US\",\"@id\":\"https:\/\/mandalailu.ee\/#\/schema\/logo\/image\/\",\"url\":\"https:\/\/mandalailu.ee\/wp-content\/uploads\/2022\/04\/cropped-Mandala-ILU-lill_block.jpg\",\"contentUrl\":\"https:\/\/mandalailu.ee\/wp-content\/uploads\/2022\/04\/cropped-Mandala-ILU-lill_block.jpg\",\"width\":512,\"height\":512,\"caption\":\"Mandala ILU\"},\"image\":{\"@id\":\"https:\/\/mandalailu.ee\/#\/schema\/logo\/image\/\"},\"sameAs\":[\"https:\/\/www.facebook.com\/MandalaILU\",\"https:\/\/www.instagram.com\/mandala.ilu.mala.ehted\/\"]}]}<\/script>\n<!-- \/ Yoast SEO plugin. -->","yoast_head_json":{"title":"Kinkekaart 50\u20ac - Mandala ilu","description":"Kinkekaardiga annad oma l\u00e4hedasele v\u00f5imaluse leida ehteid, mis just teda k\u00f5netavad. 50\u20ac kinkekaardi sisse mahub suur valik kristallist k\u00e4ev\u00f5rusid.","robots":{"index":"index","follow":"follow","max-snippet":"max-snippet:-1","max-image-preview":"max-image-preview:large","max-video-preview":"max-video-preview:-1"},"canonical":"https:\/\/mandalailu.ee\/en\/product\/kinkekaart-50e\/","og_locale":"en_US","og_type":"article","og_title":"Kinkekaart 50\u20ac - Mandala ilu","og_description":"Kinkekaardiga annad oma l\u00e4hedasele v\u00f5imaluse leida ehteid, mis just teda k\u00f5netavad. 50\u20ac kinkekaardi sisse mahub suur valik kristallist k\u00e4ev\u00f5rusid.","og_url":"https:\/\/mandalailu.ee\/en\/product\/kinkekaart-50e\/","og_site_name":"Mandala ilu","article_publisher":"https:\/\/www.facebook.com\/MandalaILU","article_modified_time":"2024-12-12T20:11:33+00:00","og_image":[{"width":750,"height":750,"url":"https:\/\/mandalailu.ee\/wp-content\/uploads\/2023\/02\/Mandala-ILU-kinkekaart-50-EUR-750-\u00d7-750-px-1.png","type":"image\/png"}],"twitter_card":"summary_large_image","twitter_misc":{"Est. reading time":"1 minute"},"schema":{"@context":"https:\/\/schema.org","@graph":[{"@type":"WebPage","@id":"https:\/\/mandalailu.ee\/toode\/kinkekaart-50e\/","url":"https:\/\/mandalailu.ee\/toode\/kinkekaart-50e\/","name":"Kinkekaart 50\u20ac - Mandala ilu","isPartOf":{"@id":"https:\/\/mandalailu.ee\/#website"},"primaryImageOfPage":{"@id":"https:\/\/mandalailu.ee\/toode\/kinkekaart-50e\/#primaryimage"},"image":{"@id":"https:\/\/mandalailu.ee\/toode\/kinkekaart-50e\/#primaryimage"},"thumbnailUrl":"https:\/\/mandalailu.ee\/wp-content\/uploads\/2023\/02\/Mandala-ILU-kinkekaart-50-EUR-750-\u00d7-750-px-1.png","datePublished":"2023-02-05T13:35:38+00:00","dateModified":"2024-12-12T20:11:33+00:00","description":"Kinkekaardiga annad oma l\u00e4hedasele v\u00f5imaluse leida ehteid, mis just teda k\u00f5netavad. 50\u20ac kinkekaardi sisse mahub suur valik kristallist k\u00e4ev\u00f5rusid.","breadcrumb":{"@id":"https:\/\/mandalailu.ee\/toode\/kinkekaart-50e\/#breadcrumb"},"inLanguage":"en-US","potentialAction":[{"@type":"ReadAction","target":["https:\/\/mandalailu.ee\/toode\/kinkekaart-50e\/"]}]},{"@type":"ImageObject","inLanguage":"en-US","@id":"https:\/\/mandalailu.ee\/toode\/kinkekaart-50e\/#primaryimage","url":"https:\/\/mandalailu.ee\/wp-content\/uploads\/2023\/02\/Mandala-ILU-kinkekaart-50-EUR-750-\u00d7-750-px-1.png","contentUrl":"https:\/\/mandalailu.ee\/wp-content\/uploads\/2023\/02\/Mandala-ILU-kinkekaart-50-EUR-750-\u00d7-750-px-1.png","width":750,"height":750,"caption":"Mandala ILU kinkekaart 50 \u20ac"},{"@type":"BreadcrumbList","@id":"https:\/\/mandalailu.ee\/toode\/kinkekaart-50e\/#breadcrumb","itemListElement":[{"@type":"ListItem","position":1,"name":"Home","item":"https:\/\/mandalailu.ee\/"},{"@type":"ListItem","position":2,"name":"Kinkekaart 50\u20ac"}]},{"@type":"WebSite","@id":"https:\/\/mandalailu.ee\/#website","url":"https:\/\/mandalailu.ee\/","name":"Mandala ilu","description":"Unikaalsed k&auml;sit&ouml;&ouml;na valminud ehted","publisher":{"@id":"https:\/\/mandalailu.ee\/#organization"},"potentialAction":[{"@type":"SearchAction","target":{"@type":"EntryPoint","urlTemplate":"https:\/\/mandalailu.ee\/?s={search_term_string}"},"query-input":{"@type":"PropertyValueSpecification","valueRequired":true,"valueName":"search_term_string"}}],"inLanguage":"en-US"},{"@type":"Organization","@id":"https:\/\/mandalailu.ee\/#organization","name":"Mandala ILU","url":"https:\/\/mandalailu.ee\/","logo":{"@type":"ImageObject","inLanguage":"en-US","@id":"https:\/\/mandalailu.ee\/#\/schema\/logo\/image\/","url":"https:\/\/mandalailu.ee\/wp-content\/uploads\/2022\/04\/cropped-Mandala-ILU-lill_block.jpg","contentUrl":"https:\/\/mandalailu.ee\/wp-content\/uploads\/2022\/04\/cropped-Mandala-ILU-lill_block.jpg","width":512,"height":512,"caption":"Mandala ILU"},"image":{"@id":"https:\/\/mandalailu.ee\/#\/schema\/logo\/image\/"},"sameAs":["https:\/\/www.facebook.com\/MandalaILU","https:\/\/www.instagram.com\/mandala.ilu.mala.ehted\/"]}]}},"_links":{"self":[{"href":"https:\/\/mandalailu.ee\/en\/wp-json\/wp\/v2\/product\/2012","targetHints":{"allow":["GET"]}}],"collection":[{"href":"https:\/\/mandalailu.ee\/en\/wp-json\/wp\/v2\/product"}],"about":[{"href":"https:\/\/mandalailu.ee\/en\/wp-json\/wp\/v2\/types\/product"}],"wp:featuredmedia":[{"embeddable":true,"href":"https:\/\/mandalailu.ee\/en\/wp-json\/wp\/v2\/media\/2020"}],"wp:attachment":[{"href":"https:\/\/mandalailu.ee\/en\/wp-json\/wp\/v2\/media?parent=2012"}],"wp:term":[{"taxonomy":"product_brand","embeddable":true,"href":"https:\/\/mandalailu.ee\/en\/wp-json\/wp\/v2\/product_brand?post=2012"},{"taxonomy":"product_cat","embeddable":true,"href":"https:\/\/mandalailu.ee\/en\/wp-json\/wp\/v2\/product_cat?post=2012"},{"taxonomy":"product_tag","embeddable":true,"href":"https:\/\/mandalailu.ee\/en\/wp-json\/wp\/v2\/product_tag?post=2012"}],"curies":[{"name":"wp","href":"https:\/\/api.w.org\/{rel}","templated":true}]}}