{"id":220,"date":"2022-04-25T09:59:20","date_gmt":"2022-04-25T09:59:20","guid":{"rendered":"https:\/\/mandalailu.ee\/?post_type=product&#038;p=220"},"modified":"2025-11-19T14:12:16","modified_gmt":"2025-11-19T14:12:16","slug":"mala-palvehelmed-5","status":"publish","type":"product","link":"https:\/\/mandalailu.ee\/en\/product\/mala-palvehelmed-5\/","title":{"rendered":"T\u00f5eallika Mala-palvehelmed"},"content":{"rendered":"<h2 style=\"text-align: center; padding-left: 40px;\">T\u00f5eallika Mala-palvehelmed:<\/h2>\n<h3><strong>M\u00c4EKRISTALL on selguse ja valguse kandja<\/strong><\/h3>\n<p>M\u00e4ekristall on kui valguse allikas, mis hajutab sisemised udud ja aitab Sul n\u00e4ha elu kirkamalt. See kristall selgendab m\u00f5tteid ja aitab Sul kuulda iseenda t\u00f5elist h\u00e4\u00e4lt. Ta toetab meditatsiooni, vaimset \u00e4rksust ja k\u00f5rgema juhatuse vastuv\u00f5tmist. Kui tunned, et oled hajevil v\u00f5i kaotanud sisemise suuna, too ta enda ligi. M\u00e4ekristall aitab Sul keskenduda, puhastab meelt ja loob rahu. Ta v\u00f5imendab teiste kristallide energiat ning tasakaalustab kogu Sinu olemust. Sobib ideaalselt uute alguste, muutuste ja sisemiste taipamiste toetajaks. M\u00e4ekristalli energia on kerge, kuid v\u00f5imas, mis avab tee vaimsele selgusele. See on kristall, mis aitab Sul n\u00e4ha l\u00e4bi illusioonide ja leida oma t\u00f5de. Kui soovid luua \u00fchendust oma K\u00f5rgema Minaga, on ta Sinu truu kaaslane. Teda peetakse ka &#8220;Meistrikristalliks&#8221;, sest ta on niiv\u00f5rd universaalne tervendaja. Ta aitab Sul selgemini tunnetada, mis on p\u00e4riselt oluline. M\u00e4ekristall t\u00f6\u00f6tab k\u00f5ige enam <a href=\"https:\/\/mandalailu.ee\/en\/blogi\/tsakrad\/\"><strong>Kroont\u0161akra<\/strong><\/a> tasandil, \u00fchendades Sind vaimse tarkuse ja sisemise rahuga. Ta aitab tuua valguse igasse Sinu elu nurka, ka nendesse, mida oled ehk v\u00e4ltinud. M\u00e4ekristall ei muuda Sind vaid aitab Sul tulla tagasi iseenda juurde.<\/p>\n<h3><strong>ROOSA KVARTS on armastuse ja s\u00fcdamerahu kristall<\/strong><\/h3>\n<p>Roosa Kvarts on s\u00fcdame sosin, mis tuletab meelde: Sa oled armastus. Ta toob helluse sinna, kus on olnud valu, ja leevenduse sinna, kus on olnud kaotus. See kristall aitab Sul tunda end hoituna ka siis, kui maailm tundub k\u00f5le. Kui igatsed rohkem pehmust ja enesearmastust, on Roosa Kvarts just Sulle. Ta julgustab avama s\u00fcdant, usaldama uuesti ja laskma armastusel voolata. Roosa Kvarts tervendab vanu s\u00fcdamehaavu ja loob ruumi uuele. See on kristall, mis toetab Sind igas s\u00fcdamega seotud teekonnas, olgu see enese v\u00f5i teise armastamine. Ta vaigistab \u00e4revust ja rahustab sisemist rahutust. Roosa Kvarts loob turvatunde ja soodustab s\u00fcgavat emotsionaalset tasakaalu. Ta toob Sinu ellu harmooniat, m\u00f5istmist ja kaastunnet\u00a0 ka iseenda suhtes. Ta t\u00f6\u00f6tab k\u00f5ige tugevamalt <a href=\"https:\/\/mandalailu.ee\/en\/blogi\/sudametsakra\/\"><strong>S\u00fcdamet\u0161akra<\/strong><\/a> tasandil, avades tee t\u00f5elisele \u00fchendusele. Kui Sul on raske andestada (endale v\u00f5i teistele), siis Roosa Kvarts aitab Sul seda teha. Tema energia on nagu pehme kallistus, mis toetab Sind igal sammul. Roosa Kvarts tuletab meelde, et Su s\u00fcda ei pea olema k\u00f5va, et olla tugev. Ta ei n\u00f5ua midagi vaid lihtsalt armastab.<\/p>\n<h3><strong>HEMATIIT (v\u00e4rvitud kuldseks) on maanduse ja sisemise tugevuse allikas<\/strong><\/h3>\n<p>Hematiit on tugev maandaja, mis aitab Sul j\u00e4\u00e4da keskmesse ka keerulistes olukordades. Ta kaitseb negatiivsete energiate eest ja tugevdab Sinu sisemist struktuuri. Hematiit suurendab keskendumisv\u00f5imet, loogilist m\u00f5tlemist ja enesekindlust. Tema tugev ja rahulik energia aitab maandada \u00fclem\u00e4\u00e4rast stressi ja m\u00f5ttem\u00fcra. <a href=\"https:\/\/mandalailu.ee\/en\/blogi\/tsakrad\/\"><strong>T\u0161akrat\u00f6\u00f6s<\/strong><\/a> toetab ta <a href=\"https:\/\/mandalailu.ee\/en\/blogi\/juurtsakra\/\"><strong>Juurt\u0161akra<\/strong><\/a>t, luues tugeva aluse ja sisemise tasakaalu. Ta aitab Sul olla rohkem kohal, kehas ja teadlik. Samuti tugevdab Hematiit f\u00fc\u00fcsilist vastupidavust ja taastumist. Ta on praktiline kivi neile, kes soovivad ellu struktuuri ja rahu. Hematiit aitab Sind, kui vajad tuge, et tegutseda sihikindlalt ja tasakaalukalt. Kui soovid rohkem tugevust, kaitset ja maandust, vali Hematiit.<\/p>\n<p>&nbsp;<\/p>\n<h4><strong>Kui antud Mala-palvehelmed Sind k\u00f5netavad, on nende s\u00f5num m\u00f5eldud just Sulle. See on Sinu Mala. Tunne ta \u00e4ra. L\u00e4bi oma s\u00fcdame.<\/strong><\/h4>\n<p>Oma ehteid luues on mul kindel teadmine, et igal valmival ehtel on tegelikult juba loomise ajal omanik olemas. Ta lihtsalt ei tea veel, et tema soovide ja taotlustega ehe on just sel hetkel kuskil end loomas. See on kanaldus. See on usaldus. See on energia. Mina k\u00fcsin universumilt juhiseid ja tema saadab need. Mispeale loon Sinu ehte siia ellu just Sulle vajalike kristallide ja taotlustega. Nii lihtne see ongi. Sinu \u00fclesanne on vaid oma ehe \u00e4ra tunda. L\u00e4bi oma s\u00fcdame.<\/p>\n<p>\u2022 K\u00f5ik Minu ehted on 100% k\u00e4sit\u00f6\u00f6 ning ainueksemplarid, loodud puhtast armastusest ning loomisj\u00f5ust, l\u00e4bi kanalduse, Tema kandjale.<br \/>\n\u2022 Minu ehted kannavad endas naiselikku ilu, poolv\u00e4\u00e4riskivide toetust ning p\u00fchitsetud v\u00e4ge.<br \/>\n\u2022 Enne uude koju j\u00f5udmist on ehe energeetiliselt puhastatud ja laetud.<\/p>\n<div class=\"woocommerce-tabs\">\n<div>\n<div>T\u00f5eallika Mala-palvehelmed looja: K\u00e4rt Lumiste<\/div>\n<\/div>\n<div><b>Ole hoitud, l\u00e4bi armastuse<\/b><\/div>\n<\/div>","protected":false},"excerpt":{"rendered":"<blockquote><p>&#8220;Selle Mala toel n\u00e4en maailma selgemalt ja kuulen oma s\u00fcdames s\u00fcndivat t\u00f5de&#8221;<\/p><\/blockquote>\n<p>T\u00f5eallika Mala-palvehelmed pole niisama kaunis kaelakee. Tegemist on vaimse v\u00e4eehtega, mille igasse s\u00f5lme on sisse punutud s\u00f5num. See s\u00f5num on seotud Sinuga, Sinu s\u00fcdame ja hingega, et toetada Sind just n\u00fc\u00fcd ja praegu, asjades, milles toetust vajad. Need on Sinu salasoovid.<\/p>\n<p>MALA-palvehelmed on loodud 108 kristalli helmest. Antud Malasse on end s\u00f5lminud:<\/p>\n<ul>\n<li>Selguse, puhastumise ja vaimse keskendumise kristall <strong>M\u00c4EKRISTALL<\/strong><\/li>\n<li>S\u00fcdamete avaja, armastuse ja helluse kristall <strong>ROOSA KVARTS<\/strong><\/li>\n<li>Maanduse, stabiilsuse ja sisemine j\u00f5u kristall <strong>HEMATIIT (v\u00e4rvitud)<\/strong><\/li>\n<\/ul>\n<p>Need kristallid loovad koos valguse ja selguse ruumi, kus s\u00fcda saab end julgelt avada ja meel rahuneda.<\/p>\n<ul>\n<li>Mala on <strong>ainueksemplar<\/strong> ja unikaalne ehe Sinu kaelas. Mala autoriks on K\u00e4rt Lumiste, kellele kingiti <strong>Mala punumise p\u00fchitsuse<\/strong> Indias, Haidakhanis, Babaji Ashramis.<\/li>\n<li>MALA j\u00f5uab Sinuni imeilusas kinkekarbis<\/li>\n<li>Eesti sisene\u00a0<strong>transport<\/strong>\u00a0pakiautomaati on ALATI minu kulul<\/li>\n<li><strong>Vali kohe, maksa hiljem v\u00f5imalus<\/strong>. Rohkem infot\u00a0<a href=\"https:\/\/mandalailu.ee\/en\/uld-ja-muugitingimused\/#jarelmaksu-voimalus\"><strong>SIIT<\/strong><\/a><\/li>\n<li>Loe BLOGI postitust: <a href=\"https:\/\/mandalailu.ee\/en\/blogi\/mis-on-mala\/\"><strong>\u201cMis on Mala?\u201d<\/strong><\/a><\/li>\n<\/ul>\n<div>Kui antud v\u00e4eehe Sind k\u00f5netab, on selle s\u00f5num m\u00f5eldud just Sulle. See on Sinu Mala. <strong>Tunne ta \u00e4ra. L\u00e4bi oma s\u00fcdame<\/strong>.<\/div>","protected":false},"featured_media":4884,"template":"","meta":{"_acf_changed":false},"product_brand":[],"product_cat":[16],"product_tag":[37,43,40],"class_list":{"0":"post-220","1":"product","2":"type-product","3":"status-publish","4":"has-post-thumbnail","6":"product_cat-mala-palvehelmed","7":"product_tag-juurtsakra","8":"product_tag-kroontsakra","9":"product_tag-sudametsakra","11":"first","12":"instock","13":"shipping-taxable","14":"purchasable","15":"product-type-simple"},"acf":[],"yoast_head":"<!-- This site is optimized with the Yoast SEO plugin v26.3 - https:\/\/yoast.com\/wordpress\/plugins\/seo\/ -->\n<title>T\u00f5eallika Mala-palvehelmed - Mandala ilu<\/title>\n<meta name=\"description\" content=\"T\u00f5eallika Mala-palvehelmed selguse, s\u00fcdameh\u00e4\u00e4le ja vaimse tasakaalu toetuseks. M\u00e4ekristall, Roosa Kvarts ja Hematiit. Mandala ILU k\u00e4sit\u00f6\u00f6.\" \/>\n<meta name=\"robots\" content=\"index, follow, max-snippet:-1, max-image-preview:large, max-video-preview:-1\" \/>\n<link rel=\"canonical\" href=\"https:\/\/mandalailu.ee\/en\/product\/mala-palvehelmed-5\/\" \/>\n<meta property=\"og:locale\" content=\"en_US\" \/>\n<meta property=\"og:type\" content=\"article\" \/>\n<meta property=\"og:title\" content=\"T\u00f5eallika Mala-palvehelmed - Mandala ilu\" \/>\n<meta property=\"og:description\" content=\"T\u00f5eallika Mala-palvehelmed selguse, s\u00fcdameh\u00e4\u00e4le ja vaimse tasakaalu toetuseks. M\u00e4ekristall, Roosa Kvarts ja Hematiit. Mandala ILU k\u00e4sit\u00f6\u00f6.\" \/>\n<meta property=\"og:url\" content=\"https:\/\/mandalailu.ee\/en\/product\/mala-palvehelmed-5\/\" \/>\n<meta property=\"og:site_name\" content=\"Mandala ilu\" \/>\n<meta property=\"article:publisher\" content=\"https:\/\/www.facebook.com\/MandalaILU\" \/>\n<meta property=\"article:modified_time\" content=\"2025-11-19T14:12:16+00:00\" \/>\n<meta property=\"og:image\" content=\"https:\/\/mandalailu.ee\/wp-content\/uploads\/2025\/07\/717-Mandala-ILU-vaeehted-Maekristall-Hematiit-Roosa-Kvarts-1.jpg\" \/>\n\t<meta property=\"og:image:width\" content=\"750\" \/>\n\t<meta property=\"og:image:height\" content=\"750\" \/>\n\t<meta property=\"og:image:type\" content=\"image\/jpeg\" \/>\n<meta name=\"twitter:card\" content=\"summary_large_image\" \/>\n<meta name=\"twitter:label1\" content=\"Est. reading time\" \/>\n\t<meta name=\"twitter:data1\" content=\"1 minute\" \/>\n<script type=\"application\/ld+json\" class=\"yoast-schema-graph\">{\"@context\":\"https:\/\/schema.org\",\"@graph\":[{\"@type\":\"WebPage\",\"@id\":\"https:\/\/mandalailu.ee\/toode\/mala-palvehelmed-5\/\",\"url\":\"https:\/\/mandalailu.ee\/toode\/mala-palvehelmed-5\/\",\"name\":\"T\u00f5eallika Mala-palvehelmed - Mandala ilu\",\"isPartOf\":{\"@id\":\"https:\/\/mandalailu.ee\/#website\"},\"primaryImageOfPage\":{\"@id\":\"https:\/\/mandalailu.ee\/toode\/mala-palvehelmed-5\/#primaryimage\"},\"image\":{\"@id\":\"https:\/\/mandalailu.ee\/toode\/mala-palvehelmed-5\/#primaryimage\"},\"thumbnailUrl\":\"https:\/\/mandalailu.ee\/wp-content\/uploads\/2025\/07\/717-Mandala-ILU-vaeehted-Maekristall-Hematiit-Roosa-Kvarts-1.jpg\",\"datePublished\":\"2022-04-25T09:59:20+00:00\",\"dateModified\":\"2025-11-19T14:12:16+00:00\",\"description\":\"T\u00f5eallika Mala-palvehelmed selguse, s\u00fcdameh\u00e4\u00e4le ja vaimse tasakaalu toetuseks. M\u00e4ekristall, Roosa Kvarts ja Hematiit. Mandala ILU k\u00e4sit\u00f6\u00f6.\",\"breadcrumb\":{\"@id\":\"https:\/\/mandalailu.ee\/toode\/mala-palvehelmed-5\/#breadcrumb\"},\"inLanguage\":\"en-US\",\"potentialAction\":[{\"@type\":\"ReadAction\",\"target\":[\"https:\/\/mandalailu.ee\/toode\/mala-palvehelmed-5\/\"]}]},{\"@type\":\"ImageObject\",\"inLanguage\":\"en-US\",\"@id\":\"https:\/\/mandalailu.ee\/toode\/mala-palvehelmed-5\/#primaryimage\",\"url\":\"https:\/\/mandalailu.ee\/wp-content\/uploads\/2025\/07\/717-Mandala-ILU-vaeehted-Maekristall-Hematiit-Roosa-Kvarts-1.jpg\",\"contentUrl\":\"https:\/\/mandalailu.ee\/wp-content\/uploads\/2025\/07\/717-Mandala-ILU-vaeehted-Maekristall-Hematiit-Roosa-Kvarts-1.jpg\",\"width\":750,\"height\":750,\"caption\":\"\u2728 T\u00f5eallika Mala-palvehelmed on k\u00e4sit\u00f6\u00f6na valminud kristallehe, milles kohtuvad M\u00e4ekristalli selgus, Roosa Kvartsi s\u00fcdametarkus ja Hematiidi maandus. Mandala ILU v\u00e4eehtekunst Sinu hingeteel. \u2728\"},{\"@type\":\"BreadcrumbList\",\"@id\":\"https:\/\/mandalailu.ee\/toode\/mala-palvehelmed-5\/#breadcrumb\",\"itemListElement\":[{\"@type\":\"ListItem\",\"position\":1,\"name\":\"Home\",\"item\":\"https:\/\/mandalailu.ee\/\"},{\"@type\":\"ListItem\",\"position\":2,\"name\":\"T\u00f5eallika Mala-palvehelmed\"}]},{\"@type\":\"WebSite\",\"@id\":\"https:\/\/mandalailu.ee\/#website\",\"url\":\"https:\/\/mandalailu.ee\/\",\"name\":\"Mandala ilu\",\"description\":\"Unikaalsed k&auml;sit&ouml;&ouml;na valminud ehted\",\"publisher\":{\"@id\":\"https:\/\/mandalailu.ee\/#organization\"},\"potentialAction\":[{\"@type\":\"SearchAction\",\"target\":{\"@type\":\"EntryPoint\",\"urlTemplate\":\"https:\/\/mandalailu.ee\/?s={search_term_string}\"},\"query-input\":{\"@type\":\"PropertyValueSpecification\",\"valueRequired\":true,\"valueName\":\"search_term_string\"}}],\"inLanguage\":\"en-US\"},{\"@type\":\"Organization\",\"@id\":\"https:\/\/mandalailu.ee\/#organization\",\"name\":\"Mandala ILU\",\"url\":\"https:\/\/mandalailu.ee\/\",\"logo\":{\"@type\":\"ImageObject\",\"inLanguage\":\"en-US\",\"@id\":\"https:\/\/mandalailu.ee\/#\/schema\/logo\/image\/\",\"url\":\"https:\/\/mandalailu.ee\/wp-content\/uploads\/2022\/04\/cropped-Mandala-ILU-lill_block.jpg\",\"contentUrl\":\"https:\/\/mandalailu.ee\/wp-content\/uploads\/2022\/04\/cropped-Mandala-ILU-lill_block.jpg\",\"width\":512,\"height\":512,\"caption\":\"Mandala ILU\"},\"image\":{\"@id\":\"https:\/\/mandalailu.ee\/#\/schema\/logo\/image\/\"},\"sameAs\":[\"https:\/\/www.facebook.com\/MandalaILU\",\"https:\/\/www.instagram.com\/mandala.ilu.mala.ehted\/\"]}]}<\/script>\n<!-- \/ Yoast SEO plugin. -->","yoast_head_json":{"title":"T\u00f5eallika Mala-palvehelmed - Mandala ilu","description":"T\u00f5eallika Mala-palvehelmed selguse, s\u00fcdameh\u00e4\u00e4le ja vaimse tasakaalu toetuseks. M\u00e4ekristall, Roosa Kvarts ja Hematiit. Mandala ILU k\u00e4sit\u00f6\u00f6.","robots":{"index":"index","follow":"follow","max-snippet":"max-snippet:-1","max-image-preview":"max-image-preview:large","max-video-preview":"max-video-preview:-1"},"canonical":"https:\/\/mandalailu.ee\/en\/product\/mala-palvehelmed-5\/","og_locale":"en_US","og_type":"article","og_title":"T\u00f5eallika Mala-palvehelmed - Mandala ilu","og_description":"T\u00f5eallika Mala-palvehelmed selguse, s\u00fcdameh\u00e4\u00e4le ja vaimse tasakaalu toetuseks. M\u00e4ekristall, Roosa Kvarts ja Hematiit. Mandala ILU k\u00e4sit\u00f6\u00f6.","og_url":"https:\/\/mandalailu.ee\/en\/product\/mala-palvehelmed-5\/","og_site_name":"Mandala ilu","article_publisher":"https:\/\/www.facebook.com\/MandalaILU","article_modified_time":"2025-11-19T14:12:16+00:00","og_image":[{"width":750,"height":750,"url":"https:\/\/mandalailu.ee\/wp-content\/uploads\/2025\/07\/717-Mandala-ILU-vaeehted-Maekristall-Hematiit-Roosa-Kvarts-1.jpg","type":"image\/jpeg"}],"twitter_card":"summary_large_image","twitter_misc":{"Est. reading time":"1 minute"},"schema":{"@context":"https:\/\/schema.org","@graph":[{"@type":"WebPage","@id":"https:\/\/mandalailu.ee\/toode\/mala-palvehelmed-5\/","url":"https:\/\/mandalailu.ee\/toode\/mala-palvehelmed-5\/","name":"T\u00f5eallika Mala-palvehelmed - Mandala ilu","isPartOf":{"@id":"https:\/\/mandalailu.ee\/#website"},"primaryImageOfPage":{"@id":"https:\/\/mandalailu.ee\/toode\/mala-palvehelmed-5\/#primaryimage"},"image":{"@id":"https:\/\/mandalailu.ee\/toode\/mala-palvehelmed-5\/#primaryimage"},"thumbnailUrl":"https:\/\/mandalailu.ee\/wp-content\/uploads\/2025\/07\/717-Mandala-ILU-vaeehted-Maekristall-Hematiit-Roosa-Kvarts-1.jpg","datePublished":"2022-04-25T09:59:20+00:00","dateModified":"2025-11-19T14:12:16+00:00","description":"T\u00f5eallika Mala-palvehelmed selguse, s\u00fcdameh\u00e4\u00e4le ja vaimse tasakaalu toetuseks. M\u00e4ekristall, Roosa Kvarts ja Hematiit. Mandala ILU k\u00e4sit\u00f6\u00f6.","breadcrumb":{"@id":"https:\/\/mandalailu.ee\/toode\/mala-palvehelmed-5\/#breadcrumb"},"inLanguage":"en-US","potentialAction":[{"@type":"ReadAction","target":["https:\/\/mandalailu.ee\/toode\/mala-palvehelmed-5\/"]}]},{"@type":"ImageObject","inLanguage":"en-US","@id":"https:\/\/mandalailu.ee\/toode\/mala-palvehelmed-5\/#primaryimage","url":"https:\/\/mandalailu.ee\/wp-content\/uploads\/2025\/07\/717-Mandala-ILU-vaeehted-Maekristall-Hematiit-Roosa-Kvarts-1.jpg","contentUrl":"https:\/\/mandalailu.ee\/wp-content\/uploads\/2025\/07\/717-Mandala-ILU-vaeehted-Maekristall-Hematiit-Roosa-Kvarts-1.jpg","width":750,"height":750,"caption":"\u2728 T\u00f5eallika Mala-palvehelmed on k\u00e4sit\u00f6\u00f6na valminud kristallehe, milles kohtuvad M\u00e4ekristalli selgus, Roosa Kvartsi s\u00fcdametarkus ja Hematiidi maandus. Mandala ILU v\u00e4eehtekunst Sinu hingeteel. \u2728"},{"@type":"BreadcrumbList","@id":"https:\/\/mandalailu.ee\/toode\/mala-palvehelmed-5\/#breadcrumb","itemListElement":[{"@type":"ListItem","position":1,"name":"Home","item":"https:\/\/mandalailu.ee\/"},{"@type":"ListItem","position":2,"name":"T\u00f5eallika Mala-palvehelmed"}]},{"@type":"WebSite","@id":"https:\/\/mandalailu.ee\/#website","url":"https:\/\/mandalailu.ee\/","name":"Mandala ilu","description":"Unikaalsed k&auml;sit&ouml;&ouml;na valminud ehted","publisher":{"@id":"https:\/\/mandalailu.ee\/#organization"},"potentialAction":[{"@type":"SearchAction","target":{"@type":"EntryPoint","urlTemplate":"https:\/\/mandalailu.ee\/?s={search_term_string}"},"query-input":{"@type":"PropertyValueSpecification","valueRequired":true,"valueName":"search_term_string"}}],"inLanguage":"en-US"},{"@type":"Organization","@id":"https:\/\/mandalailu.ee\/#organization","name":"Mandala ILU","url":"https:\/\/mandalailu.ee\/","logo":{"@type":"ImageObject","inLanguage":"en-US","@id":"https:\/\/mandalailu.ee\/#\/schema\/logo\/image\/","url":"https:\/\/mandalailu.ee\/wp-content\/uploads\/2022\/04\/cropped-Mandala-ILU-lill_block.jpg","contentUrl":"https:\/\/mandalailu.ee\/wp-content\/uploads\/2022\/04\/cropped-Mandala-ILU-lill_block.jpg","width":512,"height":512,"caption":"Mandala ILU"},"image":{"@id":"https:\/\/mandalailu.ee\/#\/schema\/logo\/image\/"},"sameAs":["https:\/\/www.facebook.com\/MandalaILU","https:\/\/www.instagram.com\/mandala.ilu.mala.ehted\/"]}]}},"_links":{"self":[{"href":"https:\/\/mandalailu.ee\/en\/wp-json\/wp\/v2\/product\/220","targetHints":{"allow":["GET"]}}],"collection":[{"href":"https:\/\/mandalailu.ee\/en\/wp-json\/wp\/v2\/product"}],"about":[{"href":"https:\/\/mandalailu.ee\/en\/wp-json\/wp\/v2\/types\/product"}],"wp:featuredmedia":[{"embeddable":true,"href":"https:\/\/mandalailu.ee\/en\/wp-json\/wp\/v2\/media\/4884"}],"wp:attachment":[{"href":"https:\/\/mandalailu.ee\/en\/wp-json\/wp\/v2\/media?parent=220"}],"wp:term":[{"taxonomy":"product_brand","embeddable":true,"href":"https:\/\/mandalailu.ee\/en\/wp-json\/wp\/v2\/product_brand?post=220"},{"taxonomy":"product_cat","embeddable":true,"href":"https:\/\/mandalailu.ee\/en\/wp-json\/wp\/v2\/product_cat?post=220"},{"taxonomy":"product_tag","embeddable":true,"href":"https:\/\/mandalailu.ee\/en\/wp-json\/wp\/v2\/product_tag?post=220"}],"curies":[{"name":"wp","href":"https:\/\/api.w.org\/{rel}","templated":true}]}}