{"id":230,"date":"2022-04-25T10:29:47","date_gmt":"2022-04-25T10:29:47","guid":{"rendered":"https:\/\/mandalailu.ee\/?post_type=product&#038;p=230"},"modified":"2025-06-03T19:32:47","modified_gmt":"2025-06-03T19:32:47","slug":"mala-palvehelmed-6","status":"publish","type":"product","link":"https:\/\/mandalailu.ee\/en\/product\/mala-palvehelmed-6\/","title":{"rendered":"Kaitse V\u00e4ega MALA-palvehelmed"},"content":{"rendered":"<h2 style=\"padding-left: 40px; text-align: center;\"><strong>Kaitse V\u00e4ega MALA-palvehelmed:<\/strong><\/h2>\n<h3><strong>SELENIIT<\/strong><\/h3>\n<p>SELENIIT on k\u00f5rge vibratsiooniga puhastav kristall, mis aitab \u00fchenduda k\u00f5rgema teadvusega, selgitada intuitsiooni ja taastada energeetilist puhtust. Ta ei kogu endasse negatiivset, seega on Mala alati v\u00e4rske ja toetav.\u00a0SELENIIT on selguse, vaimsuse ja teadvuse kristall. Ta on puhastuse kalliskivi ning hea energiaplokkide eemaldaja. Koheselt rahustaval Seleniidil on pikk ajalugu armastatud Jumalanna kivina ja v\u00e4idetavalt toob see tervenemist Sinu kehale, vaimule ja hingele. \u00dche pehmema kivina v\u00f5ib see olla suurep\u00e4rane meeldetuletus, et me peaksime selles maailmas liikuma leebelt ning looma oma praktikatesse p\u00fcha ruumi. <a href=\"https:\/\/mandalailu.ee\/en\/blogi\/tsakrad\/\"><strong>Kroont\u0161akra<\/strong><\/a> kristallina aitavad Seleniiti sisaldavad ehted Sul avaneda k\u00f5rgematele sagedustele ja universumist tulevatele s\u00f5numitele.<\/p>\n<h3><strong>TURMALIIN<\/strong><\/h3>\n<p>Musta TURMALIIN on \u00fcks tugevaimaid kaitsekristalle, mis neutraliseerib negatiivseid energiaid, elektromagnetkiirgust ja toksilisi m\u00f5ttemustreid. Ideaalne Sulle, kes Sa t\u00f6\u00f6tad inimeste v\u00f5i suure infovooga keskkonnas. TURMALIIN on mure m\u00f5tete t\u00fchistamiseks, mis Sind \u00f6\u00f6sel \u00fcleval hoiavad. Ta on \u00fcks suuremaid ja v\u00f5imsamaid kaitsekive. Turmaliin toob Sinu ellu tagasi positiivse vaatenurga. Kuigi must v\u00e4rv v\u00f5ib tunduda just s\u00fcngete m\u00f5te jaoks, on Turmaliini kristallidel hoopis teist masti j\u00f5ud. See graatsiline l\u00e4ikiv kristall teeb \u00fcletunde ihukaitsjana, hoides Sind peas keerlevate m\u00f5ttemustrite keerisest eemal. Must turmaliin on \u00fcks maailma suurep\u00e4rasemaid maanduskive, mis t\u00f6\u00f6tab<a href=\"https:\/\/mandalailu.ee\/en\/blogi\/tsakrad\/\"><strong> t\u0161akrate<\/strong><\/a> joondamiseks ning hoiab Sind tervikliku ja t\u00e4isv\u00e4\u00e4rtuslikuna. Nagu paljud tumedad poolv\u00e4\u00e4riskivid, on ka musta turmaliin t\u00f5hus negatiivse energia puhastaja, imades endasse pimeduse, positiivseid vibratsioone kahjustamata. Teadmine, et Sul on musta Turmaliini kristalli kaitsev j\u00f5ud, annab Sulle enesekindluse, julgustades kasutama Sinu oma h\u00e4\u00e4lt, olema k\u00f5rges vibratsioonis ja tugev. Naha l\u00e4hedus on kalliskivide puhul v\u00e4ga oluline nende raviomadustest maksimumi v\u00f5tmine.<\/p>\n<h3><strong>OON\u00dcKS<\/strong><\/h3>\n<p>Oon\u00fcks on julgust ja sisemist j\u00f5udu pakkuv kristall, mis toetab stabiilsust, enesekindlust ja sihikindlust. Ta aitab seista kindlalt oma v\u00e4\u00e4rtuste eest ning hoida keskendumist ka kaoses. geli amuletina, negatiivse energia vastu, kasutatav Oon\u00fcks on \u00f5nne meisterkristall. K\u00f5igil mustadel kividel on tugevad raviomadused. Oon\u00fcks on v\u00f5imsa vibratsiooniga. Must Oon\u00fcks mitte ainult ei heida Sinu \u00fcmber kaitse kilbi, vaid aktiveerib ka t\u0161akrad, et luua kohalolu, loomingulist keskendumist ja valgustada uusi teid taipamisteni. Must oon\u00fcks on t\u00e4is suurep\u00e4rast maandavat energiat, mis aitab Sul end selles maailmas tasakaalus tunda. Neile, kel on kiired vihapursked ning kes on sageli n\u00e4rvilises segaduses, on Oon\u00fcks siin, et Sind rahustada. Maanduskivina on Oon\u00fcks<a href=\"https:\/\/mandalailu.ee\/en\/blogi\/juurtsakra\/\"><strong> juurt\u0161akra<\/strong><\/a> kivi, luues tugeva \u00fchenduse maaga. Nagu k\u00f5iki kristalle, tuleb ka Oon\u00fcksit regulaarselt puhastada ja laadida. Kuna must Oon\u00fcks on kaitsekivi, mis t\u00f6\u00f6tab negatiivsete vibratsioonidega, on eriti oluline teda puhastada kui tunnete, et at muutub raskeks v\u00f5i kannab endas surma energiat. \u00dcks lihtsamaid viise Oon\u00fcksi kiireks ja ohutuks puhastamiseks Salvei suits.<\/p>\n<h4>Kui antud Mala Sind k\u00f5netab, on tema s\u00f5num m\u00f5eldud just Sulle. See on Sinu Mala. Tunne ta \u00e4ra. L\u00e4bi oma s\u00fcdame.<\/h4>\n<div>\n<p>\u2022 K\u00f5ik Minu ehted on 100% k\u00e4sit\u00f6\u00f6 ning ainueksemplarid, loodud puhtast armastusest ning loomisj\u00f5ust, l\u00e4bi kanalduse, Tema kandjale.<br \/>\n\u2022 Minu ehted kannavad endas naiselikku ilu, poolv\u00e4\u00e4riskivide toetust ning p\u00fchitsetud v\u00e4ge.<br \/>\n\u2022 Enne uude koju j\u00f5udmist on ehe energeetiliselt puhastatud ja laetud.<\/p>\n<div class=\"woocommerce-tabs\">\n<div>\n<div>Kaitse V\u00e4ega MALA-palvehelmed looja: K\u00e4rt Lumiste<\/div>\n<\/div>\n<div><b>Ole hoitud, l\u00e4bi s\u00fcdame<\/b><\/div>\n<\/div>\n<section class=\"related products\"><\/section>\n<\/div>","protected":false},"excerpt":{"rendered":"<blockquote><p>&#8220;Ma kaitsen Sind, puhastan Su meele ja maandan Su v\u00e4e. \u00dcks samm korraga.&#8221;<\/p><\/blockquote>\n<p>Kaitse V\u00e4ega MALA palvehelmed on loodud 108 helmest, Sulle, kes Sa otsid energeetilist kaitset, maandust ja selgust. See k\u00e4sit\u00f6\u00f6na valmistatud v\u00e4eehe \u00fchendab kolm v\u00f5imsat kristalli \u2013<strong> OON\u00dcKS<\/strong>, Must <strong>TURMALIIN<\/strong> ja <strong>SELENIIT<\/strong>, luues tugeva energeetilise kilbi ja samas s\u00fcgava sisemise rahu tunde.\u00a0<a href=\"https:\/\/mandalailu.ee\/en\/blogi\/mis-on-mala\/\"><strong>MALA-palvehelmed<\/strong><\/a> pole niisama kaunis kaelakee. Tegemist on vaimse v\u00e4eehtega, mille igasse s\u00f5lme on sisse punutud s\u00f5num. See s\u00f5num on seotud Sinuga, Sinu s\u00fcdame ja hingega, et toetada Sind just n\u00fc\u00fcd ja praegu, asjades, milles toetust vajad. Need on Sinu salasoovid.<\/p>\n<p>Valides Kaitse V\u00e4ega MALA, kingid endale:<\/p>\n<ul>\n<li>Tugeva kaitse \u00fcmbritseva negatiivse energia ja stressi eest<\/li>\n<li>Maandav ja tasakaalustav m\u00f5ju igap\u00e4evaelus<\/li>\n<li>Ta toetab Su enesekindlust, keskendumist ja teadlikkust<\/li>\n<\/ul>\n<div>\n<p>Mala on Eestis valmistatud <strong>ainueksemplar<\/strong> ja unikaalne ehe Sinu kaelas. Mala autoriks on K\u00e4rt Lumiste, kellele kingiti <strong>Mala punumise p\u00fchitsuse<\/strong> Indias, Haidakhanis, Babaji Ashramis.<\/p>\n<ul>\n<li>MALA j\u00f5uab Sinuni imeilusas <strong>kinkekarbis<\/strong><b><\/b><\/li>\n<li>Sobib nii meditatsiooniks, rituaalideks kui stiilseks aksessuaariks<\/li>\n<li>Eesti sisene\u00a0<strong>transport<\/strong>\u00a0pakiautomaati on ALATI minu kulul<\/li>\n<li><strong>Vali kohe, maksa hiljem v\u00f5imalus<\/strong>. Rohkem infot leiad <a href=\"https:\/\/mandalailu.ee\/en\/uld-ja-muugitingimused\/#jarelmaksu-voimalus\"><strong>SIIT<\/strong><\/a><\/li>\n<li>Loe BLOGI postitust: <a href=\"https:\/\/mandalailu.ee\/en\/blogi\/mis-on-mala\/\"><strong>\u201cMis on Mala?\u201d<\/strong><\/a><\/li>\n<\/ul>\n<p>Kui antud v\u00e4eehe Sind k\u00f5netab, on selle s\u00f5num m\u00f5eldud just Sulle. See on Sinu Mala. Tunne ta \u00e4ra. L\u00e4bi oma s\u00fcdame.<\/p>\n<\/div>","protected":false},"featured_media":4828,"template":"","meta":{"_acf_changed":false},"product_brand":[],"product_cat":[16],"product_tag":[37,43],"class_list":{"0":"post-230","1":"product","2":"type-product","3":"status-publish","4":"has-post-thumbnail","6":"product_cat-mala-palvehelmed","7":"product_tag-juurtsakra","8":"product_tag-kroontsakra","10":"first","11":"outofstock","12":"shipping-taxable","13":"purchasable","14":"product-type-simple"},"acf":[],"yoast_head":"<!-- This site is optimized with the Yoast SEO plugin v26.3 - https:\/\/yoast.com\/wordpress\/plugins\/seo\/ -->\n<title>Kaitse V\u00e4ega MALA-palvehelmed - Mandala ilu<\/title>\n<meta name=\"description\" content=\"Mala pole niisama kaunis kaelakee. Tegemist on vaimse v\u00e4eehtega, mille igasse s\u00f5lme on sisse punutud s\u00f5num. Kaitse MALA-palvehelmed\" \/>\n<meta name=\"robots\" content=\"index, follow, max-snippet:-1, max-image-preview:large, max-video-preview:-1\" \/>\n<link rel=\"canonical\" href=\"https:\/\/mandalailu.ee\/en\/product\/mala-palvehelmed-6\/\" \/>\n<meta property=\"og:locale\" content=\"en_US\" \/>\n<meta property=\"og:type\" content=\"article\" \/>\n<meta property=\"og:title\" content=\"Kaitse V\u00e4ega MALA-palvehelmed - Mandala ilu\" \/>\n<meta property=\"og:description\" content=\"Mala pole niisama kaunis kaelakee. Tegemist on vaimse v\u00e4eehtega, mille igasse s\u00f5lme on sisse punutud s\u00f5num. Kaitse MALA-palvehelmed\" \/>\n<meta property=\"og:url\" content=\"https:\/\/mandalailu.ee\/en\/product\/mala-palvehelmed-6\/\" \/>\n<meta property=\"og:site_name\" content=\"Mandala ilu\" \/>\n<meta property=\"article:publisher\" content=\"https:\/\/www.facebook.com\/MandalaILU\" \/>\n<meta property=\"article:modified_time\" content=\"2025-06-03T19:32:47+00:00\" \/>\n<meta property=\"og:image\" content=\"https:\/\/mandalailu.ee\/wp-content\/uploads\/2022\/04\/708-Mandala-ILU-vaeehted-MALA-Turmaliin-Oonuks-Seleniit-2.jpg\" \/>\n\t<meta property=\"og:image:width\" content=\"750\" \/>\n\t<meta property=\"og:image:height\" content=\"750\" \/>\n\t<meta property=\"og:image:type\" content=\"image\/jpeg\" \/>\n<meta name=\"twitter:card\" content=\"summary_large_image\" \/>\n<meta name=\"twitter:label1\" content=\"Est. reading time\" \/>\n\t<meta name=\"twitter:data1\" content=\"1 minute\" \/>\n<script type=\"application\/ld+json\" class=\"yoast-schema-graph\">{\"@context\":\"https:\/\/schema.org\",\"@graph\":[{\"@type\":\"WebPage\",\"@id\":\"https:\/\/mandalailu.ee\/toode\/mala-palvehelmed-6\/\",\"url\":\"https:\/\/mandalailu.ee\/toode\/mala-palvehelmed-6\/\",\"name\":\"Kaitse V\u00e4ega MALA-palvehelmed - Mandala ilu\",\"isPartOf\":{\"@id\":\"https:\/\/mandalailu.ee\/#website\"},\"primaryImageOfPage\":{\"@id\":\"https:\/\/mandalailu.ee\/toode\/mala-palvehelmed-6\/#primaryimage\"},\"image\":{\"@id\":\"https:\/\/mandalailu.ee\/toode\/mala-palvehelmed-6\/#primaryimage\"},\"thumbnailUrl\":\"https:\/\/mandalailu.ee\/wp-content\/uploads\/2022\/04\/708-Mandala-ILU-vaeehted-MALA-Turmaliin-Oonuks-Seleniit-2.jpg\",\"datePublished\":\"2022-04-25T10:29:47+00:00\",\"dateModified\":\"2025-06-03T19:32:47+00:00\",\"description\":\"Mala pole niisama kaunis kaelakee. Tegemist on vaimse v\u00e4eehtega, mille igasse s\u00f5lme on sisse punutud s\u00f5num. Kaitse MALA-palvehelmed\",\"breadcrumb\":{\"@id\":\"https:\/\/mandalailu.ee\/toode\/mala-palvehelmed-6\/#breadcrumb\"},\"inLanguage\":\"en-US\",\"potentialAction\":[{\"@type\":\"ReadAction\",\"target\":[\"https:\/\/mandalailu.ee\/toode\/mala-palvehelmed-6\/\"]}]},{\"@type\":\"ImageObject\",\"inLanguage\":\"en-US\",\"@id\":\"https:\/\/mandalailu.ee\/toode\/mala-palvehelmed-6\/#primaryimage\",\"url\":\"https:\/\/mandalailu.ee\/wp-content\/uploads\/2022\/04\/708-Mandala-ILU-vaeehted-MALA-Turmaliin-Oonuks-Seleniit-2.jpg\",\"contentUrl\":\"https:\/\/mandalailu.ee\/wp-content\/uploads\/2022\/04\/708-Mandala-ILU-vaeehted-MALA-Turmaliin-Oonuks-Seleniit-2.jpg\",\"width\":750,\"height\":750,\"caption\":\"Sinu igap\u00e4evane kaitse ja sisemine kindlus. Kantav v\u00e4gi, mis maandab, puhastab ja julgustab.\"},{\"@type\":\"BreadcrumbList\",\"@id\":\"https:\/\/mandalailu.ee\/toode\/mala-palvehelmed-6\/#breadcrumb\",\"itemListElement\":[{\"@type\":\"ListItem\",\"position\":1,\"name\":\"Home\",\"item\":\"https:\/\/mandalailu.ee\/\"},{\"@type\":\"ListItem\",\"position\":2,\"name\":\"Kaitse V\u00e4ega MALA-palvehelmed\"}]},{\"@type\":\"WebSite\",\"@id\":\"https:\/\/mandalailu.ee\/#website\",\"url\":\"https:\/\/mandalailu.ee\/\",\"name\":\"Mandala ilu\",\"description\":\"Unikaalsed k&auml;sit&ouml;&ouml;na valminud ehted\",\"publisher\":{\"@id\":\"https:\/\/mandalailu.ee\/#organization\"},\"potentialAction\":[{\"@type\":\"SearchAction\",\"target\":{\"@type\":\"EntryPoint\",\"urlTemplate\":\"https:\/\/mandalailu.ee\/?s={search_term_string}\"},\"query-input\":{\"@type\":\"PropertyValueSpecification\",\"valueRequired\":true,\"valueName\":\"search_term_string\"}}],\"inLanguage\":\"en-US\"},{\"@type\":\"Organization\",\"@id\":\"https:\/\/mandalailu.ee\/#organization\",\"name\":\"Mandala ILU\",\"url\":\"https:\/\/mandalailu.ee\/\",\"logo\":{\"@type\":\"ImageObject\",\"inLanguage\":\"en-US\",\"@id\":\"https:\/\/mandalailu.ee\/#\/schema\/logo\/image\/\",\"url\":\"https:\/\/mandalailu.ee\/wp-content\/uploads\/2022\/04\/cropped-Mandala-ILU-lill_block.jpg\",\"contentUrl\":\"https:\/\/mandalailu.ee\/wp-content\/uploads\/2022\/04\/cropped-Mandala-ILU-lill_block.jpg\",\"width\":512,\"height\":512,\"caption\":\"Mandala ILU\"},\"image\":{\"@id\":\"https:\/\/mandalailu.ee\/#\/schema\/logo\/image\/\"},\"sameAs\":[\"https:\/\/www.facebook.com\/MandalaILU\",\"https:\/\/www.instagram.com\/mandala.ilu.mala.ehted\/\"]}]}<\/script>\n<!-- \/ Yoast SEO plugin. -->","yoast_head_json":{"title":"Kaitse V\u00e4ega MALA-palvehelmed - Mandala ilu","description":"Mala pole niisama kaunis kaelakee. Tegemist on vaimse v\u00e4eehtega, mille igasse s\u00f5lme on sisse punutud s\u00f5num. Kaitse MALA-palvehelmed","robots":{"index":"index","follow":"follow","max-snippet":"max-snippet:-1","max-image-preview":"max-image-preview:large","max-video-preview":"max-video-preview:-1"},"canonical":"https:\/\/mandalailu.ee\/en\/product\/mala-palvehelmed-6\/","og_locale":"en_US","og_type":"article","og_title":"Kaitse V\u00e4ega MALA-palvehelmed - Mandala ilu","og_description":"Mala pole niisama kaunis kaelakee. Tegemist on vaimse v\u00e4eehtega, mille igasse s\u00f5lme on sisse punutud s\u00f5num. Kaitse MALA-palvehelmed","og_url":"https:\/\/mandalailu.ee\/en\/product\/mala-palvehelmed-6\/","og_site_name":"Mandala ilu","article_publisher":"https:\/\/www.facebook.com\/MandalaILU","article_modified_time":"2025-06-03T19:32:47+00:00","og_image":[{"width":750,"height":750,"url":"https:\/\/mandalailu.ee\/wp-content\/uploads\/2022\/04\/708-Mandala-ILU-vaeehted-MALA-Turmaliin-Oonuks-Seleniit-2.jpg","type":"image\/jpeg"}],"twitter_card":"summary_large_image","twitter_misc":{"Est. reading time":"1 minute"},"schema":{"@context":"https:\/\/schema.org","@graph":[{"@type":"WebPage","@id":"https:\/\/mandalailu.ee\/toode\/mala-palvehelmed-6\/","url":"https:\/\/mandalailu.ee\/toode\/mala-palvehelmed-6\/","name":"Kaitse V\u00e4ega MALA-palvehelmed - Mandala ilu","isPartOf":{"@id":"https:\/\/mandalailu.ee\/#website"},"primaryImageOfPage":{"@id":"https:\/\/mandalailu.ee\/toode\/mala-palvehelmed-6\/#primaryimage"},"image":{"@id":"https:\/\/mandalailu.ee\/toode\/mala-palvehelmed-6\/#primaryimage"},"thumbnailUrl":"https:\/\/mandalailu.ee\/wp-content\/uploads\/2022\/04\/708-Mandala-ILU-vaeehted-MALA-Turmaliin-Oonuks-Seleniit-2.jpg","datePublished":"2022-04-25T10:29:47+00:00","dateModified":"2025-06-03T19:32:47+00:00","description":"Mala pole niisama kaunis kaelakee. Tegemist on vaimse v\u00e4eehtega, mille igasse s\u00f5lme on sisse punutud s\u00f5num. Kaitse MALA-palvehelmed","breadcrumb":{"@id":"https:\/\/mandalailu.ee\/toode\/mala-palvehelmed-6\/#breadcrumb"},"inLanguage":"en-US","potentialAction":[{"@type":"ReadAction","target":["https:\/\/mandalailu.ee\/toode\/mala-palvehelmed-6\/"]}]},{"@type":"ImageObject","inLanguage":"en-US","@id":"https:\/\/mandalailu.ee\/toode\/mala-palvehelmed-6\/#primaryimage","url":"https:\/\/mandalailu.ee\/wp-content\/uploads\/2022\/04\/708-Mandala-ILU-vaeehted-MALA-Turmaliin-Oonuks-Seleniit-2.jpg","contentUrl":"https:\/\/mandalailu.ee\/wp-content\/uploads\/2022\/04\/708-Mandala-ILU-vaeehted-MALA-Turmaliin-Oonuks-Seleniit-2.jpg","width":750,"height":750,"caption":"Sinu igap\u00e4evane kaitse ja sisemine kindlus. Kantav v\u00e4gi, mis maandab, puhastab ja julgustab."},{"@type":"BreadcrumbList","@id":"https:\/\/mandalailu.ee\/toode\/mala-palvehelmed-6\/#breadcrumb","itemListElement":[{"@type":"ListItem","position":1,"name":"Home","item":"https:\/\/mandalailu.ee\/"},{"@type":"ListItem","position":2,"name":"Kaitse V\u00e4ega MALA-palvehelmed"}]},{"@type":"WebSite","@id":"https:\/\/mandalailu.ee\/#website","url":"https:\/\/mandalailu.ee\/","name":"Mandala ilu","description":"Unikaalsed k&auml;sit&ouml;&ouml;na valminud ehted","publisher":{"@id":"https:\/\/mandalailu.ee\/#organization"},"potentialAction":[{"@type":"SearchAction","target":{"@type":"EntryPoint","urlTemplate":"https:\/\/mandalailu.ee\/?s={search_term_string}"},"query-input":{"@type":"PropertyValueSpecification","valueRequired":true,"valueName":"search_term_string"}}],"inLanguage":"en-US"},{"@type":"Organization","@id":"https:\/\/mandalailu.ee\/#organization","name":"Mandala ILU","url":"https:\/\/mandalailu.ee\/","logo":{"@type":"ImageObject","inLanguage":"en-US","@id":"https:\/\/mandalailu.ee\/#\/schema\/logo\/image\/","url":"https:\/\/mandalailu.ee\/wp-content\/uploads\/2022\/04\/cropped-Mandala-ILU-lill_block.jpg","contentUrl":"https:\/\/mandalailu.ee\/wp-content\/uploads\/2022\/04\/cropped-Mandala-ILU-lill_block.jpg","width":512,"height":512,"caption":"Mandala ILU"},"image":{"@id":"https:\/\/mandalailu.ee\/#\/schema\/logo\/image\/"},"sameAs":["https:\/\/www.facebook.com\/MandalaILU","https:\/\/www.instagram.com\/mandala.ilu.mala.ehted\/"]}]}},"_links":{"self":[{"href":"https:\/\/mandalailu.ee\/en\/wp-json\/wp\/v2\/product\/230","targetHints":{"allow":["GET"]}}],"collection":[{"href":"https:\/\/mandalailu.ee\/en\/wp-json\/wp\/v2\/product"}],"about":[{"href":"https:\/\/mandalailu.ee\/en\/wp-json\/wp\/v2\/types\/product"}],"wp:featuredmedia":[{"embeddable":true,"href":"https:\/\/mandalailu.ee\/en\/wp-json\/wp\/v2\/media\/4828"}],"wp:attachment":[{"href":"https:\/\/mandalailu.ee\/en\/wp-json\/wp\/v2\/media?parent=230"}],"wp:term":[{"taxonomy":"product_brand","embeddable":true,"href":"https:\/\/mandalailu.ee\/en\/wp-json\/wp\/v2\/product_brand?post=230"},{"taxonomy":"product_cat","embeddable":true,"href":"https:\/\/mandalailu.ee\/en\/wp-json\/wp\/v2\/product_cat?post=230"},{"taxonomy":"product_tag","embeddable":true,"href":"https:\/\/mandalailu.ee\/en\/wp-json\/wp\/v2\/product_tag?post=230"}],"curies":[{"name":"wp","href":"https:\/\/api.w.org\/{rel}","templated":true}]}}