{"id":239,"date":"2022-04-25T10:38:05","date_gmt":"2022-04-25T10:38:05","guid":{"rendered":"https:\/\/mandalailu.ee\/?post_type=product&#038;p=239"},"modified":"2026-02-06T09:17:35","modified_gmt":"2026-02-06T09:17:35","slug":"mala-palvehelmed-8","status":"publish","type":"product","link":"https:\/\/mandalailu.ee\/en\/product\/mala-palvehelmed-8\/","title":{"rendered":"Armastuse Mala-palvehelmed"},"content":{"rendered":"<h2 style=\"text-align: center; padding-left: 40px;\"><strong>Armastuse Mala-palvehelmed:<\/strong><\/h2>\n<h3><strong>ROOSA KVARTS<\/strong><\/h3>\n<p>ROOSA KVARTS on armastuse ja s\u00fcdametarkuse kristall, mis loob ruumi tingimusteta armastusele. Ta toetab Sind hetkel, mil Sa soovid olla iseenda vastu pehmem ja hoolivam. See kristall loob s\u00fcdamesse rahu ja aitab vabastada emotsionaalseid pingeid. ROOSA KVARTS \u00f5petab Sind end v\u00e4\u00e4rtustama ilma s\u00fc\u00fctundeta. Ta loob juurde usaldust nii iseenda kui ka teiste vastu. See kristall toetab <a href=\"https:\/\/mandalailu.ee\/en\/blogi\/sudametsakra\/\"><strong>s\u00fcdamet\u0161akrat<\/strong><\/a>, aidates armastuse energial vabalt voolata. ROOSA KVARTS aitab Sul avada oma s\u00fcdant uutele kogemustele. Ta loob turvatunde, kus saad olla p\u00e4riselt Sina ise. See kristall toetab emotsionaalset tasakaalu ja sisemist rahunemist. ROOSA KVARTS meenutab Sulle, et <em><strong>armastus on Sinu loomulik olek.<\/strong><\/em><\/p>\n<h3><strong>RODONIIT<\/strong><\/h3>\n<p>RODONIIT on s\u00fcgav tervendaja, kes loob tasakaalu s\u00fcdamesse ja emotsioonidesse. Ta toetab Sind, kui soovid vabastada vanu mustreid ja hingehaavu. RODONIIT aitab Sul valida armastuse ka keerulistes olukordades. See kristall loob sisemist tugevust ja enesev\u00e4\u00e4rtustamist. Ta toetab Sind oma tunnete ausal kuulamisel ja v\u00e4ljendamisel. RODONIIT loob ruumi andestusele ja emotsionaalsele k\u00fcpsemisele. Ta toetab <a href=\"https:\/\/mandalailu.ee\/en\/blogi\/sudametsakra\/\"><strong>s\u00fcdamet\u0161akrat<\/strong><\/a>, aidates tervendada suhteid nii iseenda kui ka teistega. RODONIIT aitab Sul seista oma s\u00fcdame t\u00f5e eest, luues tasakaalu pehmuse ja sisemise j\u00f5u vahel. RODONIIT meenutab, et <em><strong>armastus algab alati s\u00fcdamest<\/strong><\/em>.<\/p>\n<p>Kui antud v\u00e4eehe Sind k\u00f5netab, on selle s\u00f5num m\u00f5eldud just Sulle. See on Sinu Mala. Tunne ta \u00e4ra. L\u00e4bi oma s\u00fcdame.<\/p>\n<p>Oma ehteid luues on mul kindel teadmine, et igal valmival ehtel on tegelikult juba loomise ajal omanik olemas. Ta lihtsalt ei tea veel, et tema soovide ja taotlustega ehe on just sel hetkel kuskil end loomas. See on kanaldus. See on usaldus. See on energia. Mina k\u00fcsin universumilt juhiseid ja tema saadab need. Mispeale loon Sinu ehte siia ellu just Sulle vajalike kristallide ja taotlustega. Nii lihtne see ongi. Sinu \u00fclesanne on vaid oma ehe \u00e4ra tunda. L\u00e4bi oma s\u00fcdame.<\/p>\n<p>\u2022 K\u00f5ik Minu ehted on 100% k\u00e4sit\u00f6\u00f6 ning ainueksemplarid, loodud puhtast armastusest ning loomisj\u00f5ust, l\u00e4bi kanalduse, Tema kandjale.<br \/>\n\u2022 Minu ehted kannavad endas ilu, poolv\u00e4\u00e4riskivide toetust ning p\u00fchitsetud v\u00e4ge.<br \/>\n\u2022 Enne uude koju j\u00f5udmist on ehe energeetiliselt puhastatud ja laetud.<\/p>\n<div>\n<div>Armastuse Mala-palvehelmed looja: K\u00e4rt Lumiste<\/div>\n<\/div>\n<div><b>Ole hoitud, l\u00e4bi armastuse<\/b><\/div>","protected":false},"excerpt":{"rendered":"<blockquote><p><strong><em>&#8220;Armastus algab alati Sinust.&#8221;<\/em><\/strong><\/p><\/blockquote>\n<p>Armastuse MALA on loodud Sulle, kes Sa soovid elada rohkem s\u00fcdames ja v\u00e4hem enesekriitikas. <strong>ROOSA KVARTS<\/strong> ja <strong>RODONIIT<\/strong> loovad koos \u00f5rna, kuid tugeva toetava v\u00e4lja, kus s\u00fcda saab avaneda ja vanad emotsionaalsed pinged v\u00f5ivad vaikselt lahustuda.<\/p>\n<p><strong data-start=\"137\" data-end=\"179\">Valides Armastuse MALA, kingid endale: <\/strong><\/p>\n<ul>\n<li>Rohkem enesearmastust ja leebemat suhtumist iseendasse<\/li>\n<li>S\u00fcgavamat kontakti oma tunnete ja s\u00fcdametarkusega<\/li>\n<li>Emotsionaalset tasakaalu ka muutuste ja tundlikel hetkedel<\/li>\n<li>Turvalise ruumi, kus olla ausalt Sina ise<\/li>\n<li>Meeldetuletuse, et <em><strong>armastus algab alati Sinust<\/strong><\/em><\/li>\n<\/ul>\n<p>See Mala sobib ideaalselt nii kinkimiseks kui ka isiklikuks v\u00e4eankruks. Mala on rohkem kui ilus lihtsalt ehe. Tegemist on vaimse v\u00e4eehtega, mille igasse s\u00f5lme on sisse punutud s\u00f5num. See s\u00f5num on seotud Sinuga, Sinu s\u00fcdame ja hingega, et toetada Sind just n\u00fc\u00fcd ja praegu, asjades, milles toetust vajad. Need on Sinu salasoovid.<\/p>\n<p>Mala on <strong>ainueksemplar<\/strong> ja unikaalne ehe Sinu kaelas. Mala autoriks on K\u00e4rt Lumiste, kellele kingiti <strong>Mala punumise p\u00fchitsuse<\/strong> Indias, Haidakhanis, Babaji Ashramis.<\/p>\n<ul>\n<li>MALA j\u00f5uab Sinuni imeilusas kinkekarbis<\/li>\n<li>Sobib ideaalselt ka kingituseks inimesele, kes soovib tuua oma ellu rohkem armastust, pehmust ja s\u00fcdamest elamist<\/li>\n<li><strong>Vali kohe, maka hiljem\u00a0<\/strong>v\u00f5imalus. Rohkem infot\u00a0<a href=\"https:\/\/mandalailu.ee\/en\/uld-ja-muugitingimused\/#jarelmaksu-voimalus\"><strong>SIIT<\/strong><\/a><\/li>\n<li>Loe BLOGI postitust: <a href=\"https:\/\/mandalailu.ee\/en\/blogi\/mis-on-mala\/\"><strong>\u201cMis on Mala?\u201d<\/strong><\/a><\/li>\n<\/ul>\n<p>Kui antud v\u00e4eehe Sind k\u00f5netab, on selle s\u00f5num m\u00f5eldud just Sulle. See on Sinu Mala. Tunne ta \u00e4ra.\u00a0 L\u00e4bi oma s\u00fcdame.<\/p>","protected":false},"featured_media":5323,"template":"","meta":{"_acf_changed":false},"product_brand":[],"product_cat":[16],"product_tag":[40],"class_list":{"0":"post-239","1":"product","2":"type-product","3":"status-publish","4":"has-post-thumbnail","6":"product_cat-mala-palvehelmed","7":"product_tag-sudametsakra","9":"first","10":"outofstock","11":"shipping-taxable","12":"purchasable","13":"product-type-simple"},"acf":[],"yoast_head":"<!-- This site is optimized with the Yoast SEO plugin v26.3 - https:\/\/yoast.com\/wordpress\/plugins\/seo\/ -->\n<title>Armastuse Mala-palvehelmed - Mandala ilu<\/title>\n<meta name=\"description\" content=\"Armastuse MALA. ROOSA KVARTSI ja RODONIIDIGA loob s\u00fcdametarkust, enese armastust ja emotsionaalset tasakaalu. K\u00e4sit\u00f6\u00f6na loodud Mandala ILU Mala.\" \/>\n<meta name=\"robots\" content=\"index, follow, max-snippet:-1, max-image-preview:large, max-video-preview:-1\" \/>\n<link rel=\"canonical\" href=\"https:\/\/mandalailu.ee\/en\/product\/mala-palvehelmed-8\/\" \/>\n<meta property=\"og:locale\" content=\"en_US\" \/>\n<meta property=\"og:type\" content=\"article\" \/>\n<meta property=\"og:title\" content=\"Armastuse Mala-palvehelmed - Mandala ilu\" \/>\n<meta property=\"og:description\" content=\"Armastuse MALA. ROOSA KVARTSI ja RODONIIDIGA loob s\u00fcdametarkust, enese armastust ja emotsionaalset tasakaalu. K\u00e4sit\u00f6\u00f6na loodud Mandala ILU Mala.\" \/>\n<meta property=\"og:url\" content=\"https:\/\/mandalailu.ee\/en\/product\/mala-palvehelmed-8\/\" \/>\n<meta property=\"og:site_name\" content=\"Mandala ilu\" \/>\n<meta property=\"article:publisher\" content=\"https:\/\/www.facebook.com\/MandalaILU\" \/>\n<meta property=\"article:modified_time\" content=\"2026-02-06T09:17:35+00:00\" \/>\n<meta property=\"og:image\" content=\"https:\/\/mandalailu.ee\/wp-content\/uploads\/2026\/01\/742-Mandala-ILU-vaeehted-Mala-Roosa-Kvarts-Rodoniit-1.jpg\" \/>\n\t<meta property=\"og:image:width\" content=\"750\" \/>\n\t<meta property=\"og:image:height\" content=\"750\" \/>\n\t<meta property=\"og:image:type\" content=\"image\/jpeg\" \/>\n<meta name=\"twitter:card\" content=\"summary_large_image\" \/>\n<meta name=\"twitter:label1\" content=\"Est. reading time\" \/>\n\t<meta name=\"twitter:data1\" content=\"1 minute\" \/>\n<script type=\"application\/ld+json\" class=\"yoast-schema-graph\">{\"@context\":\"https:\/\/schema.org\",\"@graph\":[{\"@type\":\"WebPage\",\"@id\":\"https:\/\/mandalailu.ee\/toode\/mala-palvehelmed-8\/\",\"url\":\"https:\/\/mandalailu.ee\/toode\/mala-palvehelmed-8\/\",\"name\":\"Armastuse Mala-palvehelmed - Mandala ilu\",\"isPartOf\":{\"@id\":\"https:\/\/mandalailu.ee\/#website\"},\"primaryImageOfPage\":{\"@id\":\"https:\/\/mandalailu.ee\/toode\/mala-palvehelmed-8\/#primaryimage\"},\"image\":{\"@id\":\"https:\/\/mandalailu.ee\/toode\/mala-palvehelmed-8\/#primaryimage\"},\"thumbnailUrl\":\"https:\/\/mandalailu.ee\/wp-content\/uploads\/2026\/01\/742-Mandala-ILU-vaeehted-Mala-Roosa-Kvarts-Rodoniit-1.jpg\",\"datePublished\":\"2022-04-25T10:38:05+00:00\",\"dateModified\":\"2026-02-06T09:17:35+00:00\",\"description\":\"Armastuse MALA. ROOSA KVARTSI ja RODONIIDIGA loob s\u00fcdametarkust, enese armastust ja emotsionaalset tasakaalu. K\u00e4sit\u00f6\u00f6na loodud Mandala ILU Mala.\",\"breadcrumb\":{\"@id\":\"https:\/\/mandalailu.ee\/toode\/mala-palvehelmed-8\/#breadcrumb\"},\"inLanguage\":\"en-US\",\"potentialAction\":[{\"@type\":\"ReadAction\",\"target\":[\"https:\/\/mandalailu.ee\/toode\/mala-palvehelmed-8\/\"]}]},{\"@type\":\"ImageObject\",\"inLanguage\":\"en-US\",\"@id\":\"https:\/\/mandalailu.ee\/toode\/mala-palvehelmed-8\/#primaryimage\",\"url\":\"https:\/\/mandalailu.ee\/wp-content\/uploads\/2026\/01\/742-Mandala-ILU-vaeehted-Mala-Roosa-Kvarts-Rodoniit-1.jpg\",\"contentUrl\":\"https:\/\/mandalailu.ee\/wp-content\/uploads\/2026\/01\/742-Mandala-ILU-vaeehted-Mala-Roosa-Kvarts-Rodoniit-1.jpg\",\"width\":750,\"height\":750,\"caption\":\"Armastuse MALA Roosa Kvartsi ja Rodoniidiga hoiab s\u00fcdant avatuna ja meelde tuletab armastuse algust Sinust.\"},{\"@type\":\"BreadcrumbList\",\"@id\":\"https:\/\/mandalailu.ee\/toode\/mala-palvehelmed-8\/#breadcrumb\",\"itemListElement\":[{\"@type\":\"ListItem\",\"position\":1,\"name\":\"Home\",\"item\":\"https:\/\/mandalailu.ee\/\"},{\"@type\":\"ListItem\",\"position\":2,\"name\":\"Armastuse Mala-palvehelmed\"}]},{\"@type\":\"WebSite\",\"@id\":\"https:\/\/mandalailu.ee\/#website\",\"url\":\"https:\/\/mandalailu.ee\/\",\"name\":\"Mandala ilu\",\"description\":\"Unikaalsed k&auml;sit&ouml;&ouml;na valminud ehted\",\"publisher\":{\"@id\":\"https:\/\/mandalailu.ee\/#organization\"},\"potentialAction\":[{\"@type\":\"SearchAction\",\"target\":{\"@type\":\"EntryPoint\",\"urlTemplate\":\"https:\/\/mandalailu.ee\/?s={search_term_string}\"},\"query-input\":{\"@type\":\"PropertyValueSpecification\",\"valueRequired\":true,\"valueName\":\"search_term_string\"}}],\"inLanguage\":\"en-US\"},{\"@type\":\"Organization\",\"@id\":\"https:\/\/mandalailu.ee\/#organization\",\"name\":\"Mandala ILU\",\"url\":\"https:\/\/mandalailu.ee\/\",\"logo\":{\"@type\":\"ImageObject\",\"inLanguage\":\"en-US\",\"@id\":\"https:\/\/mandalailu.ee\/#\/schema\/logo\/image\/\",\"url\":\"https:\/\/mandalailu.ee\/wp-content\/uploads\/2022\/04\/cropped-Mandala-ILU-lill_block.jpg\",\"contentUrl\":\"https:\/\/mandalailu.ee\/wp-content\/uploads\/2022\/04\/cropped-Mandala-ILU-lill_block.jpg\",\"width\":512,\"height\":512,\"caption\":\"Mandala ILU\"},\"image\":{\"@id\":\"https:\/\/mandalailu.ee\/#\/schema\/logo\/image\/\"},\"sameAs\":[\"https:\/\/www.facebook.com\/MandalaILU\",\"https:\/\/www.instagram.com\/mandala.ilu.mala.ehted\/\"]}]}<\/script>\n<!-- \/ Yoast SEO plugin. -->","yoast_head_json":{"title":"Armastuse Mala-palvehelmed - Mandala ilu","description":"Armastuse MALA. ROOSA KVARTSI ja RODONIIDIGA loob s\u00fcdametarkust, enese armastust ja emotsionaalset tasakaalu. K\u00e4sit\u00f6\u00f6na loodud Mandala ILU Mala.","robots":{"index":"index","follow":"follow","max-snippet":"max-snippet:-1","max-image-preview":"max-image-preview:large","max-video-preview":"max-video-preview:-1"},"canonical":"https:\/\/mandalailu.ee\/en\/product\/mala-palvehelmed-8\/","og_locale":"en_US","og_type":"article","og_title":"Armastuse Mala-palvehelmed - Mandala ilu","og_description":"Armastuse MALA. ROOSA KVARTSI ja RODONIIDIGA loob s\u00fcdametarkust, enese armastust ja emotsionaalset tasakaalu. K\u00e4sit\u00f6\u00f6na loodud Mandala ILU Mala.","og_url":"https:\/\/mandalailu.ee\/en\/product\/mala-palvehelmed-8\/","og_site_name":"Mandala ilu","article_publisher":"https:\/\/www.facebook.com\/MandalaILU","article_modified_time":"2026-02-06T09:17:35+00:00","og_image":[{"width":750,"height":750,"url":"https:\/\/mandalailu.ee\/wp-content\/uploads\/2026\/01\/742-Mandala-ILU-vaeehted-Mala-Roosa-Kvarts-Rodoniit-1.jpg","type":"image\/jpeg"}],"twitter_card":"summary_large_image","twitter_misc":{"Est. reading time":"1 minute"},"schema":{"@context":"https:\/\/schema.org","@graph":[{"@type":"WebPage","@id":"https:\/\/mandalailu.ee\/toode\/mala-palvehelmed-8\/","url":"https:\/\/mandalailu.ee\/toode\/mala-palvehelmed-8\/","name":"Armastuse Mala-palvehelmed - Mandala ilu","isPartOf":{"@id":"https:\/\/mandalailu.ee\/#website"},"primaryImageOfPage":{"@id":"https:\/\/mandalailu.ee\/toode\/mala-palvehelmed-8\/#primaryimage"},"image":{"@id":"https:\/\/mandalailu.ee\/toode\/mala-palvehelmed-8\/#primaryimage"},"thumbnailUrl":"https:\/\/mandalailu.ee\/wp-content\/uploads\/2026\/01\/742-Mandala-ILU-vaeehted-Mala-Roosa-Kvarts-Rodoniit-1.jpg","datePublished":"2022-04-25T10:38:05+00:00","dateModified":"2026-02-06T09:17:35+00:00","description":"Armastuse MALA. ROOSA KVARTSI ja RODONIIDIGA loob s\u00fcdametarkust, enese armastust ja emotsionaalset tasakaalu. K\u00e4sit\u00f6\u00f6na loodud Mandala ILU Mala.","breadcrumb":{"@id":"https:\/\/mandalailu.ee\/toode\/mala-palvehelmed-8\/#breadcrumb"},"inLanguage":"en-US","potentialAction":[{"@type":"ReadAction","target":["https:\/\/mandalailu.ee\/toode\/mala-palvehelmed-8\/"]}]},{"@type":"ImageObject","inLanguage":"en-US","@id":"https:\/\/mandalailu.ee\/toode\/mala-palvehelmed-8\/#primaryimage","url":"https:\/\/mandalailu.ee\/wp-content\/uploads\/2026\/01\/742-Mandala-ILU-vaeehted-Mala-Roosa-Kvarts-Rodoniit-1.jpg","contentUrl":"https:\/\/mandalailu.ee\/wp-content\/uploads\/2026\/01\/742-Mandala-ILU-vaeehted-Mala-Roosa-Kvarts-Rodoniit-1.jpg","width":750,"height":750,"caption":"Armastuse MALA Roosa Kvartsi ja Rodoniidiga hoiab s\u00fcdant avatuna ja meelde tuletab armastuse algust Sinust."},{"@type":"BreadcrumbList","@id":"https:\/\/mandalailu.ee\/toode\/mala-palvehelmed-8\/#breadcrumb","itemListElement":[{"@type":"ListItem","position":1,"name":"Home","item":"https:\/\/mandalailu.ee\/"},{"@type":"ListItem","position":2,"name":"Armastuse Mala-palvehelmed"}]},{"@type":"WebSite","@id":"https:\/\/mandalailu.ee\/#website","url":"https:\/\/mandalailu.ee\/","name":"Mandala ilu","description":"Unikaalsed k&auml;sit&ouml;&ouml;na valminud ehted","publisher":{"@id":"https:\/\/mandalailu.ee\/#organization"},"potentialAction":[{"@type":"SearchAction","target":{"@type":"EntryPoint","urlTemplate":"https:\/\/mandalailu.ee\/?s={search_term_string}"},"query-input":{"@type":"PropertyValueSpecification","valueRequired":true,"valueName":"search_term_string"}}],"inLanguage":"en-US"},{"@type":"Organization","@id":"https:\/\/mandalailu.ee\/#organization","name":"Mandala ILU","url":"https:\/\/mandalailu.ee\/","logo":{"@type":"ImageObject","inLanguage":"en-US","@id":"https:\/\/mandalailu.ee\/#\/schema\/logo\/image\/","url":"https:\/\/mandalailu.ee\/wp-content\/uploads\/2022\/04\/cropped-Mandala-ILU-lill_block.jpg","contentUrl":"https:\/\/mandalailu.ee\/wp-content\/uploads\/2022\/04\/cropped-Mandala-ILU-lill_block.jpg","width":512,"height":512,"caption":"Mandala ILU"},"image":{"@id":"https:\/\/mandalailu.ee\/#\/schema\/logo\/image\/"},"sameAs":["https:\/\/www.facebook.com\/MandalaILU","https:\/\/www.instagram.com\/mandala.ilu.mala.ehted\/"]}]}},"_links":{"self":[{"href":"https:\/\/mandalailu.ee\/en\/wp-json\/wp\/v2\/product\/239","targetHints":{"allow":["GET"]}}],"collection":[{"href":"https:\/\/mandalailu.ee\/en\/wp-json\/wp\/v2\/product"}],"about":[{"href":"https:\/\/mandalailu.ee\/en\/wp-json\/wp\/v2\/types\/product"}],"wp:featuredmedia":[{"embeddable":true,"href":"https:\/\/mandalailu.ee\/en\/wp-json\/wp\/v2\/media\/5323"}],"wp:attachment":[{"href":"https:\/\/mandalailu.ee\/en\/wp-json\/wp\/v2\/media?parent=239"}],"wp:term":[{"taxonomy":"product_brand","embeddable":true,"href":"https:\/\/mandalailu.ee\/en\/wp-json\/wp\/v2\/product_brand?post=239"},{"taxonomy":"product_cat","embeddable":true,"href":"https:\/\/mandalailu.ee\/en\/wp-json\/wp\/v2\/product_cat?post=239"},{"taxonomy":"product_tag","embeddable":true,"href":"https:\/\/mandalailu.ee\/en\/wp-json\/wp\/v2\/product_tag?post=239"}],"curies":[{"name":"wp","href":"https:\/\/api.w.org\/{rel}","templated":true}]}}