{"id":248,"date":"2022-04-25T10:49:55","date_gmt":"2022-04-25T10:49:55","guid":{"rendered":"https:\/\/mandalailu.ee\/?post_type=product&#038;p=248"},"modified":"2025-05-08T15:20:30","modified_gmt":"2025-05-08T15:20:30","slug":"mala-palvehelmed-9","status":"publish","type":"product","link":"https:\/\/mandalailu.ee\/en\/product\/mala-palvehelmed-9\/","title":{"rendered":"S\u00fcdame MALA-palvehelmed"},"content":{"rendered":"<h2 style=\"text-align: center;\"><strong>S\u00fcdame MALA-palvehelmed:<\/strong><\/h2>\n<h3><strong>RODONIIT<\/strong><\/h3>\n<p>RODONIIT on n\u00e4gemus puhtast l\u00f5\u00f5gastusest, \u00f5dusatest \u00f5htutundidest ja \u00f5rnast naudingust, mis kaasneb andestuse ja t\u00e4isk\u00f5hutundega. Tal on suurep\u00e4rane maandusj\u00f5ud ja ta on t\u00e4is kaastunnet oma kandja vastu. Rodoniit on teadaolevalt murtud s\u00fcdamete ravija. Ta stimuleerib ja aktiveerib s\u00fcdame j\u00f5udu ning tugevust, aitates Sul hakkama saada negatiivsete \u00fcllatustega, mida elu v\u00f5ib tuua. Rodoniit aitab Sul v\u00e4lja astuda, Sind mitte teenivatest k\u00e4itumismustritest, nagu n\u00e4iteks kaass\u00f5ltuvus. Rahu kiirgav Rodoniit toob endaga ka kaasa enesekindluse ja suhtlemise selguse. See selgus ei tule j\u00f5upositsioonilt, vaid pigem l\u00e4bi tunde, mis k\u00f5neleb otse s\u00fcdamekeskusega. <a href=\"https:\/\/mandalailu.ee\/en\/blogi\/sudametsakra\/\"><strong>S\u00fcdamet\u0161akra<\/strong><\/a> tugevdajana toidab Rodoniit ka s\u00fcgavat, omakasup\u00fc\u00fcdmatut armastust ning juhatab Sind m\u00f6\u00f6da sisemist rada, luues teed usaldusele, p\u00e4ikesevalgusele ning kaunile yini &amp; yangi tasakaalule.<\/p>\n<h3><strong>AHHAAT<\/strong><\/h3>\n<p>AHHAAT on saadaval k\u00f5igis vikerkaarev\u00e4rvides ning ta toob v\u00e4lja Sinu ainulaadse tugevuse ja j\u00f5u. Ahhaat on tasakaalustav, maandav ja hoiab Sind avatuna kogu k\u00fcllusele, mida universum soovib Sulle saata. Emotsionaalselt on Ahhaat suurep\u00e4rane kingitus enesekindluse t\u00f5stmiseks. Ahhadid j\u00f5u ja julguse kristallid, mis toetavad Sind kui soovid lahti lasta vanadest traumadest ning omaks v\u00f5tma omaenda t\u00f5e.<\/p>\n<h3><strong>HEMATIIT<\/strong><\/h3>\n<p>HEMATIIDI p\u00f5hitegevuseks on toetada Sind k\u00f5rgemate v\u00e4\u00e4rtuste otsimisel. Tume nagu \u00f6\u00f6, p\u00e4ikese k\u00e4es s\u00e4delev h\u00f5bedane ja rohke rauasisaldusega Hematiit on tuntud kui \u00fcks parimaid kive Sinu keskendumisv\u00f5ime t\u00f5stmiseks. Ta on v\u00e4\u00e4riskivi, mis tuletab Sulle meelde, et peaksid aeg-ajalt oma mugavustsoonist v\u00e4lja astuma ning otsima vastuseid nii maast kui taevast. T\u00e4nu oma s\u00fcgavale seosele looduse ja maaga on Hematiit <a href=\"https:\/\/mandalailu.ee\/en\/blogi\/juurtsakra\/\"><strong>juurt\u0161akrat<\/strong><\/a> toetav kristall, millel on suurep\u00e4rased maandusomadused, tagades selle, et Sinu juured oleksid masse kasvanud olenemata sellest, kui palju Sa tuule k\u00e4es k\u00f5igud. Hematiit aitab sul iga p\u00e4ev h\u00e4sti magada, selgelt m\u00f5elda ja terveneda. See toimib ka negatiivsete energiate peletamiseks, mis toob Sulle lisaks ka enesehinnangu t\u00f5usu.<\/p>\n<p>Oma ehteid luues on mul kindel teadmine, et igal valmival ehtel on tegelikult juba loomise ajal omanik olemas. Ta lihtsalt ei tea veel, et tema soovide ja taotlustega ehe on just sel hetkel kuskil end loomas. See on kanaldus. Usaldus. Energia. Mina k\u00fcsin universumilt juhiseid ja tema saadab need. Mispeale loon Sinu ehte siia ellu just Sulle vajalike kristallide ja taotlustega. Nii lihtne see ongi. Sinu \u00fclesanne on vaid oma ehe \u00e4ra tunda. L\u00e4bi oma s\u00fcdame.<\/p>\n<div>\n<div>\n<div>S\u00fcdame MALA-palvehelmed looja: K\u00e4rt Lumiste<\/div>\n<\/div>\n<div><b>Ole hoitud, l\u00e4bi armastuse<\/b><\/div>\n<\/div>","protected":false},"excerpt":{"rendered":"<blockquote><p>&#8220;Selle Mala toel tervendan \u00e4ra oma s\u00fcdame haavad, et teha teed paranemisele&#8221;<\/p><\/blockquote>\n<p>S\u00fcdame MALA-palvehelmed pole niisama kaunis kaelakee. Tegemist on vaimse v\u00e4eehtega, mille igasse s\u00f5lme on sisse punutud s\u00f5num. See s\u00f5num on seotud Sinuga, Sinu s\u00fcdame ja hingega, et toetada Sind just n\u00fc\u00fcd ja praegu, asjades, milles toetust vajad. Need on Sinu salasoovid.<\/p>\n<p>MALA-palvehelmed on loodud 108 kristallidets. Malasse on end s\u00f5lminud:<\/p>\n<ul>\n<li>Armastuse kristall RODONIIT<\/li>\n<li>Tasakaalustav AHHAAT<\/li>\n<li>Meele kivi HEMATIIT (v\u00e4rvitud)<\/li>\n<li>Guruks on metalne ornament<\/li>\n<li>Tutt<\/li>\n<\/ul>\n<p>Mala on <strong>ainueksemplar<\/strong> ja unikaalne ehe Sinu kaelas. Mala autoriks on K\u00e4rt Lumiste, kellele kingiti <strong>Mala punumise p\u00fchitsuse<\/strong> Indias, Haidakhanis, Babaji Ashramis.<\/p>\n<ul>\n<li>MALA j\u00f5uab Sinuni imeilusas <strong>kinkekarbis<\/strong><\/li>\n<li>Eesti sisene <strong>transport<\/strong> pakiautomaati on ALATI minu kulul<\/li>\n<li>Vali kohe, maksa hiljem v\u00f5imalus. Rohkem infot leiad<a href=\"https:\/\/mandalailu.ee\/en\/uld-ja-muugitingimused\/#jarelmaksu-voimalus\"><strong> SIIT<\/strong><\/a><\/li>\n<li>Loe BLOGI postitust: <a href=\"https:\/\/mandalailu.ee\/en\/blogi\/mis-on-mala\/\"><strong>\u201cMis on Mala?\u201d<\/strong><\/a><\/li>\n<\/ul>\n<p>Kui antud v\u00e4eehe Sind k\u00f5netab, on selle s\u00f5num m\u00f5eldud just Sulle. See on Sinu Mala. Tunne ta \u00e4ra. L\u00e4bi oma s\u00fcdame.<\/p>","protected":false},"featured_media":4727,"template":"","meta":{"_acf_changed":false},"product_brand":[],"product_cat":[16],"product_tag":[40],"class_list":{"0":"post-248","1":"product","2":"type-product","3":"status-publish","4":"has-post-thumbnail","6":"product_cat-mala-palvehelmed","7":"product_tag-sudametsakra","9":"first","10":"outofstock","11":"shipping-taxable","12":"purchasable","13":"product-type-simple"},"acf":[],"yoast_head":"<!-- This site is optimized with the Yoast SEO plugin v26.3 - https:\/\/yoast.com\/wordpress\/plugins\/seo\/ -->\n<title>S\u00fcdame MALA-palvehelmed - Mandala ilu<\/title>\n<meta name=\"description\" content=\"Mala pole niisama kaunis kaelakee. Tegemist on vaimse v\u00e4eehtega, mille igasse s\u00f5lme on sisse punutud s\u00f5num. S\u00fcdame MALA-palvehelmed\" \/>\n<meta name=\"robots\" content=\"index, follow, max-snippet:-1, max-image-preview:large, max-video-preview:-1\" \/>\n<link rel=\"canonical\" href=\"https:\/\/mandalailu.ee\/en\/product\/mala-palvehelmed-9\/\" \/>\n<meta property=\"og:locale\" content=\"en_US\" \/>\n<meta property=\"og:type\" content=\"article\" \/>\n<meta property=\"og:title\" content=\"S\u00fcdame MALA-palvehelmed - Mandala ilu\" \/>\n<meta property=\"og:description\" content=\"Mala pole niisama kaunis kaelakee. Tegemist on vaimse v\u00e4eehtega, mille igasse s\u00f5lme on sisse punutud s\u00f5num. S\u00fcdame MALA-palvehelmed\" \/>\n<meta property=\"og:url\" content=\"https:\/\/mandalailu.ee\/en\/product\/mala-palvehelmed-9\/\" \/>\n<meta property=\"og:site_name\" content=\"Mandala ilu\" \/>\n<meta property=\"article:publisher\" content=\"https:\/\/www.facebook.com\/MandalaILU\" \/>\n<meta property=\"article:modified_time\" content=\"2025-05-08T15:20:30+00:00\" \/>\n<meta property=\"og:image\" content=\"https:\/\/mandalailu.ee\/wp-content\/uploads\/2022\/04\/699-Mandala-ILU-stuudio-vaeehted-MALA-Rodoniit-Ahhaat-Hematiit-1.jpg\" \/>\n\t<meta property=\"og:image:width\" content=\"750\" \/>\n\t<meta property=\"og:image:height\" content=\"750\" \/>\n\t<meta property=\"og:image:type\" content=\"image\/jpeg\" \/>\n<meta name=\"twitter:card\" content=\"summary_large_image\" \/>\n<meta name=\"twitter:label1\" content=\"Est. reading time\" \/>\n\t<meta name=\"twitter:data1\" content=\"1 minute\" \/>\n<script type=\"application\/ld+json\" class=\"yoast-schema-graph\">{\"@context\":\"https:\/\/schema.org\",\"@graph\":[{\"@type\":\"WebPage\",\"@id\":\"https:\/\/mandalailu.ee\/toode\/mala-palvehelmed-9\/\",\"url\":\"https:\/\/mandalailu.ee\/toode\/mala-palvehelmed-9\/\",\"name\":\"S\u00fcdame MALA-palvehelmed - Mandala ilu\",\"isPartOf\":{\"@id\":\"https:\/\/mandalailu.ee\/#website\"},\"primaryImageOfPage\":{\"@id\":\"https:\/\/mandalailu.ee\/toode\/mala-palvehelmed-9\/#primaryimage\"},\"image\":{\"@id\":\"https:\/\/mandalailu.ee\/toode\/mala-palvehelmed-9\/#primaryimage\"},\"thumbnailUrl\":\"https:\/\/mandalailu.ee\/wp-content\/uploads\/2022\/04\/699-Mandala-ILU-stuudio-vaeehted-MALA-Rodoniit-Ahhaat-Hematiit-1.jpg\",\"datePublished\":\"2022-04-25T10:49:55+00:00\",\"dateModified\":\"2025-05-08T15:20:30+00:00\",\"description\":\"Mala pole niisama kaunis kaelakee. Tegemist on vaimse v\u00e4eehtega, mille igasse s\u00f5lme on sisse punutud s\u00f5num. S\u00fcdame MALA-palvehelmed\",\"breadcrumb\":{\"@id\":\"https:\/\/mandalailu.ee\/toode\/mala-palvehelmed-9\/#breadcrumb\"},\"inLanguage\":\"en-US\",\"potentialAction\":[{\"@type\":\"ReadAction\",\"target\":[\"https:\/\/mandalailu.ee\/toode\/mala-palvehelmed-9\/\"]}]},{\"@type\":\"ImageObject\",\"inLanguage\":\"en-US\",\"@id\":\"https:\/\/mandalailu.ee\/toode\/mala-palvehelmed-9\/#primaryimage\",\"url\":\"https:\/\/mandalailu.ee\/wp-content\/uploads\/2022\/04\/699-Mandala-ILU-stuudio-vaeehted-MALA-Rodoniit-Ahhaat-Hematiit-1.jpg\",\"contentUrl\":\"https:\/\/mandalailu.ee\/wp-content\/uploads\/2022\/04\/699-Mandala-ILU-stuudio-vaeehted-MALA-Rodoniit-Ahhaat-Hematiit-1.jpg\",\"width\":750,\"height\":750,\"caption\":\"Mandala ILU stuudio v\u00e4eehted \/ S\u00fcdame MALA-palvehelmed \/ Rodoniit, Ahhaat, Hematiit\"},{\"@type\":\"BreadcrumbList\",\"@id\":\"https:\/\/mandalailu.ee\/toode\/mala-palvehelmed-9\/#breadcrumb\",\"itemListElement\":[{\"@type\":\"ListItem\",\"position\":1,\"name\":\"Home\",\"item\":\"https:\/\/mandalailu.ee\/\"},{\"@type\":\"ListItem\",\"position\":2,\"name\":\"S\u00fcdame MALA-palvehelmed\"}]},{\"@type\":\"WebSite\",\"@id\":\"https:\/\/mandalailu.ee\/#website\",\"url\":\"https:\/\/mandalailu.ee\/\",\"name\":\"Mandala ilu\",\"description\":\"Unikaalsed k&auml;sit&ouml;&ouml;na valminud ehted\",\"publisher\":{\"@id\":\"https:\/\/mandalailu.ee\/#organization\"},\"potentialAction\":[{\"@type\":\"SearchAction\",\"target\":{\"@type\":\"EntryPoint\",\"urlTemplate\":\"https:\/\/mandalailu.ee\/?s={search_term_string}\"},\"query-input\":{\"@type\":\"PropertyValueSpecification\",\"valueRequired\":true,\"valueName\":\"search_term_string\"}}],\"inLanguage\":\"en-US\"},{\"@type\":\"Organization\",\"@id\":\"https:\/\/mandalailu.ee\/#organization\",\"name\":\"Mandala ILU\",\"url\":\"https:\/\/mandalailu.ee\/\",\"logo\":{\"@type\":\"ImageObject\",\"inLanguage\":\"en-US\",\"@id\":\"https:\/\/mandalailu.ee\/#\/schema\/logo\/image\/\",\"url\":\"https:\/\/mandalailu.ee\/wp-content\/uploads\/2022\/04\/cropped-Mandala-ILU-lill_block.jpg\",\"contentUrl\":\"https:\/\/mandalailu.ee\/wp-content\/uploads\/2022\/04\/cropped-Mandala-ILU-lill_block.jpg\",\"width\":512,\"height\":512,\"caption\":\"Mandala ILU\"},\"image\":{\"@id\":\"https:\/\/mandalailu.ee\/#\/schema\/logo\/image\/\"},\"sameAs\":[\"https:\/\/www.facebook.com\/MandalaILU\",\"https:\/\/www.instagram.com\/mandala.ilu.mala.ehted\/\"]}]}<\/script>\n<!-- \/ Yoast SEO plugin. -->","yoast_head_json":{"title":"S\u00fcdame MALA-palvehelmed - Mandala ilu","description":"Mala pole niisama kaunis kaelakee. Tegemist on vaimse v\u00e4eehtega, mille igasse s\u00f5lme on sisse punutud s\u00f5num. S\u00fcdame MALA-palvehelmed","robots":{"index":"index","follow":"follow","max-snippet":"max-snippet:-1","max-image-preview":"max-image-preview:large","max-video-preview":"max-video-preview:-1"},"canonical":"https:\/\/mandalailu.ee\/en\/product\/mala-palvehelmed-9\/","og_locale":"en_US","og_type":"article","og_title":"S\u00fcdame MALA-palvehelmed - Mandala ilu","og_description":"Mala pole niisama kaunis kaelakee. Tegemist on vaimse v\u00e4eehtega, mille igasse s\u00f5lme on sisse punutud s\u00f5num. S\u00fcdame MALA-palvehelmed","og_url":"https:\/\/mandalailu.ee\/en\/product\/mala-palvehelmed-9\/","og_site_name":"Mandala ilu","article_publisher":"https:\/\/www.facebook.com\/MandalaILU","article_modified_time":"2025-05-08T15:20:30+00:00","og_image":[{"width":750,"height":750,"url":"https:\/\/mandalailu.ee\/wp-content\/uploads\/2022\/04\/699-Mandala-ILU-stuudio-vaeehted-MALA-Rodoniit-Ahhaat-Hematiit-1.jpg","type":"image\/jpeg"}],"twitter_card":"summary_large_image","twitter_misc":{"Est. reading time":"1 minute"},"schema":{"@context":"https:\/\/schema.org","@graph":[{"@type":"WebPage","@id":"https:\/\/mandalailu.ee\/toode\/mala-palvehelmed-9\/","url":"https:\/\/mandalailu.ee\/toode\/mala-palvehelmed-9\/","name":"S\u00fcdame MALA-palvehelmed - Mandala ilu","isPartOf":{"@id":"https:\/\/mandalailu.ee\/#website"},"primaryImageOfPage":{"@id":"https:\/\/mandalailu.ee\/toode\/mala-palvehelmed-9\/#primaryimage"},"image":{"@id":"https:\/\/mandalailu.ee\/toode\/mala-palvehelmed-9\/#primaryimage"},"thumbnailUrl":"https:\/\/mandalailu.ee\/wp-content\/uploads\/2022\/04\/699-Mandala-ILU-stuudio-vaeehted-MALA-Rodoniit-Ahhaat-Hematiit-1.jpg","datePublished":"2022-04-25T10:49:55+00:00","dateModified":"2025-05-08T15:20:30+00:00","description":"Mala pole niisama kaunis kaelakee. Tegemist on vaimse v\u00e4eehtega, mille igasse s\u00f5lme on sisse punutud s\u00f5num. S\u00fcdame MALA-palvehelmed","breadcrumb":{"@id":"https:\/\/mandalailu.ee\/toode\/mala-palvehelmed-9\/#breadcrumb"},"inLanguage":"en-US","potentialAction":[{"@type":"ReadAction","target":["https:\/\/mandalailu.ee\/toode\/mala-palvehelmed-9\/"]}]},{"@type":"ImageObject","inLanguage":"en-US","@id":"https:\/\/mandalailu.ee\/toode\/mala-palvehelmed-9\/#primaryimage","url":"https:\/\/mandalailu.ee\/wp-content\/uploads\/2022\/04\/699-Mandala-ILU-stuudio-vaeehted-MALA-Rodoniit-Ahhaat-Hematiit-1.jpg","contentUrl":"https:\/\/mandalailu.ee\/wp-content\/uploads\/2022\/04\/699-Mandala-ILU-stuudio-vaeehted-MALA-Rodoniit-Ahhaat-Hematiit-1.jpg","width":750,"height":750,"caption":"Mandala ILU stuudio v\u00e4eehted \/ S\u00fcdame MALA-palvehelmed \/ Rodoniit, Ahhaat, Hematiit"},{"@type":"BreadcrumbList","@id":"https:\/\/mandalailu.ee\/toode\/mala-palvehelmed-9\/#breadcrumb","itemListElement":[{"@type":"ListItem","position":1,"name":"Home","item":"https:\/\/mandalailu.ee\/"},{"@type":"ListItem","position":2,"name":"S\u00fcdame MALA-palvehelmed"}]},{"@type":"WebSite","@id":"https:\/\/mandalailu.ee\/#website","url":"https:\/\/mandalailu.ee\/","name":"Mandala ilu","description":"Unikaalsed k&auml;sit&ouml;&ouml;na valminud ehted","publisher":{"@id":"https:\/\/mandalailu.ee\/#organization"},"potentialAction":[{"@type":"SearchAction","target":{"@type":"EntryPoint","urlTemplate":"https:\/\/mandalailu.ee\/?s={search_term_string}"},"query-input":{"@type":"PropertyValueSpecification","valueRequired":true,"valueName":"search_term_string"}}],"inLanguage":"en-US"},{"@type":"Organization","@id":"https:\/\/mandalailu.ee\/#organization","name":"Mandala ILU","url":"https:\/\/mandalailu.ee\/","logo":{"@type":"ImageObject","inLanguage":"en-US","@id":"https:\/\/mandalailu.ee\/#\/schema\/logo\/image\/","url":"https:\/\/mandalailu.ee\/wp-content\/uploads\/2022\/04\/cropped-Mandala-ILU-lill_block.jpg","contentUrl":"https:\/\/mandalailu.ee\/wp-content\/uploads\/2022\/04\/cropped-Mandala-ILU-lill_block.jpg","width":512,"height":512,"caption":"Mandala ILU"},"image":{"@id":"https:\/\/mandalailu.ee\/#\/schema\/logo\/image\/"},"sameAs":["https:\/\/www.facebook.com\/MandalaILU","https:\/\/www.instagram.com\/mandala.ilu.mala.ehted\/"]}]}},"_links":{"self":[{"href":"https:\/\/mandalailu.ee\/en\/wp-json\/wp\/v2\/product\/248","targetHints":{"allow":["GET"]}}],"collection":[{"href":"https:\/\/mandalailu.ee\/en\/wp-json\/wp\/v2\/product"}],"about":[{"href":"https:\/\/mandalailu.ee\/en\/wp-json\/wp\/v2\/types\/product"}],"wp:featuredmedia":[{"embeddable":true,"href":"https:\/\/mandalailu.ee\/en\/wp-json\/wp\/v2\/media\/4727"}],"wp:attachment":[{"href":"https:\/\/mandalailu.ee\/en\/wp-json\/wp\/v2\/media?parent=248"}],"wp:term":[{"taxonomy":"product_brand","embeddable":true,"href":"https:\/\/mandalailu.ee\/en\/wp-json\/wp\/v2\/product_brand?post=248"},{"taxonomy":"product_cat","embeddable":true,"href":"https:\/\/mandalailu.ee\/en\/wp-json\/wp\/v2\/product_cat?post=248"},{"taxonomy":"product_tag","embeddable":true,"href":"https:\/\/mandalailu.ee\/en\/wp-json\/wp\/v2\/product_tag?post=248"}],"curies":[{"name":"wp","href":"https:\/\/api.w.org\/{rel}","templated":true}]}}