{"id":252,"date":"2022-04-25T10:58:37","date_gmt":"2022-04-25T10:58:37","guid":{"rendered":"https:\/\/mandalailu.ee\/?post_type=product&#038;p=252"},"modified":"2025-05-04T16:18:25","modified_gmt":"2025-05-04T16:18:25","slug":"mala-palvehelmed-1","status":"publish","type":"product","link":"https:\/\/mandalailu.ee\/en\/product\/mala-palvehelmed-1\/","title":{"rendered":"K\u00fclluse MALA-palvehelmed"},"content":{"rendered":"<h2 style=\"text-align: center; padding-left: 40px;\"><strong>K\u00fclluse MALA-palvehelmed:<\/strong><\/h2>\n<h3><strong>M\u00c4EKRISTALL<\/strong><\/h3>\n<p><span style=\"font-weight: 400;\">M\u00c4EKRISTALLi peetakse meistertervendajaks, millel on tasakaalustavad ning energiav\u00f5imendavad omadused. Ta on \u00fcks t\u00e4htsamaid <\/span><a href=\"https:\/\/mandalailu.ee\/en\/blogi\/tsakrad\/\"><b>kroont\u0161akra <\/b><\/a><span style=\"font-weight: 400;\">kristalle ning imeline abiline seisva energia taas liikumisse suunamiseks. M\u00e4ekristall on\u00a0 vaimse ja emotsionaalse selguse toojaks ning hea abiline keskendumisel. Ta t\u00f6\u00f6tab mitmem\u00f5\u00f5tmelistel tasandil. M\u00e4ekristalli peetakse hinge s\u00fcgavpuhastajaks. \u00d6eldakse, et see n\u00e4itab ja ravib f\u00fc\u00fcsilise keha ja\/v\u00f5i aura ummistusi v\u00f5i n\u00f5rkusi.\u00a0\u00a0<\/span><\/p>\n<h3><strong>TSITRIIN<\/strong><\/h3>\n<p>TSITRIIN on optimismi, enesekindluse ja \u00fcks suurimaid k\u00fclluse kristalle. Too imeline kollane kristall on tuntud oma positiivsuse j\u00f5u poolest, mis t\u00f5stab enesehinnangut, puhastab <a href=\"https:\/\/mandalailu.ee\/en\/blogi\/paikesepoimik\/\"><strong>p\u00e4ikesep\u00f5imikut<\/strong><\/a> ja <a href=\"https:\/\/mandalailu.ee\/en\/blogi\/sakraaltsakra\/\"><strong>sakraalt\u0161akra<\/strong><\/a> ning kutsub esile k\u00fclluse, et saaksid t\u00e4ide oma viia iga kui viimase unistuse.<\/p>\n<h3><strong>TIIGRISILM<\/strong><\/h3>\n<p>TIIGRISILM pakub kaitset, toob esile Su tugevused ning teeb Sind julgemaks. Tiigrisilm on toeks negatiivse energia puhastamisel ja enesehinnangu t\u00f5stmisel. Tiigrisilma eesm\u00e4rk on \u00fchenduse loomine kahe madalama t\u0161akraga. Need kaks t\u0161akrat (<a href=\"https:\/\/mandalailu.ee\/en\/blogi\/juurtsakra\/\"><strong>juurt\u0161akra<\/strong><\/a> ja <a href=\"https:\/\/mandalailu.ee\/en\/blogi\/sakraaltsakra\/\"><strong>sakraalt\u0161akra<\/strong><\/a>) aitavad Sul end maandada ning \u00e4ratada Sinus v\u00f5itleja hinge. &#8220;Selle Malaga loon \u00fchenduse end sisemise julgusega ning astun sammu l\u00e4hemale seistes iseenda eest &#8221;<\/p>\n<h3><strong>HEMATIIT<\/strong><\/h3>\n<p>HEMATIIDI p\u00f5hitegevuseks on toetada Sind k\u00f5rgemate v\u00e4\u00e4rtuste otsimisel. Tume nagu \u00f6\u00f6, p\u00e4ikese k\u00e4es s\u00e4delev h\u00f5bedane ja rohke rauasisaldusega Hematiit on tuntud kui \u00fcks parimaid kive Sinu keskendumisv\u00f5ime t\u00f5stmiseks. Ta on v\u00e4\u00e4riskivi, mis tuletab Sulle meelde, et peaksid aeg-ajalt oma mugavustsoonist v\u00e4lja astuma ning otsima vastuseid nii maast kui taevast. T\u00e4nu oma s\u00fcgavale seosele looduse ja maaga on Hematiit juurt\u0161akrat toetav kristall, millel on suurep\u00e4rased maandusomadused, tagades selle, et Sinu juured oleksid masse kasvanud olenemata sellest, kui palju Sa tuule k\u00e4es k\u00f5igud. Hematiit aitab sul iga p\u00e4ev h\u00e4sti magada, selgelt m\u00f5elda ja terveneda. See toimib ka negatiivsete energiate peletamiseks, mis toob Sulle lisaks ka enesehinnangu t\u00f5usu.<\/p>\n<p>Leia <a href=\"https:\/\/mandalailu.ee\/en\/blogi\/mis-on-mala\/\"><strong>Mala<\/strong><\/a> juurde ka sobiv k\u00e4ev\u00f5ru <strong><a href=\"https:\/\/mandalailu.ee\/en\/product\/kaevoru-22\/\">SIIT<\/a><\/strong><\/p>\n<p>Oma ehteid luues on mul kindel teadmine, et igal valmival ehtel on tegelikult juba loomise ajal omanik olemas. Ta lihtsalt ei tea veel, et tema soovide ja taotlustega ehe on just sel hetkel kuskil end loomas. See on kanaldus. See on usaldus. See on energia. Mina k\u00fcsin universumilt juhiseid ja tema saadab need. Mispeale loon Sinu ehte siia ellu just Sulle vajalike kristallide ja taotlustega. Nii lihtne see ongi. Sinu \u00fclesanne on vaid oma ehe \u00e4ra tunda. L\u00e4bi oma s\u00fcdame.<\/p>\n<div>\n<div>\n<div>K\u00fclluse MALA-palvehelmed looja: K\u00e4rt Lumiste<\/div>\n<\/div>\n<div><b>Ole hoitud, l\u00e4bi armastuse<\/b><\/div>\n<\/div>","protected":false},"excerpt":{"rendered":"<blockquote><p><span style=\"font-weight: 400;\">&#8220;Selle Mala toel k\u00f5nnin k\u00fclluse rajal&#8221;<\/span><\/p><\/blockquote>\n<p>K\u00fclluse MALA-palvehelmed pole niisama kaunis kaelakee. Tegemist on vaimse v\u00e4eehtega, mille igasse s\u00f5lme on sisse punutud s\u00f5num. See s\u00f5num on seotud Sinuga, Sinu s\u00fcdame ja hingega, et toetada Sind just n\u00fc\u00fcd ja praegu, asjades, milles toetust vajad. Need on Sinu salasoovid.<\/p>\n<p><a href=\"https:\/\/mandalailu.ee\/en\/blogi\/mis-on-mala\/\">MALA-palvehelmed<\/a> on loodud 108 kristalli helmest. Antud Malasse on end s\u00f5lminud:<\/p>\n<ul>\n<li><span style=\"font-weight: 400;\">Meistertervendaja <\/span>M\u00c4EKRISTALL<\/li>\n<li>Suurimaid k\u00fclluse kristalle TSITRIIN<\/li>\n<li>Kaitsekivi TIIGRISILM<\/li>\n<li>Meele kivi HEMATIIT<\/li>\n<li>Guruks on metalne ornament<\/li>\n<li>Tutt<\/li>\n<\/ul>\n<p>Mala on <strong>ainueksemplar<\/strong> ja unikaalne ehe Sinu kaelas. Mala autoriks on K\u00e4rt Lumiste, kellele kingiti <strong>Mala punumise p\u00fchitsuse<\/strong> Indias, Haidakhanis, Babaji Ashramis.<\/p>\n<ul>\n<li>MALA j\u00f5uab Sinuni imeilusas kinkekarbis<\/li>\n<li>Eesti sisene\u00a0<strong>transport<\/strong>\u00a0pakiautomaati on ALATI minu kulul<\/li>\n<li><strong>Vali kohe, maksa hiljem v\u00f5imalus<\/strong>. Rohkem infot leiad <a href=\"https:\/\/mandalailu.ee\/en\/uld-ja-muugitingimused\/#jarelmaksu-voimalus\"><strong>SIIT<\/strong><\/a><\/li>\n<li>Loe BLOGI postitust: <a href=\"https:\/\/mandalailu.ee\/en\/blogi\/mis-on-mala\/\"><strong>\u201cMis on Mala?\u201d<\/strong><\/a><\/li>\n<\/ul>\n<p>Kui antud<a href=\"https:\/\/mandalailu.ee\/en\/blogi\/mis-on-mala\/\"> Mala<\/a> Sind k\u00f5netab, on selle s\u00f5num m\u00f5eldud just Sulle. See on Sinu Mala. Tunne ta \u00e4ra. L\u00e4bi oma s\u00fcdame.<\/p>","protected":false},"featured_media":4577,"template":"","meta":{"_acf_changed":false},"product_brand":[],"product_cat":[16],"product_tag":[39,38],"class_list":{"0":"post-252","1":"product","2":"type-product","3":"status-publish","4":"has-post-thumbnail","6":"product_cat-mala-palvehelmed","7":"product_tag-paikesepoimik","8":"product_tag-sakraaltsakra","10":"first","11":"outofstock","12":"shipping-taxable","13":"purchasable","14":"product-type-simple"},"acf":[],"yoast_head":"<!-- This site is optimized with the Yoast SEO plugin v26.3 - https:\/\/yoast.com\/wordpress\/plugins\/seo\/ -->\n<title>K\u00fclluse MALA-palvehelmed - Mandala ilu<\/title>\n<meta name=\"description\" content=\"Mala pole niisama kaunis kaelakee. Tegemist on kristallidest vaimse v\u00e4eehtega, mille igasse s\u00f5lme on sisse punutud s\u00f5num. K\u00fclluse MALA-palvehelmed\" \/>\n<meta name=\"robots\" content=\"index, follow, max-snippet:-1, max-image-preview:large, max-video-preview:-1\" \/>\n<link rel=\"canonical\" href=\"https:\/\/mandalailu.ee\/en\/product\/mala-palvehelmed-1\/\" \/>\n<meta property=\"og:locale\" content=\"en_US\" \/>\n<meta property=\"og:type\" content=\"article\" \/>\n<meta property=\"og:title\" content=\"K\u00fclluse MALA-palvehelmed - Mandala ilu\" \/>\n<meta property=\"og:description\" content=\"Mala pole niisama kaunis kaelakee. Tegemist on kristallidest vaimse v\u00e4eehtega, mille igasse s\u00f5lme on sisse punutud s\u00f5num. K\u00fclluse MALA-palvehelmed\" \/>\n<meta property=\"og:url\" content=\"https:\/\/mandalailu.ee\/en\/product\/mala-palvehelmed-1\/\" \/>\n<meta property=\"og:site_name\" content=\"Mandala ilu\" \/>\n<meta property=\"article:publisher\" content=\"https:\/\/www.facebook.com\/MandalaILU\" \/>\n<meta property=\"article:modified_time\" content=\"2025-05-04T16:18:25+00:00\" \/>\n<meta property=\"og:image\" content=\"https:\/\/mandalailu.ee\/wp-content\/uploads\/2025\/03\/681-Mandala-ILU-stuudio-vaeehted-Tsitriin-Tiigrisilm-Maekristall-1.jpg\" \/>\n\t<meta property=\"og:image:width\" content=\"750\" \/>\n\t<meta property=\"og:image:height\" content=\"750\" \/>\n\t<meta property=\"og:image:type\" content=\"image\/jpeg\" \/>\n<meta name=\"twitter:card\" content=\"summary_large_image\" \/>\n<meta name=\"twitter:label1\" content=\"Est. reading time\" \/>\n\t<meta name=\"twitter:data1\" content=\"2 minutes\" \/>\n<script type=\"application\/ld+json\" class=\"yoast-schema-graph\">{\"@context\":\"https:\/\/schema.org\",\"@graph\":[{\"@type\":\"WebPage\",\"@id\":\"https:\/\/mandalailu.ee\/toode\/mala-palvehelmed-1\/\",\"url\":\"https:\/\/mandalailu.ee\/toode\/mala-palvehelmed-1\/\",\"name\":\"K\u00fclluse MALA-palvehelmed - Mandala ilu\",\"isPartOf\":{\"@id\":\"https:\/\/mandalailu.ee\/#website\"},\"primaryImageOfPage\":{\"@id\":\"https:\/\/mandalailu.ee\/toode\/mala-palvehelmed-1\/#primaryimage\"},\"image\":{\"@id\":\"https:\/\/mandalailu.ee\/toode\/mala-palvehelmed-1\/#primaryimage\"},\"thumbnailUrl\":\"https:\/\/mandalailu.ee\/wp-content\/uploads\/2025\/03\/681-Mandala-ILU-stuudio-vaeehted-Tsitriin-Tiigrisilm-Maekristall-1.jpg\",\"datePublished\":\"2022-04-25T10:58:37+00:00\",\"dateModified\":\"2025-05-04T16:18:25+00:00\",\"description\":\"Mala pole niisama kaunis kaelakee. Tegemist on kristallidest vaimse v\u00e4eehtega, mille igasse s\u00f5lme on sisse punutud s\u00f5num. K\u00fclluse MALA-palvehelmed\",\"breadcrumb\":{\"@id\":\"https:\/\/mandalailu.ee\/toode\/mala-palvehelmed-1\/#breadcrumb\"},\"inLanguage\":\"en-US\",\"potentialAction\":[{\"@type\":\"ReadAction\",\"target\":[\"https:\/\/mandalailu.ee\/toode\/mala-palvehelmed-1\/\"]}]},{\"@type\":\"ImageObject\",\"inLanguage\":\"en-US\",\"@id\":\"https:\/\/mandalailu.ee\/toode\/mala-palvehelmed-1\/#primaryimage\",\"url\":\"https:\/\/mandalailu.ee\/wp-content\/uploads\/2025\/03\/681-Mandala-ILU-stuudio-vaeehted-Tsitriin-Tiigrisilm-Maekristall-1.jpg\",\"contentUrl\":\"https:\/\/mandalailu.ee\/wp-content\/uploads\/2025\/03\/681-Mandala-ILU-stuudio-vaeehted-Tsitriin-Tiigrisilm-Maekristall-1.jpg\",\"width\":750,\"height\":750,\"caption\":\"Mandala ILU stuudio v\u00e4eehted \/ K\u00fclluse MALA-palvehelmed \/ Tsitriin, Tiigrisilm, M\u00e4ekristall, Hematiit\"},{\"@type\":\"BreadcrumbList\",\"@id\":\"https:\/\/mandalailu.ee\/toode\/mala-palvehelmed-1\/#breadcrumb\",\"itemListElement\":[{\"@type\":\"ListItem\",\"position\":1,\"name\":\"Home\",\"item\":\"https:\/\/mandalailu.ee\/\"},{\"@type\":\"ListItem\",\"position\":2,\"name\":\"K\u00fclluse MALA-palvehelmed\"}]},{\"@type\":\"WebSite\",\"@id\":\"https:\/\/mandalailu.ee\/#website\",\"url\":\"https:\/\/mandalailu.ee\/\",\"name\":\"Mandala ilu\",\"description\":\"Unikaalsed k&auml;sit&ouml;&ouml;na valminud ehted\",\"publisher\":{\"@id\":\"https:\/\/mandalailu.ee\/#organization\"},\"potentialAction\":[{\"@type\":\"SearchAction\",\"target\":{\"@type\":\"EntryPoint\",\"urlTemplate\":\"https:\/\/mandalailu.ee\/?s={search_term_string}\"},\"query-input\":{\"@type\":\"PropertyValueSpecification\",\"valueRequired\":true,\"valueName\":\"search_term_string\"}}],\"inLanguage\":\"en-US\"},{\"@type\":\"Organization\",\"@id\":\"https:\/\/mandalailu.ee\/#organization\",\"name\":\"Mandala ILU\",\"url\":\"https:\/\/mandalailu.ee\/\",\"logo\":{\"@type\":\"ImageObject\",\"inLanguage\":\"en-US\",\"@id\":\"https:\/\/mandalailu.ee\/#\/schema\/logo\/image\/\",\"url\":\"https:\/\/mandalailu.ee\/wp-content\/uploads\/2022\/04\/cropped-Mandala-ILU-lill_block.jpg\",\"contentUrl\":\"https:\/\/mandalailu.ee\/wp-content\/uploads\/2022\/04\/cropped-Mandala-ILU-lill_block.jpg\",\"width\":512,\"height\":512,\"caption\":\"Mandala ILU\"},\"image\":{\"@id\":\"https:\/\/mandalailu.ee\/#\/schema\/logo\/image\/\"},\"sameAs\":[\"https:\/\/www.facebook.com\/MandalaILU\",\"https:\/\/www.instagram.com\/mandala.ilu.mala.ehted\/\"]}]}<\/script>\n<!-- \/ Yoast SEO plugin. -->","yoast_head_json":{"title":"K\u00fclluse MALA-palvehelmed - Mandala ilu","description":"Mala pole niisama kaunis kaelakee. Tegemist on kristallidest vaimse v\u00e4eehtega, mille igasse s\u00f5lme on sisse punutud s\u00f5num. K\u00fclluse MALA-palvehelmed","robots":{"index":"index","follow":"follow","max-snippet":"max-snippet:-1","max-image-preview":"max-image-preview:large","max-video-preview":"max-video-preview:-1"},"canonical":"https:\/\/mandalailu.ee\/en\/product\/mala-palvehelmed-1\/","og_locale":"en_US","og_type":"article","og_title":"K\u00fclluse MALA-palvehelmed - Mandala ilu","og_description":"Mala pole niisama kaunis kaelakee. Tegemist on kristallidest vaimse v\u00e4eehtega, mille igasse s\u00f5lme on sisse punutud s\u00f5num. K\u00fclluse MALA-palvehelmed","og_url":"https:\/\/mandalailu.ee\/en\/product\/mala-palvehelmed-1\/","og_site_name":"Mandala ilu","article_publisher":"https:\/\/www.facebook.com\/MandalaILU","article_modified_time":"2025-05-04T16:18:25+00:00","og_image":[{"width":750,"height":750,"url":"https:\/\/mandalailu.ee\/wp-content\/uploads\/2025\/03\/681-Mandala-ILU-stuudio-vaeehted-Tsitriin-Tiigrisilm-Maekristall-1.jpg","type":"image\/jpeg"}],"twitter_card":"summary_large_image","twitter_misc":{"Est. reading time":"2 minutes"},"schema":{"@context":"https:\/\/schema.org","@graph":[{"@type":"WebPage","@id":"https:\/\/mandalailu.ee\/toode\/mala-palvehelmed-1\/","url":"https:\/\/mandalailu.ee\/toode\/mala-palvehelmed-1\/","name":"K\u00fclluse MALA-palvehelmed - Mandala ilu","isPartOf":{"@id":"https:\/\/mandalailu.ee\/#website"},"primaryImageOfPage":{"@id":"https:\/\/mandalailu.ee\/toode\/mala-palvehelmed-1\/#primaryimage"},"image":{"@id":"https:\/\/mandalailu.ee\/toode\/mala-palvehelmed-1\/#primaryimage"},"thumbnailUrl":"https:\/\/mandalailu.ee\/wp-content\/uploads\/2025\/03\/681-Mandala-ILU-stuudio-vaeehted-Tsitriin-Tiigrisilm-Maekristall-1.jpg","datePublished":"2022-04-25T10:58:37+00:00","dateModified":"2025-05-04T16:18:25+00:00","description":"Mala pole niisama kaunis kaelakee. Tegemist on kristallidest vaimse v\u00e4eehtega, mille igasse s\u00f5lme on sisse punutud s\u00f5num. K\u00fclluse MALA-palvehelmed","breadcrumb":{"@id":"https:\/\/mandalailu.ee\/toode\/mala-palvehelmed-1\/#breadcrumb"},"inLanguage":"en-US","potentialAction":[{"@type":"ReadAction","target":["https:\/\/mandalailu.ee\/toode\/mala-palvehelmed-1\/"]}]},{"@type":"ImageObject","inLanguage":"en-US","@id":"https:\/\/mandalailu.ee\/toode\/mala-palvehelmed-1\/#primaryimage","url":"https:\/\/mandalailu.ee\/wp-content\/uploads\/2025\/03\/681-Mandala-ILU-stuudio-vaeehted-Tsitriin-Tiigrisilm-Maekristall-1.jpg","contentUrl":"https:\/\/mandalailu.ee\/wp-content\/uploads\/2025\/03\/681-Mandala-ILU-stuudio-vaeehted-Tsitriin-Tiigrisilm-Maekristall-1.jpg","width":750,"height":750,"caption":"Mandala ILU stuudio v\u00e4eehted \/ K\u00fclluse MALA-palvehelmed \/ Tsitriin, Tiigrisilm, M\u00e4ekristall, Hematiit"},{"@type":"BreadcrumbList","@id":"https:\/\/mandalailu.ee\/toode\/mala-palvehelmed-1\/#breadcrumb","itemListElement":[{"@type":"ListItem","position":1,"name":"Home","item":"https:\/\/mandalailu.ee\/"},{"@type":"ListItem","position":2,"name":"K\u00fclluse MALA-palvehelmed"}]},{"@type":"WebSite","@id":"https:\/\/mandalailu.ee\/#website","url":"https:\/\/mandalailu.ee\/","name":"Mandala ilu","description":"Unikaalsed k&auml;sit&ouml;&ouml;na valminud ehted","publisher":{"@id":"https:\/\/mandalailu.ee\/#organization"},"potentialAction":[{"@type":"SearchAction","target":{"@type":"EntryPoint","urlTemplate":"https:\/\/mandalailu.ee\/?s={search_term_string}"},"query-input":{"@type":"PropertyValueSpecification","valueRequired":true,"valueName":"search_term_string"}}],"inLanguage":"en-US"},{"@type":"Organization","@id":"https:\/\/mandalailu.ee\/#organization","name":"Mandala ILU","url":"https:\/\/mandalailu.ee\/","logo":{"@type":"ImageObject","inLanguage":"en-US","@id":"https:\/\/mandalailu.ee\/#\/schema\/logo\/image\/","url":"https:\/\/mandalailu.ee\/wp-content\/uploads\/2022\/04\/cropped-Mandala-ILU-lill_block.jpg","contentUrl":"https:\/\/mandalailu.ee\/wp-content\/uploads\/2022\/04\/cropped-Mandala-ILU-lill_block.jpg","width":512,"height":512,"caption":"Mandala ILU"},"image":{"@id":"https:\/\/mandalailu.ee\/#\/schema\/logo\/image\/"},"sameAs":["https:\/\/www.facebook.com\/MandalaILU","https:\/\/www.instagram.com\/mandala.ilu.mala.ehted\/"]}]}},"_links":{"self":[{"href":"https:\/\/mandalailu.ee\/en\/wp-json\/wp\/v2\/product\/252","targetHints":{"allow":["GET"]}}],"collection":[{"href":"https:\/\/mandalailu.ee\/en\/wp-json\/wp\/v2\/product"}],"about":[{"href":"https:\/\/mandalailu.ee\/en\/wp-json\/wp\/v2\/types\/product"}],"wp:featuredmedia":[{"embeddable":true,"href":"https:\/\/mandalailu.ee\/en\/wp-json\/wp\/v2\/media\/4577"}],"wp:attachment":[{"href":"https:\/\/mandalailu.ee\/en\/wp-json\/wp\/v2\/media?parent=252"}],"wp:term":[{"taxonomy":"product_brand","embeddable":true,"href":"https:\/\/mandalailu.ee\/en\/wp-json\/wp\/v2\/product_brand?post=252"},{"taxonomy":"product_cat","embeddable":true,"href":"https:\/\/mandalailu.ee\/en\/wp-json\/wp\/v2\/product_cat?post=252"},{"taxonomy":"product_tag","embeddable":true,"href":"https:\/\/mandalailu.ee\/en\/wp-json\/wp\/v2\/product_tag?post=252"}],"curies":[{"name":"wp","href":"https:\/\/api.w.org\/{rel}","templated":true}]}}