{"id":256,"date":"2022-04-25T11:06:02","date_gmt":"2022-04-25T11:06:02","guid":{"rendered":"https:\/\/mandalailu.ee\/?post_type=product&#038;p=256"},"modified":"2024-11-27T17:45:49","modified_gmt":"2024-11-27T17:45:49","slug":"mala-palvehelmed-10","status":"publish","type":"product","link":"https:\/\/mandalailu.ee\/en\/product\/mala-palvehelmed-10\/","title":{"rendered":"S\u00fcgavama mina MALA-palvehelmed"},"content":{"rendered":"<h2 style=\"text-align: center;\"><strong>S\u00fcgavama mina MALA-palvehelmed:<\/strong><\/h2>\n<h3><strong>AKVAMARIIN<\/strong><\/h3>\n<p>AKVAMARIINi t\u00e4hendus on emotsionaalne selgus. Akvamariin on ookean, mis on muutunud veest kiviks, kaotamata oma s\u00e4delevaid merev\u00e4rve, rahustavat olemust ega ka raviomadusi. Arvestades, et inimkeha koosneb seitsmek\u00fcmnest protsendist veest, pole ehk \u00fcllatav, et see ookeani s\u00e4rav kristall meie k\u00e4tte on usaldatud. Akvamariin t\u00e4idab Sind elueliksiiriga, peseb \u00e4ra j\u00e4\u00e4km\u00fcrgisuse ja hoiab Sind puhtana ja alati valmis laskma voolul end kanda k\u00f5ikjale, kuhu vajame. Akvamariini nimetatakse ka julguse kiviks, avaldades austust Sinu sisemisele j\u00f5ule ja vastupidavusele. Tal on v\u00f5ime aidata astuda varjust v\u00e4lja valgusesse. Igasugune suhtlusvorm, mis tekitab Sinus hirmu &#8211; olgu see siis avalik esinemine v\u00f5i lihtsalt oma vajaduste v\u00e4ljendamine s\u00f5pradele ja perele, Akvamariin t\u00f6\u00f6tab kurgut\u0161akraga, et hoida Sinu h\u00e4\u00e4l \u00fchtlasena ja tuua hinge j\u00f5udu. On viimane aeg \u00fclekoormus maha pesta, et saaksid astuda selge peaga suhtlemisse ja alustada elus asju, mida soovid.<b><br \/>\n<\/b><\/p>\n<h3><strong>AMASONIIT<\/strong><\/h3>\n<p>AMASONIIT on l\u00f5pmatu intuitsiooni ja s\u00fcdamekivi, mis sobib h\u00e4sti enese austamise, usalduse ja aususe tekitamiseks. Ta on lootuse kivi. T\u00e4nu oma s\u00fcgavale tervendavale energiale ja rahustavale m\u00f5jule, ravib Amasoniit, nii kehas kui vaimus,k\u00f5ik haavad. Ta kohandub oma kandjaga, luues t\u00f5de, au. Kui tunned end \u00e4revana, tajud peagi Amasoniiti kandes, et traumad sinu sees leebuvad ning, et armastuse ja m\u00f5istmise v\u00e4ljendamine polegi enam nii raske. Amasoniit harutab Sind lahti k\u00f5ige kaunimatel viisidel ja t\u00e4idab Sind tervendavate omadustega, mida vajad, et elada v\u00e4ljaspool hirmu piire.<\/p>\n<h3><b>KR\u00dcSOKOLLA<\/b><\/h3>\n<p>Jumalannade kivina tuntud<b> KR\u00dcSOKOLLA<\/b> puudutab Sinu k\u00f5rgeimaid t\u00f5desid. Imelistes sinakates ja rohekates toonides Kr\u00fcsokolla on kui voolav vesi, mis kannab Sind l\u00e4bi elu, kus pole hirme. Niipea, kui lubad Kr\u00fcsokolla oma ellu,\u00a0 tunned kuidas mured lihtsalt haihtuvad. V\u00e4geva t\u00f5e kivina, ei lase Kr\u00fcsokolla Sul huulde hammustada vaid toetab Sinu hingeh\u00e4\u00e4lel laulva linnuna lendu t\u00f5usta. Sinus saab iseenda k\u00f5ige suurem f\u00e4nn ja \u00f5petaja. Kuula oma s\u00fcdame s\u00fcgavust ja suhtle maailmaga. Kr\u00fcsokolla pehme ja n\u00f5tke aura on olnud tarkade naiste lemmik l\u00e4bi sajandite. See on kivi, mis lahustab \u00e4revuse, kui on vaja p\u00f5geneda v\u00f5i lendu t\u00f5usta, ja annab Sulle vajaliku rahu, et m\u00f5nda aega paigal seista.<\/p>\n<h3><strong>T\u00dcRKIIS<\/strong><\/h3>\n<p>T\u00dcRKIISiga sukeldud otse pehmesse taevasinisesse vette ja tema puhastavasse rahulikku energiasse. See kaunis sinakasroheline kristall kubiseb k\u00f5igist ookeani varjunditest, \u00fchendudes <a href=\"https:\/\/mandalailu.ee\/en\/blogi\/tsakrad\/\"><strong>kurgut\u0161akraga<\/strong><\/a>, et saaksid r\u00e4\u00e4kida oma t\u00f5tt. Looduslike varjunditeg on see p\u00fcha kivi siin, et tuua t\u00e4iendavat vaimset puhastust. Sinine on v\u00e4rv, mis rahustab hinge, mis tuletab meelde veevoolu, maa puhastavat energiat ja energiatulva, mis v\u00f5ib tulla s\u00fcgavalt Sinu seest. T\u00fcrkiis on \u00fcks ajaloo vanimaid ravikive. See on kivi, mis toob \u00f5nne, ravib vanu haavu ja koob Sinu maailma rohkem elujaatavust. T\u00fcrkiis on pehme ja \u00f5rn t\u00f5eotsija. See kutsub Sind sukelduma pinna alla ja aru saama, mis Sinu jaoks t\u00f6\u00f6tab ja mis mitte.<\/p>\n<h3><strong>M\u00c4EKRISTALL<\/strong><\/h3>\n<p>M\u00c4EKRISTALLi peetakse meistertervendajaks, millel on tasakaalustavad ning energiav\u00f5imendavad omadused. Ta on \u00fcks t\u00e4htsamaid <a href=\"https:\/\/mandalailu.ee\/en\/blogi\/tsakrad\/\"><strong>kroont\u0161akra<\/strong><\/a> kristalle ning imeline abiline seisva energia taas liikumisse suunamiseks. M\u00e4ekristall on vaimse ja emotsionaalse selguse toojaks ning hea abiline keskendumisel. Ta t\u00f6\u00f6tab mitmem\u00f5\u00f5tmelistel tasandil. M\u00e4ekristalli peetakse hinge s\u00fcgavpuhastajaks. \u00d6eldakse, et see n\u00e4itab ja ravib f\u00fc\u00fcsilise keha ja\/v\u00f5i aura ummistusi v\u00f5i n\u00f5rkusi.<\/p>\n<p>Leia &#8220;S\u00fcgavama mina MALA-palvehelmed&#8221; juurde ka sobiv k\u00e4ev\u00f5ru <a href=\"https:\/\/mandalailu.ee\/en\/product-category\/kaevorud\/\"><strong>SIIT<\/strong><\/a><\/p>\n<ul>\n<li>K\u00f5ik Minu ehted on 100% k\u00e4sit\u00f6\u00f6 ning ainueksemplarid, loodud puhtast armastusest ning loomisj\u00f5ust, l\u00e4bi kanalduse, Tema kandjale.<\/li>\n<li>Minu ehted kannavad endas naiselikku ilu, poolv\u00e4\u00e4riskivide toetust ning p\u00fchitsetud v\u00e4ge.<\/li>\n<li>Enne uude koju j\u00f5udmist on ehe energeetiliselt puhastatud ja laetud.<\/li>\n<\/ul>\n<div class=\"woocommerce-tabs\">\n<div>\n<div>S\u00fcgavama mina MALA-palvehelmed looja: K\u00e4rt Lumiste<\/div>\n<\/div>\n<div><b>Ole hoitud, l\u00e4bi armastuse<\/b><\/div>\n<\/div>\n<section class=\"related products\"><\/section>","protected":false},"excerpt":{"rendered":"<blockquote><p><em><span style=\"font-weight: 400;\">&#8220;Selle Mala toel austan oma s\u00fcgavamat mina ning<\/span><span style=\"font-weight: 400;\"> lasen elul kanda end kui voolaval veel<\/span><span style=\"font-weight: 400;\">&#8220;<\/span><\/em><\/p><\/blockquote>\n<p>S\u00fcgavama mina MALA-palvehelmed pole niisama kaunis kaelakee. Tegemist on vaimse v\u00e4eehtega, mille igasse s\u00f5lme on sisse punutud s\u00f5num. See s\u00f5num on seotud Sinuga, Sinu s\u00fcdame ja hingega, et toetada Sind just n\u00fc\u00fcd ja praegu, asjades, milles toetust vajad. Need on Sinu salasoovid.<\/p>\n<p>Mala &#8211; Palvehelmed on loodud 108 helmest. Antud Malasse on end s\u00f5lminud:<\/p>\n<ul>\n<li>Emotsionaalse selgus kivi <b>AKVAMARIIN <\/b><\/li>\n<li>Intuitsiooni ja s\u00fcdamekivi <strong>AMASONIIT<\/strong><\/li>\n<li>Jumalannade kristall <b>KR\u00dcSOKOLLA <\/b><\/li>\n<li>T\u00f5e kristall <strong>T\u00dcRKIIS<\/strong><\/li>\n<li>Meistertervendaja <strong>M\u00c4EKRISTALL<\/strong><\/li>\n<li>Guruks on samuti <strong>M\u00c4EKRISTALL<\/strong><\/li>\n<li>Tutt<\/li>\n<li>MALA j\u00f5uab Sinuni imeilusas kinkekarbis<\/li>\n<li><strong>Vali kohe, maksa hiljem v\u00f5imalus<\/strong>. Rohkem infot leiad <a href=\"https:\/\/mandalailu.ee\/en\/uld-ja-muugitingimused\/#jarelmaksu-voimalus\"><strong>SIIT<\/strong><\/a><\/li>\n<li>Loe BLOGI postitust: <a href=\"https:\/\/mandalailu.ee\/en\/blogi\/mis-on-mala\/\"><strong>\u201cMis on Mala?\u201d<\/strong><\/a><\/li>\n<\/ul>\n<p>Kui antud v\u00e4eehe Sind k\u00f5netab, on selle s\u00f5num m\u00f5eldud just Sulle. See on Sinu Mala. Tunne ta \u00e4ra. L\u00e4bi oma s\u00fcdame.<\/p>","protected":false},"featured_media":2599,"template":"","meta":{"_acf_changed":false},"product_brand":[],"product_cat":[16],"product_tag":[41],"class_list":{"0":"post-256","1":"product","2":"type-product","3":"status-publish","4":"has-post-thumbnail","6":"product_cat-mala-palvehelmed","7":"product_tag-kurgutsakra","9":"first","10":"outofstock","11":"shipping-taxable","12":"product-type-simple"},"acf":[],"yoast_head":"<!-- This site is optimized with the Yoast SEO plugin v26.3 - https:\/\/yoast.com\/wordpress\/plugins\/seo\/ -->\n<title>S\u00fcgavama mina MALA-palvehelmed - Mandala ilu<\/title>\n<meta name=\"description\" content=\"Mala ehk palvehelmed pole niisama kaunis kaelakee. Tegemist on vaimse v\u00e4eehtega, mille igasse s\u00f5lme on sisse punutud s\u00f5num. S\u00fcgavama mina MALA-palvehelmed\" \/>\n<meta name=\"robots\" content=\"index, follow, max-snippet:-1, max-image-preview:large, max-video-preview:-1\" \/>\n<link rel=\"canonical\" href=\"https:\/\/mandalailu.ee\/en\/product\/mala-palvehelmed-10\/\" \/>\n<meta property=\"og:locale\" content=\"en_US\" \/>\n<meta property=\"og:type\" content=\"article\" \/>\n<meta property=\"og:title\" content=\"S\u00fcgavama mina MALA-palvehelmed - Mandala ilu\" \/>\n<meta property=\"og:description\" content=\"Mala ehk palvehelmed pole niisama kaunis kaelakee. Tegemist on vaimse v\u00e4eehtega, mille igasse s\u00f5lme on sisse punutud s\u00f5num. S\u00fcgavama mina MALA-palvehelmed\" \/>\n<meta property=\"og:url\" content=\"https:\/\/mandalailu.ee\/en\/product\/mala-palvehelmed-10\/\" \/>\n<meta property=\"og:site_name\" content=\"Mandala ilu\" \/>\n<meta property=\"article:publisher\" content=\"https:\/\/www.facebook.com\/MandalaILU\" \/>\n<meta property=\"article:modified_time\" content=\"2024-11-27T17:45:49+00:00\" \/>\n<meta property=\"og:image\" content=\"https:\/\/mandalailu.ee\/wp-content\/uploads\/2022\/04\/492-Mandala-ILU-vaeehted-Akvamariin-amasoniit-Turkiis-Maekristall-1.jpg\" \/>\n\t<meta property=\"og:image:width\" content=\"750\" \/>\n\t<meta property=\"og:image:height\" content=\"750\" \/>\n\t<meta property=\"og:image:type\" content=\"image\/jpeg\" \/>\n<meta name=\"twitter:card\" content=\"summary_large_image\" \/>\n<meta name=\"twitter:label1\" content=\"Est. reading time\" \/>\n\t<meta name=\"twitter:data1\" content=\"1 minute\" \/>\n<script type=\"application\/ld+json\" class=\"yoast-schema-graph\">{\"@context\":\"https:\/\/schema.org\",\"@graph\":[{\"@type\":\"WebPage\",\"@id\":\"https:\/\/mandalailu.ee\/toode\/mala-palvehelmed-10\/\",\"url\":\"https:\/\/mandalailu.ee\/toode\/mala-palvehelmed-10\/\",\"name\":\"S\u00fcgavama mina MALA-palvehelmed - Mandala ilu\",\"isPartOf\":{\"@id\":\"https:\/\/mandalailu.ee\/#website\"},\"primaryImageOfPage\":{\"@id\":\"https:\/\/mandalailu.ee\/toode\/mala-palvehelmed-10\/#primaryimage\"},\"image\":{\"@id\":\"https:\/\/mandalailu.ee\/toode\/mala-palvehelmed-10\/#primaryimage\"},\"thumbnailUrl\":\"https:\/\/mandalailu.ee\/wp-content\/uploads\/2022\/04\/492-Mandala-ILU-vaeehted-Akvamariin-amasoniit-Turkiis-Maekristall-1.jpg\",\"datePublished\":\"2022-04-25T11:06:02+00:00\",\"dateModified\":\"2024-11-27T17:45:49+00:00\",\"description\":\"Mala ehk palvehelmed pole niisama kaunis kaelakee. Tegemist on vaimse v\u00e4eehtega, mille igasse s\u00f5lme on sisse punutud s\u00f5num. S\u00fcgavama mina MALA-palvehelmed\",\"breadcrumb\":{\"@id\":\"https:\/\/mandalailu.ee\/toode\/mala-palvehelmed-10\/#breadcrumb\"},\"inLanguage\":\"en-US\",\"potentialAction\":[{\"@type\":\"ReadAction\",\"target\":[\"https:\/\/mandalailu.ee\/toode\/mala-palvehelmed-10\/\"]}]},{\"@type\":\"ImageObject\",\"inLanguage\":\"en-US\",\"@id\":\"https:\/\/mandalailu.ee\/toode\/mala-palvehelmed-10\/#primaryimage\",\"url\":\"https:\/\/mandalailu.ee\/wp-content\/uploads\/2022\/04\/492-Mandala-ILU-vaeehted-Akvamariin-amasoniit-Turkiis-Maekristall-1.jpg\",\"contentUrl\":\"https:\/\/mandalailu.ee\/wp-content\/uploads\/2022\/04\/492-Mandala-ILU-vaeehted-Akvamariin-amasoniit-Turkiis-Maekristall-1.jpg\",\"width\":750,\"height\":750,\"caption\":\"Mandala ILU v\u00e4eehted \/ S\u00fcgavama mina MALA-palvehelmed \/ Akvamariin, Amasoniit, T\u00fcrkiis, Kr\u00fcsokolla, M\u00e4ekristall\"},{\"@type\":\"BreadcrumbList\",\"@id\":\"https:\/\/mandalailu.ee\/toode\/mala-palvehelmed-10\/#breadcrumb\",\"itemListElement\":[{\"@type\":\"ListItem\",\"position\":1,\"name\":\"Home\",\"item\":\"https:\/\/mandalailu.ee\/\"},{\"@type\":\"ListItem\",\"position\":2,\"name\":\"S\u00fcgavama mina MALA-palvehelmed\"}]},{\"@type\":\"WebSite\",\"@id\":\"https:\/\/mandalailu.ee\/#website\",\"url\":\"https:\/\/mandalailu.ee\/\",\"name\":\"Mandala ilu\",\"description\":\"Unikaalsed k&auml;sit&ouml;&ouml;na valminud ehted\",\"publisher\":{\"@id\":\"https:\/\/mandalailu.ee\/#organization\"},\"potentialAction\":[{\"@type\":\"SearchAction\",\"target\":{\"@type\":\"EntryPoint\",\"urlTemplate\":\"https:\/\/mandalailu.ee\/?s={search_term_string}\"},\"query-input\":{\"@type\":\"PropertyValueSpecification\",\"valueRequired\":true,\"valueName\":\"search_term_string\"}}],\"inLanguage\":\"en-US\"},{\"@type\":\"Organization\",\"@id\":\"https:\/\/mandalailu.ee\/#organization\",\"name\":\"Mandala ILU\",\"url\":\"https:\/\/mandalailu.ee\/\",\"logo\":{\"@type\":\"ImageObject\",\"inLanguage\":\"en-US\",\"@id\":\"https:\/\/mandalailu.ee\/#\/schema\/logo\/image\/\",\"url\":\"https:\/\/mandalailu.ee\/wp-content\/uploads\/2022\/04\/cropped-Mandala-ILU-lill_block.jpg\",\"contentUrl\":\"https:\/\/mandalailu.ee\/wp-content\/uploads\/2022\/04\/cropped-Mandala-ILU-lill_block.jpg\",\"width\":512,\"height\":512,\"caption\":\"Mandala ILU\"},\"image\":{\"@id\":\"https:\/\/mandalailu.ee\/#\/schema\/logo\/image\/\"},\"sameAs\":[\"https:\/\/www.facebook.com\/MandalaILU\",\"https:\/\/www.instagram.com\/mandala.ilu.mala.ehted\/\"]}]}<\/script>\n<!-- \/ Yoast SEO plugin. -->","yoast_head_json":{"title":"S\u00fcgavama mina MALA-palvehelmed - Mandala ilu","description":"Mala ehk palvehelmed pole niisama kaunis kaelakee. Tegemist on vaimse v\u00e4eehtega, mille igasse s\u00f5lme on sisse punutud s\u00f5num. S\u00fcgavama mina MALA-palvehelmed","robots":{"index":"index","follow":"follow","max-snippet":"max-snippet:-1","max-image-preview":"max-image-preview:large","max-video-preview":"max-video-preview:-1"},"canonical":"https:\/\/mandalailu.ee\/en\/product\/mala-palvehelmed-10\/","og_locale":"en_US","og_type":"article","og_title":"S\u00fcgavama mina MALA-palvehelmed - Mandala ilu","og_description":"Mala ehk palvehelmed pole niisama kaunis kaelakee. Tegemist on vaimse v\u00e4eehtega, mille igasse s\u00f5lme on sisse punutud s\u00f5num. S\u00fcgavama mina MALA-palvehelmed","og_url":"https:\/\/mandalailu.ee\/en\/product\/mala-palvehelmed-10\/","og_site_name":"Mandala ilu","article_publisher":"https:\/\/www.facebook.com\/MandalaILU","article_modified_time":"2024-11-27T17:45:49+00:00","og_image":[{"width":750,"height":750,"url":"https:\/\/mandalailu.ee\/wp-content\/uploads\/2022\/04\/492-Mandala-ILU-vaeehted-Akvamariin-amasoniit-Turkiis-Maekristall-1.jpg","type":"image\/jpeg"}],"twitter_card":"summary_large_image","twitter_misc":{"Est. reading time":"1 minute"},"schema":{"@context":"https:\/\/schema.org","@graph":[{"@type":"WebPage","@id":"https:\/\/mandalailu.ee\/toode\/mala-palvehelmed-10\/","url":"https:\/\/mandalailu.ee\/toode\/mala-palvehelmed-10\/","name":"S\u00fcgavama mina MALA-palvehelmed - Mandala ilu","isPartOf":{"@id":"https:\/\/mandalailu.ee\/#website"},"primaryImageOfPage":{"@id":"https:\/\/mandalailu.ee\/toode\/mala-palvehelmed-10\/#primaryimage"},"image":{"@id":"https:\/\/mandalailu.ee\/toode\/mala-palvehelmed-10\/#primaryimage"},"thumbnailUrl":"https:\/\/mandalailu.ee\/wp-content\/uploads\/2022\/04\/492-Mandala-ILU-vaeehted-Akvamariin-amasoniit-Turkiis-Maekristall-1.jpg","datePublished":"2022-04-25T11:06:02+00:00","dateModified":"2024-11-27T17:45:49+00:00","description":"Mala ehk palvehelmed pole niisama kaunis kaelakee. Tegemist on vaimse v\u00e4eehtega, mille igasse s\u00f5lme on sisse punutud s\u00f5num. S\u00fcgavama mina MALA-palvehelmed","breadcrumb":{"@id":"https:\/\/mandalailu.ee\/toode\/mala-palvehelmed-10\/#breadcrumb"},"inLanguage":"en-US","potentialAction":[{"@type":"ReadAction","target":["https:\/\/mandalailu.ee\/toode\/mala-palvehelmed-10\/"]}]},{"@type":"ImageObject","inLanguage":"en-US","@id":"https:\/\/mandalailu.ee\/toode\/mala-palvehelmed-10\/#primaryimage","url":"https:\/\/mandalailu.ee\/wp-content\/uploads\/2022\/04\/492-Mandala-ILU-vaeehted-Akvamariin-amasoniit-Turkiis-Maekristall-1.jpg","contentUrl":"https:\/\/mandalailu.ee\/wp-content\/uploads\/2022\/04\/492-Mandala-ILU-vaeehted-Akvamariin-amasoniit-Turkiis-Maekristall-1.jpg","width":750,"height":750,"caption":"Mandala ILU v\u00e4eehted \/ S\u00fcgavama mina MALA-palvehelmed \/ Akvamariin, Amasoniit, T\u00fcrkiis, Kr\u00fcsokolla, M\u00e4ekristall"},{"@type":"BreadcrumbList","@id":"https:\/\/mandalailu.ee\/toode\/mala-palvehelmed-10\/#breadcrumb","itemListElement":[{"@type":"ListItem","position":1,"name":"Home","item":"https:\/\/mandalailu.ee\/"},{"@type":"ListItem","position":2,"name":"S\u00fcgavama mina MALA-palvehelmed"}]},{"@type":"WebSite","@id":"https:\/\/mandalailu.ee\/#website","url":"https:\/\/mandalailu.ee\/","name":"Mandala ilu","description":"Unikaalsed k&auml;sit&ouml;&ouml;na valminud ehted","publisher":{"@id":"https:\/\/mandalailu.ee\/#organization"},"potentialAction":[{"@type":"SearchAction","target":{"@type":"EntryPoint","urlTemplate":"https:\/\/mandalailu.ee\/?s={search_term_string}"},"query-input":{"@type":"PropertyValueSpecification","valueRequired":true,"valueName":"search_term_string"}}],"inLanguage":"en-US"},{"@type":"Organization","@id":"https:\/\/mandalailu.ee\/#organization","name":"Mandala ILU","url":"https:\/\/mandalailu.ee\/","logo":{"@type":"ImageObject","inLanguage":"en-US","@id":"https:\/\/mandalailu.ee\/#\/schema\/logo\/image\/","url":"https:\/\/mandalailu.ee\/wp-content\/uploads\/2022\/04\/cropped-Mandala-ILU-lill_block.jpg","contentUrl":"https:\/\/mandalailu.ee\/wp-content\/uploads\/2022\/04\/cropped-Mandala-ILU-lill_block.jpg","width":512,"height":512,"caption":"Mandala ILU"},"image":{"@id":"https:\/\/mandalailu.ee\/#\/schema\/logo\/image\/"},"sameAs":["https:\/\/www.facebook.com\/MandalaILU","https:\/\/www.instagram.com\/mandala.ilu.mala.ehted\/"]}]}},"_links":{"self":[{"href":"https:\/\/mandalailu.ee\/en\/wp-json\/wp\/v2\/product\/256","targetHints":{"allow":["GET"]}}],"collection":[{"href":"https:\/\/mandalailu.ee\/en\/wp-json\/wp\/v2\/product"}],"about":[{"href":"https:\/\/mandalailu.ee\/en\/wp-json\/wp\/v2\/types\/product"}],"wp:featuredmedia":[{"embeddable":true,"href":"https:\/\/mandalailu.ee\/en\/wp-json\/wp\/v2\/media\/2599"}],"wp:attachment":[{"href":"https:\/\/mandalailu.ee\/en\/wp-json\/wp\/v2\/media?parent=256"}],"wp:term":[{"taxonomy":"product_brand","embeddable":true,"href":"https:\/\/mandalailu.ee\/en\/wp-json\/wp\/v2\/product_brand?post=256"},{"taxonomy":"product_cat","embeddable":true,"href":"https:\/\/mandalailu.ee\/en\/wp-json\/wp\/v2\/product_cat?post=256"},{"taxonomy":"product_tag","embeddable":true,"href":"https:\/\/mandalailu.ee\/en\/wp-json\/wp\/v2\/product_tag?post=256"}],"curies":[{"name":"wp","href":"https:\/\/api.w.org\/{rel}","templated":true}]}}