{"id":276,"date":"2022-04-25T13:14:45","date_gmt":"2022-04-25T13:14:45","guid":{"rendered":"https:\/\/mandalailu.ee\/?post_type=product&#038;p=276"},"modified":"2026-04-30T05:46:50","modified_gmt":"2026-04-30T05:46:50","slug":"mala-palvehelmed-14","status":"publish","type":"product","link":"https:\/\/mandalailu.ee\/en\/product\/mala-palvehelmed-14\/","title":{"rendered":"Rudraksha MALA. \u00d5nnistatud palvehelmed Indiast"},"content":{"rendered":"<h2 style=\"text-align: center;\"><strong>Rudraksha MALA. \u00d5nnistatud palvehelmed Indiast:<\/strong><\/h2>\n<h3><b>RUDRAKSHA<\/b><\/h3>\n<p>Mitte \u00fctegi seemet pole nii palju erinevates vaimsetes lugudes mainitud kui seda on Rudraksha seeme. Himaalaja jalamilt leitud Rudraksha puu seemneid tuntakse ka kui \u0160iva pisaraid ning iidsete tekstide kohaselt on neil v\u00f5im hinge t\u00f5sta. Rudraksha Mala kandmine on maagiline viis kehale, vaimule ja hingele jumaliku kaitse andmiseks. Kui me arutame Rudraksha nime lahti, on s\u00f5na Rudra, Lord Shivale antud teine nimi ja Ksha t\u00e4hendab sanskriti keeles pisaraid. \u00d6eldakse, et lord Shiva laskus kunagi s\u00fcgavasse meditatsiooni, mis keskendus k\u00f5igi elusolendite heaolule. Meditasioonist v\u00e4lja tulles valas ta pisaraid, kuna hakkas m\u00f5istma elu kannatusi. Maa neelas need pisaraid ja neist said seemned, millest Rudraksha puu olla kasvama hakanud. Ka \u0160iva kujutistes n\u00e4eme tema keha \u00fcmber m\u00e4hitud Mala palvehelmeid. Kanna Rudraksha Malat vastu nahka, et lasta magusatel iidsetel seemnetel t\u00e4ita Sinu s\u00fcda armastusega, suurendada vastupidavust ja toita igat rakku selgusega, et elu l\u00e4bi kergusega liikuda. Rudraksha Mala kasutamine meditatiivse praktika ajal on populaarne tava, et hoida Sind \u00fchenduses ja keskendunud.<\/p>\n<p data-section-id=\"1kl643\" data-start=\"586\" data-end=\"640\"><strong data-start=\"589\" data-end=\"640\">Sobib ideaalselt ka kingituseks inimesele, kes\u2026\u00a0<\/strong>armastab meditatsiooni, joogat v\u00f5i soovib alustada mantrate teadlikku praktikat.<\/p>\n<ul>\n<li>Hoia Malat austusega, sest Mala on traditsiooniliselt p\u00fcha meditatsioonivahend<\/li>\n<li>Mala on valmistatud Indias<\/li>\n<li><strong>Vali kohe, maksa hiljem v\u00f5imalus<\/strong>. Rohkem infot\u00a0<a href=\"https:\/\/mandalailu.ee\/en\/uld-ja-muugitingimused\/#jarelmaksu-voimalus\"><strong>SIIT\u00a0<\/strong><\/a><\/li>\n<li>Kui sa t\u00e4pselt veel ei tea mis on MALA siis loe BLOGI postitust: <a href=\"https:\/\/mandalailu.ee\/en\/blogi\/mis-on-mala\/\"><strong>\u201cMis on Mala?\u201d\u00a0<\/strong><\/a><\/li>\n<li>Kui Sa tahad Mantrate lugemise kohta rohkem teada siis vajuta <a href=\"https:\/\/mandalailu.ee\/en\/blogi\/mantrad\/\"><strong>SIIA<\/strong><\/a><\/li>\n<\/ul>\n<p>Leia Mala juurde ka sobiv k\u00e4ev\u00f5ru\u00a0<strong><a href=\"https:\/\/mandalailu.ee\/en\/product-category\/kaevorud\/\">SIIT<\/a><\/strong><\/p>\n<div>\n<div>Rudraksha MALA. \u00d5nnistatud palvehelmed t\u00f5in kaasa Indiast, Haidakhani Babaji Ashramist<\/div>\n<\/div>\n<div><b>Ole hoitud, l\u00e4bi armastuse<\/b><\/div>","protected":false},"excerpt":{"rendered":"<p data-start=\"838\" data-end=\"921\">See on Mala, mis tuli Sinu juurde p\u00f5hjusega.<\/p>\n<p data-start=\"923\" data-end=\"1113\"><span class=\"hover:entity-accent entity-underline inline cursor-pointer align-baseline\"><span class=\"whitespace-normal\">India Ashramist<\/span><\/span> toodud Rudraksha Mala, on saanud osa iidsetest Havanitest ehk p\u00fcha tule rituaalidest, kus iga palve, taotlus ja energia kandub s\u00fcgavale helmesse.<\/p>\n<p data-start=\"1115\" data-end=\"1255\"><strong>Mala on:<\/strong><br data-start=\"1127\" data-end=\"1130\" \/>loodud ja toodud Indiast<br data-start=\"1160\" data-end=\"1163\" \/>\u00f5nnistatud ja laetud tuletseremooniates<br data-start=\"1204\" data-end=\"1207\" \/>loodud toetama Sinu sisemist rahu ja selgust<\/p>\n<p data-start=\"1257\" data-end=\"1466\"><strong>Rudraksha seemneid on kasutatud sajandeid, et:<\/strong><br data-start=\"1303\" data-end=\"1306\" \/>rahustada meelt ja v\u00e4hendada stressi<br data-start=\"1344\" data-end=\"1347\" \/>tugevdada sisemist tasakaalu<br data-start=\"1377\" data-end=\"1380\" \/>kaitsta energiat ja hoida Sind maandatuna<br data-start=\"1423\" data-end=\"1426\" \/>toetada meditatsiooni ja teadlikkust<\/p>\n<p data-start=\"1468\" data-end=\"1531\"><strong>Aga k\u00f5ige olulisem\u2026<\/strong><br data-start=\"1487\" data-end=\"1490\" \/>see ei ole Mala, mille Sa lihtsalt valid.\u00a0See on Mala, mis kas kutsub Sind\u2026 v\u00f5i mitte.<\/p>\n<p data-start=\"1581\" data-end=\"1712\">Kui Sa tunned t\u00f5mmet, rahu v\u00f5i \u00e4ratundmist seda vaadates, siis peatu hetkeks.<br data-start=\"1658\" data-end=\"1661\" \/>See on Sinu sisemine teadmine, mis r\u00e4\u00e4gib Sinuga.<\/p>\n<p data-start=\"1714\" data-end=\"1786\">Mala ei vali juhuslikult.<br data-start=\"1745\" data-end=\"1748\" \/>Ja Sina ei j\u00f5udnud siia juhuslikult.<\/p>\n<p data-start=\"1788\" data-end=\"1813\"><strong data-start=\"1790\" data-end=\"1813\">Usalda seda tunnet. Tunne oma Mala \u00e4ra. L\u00e4bi s\u00fcdame.<\/strong><\/p>","protected":false},"featured_media":5429,"template":"","meta":{"_acf_changed":false},"product_brand":[],"product_cat":[16],"product_tag":[42,43,40],"class_list":{"0":"post-276","1":"product","2":"type-product","3":"status-publish","4":"has-post-thumbnail","6":"product_cat-mala-palvehelmed","7":"product_tag-kolmanda-silma-tsakra","8":"product_tag-kroontsakra","9":"product_tag-sudametsakra","11":"first","12":"instock","13":"shipping-taxable","14":"purchasable","15":"product-type-simple"},"acf":[],"yoast_head":"<!-- This site is optimized with the Yoast SEO plugin v26.3 - https:\/\/yoast.com\/wordpress\/plugins\/seo\/ -->\n<title>Rudraksha MALA. \u00d5nnistatud palvehelmed Indiast - Mandala ilu<\/title>\n<meta name=\"description\" content=\"Rudraksha Japa Mala, \u00f5nnistatud Indias, Havani rituaalides. Toetab rahu, kaitset ja teadlikkust. Tunne oma \u00e4ra &amp; loo s\u00fcgavam \u00fchendus iseendaga.\" \/>\n<meta name=\"robots\" content=\"index, follow, max-snippet:-1, max-image-preview:large, max-video-preview:-1\" \/>\n<link rel=\"canonical\" href=\"https:\/\/mandalailu.ee\/en\/product\/mala-palvehelmed-14\/\" \/>\n<meta property=\"og:locale\" content=\"en_US\" \/>\n<meta property=\"og:type\" content=\"article\" \/>\n<meta property=\"og:title\" content=\"Rudraksha MALA. \u00d5nnistatud palvehelmed Indiast - Mandala ilu\" \/>\n<meta property=\"og:description\" content=\"Rudraksha Japa Mala, \u00f5nnistatud Indias, Havani rituaalides. Toetab rahu, kaitset ja teadlikkust. Tunne oma \u00e4ra &amp; loo s\u00fcgavam \u00fchendus iseendaga.\" \/>\n<meta property=\"og:url\" content=\"https:\/\/mandalailu.ee\/en\/product\/mala-palvehelmed-14\/\" \/>\n<meta property=\"og:site_name\" content=\"Mandala ilu\" \/>\n<meta property=\"article:publisher\" content=\"https:\/\/www.facebook.com\/MandalaILU\" \/>\n<meta property=\"article:modified_time\" content=\"2026-04-30T05:46:50+00:00\" \/>\n<meta property=\"og:image\" content=\"https:\/\/mandalailu.ee\/wp-content\/uploads\/2022\/04\/Mandala-ILU-Rudraksha-Mala-1.jpg\" \/>\n\t<meta property=\"og:image:width\" content=\"2046\" \/>\n\t<meta property=\"og:image:height\" content=\"2047\" \/>\n\t<meta property=\"og:image:type\" content=\"image\/jpeg\" \/>\n<meta name=\"twitter:card\" content=\"summary_large_image\" \/>\n<meta name=\"twitter:label1\" content=\"Est. reading time\" \/>\n\t<meta name=\"twitter:data1\" content=\"2 minutes\" \/>\n<script type=\"application\/ld+json\" class=\"yoast-schema-graph\">{\"@context\":\"https:\/\/schema.org\",\"@graph\":[{\"@type\":\"WebPage\",\"@id\":\"https:\/\/mandalailu.ee\/toode\/mala-palvehelmed-14\/\",\"url\":\"https:\/\/mandalailu.ee\/toode\/mala-palvehelmed-14\/\",\"name\":\"Rudraksha MALA. \u00d5nnistatud palvehelmed Indiast - Mandala ilu\",\"isPartOf\":{\"@id\":\"https:\/\/mandalailu.ee\/#website\"},\"primaryImageOfPage\":{\"@id\":\"https:\/\/mandalailu.ee\/toode\/mala-palvehelmed-14\/#primaryimage\"},\"image\":{\"@id\":\"https:\/\/mandalailu.ee\/toode\/mala-palvehelmed-14\/#primaryimage\"},\"thumbnailUrl\":\"https:\/\/mandalailu.ee\/wp-content\/uploads\/2022\/04\/Mandala-ILU-Rudraksha-Mala-1.jpg\",\"datePublished\":\"2022-04-25T13:14:45+00:00\",\"dateModified\":\"2026-04-30T05:46:50+00:00\",\"description\":\"Rudraksha Japa Mala, \u00f5nnistatud Indias, Havani rituaalides. Toetab rahu, kaitset ja teadlikkust. Tunne oma \u00e4ra & loo s\u00fcgavam \u00fchendus iseendaga.\",\"breadcrumb\":{\"@id\":\"https:\/\/mandalailu.ee\/toode\/mala-palvehelmed-14\/#breadcrumb\"},\"inLanguage\":\"en-US\",\"potentialAction\":[{\"@type\":\"ReadAction\",\"target\":[\"https:\/\/mandalailu.ee\/toode\/mala-palvehelmed-14\/\"]}]},{\"@type\":\"ImageObject\",\"inLanguage\":\"en-US\",\"@id\":\"https:\/\/mandalailu.ee\/toode\/mala-palvehelmed-14\/#primaryimage\",\"url\":\"https:\/\/mandalailu.ee\/wp-content\/uploads\/2022\/04\/Mandala-ILU-Rudraksha-Mala-1.jpg\",\"contentUrl\":\"https:\/\/mandalailu.ee\/wp-content\/uploads\/2022\/04\/Mandala-ILU-Rudraksha-Mala-1.jpg\",\"width\":2046,\"height\":2047,\"caption\":\"Iga helmest kannab endas iidset tarkust ja vaikset kohalolu.\"},{\"@type\":\"BreadcrumbList\",\"@id\":\"https:\/\/mandalailu.ee\/toode\/mala-palvehelmed-14\/#breadcrumb\",\"itemListElement\":[{\"@type\":\"ListItem\",\"position\":1,\"name\":\"Home\",\"item\":\"https:\/\/mandalailu.ee\/\"},{\"@type\":\"ListItem\",\"position\":2,\"name\":\"Rudraksha MALA. \u00d5nnistatud palvehelmed Indiast\"}]},{\"@type\":\"WebSite\",\"@id\":\"https:\/\/mandalailu.ee\/#website\",\"url\":\"https:\/\/mandalailu.ee\/\",\"name\":\"Mandala ilu\",\"description\":\"Unikaalsed k&auml;sit&ouml;&ouml;na valminud ehted\",\"publisher\":{\"@id\":\"https:\/\/mandalailu.ee\/#organization\"},\"potentialAction\":[{\"@type\":\"SearchAction\",\"target\":{\"@type\":\"EntryPoint\",\"urlTemplate\":\"https:\/\/mandalailu.ee\/?s={search_term_string}\"},\"query-input\":{\"@type\":\"PropertyValueSpecification\",\"valueRequired\":true,\"valueName\":\"search_term_string\"}}],\"inLanguage\":\"en-US\"},{\"@type\":\"Organization\",\"@id\":\"https:\/\/mandalailu.ee\/#organization\",\"name\":\"Mandala ILU\",\"url\":\"https:\/\/mandalailu.ee\/\",\"logo\":{\"@type\":\"ImageObject\",\"inLanguage\":\"en-US\",\"@id\":\"https:\/\/mandalailu.ee\/#\/schema\/logo\/image\/\",\"url\":\"https:\/\/mandalailu.ee\/wp-content\/uploads\/2022\/04\/cropped-Mandala-ILU-lill_block.jpg\",\"contentUrl\":\"https:\/\/mandalailu.ee\/wp-content\/uploads\/2022\/04\/cropped-Mandala-ILU-lill_block.jpg\",\"width\":512,\"height\":512,\"caption\":\"Mandala ILU\"},\"image\":{\"@id\":\"https:\/\/mandalailu.ee\/#\/schema\/logo\/image\/\"},\"sameAs\":[\"https:\/\/www.facebook.com\/MandalaILU\",\"https:\/\/www.instagram.com\/mandala.ilu.mala.ehted\/\"]}]}<\/script>\n<!-- \/ Yoast SEO plugin. -->","yoast_head_json":{"title":"Rudraksha MALA. \u00d5nnistatud palvehelmed Indiast - Mandala ilu","description":"Rudraksha Japa Mala, \u00f5nnistatud Indias, Havani rituaalides. Toetab rahu, kaitset ja teadlikkust. Tunne oma \u00e4ra & loo s\u00fcgavam \u00fchendus iseendaga.","robots":{"index":"index","follow":"follow","max-snippet":"max-snippet:-1","max-image-preview":"max-image-preview:large","max-video-preview":"max-video-preview:-1"},"canonical":"https:\/\/mandalailu.ee\/en\/product\/mala-palvehelmed-14\/","og_locale":"en_US","og_type":"article","og_title":"Rudraksha MALA. \u00d5nnistatud palvehelmed Indiast - Mandala ilu","og_description":"Rudraksha Japa Mala, \u00f5nnistatud Indias, Havani rituaalides. Toetab rahu, kaitset ja teadlikkust. Tunne oma \u00e4ra & loo s\u00fcgavam \u00fchendus iseendaga.","og_url":"https:\/\/mandalailu.ee\/en\/product\/mala-palvehelmed-14\/","og_site_name":"Mandala ilu","article_publisher":"https:\/\/www.facebook.com\/MandalaILU","article_modified_time":"2026-04-30T05:46:50+00:00","og_image":[{"width":2046,"height":2047,"url":"https:\/\/mandalailu.ee\/wp-content\/uploads\/2022\/04\/Mandala-ILU-Rudraksha-Mala-1.jpg","type":"image\/jpeg"}],"twitter_card":"summary_large_image","twitter_misc":{"Est. reading time":"2 minutes"},"schema":{"@context":"https:\/\/schema.org","@graph":[{"@type":"WebPage","@id":"https:\/\/mandalailu.ee\/toode\/mala-palvehelmed-14\/","url":"https:\/\/mandalailu.ee\/toode\/mala-palvehelmed-14\/","name":"Rudraksha MALA. \u00d5nnistatud palvehelmed Indiast - Mandala ilu","isPartOf":{"@id":"https:\/\/mandalailu.ee\/#website"},"primaryImageOfPage":{"@id":"https:\/\/mandalailu.ee\/toode\/mala-palvehelmed-14\/#primaryimage"},"image":{"@id":"https:\/\/mandalailu.ee\/toode\/mala-palvehelmed-14\/#primaryimage"},"thumbnailUrl":"https:\/\/mandalailu.ee\/wp-content\/uploads\/2022\/04\/Mandala-ILU-Rudraksha-Mala-1.jpg","datePublished":"2022-04-25T13:14:45+00:00","dateModified":"2026-04-30T05:46:50+00:00","description":"Rudraksha Japa Mala, \u00f5nnistatud Indias, Havani rituaalides. Toetab rahu, kaitset ja teadlikkust. Tunne oma \u00e4ra & loo s\u00fcgavam \u00fchendus iseendaga.","breadcrumb":{"@id":"https:\/\/mandalailu.ee\/toode\/mala-palvehelmed-14\/#breadcrumb"},"inLanguage":"en-US","potentialAction":[{"@type":"ReadAction","target":["https:\/\/mandalailu.ee\/toode\/mala-palvehelmed-14\/"]}]},{"@type":"ImageObject","inLanguage":"en-US","@id":"https:\/\/mandalailu.ee\/toode\/mala-palvehelmed-14\/#primaryimage","url":"https:\/\/mandalailu.ee\/wp-content\/uploads\/2022\/04\/Mandala-ILU-Rudraksha-Mala-1.jpg","contentUrl":"https:\/\/mandalailu.ee\/wp-content\/uploads\/2022\/04\/Mandala-ILU-Rudraksha-Mala-1.jpg","width":2046,"height":2047,"caption":"Iga helmest kannab endas iidset tarkust ja vaikset kohalolu."},{"@type":"BreadcrumbList","@id":"https:\/\/mandalailu.ee\/toode\/mala-palvehelmed-14\/#breadcrumb","itemListElement":[{"@type":"ListItem","position":1,"name":"Home","item":"https:\/\/mandalailu.ee\/"},{"@type":"ListItem","position":2,"name":"Rudraksha MALA. \u00d5nnistatud palvehelmed Indiast"}]},{"@type":"WebSite","@id":"https:\/\/mandalailu.ee\/#website","url":"https:\/\/mandalailu.ee\/","name":"Mandala ilu","description":"Unikaalsed k&auml;sit&ouml;&ouml;na valminud ehted","publisher":{"@id":"https:\/\/mandalailu.ee\/#organization"},"potentialAction":[{"@type":"SearchAction","target":{"@type":"EntryPoint","urlTemplate":"https:\/\/mandalailu.ee\/?s={search_term_string}"},"query-input":{"@type":"PropertyValueSpecification","valueRequired":true,"valueName":"search_term_string"}}],"inLanguage":"en-US"},{"@type":"Organization","@id":"https:\/\/mandalailu.ee\/#organization","name":"Mandala ILU","url":"https:\/\/mandalailu.ee\/","logo":{"@type":"ImageObject","inLanguage":"en-US","@id":"https:\/\/mandalailu.ee\/#\/schema\/logo\/image\/","url":"https:\/\/mandalailu.ee\/wp-content\/uploads\/2022\/04\/cropped-Mandala-ILU-lill_block.jpg","contentUrl":"https:\/\/mandalailu.ee\/wp-content\/uploads\/2022\/04\/cropped-Mandala-ILU-lill_block.jpg","width":512,"height":512,"caption":"Mandala ILU"},"image":{"@id":"https:\/\/mandalailu.ee\/#\/schema\/logo\/image\/"},"sameAs":["https:\/\/www.facebook.com\/MandalaILU","https:\/\/www.instagram.com\/mandala.ilu.mala.ehted\/"]}]}},"_links":{"self":[{"href":"https:\/\/mandalailu.ee\/en\/wp-json\/wp\/v2\/product\/276","targetHints":{"allow":["GET"]}}],"collection":[{"href":"https:\/\/mandalailu.ee\/en\/wp-json\/wp\/v2\/product"}],"about":[{"href":"https:\/\/mandalailu.ee\/en\/wp-json\/wp\/v2\/types\/product"}],"wp:featuredmedia":[{"embeddable":true,"href":"https:\/\/mandalailu.ee\/en\/wp-json\/wp\/v2\/media\/5429"}],"wp:attachment":[{"href":"https:\/\/mandalailu.ee\/en\/wp-json\/wp\/v2\/media?parent=276"}],"wp:term":[{"taxonomy":"product_brand","embeddable":true,"href":"https:\/\/mandalailu.ee\/en\/wp-json\/wp\/v2\/product_brand?post=276"},{"taxonomy":"product_cat","embeddable":true,"href":"https:\/\/mandalailu.ee\/en\/wp-json\/wp\/v2\/product_cat?post=276"},{"taxonomy":"product_tag","embeddable":true,"href":"https:\/\/mandalailu.ee\/en\/wp-json\/wp\/v2\/product_tag?post=276"}],"curies":[{"name":"wp","href":"https:\/\/api.w.org\/{rel}","templated":true}]}}