{"id":284,"date":"2022-04-25T13:21:15","date_gmt":"2022-04-25T13:21:15","guid":{"rendered":"https:\/\/mandalailu.ee\/?post_type=product&#038;p=284"},"modified":"2025-09-23T13:56:06","modified_gmt":"2025-09-23T13:56:06","slug":"mala-palvehelmed-16","status":"publish","type":"product","link":"https:\/\/mandalailu.ee\/en\/product\/mala-palvehelmed-16\/","title":{"rendered":"HingeValguse MALA-palvehelmed"},"content":{"rendered":"<h2 style=\"text-align: center;\"><strong>HingeValguse MALA-palvehelmed:<\/strong><\/h2>\n<p>See helgetes sinistes toonides Mala on kui s\u00fcgav hinget\u00f5mme mere \u00e4\u00e4res. Avardav, rahustav ja \u00fchendust loov. Apatiit toob Sulle selgust ja inspiratsiooni, avades ukse uutele ideedele ja v\u00e4rskele energiale. Amasoniit tasakaalustab s\u00fcdant ja meelt, aidates Sul leida sisemise rahu ja v\u00e4ljendada ennast t\u00f5e ja armastusega. Larimar kannab endas ookeani rahu ja pehmust, tuues s\u00fcdamesse tasakaalu ja hinge kerguse. Gurukiviks on v\u00f5imas M\u00e4ekristall, mis avab tee valgusele, puhastab energiat ja \u00fchendab Sind k\u00f5rgema tarkusega.<\/p>\n<h3><strong>Inspiratsiooni kristall APATIIT<\/strong><\/h3>\n<p>Apatiit on s\u00e4rava energiaga kristall, mis avab Sinu hinge uutele v\u00f5imalustele. Ta suurendab loovust ja aitab Sul v\u00e4ljendada oma ideid julgelt ja selgelt. Apatiit toetab <strong><a href=\"https:\/\/mandalailu.ee\/en\/blogi\/kurgutsakra-tsakrate-koneisik-kes-ei-karda-tode\/\">kurgut\u0161akrat<\/a>,<\/strong> avades Sinu h\u00e4\u00e4le ja t\u00f5e. Samuti ergutab ta <a href=\"https:\/\/mandalailu.ee\/en\/blogi\/tsakrad\/\"><strong>kolmandat silma<\/strong><\/a>, tuues selgust ja s\u00fcgavamat arusaamist. Apatiit on kristall, mis aitab murda piiravaid uskumusi ja \u00e4ratab Sinus inspiratsiooni. Ta loob energiat, mis paneb Sind julgelt astuma samme oma unistuste poole. Apatiit aitab leida motivatsiooni ja hoida fookust ka siis, kui teekond tundub keeruline. Ta sobib suurep\u00e4raselt neile, kes vajavad uut hingamist ja v\u00e4rsket energiat. See kristall meenutab, et Sinu sees on l\u00f5putu potentsiaal.<\/p>\n<h3><strong>Tasakaalu kristall AMASONIIT<\/strong><\/h3>\n<p>Amasoniit on s\u00fcdame ja t\u00f5e kristall, mis toob Sulle rahu ja sisemist tasakaalu. Ta aitab Sul v\u00e4ljendada oma m\u00f5tteid armastuse ja selgusega. Amasoniit toetab nii <a href=\"https:\/\/mandalailu.ee\/en\/blogi\/sudametsakra\/\"><strong>s\u00fcdamet\u0161akrat<\/strong><\/a> kui ka <a href=\"https:\/\/mandalailu.ee\/en\/blogi\/kurgutsakra-tsakrate-koneisik-kes-ei-karda-tode\/\"><strong>kurgut\u0161akrat<\/strong><\/a>, luues harmoonia tunde ja julguse r\u00e4\u00e4kida oma t\u00f5de. See kristall rahustab sisemist pinget ja hajutab hirmu. Amasoniit toob elusse kerge ja helge energia, mis julgustab Sind usaldama elu voolu. Ta \u00f5petab Sind laskma lahti liigsest muretsemisest ja v\u00f5tma vastu seda, mida elu pakub. Amasoniit toetab Sind ka suhetes, tuues ausust ja pehmust suhtlemisse. Ta sobib neile, kes soovivad tuua oma ellu rohkem rahu ja harmooniat. Amasoniit on kui \u00f5rn s\u00fcdamepalsam, mis paneb hinge kergemalt hingama.<\/p>\n<h3><strong>Rahu kristall LARIMAR<\/strong><\/h3>\n<p>Larimar on haruldane sinine kivi, mida kutsutakse ka delfiini kiviks. Ta on s\u00fcgava rahu ja pehmuse kandja, mis avab hinge valgusele ja puhtusele. Larimar toetab <a href=\"https:\/\/mandalailu.ee\/en\/blogi\/kurgutsakra-tsakrate-koneisik-kes-ei-karda-tode\/\"><strong>kurgut\u0161akrat<\/strong><\/a>, aidates Sul v\u00e4ljendada end armastuse ja selgusega. Samuti t\u00f6\u00f6tab ta <a href=\"https:\/\/mandalailu.ee\/en\/blogi\/sudametsakra\/\"><strong>s\u00fcdamet\u0161akras<\/strong><\/a>, tuues sinna rahu ja harmooniat. Ta meenutab ookeani laineid, mis rahustavad ja puhastavad hinge. Larimar aitab vabastada stressi ja pingeid, tuues asemele sisemise tasakaalu. Ta sobib ideaalselt neile, kes otsivad hinge rahu ja vabadust hirmust. Larimar tugevdab \u00fchendust loodusega ja toetab Sind meditatsioonis. See kristall kannab endas naiselikku pehmust ja armastust, mis toetab Sind igal sammul.<\/p>\n<h3><strong>Valguse kristall M\u00c4EKRISTALL<\/strong><\/h3>\n<p>M\u00e4ekristall on universaalne tervendaja ja valguse kandja. Ta v\u00f5imendab teiste kristallide v\u00e4ge ja puhastab Sinu energiav\u00e4lja. M\u00e4ekristall toetab <a href=\"https:\/\/mandalailu.ee\/en\/blogi\/tsakrad\/\"><strong>k\u00f5iki t\u0161akraid<\/strong><\/a>, eriti kroont\u0161akrat, avades ukse k\u00f5rgemale tarkusele ja vaimsele kasvule. See kristall aitab Sul selgemalt n\u00e4ha oma teed ja hoida \u00fchendust oma hingega. M\u00e4ekristall loob selgust ja avardab teadlikkust, olles samas suurep\u00e4rane meditatsioonikivi. Ta aitab vabastada blokeeringuid ja tugevdada eluenergiat. M\u00e4ekristall sobib kandjale, kes soovib oma ellu rohkem valgust, selgust ja puhtust. See kristall meenutab, et Sina oled valguse kandja. M\u00e4ekristall on justkui Sinu sisemise valguse peegel, mis s\u00e4rab alati koos Sinuga.<\/p>\n<p>Oma ehteid luues on mul kindel teadmine, et igal valmival ehtel on tegelikult juba loomise ajal omanik olemas. Ta lihtsalt ei tea veel, et tema soovide ja taotlustega ehe on just sel hetkel kuskil end loomas. See on kanaldus. See on usaldus. See on energia. Mina k\u00fcsin universumilt juhiseid ja tema saadab need. Mispeale loon Sinu ehte siia ellu just Sulle vajalike kristallide ja taotlustega. Nii lihtne see ongi. Sinu \u00fclesanne on vaid oma ehe \u00e4ra tunda. L\u00e4bi oma s\u00fcdame.<\/p>\n<p>Leia Mala juurde ka sobiv k\u00e4ev\u00f5ru<strong>\u00a0<a href=\"https:\/\/mandalailu.ee\/en\/product-category\/kaevorud\/\">SIIT<\/a><\/strong><\/p>\n<p>\u2022 K\u00f5ik Minu ehted on 100% k\u00e4sit\u00f6\u00f6 ning ainueksemplarid, loodud puhtast armastusest ning loomisj\u00f5ust, l\u00e4bi kanalduse, Tema kandjale.<br \/>\n\u2022 Minu ehted kannavad endas naiselikku ilu, poolv\u00e4\u00e4riskivide toetust ning p\u00fchitsetud v\u00e4ge.<br \/>\n\u2022 Enne uude koju j\u00f5udmist on ehe energeetiliselt puhastatud ja laetud.<\/p>\n<div>\n<div>HingeValguse MALA-palvehelmed looja: K\u00e4rt Lumiste<\/div>\n<\/div>\n<div><b>Ole hoitud, l\u00e4bi armastuse\u00a0<\/b><\/div>","protected":false},"excerpt":{"rendered":"<blockquote><p>&#8220;Selle Mala toel avan s\u00fcdame rahule ja luban hingel vabaneda hirmust.&#8221;<\/p><\/blockquote>\n<p>See helgetes sinistes toonides HingeValguse MALA avab s\u00fcdame rahule ja hinge valgusele.\u00a0HingeValguse MALA on v\u00e4eehe, mis \u00fchendab ookeani rahu ja kristallide valguse. Ta toetab Sind armastuse, tasakaalu ja sisemise selguse teel.<\/p>\n<p>S\u00fcgava puudutuse MALA-palvehelmed on loodud 108 helmest. Antud Malasse on end s\u00f5lminud:<\/p>\n<ul>\n<li>Inspiratsiooni kristall APATIIT<\/li>\n<li>Tasakaalu kristall AMASONIIT<\/li>\n<li>Rahu kristall LARIMAR<\/li>\n<li>Guruks on valguse kristall M\u00c4EKRISTALL<\/li>\n<li>Tutt<\/li>\n<\/ul>\n<p>Mala on\u00a0<strong>ainueksemplar<\/strong>\u00a0ja unikaalne ehe Sinu kaelas. Mala autoriks on K\u00e4rt Lumiste, kellele kingiti\u00a0<strong>Mala punumise p\u00fchitsuse<\/strong>\u00a0Indias, Haidakhanis, Babaji Ashramis.<\/p>\n<ul>\n<li>MALA j\u00f5uab Sinuni imeilusas kinkekarbis<\/li>\n<li>Eesti sisene\u00a0<strong>transport<\/strong>\u00a0pakiautomaati on ALATI minu kulul<\/li>\n<li><strong>Vali kohe, maksa hiljem v\u00f5imalus<\/strong>. Rohkem infot\u00a0<a href=\"https:\/\/mandalailu.ee\/en\/uld-ja-muugitingimused\/#jarelmaksu-voimalus\"><strong>SIIT<\/strong><\/a><\/li>\n<li>Loe BLOGI postitust:\u00a0<a href=\"https:\/\/mandalailu.ee\/en\/blogi\/mis-on-mala\/\"><strong>\u201cMis on Mala?\u201d<\/strong><\/a><\/li>\n<\/ul>\n<p>HingeValguse MALA-palvehelmed pole niisama kaunis kaelakee. Tegemist on vaimse v\u00e4eehtega, mille igasse s\u00f5lme on sisse punutud s\u00f5num. See s\u00f5num on seotud Sinuga, Sinu s\u00fcdame ja hingega, et toetada Sind just n\u00fc\u00fcd ja praegu, asjades, milles toetust vajad. Need on Sinu salasoovid.<\/p>\n<p>Kui antud ehe Sind k\u00f5netab, on selle s\u00f5num m\u00f5eldud just Sulle. See on Sinu Mala. Tunne ta \u00e4ra. L\u00e4bi oma s\u00fcdame.<\/p>","protected":false},"featured_media":5007,"template":"","meta":{"_acf_changed":false},"product_brand":[],"product_cat":[16],"product_tag":[41,40],"class_list":{"0":"post-284","1":"product","2":"type-product","3":"status-publish","4":"has-post-thumbnail","6":"product_cat-mala-palvehelmed","7":"product_tag-kurgutsakra","8":"product_tag-sudametsakra","10":"first","11":"outofstock","12":"shipping-taxable","13":"purchasable","14":"product-type-simple"},"acf":[],"yoast_head":"<!-- This site is optimized with the Yoast SEO plugin v26.3 - https:\/\/yoast.com\/wordpress\/plugins\/seo\/ -->\n<title>HingeValguse MALA-palvehelmed - Mandala ilu<\/title>\n<meta name=\"description\" content=\"HingeValguse MALA Apatiidist Amasoniidist Larimarist ja M\u00e4ekristallist. V\u00e4eehe mis avab s\u00fcdame rahule ja toob hinge selguse. Tunne oma Mala \u00e4ra. L\u00e4bi s\u00fcdame\" \/>\n<meta name=\"robots\" content=\"index, follow, max-snippet:-1, max-image-preview:large, max-video-preview:-1\" \/>\n<link rel=\"canonical\" href=\"https:\/\/mandalailu.ee\/en\/product\/mala-palvehelmed-16\/\" \/>\n<meta property=\"og:locale\" content=\"en_US\" \/>\n<meta property=\"og:type\" content=\"article\" \/>\n<meta property=\"og:title\" content=\"HingeValguse MALA-palvehelmed - Mandala ilu\" \/>\n<meta property=\"og:description\" content=\"HingeValguse MALA Apatiidist Amasoniidist Larimarist ja M\u00e4ekristallist. V\u00e4eehe mis avab s\u00fcdame rahule ja toob hinge selguse. Tunne oma Mala \u00e4ra. L\u00e4bi s\u00fcdame\" \/>\n<meta property=\"og:url\" content=\"https:\/\/mandalailu.ee\/en\/product\/mala-palvehelmed-16\/\" \/>\n<meta property=\"og:site_name\" content=\"Mandala ilu\" \/>\n<meta property=\"article:publisher\" content=\"https:\/\/www.facebook.com\/MandalaILU\" \/>\n<meta property=\"article:modified_time\" content=\"2025-09-23T13:56:06+00:00\" \/>\n<meta property=\"og:image\" content=\"https:\/\/mandalailu.ee\/wp-content\/uploads\/2022\/04\/728-Mandala-ILU-vaeehted-Apatiit-Amasoniit-Larimar-Maekristall-1.jpg\" \/>\n\t<meta property=\"og:image:width\" content=\"750\" \/>\n\t<meta property=\"og:image:height\" content=\"750\" \/>\n\t<meta property=\"og:image:type\" content=\"image\/jpeg\" \/>\n<meta name=\"twitter:card\" content=\"summary_large_image\" \/>\n<meta name=\"twitter:label1\" content=\"Est. reading time\" \/>\n\t<meta name=\"twitter:data1\" content=\"3 minutes\" \/>\n<script type=\"application\/ld+json\" class=\"yoast-schema-graph\">{\"@context\":\"https:\/\/schema.org\",\"@graph\":[{\"@type\":\"WebPage\",\"@id\":\"https:\/\/mandalailu.ee\/toode\/mala-palvehelmed-16\/\",\"url\":\"https:\/\/mandalailu.ee\/toode\/mala-palvehelmed-16\/\",\"name\":\"HingeValguse MALA-palvehelmed - Mandala ilu\",\"isPartOf\":{\"@id\":\"https:\/\/mandalailu.ee\/#website\"},\"primaryImageOfPage\":{\"@id\":\"https:\/\/mandalailu.ee\/toode\/mala-palvehelmed-16\/#primaryimage\"},\"image\":{\"@id\":\"https:\/\/mandalailu.ee\/toode\/mala-palvehelmed-16\/#primaryimage\"},\"thumbnailUrl\":\"https:\/\/mandalailu.ee\/wp-content\/uploads\/2022\/04\/728-Mandala-ILU-vaeehted-Apatiit-Amasoniit-Larimar-Maekristall-1.jpg\",\"datePublished\":\"2022-04-25T13:21:15+00:00\",\"dateModified\":\"2025-09-23T13:56:06+00:00\",\"description\":\"HingeValguse MALA Apatiidist Amasoniidist Larimarist ja M\u00e4ekristallist. V\u00e4eehe mis avab s\u00fcdame rahule ja toob hinge selguse. Tunne oma Mala \u00e4ra. L\u00e4bi s\u00fcdame\",\"breadcrumb\":{\"@id\":\"https:\/\/mandalailu.ee\/toode\/mala-palvehelmed-16\/#breadcrumb\"},\"inLanguage\":\"en-US\",\"potentialAction\":[{\"@type\":\"ReadAction\",\"target\":[\"https:\/\/mandalailu.ee\/toode\/mala-palvehelmed-16\/\"]}]},{\"@type\":\"ImageObject\",\"inLanguage\":\"en-US\",\"@id\":\"https:\/\/mandalailu.ee\/toode\/mala-palvehelmed-16\/#primaryimage\",\"url\":\"https:\/\/mandalailu.ee\/wp-content\/uploads\/2022\/04\/728-Mandala-ILU-vaeehted-Apatiit-Amasoniit-Larimar-Maekristall-1.jpg\",\"contentUrl\":\"https:\/\/mandalailu.ee\/wp-content\/uploads\/2022\/04\/728-Mandala-ILU-vaeehted-Apatiit-Amasoniit-Larimar-Maekristall-1.jpg\",\"width\":750,\"height\":750,\"caption\":\"HingeValguse MALA avab s\u00fcdame rahule ja hingele valguse Apatiit Amasoniit Larimar M\u00e4ekristall Mandala ILU v\u00e4eehe\"},{\"@type\":\"BreadcrumbList\",\"@id\":\"https:\/\/mandalailu.ee\/toode\/mala-palvehelmed-16\/#breadcrumb\",\"itemListElement\":[{\"@type\":\"ListItem\",\"position\":1,\"name\":\"Home\",\"item\":\"https:\/\/mandalailu.ee\/\"},{\"@type\":\"ListItem\",\"position\":2,\"name\":\"HingeValguse MALA-palvehelmed\"}]},{\"@type\":\"WebSite\",\"@id\":\"https:\/\/mandalailu.ee\/#website\",\"url\":\"https:\/\/mandalailu.ee\/\",\"name\":\"Mandala ilu\",\"description\":\"Unikaalsed k&auml;sit&ouml;&ouml;na valminud ehted\",\"publisher\":{\"@id\":\"https:\/\/mandalailu.ee\/#organization\"},\"potentialAction\":[{\"@type\":\"SearchAction\",\"target\":{\"@type\":\"EntryPoint\",\"urlTemplate\":\"https:\/\/mandalailu.ee\/?s={search_term_string}\"},\"query-input\":{\"@type\":\"PropertyValueSpecification\",\"valueRequired\":true,\"valueName\":\"search_term_string\"}}],\"inLanguage\":\"en-US\"},{\"@type\":\"Organization\",\"@id\":\"https:\/\/mandalailu.ee\/#organization\",\"name\":\"Mandala ILU\",\"url\":\"https:\/\/mandalailu.ee\/\",\"logo\":{\"@type\":\"ImageObject\",\"inLanguage\":\"en-US\",\"@id\":\"https:\/\/mandalailu.ee\/#\/schema\/logo\/image\/\",\"url\":\"https:\/\/mandalailu.ee\/wp-content\/uploads\/2022\/04\/cropped-Mandala-ILU-lill_block.jpg\",\"contentUrl\":\"https:\/\/mandalailu.ee\/wp-content\/uploads\/2022\/04\/cropped-Mandala-ILU-lill_block.jpg\",\"width\":512,\"height\":512,\"caption\":\"Mandala ILU\"},\"image\":{\"@id\":\"https:\/\/mandalailu.ee\/#\/schema\/logo\/image\/\"},\"sameAs\":[\"https:\/\/www.facebook.com\/MandalaILU\",\"https:\/\/www.instagram.com\/mandala.ilu.mala.ehted\/\"]}]}<\/script>\n<!-- \/ Yoast SEO plugin. -->","yoast_head_json":{"title":"HingeValguse MALA-palvehelmed - Mandala ilu","description":"HingeValguse MALA Apatiidist Amasoniidist Larimarist ja M\u00e4ekristallist. V\u00e4eehe mis avab s\u00fcdame rahule ja toob hinge selguse. Tunne oma Mala \u00e4ra. L\u00e4bi s\u00fcdame","robots":{"index":"index","follow":"follow","max-snippet":"max-snippet:-1","max-image-preview":"max-image-preview:large","max-video-preview":"max-video-preview:-1"},"canonical":"https:\/\/mandalailu.ee\/en\/product\/mala-palvehelmed-16\/","og_locale":"en_US","og_type":"article","og_title":"HingeValguse MALA-palvehelmed - Mandala ilu","og_description":"HingeValguse MALA Apatiidist Amasoniidist Larimarist ja M\u00e4ekristallist. V\u00e4eehe mis avab s\u00fcdame rahule ja toob hinge selguse. Tunne oma Mala \u00e4ra. L\u00e4bi s\u00fcdame","og_url":"https:\/\/mandalailu.ee\/en\/product\/mala-palvehelmed-16\/","og_site_name":"Mandala ilu","article_publisher":"https:\/\/www.facebook.com\/MandalaILU","article_modified_time":"2025-09-23T13:56:06+00:00","og_image":[{"width":750,"height":750,"url":"https:\/\/mandalailu.ee\/wp-content\/uploads\/2022\/04\/728-Mandala-ILU-vaeehted-Apatiit-Amasoniit-Larimar-Maekristall-1.jpg","type":"image\/jpeg"}],"twitter_card":"summary_large_image","twitter_misc":{"Est. reading time":"3 minutes"},"schema":{"@context":"https:\/\/schema.org","@graph":[{"@type":"WebPage","@id":"https:\/\/mandalailu.ee\/toode\/mala-palvehelmed-16\/","url":"https:\/\/mandalailu.ee\/toode\/mala-palvehelmed-16\/","name":"HingeValguse MALA-palvehelmed - Mandala ilu","isPartOf":{"@id":"https:\/\/mandalailu.ee\/#website"},"primaryImageOfPage":{"@id":"https:\/\/mandalailu.ee\/toode\/mala-palvehelmed-16\/#primaryimage"},"image":{"@id":"https:\/\/mandalailu.ee\/toode\/mala-palvehelmed-16\/#primaryimage"},"thumbnailUrl":"https:\/\/mandalailu.ee\/wp-content\/uploads\/2022\/04\/728-Mandala-ILU-vaeehted-Apatiit-Amasoniit-Larimar-Maekristall-1.jpg","datePublished":"2022-04-25T13:21:15+00:00","dateModified":"2025-09-23T13:56:06+00:00","description":"HingeValguse MALA Apatiidist Amasoniidist Larimarist ja M\u00e4ekristallist. V\u00e4eehe mis avab s\u00fcdame rahule ja toob hinge selguse. Tunne oma Mala \u00e4ra. L\u00e4bi s\u00fcdame","breadcrumb":{"@id":"https:\/\/mandalailu.ee\/toode\/mala-palvehelmed-16\/#breadcrumb"},"inLanguage":"en-US","potentialAction":[{"@type":"ReadAction","target":["https:\/\/mandalailu.ee\/toode\/mala-palvehelmed-16\/"]}]},{"@type":"ImageObject","inLanguage":"en-US","@id":"https:\/\/mandalailu.ee\/toode\/mala-palvehelmed-16\/#primaryimage","url":"https:\/\/mandalailu.ee\/wp-content\/uploads\/2022\/04\/728-Mandala-ILU-vaeehted-Apatiit-Amasoniit-Larimar-Maekristall-1.jpg","contentUrl":"https:\/\/mandalailu.ee\/wp-content\/uploads\/2022\/04\/728-Mandala-ILU-vaeehted-Apatiit-Amasoniit-Larimar-Maekristall-1.jpg","width":750,"height":750,"caption":"HingeValguse MALA avab s\u00fcdame rahule ja hingele valguse Apatiit Amasoniit Larimar M\u00e4ekristall Mandala ILU v\u00e4eehe"},{"@type":"BreadcrumbList","@id":"https:\/\/mandalailu.ee\/toode\/mala-palvehelmed-16\/#breadcrumb","itemListElement":[{"@type":"ListItem","position":1,"name":"Home","item":"https:\/\/mandalailu.ee\/"},{"@type":"ListItem","position":2,"name":"HingeValguse MALA-palvehelmed"}]},{"@type":"WebSite","@id":"https:\/\/mandalailu.ee\/#website","url":"https:\/\/mandalailu.ee\/","name":"Mandala ilu","description":"Unikaalsed k&auml;sit&ouml;&ouml;na valminud ehted","publisher":{"@id":"https:\/\/mandalailu.ee\/#organization"},"potentialAction":[{"@type":"SearchAction","target":{"@type":"EntryPoint","urlTemplate":"https:\/\/mandalailu.ee\/?s={search_term_string}"},"query-input":{"@type":"PropertyValueSpecification","valueRequired":true,"valueName":"search_term_string"}}],"inLanguage":"en-US"},{"@type":"Organization","@id":"https:\/\/mandalailu.ee\/#organization","name":"Mandala ILU","url":"https:\/\/mandalailu.ee\/","logo":{"@type":"ImageObject","inLanguage":"en-US","@id":"https:\/\/mandalailu.ee\/#\/schema\/logo\/image\/","url":"https:\/\/mandalailu.ee\/wp-content\/uploads\/2022\/04\/cropped-Mandala-ILU-lill_block.jpg","contentUrl":"https:\/\/mandalailu.ee\/wp-content\/uploads\/2022\/04\/cropped-Mandala-ILU-lill_block.jpg","width":512,"height":512,"caption":"Mandala ILU"},"image":{"@id":"https:\/\/mandalailu.ee\/#\/schema\/logo\/image\/"},"sameAs":["https:\/\/www.facebook.com\/MandalaILU","https:\/\/www.instagram.com\/mandala.ilu.mala.ehted\/"]}]}},"_links":{"self":[{"href":"https:\/\/mandalailu.ee\/en\/wp-json\/wp\/v2\/product\/284","targetHints":{"allow":["GET"]}}],"collection":[{"href":"https:\/\/mandalailu.ee\/en\/wp-json\/wp\/v2\/product"}],"about":[{"href":"https:\/\/mandalailu.ee\/en\/wp-json\/wp\/v2\/types\/product"}],"wp:featuredmedia":[{"embeddable":true,"href":"https:\/\/mandalailu.ee\/en\/wp-json\/wp\/v2\/media\/5007"}],"wp:attachment":[{"href":"https:\/\/mandalailu.ee\/en\/wp-json\/wp\/v2\/media?parent=284"}],"wp:term":[{"taxonomy":"product_brand","embeddable":true,"href":"https:\/\/mandalailu.ee\/en\/wp-json\/wp\/v2\/product_brand?post=284"},{"taxonomy":"product_cat","embeddable":true,"href":"https:\/\/mandalailu.ee\/en\/wp-json\/wp\/v2\/product_cat?post=284"},{"taxonomy":"product_tag","embeddable":true,"href":"https:\/\/mandalailu.ee\/en\/wp-json\/wp\/v2\/product_tag?post=284"}],"curies":[{"name":"wp","href":"https:\/\/api.w.org\/{rel}","templated":true}]}}