{"id":296,"date":"2022-04-25T14:39:53","date_gmt":"2022-04-25T14:39:53","guid":{"rendered":"https:\/\/mandalailu.ee\/?post_type=product&#038;p=296"},"modified":"2025-08-15T13:34:45","modified_gmt":"2025-08-15T13:34:45","slug":"mala-palvehelmed-19","status":"publish","type":"product","link":"https:\/\/mandalailu.ee\/en\/product\/mala-palvehelmed-19\/","title":{"rendered":"Elu t\u00e4is MALA-palvehelmed"},"content":{"rendered":"<h2 style=\"text-align: center; padding-left: 40px;\">Elu t\u00e4is <strong><a href=\"https:\/\/mandalailu.ee\/en\/blogi\/mis-on-mala\/\">MALA-palvehelmed<\/a><\/strong>:<\/h2>\n<h3><strong>Punane JASPIS<\/strong><\/h3>\n<p>Punast JASPIST peetakse noorte naiste kristalliks, kes soovivad r\u00f5hutada oma naiselikke v\u00f5lusid ning graatsiat. <a href=\"https:\/\/mandalailu.ee\/en\/blogi\/juurtsakra\/\"><strong>Juurt\u0161akra<\/strong><\/a> kivina peetakse punast Jaspist ka seksuaalsust suurendavaks ning tasakaalustavaks kristalliks. Ta annab Sulle rahu, eluj\u00f5udu, kindlustunnet ning kannab endast maal\u00e4hedast \u00dcrgemaduse energiat, mis aitab m\u00f5ista p\u00e4ritud mustreid ning soovi korral elada \u00f5ige pisut teisiti kui Sinu esivanemad vabanedes uskumustest, mis ei teeni Sinu k\u00f5rgemat h\u00fcvangut. Punane jaspis on ka v\u00e4ga hea kaitsekivi.<\/p>\n<h3><b>GRANAAT<\/b><\/h3>\n<p>Tumepunaselt l\u00e4ikiv GRANAAT on \u00fcrgse tule, k\u00f5rge loovuse, vaimu ja armastuse kivi. Sulle, kes Sa tahad olla julge ja karastatud, on Granaat hiilguse kivi. Granaat on olnud pikka aega armastatud nii keskaegsete juveliiride, kuningaperede kui ka iidsete tsivilisatsioonide poolt. Vanade piiblitekstide kohaselt andis Noa laevale ainsa valguse just Granaat, mis t\u00e4hendab, et see s\u00e4delev veripunane kivi on pikka aega olnud lootuses\u00e4ra, elum\u00e4rk ja suunav valgus ka k\u00f5ige meeleheitlikumatel aegadel, pimeduses. See hinnaline kivi on tuntud kui loovuse ja armastuse kristall. Granaat taastab ja toetab Sinu enesekindlust, seksuaalset energiat ning lubab Sul olla siiras. P\u00fchendumise kristallina tuntud Granaat on imeline p\u00e4rl Sulle, kui otsid toetust suhetes. Granaat lahustab negatiivseid energiaid ning teeb koost\u00f6\u00f6d maandava juurt\u0161akraga, et hoida Sind turvaliselt ja kindlalt jalad maas. Nii on v\u00e4hem t\u00f5en\u00e4oline, et libised eneses kahtlemisse ja armukadedusse ning k\u00f5igesse, mis v\u00f5ib takistada Sul oma kallimaga s\u00fcgavamat sidet luua. Granaadist Mala ei ole ainult positiivse energiaga laetud kaunis ehe, see on kivi, mis s\u00fcmboliseerib elu ennast. Meditatiivse tulena p\u00f5leb ja v\u00e4releb Granaat \u00fchtlaselt ka k\u00f5ige k\u00fclmematel \u00f6\u00f6del ning k\u00f5ige \u00e4gedamate tuultega. Ta on kivi, mis kutsub Sind veidi s\u00fcgavamale sukelduma ja avastama armastuse v\u00e4ljendusi, mis on juba Sinu s\u00fcdamesse peidetud. Granaat on tulvil k\u00fclluslikku eluj\u00f5udu, nii et Sulle, kes Sa tunned end eksinud ja n\u00f5rgana, s\u00fctitab Granaadi Mala Sinu leegi uuesti.<\/p>\n<h3><strong>LABRADORIIT<\/strong><\/h3>\n<p>LABRADORIIT on kuulus oma seotuse poolest kujutlusv\u00f5imega. Legendi j\u00e4rgi s\u00fcndis Labradoriit virmaliste m\u00fcstilisest hiilgusest. Labradoriit t\u00f6\u00f6tab koosk\u00f5las universumiga, et tuua Sinu kehasse, vaimu ja hinge ELU toetavaid elemente. Ta on suurep\u00e4rane kivi depressiooni ja \u00e4revusega t\u00f6\u00f6tamiseks, kuna omab maandusj\u00f5udu, mis v\u00f5imaldab Sul olla metsik ning samas ka loov, ilma et kaotaksid \u00fchenduse maaga. Kroont\u0161akra kivina aitab Labradoriit Sul p\u00fcsida loodusvaimudega \u00fchenduses. Meie maa on t\u00e4is kosmilist energiat ning s\u00e4delev Labradoriit on kui t\u00e4hetolm, kuuvalgus ja haruldane energiaj\u00f5ud, mis aitab Sul inimlikust unest \u00e4rgata.<\/p>\n<p>&nbsp;<\/p>\n<h3><strong>Kui antud v\u00e4eehe Sind k\u00f5netab, on selle s\u00f5num m\u00f5eldud just Sulle. See on Sinu <a href=\"https:\/\/mandalailu.ee\/en\/blogi\/mis-on-mala\/\">Mala<\/a>. Tunne ta \u00e4ra. L\u00e4bi oma s\u00fcdame.<\/strong><\/h3>\n<p>Oma ehteid luues on mul kindel teadmine, et igal valmival ehtel on tegelikult juba loomise ajal omanik olemas. Ta lihtsalt ei tea veel, et tema soovide ja taotlustega ehe on just sel hetkel kuskil end loomas. See on kanaldus. See on usaldus. See on energia. Mina k\u00fcsin universumilt juhiseid ja tema saadab need. Mispeale loon Sinu ehte siia ellu just Sulle vajalike kristallide ja taotlustega. Nii lihtne see ongi. Sinu \u00fclesanne on vaid oma ehe \u00e4ra tunda. L\u00e4bi oma s\u00fcdame.<\/p>\n<p>\u2022 K\u00f5ik Minu loodud ehted on 100% k\u00e4sit\u00f6\u00f6 ning ainueksemplarid, loodud puhtast armastusest ning loomisj\u00f5ust, l\u00e4bi kanalduse, Tema kandjale.<br \/>\n\u2022 Ehted kannavad endas ilu, poolv\u00e4\u00e4riskivide toetust ning p\u00fchitsetud v\u00e4ge.<br \/>\n\u2022 Enne uude koju j\u00f5udmist on ehe energeetiliselt puhastatud ja laetud.<\/p>\n<div>\n<div>Elu t\u00e4is MALA-palvehelmed looja: K\u00e4rt Lumiste<\/div>\n<\/div>\n<div><b>Ole hoitud, l\u00e4bi armastuse\u00a0<\/b><\/div>","protected":false},"excerpt":{"rendered":"<blockquote>\n<blockquote>\n<p style=\"padding-left: 40px;\">\u201cMa olen maandatud, tugev ja t\u00e4is elu \u2013 k\u00f5ik, mida vajan, on minus olemas.\u201d<\/p>\n<\/blockquote>\n<\/blockquote>\n<p>Elu t\u00e4is MALA-palvehelmed on j\u00f5uline ja s\u00fcgavalt toetav Mala, mis koosneb 108 helmestest &amp; Gurust, mille keskmes on <strong>punane JASPIS<\/strong> \u2013 iidsetest aegadest tuntud kaitse- ja eluj\u00f5u kivi. Punane jaspis toob kandjale stabiilsust, maandatust ning tugevat \u00fchendust keha ja vaimu vahel. Ta aitab rahustada meelt, tugevdab tahtej\u00f5udu ning toetab eesm\u00e4rkide poole liikumist kindlalt ja tasakaalukalt.<\/p>\n<p>Malasse puges ka m\u00fcstilise helgiga <strong>LABRADORIIDI<\/strong>, mis toetab sisemist \u00e4rkamist ja intuitsiooni, ning <strong>GRANTAAT<\/strong>, mis s\u00fcmboliseerib s\u00fcdamejulgust, kirge ja elur\u00f5\u00f5mu. See Mala loob \u00fchenduse keha, s\u00fcdame ja vaimu vahel \u2013 aidates Sul elada rohkem hetkes ja seda teadlikumalt.<\/p>\n<p>Ideaalne kaaslane meditatsiooniks, joogatundidesse v\u00f5i igap\u00e4evaseks toeks, kui vajad j\u00f5udu ja kindlust.<\/p>\n<p>Mala on <strong>ainueksemplar<\/strong> ja unikaalne ehe Sinu kaelas. Mala autoriks on K\u00e4rt Lumiste, kellele kingiti <strong>Mala punumise p\u00fchitsuse<\/strong> Indias, Haidakhanis, Babaji Ashramis.<\/p>\n<ul>\n<li>MALA j\u00f5uab Sinuni imeilusas kinkekarbis<\/li>\n<li>Eesti sisene <strong>transport<\/strong> pakiautomaati on ALATI minu kulul<\/li>\n<li><strong>Vali kohe, maksa hiljem v\u00f5imalus<\/strong>. Rohkem infot\u00a0<a href=\"https:\/\/mandalailu.ee\/en\/uld-ja-muugitingimused\/#jarelmaksu-voimalus\"><strong>SIIT<\/strong><\/a><\/li>\n<li>Loe BLOGI postitust: <a href=\"https:\/\/mandalailu.ee\/en\/blogi\/mis-on-mala\/\"><strong>\u201cMis on Mala?\u201d<\/strong><\/a><\/li>\n<\/ul>\n<p>Kui antud ehe Sind k\u00f5netab, on selle s\u00f5num m\u00f5eldud just Sulle. See on Sinu Mala. Tunne ta \u00e4ra. L\u00e4bi oma s\u00fcdame.<\/p>","protected":false},"featured_media":4788,"template":"","meta":{"_acf_changed":false},"product_brand":[],"product_cat":[16],"product_tag":[37],"class_list":{"0":"post-296","1":"product","2":"type-product","3":"status-publish","4":"has-post-thumbnail","6":"product_cat-mala-palvehelmed","7":"product_tag-juurtsakra","9":"first","10":"outofstock","11":"shipping-taxable","12":"purchasable","13":"product-type-simple"},"acf":[],"yoast_head":"<!-- This site is optimized with the Yoast SEO plugin v26.3 - https:\/\/yoast.com\/wordpress\/plugins\/seo\/ -->\n<title>Elu t\u00e4is MALA-palvehelmed - Mandala ilu<\/title>\n<meta name=\"description\" content=\"Mala pole niisama kaunis kaelakee. Tegemist on kristallidest vaimse v\u00e4eehtega, mille igasse s\u00f5lme on sisse punutud s\u00f5num. Kirgliku MAO MALA-palvehelmed\" \/>\n<meta name=\"robots\" content=\"index, follow, max-snippet:-1, max-image-preview:large, max-video-preview:-1\" \/>\n<link rel=\"canonical\" href=\"https:\/\/mandalailu.ee\/en\/product\/mala-palvehelmed-19\/\" \/>\n<meta property=\"og:locale\" content=\"en_US\" \/>\n<meta property=\"og:type\" content=\"article\" \/>\n<meta property=\"og:title\" content=\"Elu t\u00e4is MALA-palvehelmed - Mandala ilu\" \/>\n<meta property=\"og:description\" content=\"Mala pole niisama kaunis kaelakee. Tegemist on kristallidest vaimse v\u00e4eehtega, mille igasse s\u00f5lme on sisse punutud s\u00f5num. Kirgliku MAO MALA-palvehelmed\" \/>\n<meta property=\"og:url\" content=\"https:\/\/mandalailu.ee\/en\/product\/mala-palvehelmed-19\/\" \/>\n<meta property=\"og:site_name\" content=\"Mandala ilu\" \/>\n<meta property=\"article:publisher\" content=\"https:\/\/www.facebook.com\/MandalaILU\" \/>\n<meta property=\"article:modified_time\" content=\"2025-08-15T13:34:45+00:00\" \/>\n<meta property=\"og:image\" content=\"https:\/\/mandalailu.ee\/wp-content\/uploads\/2022\/04\/704-Mandala-ILU-vaeehted-MALA-Punane-Jaspis-Labradoriit-Granaat-1.jpg\" \/>\n\t<meta property=\"og:image:width\" content=\"750\" \/>\n\t<meta property=\"og:image:height\" content=\"750\" \/>\n\t<meta property=\"og:image:type\" content=\"image\/jpeg\" \/>\n<meta name=\"twitter:card\" content=\"summary_large_image\" \/>\n<meta name=\"twitter:label1\" content=\"Est. reading time\" \/>\n\t<meta name=\"twitter:data1\" content=\"1 minute\" \/>\n<script type=\"application\/ld+json\" class=\"yoast-schema-graph\">{\"@context\":\"https:\/\/schema.org\",\"@graph\":[{\"@type\":\"WebPage\",\"@id\":\"https:\/\/mandalailu.ee\/toode\/mala-palvehelmed-19\/\",\"url\":\"https:\/\/mandalailu.ee\/toode\/mala-palvehelmed-19\/\",\"name\":\"Elu t\u00e4is MALA-palvehelmed - Mandala ilu\",\"isPartOf\":{\"@id\":\"https:\/\/mandalailu.ee\/#website\"},\"primaryImageOfPage\":{\"@id\":\"https:\/\/mandalailu.ee\/toode\/mala-palvehelmed-19\/#primaryimage\"},\"image\":{\"@id\":\"https:\/\/mandalailu.ee\/toode\/mala-palvehelmed-19\/#primaryimage\"},\"thumbnailUrl\":\"https:\/\/mandalailu.ee\/wp-content\/uploads\/2022\/04\/704-Mandala-ILU-vaeehted-MALA-Punane-Jaspis-Labradoriit-Granaat-1.jpg\",\"datePublished\":\"2022-04-25T14:39:53+00:00\",\"dateModified\":\"2025-08-15T13:34:45+00:00\",\"description\":\"Mala pole niisama kaunis kaelakee. Tegemist on kristallidest vaimse v\u00e4eehtega, mille igasse s\u00f5lme on sisse punutud s\u00f5num. Kirgliku MAO MALA-palvehelmed\",\"breadcrumb\":{\"@id\":\"https:\/\/mandalailu.ee\/toode\/mala-palvehelmed-19\/#breadcrumb\"},\"inLanguage\":\"en-US\",\"potentialAction\":[{\"@type\":\"ReadAction\",\"target\":[\"https:\/\/mandalailu.ee\/toode\/mala-palvehelmed-19\/\"]}]},{\"@type\":\"ImageObject\",\"inLanguage\":\"en-US\",\"@id\":\"https:\/\/mandalailu.ee\/toode\/mala-palvehelmed-19\/#primaryimage\",\"url\":\"https:\/\/mandalailu.ee\/wp-content\/uploads\/2022\/04\/704-Mandala-ILU-vaeehted-MALA-Punane-Jaspis-Labradoriit-Granaat-1.jpg\",\"contentUrl\":\"https:\/\/mandalailu.ee\/wp-content\/uploads\/2022\/04\/704-Mandala-ILU-vaeehted-MALA-Punane-Jaspis-Labradoriit-Granaat-1.jpg\",\"width\":750,\"height\":750,\"caption\":\"Mandala ILU v\u00e4eehted \/ Elu t\u00e4is MALA-palvehelmed \/ Punane Jaspis, Labradoriit, Granaat\"},{\"@type\":\"BreadcrumbList\",\"@id\":\"https:\/\/mandalailu.ee\/toode\/mala-palvehelmed-19\/#breadcrumb\",\"itemListElement\":[{\"@type\":\"ListItem\",\"position\":1,\"name\":\"Home\",\"item\":\"https:\/\/mandalailu.ee\/\"},{\"@type\":\"ListItem\",\"position\":2,\"name\":\"Elu t\u00e4is MALA-palvehelmed\"}]},{\"@type\":\"WebSite\",\"@id\":\"https:\/\/mandalailu.ee\/#website\",\"url\":\"https:\/\/mandalailu.ee\/\",\"name\":\"Mandala ilu\",\"description\":\"Unikaalsed k&auml;sit&ouml;&ouml;na valminud ehted\",\"publisher\":{\"@id\":\"https:\/\/mandalailu.ee\/#organization\"},\"potentialAction\":[{\"@type\":\"SearchAction\",\"target\":{\"@type\":\"EntryPoint\",\"urlTemplate\":\"https:\/\/mandalailu.ee\/?s={search_term_string}\"},\"query-input\":{\"@type\":\"PropertyValueSpecification\",\"valueRequired\":true,\"valueName\":\"search_term_string\"}}],\"inLanguage\":\"en-US\"},{\"@type\":\"Organization\",\"@id\":\"https:\/\/mandalailu.ee\/#organization\",\"name\":\"Mandala ILU\",\"url\":\"https:\/\/mandalailu.ee\/\",\"logo\":{\"@type\":\"ImageObject\",\"inLanguage\":\"en-US\",\"@id\":\"https:\/\/mandalailu.ee\/#\/schema\/logo\/image\/\",\"url\":\"https:\/\/mandalailu.ee\/wp-content\/uploads\/2022\/04\/cropped-Mandala-ILU-lill_block.jpg\",\"contentUrl\":\"https:\/\/mandalailu.ee\/wp-content\/uploads\/2022\/04\/cropped-Mandala-ILU-lill_block.jpg\",\"width\":512,\"height\":512,\"caption\":\"Mandala ILU\"},\"image\":{\"@id\":\"https:\/\/mandalailu.ee\/#\/schema\/logo\/image\/\"},\"sameAs\":[\"https:\/\/www.facebook.com\/MandalaILU\",\"https:\/\/www.instagram.com\/mandala.ilu.mala.ehted\/\"]}]}<\/script>\n<!-- \/ Yoast SEO plugin. -->","yoast_head_json":{"title":"Elu t\u00e4is MALA-palvehelmed - Mandala ilu","description":"Mala pole niisama kaunis kaelakee. Tegemist on kristallidest vaimse v\u00e4eehtega, mille igasse s\u00f5lme on sisse punutud s\u00f5num. Kirgliku MAO MALA-palvehelmed","robots":{"index":"index","follow":"follow","max-snippet":"max-snippet:-1","max-image-preview":"max-image-preview:large","max-video-preview":"max-video-preview:-1"},"canonical":"https:\/\/mandalailu.ee\/en\/product\/mala-palvehelmed-19\/","og_locale":"en_US","og_type":"article","og_title":"Elu t\u00e4is MALA-palvehelmed - Mandala ilu","og_description":"Mala pole niisama kaunis kaelakee. Tegemist on kristallidest vaimse v\u00e4eehtega, mille igasse s\u00f5lme on sisse punutud s\u00f5num. Kirgliku MAO MALA-palvehelmed","og_url":"https:\/\/mandalailu.ee\/en\/product\/mala-palvehelmed-19\/","og_site_name":"Mandala ilu","article_publisher":"https:\/\/www.facebook.com\/MandalaILU","article_modified_time":"2025-08-15T13:34:45+00:00","og_image":[{"width":750,"height":750,"url":"https:\/\/mandalailu.ee\/wp-content\/uploads\/2022\/04\/704-Mandala-ILU-vaeehted-MALA-Punane-Jaspis-Labradoriit-Granaat-1.jpg","type":"image\/jpeg"}],"twitter_card":"summary_large_image","twitter_misc":{"Est. reading time":"1 minute"},"schema":{"@context":"https:\/\/schema.org","@graph":[{"@type":"WebPage","@id":"https:\/\/mandalailu.ee\/toode\/mala-palvehelmed-19\/","url":"https:\/\/mandalailu.ee\/toode\/mala-palvehelmed-19\/","name":"Elu t\u00e4is MALA-palvehelmed - Mandala ilu","isPartOf":{"@id":"https:\/\/mandalailu.ee\/#website"},"primaryImageOfPage":{"@id":"https:\/\/mandalailu.ee\/toode\/mala-palvehelmed-19\/#primaryimage"},"image":{"@id":"https:\/\/mandalailu.ee\/toode\/mala-palvehelmed-19\/#primaryimage"},"thumbnailUrl":"https:\/\/mandalailu.ee\/wp-content\/uploads\/2022\/04\/704-Mandala-ILU-vaeehted-MALA-Punane-Jaspis-Labradoriit-Granaat-1.jpg","datePublished":"2022-04-25T14:39:53+00:00","dateModified":"2025-08-15T13:34:45+00:00","description":"Mala pole niisama kaunis kaelakee. Tegemist on kristallidest vaimse v\u00e4eehtega, mille igasse s\u00f5lme on sisse punutud s\u00f5num. Kirgliku MAO MALA-palvehelmed","breadcrumb":{"@id":"https:\/\/mandalailu.ee\/toode\/mala-palvehelmed-19\/#breadcrumb"},"inLanguage":"en-US","potentialAction":[{"@type":"ReadAction","target":["https:\/\/mandalailu.ee\/toode\/mala-palvehelmed-19\/"]}]},{"@type":"ImageObject","inLanguage":"en-US","@id":"https:\/\/mandalailu.ee\/toode\/mala-palvehelmed-19\/#primaryimage","url":"https:\/\/mandalailu.ee\/wp-content\/uploads\/2022\/04\/704-Mandala-ILU-vaeehted-MALA-Punane-Jaspis-Labradoriit-Granaat-1.jpg","contentUrl":"https:\/\/mandalailu.ee\/wp-content\/uploads\/2022\/04\/704-Mandala-ILU-vaeehted-MALA-Punane-Jaspis-Labradoriit-Granaat-1.jpg","width":750,"height":750,"caption":"Mandala ILU v\u00e4eehted \/ Elu t\u00e4is MALA-palvehelmed \/ Punane Jaspis, Labradoriit, Granaat"},{"@type":"BreadcrumbList","@id":"https:\/\/mandalailu.ee\/toode\/mala-palvehelmed-19\/#breadcrumb","itemListElement":[{"@type":"ListItem","position":1,"name":"Home","item":"https:\/\/mandalailu.ee\/"},{"@type":"ListItem","position":2,"name":"Elu t\u00e4is MALA-palvehelmed"}]},{"@type":"WebSite","@id":"https:\/\/mandalailu.ee\/#website","url":"https:\/\/mandalailu.ee\/","name":"Mandala ilu","description":"Unikaalsed k&auml;sit&ouml;&ouml;na valminud ehted","publisher":{"@id":"https:\/\/mandalailu.ee\/#organization"},"potentialAction":[{"@type":"SearchAction","target":{"@type":"EntryPoint","urlTemplate":"https:\/\/mandalailu.ee\/?s={search_term_string}"},"query-input":{"@type":"PropertyValueSpecification","valueRequired":true,"valueName":"search_term_string"}}],"inLanguage":"en-US"},{"@type":"Organization","@id":"https:\/\/mandalailu.ee\/#organization","name":"Mandala ILU","url":"https:\/\/mandalailu.ee\/","logo":{"@type":"ImageObject","inLanguage":"en-US","@id":"https:\/\/mandalailu.ee\/#\/schema\/logo\/image\/","url":"https:\/\/mandalailu.ee\/wp-content\/uploads\/2022\/04\/cropped-Mandala-ILU-lill_block.jpg","contentUrl":"https:\/\/mandalailu.ee\/wp-content\/uploads\/2022\/04\/cropped-Mandala-ILU-lill_block.jpg","width":512,"height":512,"caption":"Mandala ILU"},"image":{"@id":"https:\/\/mandalailu.ee\/#\/schema\/logo\/image\/"},"sameAs":["https:\/\/www.facebook.com\/MandalaILU","https:\/\/www.instagram.com\/mandala.ilu.mala.ehted\/"]}]}},"_links":{"self":[{"href":"https:\/\/mandalailu.ee\/en\/wp-json\/wp\/v2\/product\/296","targetHints":{"allow":["GET"]}}],"collection":[{"href":"https:\/\/mandalailu.ee\/en\/wp-json\/wp\/v2\/product"}],"about":[{"href":"https:\/\/mandalailu.ee\/en\/wp-json\/wp\/v2\/types\/product"}],"wp:featuredmedia":[{"embeddable":true,"href":"https:\/\/mandalailu.ee\/en\/wp-json\/wp\/v2\/media\/4788"}],"wp:attachment":[{"href":"https:\/\/mandalailu.ee\/en\/wp-json\/wp\/v2\/media?parent=296"}],"wp:term":[{"taxonomy":"product_brand","embeddable":true,"href":"https:\/\/mandalailu.ee\/en\/wp-json\/wp\/v2\/product_brand?post=296"},{"taxonomy":"product_cat","embeddable":true,"href":"https:\/\/mandalailu.ee\/en\/wp-json\/wp\/v2\/product_cat?post=296"},{"taxonomy":"product_tag","embeddable":true,"href":"https:\/\/mandalailu.ee\/en\/wp-json\/wp\/v2\/product_tag?post=296"}],"curies":[{"name":"wp","href":"https:\/\/api.w.org\/{rel}","templated":true}]}}