{"id":300,"date":"2022-04-25T14:44:17","date_gmt":"2022-04-25T14:44:17","guid":{"rendered":"https:\/\/mandalailu.ee\/?post_type=product&#038;p=300"},"modified":"2025-07-24T17:35:23","modified_gmt":"2025-07-24T17:35:23","slug":"mala-palvehelmed-20","status":"publish","type":"product","link":"https:\/\/mandalailu.ee\/en\/product\/mala-palvehelmed-20\/","title":{"rendered":"Puhta Jumaliku koodi MALA-palvehelmed"},"content":{"rendered":"<h2 style=\"text-align: center;\"><strong>Puhta Jumaliku koodi <a href=\"https:\/\/mandalailu.ee\/en\/blogi\/mis-on-mala\/\">MALA-palvehelmed<\/a>:<\/strong><\/h2>\n<h3><strong>JAAD<\/strong><\/h3>\n<p>JAAD ehk jadeiit ehk nefriit on p\u00fcha \u00f5nnekivi. JAAD on tuntud kui rahu kristall. Valgel Jaadil on v\u00f5ime suurendada armastuse energiat Sinu elus. See muudab v\u00e4ljakutsed lihtsamaks, mis omakorda muudab Sinu rahutu meele rahumeelsemaks. Jaad on \u00fcks kuulsamaid tervendavaid kristalle, mis on tuntud selle poolest, et toob \u00f5nne k\u00f5igile, kes teda kannavad. Olgu tegemist siis tervise, armastuse v\u00f5i \u00e4rilise \u00f5nnega. Muistsed kultuurid sosistasid, et Jaad olla ka unistuste kivi. Ta on on tuntud ka selle poolest, et aitab sul meele segavatest teguritest puhastada ning hoiab asjad Sinu jaoks perspektiivis. Ta on imeline abimees ja toetaja Sulle, kui v\u00f5itled otsuste tegemisega.<\/p>\n<h3><strong>M\u00c4EKRISTALL<\/strong><\/h3>\n<p>M\u00c4EKRISTALLi peetakse meistertervendajaks, millel on tasakaalustavad ning energiav\u00f5imendavad omadused. Ta on \u00fcks t\u00e4htsamaid kroont\u0161akra kristalle ning imeline abiline seisva energia taas liikumisse suunamiseks. M\u00e4ekristall on vaimse ja emotsionaalse selguse toojaks ning hea abiline keskendumisel. Ta t\u00f6\u00f6tab mitmem\u00f5\u00f5tmelistel tasandil. M\u00e4ekristalli peetakse hinge s\u00fcgavpuhastajaks. \u00d6eldakse, et see n\u00e4itab ja ravib f\u00fc\u00fcsilise keha ja\/v\u00f5i aura ummistusi v\u00f5i n\u00f5rkusi.<\/p>\n<h3><strong>LABRADORIIT<\/strong><\/h3>\n<p>LABRADORIIT on kuulus oma seotuse poolest kujutlusv\u00f5imega. Legendi j\u00e4rgi s\u00fcndis Labradoriit virmaliste m\u00fcstilisest hiilgusest. Labradoriit t\u00f6\u00f6tab koosk\u00f5las universumiga, et tuua Sinu kehasse, vaimu ja hinge ELU toetavaid elemente. Ta on suurep\u00e4rane kivi depressiooni ja \u00e4revusega t\u00f6\u00f6tamiseks, kuna omab maandusj\u00f5udu, mis v\u00f5imaldab Sul olla metsik ning samas ka loov, ilma et kaotaksid \u00fchenduse maaga. Kroont\u0161akra kivina aitab Labradoriit Sul p\u00fcsida loodusvaimudega \u00fchenduses. Meie maa on t\u00e4is kosmilist energiat ning s\u00e4delev Labradoriit on kui t\u00e4hetolm, kuuvalgus ja haruldane energiaj\u00f5ud, mis aitab Sul inimlikust unest \u00e4rgata.<\/p>\n<h3><strong>AMASONIIT<\/strong><\/h3>\n<p>AMASONIIT on l\u00f5pmatu intuitsiooni ja s\u00fcdamekivi, mis sobib h\u00e4sti enese austamise, usalduse ja aususe tekitamiseks. Ta on lootuse kivi. T\u00e4nu oma s\u00fcgavale tervendavale energiale ja rahustavale m\u00f5jule, ravib Amasoniit, nii kehas kui vaimus,k\u00f5ik haavad. Ta kohandub oma kandjaga, luues t\u00f5de, au. Kui tunned end \u00e4revana, tajud peagi Amasoniiti kandes, et traumad sinu sees leebuvad ning, et armastuse ja m\u00f5istmise v\u00e4ljendamine polegi enam nii raske. Amasoniit harutab Sind lahti k\u00f5ige kaunimatel viisidel ja t\u00e4idab Sind tervendavate omadustega, mida vajad, et elada v\u00e4ljaspool hirmu piire.<\/p>\n<p>&nbsp;<\/p>\n<p>Oma ehteid luues on mul kindel teadmine, et igal valmival ehtel on tegelikult juba loomise ajal omanik olemas. Ta lihtsalt ei tea veel, et tema soovide ja taotlustega ehe on just sel hetkel kuskil end loomas. See on kanaldus. See on usaldus. See on energia. Mina k\u00fcsin universumilt juhiseid ja tema saadab need. Mispeale loon Sinu ehte siia ellu just Sulle vajalike kristallide ja taotlustega. Nii lihtne see ongi. Sinu \u00fclesanne on vaid oma ehe \u00e4ra tunda. L\u00e4bi oma s\u00fcdame.<\/p>\n<h4>Kui antud v\u00e4eehe Sind k\u00f5netab, on selle s\u00f5num m\u00f5eldud just Sulle. See on Sinu Mala. Tunne ta \u00e4ra. L\u00e4bi oma s\u00fcdame.<\/h4>\n<p>\u2022 K\u00f5ik Minu ehted on 100% k\u00e4sit\u00f6\u00f6 ning ainueksemplarid, loodud puhtast armastusest ning loomisj\u00f5ust, l\u00e4bi kanalduse, Tema kandjale.<br \/>\n\u2022 Minu ehted kannavad endas ilu, kristallide toetust ning p\u00fchitsetud v\u00e4ge.<br \/>\n\u2022 Enne uude koju j\u00f5udmist on ehe energeetiliselt puhastatud ja laetud.<\/p>\n<div>\n<div>Puhta Jumaliku koodi MALA-palvehelmed looja: K\u00e4rt Lumiste<\/div>\n<\/div>\n<div><b>Ole hoitud, l\u00e4bi armastuse<\/b><\/div>","protected":false},"excerpt":{"rendered":"<blockquote><p>&#8220;Selle Mala toel lasen puhtal ja Jumalikul koodil endasse maanduda&#8221;<\/p><\/blockquote>\n<p>Puhta Jumaliku koodi <a href=\"https:\/\/mandalailu.ee\/en\/blogi\/mis-on-mala\/\"><strong>MALA-palvehelmed<\/strong><\/a> pole niisama kaunis kaelakee. Tegemist on vaimse v\u00e4eehtega, mille igasse s\u00f5lme on sisse punutud s\u00f5num. See s\u00f5num on seotud Sinuga, Sinu s\u00fcdame ja hingega, et toetada Sind just n\u00fc\u00fcd ja praegu, asjades, milles toetust vajad. Need on Sinu salasoovid.<\/p>\n<p><a href=\"https:\/\/mandalailu.ee\/en\/blogi\/mis-on-mala\/\"><strong>MALA-palvehelmed<\/strong><\/a>\u00a0on loodud 108 helmest. Antud Malasse on end s\u00f5lminud:<\/p>\n<ul>\n<li>P\u00fcha \u00f5nnekivi JAAD<\/li>\n<li>Meistertervendaja M\u00c4EKRISTALL<\/li>\n<li>K\u00f5ikide v\u00f5imaluste kristall LABRADORIIT<\/li>\n<li>Guruks on intuitsiooni ja s\u00fcdamekivi AMASONIIT<\/li>\n<li>Tutt<\/li>\n<\/ul>\n<p>Mala on <strong>ainueksemplar<\/strong> ja unikaalne ehe Sinu kaelas. Mala autoriks on K\u00e4rt Lumiste, kellele kingiti <strong>Mala punumise p\u00fchitsuse<\/strong> Indias, Haidakhanis, Babaji Ashramis.<\/p>\n<ul>\n<li>MALA j\u00f5uab Sinuni imeilusas <strong>kinkekarbis<\/strong><b><\/b><\/li>\n<li>Eesti sisene\u00a0<strong>transport<\/strong>\u00a0pakiautomaati on ALATI minu kulul<\/li>\n<li><strong>Vali kohe, maksa hiljem v\u00f5imalus<\/strong>. Rohkem infot leiad <a href=\"https:\/\/mandalailu.ee\/en\/uld-ja-muugitingimused\/#jarelmaksu-voimalus\"><strong>SIIT<\/strong><\/a><\/li>\n<li>Loe BLOGI postitust: <a href=\"https:\/\/mandalailu.ee\/en\/blogi\/mis-on-mala\/\"><strong>\u201cMis on Mala?\u201d<\/strong><\/a><\/li>\n<\/ul>\n<p>Kui antud v\u00e4eehe Sind k\u00f5netab, on selle s\u00f5num m\u00f5eldud just Sulle. See on Sinu Mala. Tunne ta \u00e4ra. L\u00e4bi oma s\u00fcdame.<\/p>","protected":false},"featured_media":4624,"template":"","meta":{"_acf_changed":false},"product_brand":[],"product_cat":[16],"product_tag":[43],"class_list":{"0":"post-300","1":"product","2":"type-product","3":"status-publish","4":"has-post-thumbnail","6":"product_cat-mala-palvehelmed","7":"product_tag-kroontsakra","9":"first","10":"outofstock","11":"shipping-taxable","12":"purchasable","13":"product-type-simple"},"acf":[],"yoast_head":"<!-- This site is optimized with the Yoast SEO plugin v26.3 - https:\/\/yoast.com\/wordpress\/plugins\/seo\/ -->\n<title>Puhta Jumaliku koodi MALA-palvehelmed - Mandala ilu<\/title>\n<meta name=\"description\" content=\"Mala ehk palvehelmed pole niisama kaunis kaelakee. Tegemist on vaimse v\u00e4eehtega, mille igasse s\u00f5lme on sisse punutud s\u00f5num. Puhta Jumaliku koodi MALA-palvehelmed\" \/>\n<meta name=\"robots\" content=\"index, follow, max-snippet:-1, max-image-preview:large, max-video-preview:-1\" \/>\n<link rel=\"canonical\" href=\"https:\/\/mandalailu.ee\/en\/product\/mala-palvehelmed-20\/\" \/>\n<meta property=\"og:locale\" content=\"en_US\" \/>\n<meta property=\"og:type\" content=\"article\" \/>\n<meta property=\"og:title\" content=\"Puhta Jumaliku koodi MALA-palvehelmed - Mandala ilu\" \/>\n<meta property=\"og:description\" content=\"Mala ehk palvehelmed pole niisama kaunis kaelakee. Tegemist on vaimse v\u00e4eehtega, mille igasse s\u00f5lme on sisse punutud s\u00f5num. Puhta Jumaliku koodi MALA-palvehelmed\" \/>\n<meta property=\"og:url\" content=\"https:\/\/mandalailu.ee\/en\/product\/mala-palvehelmed-20\/\" \/>\n<meta property=\"og:site_name\" content=\"Mandala ilu\" \/>\n<meta property=\"article:publisher\" content=\"https:\/\/www.facebook.com\/MandalaILU\" \/>\n<meta property=\"article:modified_time\" content=\"2025-07-24T17:35:23+00:00\" \/>\n<meta property=\"og:image\" content=\"https:\/\/mandalailu.ee\/wp-content\/uploads\/2022\/04\/692-Mandala-ILU-stuudio-vaeehted-Jaad-Labradoriit-Maekristall-Amasoniit-1.jpg\" \/>\n\t<meta property=\"og:image:width\" content=\"750\" \/>\n\t<meta property=\"og:image:height\" content=\"750\" \/>\n\t<meta property=\"og:image:type\" content=\"image\/jpeg\" \/>\n<meta name=\"twitter:card\" content=\"summary_large_image\" \/>\n<meta name=\"twitter:label1\" content=\"Est. reading time\" \/>\n\t<meta name=\"twitter:data1\" content=\"2 minutes\" \/>\n<script type=\"application\/ld+json\" class=\"yoast-schema-graph\">{\"@context\":\"https:\/\/schema.org\",\"@graph\":[{\"@type\":\"WebPage\",\"@id\":\"https:\/\/mandalailu.ee\/toode\/mala-palvehelmed-20\/\",\"url\":\"https:\/\/mandalailu.ee\/toode\/mala-palvehelmed-20\/\",\"name\":\"Puhta Jumaliku koodi MALA-palvehelmed - Mandala ilu\",\"isPartOf\":{\"@id\":\"https:\/\/mandalailu.ee\/#website\"},\"primaryImageOfPage\":{\"@id\":\"https:\/\/mandalailu.ee\/toode\/mala-palvehelmed-20\/#primaryimage\"},\"image\":{\"@id\":\"https:\/\/mandalailu.ee\/toode\/mala-palvehelmed-20\/#primaryimage\"},\"thumbnailUrl\":\"https:\/\/mandalailu.ee\/wp-content\/uploads\/2022\/04\/692-Mandala-ILU-stuudio-vaeehted-Jaad-Labradoriit-Maekristall-Amasoniit-1.jpg\",\"datePublished\":\"2022-04-25T14:44:17+00:00\",\"dateModified\":\"2025-07-24T17:35:23+00:00\",\"description\":\"Mala ehk palvehelmed pole niisama kaunis kaelakee. Tegemist on vaimse v\u00e4eehtega, mille igasse s\u00f5lme on sisse punutud s\u00f5num. Puhta Jumaliku koodi MALA-palvehelmed\",\"breadcrumb\":{\"@id\":\"https:\/\/mandalailu.ee\/toode\/mala-palvehelmed-20\/#breadcrumb\"},\"inLanguage\":\"en-US\",\"potentialAction\":[{\"@type\":\"ReadAction\",\"target\":[\"https:\/\/mandalailu.ee\/toode\/mala-palvehelmed-20\/\"]}]},{\"@type\":\"ImageObject\",\"inLanguage\":\"en-US\",\"@id\":\"https:\/\/mandalailu.ee\/toode\/mala-palvehelmed-20\/#primaryimage\",\"url\":\"https:\/\/mandalailu.ee\/wp-content\/uploads\/2022\/04\/692-Mandala-ILU-stuudio-vaeehted-Jaad-Labradoriit-Maekristall-Amasoniit-1.jpg\",\"contentUrl\":\"https:\/\/mandalailu.ee\/wp-content\/uploads\/2022\/04\/692-Mandala-ILU-stuudio-vaeehted-Jaad-Labradoriit-Maekristall-Amasoniit-1.jpg\",\"width\":750,\"height\":750,\"caption\":\"Mandala ILU stuudio v\u00e4eehted \/ Puhta Jumaliku koodi MALA-palvehelmed \/ Jaad, Labradoriit, M\u00e4ekristall, Amasoniit\"},{\"@type\":\"BreadcrumbList\",\"@id\":\"https:\/\/mandalailu.ee\/toode\/mala-palvehelmed-20\/#breadcrumb\",\"itemListElement\":[{\"@type\":\"ListItem\",\"position\":1,\"name\":\"Home\",\"item\":\"https:\/\/mandalailu.ee\/\"},{\"@type\":\"ListItem\",\"position\":2,\"name\":\"Puhta Jumaliku koodi MALA-palvehelmed\"}]},{\"@type\":\"WebSite\",\"@id\":\"https:\/\/mandalailu.ee\/#website\",\"url\":\"https:\/\/mandalailu.ee\/\",\"name\":\"Mandala ilu\",\"description\":\"Unikaalsed k&auml;sit&ouml;&ouml;na valminud ehted\",\"publisher\":{\"@id\":\"https:\/\/mandalailu.ee\/#organization\"},\"potentialAction\":[{\"@type\":\"SearchAction\",\"target\":{\"@type\":\"EntryPoint\",\"urlTemplate\":\"https:\/\/mandalailu.ee\/?s={search_term_string}\"},\"query-input\":{\"@type\":\"PropertyValueSpecification\",\"valueRequired\":true,\"valueName\":\"search_term_string\"}}],\"inLanguage\":\"en-US\"},{\"@type\":\"Organization\",\"@id\":\"https:\/\/mandalailu.ee\/#organization\",\"name\":\"Mandala ILU\",\"url\":\"https:\/\/mandalailu.ee\/\",\"logo\":{\"@type\":\"ImageObject\",\"inLanguage\":\"en-US\",\"@id\":\"https:\/\/mandalailu.ee\/#\/schema\/logo\/image\/\",\"url\":\"https:\/\/mandalailu.ee\/wp-content\/uploads\/2022\/04\/cropped-Mandala-ILU-lill_block.jpg\",\"contentUrl\":\"https:\/\/mandalailu.ee\/wp-content\/uploads\/2022\/04\/cropped-Mandala-ILU-lill_block.jpg\",\"width\":512,\"height\":512,\"caption\":\"Mandala ILU\"},\"image\":{\"@id\":\"https:\/\/mandalailu.ee\/#\/schema\/logo\/image\/\"},\"sameAs\":[\"https:\/\/www.facebook.com\/MandalaILU\",\"https:\/\/www.instagram.com\/mandala.ilu.mala.ehted\/\"]}]}<\/script>\n<!-- \/ Yoast SEO plugin. -->","yoast_head_json":{"title":"Puhta Jumaliku koodi MALA-palvehelmed - Mandala ilu","description":"Mala ehk palvehelmed pole niisama kaunis kaelakee. Tegemist on vaimse v\u00e4eehtega, mille igasse s\u00f5lme on sisse punutud s\u00f5num. Puhta Jumaliku koodi MALA-palvehelmed","robots":{"index":"index","follow":"follow","max-snippet":"max-snippet:-1","max-image-preview":"max-image-preview:large","max-video-preview":"max-video-preview:-1"},"canonical":"https:\/\/mandalailu.ee\/en\/product\/mala-palvehelmed-20\/","og_locale":"en_US","og_type":"article","og_title":"Puhta Jumaliku koodi MALA-palvehelmed - Mandala ilu","og_description":"Mala ehk palvehelmed pole niisama kaunis kaelakee. Tegemist on vaimse v\u00e4eehtega, mille igasse s\u00f5lme on sisse punutud s\u00f5num. Puhta Jumaliku koodi MALA-palvehelmed","og_url":"https:\/\/mandalailu.ee\/en\/product\/mala-palvehelmed-20\/","og_site_name":"Mandala ilu","article_publisher":"https:\/\/www.facebook.com\/MandalaILU","article_modified_time":"2025-07-24T17:35:23+00:00","og_image":[{"width":750,"height":750,"url":"https:\/\/mandalailu.ee\/wp-content\/uploads\/2022\/04\/692-Mandala-ILU-stuudio-vaeehted-Jaad-Labradoriit-Maekristall-Amasoniit-1.jpg","type":"image\/jpeg"}],"twitter_card":"summary_large_image","twitter_misc":{"Est. reading time":"2 minutes"},"schema":{"@context":"https:\/\/schema.org","@graph":[{"@type":"WebPage","@id":"https:\/\/mandalailu.ee\/toode\/mala-palvehelmed-20\/","url":"https:\/\/mandalailu.ee\/toode\/mala-palvehelmed-20\/","name":"Puhta Jumaliku koodi MALA-palvehelmed - Mandala ilu","isPartOf":{"@id":"https:\/\/mandalailu.ee\/#website"},"primaryImageOfPage":{"@id":"https:\/\/mandalailu.ee\/toode\/mala-palvehelmed-20\/#primaryimage"},"image":{"@id":"https:\/\/mandalailu.ee\/toode\/mala-palvehelmed-20\/#primaryimage"},"thumbnailUrl":"https:\/\/mandalailu.ee\/wp-content\/uploads\/2022\/04\/692-Mandala-ILU-stuudio-vaeehted-Jaad-Labradoriit-Maekristall-Amasoniit-1.jpg","datePublished":"2022-04-25T14:44:17+00:00","dateModified":"2025-07-24T17:35:23+00:00","description":"Mala ehk palvehelmed pole niisama kaunis kaelakee. Tegemist on vaimse v\u00e4eehtega, mille igasse s\u00f5lme on sisse punutud s\u00f5num. Puhta Jumaliku koodi MALA-palvehelmed","breadcrumb":{"@id":"https:\/\/mandalailu.ee\/toode\/mala-palvehelmed-20\/#breadcrumb"},"inLanguage":"en-US","potentialAction":[{"@type":"ReadAction","target":["https:\/\/mandalailu.ee\/toode\/mala-palvehelmed-20\/"]}]},{"@type":"ImageObject","inLanguage":"en-US","@id":"https:\/\/mandalailu.ee\/toode\/mala-palvehelmed-20\/#primaryimage","url":"https:\/\/mandalailu.ee\/wp-content\/uploads\/2022\/04\/692-Mandala-ILU-stuudio-vaeehted-Jaad-Labradoriit-Maekristall-Amasoniit-1.jpg","contentUrl":"https:\/\/mandalailu.ee\/wp-content\/uploads\/2022\/04\/692-Mandala-ILU-stuudio-vaeehted-Jaad-Labradoriit-Maekristall-Amasoniit-1.jpg","width":750,"height":750,"caption":"Mandala ILU stuudio v\u00e4eehted \/ Puhta Jumaliku koodi MALA-palvehelmed \/ Jaad, Labradoriit, M\u00e4ekristall, Amasoniit"},{"@type":"BreadcrumbList","@id":"https:\/\/mandalailu.ee\/toode\/mala-palvehelmed-20\/#breadcrumb","itemListElement":[{"@type":"ListItem","position":1,"name":"Home","item":"https:\/\/mandalailu.ee\/"},{"@type":"ListItem","position":2,"name":"Puhta Jumaliku koodi MALA-palvehelmed"}]},{"@type":"WebSite","@id":"https:\/\/mandalailu.ee\/#website","url":"https:\/\/mandalailu.ee\/","name":"Mandala ilu","description":"Unikaalsed k&auml;sit&ouml;&ouml;na valminud ehted","publisher":{"@id":"https:\/\/mandalailu.ee\/#organization"},"potentialAction":[{"@type":"SearchAction","target":{"@type":"EntryPoint","urlTemplate":"https:\/\/mandalailu.ee\/?s={search_term_string}"},"query-input":{"@type":"PropertyValueSpecification","valueRequired":true,"valueName":"search_term_string"}}],"inLanguage":"en-US"},{"@type":"Organization","@id":"https:\/\/mandalailu.ee\/#organization","name":"Mandala ILU","url":"https:\/\/mandalailu.ee\/","logo":{"@type":"ImageObject","inLanguage":"en-US","@id":"https:\/\/mandalailu.ee\/#\/schema\/logo\/image\/","url":"https:\/\/mandalailu.ee\/wp-content\/uploads\/2022\/04\/cropped-Mandala-ILU-lill_block.jpg","contentUrl":"https:\/\/mandalailu.ee\/wp-content\/uploads\/2022\/04\/cropped-Mandala-ILU-lill_block.jpg","width":512,"height":512,"caption":"Mandala ILU"},"image":{"@id":"https:\/\/mandalailu.ee\/#\/schema\/logo\/image\/"},"sameAs":["https:\/\/www.facebook.com\/MandalaILU","https:\/\/www.instagram.com\/mandala.ilu.mala.ehted\/"]}]}},"_links":{"self":[{"href":"https:\/\/mandalailu.ee\/en\/wp-json\/wp\/v2\/product\/300","targetHints":{"allow":["GET"]}}],"collection":[{"href":"https:\/\/mandalailu.ee\/en\/wp-json\/wp\/v2\/product"}],"about":[{"href":"https:\/\/mandalailu.ee\/en\/wp-json\/wp\/v2\/types\/product"}],"wp:featuredmedia":[{"embeddable":true,"href":"https:\/\/mandalailu.ee\/en\/wp-json\/wp\/v2\/media\/4624"}],"wp:attachment":[{"href":"https:\/\/mandalailu.ee\/en\/wp-json\/wp\/v2\/media?parent=300"}],"wp:term":[{"taxonomy":"product_brand","embeddable":true,"href":"https:\/\/mandalailu.ee\/en\/wp-json\/wp\/v2\/product_brand?post=300"},{"taxonomy":"product_cat","embeddable":true,"href":"https:\/\/mandalailu.ee\/en\/wp-json\/wp\/v2\/product_cat?post=300"},{"taxonomy":"product_tag","embeddable":true,"href":"https:\/\/mandalailu.ee\/en\/wp-json\/wp\/v2\/product_tag?post=300"}],"curies":[{"name":"wp","href":"https:\/\/api.w.org\/{rel}","templated":true}]}}