{"id":3035,"date":"2023-11-26T20:46:38","date_gmt":"2023-11-26T20:46:38","guid":{"rendered":"https:\/\/mandalailu.ee\/?post_type=product&#038;p=3035"},"modified":"2024-06-06T14:56:56","modified_gmt":"2024-06-06T14:56:56","slug":"mandala-9","status":"publish","type":"product","link":"https:\/\/mandalailu.ee\/en\/product\/mandala-9\/","title":{"rendered":"MANDALA Eestikas"},"content":{"rendered":"<h2 style=\"text-align: center;\">MANDALA Eestikas<\/h2>\n<p>S\u00f5na \u201cmandala\u201c tuleb sanskriti keelest t\u00e4hendades \u201cringi\u201c. Mandalad kujutavad idamaade kultuuriruumis k\u00f5iksuse olemist ja Universumit. Nende loomine on meditatsioon, mis m\u00f5jub nii mentaalses kui ka emotsionaalses plaanis tasakaalustavalt ja tervendavalt. Antud Mandala s\u00fcdamikuks on poolv\u00e4\u00e4riskivi, mis peidab endas erinevaid energiaid ja vibratsioone, mis omakorda kanduvad ja m\u00f5jutavad ehte kandjat.<\/p>\n<p>Oma ehteid luues on mul kindel teadmine, et igal valmival ehtel on tegelikult juba loomise ajal omanik olemas. Ta lihtsalt ei tea veel, et tema soovide ja taotlustega ehe on just sel hetkel kuskil end loomas. See on kanaldus. See on usaldus. See on energia. Mina k\u00fcsin universumilt juhiseid ja tema saadab need. Mispeale loon Sinu ehte siia ellu just Sulle vajalike kristallide ja taotlustega. Nii lihtne see ongi. Sinu \u00fclesanne on vaid oma ehe \u00e4ra tunda. L\u00e4bi oma s\u00fcdame.<\/p>\n<p>\u2022 K\u00f5ik Minu ehted on 100% k\u00e4sit\u00f6\u00f6 ning ainueksemplarid, loodud puhtast armastusest ning loomisj\u00f5ust, l\u00e4bi kanalduse, Tema kandjale.<br \/>\n\u2022 Minu ehted kannavad endas naiselikku ilu, poolv\u00e4\u00e4riskivide toetust ning p\u00fchitsetud v\u00e4ge.<br \/>\n\u2022 Enne uude koju j\u00f5udmist on ehe energeetiliselt puhastatud ja laetud.<\/p>\n<p>MANDALA Eestikas looja: <strong><a href=\"https:\/\/mandalailu.ee\/en\/minu-lugu\/\">K\u00e4rt Lumiste<\/a><\/strong><br \/>\n<strong>Ole hoitud, l\u00e4bi armastuse<\/strong><\/p>","protected":false},"excerpt":{"rendered":"<blockquote>\n<div class=\"ii04i59q jq4qci2q g9io39s2 ljqsnud1\" dir=\"auto\" role=\"none\"><strong>&#8220;Selle Mandala toel tunnen uhkusega, et olen eestlane&#8221;<\/strong><\/div>\n<\/blockquote>\n<ul>\n<li dir=\"auto\" role=\"none\">Mandala on loodud helmestikandina vildile<\/li>\n<li dir=\"auto\" role=\"none\">S\u00fcdamikuks on metalne s\u00f5le motiiv<\/li>\n<li dir=\"auto\" role=\"none\">Kasutatud on kvaliteetseid T\u0161ehhi klaashelmeid<\/li>\n<li dir=\"auto\" role=\"none\">Kaasa sinine kaela riputamise pael<\/li>\n<li dir=\"auto\" role=\"none\">Valminud k\u00e4sit\u00f6\u00f6na ja on ainueksemplar<\/li>\n<li dir=\"auto\" role=\"none\">Sobilik ka kinkimiseks<\/li>\n<li>MANDALA j\u00f5uab Sinuni imeilusas kinkekarbis<\/li>\n<li><strong>Vali kohe, maksa hiljem v\u00f5imalus<\/strong>. Rohkem infot\u00a0<a href=\"https:\/\/mandalailu.ee\/en\/uld-ja-muugitingimused\/#jarelmaksu-voimalus\"><strong>SIIT<\/strong><\/a><\/li>\n<li>Loe BLOGI postitust: <a href=\"https:\/\/mandalailu.ee\/en\/blogi\/mis-on-mandala\/\"><strong>Mis on MANDALA?<\/strong><\/a><\/li>\n<\/ul>\n<p>Kui antud Mandala Sind k\u00f5netab, on selle s\u00f5num m\u00f5eldud just Sulle. See on Sinu ehe. Tunne ta \u00e4ra. L\u00e4bi oma s\u00fcdame.<\/p>","protected":false},"featured_media":3033,"template":"","meta":{"_acf_changed":false},"product_brand":[],"product_cat":[33],"product_tag":[],"class_list":{"0":"post-3035","1":"product","2":"type-product","3":"status-publish","4":"has-post-thumbnail","6":"product_cat-mandala","8":"first","9":"outofstock","10":"shipping-taxable","11":"purchasable","12":"product-type-simple"},"acf":[],"yoast_head":"<!-- This site is optimized with the Yoast SEO plugin v26.3 - https:\/\/yoast.com\/wordpress\/plugins\/seo\/ -->\n<title>MANDALA Eestikas - Mandala ilu<\/title>\n<meta name=\"description\" content=\"Helmestikandis MANDALA kaelakee on loodud k\u00e4sit\u00f6\u00f6na ainueksemplarina. Mandalad kujutavad k\u00f5iksuse olemist ja Universumit. MANDALA Eestikas\" \/>\n<meta name=\"robots\" content=\"index, follow, max-snippet:-1, max-image-preview:large, max-video-preview:-1\" \/>\n<link rel=\"canonical\" href=\"https:\/\/mandalailu.ee\/en\/product\/mandala-9\/\" \/>\n<meta property=\"og:locale\" content=\"en_US\" \/>\n<meta property=\"og:type\" content=\"article\" \/>\n<meta property=\"og:title\" content=\"MANDALA Eestikas - Mandala ilu\" \/>\n<meta property=\"og:description\" content=\"Helmestikandis MANDALA kaelakee on loodud k\u00e4sit\u00f6\u00f6na ainueksemplarina. Mandalad kujutavad k\u00f5iksuse olemist ja Universumit. MANDALA Eestikas\" \/>\n<meta property=\"og:url\" content=\"https:\/\/mandalailu.ee\/en\/product\/mandala-9\/\" \/>\n<meta property=\"og:site_name\" content=\"Mandala ilu\" \/>\n<meta property=\"article:publisher\" content=\"https:\/\/www.facebook.com\/MandalaILU\" \/>\n<meta property=\"article:modified_time\" content=\"2024-06-06T14:56:56+00:00\" \/>\n<meta property=\"og:image\" content=\"https:\/\/mandalailu.ee\/wp-content\/uploads\/2023\/11\/153-Mandala-ILU-vaeehted-MANDALA-Eestikas-1.jpg\" \/>\n\t<meta property=\"og:image:width\" content=\"750\" \/>\n\t<meta property=\"og:image:height\" content=\"750\" \/>\n\t<meta property=\"og:image:type\" content=\"image\/jpeg\" \/>\n<meta name=\"twitter:card\" content=\"summary_large_image\" \/>\n<meta name=\"twitter:label1\" content=\"Est. reading time\" \/>\n\t<meta name=\"twitter:data1\" content=\"1 minute\" \/>\n<script type=\"application\/ld+json\" class=\"yoast-schema-graph\">{\"@context\":\"https:\/\/schema.org\",\"@graph\":[{\"@type\":\"WebPage\",\"@id\":\"https:\/\/mandalailu.ee\/toode\/mandala-9\/\",\"url\":\"https:\/\/mandalailu.ee\/toode\/mandala-9\/\",\"name\":\"MANDALA Eestikas - Mandala ilu\",\"isPartOf\":{\"@id\":\"https:\/\/mandalailu.ee\/#website\"},\"primaryImageOfPage\":{\"@id\":\"https:\/\/mandalailu.ee\/toode\/mandala-9\/#primaryimage\"},\"image\":{\"@id\":\"https:\/\/mandalailu.ee\/toode\/mandala-9\/#primaryimage\"},\"thumbnailUrl\":\"https:\/\/mandalailu.ee\/wp-content\/uploads\/2023\/11\/153-Mandala-ILU-vaeehted-MANDALA-Eestikas-1.jpg\",\"datePublished\":\"2023-11-26T20:46:38+00:00\",\"dateModified\":\"2024-06-06T14:56:56+00:00\",\"description\":\"Helmestikandis MANDALA kaelakee on loodud k\u00e4sit\u00f6\u00f6na ainueksemplarina. Mandalad kujutavad k\u00f5iksuse olemist ja Universumit. MANDALA Eestikas\",\"breadcrumb\":{\"@id\":\"https:\/\/mandalailu.ee\/toode\/mandala-9\/#breadcrumb\"},\"inLanguage\":\"en-US\",\"potentialAction\":[{\"@type\":\"ReadAction\",\"target\":[\"https:\/\/mandalailu.ee\/toode\/mandala-9\/\"]}]},{\"@type\":\"ImageObject\",\"inLanguage\":\"en-US\",\"@id\":\"https:\/\/mandalailu.ee\/toode\/mandala-9\/#primaryimage\",\"url\":\"https:\/\/mandalailu.ee\/wp-content\/uploads\/2023\/11\/153-Mandala-ILU-vaeehted-MANDALA-Eestikas-1.jpg\",\"contentUrl\":\"https:\/\/mandalailu.ee\/wp-content\/uploads\/2023\/11\/153-Mandala-ILU-vaeehted-MANDALA-Eestikas-1.jpg\",\"width\":750,\"height\":750,\"caption\":\"Mandala ILU v\u00e4eehted MANDALA \/ MANDALA Eestikas\"},{\"@type\":\"BreadcrumbList\",\"@id\":\"https:\/\/mandalailu.ee\/toode\/mandala-9\/#breadcrumb\",\"itemListElement\":[{\"@type\":\"ListItem\",\"position\":1,\"name\":\"Home\",\"item\":\"https:\/\/mandalailu.ee\/\"},{\"@type\":\"ListItem\",\"position\":2,\"name\":\"MANDALA Eestikas\"}]},{\"@type\":\"WebSite\",\"@id\":\"https:\/\/mandalailu.ee\/#website\",\"url\":\"https:\/\/mandalailu.ee\/\",\"name\":\"Mandala ilu\",\"description\":\"Unikaalsed k&auml;sit&ouml;&ouml;na valminud ehted\",\"publisher\":{\"@id\":\"https:\/\/mandalailu.ee\/#organization\"},\"potentialAction\":[{\"@type\":\"SearchAction\",\"target\":{\"@type\":\"EntryPoint\",\"urlTemplate\":\"https:\/\/mandalailu.ee\/?s={search_term_string}\"},\"query-input\":{\"@type\":\"PropertyValueSpecification\",\"valueRequired\":true,\"valueName\":\"search_term_string\"}}],\"inLanguage\":\"en-US\"},{\"@type\":\"Organization\",\"@id\":\"https:\/\/mandalailu.ee\/#organization\",\"name\":\"Mandala ILU\",\"url\":\"https:\/\/mandalailu.ee\/\",\"logo\":{\"@type\":\"ImageObject\",\"inLanguage\":\"en-US\",\"@id\":\"https:\/\/mandalailu.ee\/#\/schema\/logo\/image\/\",\"url\":\"https:\/\/mandalailu.ee\/wp-content\/uploads\/2022\/04\/cropped-Mandala-ILU-lill_block.jpg\",\"contentUrl\":\"https:\/\/mandalailu.ee\/wp-content\/uploads\/2022\/04\/cropped-Mandala-ILU-lill_block.jpg\",\"width\":512,\"height\":512,\"caption\":\"Mandala ILU\"},\"image\":{\"@id\":\"https:\/\/mandalailu.ee\/#\/schema\/logo\/image\/\"},\"sameAs\":[\"https:\/\/www.facebook.com\/MandalaILU\",\"https:\/\/www.instagram.com\/mandala.ilu.mala.ehted\/\"]}]}<\/script>\n<!-- \/ Yoast SEO plugin. -->","yoast_head_json":{"title":"MANDALA Eestikas - Mandala ilu","description":"Helmestikandis MANDALA kaelakee on loodud k\u00e4sit\u00f6\u00f6na ainueksemplarina. Mandalad kujutavad k\u00f5iksuse olemist ja Universumit. MANDALA Eestikas","robots":{"index":"index","follow":"follow","max-snippet":"max-snippet:-1","max-image-preview":"max-image-preview:large","max-video-preview":"max-video-preview:-1"},"canonical":"https:\/\/mandalailu.ee\/en\/product\/mandala-9\/","og_locale":"en_US","og_type":"article","og_title":"MANDALA Eestikas - Mandala ilu","og_description":"Helmestikandis MANDALA kaelakee on loodud k\u00e4sit\u00f6\u00f6na ainueksemplarina. Mandalad kujutavad k\u00f5iksuse olemist ja Universumit. MANDALA Eestikas","og_url":"https:\/\/mandalailu.ee\/en\/product\/mandala-9\/","og_site_name":"Mandala ilu","article_publisher":"https:\/\/www.facebook.com\/MandalaILU","article_modified_time":"2024-06-06T14:56:56+00:00","og_image":[{"width":750,"height":750,"url":"https:\/\/mandalailu.ee\/wp-content\/uploads\/2023\/11\/153-Mandala-ILU-vaeehted-MANDALA-Eestikas-1.jpg","type":"image\/jpeg"}],"twitter_card":"summary_large_image","twitter_misc":{"Est. reading time":"1 minute"},"schema":{"@context":"https:\/\/schema.org","@graph":[{"@type":"WebPage","@id":"https:\/\/mandalailu.ee\/toode\/mandala-9\/","url":"https:\/\/mandalailu.ee\/toode\/mandala-9\/","name":"MANDALA Eestikas - Mandala ilu","isPartOf":{"@id":"https:\/\/mandalailu.ee\/#website"},"primaryImageOfPage":{"@id":"https:\/\/mandalailu.ee\/toode\/mandala-9\/#primaryimage"},"image":{"@id":"https:\/\/mandalailu.ee\/toode\/mandala-9\/#primaryimage"},"thumbnailUrl":"https:\/\/mandalailu.ee\/wp-content\/uploads\/2023\/11\/153-Mandala-ILU-vaeehted-MANDALA-Eestikas-1.jpg","datePublished":"2023-11-26T20:46:38+00:00","dateModified":"2024-06-06T14:56:56+00:00","description":"Helmestikandis MANDALA kaelakee on loodud k\u00e4sit\u00f6\u00f6na ainueksemplarina. Mandalad kujutavad k\u00f5iksuse olemist ja Universumit. MANDALA Eestikas","breadcrumb":{"@id":"https:\/\/mandalailu.ee\/toode\/mandala-9\/#breadcrumb"},"inLanguage":"en-US","potentialAction":[{"@type":"ReadAction","target":["https:\/\/mandalailu.ee\/toode\/mandala-9\/"]}]},{"@type":"ImageObject","inLanguage":"en-US","@id":"https:\/\/mandalailu.ee\/toode\/mandala-9\/#primaryimage","url":"https:\/\/mandalailu.ee\/wp-content\/uploads\/2023\/11\/153-Mandala-ILU-vaeehted-MANDALA-Eestikas-1.jpg","contentUrl":"https:\/\/mandalailu.ee\/wp-content\/uploads\/2023\/11\/153-Mandala-ILU-vaeehted-MANDALA-Eestikas-1.jpg","width":750,"height":750,"caption":"Mandala ILU v\u00e4eehted MANDALA \/ MANDALA Eestikas"},{"@type":"BreadcrumbList","@id":"https:\/\/mandalailu.ee\/toode\/mandala-9\/#breadcrumb","itemListElement":[{"@type":"ListItem","position":1,"name":"Home","item":"https:\/\/mandalailu.ee\/"},{"@type":"ListItem","position":2,"name":"MANDALA Eestikas"}]},{"@type":"WebSite","@id":"https:\/\/mandalailu.ee\/#website","url":"https:\/\/mandalailu.ee\/","name":"Mandala ilu","description":"Unikaalsed k&auml;sit&ouml;&ouml;na valminud ehted","publisher":{"@id":"https:\/\/mandalailu.ee\/#organization"},"potentialAction":[{"@type":"SearchAction","target":{"@type":"EntryPoint","urlTemplate":"https:\/\/mandalailu.ee\/?s={search_term_string}"},"query-input":{"@type":"PropertyValueSpecification","valueRequired":true,"valueName":"search_term_string"}}],"inLanguage":"en-US"},{"@type":"Organization","@id":"https:\/\/mandalailu.ee\/#organization","name":"Mandala ILU","url":"https:\/\/mandalailu.ee\/","logo":{"@type":"ImageObject","inLanguage":"en-US","@id":"https:\/\/mandalailu.ee\/#\/schema\/logo\/image\/","url":"https:\/\/mandalailu.ee\/wp-content\/uploads\/2022\/04\/cropped-Mandala-ILU-lill_block.jpg","contentUrl":"https:\/\/mandalailu.ee\/wp-content\/uploads\/2022\/04\/cropped-Mandala-ILU-lill_block.jpg","width":512,"height":512,"caption":"Mandala ILU"},"image":{"@id":"https:\/\/mandalailu.ee\/#\/schema\/logo\/image\/"},"sameAs":["https:\/\/www.facebook.com\/MandalaILU","https:\/\/www.instagram.com\/mandala.ilu.mala.ehted\/"]}]}},"_links":{"self":[{"href":"https:\/\/mandalailu.ee\/en\/wp-json\/wp\/v2\/product\/3035","targetHints":{"allow":["GET"]}}],"collection":[{"href":"https:\/\/mandalailu.ee\/en\/wp-json\/wp\/v2\/product"}],"about":[{"href":"https:\/\/mandalailu.ee\/en\/wp-json\/wp\/v2\/types\/product"}],"wp:featuredmedia":[{"embeddable":true,"href":"https:\/\/mandalailu.ee\/en\/wp-json\/wp\/v2\/media\/3033"}],"wp:attachment":[{"href":"https:\/\/mandalailu.ee\/en\/wp-json\/wp\/v2\/media?parent=3035"}],"wp:term":[{"taxonomy":"product_brand","embeddable":true,"href":"https:\/\/mandalailu.ee\/en\/wp-json\/wp\/v2\/product_brand?post=3035"},{"taxonomy":"product_cat","embeddable":true,"href":"https:\/\/mandalailu.ee\/en\/wp-json\/wp\/v2\/product_cat?post=3035"},{"taxonomy":"product_tag","embeddable":true,"href":"https:\/\/mandalailu.ee\/en\/wp-json\/wp\/v2\/product_tag?post=3035"}],"curies":[{"name":"wp","href":"https:\/\/api.w.org\/{rel}","templated":true}]}}