{"id":304,"date":"2022-04-25T14:47:09","date_gmt":"2022-04-25T14:47:09","guid":{"rendered":"https:\/\/mandalailu.ee\/?post_type=product&#038;p=304"},"modified":"2025-07-26T10:18:33","modified_gmt":"2025-07-26T10:18:33","slug":"mala-palvehelmed-21","status":"publish","type":"product","link":"https:\/\/mandalailu.ee\/en\/product\/mala-palvehelmed-21\/","title":{"rendered":"S\u00fcdameh\u00e4\u00e4le MALA-palvehelmed"},"content":{"rendered":"<h2 style=\"text-align: center;\"><strong>S\u00fcdameh\u00e4\u00e4le MALA-palvehelmed:<\/strong><\/h2>\n<h3><strong>LASURIIT<\/strong><\/h3>\n<p>LASURIIT aitab Sul s\u00fcvendada oma intuitsiooni ja nautida k\u00f5iki vaimseid praktikaid, mida jumaldate. Ta hoiab sinu enesev\u00e4ljenduse siira, kindla. Toob esile Sinu audentse h\u00e4\u00e4l, millega soovid maailmaga suhelda. Lasuriit on suurep\u00e4rane kristall Sinu enda hinge joondamiseks. See s\u00e4delev kuninglik sinine p\u00e4rl jagab oma v\u00e4rvi Sixtuse kabeli lagedega, tuletades meile meelde meie endi loomup\u00e4rast ilu ja elamise m\u00f5nu. Lasuriidiga saad avada <a href=\"https:\/\/mandalailu.ee\/en\/blogi\/tsakrad\/\"><strong>kolmanda silma t\u0161akra<\/strong><\/a> ning luua \u00fchenduse oma sisemise tarkusega \u2013 tagades, et Sinu h\u00e4\u00e4l tuleb s\u00fcdamest.<\/p>\n<h3><strong>ANGELIIT<\/strong><\/h3>\n<p>ANGELIIT on k\u00f5igile neile, kes otsivad endas unistavalt s\u00fcgavat rahu ja vaikuse tunnet. Angeliidiga avad Sa oma meel teadmistele ja tervitad armastust, valgust ning ingellikku energia tevendust. See imeilus kalliskivi on kingitus otse vaimumaailmast, mille pehmed sinised taeva varjundid on ristatud sulgedest pilvedega. \u00dcks Angelite puudutus ja sul on tunne, et Sinu tervenemise teekond on juba alanud. Tema eesm\u00e4rk on t\u00f5sta teadvust ja p\u00f6\u00f6rata \u00e4revad ja mitteteenivad emotsioonid hoopis Sinu h\u00fcvanguks. Angeliit h\u00f5lbustab uuestis\u00fcndimise protsessi. Tema s\u00fcgavad tervenemise protsessid h\u00f5lmavad kaastunnet ning hingamisega taas\u00fchendamist. Angeliit on <a href=\"https:\/\/mandalailu.ee\/en\/blogi\/kurgutsakra-tsakrate-koneisik-kes-ei-karda-tode\/\"><strong>kurgut\u0161akra<\/strong><\/a> kivi, mis ergutab selget ja armastust t\u00e4is suhtlemist, aitab luua aktiivselt \u00fchendust \u00fcmbritsevaga \u2013 seda k\u00f5ike ilma enda hinge kriipimata. Angeliit ei peatu aga vaid k\u00f5ri juures vaid t\u00e4nu oma p\u00fchendumusele k\u00f5rgemale teadvusele, \u00fchendub ta ka krooni ja kolmanda silmaga. Angeliit hoolitseb kaunilt vaimu ja hinge eest ega unusta f\u00fc\u00fcsilist keha.<\/p>\n<h3><strong>OPALIIT<\/strong><\/h3>\n<p>OPALIIT, s\u00fcnteetiline klaas, mida teatakse ka nime all \u201cTiffany kivi\u201d. Opaliit sobib ideaalselt mediteerimiseks. Ta toetab Sind suhtlemisel k\u00f5igil tasanditel, eriti vaimsel. Oplaiit on ideaalne t\u0161akra blokeeringute lahustaja ning annab j\u00f5udu oma alla sututud tunnete v\u00e4lja \u00fctlemistel. Oplaiiti seostatakse ka \u00e4ris edukaks olemisega. Ta on on m\u00f5eldud igak\u00fclgseks tervendamiseks. <a href=\"https:\/\/mandalailu.ee\/en\/blogi\/tsakrad\/\"><strong>Kroont\u0161akra<\/strong><\/a> kristallina kuulub ka Opaliidi v\u00f5imekusse kiire tujut\u00f5stmine, muuta kulmukortsutamine naeratuseks ning puhuda selgeks pilvine taevas.<\/p>\n<h3><strong>SELENIIT<\/strong><\/h3>\n<p>SELENIIT on selguse, vaimsuse ja teadvuse kristall. Ta on puhastuse kalliskivi ning hea energiaplokkide eemaldaja. Koheselt rahustaval Seleniidil on pikk ajalugu armastatud Jumalanna kivina ja v\u00e4idetavalt toob see tervenemist Sinu kehale, vaimule ja hingele. \u00dche pehmema kivina v\u00f5ib see olla suurep\u00e4rane meeldetuletus, et me peaksime selles maailmas liikuma leebelt ning looma oma praktikatesse p\u00fcha ruumi. <a href=\"https:\/\/mandalailu.ee\/en\/blogi\/tsakrad\/\"><strong>Kroont\u0161akra<\/strong><\/a> kristallina aitavad Seleniiti sisaldavad ehted Sul avaneda k\u00f5rgematele sagedustele ja universumist tulevatele s\u00f5numitele.<\/p>\n<h3><strong>\u0160UNGIIT<\/strong><\/h3>\n<p>Kindel nagu kalju, on \u0160ungiiti seostatud tasakaalustama Sinu vaimset poolt kui ka kaitsma sind elektromagnetkiirguse eest. \u0160ungiidil on tohutu j\u00f5ud ning ta on sama vana kui aeg. \u0160ungiiti kasutati juba iidsetes Venemaa spaades vee puhastamiseks. Tema v\u00f5imeid on teaduslikult uuritud ning 1996. aastal tunnustati \u0160ungiiti Nobeli preemiaga. \u0160ungiidi \u00fcks suurimaid raviomadusi on v\u00f5ime kaitsta Sind elektromagnetv\u00e4ljade eest. Ta t\u00f6\u00f6tab neutralisaatorina, puhastades ja h\u00e4vitades Sinu teel oleva halva energia. \u0160ungiit tasakaalustab ka Sinu vaimsust, tervendades ja joondades oma k\u00f5rge vibratsiooniga t\u0161akraid ning puhastades Sinu EGO \u00fcmber oleva pimedat ruumi.<\/p>\n<p>Oma ehteid luues on mul kindel teadmine, et igal valmival ehtel on tegelikult juba loomise ajal omanik olemas. Ta lihtsalt ei tea veel, et tema soovide ja taotlustega ehe on just sel hetkel kuskil end loomas. See on kanaldus. See on usaldus. See on energia. Mina k\u00fcsin universumilt juhiseid ja tema saadab need. Mispeale loon Sinu ehte siia ellu just Sulle vajalike kristallide ja taotlustega. Nii lihtne see ongi. Sinu \u00fclesanne on vaid oma ehe \u00e4ra tunda. L\u00e4bi oma s\u00fcdame.<\/p>\n<h4>Leia Mala juurde ka sobiv k\u00e4ev\u00f5ru\u00a0<a href=\"https:\/\/mandalailu.ee\/en\/product-category\/kaevorud\/\">SIIT<\/a><\/h4>\n<p>\u2022 K\u00f5ik Minu ehted on 100% k\u00e4sit\u00f6\u00f6 ning ainueksemplarid, loodud puhtast armastusest ning loomisj\u00f5ust, l\u00e4bi kanalduse, Tema kandjale.<br \/>\n\u2022 Minu ehted kannavad endas naiselikku ilu, poolv\u00e4\u00e4riskivide toetust ning p\u00fchitsetud v\u00e4ge.<br \/>\n\u2022 Enne uude koju j\u00f5udmist on ehe energeetiliselt puhastatud ja laetud.<\/p>\n<div>\n<div>S\u00fcdameh\u00e4\u00e4le MALA-palvehelmed looja: K\u00e4rt Lumiste<\/div>\n<\/div>\n<div><b>Ole hoitud, l\u00e4bi armastuse<\/b><\/div>","protected":false},"excerpt":{"rendered":"<blockquote><p><span style=\"font-weight: 400;\">\u00a0&#8220;Selle Malaga loon taotluse, et h\u00e4\u00e4l on koosk\u00f5las minu s\u00fcdamega &amp; ma olen alati \u00f5igel teel&#8221;<\/span><\/p><\/blockquote>\n<p>S\u00fcdameh\u00e4\u00e4le MALA-palvehelmed pole niisama kaunis kaelakee. Tegemist on vaimse v\u00e4eehtega, mille igasse s\u00f5lme on sisse punutud s\u00f5num. See s\u00f5num on seotud Sinuga, Sinu s\u00fcdame ja hingega, et toetada Sind just n\u00fc\u00fcd ja praegu, asjades, milles toetust vajad. Need on Sinu salasoovid.<\/p>\n<p>MALA-palvehelmed\u00a0on loodud 108 helmest. Antud Malasse on end s\u00f5lminud:<\/p>\n<ul>\n<li>Intuitsiooni kristall LASURIIT<\/li>\n<li>Inglite kristall ANGELIIT<\/li>\n<li>S\u00fcnteetiline \u201cTiffany kivi\u201d OPALIIT<\/li>\n<li>Selguse, vaimsuse ja teadvuse kristall SELENIIT<\/li>\n<li>Elektromagnetkiirguse kaitsekivina tuntud \u0160UNGIIT<\/li>\n<li>Guruks on samuti LASURIIT<\/li>\n<li>Tutt<\/li>\n<\/ul>\n<p>Mala on <strong>ainueksemplar<\/strong> ja unikaalne ehe Sinu kaelas. Mala autoriks on K\u00e4rt Lumiste, kellele kingiti <strong>Mala punumise p\u00fchitsuse<\/strong> Indias, Haidakhanis, Babaji Ashramis.<\/p>\n<ul>\n<li>MALA j\u00f5uab Sinuni imeilusas <strong>kinkekarbis<\/strong><b><\/b><\/li>\n<li>Eesti sisene\u00a0<strong>transport<\/strong>\u00a0pakiautomaati on ALATI minu kulul<\/li>\n<li><strong>Vali kohe, maksa hiljem v\u00f5imalus<\/strong>. Rohkem infot leiad <a href=\"https:\/\/mandalailu.ee\/en\/uld-ja-muugitingimused\/#jarelmaksu-voimalus\"><strong>SIIT<\/strong><\/a><\/li>\n<li>Loe BLOGI postitust: <a href=\"https:\/\/mandalailu.ee\/en\/blogi\/mis-on-mala\/\"><strong>\u201cMis on Mala?\u201d<\/strong><\/a><\/li>\n<\/ul>\n<p>Kui antud v\u00e4eehe Sind k\u00f5netab, on selle s\u00f5num m\u00f5eldud just Sulle. See on Sinu Mala. Tunne ta \u00e4ra. L\u00e4bi oma s\u00fcdame.<\/p>","protected":false},"featured_media":4631,"template":"","meta":{"_acf_changed":false},"product_brand":[],"product_cat":[16],"product_tag":[42,43,41],"class_list":{"0":"post-304","1":"product","2":"type-product","3":"status-publish","4":"has-post-thumbnail","6":"product_cat-mala-palvehelmed","7":"product_tag-kolmanda-silma-tsakra","8":"product_tag-kroontsakra","9":"product_tag-kurgutsakra","11":"first","12":"outofstock","13":"shipping-taxable","14":"purchasable","15":"product-type-simple"},"acf":[],"yoast_head":"<!-- This site is optimized with the Yoast SEO plugin v26.3 - https:\/\/yoast.com\/wordpress\/plugins\/seo\/ -->\n<title>S\u00fcdameh\u00e4\u00e4le MALA-palvehelmed - Mandala ilu<\/title>\n<meta name=\"description\" content=\"Mala pole niisama kaunis kaelakee. Tegemist on vaimse v\u00e4eehtega, mille igasse s\u00f5lme on sisse punutud s\u00f5num. S\u00fcdameh\u00e4\u00e4le MALA-palvehelmed\" \/>\n<meta name=\"robots\" content=\"index, follow, max-snippet:-1, max-image-preview:large, max-video-preview:-1\" \/>\n<link rel=\"canonical\" href=\"https:\/\/mandalailu.ee\/en\/product\/mala-palvehelmed-21\/\" \/>\n<meta property=\"og:locale\" content=\"en_US\" \/>\n<meta property=\"og:type\" content=\"article\" \/>\n<meta property=\"og:title\" content=\"S\u00fcdameh\u00e4\u00e4le MALA-palvehelmed - Mandala ilu\" \/>\n<meta property=\"og:description\" content=\"Mala pole niisama kaunis kaelakee. Tegemist on vaimse v\u00e4eehtega, mille igasse s\u00f5lme on sisse punutud s\u00f5num. S\u00fcdameh\u00e4\u00e4le MALA-palvehelmed\" \/>\n<meta property=\"og:url\" content=\"https:\/\/mandalailu.ee\/en\/product\/mala-palvehelmed-21\/\" \/>\n<meta property=\"og:site_name\" content=\"Mandala ilu\" \/>\n<meta property=\"article:publisher\" content=\"https:\/\/www.facebook.com\/MandalaILU\" \/>\n<meta property=\"article:modified_time\" content=\"2025-07-26T10:18:33+00:00\" \/>\n<meta property=\"og:image\" content=\"https:\/\/mandalailu.ee\/wp-content\/uploads\/2025\/04\/697-Mandala-ILU-stuudio-vaeehted-Lasuriit-Angeliit-Opaliit-Seleniit-Sungiit-1.jpg\" \/>\n\t<meta property=\"og:image:width\" content=\"750\" \/>\n\t<meta property=\"og:image:height\" content=\"750\" \/>\n\t<meta property=\"og:image:type\" content=\"image\/jpeg\" \/>\n<meta name=\"twitter:card\" content=\"summary_large_image\" \/>\n<meta name=\"twitter:label1\" content=\"Est. reading time\" \/>\n\t<meta name=\"twitter:data1\" content=\"1 minute\" \/>\n<script type=\"application\/ld+json\" class=\"yoast-schema-graph\">{\"@context\":\"https:\/\/schema.org\",\"@graph\":[{\"@type\":\"WebPage\",\"@id\":\"https:\/\/mandalailu.ee\/toode\/mala-palvehelmed-21\/\",\"url\":\"https:\/\/mandalailu.ee\/toode\/mala-palvehelmed-21\/\",\"name\":\"S\u00fcdameh\u00e4\u00e4le MALA-palvehelmed - Mandala ilu\",\"isPartOf\":{\"@id\":\"https:\/\/mandalailu.ee\/#website\"},\"primaryImageOfPage\":{\"@id\":\"https:\/\/mandalailu.ee\/toode\/mala-palvehelmed-21\/#primaryimage\"},\"image\":{\"@id\":\"https:\/\/mandalailu.ee\/toode\/mala-palvehelmed-21\/#primaryimage\"},\"thumbnailUrl\":\"https:\/\/mandalailu.ee\/wp-content\/uploads\/2025\/04\/697-Mandala-ILU-stuudio-vaeehted-Lasuriit-Angeliit-Opaliit-Seleniit-Sungiit-1.jpg\",\"datePublished\":\"2022-04-25T14:47:09+00:00\",\"dateModified\":\"2025-07-26T10:18:33+00:00\",\"description\":\"Mala pole niisama kaunis kaelakee. Tegemist on vaimse v\u00e4eehtega, mille igasse s\u00f5lme on sisse punutud s\u00f5num. S\u00fcdameh\u00e4\u00e4le MALA-palvehelmed\",\"breadcrumb\":{\"@id\":\"https:\/\/mandalailu.ee\/toode\/mala-palvehelmed-21\/#breadcrumb\"},\"inLanguage\":\"en-US\",\"potentialAction\":[{\"@type\":\"ReadAction\",\"target\":[\"https:\/\/mandalailu.ee\/toode\/mala-palvehelmed-21\/\"]}]},{\"@type\":\"ImageObject\",\"inLanguage\":\"en-US\",\"@id\":\"https:\/\/mandalailu.ee\/toode\/mala-palvehelmed-21\/#primaryimage\",\"url\":\"https:\/\/mandalailu.ee\/wp-content\/uploads\/2025\/04\/697-Mandala-ILU-stuudio-vaeehted-Lasuriit-Angeliit-Opaliit-Seleniit-Sungiit-1.jpg\",\"contentUrl\":\"https:\/\/mandalailu.ee\/wp-content\/uploads\/2025\/04\/697-Mandala-ILU-stuudio-vaeehted-Lasuriit-Angeliit-Opaliit-Seleniit-Sungiit-1.jpg\",\"width\":750,\"height\":750,\"caption\":\"Mandala ILU stuudio v\u00e4eehted \/ S\u00fcdameh\u00e4\u00e4le MALA-palvehelmed \/ Lasuriit, Angeliit, Opaliit, Seleniit, Sungiit\"},{\"@type\":\"BreadcrumbList\",\"@id\":\"https:\/\/mandalailu.ee\/toode\/mala-palvehelmed-21\/#breadcrumb\",\"itemListElement\":[{\"@type\":\"ListItem\",\"position\":1,\"name\":\"Home\",\"item\":\"https:\/\/mandalailu.ee\/\"},{\"@type\":\"ListItem\",\"position\":2,\"name\":\"S\u00fcdameh\u00e4\u00e4le MALA-palvehelmed\"}]},{\"@type\":\"WebSite\",\"@id\":\"https:\/\/mandalailu.ee\/#website\",\"url\":\"https:\/\/mandalailu.ee\/\",\"name\":\"Mandala ilu\",\"description\":\"Unikaalsed k&auml;sit&ouml;&ouml;na valminud ehted\",\"publisher\":{\"@id\":\"https:\/\/mandalailu.ee\/#organization\"},\"potentialAction\":[{\"@type\":\"SearchAction\",\"target\":{\"@type\":\"EntryPoint\",\"urlTemplate\":\"https:\/\/mandalailu.ee\/?s={search_term_string}\"},\"query-input\":{\"@type\":\"PropertyValueSpecification\",\"valueRequired\":true,\"valueName\":\"search_term_string\"}}],\"inLanguage\":\"en-US\"},{\"@type\":\"Organization\",\"@id\":\"https:\/\/mandalailu.ee\/#organization\",\"name\":\"Mandala ILU\",\"url\":\"https:\/\/mandalailu.ee\/\",\"logo\":{\"@type\":\"ImageObject\",\"inLanguage\":\"en-US\",\"@id\":\"https:\/\/mandalailu.ee\/#\/schema\/logo\/image\/\",\"url\":\"https:\/\/mandalailu.ee\/wp-content\/uploads\/2022\/04\/cropped-Mandala-ILU-lill_block.jpg\",\"contentUrl\":\"https:\/\/mandalailu.ee\/wp-content\/uploads\/2022\/04\/cropped-Mandala-ILU-lill_block.jpg\",\"width\":512,\"height\":512,\"caption\":\"Mandala ILU\"},\"image\":{\"@id\":\"https:\/\/mandalailu.ee\/#\/schema\/logo\/image\/\"},\"sameAs\":[\"https:\/\/www.facebook.com\/MandalaILU\",\"https:\/\/www.instagram.com\/mandala.ilu.mala.ehted\/\"]}]}<\/script>\n<!-- \/ Yoast SEO plugin. -->","yoast_head_json":{"title":"S\u00fcdameh\u00e4\u00e4le MALA-palvehelmed - Mandala ilu","description":"Mala pole niisama kaunis kaelakee. Tegemist on vaimse v\u00e4eehtega, mille igasse s\u00f5lme on sisse punutud s\u00f5num. S\u00fcdameh\u00e4\u00e4le MALA-palvehelmed","robots":{"index":"index","follow":"follow","max-snippet":"max-snippet:-1","max-image-preview":"max-image-preview:large","max-video-preview":"max-video-preview:-1"},"canonical":"https:\/\/mandalailu.ee\/en\/product\/mala-palvehelmed-21\/","og_locale":"en_US","og_type":"article","og_title":"S\u00fcdameh\u00e4\u00e4le MALA-palvehelmed - Mandala ilu","og_description":"Mala pole niisama kaunis kaelakee. Tegemist on vaimse v\u00e4eehtega, mille igasse s\u00f5lme on sisse punutud s\u00f5num. S\u00fcdameh\u00e4\u00e4le MALA-palvehelmed","og_url":"https:\/\/mandalailu.ee\/en\/product\/mala-palvehelmed-21\/","og_site_name":"Mandala ilu","article_publisher":"https:\/\/www.facebook.com\/MandalaILU","article_modified_time":"2025-07-26T10:18:33+00:00","og_image":[{"width":750,"height":750,"url":"https:\/\/mandalailu.ee\/wp-content\/uploads\/2025\/04\/697-Mandala-ILU-stuudio-vaeehted-Lasuriit-Angeliit-Opaliit-Seleniit-Sungiit-1.jpg","type":"image\/jpeg"}],"twitter_card":"summary_large_image","twitter_misc":{"Est. reading time":"1 minute"},"schema":{"@context":"https:\/\/schema.org","@graph":[{"@type":"WebPage","@id":"https:\/\/mandalailu.ee\/toode\/mala-palvehelmed-21\/","url":"https:\/\/mandalailu.ee\/toode\/mala-palvehelmed-21\/","name":"S\u00fcdameh\u00e4\u00e4le MALA-palvehelmed - Mandala ilu","isPartOf":{"@id":"https:\/\/mandalailu.ee\/#website"},"primaryImageOfPage":{"@id":"https:\/\/mandalailu.ee\/toode\/mala-palvehelmed-21\/#primaryimage"},"image":{"@id":"https:\/\/mandalailu.ee\/toode\/mala-palvehelmed-21\/#primaryimage"},"thumbnailUrl":"https:\/\/mandalailu.ee\/wp-content\/uploads\/2025\/04\/697-Mandala-ILU-stuudio-vaeehted-Lasuriit-Angeliit-Opaliit-Seleniit-Sungiit-1.jpg","datePublished":"2022-04-25T14:47:09+00:00","dateModified":"2025-07-26T10:18:33+00:00","description":"Mala pole niisama kaunis kaelakee. Tegemist on vaimse v\u00e4eehtega, mille igasse s\u00f5lme on sisse punutud s\u00f5num. S\u00fcdameh\u00e4\u00e4le MALA-palvehelmed","breadcrumb":{"@id":"https:\/\/mandalailu.ee\/toode\/mala-palvehelmed-21\/#breadcrumb"},"inLanguage":"en-US","potentialAction":[{"@type":"ReadAction","target":["https:\/\/mandalailu.ee\/toode\/mala-palvehelmed-21\/"]}]},{"@type":"ImageObject","inLanguage":"en-US","@id":"https:\/\/mandalailu.ee\/toode\/mala-palvehelmed-21\/#primaryimage","url":"https:\/\/mandalailu.ee\/wp-content\/uploads\/2025\/04\/697-Mandala-ILU-stuudio-vaeehted-Lasuriit-Angeliit-Opaliit-Seleniit-Sungiit-1.jpg","contentUrl":"https:\/\/mandalailu.ee\/wp-content\/uploads\/2025\/04\/697-Mandala-ILU-stuudio-vaeehted-Lasuriit-Angeliit-Opaliit-Seleniit-Sungiit-1.jpg","width":750,"height":750,"caption":"Mandala ILU stuudio v\u00e4eehted \/ S\u00fcdameh\u00e4\u00e4le MALA-palvehelmed \/ Lasuriit, Angeliit, Opaliit, Seleniit, Sungiit"},{"@type":"BreadcrumbList","@id":"https:\/\/mandalailu.ee\/toode\/mala-palvehelmed-21\/#breadcrumb","itemListElement":[{"@type":"ListItem","position":1,"name":"Home","item":"https:\/\/mandalailu.ee\/"},{"@type":"ListItem","position":2,"name":"S\u00fcdameh\u00e4\u00e4le MALA-palvehelmed"}]},{"@type":"WebSite","@id":"https:\/\/mandalailu.ee\/#website","url":"https:\/\/mandalailu.ee\/","name":"Mandala ilu","description":"Unikaalsed k&auml;sit&ouml;&ouml;na valminud ehted","publisher":{"@id":"https:\/\/mandalailu.ee\/#organization"},"potentialAction":[{"@type":"SearchAction","target":{"@type":"EntryPoint","urlTemplate":"https:\/\/mandalailu.ee\/?s={search_term_string}"},"query-input":{"@type":"PropertyValueSpecification","valueRequired":true,"valueName":"search_term_string"}}],"inLanguage":"en-US"},{"@type":"Organization","@id":"https:\/\/mandalailu.ee\/#organization","name":"Mandala ILU","url":"https:\/\/mandalailu.ee\/","logo":{"@type":"ImageObject","inLanguage":"en-US","@id":"https:\/\/mandalailu.ee\/#\/schema\/logo\/image\/","url":"https:\/\/mandalailu.ee\/wp-content\/uploads\/2022\/04\/cropped-Mandala-ILU-lill_block.jpg","contentUrl":"https:\/\/mandalailu.ee\/wp-content\/uploads\/2022\/04\/cropped-Mandala-ILU-lill_block.jpg","width":512,"height":512,"caption":"Mandala ILU"},"image":{"@id":"https:\/\/mandalailu.ee\/#\/schema\/logo\/image\/"},"sameAs":["https:\/\/www.facebook.com\/MandalaILU","https:\/\/www.instagram.com\/mandala.ilu.mala.ehted\/"]}]}},"_links":{"self":[{"href":"https:\/\/mandalailu.ee\/en\/wp-json\/wp\/v2\/product\/304","targetHints":{"allow":["GET"]}}],"collection":[{"href":"https:\/\/mandalailu.ee\/en\/wp-json\/wp\/v2\/product"}],"about":[{"href":"https:\/\/mandalailu.ee\/en\/wp-json\/wp\/v2\/types\/product"}],"wp:featuredmedia":[{"embeddable":true,"href":"https:\/\/mandalailu.ee\/en\/wp-json\/wp\/v2\/media\/4631"}],"wp:attachment":[{"href":"https:\/\/mandalailu.ee\/en\/wp-json\/wp\/v2\/media?parent=304"}],"wp:term":[{"taxonomy":"product_brand","embeddable":true,"href":"https:\/\/mandalailu.ee\/en\/wp-json\/wp\/v2\/product_brand?post=304"},{"taxonomy":"product_cat","embeddable":true,"href":"https:\/\/mandalailu.ee\/en\/wp-json\/wp\/v2\/product_cat?post=304"},{"taxonomy":"product_tag","embeddable":true,"href":"https:\/\/mandalailu.ee\/en\/wp-json\/wp\/v2\/product_tag?post=304"}],"curies":[{"name":"wp","href":"https:\/\/api.w.org\/{rel}","templated":true}]}}