{"id":322,"date":"2022-04-25T14:58:20","date_gmt":"2022-04-25T14:58:20","guid":{"rendered":"https:\/\/mandalailu.ee\/?post_type=product&#038;p=322"},"modified":"2026-05-08T10:19:34","modified_gmt":"2026-05-08T10:19:34","slug":"mala-palvehelmed-24","status":"publish","type":"product","link":"https:\/\/mandalailu.ee\/en\/product\/mala-palvehelmed-24\/","title":{"rendered":"Teekonnal Olemise MALA-palvehelmed"},"content":{"rendered":"<h2 style=\"text-align: center;\">Teekonnal Olemise MALA-palvehelmed:<\/h2>\n<p style=\"text-align: center;\">Teekonnal Olemise MALA palvehelmed on loodud toetama Sind elu muutustes, kasvamises ja teadlikus kulgemises.<\/p>\n<h3 data-section-id=\"639m5s\" data-start=\"7512\" data-end=\"7535\"><span role=\"text\"><strong data-start=\"7516\" data-end=\"7533\">Kasutusviisid<\/strong><\/span><\/h3>\n<p data-start=\"7536\" data-end=\"7691\">\u2022 Meditatsioonis teadliku kohalolu loomiseks<br data-start=\"7580\" data-end=\"7583\" \/>\u2022 Igap\u00e4evase v\u00e4eehtena tasakaalu ja sisemise rahu toetamiseks<br data-start=\"7644\" data-end=\"7647\" \/>\u2022 Teadliku hingamise ja mantrate praktikas<\/p>\n<h3 data-section-id=\"1r3nw0c\" data-start=\"7698\" data-end=\"7722\"><span role=\"text\"><strong data-start=\"7702\" data-end=\"7720\">Hooldusjuhised<\/strong><\/span><\/h3>\n<p data-start=\"7723\" data-end=\"7957\">\u2022 V\u00e4ldi pikaajalist kokkupuudet veega, et s\u00e4ilitada kristallide loomulik ilu<br data-start=\"7799\" data-end=\"7802\" \/>\u2022 Puhasta Malat aeg ajalt \u00f5rna kuiva lapiga<br data-start=\"7845\" data-end=\"7848\" \/>\u2022 Lae Malat kuuvalguses v\u00f5i m\u00e4ekristalli l\u00e4heduses<br data-start=\"7898\" data-end=\"7901\" \/>\u2022 Hoia eraldi teistest ehetest, et v\u00e4ltida kriimustusi<\/p>\n<hr data-start=\"7693\" data-end=\"7696\" \/>\n<h3 data-start=\"1357\" data-end=\"1898\"><strong data-start=\"1357\" data-end=\"1365\">Jaad<\/strong><\/h3>\n<p data-start=\"1357\" data-end=\"1898\">Jaad loob sisemist tasakaalu ja rahulikku kulgemist l\u00e4bi elu muutuste. Ta toetab<strong><a href=\"https:\/\/mandalailu.ee\/en\/blogi\/sudametsakra\/\"> s\u00fcdamet\u0161akra<\/a>t<\/strong>, aidates Sul hoida \u00fchendust iseenda ja elu loomuliku voolamisega, luues harmooniat ja pehmust ka kiirematel aegadel. Ta aitab v\u00e4hendada liigset pinget ja rahutust. Jaad loob usaldust oma teekonna vastu. Ta toetab emotsionaalset tasakaalu ja sisemist rahu. Jaad aitab m\u00e4rgata elu ilu ja k\u00fcllust. Ta loob pehmema suhtumise iseendasse ja teistesse. Jaad toetab teadlikku kohalolu, luues s\u00fcdamesse rahuliku voolamise.<\/p>\n<h3 data-start=\"1900\" data-end=\"2426\"><strong data-start=\"1900\" data-end=\"1910\">Topaas<\/strong><\/h3>\n<p data-start=\"1900\" data-end=\"2426\"><a href=\"https:\/\/mandalailu.ee\/en\/blogi\/paikesepoimik\/\"><strong>P\u00e4ikesep\u00f5imikut\u0161akra<\/strong><\/a>, mis s\u00fctitab sisemise j\u00f5u, enesekindluse ja teadliku tegutsemise. Topaas aitab Sul usaldada oma v\u00f5imeid ja liikuda julgelt edasi. Ta loob selgust eesm\u00e4rkides ja soovides. Topaas aitab vabastada kahtlusi ja ebakindlust. Topaas loob sisemist soojust ja positiivset energiat. Ta toetab otsustavust ja tegutsemistahet. See kristall aitab Sul m\u00e4rgata oma tugevusi. Ta loob enesev\u00e4\u00e4rtust ja sisemist kindlust. Topaas toetab Sind oma tee loomisel. Ta loob julgust s\u00e4rada oma t\u00f5elises valguses.<\/p>\n<h3 data-start=\"2428\" data-end=\"2964\"><strong data-start=\"2428\" data-end=\"2440\">Karneool<\/strong><\/h3>\n<p data-start=\"2428\" data-end=\"2964\"><a href=\"https:\/\/mandalailu.ee\/en\/blogi\/sakraaltsakra\/\"><strong>Sakraalt\u0161akra<\/strong><\/a>, mis voolab loomingulisuse, elur\u00f5\u00f5mu ja eluj\u00f5uga l\u00e4bi kogu keha. Karneool aitab Sul liikuda julgelt oma soovide ja unistuste suunas. Ta loob motivatsiooni ja inspireerib tegutsema. See kristall aitab vabastada hirme ja pidurdusi. Karneool loob soojust ja sisemist s\u00e4ra. Ta toetab loomingulist enesev\u00e4ljendust ja voolavat energiat. See kristall aitab taastada elur\u00f5\u00f5mu. Ta loob \u00fchenduse elu kerguse ja naudingutega. Karneool toetab julgust olla ehe ja spontaanne. Ta loob rohkem elavat energiat igasse p\u00e4eva.<\/p>\n<h3 data-start=\"2966\" data-end=\"3560\"><strong data-start=\"2966\" data-end=\"2983\">Punane Jaspis<\/strong><\/h3>\n<p data-start=\"2966\" data-end=\"3560\"><a href=\"https:\/\/mandalailu.ee\/en\/blogi\/juurtsakra\/\"><strong>Juurt\u0161akra<\/strong><\/a>, mis hoiab Sind kindlalt maa energias ja loob turvatunde ka muutuste keskel. Punane Jaspis aitab Sul p\u00fcsida kohal siin ja praegu ning toetab sisemist stabiilsust. Ta loob tugevama \u00fchenduse keha ja maa energiaga. See kristall aitab v\u00e4hendada rahutust ja hajevil olekut. Punane Jaspis loob vastupidavust ja j\u00e4rjepidevust. Ta toetab Sind hetkedel, kui soovid rohkem kindlust ja tuge. See kristall aitab taastada sisemist tasakaalu. Ta loob maandatud ja rahuliku enesetunde. Punane Jaspis toetab usaldust elu protsesside vastu. Ta loob tugeva ja turvalise vundamendi.<\/p>\n<h3 data-start=\"3562\" data-end=\"4098\"><strong data-start=\"3562\" data-end=\"3578\">Aafrika Jaad<\/strong><\/h3>\n<p data-start=\"3562\" data-end=\"4098\"><a href=\"https:\/\/mandalailu.ee\/en\/blogi\/sudametsakra\/\"><strong>S\u00fcdamet\u0161akr<\/strong><\/a><strong>a<\/strong>, mis m\u00e4letab armastust, pehmust ja sisemist harmooniat. Aafrika Jaad aitab Sul avada s\u00fcdant iseendale ja teistele. Ta loob rahuliku ja tasakaalustatud emotsionaalse seisundi. See kristall aitab vabastada vanu pingeid ja haiget saanud tundeid. Aafrika Jaad loob usaldust ja hoolivust. Ta toetab emotsionaalset tasakaalu ja sisemist rahu. See kristall aitab Sul m\u00e4rgata elu ilu ja k\u00fcllust. Ta loob pehmema suhtumise iseendasse. Aafrika Jaad toetab armastavat kohalolu. Ta loob s\u00fcdamesse rahuliku voolamise.<\/p>\n<h3 data-start=\"4100\" data-end=\"4637\"><strong data-start=\"4100\" data-end=\"4112\">Angeliit<\/strong><\/h3>\n<p data-start=\"4100\" data-end=\"4637\"><a href=\"https:\/\/mandalailu.ee\/en\/blogi\/kurgutsakra-tsakrate-koneisik-kes-ei-karda-tode\/\"><strong>Kurgut\u0161akra<\/strong><\/a>, mis julgeb t\u00f5tt r\u00e4\u00e4kida pehmelt, rahulikult ja ausalt. Angeliit aitab Sul v\u00e4ljendada oma m\u00f5tteid ja tundeid selgelt ning s\u00fcdamest. Ta loob rahu suhtlemisse ja enesev\u00e4ljendusse. See kristall aitab v\u00e4hendada hirmu oma t\u00f5e r\u00e4\u00e4kimise ees. Angeliit loob \u00f5rna ja toetava energia. Ta toetab sisemist vaikust ja teadlikku kuulamist. See kristall aitab Sul usaldada oma sisemist h\u00e4\u00e4lt. Ta loob harmoonilisema suhtlemise iseenda ja teistega. Angeliit toetab ausust ja siirust. Ta loob pehme \u00fchenduse sisemise tarkusega.<\/p>\n<h3 data-start=\"4639\" data-end=\"5179\"><strong data-start=\"4639\" data-end=\"4651\">Lasuriit<\/strong><\/h3>\n<p data-start=\"4639\" data-end=\"5179\"><a href=\"https:\/\/mandalailu.ee\/en\/blogi\/tsakrad\/\"><strong>Kolmanda silma t\u0161akra<\/strong><\/a>, mis n\u00e4eb n\u00e4htamatut ja avardab teadlikkust s\u00fcgavamatesse kihtidesse. Lasuriit aitab Sul kuulata oma intuitsiooni ja m\u00e4rgata peidetud s\u00f5numeid. Ta loob vaimset selgust ja teadlikkust. See kristall aitab Sul n\u00e4ha olukordi laiemast perspektiivist. Lasuriit loob \u00fchenduse sisemise tarkusega. Ta toetab \u00f5ppimist ja s\u00fcgavamat m\u00f5istmist. See kristall aitab vaigistada liigset m\u00f5ttem\u00fcra. Ta loob usaldust oma sisetunde vastu. Lasuriit toetab vaimset kasvu ja arengut. Ta loob avarama ja teadlikuma vaate elule.<\/p>\n<h3 data-start=\"5181\" data-end=\"5724\"><strong data-start=\"5181\" data-end=\"5192\">Amet\u00fcst<\/strong><\/h3>\n<p data-start=\"5181\" data-end=\"5724\"><a href=\"https:\/\/mandalailu.ee\/en\/blogi\/tsakrad\/\"><strong>Kroont\u0161akra<\/strong><\/a>, mis usaldab universumit ja loob \u00fchenduse k\u00f5rgema juhatusega. Amet\u00fcst aitab Sul leida sisemist rahu ja vaimset selgust. Ta loob pehmuse ja tasakaalu ka keerulistes olukordades. See kristall aitab vabastada liigset stressi ja pinget. Amet\u00fcst loob s\u00fcgavama \u00fchenduse intuitsiooniga. Ta toetab meditatsiooni ja teadlikku kohalolu. See kristall aitab Sul usaldada elu loomulikku voolamist. Ta loob rahu m\u00f5tetesse ja tunnetesse. Amet\u00fcst toetab sisemist tarkust ja vaimset kasvu. Ta loob k\u00f5rgema teadlikkuse ja rahu energia.<\/p>\n<h3 data-start=\"5726\" data-end=\"6272\"><strong data-start=\"5726\" data-end=\"5740\">Piltjaspis<\/strong><\/h3>\n<p data-start=\"5726\" data-end=\"6272\">Piltjaspis loob tugeva \u00fchenduse maa energiaga ja aitab Sul usaldada oma eluteekonda. Ta toetab <strong><a href=\"https:\/\/mandalailu.ee\/en\/blogi\/juurtsakra\/\">juurt\u0161akra<\/a>t<\/strong>, luues stabiilsuse ja turvatunde. See kristall aitab m\u00e4rgata suuremat pilti ka keerulistes olukordades. Ta loob rahuliku kohalolu ja kannatlikkuse. Piltjaspis toetab sisemist tarkust ja teadlikku kulgemist. See kristall aitab v\u00e4hendada liigset kiirustamist. Ta loob \u00fchenduse looduse ja elu loomuliku r\u00fctmiga. Piltjaspis toetab Sind muutuste keskel. Ta loob maandatud ja rahuliku enesetunde. Ta aitab Sul usaldada oma teed.<\/p>\n<h3 data-start=\"6274\" data-end=\"6825\"><strong data-start=\"6274\" data-end=\"6290\">Sammalahhaat<\/strong><\/h3>\n<p data-start=\"6274\" data-end=\"6825\">Sammalahhaat loob kasvamise, uuenemise ja tasakaalu energia. Ta toetab <a href=\"https:\/\/mandalailu.ee\/en\/blogi\/sudametsakra\/\"><strong>s\u00fcdamet\u0161akrat<\/strong><\/a>, aidates Sul avada end uutele v\u00f5imalustele ja elu loomulikule voolamisele. See kristall loob \u00fchenduse looduse tervendava energiaga. Ta aitab v\u00e4hendada sisemist pinget ja rahutust. Sammalahhaat loob rahuliku ja stabiilse kasvu energia. Ta toetab uusi alguseid ja teadlikke muutusi. See kristall aitab Sul usaldada oma arengut. Ta loob pehmust ja sisemist tasakaalu. Sammalahhaat toetab emotsionaalset tervenemist. Ta loob s\u00fcdamesse lootuse ja rahu.<\/p>\n<h3 data-start=\"6827\" data-end=\"7323\"><strong data-start=\"6827\" data-end=\"6839\">Hematiit<\/strong><\/h3>\n<p data-start=\"6827\" data-end=\"7323\">Hematiit loob tugeva maanduse ja aitab Sul p\u00fcsida kohal siin ja praegu. Ta toetab <a href=\"https:\/\/mandalailu.ee\/en\/blogi\/juurtsakra\/\"><strong>juurt\u0161akrat<\/strong><\/a>, luues stabiilsuse ja kindluse. See kristall loob rahuliku ja selge meele. Ta aitab v\u00e4hendada hajevil olekut. Hematiit loob tasakaalu keha ja m\u00f5istuse vahel. Ta toetab keskendumist ja praktilisust. See kristall loob tugeva sisemise struktuuri. Ta aitab Sul tegutseda kindlalt ja rahulikult. Hematiit loob turvalise tunde ka pingelistes olukordades. Ta toetab Sind igap\u00e4evases tasakaalus.<\/p>\n<p>&nbsp;<\/p>\n<p>Oma ehteid luues on mul kindel teadmine, et igal valmival ehtel on tegelikult juba loomise ajal omanik olemas. Ta lihtsalt ei tea veel, et tema soovide ja taotlustega ehe on just sel hetkel kuskil end loomas. See on kanaldus. Usaldus. Energia. Mina k\u00fcsin universumilt juhiseid ja tema saadab need. Mispeale loon Sinu ehte siia ellu just Sulle vajalike kristallide ja taotlustega. Nii lihtne see ongi. Sinu \u00fclesanne on vaid oma ehe \u00e4ra tunda. L\u00e4bi oma s\u00fcdame.<\/p>\n<p>&nbsp;<\/p>\n<p>\u2022 K\u00f5ik Minu ehted on 100% k\u00e4sit\u00f6\u00f6 ning ainueksemplarid, loodud puhtast armastusest ning loomisj\u00f5ust, l\u00e4bi kanalduse, Tema kandjale.<br \/>\n\u2022 Minu ehted kannavad endas ilu, poolv\u00e4\u00e4riskivide toetust ning p\u00fchitsetud v\u00e4ge.<br \/>\n\u2022 Enne uude koju j\u00f5udmist on ehe energeetiliselt puhastatud ja laetud.<\/p>\n<h3>Kui antud v\u00e4eehe Sind k\u00f5netab, on selle s\u00f5num m\u00f5eldud just Sulle. See on Sinu Mala. Tunne ta \u00e4ra. L\u00e4bi oma s\u00fcdame.<\/h3>\n<div>\n<div>Teekonnal Olemise MALA-palvehelmed looja: K\u00e4rt Lumiste<\/div>\n<\/div>\n<div><b>Ole hoitud, l\u00e4bi armastuse<\/b><\/div>","protected":false},"excerpt":{"rendered":"<blockquote><p>&#8220;Selle Mala toel usaldad oma teekonda ja liigud edasi rahu, julguse ning teadlikkusega.&#8221;<\/p><\/blockquote>\n<p>Teekonnal Olemise MALA-palvehelmed on vaimse v\u00e4eehtega, mille igasse s\u00f5lme on sisse punutud s\u00f5num. See s\u00f5num on seotud Sinuga, Sinu s\u00fcdame ja hingega, et toetada Sind just n\u00fc\u00fcd ja praegu, asjades, milles toetust vajad. Need on Sinu salasoovid.<\/p>\n<p>MALA-palvehelmed\u00a0on loodud 108 helmest. Antud Malasse on end s\u00f5lminud:<\/p>\n<ul>\n<li data-start=\"198\" data-end=\"468\">Tasakaalustav <strong>JAAD<\/strong><\/li>\n<li data-start=\"198\" data-end=\"468\">S\u00fctitav <strong>TOPAAS<\/strong><\/li>\n<li data-start=\"198\" data-end=\"468\">Eluj\u00f5uline <strong>KARNEOOL<\/strong><\/li>\n<li data-start=\"198\" data-end=\"468\">Maandav<strong> PUNANE JASPIS<\/strong><\/li>\n<li data-start=\"198\" data-end=\"468\">S\u00fcdant avav <strong>AAFRIKA JAAD<\/strong><\/li>\n<li data-start=\"198\" data-end=\"468\">Rahustav <strong>ANGELIIT<\/strong><\/li>\n<li data-start=\"198\" data-end=\"468\">Teadlikkust avardav <strong>LASURIIT<\/strong><\/li>\n<li data-start=\"198\" data-end=\"468\">K\u00f5rgemat juhatust toetav <strong>AMET\u00dcST<\/strong><\/li>\n<li data-start=\"198\" data-end=\"468\">Maandav <strong>PILTJASPIS<\/strong><\/li>\n<li data-start=\"198\" data-end=\"468\">Kasvu toetav <strong>SAMMALAHHAAT<\/strong><\/li>\n<li data-start=\"198\" data-end=\"468\">Tasakaalustav<strong> HEMATIIT<\/strong> (v\u00e4rvitud kuldseks)<\/li>\n<li data-start=\"198\" data-end=\"468\">Guruks on Metalne <strong>OM<\/strong> s\u00fcmbol<\/li>\n<\/ul>\n<p data-start=\"470\" data-end=\"579\"><strong>Nende kristallide kooslus loob Sulle<\/strong> usaldust, sisemist tasakaalu ja julgust liikuda oma teekonnal edasi.\u00a0<strong><span role=\"text\">Sobib ideaalselt ka kingituseks inimesele, kes <\/span>soovib<\/strong> usaldada elu voolamist, liikuda teadlikumalt oma rajal ja hoida \u00fchendust iseendaga.<\/p>\n<p>Mala on <strong>ainueksemplar<\/strong> ja unikaalne ehe Sinu kaelas. Mala autoriks on K\u00e4rt Lumiste, kellele kingiti <strong>Mala punumise p\u00fchitsuse<\/strong> Indias, Haidakhanis, Babaji Ashramis.<\/p>\n<ul>\n<li>Spirituaalne ehe sobib ideaalselt meditatsiooniks, igap\u00e4evaseks kandmiseks v\u00f5i kingituseks kallile inimesele.<\/li>\n<li>MALA j\u00f5uab Sinuni imeilusas kinkekarbis<\/li>\n<li>Eesti sisene\u00a0<strong>transport<\/strong>\u00a0pakiautomaati on ALATI minu kulul<\/li>\n<li><strong>Vali kohe, maksa hiljem v\u00f5imalus<\/strong>. Rohkem infot leiad <a href=\"https:\/\/mandalailu.ee\/en\/uld-ja-muugitingimused\/#jarelmaksu-voimalus\"><strong>SIIT<\/strong><\/a><\/li>\n<li>Loe BLOGI postitust: <a href=\"https:\/\/mandalailu.ee\/en\/blogi\/mis-on-mala\/\"><strong>\u201cMis on Mala?\u201d<\/strong><\/a><\/li>\n<\/ul>\n<p>Kui antud MALA Sind k\u00f5netab, on selle s\u00f5num m\u00f5eldud just Sulle. See on Sinu Mala. Tunne ta \u00e4ra. L\u00e4bi oma s\u00fcdame. Luba ta oma igap\u00e4evaellu Sinu teekonda toetama.<\/p>","protected":false},"featured_media":5475,"template":"","meta":{"_acf_changed":false},"product_brand":[],"product_cat":[16],"product_tag":[37,42,43,41,39,38,40],"class_list":{"0":"post-322","1":"product","2":"type-product","3":"status-publish","4":"has-post-thumbnail","6":"product_cat-mala-palvehelmed","7":"product_tag-juurtsakra","8":"product_tag-kolmanda-silma-tsakra","9":"product_tag-kroontsakra","10":"product_tag-kurgutsakra","11":"product_tag-paikesepoimik","12":"product_tag-sakraaltsakra","13":"product_tag-sudametsakra","15":"first","16":"instock","17":"shipping-taxable","18":"purchasable","19":"product-type-simple"},"acf":[],"yoast_head":"<!-- This site is optimized with the Yoast SEO plugin v26.3 - https:\/\/yoast.com\/wordpress\/plugins\/seo\/ -->\n<title>Teekonnal Olemise MALA-palvehelmed - Mandala ilu<\/title>\n<meta name=\"description\" content=\"Teekonnal Olemise MALA palvehelmed Jaadi, Karneooli, Topaasi, Amet\u00fcsti, Lasuriidi ja teiste kristallidega toetavad tasakaalu ja teadlikku kulgemist.\" \/>\n<meta name=\"robots\" content=\"index, follow, max-snippet:-1, max-image-preview:large, max-video-preview:-1\" \/>\n<link rel=\"canonical\" href=\"https:\/\/mandalailu.ee\/en\/product\/mala-palvehelmed-24\/\" \/>\n<meta property=\"og:locale\" content=\"en_US\" \/>\n<meta property=\"og:type\" content=\"article\" \/>\n<meta property=\"og:title\" content=\"Teekonnal Olemise MALA-palvehelmed - Mandala ilu\" \/>\n<meta property=\"og:description\" content=\"Teekonnal Olemise MALA palvehelmed Jaadi, Karneooli, Topaasi, Amet\u00fcsti, Lasuriidi ja teiste kristallidega toetavad tasakaalu ja teadlikku kulgemist.\" \/>\n<meta property=\"og:url\" content=\"https:\/\/mandalailu.ee\/en\/product\/mala-palvehelmed-24\/\" \/>\n<meta property=\"og:site_name\" content=\"Mandala ilu\" \/>\n<meta property=\"article:publisher\" content=\"https:\/\/www.facebook.com\/MandalaILU\" \/>\n<meta property=\"article:modified_time\" content=\"2026-05-08T10:19:34+00:00\" \/>\n<meta property=\"og:image\" content=\"https:\/\/mandalailu.ee\/wp-content\/uploads\/2026\/05\/756-Mandala-ILU-vaeehted-MALA-Jaad-Topaas-Karneool-Punane-Jaspis-Aafrika-Jaad-Angeliit-Lasuriit-Ametust-SammalAhhaat-PiltJaspis-1.jpg\" \/>\n\t<meta property=\"og:image:width\" content=\"750\" \/>\n\t<meta property=\"og:image:height\" content=\"750\" \/>\n\t<meta property=\"og:image:type\" content=\"image\/jpeg\" \/>\n<meta name=\"twitter:card\" content=\"summary_large_image\" \/>\n<meta name=\"twitter:label1\" content=\"Est. reading time\" \/>\n\t<meta name=\"twitter:data1\" content=\"1 minute\" \/>\n<script type=\"application\/ld+json\" class=\"yoast-schema-graph\">{\"@context\":\"https:\/\/schema.org\",\"@graph\":[{\"@type\":\"WebPage\",\"@id\":\"https:\/\/mandalailu.ee\/toode\/mala-palvehelmed-24\/\",\"url\":\"https:\/\/mandalailu.ee\/toode\/mala-palvehelmed-24\/\",\"name\":\"Teekonnal Olemise MALA-palvehelmed - Mandala ilu\",\"isPartOf\":{\"@id\":\"https:\/\/mandalailu.ee\/#website\"},\"primaryImageOfPage\":{\"@id\":\"https:\/\/mandalailu.ee\/toode\/mala-palvehelmed-24\/#primaryimage\"},\"image\":{\"@id\":\"https:\/\/mandalailu.ee\/toode\/mala-palvehelmed-24\/#primaryimage\"},\"thumbnailUrl\":\"https:\/\/mandalailu.ee\/wp-content\/uploads\/2026\/05\/756-Mandala-ILU-vaeehted-MALA-Jaad-Topaas-Karneool-Punane-Jaspis-Aafrika-Jaad-Angeliit-Lasuriit-Ametust-SammalAhhaat-PiltJaspis-1.jpg\",\"datePublished\":\"2022-04-25T14:58:20+00:00\",\"dateModified\":\"2026-05-08T10:19:34+00:00\",\"description\":\"Teekonnal Olemise MALA palvehelmed Jaadi, Karneooli, Topaasi, Amet\u00fcsti, Lasuriidi ja teiste kristallidega toetavad tasakaalu ja teadlikku kulgemist.\",\"breadcrumb\":{\"@id\":\"https:\/\/mandalailu.ee\/toode\/mala-palvehelmed-24\/#breadcrumb\"},\"inLanguage\":\"en-US\",\"potentialAction\":[{\"@type\":\"ReadAction\",\"target\":[\"https:\/\/mandalailu.ee\/toode\/mala-palvehelmed-24\/\"]}]},{\"@type\":\"ImageObject\",\"inLanguage\":\"en-US\",\"@id\":\"https:\/\/mandalailu.ee\/toode\/mala-palvehelmed-24\/#primaryimage\",\"url\":\"https:\/\/mandalailu.ee\/wp-content\/uploads\/2026\/05\/756-Mandala-ILU-vaeehted-MALA-Jaad-Topaas-Karneool-Punane-Jaspis-Aafrika-Jaad-Angeliit-Lasuriit-Ametust-SammalAhhaat-PiltJaspis-1.jpg\",\"contentUrl\":\"https:\/\/mandalailu.ee\/wp-content\/uploads\/2026\/05\/756-Mandala-ILU-vaeehted-MALA-Jaad-Topaas-Karneool-Punane-Jaspis-Aafrika-Jaad-Angeliit-Lasuriit-Ametust-SammalAhhaat-PiltJaspis-1.jpg\",\"width\":750,\"height\":750},{\"@type\":\"BreadcrumbList\",\"@id\":\"https:\/\/mandalailu.ee\/toode\/mala-palvehelmed-24\/#breadcrumb\",\"itemListElement\":[{\"@type\":\"ListItem\",\"position\":1,\"name\":\"Home\",\"item\":\"https:\/\/mandalailu.ee\/\"},{\"@type\":\"ListItem\",\"position\":2,\"name\":\"Teekonnal Olemise MALA-palvehelmed\"}]},{\"@type\":\"WebSite\",\"@id\":\"https:\/\/mandalailu.ee\/#website\",\"url\":\"https:\/\/mandalailu.ee\/\",\"name\":\"Mandala ilu\",\"description\":\"Unikaalsed k&auml;sit&ouml;&ouml;na valminud ehted\",\"publisher\":{\"@id\":\"https:\/\/mandalailu.ee\/#organization\"},\"potentialAction\":[{\"@type\":\"SearchAction\",\"target\":{\"@type\":\"EntryPoint\",\"urlTemplate\":\"https:\/\/mandalailu.ee\/?s={search_term_string}\"},\"query-input\":{\"@type\":\"PropertyValueSpecification\",\"valueRequired\":true,\"valueName\":\"search_term_string\"}}],\"inLanguage\":\"en-US\"},{\"@type\":\"Organization\",\"@id\":\"https:\/\/mandalailu.ee\/#organization\",\"name\":\"Mandala ILU\",\"url\":\"https:\/\/mandalailu.ee\/\",\"logo\":{\"@type\":\"ImageObject\",\"inLanguage\":\"en-US\",\"@id\":\"https:\/\/mandalailu.ee\/#\/schema\/logo\/image\/\",\"url\":\"https:\/\/mandalailu.ee\/wp-content\/uploads\/2022\/04\/cropped-Mandala-ILU-lill_block.jpg\",\"contentUrl\":\"https:\/\/mandalailu.ee\/wp-content\/uploads\/2022\/04\/cropped-Mandala-ILU-lill_block.jpg\",\"width\":512,\"height\":512,\"caption\":\"Mandala ILU\"},\"image\":{\"@id\":\"https:\/\/mandalailu.ee\/#\/schema\/logo\/image\/\"},\"sameAs\":[\"https:\/\/www.facebook.com\/MandalaILU\",\"https:\/\/www.instagram.com\/mandala.ilu.mala.ehted\/\"]}]}<\/script>\n<!-- \/ Yoast SEO plugin. -->","yoast_head_json":{"title":"Teekonnal Olemise MALA-palvehelmed - Mandala ilu","description":"Teekonnal Olemise MALA palvehelmed Jaadi, Karneooli, Topaasi, Amet\u00fcsti, Lasuriidi ja teiste kristallidega toetavad tasakaalu ja teadlikku kulgemist.","robots":{"index":"index","follow":"follow","max-snippet":"max-snippet:-1","max-image-preview":"max-image-preview:large","max-video-preview":"max-video-preview:-1"},"canonical":"https:\/\/mandalailu.ee\/en\/product\/mala-palvehelmed-24\/","og_locale":"en_US","og_type":"article","og_title":"Teekonnal Olemise MALA-palvehelmed - Mandala ilu","og_description":"Teekonnal Olemise MALA palvehelmed Jaadi, Karneooli, Topaasi, Amet\u00fcsti, Lasuriidi ja teiste kristallidega toetavad tasakaalu ja teadlikku kulgemist.","og_url":"https:\/\/mandalailu.ee\/en\/product\/mala-palvehelmed-24\/","og_site_name":"Mandala ilu","article_publisher":"https:\/\/www.facebook.com\/MandalaILU","article_modified_time":"2026-05-08T10:19:34+00:00","og_image":[{"width":750,"height":750,"url":"https:\/\/mandalailu.ee\/wp-content\/uploads\/2026\/05\/756-Mandala-ILU-vaeehted-MALA-Jaad-Topaas-Karneool-Punane-Jaspis-Aafrika-Jaad-Angeliit-Lasuriit-Ametust-SammalAhhaat-PiltJaspis-1.jpg","type":"image\/jpeg"}],"twitter_card":"summary_large_image","twitter_misc":{"Est. reading time":"1 minute"},"schema":{"@context":"https:\/\/schema.org","@graph":[{"@type":"WebPage","@id":"https:\/\/mandalailu.ee\/toode\/mala-palvehelmed-24\/","url":"https:\/\/mandalailu.ee\/toode\/mala-palvehelmed-24\/","name":"Teekonnal Olemise MALA-palvehelmed - Mandala ilu","isPartOf":{"@id":"https:\/\/mandalailu.ee\/#website"},"primaryImageOfPage":{"@id":"https:\/\/mandalailu.ee\/toode\/mala-palvehelmed-24\/#primaryimage"},"image":{"@id":"https:\/\/mandalailu.ee\/toode\/mala-palvehelmed-24\/#primaryimage"},"thumbnailUrl":"https:\/\/mandalailu.ee\/wp-content\/uploads\/2026\/05\/756-Mandala-ILU-vaeehted-MALA-Jaad-Topaas-Karneool-Punane-Jaspis-Aafrika-Jaad-Angeliit-Lasuriit-Ametust-SammalAhhaat-PiltJaspis-1.jpg","datePublished":"2022-04-25T14:58:20+00:00","dateModified":"2026-05-08T10:19:34+00:00","description":"Teekonnal Olemise MALA palvehelmed Jaadi, Karneooli, Topaasi, Amet\u00fcsti, Lasuriidi ja teiste kristallidega toetavad tasakaalu ja teadlikku kulgemist.","breadcrumb":{"@id":"https:\/\/mandalailu.ee\/toode\/mala-palvehelmed-24\/#breadcrumb"},"inLanguage":"en-US","potentialAction":[{"@type":"ReadAction","target":["https:\/\/mandalailu.ee\/toode\/mala-palvehelmed-24\/"]}]},{"@type":"ImageObject","inLanguage":"en-US","@id":"https:\/\/mandalailu.ee\/toode\/mala-palvehelmed-24\/#primaryimage","url":"https:\/\/mandalailu.ee\/wp-content\/uploads\/2026\/05\/756-Mandala-ILU-vaeehted-MALA-Jaad-Topaas-Karneool-Punane-Jaspis-Aafrika-Jaad-Angeliit-Lasuriit-Ametust-SammalAhhaat-PiltJaspis-1.jpg","contentUrl":"https:\/\/mandalailu.ee\/wp-content\/uploads\/2026\/05\/756-Mandala-ILU-vaeehted-MALA-Jaad-Topaas-Karneool-Punane-Jaspis-Aafrika-Jaad-Angeliit-Lasuriit-Ametust-SammalAhhaat-PiltJaspis-1.jpg","width":750,"height":750},{"@type":"BreadcrumbList","@id":"https:\/\/mandalailu.ee\/toode\/mala-palvehelmed-24\/#breadcrumb","itemListElement":[{"@type":"ListItem","position":1,"name":"Home","item":"https:\/\/mandalailu.ee\/"},{"@type":"ListItem","position":2,"name":"Teekonnal Olemise MALA-palvehelmed"}]},{"@type":"WebSite","@id":"https:\/\/mandalailu.ee\/#website","url":"https:\/\/mandalailu.ee\/","name":"Mandala ilu","description":"Unikaalsed k&auml;sit&ouml;&ouml;na valminud ehted","publisher":{"@id":"https:\/\/mandalailu.ee\/#organization"},"potentialAction":[{"@type":"SearchAction","target":{"@type":"EntryPoint","urlTemplate":"https:\/\/mandalailu.ee\/?s={search_term_string}"},"query-input":{"@type":"PropertyValueSpecification","valueRequired":true,"valueName":"search_term_string"}}],"inLanguage":"en-US"},{"@type":"Organization","@id":"https:\/\/mandalailu.ee\/#organization","name":"Mandala ILU","url":"https:\/\/mandalailu.ee\/","logo":{"@type":"ImageObject","inLanguage":"en-US","@id":"https:\/\/mandalailu.ee\/#\/schema\/logo\/image\/","url":"https:\/\/mandalailu.ee\/wp-content\/uploads\/2022\/04\/cropped-Mandala-ILU-lill_block.jpg","contentUrl":"https:\/\/mandalailu.ee\/wp-content\/uploads\/2022\/04\/cropped-Mandala-ILU-lill_block.jpg","width":512,"height":512,"caption":"Mandala ILU"},"image":{"@id":"https:\/\/mandalailu.ee\/#\/schema\/logo\/image\/"},"sameAs":["https:\/\/www.facebook.com\/MandalaILU","https:\/\/www.instagram.com\/mandala.ilu.mala.ehted\/"]}]}},"_links":{"self":[{"href":"https:\/\/mandalailu.ee\/en\/wp-json\/wp\/v2\/product\/322","targetHints":{"allow":["GET"]}}],"collection":[{"href":"https:\/\/mandalailu.ee\/en\/wp-json\/wp\/v2\/product"}],"about":[{"href":"https:\/\/mandalailu.ee\/en\/wp-json\/wp\/v2\/types\/product"}],"wp:featuredmedia":[{"embeddable":true,"href":"https:\/\/mandalailu.ee\/en\/wp-json\/wp\/v2\/media\/5475"}],"wp:attachment":[{"href":"https:\/\/mandalailu.ee\/en\/wp-json\/wp\/v2\/media?parent=322"}],"wp:term":[{"taxonomy":"product_brand","embeddable":true,"href":"https:\/\/mandalailu.ee\/en\/wp-json\/wp\/v2\/product_brand?post=322"},{"taxonomy":"product_cat","embeddable":true,"href":"https:\/\/mandalailu.ee\/en\/wp-json\/wp\/v2\/product_cat?post=322"},{"taxonomy":"product_tag","embeddable":true,"href":"https:\/\/mandalailu.ee\/en\/wp-json\/wp\/v2\/product_tag?post=322"}],"curies":[{"name":"wp","href":"https:\/\/api.w.org\/{rel}","templated":true}]}}