{"id":326,"date":"2022-04-25T15:02:20","date_gmt":"2022-04-25T15:02:20","guid":{"rendered":"https:\/\/mandalailu.ee\/?post_type=product&#038;p=326"},"modified":"2025-03-28T09:27:57","modified_gmt":"2025-03-28T09:27:57","slug":"mala-palvehelmed-25","status":"publish","type":"product","link":"https:\/\/mandalailu.ee\/en\/product\/mala-palvehelmed-25\/","title":{"rendered":"Naiselike v\u00f5lude MALA-palvehelmed"},"content":{"rendered":"<h2 style=\"text-align: center;\">Naiselike v\u00f5lude MALA-palvehelmed:<\/h2>\n<h3><b>AHHAAT <\/b><\/h3>\n<p>AHHAAT <span style=\"font-weight: 400;\">on saadaval k\u00f5igis vikerkaarev\u00e4rvides ning ta toob v\u00e4lja Sinu ainulaadse tugevuse ja j\u00f5u. Ahhaat on tasakaalustav, maandav ja hoiab Sind avatuna kogu k\u00fcllusele, mida universum soovib Sulle saata. Emotsionaalselt on Ahhaat suurep\u00e4rane kingitus enesekindluse t\u00f5stmiseks. Ahhadid j\u00f5u ja julguse kristallid, mis toetavad Sind kui soovid lahti lasta vanadest traumadest ning omaks v\u00f5tma omaenda t\u00f5e.<\/span><\/p>\n<h3><strong>M\u00c4EKRISTALL<\/strong><\/h3>\n<p>M\u00c4EKRISTALLi peetakse meistertervendajaks, millel on tasakaalustavad ning energiav\u00f5imendavad omadused. Ta on \u00fcks t\u00e4htsamaid kroont\u0161akra kristalle ning imeline abiline seisva energia taas liikumisse suunamiseks. M\u00e4ekristall on vaimse ja emotsionaalse selguse toojaks ning hea abiline keskendumisel. Ta t\u00f6\u00f6tab mitmem\u00f5\u00f5tmelistel tasandil. M\u00e4ekristalli peetakse hinge s\u00fcgavpuhastajaks. \u00d6eldakse, et see n\u00e4itab ja ravib f\u00fc\u00fcsilise keha ja\/v\u00f5i aura ummistusi v\u00f5i n\u00f5rkusi.<\/p>\n<h3><strong>PUNANE JASPIS<\/strong><\/h3>\n<p>Punast JASPIST peetakse naiste kristalliks, kes soovivad r\u00f5hutada oma naiselikke v\u00f5lusid ning graatsiat. <a href=\"https:\/\/mandalailu.ee\/en\/blogi\/juurtsakra\/\"><strong>Juurt\u0161akra<\/strong><\/a> kivina peetakse punast Jaspist ka seksuaalsust suurendavaks ning tasakaalustavaks kristalliks. Ta annab Sulle rahu, eluj\u00f5udu, kindlustunnet ning kannab endast maal\u00e4hedast \u00dcrgemaduse energiat, mis aitab m\u00f5ista p\u00e4ritud mustreid ning soovi korral elada \u00f5ige pisut teisiti kui Sinu esivanemad vabanedes uskumustest, mis ei teeni Sinu k\u00f5rgemat h\u00fcvangut. Punane jaspis on ka v\u00e4ga hea kaitsekivi.<\/p>\n<h3><strong>DRUZY AHHAAT<\/strong><\/h3>\n<p>DRUZY AHHAATi iseloomustab Ahhaadile moodustunud v\u00e4ikesed kristallstruktuurid nagu pisikesed krobelised &#8220;\u00f5\u00f5nsused&#8221;, mis ei ole sageli suhkruteradest suuremad. Druzy Ahhaat on eelk\u00f5ige seotud rahu, armastuse, intuitsiooni, stressi leevendamise ning enesev\u00e4\u00e4rikuse ja oma sisemise j\u00f5uga. Ta on nagu inimeses peidus olev imeline kalliskivi, mida me nii sageli peidame poleeritud v\u00e4lisilme alla. Siinkohal peaksid leidma endas hoopis sisemise j\u00f5u, et vabastada oma s\u00e4ra, olla oma igap\u00e4evaelus k\u00f5ige t\u00f5elisem Sina ise. Druzy Ahhaat on seotud selguse, intuitsiooniga ning sisemise j\u00f5u ja usalduse leidmisega enda ja oma v\u00f5imete vastu. Peamiselt kroont\u0161akra kristallina tuntud druzy Ahhaat, omab positiivne m\u00f5ju ka kurgut\u0161akrale ning ka kolmanda silma t\u0161akrale. Kui tunned, et Sa ei suuda enda eest seista ega oma soove v\u00e4ljendada, on druzy Ahhaat suurep\u00e4rane kristall, mida enda l\u00e4hedal hoida.<\/p>\n<p>&nbsp;<\/p>\n<p><strong>Kui antud v\u00e4eehe Sind k\u00f5netab, on selle s\u00f5num m\u00f5eldud just Sulle. See on Sinu Mala. Tunne ta \u00e4ra. L\u00e4bi oma s\u00fcdame.<\/strong><\/p>\n<p>\u2022 K\u00f5ik Minu ehted on 100% k\u00e4sit\u00f6\u00f6 ning ainueksemplarid, loodud puhtast armastusest ning loomisj\u00f5ust, l\u00e4bi kanalduse, Tema kandjale.<br \/>\n\u2022 Minu ehted kannavad endas naiselikku ilu, poolv\u00e4\u00e4riskivide toetust ning p\u00fchitsetud v\u00e4ge.<br \/>\n\u2022 Enne uude koju j\u00f5udmist on ehe energeetiliselt puhastatud ja laetud.<\/p>\n<div>\n<div>Naiselike v\u00f5lude MALA-palvehelmed looja: K\u00e4rt Lumiste<\/div>\n<\/div>\n<div><b>Ole hoitud, l\u00e4bi armastuse<\/b><\/div>","protected":false},"excerpt":{"rendered":"<blockquote><p><strong>&#8220;Selle Mala toel t\u00f5stab minus pead naiselikkus, l\u00e4bi mille tunnen end t\u00f5elise kalliskivina&#8221;<\/strong><\/p><\/blockquote>\n<p>Naiselike v\u00f5lude MALA-palvehelmed pole niisama kaunis kaelakee. Tegemist on vaimse v\u00e4eehtega, mille igasse s\u00f5lme on sisse punutud s\u00f5num. See s\u00f5num on seotud Sinuga, Sinu s\u00fcdame ja hingega, et toetada Sind just n\u00fc\u00fcd ja praegu, asjades, milles toetust vajad. Need on Sinu salasoovid.<\/p>\n<p><a href=\"https:\/\/mandalailu.ee\/en\/blogi\/mis-on-mala\/\"><strong>MALA-palvehelmed<\/strong><\/a> on loodud 108 helmest. Antud Malasse on end s\u00f5lminud:<\/p>\n<ul>\n<li><span style=\"font-weight: 400;\">Tasakaalustav <\/span>AHHAAT<\/li>\n<li>Meistertervendaja M\u00c4EKRISTALL<\/li>\n<li>Naiste kristalliks punane JASPIS<\/li>\n<li>Guruks sisemise j\u00f5u DRUZY AHHAAT<\/li>\n<li>Tutt<\/li>\n<\/ul>\n<p>Mala on <strong>ainueksemplar<\/strong> ja unikaalne ehe Sinu kaelas. Mala autoriks on K\u00e4rt Lumiste, kellele kingiti <strong>Mala punumise p\u00fchitsuse<\/strong> Indias, Haidakhanis, Babaji Ashramis.<\/p>\n<ul>\n<li>MALA j\u00f5uab Sinuni imeilusas kinkekarbis<\/li>\n<li>Eesti sisene\u00a0<strong>transport<\/strong>\u00a0pakiautomaati on ALATI minu kulul<\/li>\n<li><strong>Vali kohe, maka hiljem\u00a0<\/strong>v\u00f5imalus. Rohkem infot\u00a0<a href=\"https:\/\/mandalailu.ee\/en\/uld-ja-muugitingimused\/#jarelmaksu-voimalus\"><strong>SIIT<\/strong><\/a><\/li>\n<li>Loe BLOGI postitust:\u00a0<a href=\"https:\/\/mandalailu.ee\/en\/blogi\/mis-on-mala\/\"><strong>\u201cMis on Mala?\u201d<\/strong><\/a><\/li>\n<\/ul>\n<p>Oma ehteid luues on mul kindel teadmine, et igal valmival ehtel on tegelikult juba loomise ajal omanik olemas. Ta lihtsalt ei tea veel, et tema soovide ja taotlustega ehe on just sel hetkel kuskil end loomas. See on kanaldus. See on usaldus. See on energia. Mina k\u00fcsin universumilt juhiseid ja tema saadab need. Mispeale loon Sinu ehte siia ellu just Sulle vajalike kristallide ja taotlustega. Nii lihtne see ongi. Sinu \u00fclesanne on vaid oma ehe \u00e4ra tunda. L\u00e4bi oma s\u00fcdame.<\/p>\n<p>&nbsp;<\/p>","protected":false},"featured_media":3973,"template":"","meta":{"_acf_changed":false},"product_brand":[],"product_cat":[16],"product_tag":[37],"class_list":{"0":"post-326","1":"product","2":"type-product","3":"status-publish","4":"has-post-thumbnail","6":"product_cat-mala-palvehelmed","7":"product_tag-juurtsakra","9":"first","10":"instock","11":"shipping-taxable","12":"purchasable","13":"product-type-simple"},"acf":[],"yoast_head":"<!-- This site is optimized with the Yoast SEO plugin v26.3 - https:\/\/yoast.com\/wordpress\/plugins\/seo\/ -->\n<title>Naiselike v\u00f5lude MALA-palvehelmed - Mandala ilu<\/title>\n<meta name=\"description\" content=\"Mala ehk palvehelmed pole niisama kaunis kaelakee. Tegemist on vaimse v\u00e4eehtega, mille igasse s\u00f5lme on sisse punutud s\u00f5num. Naiselike v\u00f5lude MALA-palvehelmed\" \/>\n<meta name=\"robots\" content=\"index, follow, max-snippet:-1, max-image-preview:large, max-video-preview:-1\" \/>\n<link rel=\"canonical\" href=\"https:\/\/mandalailu.ee\/en\/product\/mala-palvehelmed-25\/\" \/>\n<meta property=\"og:locale\" content=\"en_US\" \/>\n<meta property=\"og:type\" content=\"article\" \/>\n<meta property=\"og:title\" content=\"Naiselike v\u00f5lude MALA-palvehelmed - Mandala ilu\" \/>\n<meta property=\"og:description\" content=\"Mala ehk palvehelmed pole niisama kaunis kaelakee. Tegemist on vaimse v\u00e4eehtega, mille igasse s\u00f5lme on sisse punutud s\u00f5num. Naiselike v\u00f5lude MALA-palvehelmed\" \/>\n<meta property=\"og:url\" content=\"https:\/\/mandalailu.ee\/en\/product\/mala-palvehelmed-25\/\" \/>\n<meta property=\"og:site_name\" content=\"Mandala ilu\" \/>\n<meta property=\"article:publisher\" content=\"https:\/\/www.facebook.com\/MandalaILU\" \/>\n<meta property=\"article:modified_time\" content=\"2025-03-28T09:27:57+00:00\" \/>\n<meta property=\"og:image\" content=\"https:\/\/mandalailu.ee\/wp-content\/uploads\/2022\/04\/618_Mandala-ILU-vaeehted-Punane-Jaspis-Ahhaat-Maekristall-Druzy-Ahhaat-1.jpg\" \/>\n\t<meta property=\"og:image:width\" content=\"750\" \/>\n\t<meta property=\"og:image:height\" content=\"750\" \/>\n\t<meta property=\"og:image:type\" content=\"image\/jpeg\" \/>\n<meta name=\"twitter:card\" content=\"summary_large_image\" \/>\n<meta name=\"twitter:label1\" content=\"Est. reading time\" \/>\n\t<meta name=\"twitter:data1\" content=\"1 minute\" \/>\n<script type=\"application\/ld+json\" class=\"yoast-schema-graph\">{\"@context\":\"https:\/\/schema.org\",\"@graph\":[{\"@type\":\"WebPage\",\"@id\":\"https:\/\/mandalailu.ee\/toode\/mala-palvehelmed-25\/\",\"url\":\"https:\/\/mandalailu.ee\/toode\/mala-palvehelmed-25\/\",\"name\":\"Naiselike v\u00f5lude MALA-palvehelmed - Mandala ilu\",\"isPartOf\":{\"@id\":\"https:\/\/mandalailu.ee\/#website\"},\"primaryImageOfPage\":{\"@id\":\"https:\/\/mandalailu.ee\/toode\/mala-palvehelmed-25\/#primaryimage\"},\"image\":{\"@id\":\"https:\/\/mandalailu.ee\/toode\/mala-palvehelmed-25\/#primaryimage\"},\"thumbnailUrl\":\"https:\/\/mandalailu.ee\/wp-content\/uploads\/2022\/04\/618_Mandala-ILU-vaeehted-Punane-Jaspis-Ahhaat-Maekristall-Druzy-Ahhaat-1.jpg\",\"datePublished\":\"2022-04-25T15:02:20+00:00\",\"dateModified\":\"2025-03-28T09:27:57+00:00\",\"description\":\"Mala ehk palvehelmed pole niisama kaunis kaelakee. Tegemist on vaimse v\u00e4eehtega, mille igasse s\u00f5lme on sisse punutud s\u00f5num. Naiselike v\u00f5lude MALA-palvehelmed\",\"breadcrumb\":{\"@id\":\"https:\/\/mandalailu.ee\/toode\/mala-palvehelmed-25\/#breadcrumb\"},\"inLanguage\":\"en-US\",\"potentialAction\":[{\"@type\":\"ReadAction\",\"target\":[\"https:\/\/mandalailu.ee\/toode\/mala-palvehelmed-25\/\"]}]},{\"@type\":\"ImageObject\",\"inLanguage\":\"en-US\",\"@id\":\"https:\/\/mandalailu.ee\/toode\/mala-palvehelmed-25\/#primaryimage\",\"url\":\"https:\/\/mandalailu.ee\/wp-content\/uploads\/2022\/04\/618_Mandala-ILU-vaeehted-Punane-Jaspis-Ahhaat-Maekristall-Druzy-Ahhaat-1.jpg\",\"contentUrl\":\"https:\/\/mandalailu.ee\/wp-content\/uploads\/2022\/04\/618_Mandala-ILU-vaeehted-Punane-Jaspis-Ahhaat-Maekristall-Druzy-Ahhaat-1.jpg\",\"width\":750,\"height\":750,\"caption\":\"Mandala ILU v\u00e4eehted \/ Naiselike v\u00f5lude MALA-palvehelmed \/ Punane Jaspis, Ahhaat, M\u00e4ekristall, Druzy Ahhaat\"},{\"@type\":\"BreadcrumbList\",\"@id\":\"https:\/\/mandalailu.ee\/toode\/mala-palvehelmed-25\/#breadcrumb\",\"itemListElement\":[{\"@type\":\"ListItem\",\"position\":1,\"name\":\"Home\",\"item\":\"https:\/\/mandalailu.ee\/\"},{\"@type\":\"ListItem\",\"position\":2,\"name\":\"Naiselike v\u00f5lude MALA-palvehelmed\"}]},{\"@type\":\"WebSite\",\"@id\":\"https:\/\/mandalailu.ee\/#website\",\"url\":\"https:\/\/mandalailu.ee\/\",\"name\":\"Mandala ilu\",\"description\":\"Unikaalsed k&auml;sit&ouml;&ouml;na valminud ehted\",\"publisher\":{\"@id\":\"https:\/\/mandalailu.ee\/#organization\"},\"potentialAction\":[{\"@type\":\"SearchAction\",\"target\":{\"@type\":\"EntryPoint\",\"urlTemplate\":\"https:\/\/mandalailu.ee\/?s={search_term_string}\"},\"query-input\":{\"@type\":\"PropertyValueSpecification\",\"valueRequired\":true,\"valueName\":\"search_term_string\"}}],\"inLanguage\":\"en-US\"},{\"@type\":\"Organization\",\"@id\":\"https:\/\/mandalailu.ee\/#organization\",\"name\":\"Mandala ILU\",\"url\":\"https:\/\/mandalailu.ee\/\",\"logo\":{\"@type\":\"ImageObject\",\"inLanguage\":\"en-US\",\"@id\":\"https:\/\/mandalailu.ee\/#\/schema\/logo\/image\/\",\"url\":\"https:\/\/mandalailu.ee\/wp-content\/uploads\/2022\/04\/cropped-Mandala-ILU-lill_block.jpg\",\"contentUrl\":\"https:\/\/mandalailu.ee\/wp-content\/uploads\/2022\/04\/cropped-Mandala-ILU-lill_block.jpg\",\"width\":512,\"height\":512,\"caption\":\"Mandala ILU\"},\"image\":{\"@id\":\"https:\/\/mandalailu.ee\/#\/schema\/logo\/image\/\"},\"sameAs\":[\"https:\/\/www.facebook.com\/MandalaILU\",\"https:\/\/www.instagram.com\/mandala.ilu.mala.ehted\/\"]}]}<\/script>\n<!-- \/ Yoast SEO plugin. -->","yoast_head_json":{"title":"Naiselike v\u00f5lude MALA-palvehelmed - Mandala ilu","description":"Mala ehk palvehelmed pole niisama kaunis kaelakee. Tegemist on vaimse v\u00e4eehtega, mille igasse s\u00f5lme on sisse punutud s\u00f5num. Naiselike v\u00f5lude MALA-palvehelmed","robots":{"index":"index","follow":"follow","max-snippet":"max-snippet:-1","max-image-preview":"max-image-preview:large","max-video-preview":"max-video-preview:-1"},"canonical":"https:\/\/mandalailu.ee\/en\/product\/mala-palvehelmed-25\/","og_locale":"en_US","og_type":"article","og_title":"Naiselike v\u00f5lude MALA-palvehelmed - Mandala ilu","og_description":"Mala ehk palvehelmed pole niisama kaunis kaelakee. Tegemist on vaimse v\u00e4eehtega, mille igasse s\u00f5lme on sisse punutud s\u00f5num. Naiselike v\u00f5lude MALA-palvehelmed","og_url":"https:\/\/mandalailu.ee\/en\/product\/mala-palvehelmed-25\/","og_site_name":"Mandala ilu","article_publisher":"https:\/\/www.facebook.com\/MandalaILU","article_modified_time":"2025-03-28T09:27:57+00:00","og_image":[{"width":750,"height":750,"url":"https:\/\/mandalailu.ee\/wp-content\/uploads\/2022\/04\/618_Mandala-ILU-vaeehted-Punane-Jaspis-Ahhaat-Maekristall-Druzy-Ahhaat-1.jpg","type":"image\/jpeg"}],"twitter_card":"summary_large_image","twitter_misc":{"Est. reading time":"1 minute"},"schema":{"@context":"https:\/\/schema.org","@graph":[{"@type":"WebPage","@id":"https:\/\/mandalailu.ee\/toode\/mala-palvehelmed-25\/","url":"https:\/\/mandalailu.ee\/toode\/mala-palvehelmed-25\/","name":"Naiselike v\u00f5lude MALA-palvehelmed - Mandala ilu","isPartOf":{"@id":"https:\/\/mandalailu.ee\/#website"},"primaryImageOfPage":{"@id":"https:\/\/mandalailu.ee\/toode\/mala-palvehelmed-25\/#primaryimage"},"image":{"@id":"https:\/\/mandalailu.ee\/toode\/mala-palvehelmed-25\/#primaryimage"},"thumbnailUrl":"https:\/\/mandalailu.ee\/wp-content\/uploads\/2022\/04\/618_Mandala-ILU-vaeehted-Punane-Jaspis-Ahhaat-Maekristall-Druzy-Ahhaat-1.jpg","datePublished":"2022-04-25T15:02:20+00:00","dateModified":"2025-03-28T09:27:57+00:00","description":"Mala ehk palvehelmed pole niisama kaunis kaelakee. Tegemist on vaimse v\u00e4eehtega, mille igasse s\u00f5lme on sisse punutud s\u00f5num. Naiselike v\u00f5lude MALA-palvehelmed","breadcrumb":{"@id":"https:\/\/mandalailu.ee\/toode\/mala-palvehelmed-25\/#breadcrumb"},"inLanguage":"en-US","potentialAction":[{"@type":"ReadAction","target":["https:\/\/mandalailu.ee\/toode\/mala-palvehelmed-25\/"]}]},{"@type":"ImageObject","inLanguage":"en-US","@id":"https:\/\/mandalailu.ee\/toode\/mala-palvehelmed-25\/#primaryimage","url":"https:\/\/mandalailu.ee\/wp-content\/uploads\/2022\/04\/618_Mandala-ILU-vaeehted-Punane-Jaspis-Ahhaat-Maekristall-Druzy-Ahhaat-1.jpg","contentUrl":"https:\/\/mandalailu.ee\/wp-content\/uploads\/2022\/04\/618_Mandala-ILU-vaeehted-Punane-Jaspis-Ahhaat-Maekristall-Druzy-Ahhaat-1.jpg","width":750,"height":750,"caption":"Mandala ILU v\u00e4eehted \/ Naiselike v\u00f5lude MALA-palvehelmed \/ Punane Jaspis, Ahhaat, M\u00e4ekristall, Druzy Ahhaat"},{"@type":"BreadcrumbList","@id":"https:\/\/mandalailu.ee\/toode\/mala-palvehelmed-25\/#breadcrumb","itemListElement":[{"@type":"ListItem","position":1,"name":"Home","item":"https:\/\/mandalailu.ee\/"},{"@type":"ListItem","position":2,"name":"Naiselike v\u00f5lude MALA-palvehelmed"}]},{"@type":"WebSite","@id":"https:\/\/mandalailu.ee\/#website","url":"https:\/\/mandalailu.ee\/","name":"Mandala ilu","description":"Unikaalsed k&auml;sit&ouml;&ouml;na valminud ehted","publisher":{"@id":"https:\/\/mandalailu.ee\/#organization"},"potentialAction":[{"@type":"SearchAction","target":{"@type":"EntryPoint","urlTemplate":"https:\/\/mandalailu.ee\/?s={search_term_string}"},"query-input":{"@type":"PropertyValueSpecification","valueRequired":true,"valueName":"search_term_string"}}],"inLanguage":"en-US"},{"@type":"Organization","@id":"https:\/\/mandalailu.ee\/#organization","name":"Mandala ILU","url":"https:\/\/mandalailu.ee\/","logo":{"@type":"ImageObject","inLanguage":"en-US","@id":"https:\/\/mandalailu.ee\/#\/schema\/logo\/image\/","url":"https:\/\/mandalailu.ee\/wp-content\/uploads\/2022\/04\/cropped-Mandala-ILU-lill_block.jpg","contentUrl":"https:\/\/mandalailu.ee\/wp-content\/uploads\/2022\/04\/cropped-Mandala-ILU-lill_block.jpg","width":512,"height":512,"caption":"Mandala ILU"},"image":{"@id":"https:\/\/mandalailu.ee\/#\/schema\/logo\/image\/"},"sameAs":["https:\/\/www.facebook.com\/MandalaILU","https:\/\/www.instagram.com\/mandala.ilu.mala.ehted\/"]}]}},"_links":{"self":[{"href":"https:\/\/mandalailu.ee\/en\/wp-json\/wp\/v2\/product\/326","targetHints":{"allow":["GET"]}}],"collection":[{"href":"https:\/\/mandalailu.ee\/en\/wp-json\/wp\/v2\/product"}],"about":[{"href":"https:\/\/mandalailu.ee\/en\/wp-json\/wp\/v2\/types\/product"}],"wp:featuredmedia":[{"embeddable":true,"href":"https:\/\/mandalailu.ee\/en\/wp-json\/wp\/v2\/media\/3973"}],"wp:attachment":[{"href":"https:\/\/mandalailu.ee\/en\/wp-json\/wp\/v2\/media?parent=326"}],"wp:term":[{"taxonomy":"product_brand","embeddable":true,"href":"https:\/\/mandalailu.ee\/en\/wp-json\/wp\/v2\/product_brand?post=326"},{"taxonomy":"product_cat","embeddable":true,"href":"https:\/\/mandalailu.ee\/en\/wp-json\/wp\/v2\/product_cat?post=326"},{"taxonomy":"product_tag","embeddable":true,"href":"https:\/\/mandalailu.ee\/en\/wp-json\/wp\/v2\/product_tag?post=326"}],"curies":[{"name":"wp","href":"https:\/\/api.w.org\/{rel}","templated":true}]}}