{"id":335,"date":"2022-04-25T15:29:27","date_gmt":"2022-04-25T15:29:27","guid":{"rendered":"https:\/\/mandalailu.ee\/?post_type=product&#038;p=335"},"modified":"2025-05-11T17:32:09","modified_gmt":"2025-05-11T17:32:09","slug":"mala-palvehelmed-27","status":"publish","type":"product","link":"https:\/\/mandalailu.ee\/en\/product\/mala-palvehelmed-27\/","title":{"rendered":"Armastuse MALA-palvehelmed"},"content":{"rendered":"<h2 style=\"text-align: center;\"><strong>Armastuse <a href=\"https:\/\/mandalailu.ee\/en\/blogi\/mis-on-mala\/\">MALA-palvehelmed<\/a>:<\/strong><\/h2>\n<h3><strong>MAASIKA KVARTS<\/strong><\/h3>\n<p>Maasika Kvarts valgustab Sinu <a href=\"https:\/\/mandalailu.ee\/en\/blogi\/sudametsakra\/\"><strong>s\u00fcdamet\u0161akrat<\/strong><\/a> ja tervendab Sinu aurat. Ta aitab kaasa Sinu blokeeritud <a href=\"https:\/\/mandalailu.ee\/en\/blogi\/tsakrad\/\"><strong>t\u0161akras\u00fcsteemi<\/strong><\/a> taastamisel. Maasika Kvarts toetab Sind eluks vajalike emotsioonide v\u00e4ljendamisel. Maasika Kvartsi energiad sobivad ideaalselt just sulle, kes Sa kannatad \u00e4revuse, depressiooni v\u00f5i muude emotsionaalsete h\u00e4irete k\u00fc\u00fcsis. Sellelaadsed h\u00e4ired saavadki alguse just v\u00e4lja elamata emotsioonidest ja lahendamata tunnetest. <a href=\"https:\/\/mandalailu.ee\/en\/blogi\/sudametsakra\/\"><strong>S\u00fcdamet\u0161akra<\/strong> <\/a>kristallina aitab Maasika Kvarts avada ka oma s\u00fcda, mis pikalt on olnud suletud.<\/p>\n<h3><strong>M\u00c4EKRISTALL<\/strong><\/h3>\n<p>M\u00c4EKRISTALLi peetakse meistertervendajaks, millel on tasakaalustavad ning energiav\u00f5imendavad omadused. Ta on \u00fcks t\u00e4htsamaid <a href=\"https:\/\/mandalailu.ee\/en\/blogi\/tsakrad\/\"><strong>kroont\u0161akra<\/strong><\/a> kristalle ning imeline abiline seisva energia taas liikumisse suunamiseks. M\u00e4ekristall on vaimse ja emotsionaalse selguse toojaks ning hea abiline keskendumisel. Ta t\u00f6\u00f6tab mitmem\u00f5\u00f5tmelistel tasandil. M\u00e4ekristalli peetakse hinge s\u00fcgavpuhastajaks. \u00d6eldakse, et see n\u00e4itab ja ravib f\u00fc\u00fcsilise keha ja\/v\u00f5i aura ummistusi v\u00f5i n\u00f5rkusi.<\/p>\n<h3><strong>LABRADORIIT<\/strong><\/h3>\n<p>LABRADORIIT on kuulus oma seotuse poolest kujutlusv\u00f5imega. Legendi j\u00e4rgi s\u00fcndis Labradoriit virmaliste m\u00fcstilisest hiilgusest. Labradoriit t\u00f6\u00f6tab koosk\u00f5las universumiga, et tuua Sinu kehasse, vaimu ja hinge ELU toetavaid elemente. Ta on suurep\u00e4rane kivi depressiooni ja \u00e4revusega t\u00f6\u00f6tamiseks, kuna omab maandusj\u00f5udu, mis v\u00f5imaldab Sul olla metsik ning samas ka loov, ilma et kaotaksid \u00fchenduse maaga. <a href=\"https:\/\/mandalailu.ee\/en\/blogi\/tsakrad\/\"><strong>Kroont\u0161akra<\/strong><\/a> kivina aitab Labradoriit Sul p\u00fcsida loodusvaimudega \u00fchenduses. Meie maa on t\u00e4is kosmilist energiat ning s\u00e4delev Labradoriit on kui t\u00e4hetolm, kuuvalgus ja haruldane energiaj\u00f5ud, mis aitab Sul inimlikust unest \u00e4rgata.<\/p>\n<h3><strong>KULLISILM<\/strong><\/h3>\n<p>KULLISILM on minu arust \u00fcks ilusamaid kristalle maa peal. Tema siidine l\u00e4ige on lihtsalt lummav. Kullisilm annab l\u00f5\u00f5gastava tunde ning on suurep\u00e4rane emotsionaalne tasakaalustaja ning, mille omadused annavad Sulle enesekindlust. Kullisilm s\u00fcmboliks v\u00f5ik lugeda, et Sul v\u00f5iks olla terav silman\u00e4gemine, millega n\u00e4eksid asjade olemuse l\u00e4bi. See aitab parandada arusaamist ja anal\u00fc\u00fcsioskust. Kullisilm on ka kaitsekivi, mis kaitseb Sind k\u00f5ige halva eest. Ka on ta suurep\u00e4rane kristall, kui soovite meelitada ligi raha ja \u00f5nne.<\/p>\n<h3><strong>HEMATIIT<\/strong><\/h3>\n<p>HEMATIIDI p\u00f5hitegevuseks on toetada Sind k\u00f5rgemate v\u00e4\u00e4rtuste otsimisel. Tume nagu \u00f6\u00f6, p\u00e4ikese k\u00e4es s\u00e4delev ja rohke rauasisaldusega Hematiit on tuntud kui \u00fcks parimaid kive Sinu keskendumisv\u00f5ime t\u00f5stmiseks. Ta on v\u00e4\u00e4riskivi, mis tuletab Sulle meelde, et peaksid aeg-ajalt oma mugavustsoonist v\u00e4lja astuma ning otsima vastuseid nii maast kui taevast. T\u00e4nu oma s\u00fcgavale seosele looduse ja maaga on Hematiit juurt\u0161akrat toetav kristall, millel on suurep\u00e4rased maandusomadused, tagades selle, et Sinu juured oleksid masse kasvanud olenemata sellest, kui palju Sa tuule k\u00e4es k\u00f5igud. Hematiit aitab sul iga p\u00e4ev h\u00e4sti magada, selgelt m\u00f5elda ja terveneda. See toimib ka negatiivsete energiate peletamiseks, mis toob Sulle lisaks ka enesehinnangu t\u00f5usu.<\/p>\n<p>&nbsp;<\/p>\n<p>Kui antud v\u00e4eehe Sind k\u00f5netab, on selle s\u00f5num m\u00f5eldud just Sulle. See on Sinu Mala. Tunne ta \u00e4ra. L\u00e4bi oma s\u00fcdame.<\/p>\n<p>Oma ehteid luues on mul kindel teadmine, et igal valmival ehtel on tegelikult juba loomise ajal omanik olemas. Ta lihtsalt ei tea veel, et tema soovide ja taotlustega ehe on just sel hetkel kuskil end loomas. See on kanaldus. See on usaldus. See on energia. Mina k\u00fcsin universumilt juhiseid ja tema saadab need. Mispeale loon Sinu ehte siia ellu just Sulle vajalike kristallide ja taotlustega. Nii lihtne see ongi. Sinu \u00fclesanne on vaid oma ehe \u00e4ra tunda. L\u00e4bi oma s\u00fcdame.<\/p>\n<ul>\n<li>K\u00f5ik Minu ehted on 100% k\u00e4sit\u00f6\u00f6 ning ainueksemplarid, loodud puhtast armastusest ning loomisj\u00f5ust, l\u00e4bi kanalduse, Tema kandjale.<\/li>\n<li>Minu ehted kannavad endas naiselikku ilu, poolv\u00e4\u00e4riskivide toetust ning p\u00fchitsetud v\u00e4ge.<\/li>\n<li>Enne uude koju j\u00f5udmist on ehe energeetiliselt puhastatud ja laetud.<\/li>\n<\/ul>\n<div>\n<div>Armastuse MALA-palvehelmed looja: K\u00e4rt Lumiste<\/div>\n<\/div>\n<div><b>Ole hoitud, l\u00e4bi armastuse<\/b><\/div>\n<div><\/div>","protected":false},"excerpt":{"rendered":"<blockquote><p>&#8220;Selle <strong><a href=\"https:\/\/mandalailu.ee\/en\/blogi\/mis-on-mala\/\">Mala<\/a><\/strong> toel laskun kergusega seiklusesse, nimega ARMASTUS&#8221;<\/p><\/blockquote>\n<p>Armastuse MALA-palvehelmed pole niisama kaunis kaelakee. Tegemist on vaimse v\u00e4eehtega, mille igasse s\u00f5lme on sisse punutud s\u00f5num. See s\u00f5num on seotud Sinuga, Sinu s\u00fcdame ja hingega, et toetada Sind just n\u00fc\u00fcd ja praegu, asjades, milles toetust vajad. Need on Sinu salasoovid.<\/p>\n<p>MALA-palvehelmed\u00a0on loodud 108 helmest. Antud Malasse on end s\u00f5lminud:<\/p>\n<ul>\n<li>S\u00fcdame avamise kristall MAASIKA KVARTS<\/li>\n<li>Meistertervendaja M\u00c4EKRISTALL<\/li>\n<li>K\u00f5ikide v\u00f5imaluste kristall LABRADORIIT<\/li>\n<li>Emotsionaalne tasakaalustaja KULLISILM<\/li>\n<li>Meele kivi HEMATIIT<\/li>\n<li>Guruks on samuti M\u00c4EKRISTALL<\/li>\n<li>Tutt<\/li>\n<\/ul>\n<p>Mala on\u00a0<strong>ainueksemplar<\/strong>\u00a0ja unikaalne ehe Sinu kaelas. Mala autoriks on K\u00e4rt Lumiste, kellele kingiti\u00a0<strong>Mala punumise p\u00fchitsuse<\/strong>\u00a0Indias, Haidakhanis, Babaji Ashramis.<\/p>\n<ul>\n<li>MALA j\u00f5uab Sinuni imeilusas kinkekarbis<\/li>\n<li>Eesti sisene\u00a0<strong>transport<\/strong>\u00a0pakiautomaati on ALATI minu kulul<\/li>\n<li><strong>Vali kohe, maksa hiljem v\u00f5imalus<\/strong>. Rohkem infot\u00a0<a href=\"https:\/\/mandalailu.ee\/en\/uld-ja-muugitingimused\/#jarelmaksu-voimalus\"><strong>SIIT<\/strong><\/a><\/li>\n<li>Loe BLOGI postitust:\u00a0<a href=\"https:\/\/mandalailu.ee\/en\/blogi\/mis-on-mala\/\"><strong>\u201cMis on Mala?\u201d<\/strong><\/a><\/li>\n<\/ul>\n<p>Kui antud ehe Sind k\u00f5netab, on selle s\u00f5num m\u00f5eldud just Sulle. See on Sinu Mala. Tunne ta \u00e4ra. L\u00e4bi oma s\u00fcdame.<\/p>","protected":false},"featured_media":4596,"template":"","meta":{"_acf_changed":false},"product_brand":[],"product_cat":[16],"product_tag":[40],"class_list":{"0":"post-335","1":"product","2":"type-product","3":"status-publish","4":"has-post-thumbnail","6":"product_cat-mala-palvehelmed","7":"product_tag-sudametsakra","9":"first","10":"outofstock","11":"shipping-taxable","12":"purchasable","13":"product-type-simple"},"acf":[],"yoast_head":"<!-- This site is optimized with the Yoast SEO plugin v26.3 - https:\/\/yoast.com\/wordpress\/plugins\/seo\/ -->\n<title>Armastuse MALA-palvehelmed - Mandala ilu<\/title>\n<meta name=\"description\" content=\"Mala ehk palvehelmed pole niisama kaunis kaelakee. Tegemist on vaimse v\u00e4eehtega, mille igasse s\u00f5lme on sisse punutud s\u00f5num. Armastuse MALA-palvehelmed\" \/>\n<meta name=\"robots\" content=\"index, follow, max-snippet:-1, max-image-preview:large, max-video-preview:-1\" \/>\n<link rel=\"canonical\" href=\"https:\/\/mandalailu.ee\/en\/product\/mala-palvehelmed-27\/\" \/>\n<meta property=\"og:locale\" content=\"en_US\" \/>\n<meta property=\"og:type\" content=\"article\" \/>\n<meta property=\"og:title\" content=\"Armastuse MALA-palvehelmed - Mandala ilu\" \/>\n<meta property=\"og:description\" content=\"Mala ehk palvehelmed pole niisama kaunis kaelakee. Tegemist on vaimse v\u00e4eehtega, mille igasse s\u00f5lme on sisse punutud s\u00f5num. Armastuse MALA-palvehelmed\" \/>\n<meta property=\"og:url\" content=\"https:\/\/mandalailu.ee\/en\/product\/mala-palvehelmed-27\/\" \/>\n<meta property=\"og:site_name\" content=\"Mandala ilu\" \/>\n<meta property=\"article:publisher\" content=\"https:\/\/www.facebook.com\/MandalaILU\" \/>\n<meta property=\"article:modified_time\" content=\"2025-05-11T17:32:09+00:00\" \/>\n<meta property=\"og:image\" content=\"https:\/\/mandalailu.ee\/wp-content\/uploads\/2025\/03\/687-Mandala-ILU-stuudio-vaeehted-Maekristall-Kullisilm-Labardriit-Hematiit-MaasikaKvarts-1.jpg\" \/>\n\t<meta property=\"og:image:width\" content=\"750\" \/>\n\t<meta property=\"og:image:height\" content=\"750\" \/>\n\t<meta property=\"og:image:type\" content=\"image\/jpeg\" \/>\n<meta name=\"twitter:card\" content=\"summary_large_image\" \/>\n<meta name=\"twitter:label1\" content=\"Est. reading time\" \/>\n\t<meta name=\"twitter:data1\" content=\"1 minute\" \/>\n<script type=\"application\/ld+json\" class=\"yoast-schema-graph\">{\"@context\":\"https:\/\/schema.org\",\"@graph\":[{\"@type\":\"WebPage\",\"@id\":\"https:\/\/mandalailu.ee\/toode\/mala-palvehelmed-27\/\",\"url\":\"https:\/\/mandalailu.ee\/toode\/mala-palvehelmed-27\/\",\"name\":\"Armastuse MALA-palvehelmed - Mandala ilu\",\"isPartOf\":{\"@id\":\"https:\/\/mandalailu.ee\/#website\"},\"primaryImageOfPage\":{\"@id\":\"https:\/\/mandalailu.ee\/toode\/mala-palvehelmed-27\/#primaryimage\"},\"image\":{\"@id\":\"https:\/\/mandalailu.ee\/toode\/mala-palvehelmed-27\/#primaryimage\"},\"thumbnailUrl\":\"https:\/\/mandalailu.ee\/wp-content\/uploads\/2025\/03\/687-Mandala-ILU-stuudio-vaeehted-Maekristall-Kullisilm-Labardriit-Hematiit-MaasikaKvarts-1.jpg\",\"datePublished\":\"2022-04-25T15:29:27+00:00\",\"dateModified\":\"2025-05-11T17:32:09+00:00\",\"description\":\"Mala ehk palvehelmed pole niisama kaunis kaelakee. Tegemist on vaimse v\u00e4eehtega, mille igasse s\u00f5lme on sisse punutud s\u00f5num. Armastuse MALA-palvehelmed\",\"breadcrumb\":{\"@id\":\"https:\/\/mandalailu.ee\/toode\/mala-palvehelmed-27\/#breadcrumb\"},\"inLanguage\":\"en-US\",\"potentialAction\":[{\"@type\":\"ReadAction\",\"target\":[\"https:\/\/mandalailu.ee\/toode\/mala-palvehelmed-27\/\"]}]},{\"@type\":\"ImageObject\",\"inLanguage\":\"en-US\",\"@id\":\"https:\/\/mandalailu.ee\/toode\/mala-palvehelmed-27\/#primaryimage\",\"url\":\"https:\/\/mandalailu.ee\/wp-content\/uploads\/2025\/03\/687-Mandala-ILU-stuudio-vaeehted-Maekristall-Kullisilm-Labardriit-Hematiit-MaasikaKvarts-1.jpg\",\"contentUrl\":\"https:\/\/mandalailu.ee\/wp-content\/uploads\/2025\/03\/687-Mandala-ILU-stuudio-vaeehted-Maekristall-Kullisilm-Labardriit-Hematiit-MaasikaKvarts-1.jpg\",\"width\":750,\"height\":750,\"caption\":\"Mandala ILU stuudio v\u00e4eehted \/ Armastuse MALA-palvehelmed \/ M\u00e4ekristall, Kullisilm, Labardriit, Hematiit, MaasikaKvarts\"},{\"@type\":\"BreadcrumbList\",\"@id\":\"https:\/\/mandalailu.ee\/toode\/mala-palvehelmed-27\/#breadcrumb\",\"itemListElement\":[{\"@type\":\"ListItem\",\"position\":1,\"name\":\"Home\",\"item\":\"https:\/\/mandalailu.ee\/\"},{\"@type\":\"ListItem\",\"position\":2,\"name\":\"Armastuse MALA-palvehelmed\"}]},{\"@type\":\"WebSite\",\"@id\":\"https:\/\/mandalailu.ee\/#website\",\"url\":\"https:\/\/mandalailu.ee\/\",\"name\":\"Mandala ilu\",\"description\":\"Unikaalsed k&auml;sit&ouml;&ouml;na valminud ehted\",\"publisher\":{\"@id\":\"https:\/\/mandalailu.ee\/#organization\"},\"potentialAction\":[{\"@type\":\"SearchAction\",\"target\":{\"@type\":\"EntryPoint\",\"urlTemplate\":\"https:\/\/mandalailu.ee\/?s={search_term_string}\"},\"query-input\":{\"@type\":\"PropertyValueSpecification\",\"valueRequired\":true,\"valueName\":\"search_term_string\"}}],\"inLanguage\":\"en-US\"},{\"@type\":\"Organization\",\"@id\":\"https:\/\/mandalailu.ee\/#organization\",\"name\":\"Mandala ILU\",\"url\":\"https:\/\/mandalailu.ee\/\",\"logo\":{\"@type\":\"ImageObject\",\"inLanguage\":\"en-US\",\"@id\":\"https:\/\/mandalailu.ee\/#\/schema\/logo\/image\/\",\"url\":\"https:\/\/mandalailu.ee\/wp-content\/uploads\/2022\/04\/cropped-Mandala-ILU-lill_block.jpg\",\"contentUrl\":\"https:\/\/mandalailu.ee\/wp-content\/uploads\/2022\/04\/cropped-Mandala-ILU-lill_block.jpg\",\"width\":512,\"height\":512,\"caption\":\"Mandala ILU\"},\"image\":{\"@id\":\"https:\/\/mandalailu.ee\/#\/schema\/logo\/image\/\"},\"sameAs\":[\"https:\/\/www.facebook.com\/MandalaILU\",\"https:\/\/www.instagram.com\/mandala.ilu.mala.ehted\/\"]}]}<\/script>\n<!-- \/ Yoast SEO plugin. -->","yoast_head_json":{"title":"Armastuse MALA-palvehelmed - Mandala ilu","description":"Mala ehk palvehelmed pole niisama kaunis kaelakee. Tegemist on vaimse v\u00e4eehtega, mille igasse s\u00f5lme on sisse punutud s\u00f5num. Armastuse MALA-palvehelmed","robots":{"index":"index","follow":"follow","max-snippet":"max-snippet:-1","max-image-preview":"max-image-preview:large","max-video-preview":"max-video-preview:-1"},"canonical":"https:\/\/mandalailu.ee\/en\/product\/mala-palvehelmed-27\/","og_locale":"en_US","og_type":"article","og_title":"Armastuse MALA-palvehelmed - Mandala ilu","og_description":"Mala ehk palvehelmed pole niisama kaunis kaelakee. Tegemist on vaimse v\u00e4eehtega, mille igasse s\u00f5lme on sisse punutud s\u00f5num. Armastuse MALA-palvehelmed","og_url":"https:\/\/mandalailu.ee\/en\/product\/mala-palvehelmed-27\/","og_site_name":"Mandala ilu","article_publisher":"https:\/\/www.facebook.com\/MandalaILU","article_modified_time":"2025-05-11T17:32:09+00:00","og_image":[{"width":750,"height":750,"url":"https:\/\/mandalailu.ee\/wp-content\/uploads\/2025\/03\/687-Mandala-ILU-stuudio-vaeehted-Maekristall-Kullisilm-Labardriit-Hematiit-MaasikaKvarts-1.jpg","type":"image\/jpeg"}],"twitter_card":"summary_large_image","twitter_misc":{"Est. reading time":"1 minute"},"schema":{"@context":"https:\/\/schema.org","@graph":[{"@type":"WebPage","@id":"https:\/\/mandalailu.ee\/toode\/mala-palvehelmed-27\/","url":"https:\/\/mandalailu.ee\/toode\/mala-palvehelmed-27\/","name":"Armastuse MALA-palvehelmed - Mandala ilu","isPartOf":{"@id":"https:\/\/mandalailu.ee\/#website"},"primaryImageOfPage":{"@id":"https:\/\/mandalailu.ee\/toode\/mala-palvehelmed-27\/#primaryimage"},"image":{"@id":"https:\/\/mandalailu.ee\/toode\/mala-palvehelmed-27\/#primaryimage"},"thumbnailUrl":"https:\/\/mandalailu.ee\/wp-content\/uploads\/2025\/03\/687-Mandala-ILU-stuudio-vaeehted-Maekristall-Kullisilm-Labardriit-Hematiit-MaasikaKvarts-1.jpg","datePublished":"2022-04-25T15:29:27+00:00","dateModified":"2025-05-11T17:32:09+00:00","description":"Mala ehk palvehelmed pole niisama kaunis kaelakee. Tegemist on vaimse v\u00e4eehtega, mille igasse s\u00f5lme on sisse punutud s\u00f5num. Armastuse MALA-palvehelmed","breadcrumb":{"@id":"https:\/\/mandalailu.ee\/toode\/mala-palvehelmed-27\/#breadcrumb"},"inLanguage":"en-US","potentialAction":[{"@type":"ReadAction","target":["https:\/\/mandalailu.ee\/toode\/mala-palvehelmed-27\/"]}]},{"@type":"ImageObject","inLanguage":"en-US","@id":"https:\/\/mandalailu.ee\/toode\/mala-palvehelmed-27\/#primaryimage","url":"https:\/\/mandalailu.ee\/wp-content\/uploads\/2025\/03\/687-Mandala-ILU-stuudio-vaeehted-Maekristall-Kullisilm-Labardriit-Hematiit-MaasikaKvarts-1.jpg","contentUrl":"https:\/\/mandalailu.ee\/wp-content\/uploads\/2025\/03\/687-Mandala-ILU-stuudio-vaeehted-Maekristall-Kullisilm-Labardriit-Hematiit-MaasikaKvarts-1.jpg","width":750,"height":750,"caption":"Mandala ILU stuudio v\u00e4eehted \/ Armastuse MALA-palvehelmed \/ M\u00e4ekristall, Kullisilm, Labardriit, Hematiit, MaasikaKvarts"},{"@type":"BreadcrumbList","@id":"https:\/\/mandalailu.ee\/toode\/mala-palvehelmed-27\/#breadcrumb","itemListElement":[{"@type":"ListItem","position":1,"name":"Home","item":"https:\/\/mandalailu.ee\/"},{"@type":"ListItem","position":2,"name":"Armastuse MALA-palvehelmed"}]},{"@type":"WebSite","@id":"https:\/\/mandalailu.ee\/#website","url":"https:\/\/mandalailu.ee\/","name":"Mandala ilu","description":"Unikaalsed k&auml;sit&ouml;&ouml;na valminud ehted","publisher":{"@id":"https:\/\/mandalailu.ee\/#organization"},"potentialAction":[{"@type":"SearchAction","target":{"@type":"EntryPoint","urlTemplate":"https:\/\/mandalailu.ee\/?s={search_term_string}"},"query-input":{"@type":"PropertyValueSpecification","valueRequired":true,"valueName":"search_term_string"}}],"inLanguage":"en-US"},{"@type":"Organization","@id":"https:\/\/mandalailu.ee\/#organization","name":"Mandala ILU","url":"https:\/\/mandalailu.ee\/","logo":{"@type":"ImageObject","inLanguage":"en-US","@id":"https:\/\/mandalailu.ee\/#\/schema\/logo\/image\/","url":"https:\/\/mandalailu.ee\/wp-content\/uploads\/2022\/04\/cropped-Mandala-ILU-lill_block.jpg","contentUrl":"https:\/\/mandalailu.ee\/wp-content\/uploads\/2022\/04\/cropped-Mandala-ILU-lill_block.jpg","width":512,"height":512,"caption":"Mandala ILU"},"image":{"@id":"https:\/\/mandalailu.ee\/#\/schema\/logo\/image\/"},"sameAs":["https:\/\/www.facebook.com\/MandalaILU","https:\/\/www.instagram.com\/mandala.ilu.mala.ehted\/"]}]}},"_links":{"self":[{"href":"https:\/\/mandalailu.ee\/en\/wp-json\/wp\/v2\/product\/335","targetHints":{"allow":["GET"]}}],"collection":[{"href":"https:\/\/mandalailu.ee\/en\/wp-json\/wp\/v2\/product"}],"about":[{"href":"https:\/\/mandalailu.ee\/en\/wp-json\/wp\/v2\/types\/product"}],"wp:featuredmedia":[{"embeddable":true,"href":"https:\/\/mandalailu.ee\/en\/wp-json\/wp\/v2\/media\/4596"}],"wp:attachment":[{"href":"https:\/\/mandalailu.ee\/en\/wp-json\/wp\/v2\/media?parent=335"}],"wp:term":[{"taxonomy":"product_brand","embeddable":true,"href":"https:\/\/mandalailu.ee\/en\/wp-json\/wp\/v2\/product_brand?post=335"},{"taxonomy":"product_cat","embeddable":true,"href":"https:\/\/mandalailu.ee\/en\/wp-json\/wp\/v2\/product_cat?post=335"},{"taxonomy":"product_tag","embeddable":true,"href":"https:\/\/mandalailu.ee\/en\/wp-json\/wp\/v2\/product_tag?post=335"}],"curies":[{"name":"wp","href":"https:\/\/api.w.org\/{rel}","templated":true}]}}