{"id":344,"date":"2022-04-25T15:39:19","date_gmt":"2022-04-25T15:39:19","guid":{"rendered":"https:\/\/mandalailu.ee\/?post_type=product&#038;p=344"},"modified":"2025-05-10T19:43:06","modified_gmt":"2025-05-10T19:43:06","slug":"mala-palvehelmed-29","status":"publish","type":"product","link":"https:\/\/mandalailu.ee\/en\/product\/mala-palvehelmed-29\/","title":{"rendered":"S\u00fcdamet\u0161akra MALA-palvehelmed"},"content":{"rendered":"<h2 style=\"text-align: center;\"><strong>S\u00fcdamet\u0161akra MALA-palvehelmed:<\/strong><\/h2>\n<h3><strong>AVENTURIIN<\/strong><\/h3>\n<p>AVENTURIIN on t\u00e4is \u00f5nne v\u00f5lu ja rahustavat energiat. <a href=\"https:\/\/mandalailu.ee\/en\/blogi\/sudametsakra\/\"><strong>S\u00fcdamet\u0161akraga<\/strong><\/a> \u00fchendatud roheline Aventuriin on teadaolevalt hea \u00f5nne talisman. Ta aitab Sul l\u00e4bip\u00f5lemisest taastuda, reguleerib Sinu s\u00fcdamer\u00fctmi ning teeb ruumi empaatiale ning armastuse kasvamiseks. Aventuriin vabastab tee k\u00fclluse ja r\u00f5\u00f5mu suunas.<\/p>\n<h3><strong>KIRSIJASPIS<\/strong><\/h3>\n<p>KIRSIJASPIS on siin, et tuua Su ellu ilu, r\u00f5\u00f5mu ja helgeid uusi algusi. Roosade ja valgete varjunditega KirsiJaspis teab t\u00e4pselt, kuidas puhastada Su meelt, toetada Sind s\u00fcdame probleemides ja t\u00f5sta sind k\u00f5rgustesse. Hoia KirsiJaspist oma l\u00e4hedal kui soovid kogeda armastust ja rahu ning loomingulist lendu.<\/p>\n<h3><strong>ROOSA OPAAL<\/strong><\/h3>\n<p>Roosa OPAAL on kristall, mis s\u00e4rab k\u00f5ige pehmemates varjundites ning armastuses. Ta teab kuidas kaevuda s\u00fcgavustesse, et tuua esile kaastunnet ja naudinguid, ning s\u00fcvendab Sinu suhet iseenda ja Sind \u00fcmbritsevate inimestega. See unistav p\u00e4rl kutsub Sind kastist v\u00e4ljas m\u00f5tlema, uudishimule ja m\u00e4ngulisusele ning t\u00f5ukab Sind k\u00f5ige pehmematel viisidel oma s\u00fcdant lahti harutama. Roosa Opaal tugevdab ka Sinu meelt ja aitab \u00fcletada sundm\u00f5tted. <a href=\"https:\/\/mandalailu.ee\/en\/blogi\/sudametsakra\/\"><strong>S\u00fcdamet\u0161akr<\/strong><\/a>a tervendajana \u00f5petab Roosa Opaal Sind hirmudeta armastama &amp; usaldama ning tuletab meelde, et oled k\u00f5ike seda v\u00e4\u00e4rt!<\/p>\n<p>&nbsp;<\/p>\n<h4><strong>Kui antud v\u00e4eehe Sind k\u00f5netab, on selle s\u00f5num m\u00f5eldud just Sulle. See on Sinu Mala. Tunne ta \u00e4ra. L\u00e4bi oma s\u00fcdame.<\/strong><\/h4>\n<p>Oma ehteid luues on mul kindel teadmine, et igal valmival ehtel on tegelikult juba loomise ajal omanik olemas. Ta lihtsalt ei tea veel, et tema soovide ja taotlustega ehe on just sel hetkel kuskil end loomas. See on kanaldus. See on usaldus. See on energia. Mina k\u00fcsin universumilt juhiseid ja tema saadab need. Mispeale loon Sinu ehte siia ellu just Sulle vajalike kristallide ja taotlustega. Nii lihtne see ongi. Sinu \u00fclesanne on vaid oma ehe \u00e4ra tunda. L\u00e4bi oma s\u00fcdame.<\/p>\n<ul>\n<li>K\u00f5ik Minu ehted on 100% k\u00e4sit\u00f6\u00f6 ning ainueksemplarid, loodud puhtast armastusest ning loomisj\u00f5ust, l\u00e4bi kanalduse, Tema kandjale.<\/li>\n<li>Minu ehted kannavad endas naiselikku ilu, poolv\u00e4\u00e4riskivide toetust ning p\u00fchitsetud v\u00e4ge.<\/li>\n<li>Enne uude koju j\u00f5udmist on ehe energeetiliselt puhastatud ja laetud.<\/li>\n<\/ul>\n<div>\n<div>S\u00fcdamet\u0161akra MALA-palvehelmed looja: K\u00e4rt Lumiste<\/div>\n<\/div>\n<div><b>Ole hoitud, l\u00e4bi armastuse<\/b><\/div>","protected":false},"excerpt":{"rendered":"<blockquote><p>\u201eSelle Malaga puhastan oma s\u00fcdame ja tuletan endale meelde, et olen kogu maailma \u00f5nne, k\u00fcllust &amp; armastust v\u00e4\u00e4rt\u201d<\/p><\/blockquote>\n<p>S\u00fcdamet\u0161akra MALA-palvehelmed pole niisama kaunis kaelakee. Tegemist on vaimse v\u00e4eehtega, mille igasse s\u00f5lme on sisse punutud s\u00f5num. See s\u00f5num on seotud Sinuga, Sinu s\u00fcdame ja hingega, et toetada Sind just n\u00fc\u00fcd ja praegu, asjades, milles toetust vajad. Need on Sinu salasoovid.<\/p>\n<p>MALA-palvehelmed\u00a0on loodud 108 helmest. Antud Malasse on end s\u00f5lminud:<\/p>\n<ul>\n<li>K\u00fclluse kristall AVENTURIIN<\/li>\n<li>Unistamise ja armastuse kristall KIRSIJASPIS<\/li>\n<li>Guruks on armastuse kristall Roosa OPAAL<\/li>\n<li>Tutt<\/li>\n<\/ul>\n<p>Mala on <strong>ainueksemplar<\/strong> ja unikaalne ehe Sinu kaelas. Mala autoriks on K\u00e4rt Lumiste, kellele kingiti <strong>Mala punumise p\u00fchitsuse<\/strong> Indias, Haidakhanis, Babaji Ashramis.<\/p>\n<ul>\n<li>MALA j\u00f5uab Sinuni imeilusas kinkekarbis<\/li>\n<li><strong>Vali kohe, maka hiljem\u00a0<\/strong>v\u00f5imalus. Rohkem infot\u00a0<a href=\"https:\/\/mandalailu.ee\/en\/uld-ja-muugitingimused\/#jarelmaksu-voimalus\"><strong>SIIT<\/strong><\/a><\/li>\n<li>Loe BLOGI postitust:\u00a0<a href=\"https:\/\/mandalailu.ee\/en\/blogi\/mis-on-mala\/\"><strong>\u201cMis on Mala?\u201d<\/strong><\/a><\/li>\n<\/ul>\n<h4>Kui antud v\u00e4eehe Sind k\u00f5netab, on selle s\u00f5num m\u00f5eldud just Sulle. See on Sinu Mala. Tunne ta \u00e4ra. L\u00e4bi oma s\u00fcdame.<\/h4>","protected":false},"featured_media":4640,"template":"","meta":{"_acf_changed":false},"product_brand":[],"product_cat":[16],"product_tag":[40],"class_list":{"0":"post-344","1":"product","2":"type-product","3":"status-publish","4":"has-post-thumbnail","6":"product_cat-mala-palvehelmed","7":"product_tag-sudametsakra","9":"first","10":"outofstock","11":"shipping-taxable","12":"purchasable","13":"product-type-simple"},"acf":[],"yoast_head":"<!-- This site is optimized with the Yoast SEO plugin v26.3 - https:\/\/yoast.com\/wordpress\/plugins\/seo\/ -->\n<title>S\u00fcdamet\u0161akra MALA-palvehelmed - Mandala ilu<\/title>\n<meta name=\"description\" content=\"Mala ehk palvehelmed pole niisama kaunis kaelakee. Tegemist on vaimse v\u00e4eehtega, mille igasse s\u00f5lme on sisse punutud s\u00f5num. S\u00fcdamet\u0161akra MALA-palvehelmed\" \/>\n<meta name=\"robots\" content=\"index, follow, max-snippet:-1, max-image-preview:large, max-video-preview:-1\" \/>\n<link rel=\"canonical\" href=\"https:\/\/mandalailu.ee\/en\/product\/mala-palvehelmed-29\/\" \/>\n<meta property=\"og:locale\" content=\"en_US\" \/>\n<meta property=\"og:type\" content=\"article\" \/>\n<meta property=\"og:title\" content=\"S\u00fcdamet\u0161akra MALA-palvehelmed - Mandala ilu\" \/>\n<meta property=\"og:description\" content=\"Mala ehk palvehelmed pole niisama kaunis kaelakee. Tegemist on vaimse v\u00e4eehtega, mille igasse s\u00f5lme on sisse punutud s\u00f5num. S\u00fcdamet\u0161akra MALA-palvehelmed\" \/>\n<meta property=\"og:url\" content=\"https:\/\/mandalailu.ee\/en\/product\/mala-palvehelmed-29\/\" \/>\n<meta property=\"og:site_name\" content=\"Mandala ilu\" \/>\n<meta property=\"article:publisher\" content=\"https:\/\/www.facebook.com\/MandalaILU\" \/>\n<meta property=\"article:modified_time\" content=\"2025-05-10T19:43:06+00:00\" \/>\n<meta property=\"og:image\" content=\"https:\/\/mandalailu.ee\/wp-content\/uploads\/2025\/04\/694-Mandala-ILU-stuudio-vaeehted-Aventuriin-KirsiJaspis-Roosa-Opaal-1.jpg\" \/>\n\t<meta property=\"og:image:width\" content=\"750\" \/>\n\t<meta property=\"og:image:height\" content=\"750\" \/>\n\t<meta property=\"og:image:type\" content=\"image\/jpeg\" \/>\n<meta name=\"twitter:card\" content=\"summary_large_image\" \/>\n<meta name=\"twitter:label1\" content=\"Est. reading time\" \/>\n\t<meta name=\"twitter:data1\" content=\"1 minute\" \/>\n<script type=\"application\/ld+json\" class=\"yoast-schema-graph\">{\"@context\":\"https:\/\/schema.org\",\"@graph\":[{\"@type\":\"WebPage\",\"@id\":\"https:\/\/mandalailu.ee\/toode\/mala-palvehelmed-29\/\",\"url\":\"https:\/\/mandalailu.ee\/toode\/mala-palvehelmed-29\/\",\"name\":\"S\u00fcdamet\u0161akra MALA-palvehelmed - Mandala ilu\",\"isPartOf\":{\"@id\":\"https:\/\/mandalailu.ee\/#website\"},\"primaryImageOfPage\":{\"@id\":\"https:\/\/mandalailu.ee\/toode\/mala-palvehelmed-29\/#primaryimage\"},\"image\":{\"@id\":\"https:\/\/mandalailu.ee\/toode\/mala-palvehelmed-29\/#primaryimage\"},\"thumbnailUrl\":\"https:\/\/mandalailu.ee\/wp-content\/uploads\/2025\/04\/694-Mandala-ILU-stuudio-vaeehted-Aventuriin-KirsiJaspis-Roosa-Opaal-1.jpg\",\"datePublished\":\"2022-04-25T15:39:19+00:00\",\"dateModified\":\"2025-05-10T19:43:06+00:00\",\"description\":\"Mala ehk palvehelmed pole niisama kaunis kaelakee. Tegemist on vaimse v\u00e4eehtega, mille igasse s\u00f5lme on sisse punutud s\u00f5num. S\u00fcdamet\u0161akra MALA-palvehelmed\",\"breadcrumb\":{\"@id\":\"https:\/\/mandalailu.ee\/toode\/mala-palvehelmed-29\/#breadcrumb\"},\"inLanguage\":\"en-US\",\"potentialAction\":[{\"@type\":\"ReadAction\",\"target\":[\"https:\/\/mandalailu.ee\/toode\/mala-palvehelmed-29\/\"]}]},{\"@type\":\"ImageObject\",\"inLanguage\":\"en-US\",\"@id\":\"https:\/\/mandalailu.ee\/toode\/mala-palvehelmed-29\/#primaryimage\",\"url\":\"https:\/\/mandalailu.ee\/wp-content\/uploads\/2025\/04\/694-Mandala-ILU-stuudio-vaeehted-Aventuriin-KirsiJaspis-Roosa-Opaal-1.jpg\",\"contentUrl\":\"https:\/\/mandalailu.ee\/wp-content\/uploads\/2025\/04\/694-Mandala-ILU-stuudio-vaeehted-Aventuriin-KirsiJaspis-Roosa-Opaal-1.jpg\",\"width\":750,\"height\":750,\"caption\":\"Mandala ILU stuudio v\u00e4eehted \/ S\u00fcdamet\u0161akra MALA-palvehelmed \/ Aventuriin, KirsiJaspis, Roosa Opaal\"},{\"@type\":\"BreadcrumbList\",\"@id\":\"https:\/\/mandalailu.ee\/toode\/mala-palvehelmed-29\/#breadcrumb\",\"itemListElement\":[{\"@type\":\"ListItem\",\"position\":1,\"name\":\"Home\",\"item\":\"https:\/\/mandalailu.ee\/\"},{\"@type\":\"ListItem\",\"position\":2,\"name\":\"S\u00fcdamet\u0161akra MALA-palvehelmed\"}]},{\"@type\":\"WebSite\",\"@id\":\"https:\/\/mandalailu.ee\/#website\",\"url\":\"https:\/\/mandalailu.ee\/\",\"name\":\"Mandala ilu\",\"description\":\"Unikaalsed k&auml;sit&ouml;&ouml;na valminud ehted\",\"publisher\":{\"@id\":\"https:\/\/mandalailu.ee\/#organization\"},\"potentialAction\":[{\"@type\":\"SearchAction\",\"target\":{\"@type\":\"EntryPoint\",\"urlTemplate\":\"https:\/\/mandalailu.ee\/?s={search_term_string}\"},\"query-input\":{\"@type\":\"PropertyValueSpecification\",\"valueRequired\":true,\"valueName\":\"search_term_string\"}}],\"inLanguage\":\"en-US\"},{\"@type\":\"Organization\",\"@id\":\"https:\/\/mandalailu.ee\/#organization\",\"name\":\"Mandala ILU\",\"url\":\"https:\/\/mandalailu.ee\/\",\"logo\":{\"@type\":\"ImageObject\",\"inLanguage\":\"en-US\",\"@id\":\"https:\/\/mandalailu.ee\/#\/schema\/logo\/image\/\",\"url\":\"https:\/\/mandalailu.ee\/wp-content\/uploads\/2022\/04\/cropped-Mandala-ILU-lill_block.jpg\",\"contentUrl\":\"https:\/\/mandalailu.ee\/wp-content\/uploads\/2022\/04\/cropped-Mandala-ILU-lill_block.jpg\",\"width\":512,\"height\":512,\"caption\":\"Mandala ILU\"},\"image\":{\"@id\":\"https:\/\/mandalailu.ee\/#\/schema\/logo\/image\/\"},\"sameAs\":[\"https:\/\/www.facebook.com\/MandalaILU\",\"https:\/\/www.instagram.com\/mandala.ilu.mala.ehted\/\"]}]}<\/script>\n<!-- \/ Yoast SEO plugin. -->","yoast_head_json":{"title":"S\u00fcdamet\u0161akra MALA-palvehelmed - Mandala ilu","description":"Mala ehk palvehelmed pole niisama kaunis kaelakee. Tegemist on vaimse v\u00e4eehtega, mille igasse s\u00f5lme on sisse punutud s\u00f5num. S\u00fcdamet\u0161akra MALA-palvehelmed","robots":{"index":"index","follow":"follow","max-snippet":"max-snippet:-1","max-image-preview":"max-image-preview:large","max-video-preview":"max-video-preview:-1"},"canonical":"https:\/\/mandalailu.ee\/en\/product\/mala-palvehelmed-29\/","og_locale":"en_US","og_type":"article","og_title":"S\u00fcdamet\u0161akra MALA-palvehelmed - Mandala ilu","og_description":"Mala ehk palvehelmed pole niisama kaunis kaelakee. Tegemist on vaimse v\u00e4eehtega, mille igasse s\u00f5lme on sisse punutud s\u00f5num. S\u00fcdamet\u0161akra MALA-palvehelmed","og_url":"https:\/\/mandalailu.ee\/en\/product\/mala-palvehelmed-29\/","og_site_name":"Mandala ilu","article_publisher":"https:\/\/www.facebook.com\/MandalaILU","article_modified_time":"2025-05-10T19:43:06+00:00","og_image":[{"width":750,"height":750,"url":"https:\/\/mandalailu.ee\/wp-content\/uploads\/2025\/04\/694-Mandala-ILU-stuudio-vaeehted-Aventuriin-KirsiJaspis-Roosa-Opaal-1.jpg","type":"image\/jpeg"}],"twitter_card":"summary_large_image","twitter_misc":{"Est. reading time":"1 minute"},"schema":{"@context":"https:\/\/schema.org","@graph":[{"@type":"WebPage","@id":"https:\/\/mandalailu.ee\/toode\/mala-palvehelmed-29\/","url":"https:\/\/mandalailu.ee\/toode\/mala-palvehelmed-29\/","name":"S\u00fcdamet\u0161akra MALA-palvehelmed - Mandala ilu","isPartOf":{"@id":"https:\/\/mandalailu.ee\/#website"},"primaryImageOfPage":{"@id":"https:\/\/mandalailu.ee\/toode\/mala-palvehelmed-29\/#primaryimage"},"image":{"@id":"https:\/\/mandalailu.ee\/toode\/mala-palvehelmed-29\/#primaryimage"},"thumbnailUrl":"https:\/\/mandalailu.ee\/wp-content\/uploads\/2025\/04\/694-Mandala-ILU-stuudio-vaeehted-Aventuriin-KirsiJaspis-Roosa-Opaal-1.jpg","datePublished":"2022-04-25T15:39:19+00:00","dateModified":"2025-05-10T19:43:06+00:00","description":"Mala ehk palvehelmed pole niisama kaunis kaelakee. Tegemist on vaimse v\u00e4eehtega, mille igasse s\u00f5lme on sisse punutud s\u00f5num. S\u00fcdamet\u0161akra MALA-palvehelmed","breadcrumb":{"@id":"https:\/\/mandalailu.ee\/toode\/mala-palvehelmed-29\/#breadcrumb"},"inLanguage":"en-US","potentialAction":[{"@type":"ReadAction","target":["https:\/\/mandalailu.ee\/toode\/mala-palvehelmed-29\/"]}]},{"@type":"ImageObject","inLanguage":"en-US","@id":"https:\/\/mandalailu.ee\/toode\/mala-palvehelmed-29\/#primaryimage","url":"https:\/\/mandalailu.ee\/wp-content\/uploads\/2025\/04\/694-Mandala-ILU-stuudio-vaeehted-Aventuriin-KirsiJaspis-Roosa-Opaal-1.jpg","contentUrl":"https:\/\/mandalailu.ee\/wp-content\/uploads\/2025\/04\/694-Mandala-ILU-stuudio-vaeehted-Aventuriin-KirsiJaspis-Roosa-Opaal-1.jpg","width":750,"height":750,"caption":"Mandala ILU stuudio v\u00e4eehted \/ S\u00fcdamet\u0161akra MALA-palvehelmed \/ Aventuriin, KirsiJaspis, Roosa Opaal"},{"@type":"BreadcrumbList","@id":"https:\/\/mandalailu.ee\/toode\/mala-palvehelmed-29\/#breadcrumb","itemListElement":[{"@type":"ListItem","position":1,"name":"Home","item":"https:\/\/mandalailu.ee\/"},{"@type":"ListItem","position":2,"name":"S\u00fcdamet\u0161akra MALA-palvehelmed"}]},{"@type":"WebSite","@id":"https:\/\/mandalailu.ee\/#website","url":"https:\/\/mandalailu.ee\/","name":"Mandala ilu","description":"Unikaalsed k&auml;sit&ouml;&ouml;na valminud ehted","publisher":{"@id":"https:\/\/mandalailu.ee\/#organization"},"potentialAction":[{"@type":"SearchAction","target":{"@type":"EntryPoint","urlTemplate":"https:\/\/mandalailu.ee\/?s={search_term_string}"},"query-input":{"@type":"PropertyValueSpecification","valueRequired":true,"valueName":"search_term_string"}}],"inLanguage":"en-US"},{"@type":"Organization","@id":"https:\/\/mandalailu.ee\/#organization","name":"Mandala ILU","url":"https:\/\/mandalailu.ee\/","logo":{"@type":"ImageObject","inLanguage":"en-US","@id":"https:\/\/mandalailu.ee\/#\/schema\/logo\/image\/","url":"https:\/\/mandalailu.ee\/wp-content\/uploads\/2022\/04\/cropped-Mandala-ILU-lill_block.jpg","contentUrl":"https:\/\/mandalailu.ee\/wp-content\/uploads\/2022\/04\/cropped-Mandala-ILU-lill_block.jpg","width":512,"height":512,"caption":"Mandala ILU"},"image":{"@id":"https:\/\/mandalailu.ee\/#\/schema\/logo\/image\/"},"sameAs":["https:\/\/www.facebook.com\/MandalaILU","https:\/\/www.instagram.com\/mandala.ilu.mala.ehted\/"]}]}},"_links":{"self":[{"href":"https:\/\/mandalailu.ee\/en\/wp-json\/wp\/v2\/product\/344","targetHints":{"allow":["GET"]}}],"collection":[{"href":"https:\/\/mandalailu.ee\/en\/wp-json\/wp\/v2\/product"}],"about":[{"href":"https:\/\/mandalailu.ee\/en\/wp-json\/wp\/v2\/types\/product"}],"wp:featuredmedia":[{"embeddable":true,"href":"https:\/\/mandalailu.ee\/en\/wp-json\/wp\/v2\/media\/4640"}],"wp:attachment":[{"href":"https:\/\/mandalailu.ee\/en\/wp-json\/wp\/v2\/media?parent=344"}],"wp:term":[{"taxonomy":"product_brand","embeddable":true,"href":"https:\/\/mandalailu.ee\/en\/wp-json\/wp\/v2\/product_brand?post=344"},{"taxonomy":"product_cat","embeddable":true,"href":"https:\/\/mandalailu.ee\/en\/wp-json\/wp\/v2\/product_cat?post=344"},{"taxonomy":"product_tag","embeddable":true,"href":"https:\/\/mandalailu.ee\/en\/wp-json\/wp\/v2\/product_tag?post=344"}],"curies":[{"name":"wp","href":"https:\/\/api.w.org\/{rel}","templated":true}]}}