{"id":418,"date":"2022-04-26T18:38:39","date_gmt":"2022-04-26T18:38:39","guid":{"rendered":"https:\/\/mandalailu.ee\/?post_type=product&#038;p=418"},"modified":"2025-11-30T09:20:21","modified_gmt":"2025-11-30T09:20:21","slug":"aroma-mandala-sinu-autosse-14","status":"publish","type":"product","link":"https:\/\/mandalailu.ee\/en\/product\/aroma-mandala-sinu-autosse-14\/","title":{"rendered":"Aroma Mandala\u00a0autosse TURMALIINIGA"},"content":{"rendered":"<p>K\u00e4sit\u00f6\u00f6na valminud Aroma Mandala saab oma autosse panna lihtsa magnetkinnituse abil, ilma et peaksid m\u00f5ne augu puurima v\u00f5i midagi kleepima. Mandala on loodud vildile, mille tahak\u00fcljele tilguta OMA LEMMIK eeteliku \u00f5li v\u00f5i L\u00d5HNA. Vastavalt tujule v\u00f5i vajadusele kasv\u00f5i iga p\u00e4ev erinev aroom. L\u00fclita autos \u00f5hk ringlema ning naudi oma valitud aroomi.<\/p>\n<ul>\n<li><strong>TURMALIIN<\/strong> on mure m\u00f5tete t\u00fchistamiseks, mis Sind \u00f6\u00f6sel \u00fcleval hoiavad. Ta on \u00fcks suuremaid ja v\u00f5imsamaid kaitsekive. Turmaliin toob Sinu ellu tagasi positiivse vaatenurga. Kuigi must v\u00e4rv v\u00f5ib tunduda just s\u00fcngete m\u00f5te jaoks, on Turmaliini kristallidel hoopis teist masti j\u00f5ud. See graatsiline l\u00e4ikiv kristall teeb \u00fcletunde ihukaitsjana, hoides Sind peas keerlevate m\u00f5ttemustrite keerisest eemal. Must turmaliin on \u00fcks maailma suurep\u00e4rasemaid maanduskive, mis t\u00f6\u00f6tab t\u0161akrate joondamiseks ning hoiab Sind tervikliku ja t\u00e4isv\u00e4\u00e4rtuslikuna. Nagu paljud tumedad poolv\u00e4\u00e4riskivid, on ka musta turmaliini k\u00e4ev\u00f5ru t\u00f5hus negatiivse energia puhastaja, imades endasse pimeduse, positiivseid vibratsioone kahjustamata. Teadmine, et Sul on musta Turmaliini kristalli kaitsev j\u00f5ud, annab Sulle enesekindluse, julgustades kasutama Sinu oma h\u00e4\u00e4lt, olema k\u00f5rges vibratsioonis ja tugev. Naha l\u00e4hedus on kalliskivide puhul v\u00e4ga oluline nende raviomadustest maksimumi v\u00f5tmine. Seet\u00f5ttu on ehted, eriti sellised nagu musta Turmaliini k\u00e4ev\u00f5rud ja kaelakeed, v\u00e4ga olulised. Kuid nagu alati, kasuta oma intuitsiooni ja sisetunnet leidmaks kus ja kuidas on sinu jaoks just parim ja mugavam viis Turmaliini kanda!<\/li>\n<li>Poesk\u00e4ik pole iial nii meeldiv olnud. Parim valik Sinu autosse.<\/li>\n<\/ul>\n<p>Iga ehe siin poes on 100% k\u00e4sit\u00f6\u00f6 ning ainueksemplar, loodud puhtast armastusest ning loomisj\u00f5ust, l\u00e4bi kanalduse, Tema kandjale.<\/p>\n<p>Aroma Mandala autosse TURMALIINIGA looja: K\u00e4rt Lumiste<br \/>\n<strong>Ole hoitud, l\u00e4bi armastuse<\/strong><\/p>","protected":false},"excerpt":{"rendered":"<blockquote><p>&#8220;Musta turmaliiniga panen endale \u00fcmber kaitsemantli&#8221;<\/p><\/blockquote>\n<p>Antud Aroma Mandala s\u00fcdamikuks on k\u00f5ige tuntum <b>kaitsekivi MUST TURMALIIN<\/b>, mis seab kaitsekilbi nii sinu autole kui ka k\u00f5ikidele seal viibijatele. Turmaliin on ka v\u00f5imas maandaja ja \u00f5nnelikkuse kivi.<\/p>\n<ul>\n<li>Mandala on tikitud vildile.<\/li>\n<li>Kasutatud on vaid kvaliteetseid Jaapani ja T\u0161ehhi p\u00e4rleid.<\/li>\n<li>Aroma Mandalaga tuleb kaasa magnetkinnitus, mille saad lihtsa liigutusega oma autose lisada.<\/li>\n<li>Mandala j\u00f5uab Sinuni kinkekotis.<\/li>\n<\/ul>\n<p>Kui antud Aroma Mandala Sind k\u00f5netab, on selle s\u00f5num m\u00f5eldud just Sulle. See on Sinu Mandala. Tunne ta \u00e4ra. L\u00e4bi oma s\u00fcdame.<\/p>","protected":false},"featured_media":370,"template":"","meta":{"_acf_changed":false},"product_brand":[],"product_cat":[18],"product_tag":[],"class_list":{"0":"post-418","1":"product","2":"type-product","3":"status-publish","4":"has-post-thumbnail","6":"product_cat-aroma-mandala","8":"first","9":"instock","10":"shipping-taxable","11":"purchasable","12":"product-type-simple"},"acf":[],"yoast_head":"<!-- This site is optimized with the Yoast SEO plugin v26.3 - https:\/\/yoast.com\/wordpress\/plugins\/seo\/ -->\n<title>Aroma Mandala\u00a0autosse TURMALIINIGA - Mandala ilu<\/title>\n<meta name=\"description\" content=\"Aroma Mandalad on minu loodud ja patenteeritud looming. Unikaalseid diffuusereid saab oma autosse panna lihtsa magnetkinnituse abil. Diffuuser TURMALIINIGA.\" \/>\n<meta name=\"robots\" content=\"index, follow, max-snippet:-1, max-image-preview:large, max-video-preview:-1\" \/>\n<link rel=\"canonical\" href=\"https:\/\/mandalailu.ee\/en\/product\/aroma-mandala-sinu-autosse-14\/\" \/>\n<meta property=\"og:locale\" content=\"en_US\" \/>\n<meta property=\"og:type\" content=\"article\" \/>\n<meta property=\"og:title\" content=\"Aroma Mandala\u00a0autosse TURMALIINIGA - Mandala ilu\" \/>\n<meta property=\"og:description\" content=\"Aroma Mandalad on minu loodud ja patenteeritud looming. Unikaalseid diffuusereid saab oma autosse panna lihtsa magnetkinnituse abil. Diffuuser TURMALIINIGA.\" \/>\n<meta property=\"og:url\" content=\"https:\/\/mandalailu.ee\/en\/product\/aroma-mandala-sinu-autosse-14\/\" \/>\n<meta property=\"og:site_name\" content=\"Mandala ilu\" \/>\n<meta property=\"article:publisher\" content=\"https:\/\/www.facebook.com\/MandalaILU\" \/>\n<meta property=\"article:modified_time\" content=\"2025-11-30T09:20:21+00:00\" \/>\n<meta property=\"og:image\" content=\"https:\/\/mandalailu.ee\/wp-content\/uploads\/2022\/04\/AM0058-Mandala-ILU-Aroma-Mandala-1.jpg\" \/>\n\t<meta property=\"og:image:width\" content=\"750\" \/>\n\t<meta property=\"og:image:height\" content=\"750\" \/>\n\t<meta property=\"og:image:type\" content=\"image\/jpeg\" \/>\n<meta name=\"twitter:card\" content=\"summary_large_image\" \/>\n<meta name=\"twitter:label1\" content=\"Est. reading time\" \/>\n\t<meta name=\"twitter:data1\" content=\"1 minute\" \/>\n<script type=\"application\/ld+json\" class=\"yoast-schema-graph\">{\"@context\":\"https:\/\/schema.org\",\"@graph\":[{\"@type\":\"WebPage\",\"@id\":\"https:\/\/mandalailu.ee\/toode\/aroma-mandala-sinu-autosse-14\/\",\"url\":\"https:\/\/mandalailu.ee\/toode\/aroma-mandala-sinu-autosse-14\/\",\"name\":\"Aroma Mandala\u00a0autosse TURMALIINIGA - Mandala ilu\",\"isPartOf\":{\"@id\":\"https:\/\/mandalailu.ee\/#website\"},\"primaryImageOfPage\":{\"@id\":\"https:\/\/mandalailu.ee\/toode\/aroma-mandala-sinu-autosse-14\/#primaryimage\"},\"image\":{\"@id\":\"https:\/\/mandalailu.ee\/toode\/aroma-mandala-sinu-autosse-14\/#primaryimage\"},\"thumbnailUrl\":\"https:\/\/mandalailu.ee\/wp-content\/uploads\/2022\/04\/AM0058-Mandala-ILU-Aroma-Mandala-1.jpg\",\"datePublished\":\"2022-04-26T18:38:39+00:00\",\"dateModified\":\"2025-11-30T09:20:21+00:00\",\"description\":\"Aroma Mandalad on minu loodud ja patenteeritud looming. Unikaalseid diffuusereid saab oma autosse panna lihtsa magnetkinnituse abil. Diffuuser TURMALIINIGA.\",\"breadcrumb\":{\"@id\":\"https:\/\/mandalailu.ee\/toode\/aroma-mandala-sinu-autosse-14\/#breadcrumb\"},\"inLanguage\":\"en-US\",\"potentialAction\":[{\"@type\":\"ReadAction\",\"target\":[\"https:\/\/mandalailu.ee\/toode\/aroma-mandala-sinu-autosse-14\/\"]}]},{\"@type\":\"ImageObject\",\"inLanguage\":\"en-US\",\"@id\":\"https:\/\/mandalailu.ee\/toode\/aroma-mandala-sinu-autosse-14\/#primaryimage\",\"url\":\"https:\/\/mandalailu.ee\/wp-content\/uploads\/2022\/04\/AM0058-Mandala-ILU-Aroma-Mandala-1.jpg\",\"contentUrl\":\"https:\/\/mandalailu.ee\/wp-content\/uploads\/2022\/04\/AM0058-Mandala-ILU-Aroma-Mandala-1.jpg\",\"width\":750,\"height\":750,\"caption\":\"Kollase, tumerohelise ja lilla lillega diffuuser heledal taustal\"},{\"@type\":\"BreadcrumbList\",\"@id\":\"https:\/\/mandalailu.ee\/toode\/aroma-mandala-sinu-autosse-14\/#breadcrumb\",\"itemListElement\":[{\"@type\":\"ListItem\",\"position\":1,\"name\":\"Home\",\"item\":\"https:\/\/mandalailu.ee\/\"},{\"@type\":\"ListItem\",\"position\":2,\"name\":\"Aroma Mandala\u00a0autosse TURMALIINIGA\"}]},{\"@type\":\"WebSite\",\"@id\":\"https:\/\/mandalailu.ee\/#website\",\"url\":\"https:\/\/mandalailu.ee\/\",\"name\":\"Mandala ilu\",\"description\":\"Unikaalsed k&auml;sit&ouml;&ouml;na valminud ehted\",\"publisher\":{\"@id\":\"https:\/\/mandalailu.ee\/#organization\"},\"potentialAction\":[{\"@type\":\"SearchAction\",\"target\":{\"@type\":\"EntryPoint\",\"urlTemplate\":\"https:\/\/mandalailu.ee\/?s={search_term_string}\"},\"query-input\":{\"@type\":\"PropertyValueSpecification\",\"valueRequired\":true,\"valueName\":\"search_term_string\"}}],\"inLanguage\":\"en-US\"},{\"@type\":\"Organization\",\"@id\":\"https:\/\/mandalailu.ee\/#organization\",\"name\":\"Mandala ILU\",\"url\":\"https:\/\/mandalailu.ee\/\",\"logo\":{\"@type\":\"ImageObject\",\"inLanguage\":\"en-US\",\"@id\":\"https:\/\/mandalailu.ee\/#\/schema\/logo\/image\/\",\"url\":\"https:\/\/mandalailu.ee\/wp-content\/uploads\/2022\/04\/cropped-Mandala-ILU-lill_block.jpg\",\"contentUrl\":\"https:\/\/mandalailu.ee\/wp-content\/uploads\/2022\/04\/cropped-Mandala-ILU-lill_block.jpg\",\"width\":512,\"height\":512,\"caption\":\"Mandala ILU\"},\"image\":{\"@id\":\"https:\/\/mandalailu.ee\/#\/schema\/logo\/image\/\"},\"sameAs\":[\"https:\/\/www.facebook.com\/MandalaILU\",\"https:\/\/www.instagram.com\/mandala.ilu.mala.ehted\/\"]}]}<\/script>\n<!-- \/ Yoast SEO plugin. -->","yoast_head_json":{"title":"Aroma Mandala\u00a0autosse TURMALIINIGA - Mandala ilu","description":"Aroma Mandalad on minu loodud ja patenteeritud looming. Unikaalseid diffuusereid saab oma autosse panna lihtsa magnetkinnituse abil. Diffuuser TURMALIINIGA.","robots":{"index":"index","follow":"follow","max-snippet":"max-snippet:-1","max-image-preview":"max-image-preview:large","max-video-preview":"max-video-preview:-1"},"canonical":"https:\/\/mandalailu.ee\/en\/product\/aroma-mandala-sinu-autosse-14\/","og_locale":"en_US","og_type":"article","og_title":"Aroma Mandala\u00a0autosse TURMALIINIGA - Mandala ilu","og_description":"Aroma Mandalad on minu loodud ja patenteeritud looming. Unikaalseid diffuusereid saab oma autosse panna lihtsa magnetkinnituse abil. Diffuuser TURMALIINIGA.","og_url":"https:\/\/mandalailu.ee\/en\/product\/aroma-mandala-sinu-autosse-14\/","og_site_name":"Mandala ilu","article_publisher":"https:\/\/www.facebook.com\/MandalaILU","article_modified_time":"2025-11-30T09:20:21+00:00","og_image":[{"width":750,"height":750,"url":"https:\/\/mandalailu.ee\/wp-content\/uploads\/2022\/04\/AM0058-Mandala-ILU-Aroma-Mandala-1.jpg","type":"image\/jpeg"}],"twitter_card":"summary_large_image","twitter_misc":{"Est. reading time":"1 minute"},"schema":{"@context":"https:\/\/schema.org","@graph":[{"@type":"WebPage","@id":"https:\/\/mandalailu.ee\/toode\/aroma-mandala-sinu-autosse-14\/","url":"https:\/\/mandalailu.ee\/toode\/aroma-mandala-sinu-autosse-14\/","name":"Aroma Mandala\u00a0autosse TURMALIINIGA - Mandala ilu","isPartOf":{"@id":"https:\/\/mandalailu.ee\/#website"},"primaryImageOfPage":{"@id":"https:\/\/mandalailu.ee\/toode\/aroma-mandala-sinu-autosse-14\/#primaryimage"},"image":{"@id":"https:\/\/mandalailu.ee\/toode\/aroma-mandala-sinu-autosse-14\/#primaryimage"},"thumbnailUrl":"https:\/\/mandalailu.ee\/wp-content\/uploads\/2022\/04\/AM0058-Mandala-ILU-Aroma-Mandala-1.jpg","datePublished":"2022-04-26T18:38:39+00:00","dateModified":"2025-11-30T09:20:21+00:00","description":"Aroma Mandalad on minu loodud ja patenteeritud looming. Unikaalseid diffuusereid saab oma autosse panna lihtsa magnetkinnituse abil. Diffuuser TURMALIINIGA.","breadcrumb":{"@id":"https:\/\/mandalailu.ee\/toode\/aroma-mandala-sinu-autosse-14\/#breadcrumb"},"inLanguage":"en-US","potentialAction":[{"@type":"ReadAction","target":["https:\/\/mandalailu.ee\/toode\/aroma-mandala-sinu-autosse-14\/"]}]},{"@type":"ImageObject","inLanguage":"en-US","@id":"https:\/\/mandalailu.ee\/toode\/aroma-mandala-sinu-autosse-14\/#primaryimage","url":"https:\/\/mandalailu.ee\/wp-content\/uploads\/2022\/04\/AM0058-Mandala-ILU-Aroma-Mandala-1.jpg","contentUrl":"https:\/\/mandalailu.ee\/wp-content\/uploads\/2022\/04\/AM0058-Mandala-ILU-Aroma-Mandala-1.jpg","width":750,"height":750,"caption":"Kollase, tumerohelise ja lilla lillega diffuuser heledal taustal"},{"@type":"BreadcrumbList","@id":"https:\/\/mandalailu.ee\/toode\/aroma-mandala-sinu-autosse-14\/#breadcrumb","itemListElement":[{"@type":"ListItem","position":1,"name":"Home","item":"https:\/\/mandalailu.ee\/"},{"@type":"ListItem","position":2,"name":"Aroma Mandala\u00a0autosse TURMALIINIGA"}]},{"@type":"WebSite","@id":"https:\/\/mandalailu.ee\/#website","url":"https:\/\/mandalailu.ee\/","name":"Mandala ilu","description":"Unikaalsed k&auml;sit&ouml;&ouml;na valminud ehted","publisher":{"@id":"https:\/\/mandalailu.ee\/#organization"},"potentialAction":[{"@type":"SearchAction","target":{"@type":"EntryPoint","urlTemplate":"https:\/\/mandalailu.ee\/?s={search_term_string}"},"query-input":{"@type":"PropertyValueSpecification","valueRequired":true,"valueName":"search_term_string"}}],"inLanguage":"en-US"},{"@type":"Organization","@id":"https:\/\/mandalailu.ee\/#organization","name":"Mandala ILU","url":"https:\/\/mandalailu.ee\/","logo":{"@type":"ImageObject","inLanguage":"en-US","@id":"https:\/\/mandalailu.ee\/#\/schema\/logo\/image\/","url":"https:\/\/mandalailu.ee\/wp-content\/uploads\/2022\/04\/cropped-Mandala-ILU-lill_block.jpg","contentUrl":"https:\/\/mandalailu.ee\/wp-content\/uploads\/2022\/04\/cropped-Mandala-ILU-lill_block.jpg","width":512,"height":512,"caption":"Mandala ILU"},"image":{"@id":"https:\/\/mandalailu.ee\/#\/schema\/logo\/image\/"},"sameAs":["https:\/\/www.facebook.com\/MandalaILU","https:\/\/www.instagram.com\/mandala.ilu.mala.ehted\/"]}]}},"_links":{"self":[{"href":"https:\/\/mandalailu.ee\/en\/wp-json\/wp\/v2\/product\/418","targetHints":{"allow":["GET"]}}],"collection":[{"href":"https:\/\/mandalailu.ee\/en\/wp-json\/wp\/v2\/product"}],"about":[{"href":"https:\/\/mandalailu.ee\/en\/wp-json\/wp\/v2\/types\/product"}],"wp:featuredmedia":[{"embeddable":true,"href":"https:\/\/mandalailu.ee\/en\/wp-json\/wp\/v2\/media\/370"}],"wp:attachment":[{"href":"https:\/\/mandalailu.ee\/en\/wp-json\/wp\/v2\/media?parent=418"}],"wp:term":[{"taxonomy":"product_brand","embeddable":true,"href":"https:\/\/mandalailu.ee\/en\/wp-json\/wp\/v2\/product_brand?post=418"},{"taxonomy":"product_cat","embeddable":true,"href":"https:\/\/mandalailu.ee\/en\/wp-json\/wp\/v2\/product_cat?post=418"},{"taxonomy":"product_tag","embeddable":true,"href":"https:\/\/mandalailu.ee\/en\/wp-json\/wp\/v2\/product_tag?post=418"}],"curies":[{"name":"wp","href":"https:\/\/api.w.org\/{rel}","templated":true}]}}