{"id":4299,"date":"2024-12-19T17:36:35","date_gmt":"2024-12-19T17:36:35","guid":{"rendered":"https:\/\/mandalailu.ee\/?post_type=product&#038;p=4299"},"modified":"2025-05-04T08:57:10","modified_gmt":"2025-05-04T08:57:10","slug":"rodoniit-korvarongad","status":"publish","type":"product","link":"https:\/\/mandalailu.ee\/en\/product\/rodoniit-korvarongad\/","title":{"rendered":"RODONIIT k\u00f5rvar\u00f5ngad"},"content":{"rendered":"<h2 style=\"text-align: center;\">RODONIIT k\u00f5rvar\u00f5ngad<\/h2>\n<h3 style=\"text-align: left;\"><strong>RODONIIT<\/strong><\/h3>\n<p>RODONIIT on n\u00e4gemus puhtast l\u00f5\u00f5gastusest, \u00f5dusatest \u00f5htutundidest ja \u00f5rnast naudingust, mis kaasneb andestuse ja t\u00e4isk\u00f5hutundega. Tal on suurep\u00e4rane maandusj\u00f5ud ja ta on t\u00e4is kaastunnet oma kandja vastu. Rodoniit on teadaolevalt murtud s\u00fcdamete ravija. Ta stimuleerib ja aktiveerib s\u00fcdame j\u00f5udu ning tugevust, aitates Sul hakkama saada negatiivsete \u00fcllatustega, mida elu v\u00f5ib tuua. Rodoniit aitab Sul v\u00e4lja astuda, Sind mitte teenivatest k\u00e4itumismustritest, nagu n\u00e4iteks kaass\u00f5ltuvus. Rahu kiirgav Rodoniit toob endaga ka kaasa enesekindluse ja suhtlemise selguse. See selgus ei tule j\u00f5upositsioonilt, vaid pigem l\u00e4bi tunde, mis k\u00f5neleb otse s\u00fcdamekeskusega. <a href=\"https:\/\/mandalailu.ee\/en\/blogi\/sudametsakra\/\"><strong>S\u00fcdamet\u0161akra<\/strong> <\/a>tugevdajana toidab Rodoniit ka s\u00fcgavat, omakasup\u00fc\u00fcdmatut armastust ning juhatab Sind m\u00f6\u00f6da sisemist rada, luues teed usaldusele, p\u00e4ikesevalgusele ning kaunile yini &amp; yangi tasakaalule.<\/p>\n<h3><strong>HEMATIIT<\/strong><\/h3>\n<p>HEMATIIDI p\u00f5hitegevuseks on toetada Sind k\u00f5rgemate v\u00e4\u00e4rtuste otsimisel. Tume nagu \u00f6\u00f6, p\u00e4ikese k\u00e4es s\u00e4delev h\u00f5bedane ja rohke rauasisaldusega Hematiit on tuntud kui \u00fcks parimaid kive Sinu keskendumisv\u00f5ime t\u00f5stmiseks. Ta on v\u00e4\u00e4riskivi, mis tuletab Sulle meelde, et peaksid aeg-ajalt oma mugavustsoonist v\u00e4lja astuma ning otsima vastuseid nii maast kui taevast. T\u00e4nu oma s\u00fcgavale seosele looduse ja maaga on Hematiit juurt\u0161akrat toetav kristall, millel on suurep\u00e4rased maandusomadused, tagades selle, et Sinu juured oleksid masse kasvanud olenemata sellest, kui palju Sa tuule k\u00e4es k\u00f5igud. Hematiit aitab sul iga p\u00e4ev h\u00e4sti magada, selgelt m\u00f5elda ja terveneda. See toimib ka negatiivsete energiate peletamiseks, mis toob Sulle lisaks ka enesehinnangu t\u00f5usu.<\/p>\n<h3><strong><a href=\"https:\/\/mandalailu.ee\/en\/blogi\/sudametsakra\/\">S\u00dcDAMET\u0161AKRA<\/a><\/strong><\/h3>\n<p>T\u00e4pselt nagu nimigi \u00fctleb, on<a href=\"https:\/\/mandalailu.ee\/en\/blogi\/sudametsakra\/\"><strong> s\u00fcdamet\u0161akra<\/strong><\/a> Sinu armastuse ja kaastunde keskus, kus asub Sinu \u201etunnete v\u00e4gi\u201c. <strong><a href=\"https:\/\/mandalailu.ee\/en\/blogi\/sudametsakra\/\">S\u00fcdamet\u0161akra<\/a><\/strong> ei tegele ainult Sinu suhetes teistega, vaid aitab Sul kujundada ja vastu v\u00f5tta ka ennast just nii nagu Sa oled. Tema s\u00f5numiks on \u201e Armastus on Jumalik j\u00f5ud\u201c. <strong><a href=\"https:\/\/mandalailu.ee\/en\/blogi\/sudametsakra\/\">S\u00fcdamet\u0161akra<\/a><\/strong> v\u00f5ib leida rindkere keskelt \u2013 keha s\u00fcdameruumist. Seda seostatakse rohelise ja roosa v\u00e4rviga. <a href=\"https:\/\/mandalailu.ee\/en\/blogi\/sudametsakra\/\"><strong>S\u00fcdamet\u0161akra<\/strong><\/a> on seotud sinu \u00fchenduse, kaastunde ja viisidega, kuidas saad anda ja vastu v\u00f5tta armastust teistelt ja iseendalt. Kui Sinu <a href=\"https:\/\/mandalailu.ee\/en\/blogi\/sudametsakra\/\"><strong>s\u00fcdamet\u0161akra<\/strong><\/a> on avatud, suudad elada t\u00e4isv\u00e4\u00e4rtuslikku ja r\u00f5\u00f5msat elu, langemata hirmu, armukadeduse ja ennasth\u00e4vitavate mustrite l\u00f5ksu. <strong><a href=\"https:\/\/mandalailu.ee\/en\/blogi\/sudametsakra\/\">S\u00fcdamet\u0161akrale<\/a><\/strong> sobivad kristallid on pehmed ja armastavad ning rikkad kaastundest.<\/p>\n<p><strong>Tasakaalustamata<a href=\"https:\/\/mandalailu.ee\/en\/blogi\/sudametsakra\/\"> s\u00fcdamet\u0161akra<\/a><\/strong> tunnusteks on negatiivne pilt enesest, usaldamatus teiste vastu, armukadedus, kiire hinnangu andmine ning vereringe- v\u00f5i hingamisprobleemid.<br \/>\n<strong>Tasakaalustatud <a href=\"https:\/\/mandalailu.ee\/en\/blogi\/sudametsakra\/\">s\u00fcdamet\u0161akra<\/a><\/strong> tunnusteks on kaastunne, empaatia, enesearmastus, sisemine rahu, andestamisv\u00f5ime.<\/p>\n<p style=\"text-align: right;\">Valiku <a href=\"https:\/\/mandalailu.ee\/en\/blogi\/sudametsakra\/\"><strong>s\u00fcdamet\u0161akrat<\/strong><\/a> toetavaid ehteid leiad <strong><a href=\"https:\/\/mandalailu.ee\/en\/product-tag\/sudametsakra\/\">SIIT<\/a><\/strong><\/p>\n<p>Kui antud k\u00f5rvar\u00f5ngad Sind k\u00f5netavad, on nad m\u00f5eldud just Sulle. Tunne nad \u00e4ra. L\u00e4bi oma s\u00fcdame.<\/p>\n<p><strong>Ole hoitud<\/strong><\/p>\n<p>RODONIIT k\u00f5rvar\u00f5ngad autor on Katrina Klaas<\/p>","protected":false},"excerpt":{"rendered":"<ul>\n<li>Armastuse kristall RODONIIT<\/li>\n<li>Meele kivi HEMATIIT<\/li>\n<li>H\u00f5be kinnitus<\/li>\n<li>K\u00f5rvar\u00f5ngad on unikaalsed k\u00e4sit\u00f6\u00f6na valminud ainueksemplarid<\/li>\n<li>Ehted j\u00f5uavad Sinuni imeilusas kinkekarbis<\/li>\n<li>Sobilik ka kinkimiseks<\/li>\n<li>Eesti sisene\u00a0<strong>transport<\/strong>\u00a0pakiautomaati on ALATI minu kulul<\/li>\n<li><strong>Vali kohe, maksa hiljem v\u00f5imalus<\/strong>. Rohkem infot leiad\u00a0<a href=\"https:\/\/mandalailu.ee\/en\/uld-ja-muugitingimused\/#jarelmaksu-voimalus\"><strong>SIIT<\/strong><\/a><\/li>\n<\/ul>\n<p>RODONIIT k\u00f5rvar\u00f5ngad on s\u00fcndinud \u00f5rnusest, kergusest, lustist ja r\u00f5\u00f5must just Sulle \u00e4ratundmiseks. Valminud k\u00e4sit\u00f6\u00f6na ja on ainueksemplarid.<\/p>\n<p>Kui antud k\u00f5rvar\u00f5ngad Sind k\u00f5netavad, on nad m\u00f5eldud just Sulle. Tunne nad \u00e4ra. L\u00e4bi oma s\u00fcdame.<\/p>","protected":false},"featured_media":4262,"template":"","meta":{"_acf_changed":false},"product_brand":[],"product_cat":[17,88],"product_tag":[40],"class_list":{"0":"post-4299","1":"product","2":"type-product","3":"status-publish","4":"has-post-thumbnail","6":"product_cat-korvarongad","7":"product_cat-kristallidest-korvarongad","8":"product_tag-sudametsakra","10":"first","11":"instock","12":"shipping-taxable","13":"purchasable","14":"product-type-simple"},"acf":[],"yoast_head":"<!-- This site is optimized with the Yoast SEO plugin v26.3 - https:\/\/yoast.com\/wordpress\/plugins\/seo\/ -->\n<title>RODONIIT k\u00f5rvar\u00f5ngad - Mandala ilu<\/title>\n<meta name=\"description\" content=\"Loodud k\u00f5rvar\u00f5ngad on unikaalsed k\u00e4sit\u00f6\u00f6na valminud iludused, kus kasutatud vaid kvaliteetseid kristalle ja materjale. RODONIIT k\u00f5rvar\u00f5ngad\" \/>\n<meta name=\"robots\" content=\"index, follow, max-snippet:-1, max-image-preview:large, max-video-preview:-1\" \/>\n<link rel=\"canonical\" href=\"https:\/\/mandalailu.ee\/en\/product\/rodoniit-korvarongad\/\" \/>\n<meta property=\"og:locale\" content=\"en_US\" \/>\n<meta property=\"og:type\" content=\"article\" \/>\n<meta property=\"og:title\" content=\"RODONIIT k\u00f5rvar\u00f5ngad - Mandala ilu\" \/>\n<meta property=\"og:description\" content=\"Loodud k\u00f5rvar\u00f5ngad on unikaalsed k\u00e4sit\u00f6\u00f6na valminud iludused, kus kasutatud vaid kvaliteetseid kristalle ja materjale. RODONIIT k\u00f5rvar\u00f5ngad\" \/>\n<meta property=\"og:url\" content=\"https:\/\/mandalailu.ee\/en\/product\/rodoniit-korvarongad\/\" \/>\n<meta property=\"og:site_name\" content=\"Mandala ilu\" \/>\n<meta property=\"article:publisher\" content=\"https:\/\/www.facebook.com\/MandalaILU\" \/>\n<meta property=\"article:modified_time\" content=\"2025-05-04T08:57:10+00:00\" \/>\n<meta property=\"og:image\" content=\"https:\/\/mandalailu.ee\/wp-content\/uploads\/2022\/05\/KK0017-Mandala-ILU-kristallidest-korvarongad-RODONIIT-HEMATIIT-1.jpg\" \/>\n\t<meta property=\"og:image:width\" content=\"750\" \/>\n\t<meta property=\"og:image:height\" content=\"750\" \/>\n\t<meta property=\"og:image:type\" content=\"image\/jpeg\" \/>\n<meta name=\"twitter:card\" content=\"summary_large_image\" \/>\n<meta name=\"twitter:label1\" content=\"Est. reading time\" \/>\n\t<meta name=\"twitter:data1\" content=\"2 minutes\" \/>\n<script type=\"application\/ld+json\" class=\"yoast-schema-graph\">{\"@context\":\"https:\/\/schema.org\",\"@graph\":[{\"@type\":\"WebPage\",\"@id\":\"https:\/\/mandalailu.ee\/toode\/rodoniit-korvarongad\/\",\"url\":\"https:\/\/mandalailu.ee\/toode\/rodoniit-korvarongad\/\",\"name\":\"RODONIIT k\u00f5rvar\u00f5ngad - Mandala ilu\",\"isPartOf\":{\"@id\":\"https:\/\/mandalailu.ee\/#website\"},\"primaryImageOfPage\":{\"@id\":\"https:\/\/mandalailu.ee\/toode\/rodoniit-korvarongad\/#primaryimage\"},\"image\":{\"@id\":\"https:\/\/mandalailu.ee\/toode\/rodoniit-korvarongad\/#primaryimage\"},\"thumbnailUrl\":\"https:\/\/mandalailu.ee\/wp-content\/uploads\/2022\/05\/KK0017-Mandala-ILU-kristallidest-korvarongad-RODONIIT-HEMATIIT-1.jpg\",\"datePublished\":\"2024-12-19T17:36:35+00:00\",\"dateModified\":\"2025-05-04T08:57:10+00:00\",\"description\":\"Loodud k\u00f5rvar\u00f5ngad on unikaalsed k\u00e4sit\u00f6\u00f6na valminud iludused, kus kasutatud vaid kvaliteetseid kristalle ja materjale. RODONIIT k\u00f5rvar\u00f5ngad\",\"breadcrumb\":{\"@id\":\"https:\/\/mandalailu.ee\/toode\/rodoniit-korvarongad\/#breadcrumb\"},\"inLanguage\":\"en-US\",\"potentialAction\":[{\"@type\":\"ReadAction\",\"target\":[\"https:\/\/mandalailu.ee\/toode\/rodoniit-korvarongad\/\"]}]},{\"@type\":\"ImageObject\",\"inLanguage\":\"en-US\",\"@id\":\"https:\/\/mandalailu.ee\/toode\/rodoniit-korvarongad\/#primaryimage\",\"url\":\"https:\/\/mandalailu.ee\/wp-content\/uploads\/2022\/05\/KK0017-Mandala-ILU-kristallidest-korvarongad-RODONIIT-HEMATIIT-1.jpg\",\"contentUrl\":\"https:\/\/mandalailu.ee\/wp-content\/uploads\/2022\/05\/KK0017-Mandala-ILU-kristallidest-korvarongad-RODONIIT-HEMATIIT-1.jpg\",\"width\":750,\"height\":750,\"caption\":\"Mandala ILU kristallidest k\u00f5rvar\u00f5ngad \/ RODONIIT k\u00f5rvar\u00f5ngad \/ RODONIIT, HEMATIIT ja h\u00f5be\"},{\"@type\":\"BreadcrumbList\",\"@id\":\"https:\/\/mandalailu.ee\/toode\/rodoniit-korvarongad\/#breadcrumb\",\"itemListElement\":[{\"@type\":\"ListItem\",\"position\":1,\"name\":\"Home\",\"item\":\"https:\/\/mandalailu.ee\/\"},{\"@type\":\"ListItem\",\"position\":2,\"name\":\"RODONIIT k\u00f5rvar\u00f5ngad\"}]},{\"@type\":\"WebSite\",\"@id\":\"https:\/\/mandalailu.ee\/#website\",\"url\":\"https:\/\/mandalailu.ee\/\",\"name\":\"Mandala ilu\",\"description\":\"Unikaalsed k&auml;sit&ouml;&ouml;na valminud ehted\",\"publisher\":{\"@id\":\"https:\/\/mandalailu.ee\/#organization\"},\"potentialAction\":[{\"@type\":\"SearchAction\",\"target\":{\"@type\":\"EntryPoint\",\"urlTemplate\":\"https:\/\/mandalailu.ee\/?s={search_term_string}\"},\"query-input\":{\"@type\":\"PropertyValueSpecification\",\"valueRequired\":true,\"valueName\":\"search_term_string\"}}],\"inLanguage\":\"en-US\"},{\"@type\":\"Organization\",\"@id\":\"https:\/\/mandalailu.ee\/#organization\",\"name\":\"Mandala ILU\",\"url\":\"https:\/\/mandalailu.ee\/\",\"logo\":{\"@type\":\"ImageObject\",\"inLanguage\":\"en-US\",\"@id\":\"https:\/\/mandalailu.ee\/#\/schema\/logo\/image\/\",\"url\":\"https:\/\/mandalailu.ee\/wp-content\/uploads\/2022\/04\/cropped-Mandala-ILU-lill_block.jpg\",\"contentUrl\":\"https:\/\/mandalailu.ee\/wp-content\/uploads\/2022\/04\/cropped-Mandala-ILU-lill_block.jpg\",\"width\":512,\"height\":512,\"caption\":\"Mandala ILU\"},\"image\":{\"@id\":\"https:\/\/mandalailu.ee\/#\/schema\/logo\/image\/\"},\"sameAs\":[\"https:\/\/www.facebook.com\/MandalaILU\",\"https:\/\/www.instagram.com\/mandala.ilu.mala.ehted\/\"]}]}<\/script>\n<!-- \/ Yoast SEO plugin. -->","yoast_head_json":{"title":"RODONIIT k\u00f5rvar\u00f5ngad - Mandala ilu","description":"Loodud k\u00f5rvar\u00f5ngad on unikaalsed k\u00e4sit\u00f6\u00f6na valminud iludused, kus kasutatud vaid kvaliteetseid kristalle ja materjale. RODONIIT k\u00f5rvar\u00f5ngad","robots":{"index":"index","follow":"follow","max-snippet":"max-snippet:-1","max-image-preview":"max-image-preview:large","max-video-preview":"max-video-preview:-1"},"canonical":"https:\/\/mandalailu.ee\/en\/product\/rodoniit-korvarongad\/","og_locale":"en_US","og_type":"article","og_title":"RODONIIT k\u00f5rvar\u00f5ngad - Mandala ilu","og_description":"Loodud k\u00f5rvar\u00f5ngad on unikaalsed k\u00e4sit\u00f6\u00f6na valminud iludused, kus kasutatud vaid kvaliteetseid kristalle ja materjale. RODONIIT k\u00f5rvar\u00f5ngad","og_url":"https:\/\/mandalailu.ee\/en\/product\/rodoniit-korvarongad\/","og_site_name":"Mandala ilu","article_publisher":"https:\/\/www.facebook.com\/MandalaILU","article_modified_time":"2025-05-04T08:57:10+00:00","og_image":[{"width":750,"height":750,"url":"https:\/\/mandalailu.ee\/wp-content\/uploads\/2022\/05\/KK0017-Mandala-ILU-kristallidest-korvarongad-RODONIIT-HEMATIIT-1.jpg","type":"image\/jpeg"}],"twitter_card":"summary_large_image","twitter_misc":{"Est. reading time":"2 minutes"},"schema":{"@context":"https:\/\/schema.org","@graph":[{"@type":"WebPage","@id":"https:\/\/mandalailu.ee\/toode\/rodoniit-korvarongad\/","url":"https:\/\/mandalailu.ee\/toode\/rodoniit-korvarongad\/","name":"RODONIIT k\u00f5rvar\u00f5ngad - Mandala ilu","isPartOf":{"@id":"https:\/\/mandalailu.ee\/#website"},"primaryImageOfPage":{"@id":"https:\/\/mandalailu.ee\/toode\/rodoniit-korvarongad\/#primaryimage"},"image":{"@id":"https:\/\/mandalailu.ee\/toode\/rodoniit-korvarongad\/#primaryimage"},"thumbnailUrl":"https:\/\/mandalailu.ee\/wp-content\/uploads\/2022\/05\/KK0017-Mandala-ILU-kristallidest-korvarongad-RODONIIT-HEMATIIT-1.jpg","datePublished":"2024-12-19T17:36:35+00:00","dateModified":"2025-05-04T08:57:10+00:00","description":"Loodud k\u00f5rvar\u00f5ngad on unikaalsed k\u00e4sit\u00f6\u00f6na valminud iludused, kus kasutatud vaid kvaliteetseid kristalle ja materjale. RODONIIT k\u00f5rvar\u00f5ngad","breadcrumb":{"@id":"https:\/\/mandalailu.ee\/toode\/rodoniit-korvarongad\/#breadcrumb"},"inLanguage":"en-US","potentialAction":[{"@type":"ReadAction","target":["https:\/\/mandalailu.ee\/toode\/rodoniit-korvarongad\/"]}]},{"@type":"ImageObject","inLanguage":"en-US","@id":"https:\/\/mandalailu.ee\/toode\/rodoniit-korvarongad\/#primaryimage","url":"https:\/\/mandalailu.ee\/wp-content\/uploads\/2022\/05\/KK0017-Mandala-ILU-kristallidest-korvarongad-RODONIIT-HEMATIIT-1.jpg","contentUrl":"https:\/\/mandalailu.ee\/wp-content\/uploads\/2022\/05\/KK0017-Mandala-ILU-kristallidest-korvarongad-RODONIIT-HEMATIIT-1.jpg","width":750,"height":750,"caption":"Mandala ILU kristallidest k\u00f5rvar\u00f5ngad \/ RODONIIT k\u00f5rvar\u00f5ngad \/ RODONIIT, HEMATIIT ja h\u00f5be"},{"@type":"BreadcrumbList","@id":"https:\/\/mandalailu.ee\/toode\/rodoniit-korvarongad\/#breadcrumb","itemListElement":[{"@type":"ListItem","position":1,"name":"Home","item":"https:\/\/mandalailu.ee\/"},{"@type":"ListItem","position":2,"name":"RODONIIT k\u00f5rvar\u00f5ngad"}]},{"@type":"WebSite","@id":"https:\/\/mandalailu.ee\/#website","url":"https:\/\/mandalailu.ee\/","name":"Mandala ilu","description":"Unikaalsed k&auml;sit&ouml;&ouml;na valminud ehted","publisher":{"@id":"https:\/\/mandalailu.ee\/#organization"},"potentialAction":[{"@type":"SearchAction","target":{"@type":"EntryPoint","urlTemplate":"https:\/\/mandalailu.ee\/?s={search_term_string}"},"query-input":{"@type":"PropertyValueSpecification","valueRequired":true,"valueName":"search_term_string"}}],"inLanguage":"en-US"},{"@type":"Organization","@id":"https:\/\/mandalailu.ee\/#organization","name":"Mandala ILU","url":"https:\/\/mandalailu.ee\/","logo":{"@type":"ImageObject","inLanguage":"en-US","@id":"https:\/\/mandalailu.ee\/#\/schema\/logo\/image\/","url":"https:\/\/mandalailu.ee\/wp-content\/uploads\/2022\/04\/cropped-Mandala-ILU-lill_block.jpg","contentUrl":"https:\/\/mandalailu.ee\/wp-content\/uploads\/2022\/04\/cropped-Mandala-ILU-lill_block.jpg","width":512,"height":512,"caption":"Mandala ILU"},"image":{"@id":"https:\/\/mandalailu.ee\/#\/schema\/logo\/image\/"},"sameAs":["https:\/\/www.facebook.com\/MandalaILU","https:\/\/www.instagram.com\/mandala.ilu.mala.ehted\/"]}]}},"_links":{"self":[{"href":"https:\/\/mandalailu.ee\/en\/wp-json\/wp\/v2\/product\/4299","targetHints":{"allow":["GET"]}}],"collection":[{"href":"https:\/\/mandalailu.ee\/en\/wp-json\/wp\/v2\/product"}],"about":[{"href":"https:\/\/mandalailu.ee\/en\/wp-json\/wp\/v2\/types\/product"}],"wp:featuredmedia":[{"embeddable":true,"href":"https:\/\/mandalailu.ee\/en\/wp-json\/wp\/v2\/media\/4262"}],"wp:attachment":[{"href":"https:\/\/mandalailu.ee\/en\/wp-json\/wp\/v2\/media?parent=4299"}],"wp:term":[{"taxonomy":"product_brand","embeddable":true,"href":"https:\/\/mandalailu.ee\/en\/wp-json\/wp\/v2\/product_brand?post=4299"},{"taxonomy":"product_cat","embeddable":true,"href":"https:\/\/mandalailu.ee\/en\/wp-json\/wp\/v2\/product_cat?post=4299"},{"taxonomy":"product_tag","embeddable":true,"href":"https:\/\/mandalailu.ee\/en\/wp-json\/wp\/v2\/product_tag?post=4299"}],"curies":[{"name":"wp","href":"https:\/\/api.w.org\/{rel}","templated":true}]}}