{"id":430,"date":"2022-04-26T18:59:02","date_gmt":"2022-04-26T18:59:02","guid":{"rendered":"https:\/\/mandalailu.ee\/?post_type=product&#038;p=430"},"modified":"2026-01-02T07:55:04","modified_gmt":"2026-01-02T07:55:04","slug":"aroma-mandala-sinu-autosse-2","status":"publish","type":"product","link":"https:\/\/mandalailu.ee\/en\/product\/aroma-mandala-sinu-autosse-2\/","title":{"rendered":"Aroma Mandala Sinu autosse SUGILIIDIGA"},"content":{"rendered":"<p>K\u00e4sit\u00f6\u00f6na valminud Aroma Mandala saab oma autosse panna lihtsa magnetkinnituse abil, ilma et peaksid m\u00f5ne augu puurima v\u00f5i midagi kleepima. Mandala on loodud vildile, mille tahak\u00fcljele tilguta OMA LEMMIK eeteliku \u00f5li v\u00f5i L\u00d5HNA. Vastavalt tujule v\u00f5i vajadusele kasv\u00f5i iga p\u00e4ev erinev aroom. L\u00fclita autos \u00f5hk ringlema ning naudi oma valitud aroomi.<\/p>\n<p>Poesk\u00e4ik pole iial nii meeldiv olnud. Parim valik Sinu autosse.<\/p>\n<p>Iga ehe siin poes on 100% k\u00e4sit\u00f6\u00f6 ning ainueksemplar, loodud puhtast armastusest ning loomisj\u00f5ust, l\u00e4bi kanalduse, Tema kandjale<\/p>\n<p>Ole hoitud, l\u00e4bi armastuse<\/p>","protected":false},"excerpt":{"rendered":"<p>Antud Aroma Mandala s\u00fcdamikuks on\u00a0<strong>Sugiliit<\/strong>, mis on meie ajastu \u00fcks peamisi armastuse kristalle.<\/p>\n<p>Mandala on tikitud vildile.<\/p>\n<p>Kasutatud on vaid kvaliteetseid Jaapani ja T\u0161ehhi p\u00e4rleid.<\/p>\n<p>Aroma Mandalaga tuleb kaasa magnetkinnitus, mille saad lihtsa liigutusega oma autose lisada.<\/p>\n<p>Mandala j\u00f5uab Sinuni kinkekotis.<\/p>\n<p>Kui antud Aroma Mandala Sind k\u00f5netab, on selle s\u00f5num m\u00f5eldud just Sulle. See on Sinu Mandala. Tunne ta \u00e4ra. L\u00e4bi oma s\u00fcdame.<\/p>","protected":false},"featured_media":382,"template":"","meta":{"_acf_changed":false},"product_brand":[],"product_cat":[18],"product_tag":[],"class_list":{"0":"post-430","1":"product","2":"type-product","3":"status-publish","4":"has-post-thumbnail","6":"product_cat-aroma-mandala","8":"first","9":"outofstock","10":"shipping-taxable","11":"purchasable","12":"product-type-simple"},"acf":[],"yoast_head":"<!-- This site is optimized with the Yoast SEO plugin v26.3 - https:\/\/yoast.com\/wordpress\/plugins\/seo\/ -->\n<title>Aroma Mandala Sinu autosse SUGILIIDIGA - Mandala ilu<\/title>\n<meta name=\"description\" content=\"Aroma Mandalad on minu loodud ja patenteeritud looming. Unikaalseid diffuusereid saab oma autosse panna lihtsa magnetkinnituse abil.\" \/>\n<meta name=\"robots\" content=\"index, follow, max-snippet:-1, max-image-preview:large, max-video-preview:-1\" \/>\n<link rel=\"canonical\" href=\"https:\/\/mandalailu.ee\/en\/product\/aroma-mandala-sinu-autosse-2\/\" \/>\n<meta property=\"og:locale\" content=\"en_US\" \/>\n<meta property=\"og:type\" content=\"article\" \/>\n<meta property=\"og:title\" content=\"Aroma Mandala Sinu autosse SUGILIIDIGA - Mandala ilu\" \/>\n<meta property=\"og:description\" content=\"Aroma Mandalad on minu loodud ja patenteeritud looming. Unikaalseid diffuusereid saab oma autosse panna lihtsa magnetkinnituse abil.\" \/>\n<meta property=\"og:url\" content=\"https:\/\/mandalailu.ee\/en\/product\/aroma-mandala-sinu-autosse-2\/\" \/>\n<meta property=\"og:site_name\" content=\"Mandala ilu\" \/>\n<meta property=\"article:publisher\" content=\"https:\/\/www.facebook.com\/MandalaILU\" \/>\n<meta property=\"article:modified_time\" content=\"2026-01-02T07:55:04+00:00\" \/>\n<meta property=\"og:image\" content=\"https:\/\/mandalailu.ee\/wp-content\/uploads\/2022\/04\/AM0042-Mandala-ILU-Aroma-Mandala-1.jpg\" \/>\n\t<meta property=\"og:image:width\" content=\"750\" \/>\n\t<meta property=\"og:image:height\" content=\"750\" \/>\n\t<meta property=\"og:image:type\" content=\"image\/jpeg\" \/>\n<meta name=\"twitter:card\" content=\"summary_large_image\" \/>\n<script type=\"application\/ld+json\" class=\"yoast-schema-graph\">{\"@context\":\"https:\/\/schema.org\",\"@graph\":[{\"@type\":\"WebPage\",\"@id\":\"https:\/\/mandalailu.ee\/toode\/aroma-mandala-sinu-autosse-2\/\",\"url\":\"https:\/\/mandalailu.ee\/toode\/aroma-mandala-sinu-autosse-2\/\",\"name\":\"Aroma Mandala Sinu autosse SUGILIIDIGA - Mandala ilu\",\"isPartOf\":{\"@id\":\"https:\/\/mandalailu.ee\/#website\"},\"primaryImageOfPage\":{\"@id\":\"https:\/\/mandalailu.ee\/toode\/aroma-mandala-sinu-autosse-2\/#primaryimage\"},\"image\":{\"@id\":\"https:\/\/mandalailu.ee\/toode\/aroma-mandala-sinu-autosse-2\/#primaryimage\"},\"thumbnailUrl\":\"https:\/\/mandalailu.ee\/wp-content\/uploads\/2022\/04\/AM0042-Mandala-ILU-Aroma-Mandala-1.jpg\",\"datePublished\":\"2022-04-26T18:59:02+00:00\",\"dateModified\":\"2026-01-02T07:55:04+00:00\",\"description\":\"Aroma Mandalad on minu loodud ja patenteeritud looming. Unikaalseid diffuusereid saab oma autosse panna lihtsa magnetkinnituse abil.\",\"breadcrumb\":{\"@id\":\"https:\/\/mandalailu.ee\/toode\/aroma-mandala-sinu-autosse-2\/#breadcrumb\"},\"inLanguage\":\"en-US\",\"potentialAction\":[{\"@type\":\"ReadAction\",\"target\":[\"https:\/\/mandalailu.ee\/toode\/aroma-mandala-sinu-autosse-2\/\"]}]},{\"@type\":\"ImageObject\",\"inLanguage\":\"en-US\",\"@id\":\"https:\/\/mandalailu.ee\/toode\/aroma-mandala-sinu-autosse-2\/#primaryimage\",\"url\":\"https:\/\/mandalailu.ee\/wp-content\/uploads\/2022\/04\/AM0042-Mandala-ILU-Aroma-Mandala-1.jpg\",\"contentUrl\":\"https:\/\/mandalailu.ee\/wp-content\/uploads\/2022\/04\/AM0042-Mandala-ILU-Aroma-Mandala-1.jpg\",\"width\":750,\"height\":750,\"caption\":\"Lilla lillega diffuuser heledal taustal\"},{\"@type\":\"BreadcrumbList\",\"@id\":\"https:\/\/mandalailu.ee\/toode\/aroma-mandala-sinu-autosse-2\/#breadcrumb\",\"itemListElement\":[{\"@type\":\"ListItem\",\"position\":1,\"name\":\"Home\",\"item\":\"https:\/\/mandalailu.ee\/\"},{\"@type\":\"ListItem\",\"position\":2,\"name\":\"Aroma Mandala Sinu autosse SUGILIIDIGA\"}]},{\"@type\":\"WebSite\",\"@id\":\"https:\/\/mandalailu.ee\/#website\",\"url\":\"https:\/\/mandalailu.ee\/\",\"name\":\"Mandala ilu\",\"description\":\"Unikaalsed k&auml;sit&ouml;&ouml;na valminud ehted\",\"publisher\":{\"@id\":\"https:\/\/mandalailu.ee\/#organization\"},\"potentialAction\":[{\"@type\":\"SearchAction\",\"target\":{\"@type\":\"EntryPoint\",\"urlTemplate\":\"https:\/\/mandalailu.ee\/?s={search_term_string}\"},\"query-input\":{\"@type\":\"PropertyValueSpecification\",\"valueRequired\":true,\"valueName\":\"search_term_string\"}}],\"inLanguage\":\"en-US\"},{\"@type\":\"Organization\",\"@id\":\"https:\/\/mandalailu.ee\/#organization\",\"name\":\"Mandala ILU\",\"url\":\"https:\/\/mandalailu.ee\/\",\"logo\":{\"@type\":\"ImageObject\",\"inLanguage\":\"en-US\",\"@id\":\"https:\/\/mandalailu.ee\/#\/schema\/logo\/image\/\",\"url\":\"https:\/\/mandalailu.ee\/wp-content\/uploads\/2022\/04\/cropped-Mandala-ILU-lill_block.jpg\",\"contentUrl\":\"https:\/\/mandalailu.ee\/wp-content\/uploads\/2022\/04\/cropped-Mandala-ILU-lill_block.jpg\",\"width\":512,\"height\":512,\"caption\":\"Mandala ILU\"},\"image\":{\"@id\":\"https:\/\/mandalailu.ee\/#\/schema\/logo\/image\/\"},\"sameAs\":[\"https:\/\/www.facebook.com\/MandalaILU\",\"https:\/\/www.instagram.com\/mandala.ilu.mala.ehted\/\"]}]}<\/script>\n<!-- \/ Yoast SEO plugin. -->","yoast_head_json":{"title":"Aroma Mandala Sinu autosse SUGILIIDIGA - Mandala ilu","description":"Aroma Mandalad on minu loodud ja patenteeritud looming. Unikaalseid diffuusereid saab oma autosse panna lihtsa magnetkinnituse abil.","robots":{"index":"index","follow":"follow","max-snippet":"max-snippet:-1","max-image-preview":"max-image-preview:large","max-video-preview":"max-video-preview:-1"},"canonical":"https:\/\/mandalailu.ee\/en\/product\/aroma-mandala-sinu-autosse-2\/","og_locale":"en_US","og_type":"article","og_title":"Aroma Mandala Sinu autosse SUGILIIDIGA - Mandala ilu","og_description":"Aroma Mandalad on minu loodud ja patenteeritud looming. Unikaalseid diffuusereid saab oma autosse panna lihtsa magnetkinnituse abil.","og_url":"https:\/\/mandalailu.ee\/en\/product\/aroma-mandala-sinu-autosse-2\/","og_site_name":"Mandala ilu","article_publisher":"https:\/\/www.facebook.com\/MandalaILU","article_modified_time":"2026-01-02T07:55:04+00:00","og_image":[{"width":750,"height":750,"url":"https:\/\/mandalailu.ee\/wp-content\/uploads\/2022\/04\/AM0042-Mandala-ILU-Aroma-Mandala-1.jpg","type":"image\/jpeg"}],"twitter_card":"summary_large_image","schema":{"@context":"https:\/\/schema.org","@graph":[{"@type":"WebPage","@id":"https:\/\/mandalailu.ee\/toode\/aroma-mandala-sinu-autosse-2\/","url":"https:\/\/mandalailu.ee\/toode\/aroma-mandala-sinu-autosse-2\/","name":"Aroma Mandala Sinu autosse SUGILIIDIGA - Mandala ilu","isPartOf":{"@id":"https:\/\/mandalailu.ee\/#website"},"primaryImageOfPage":{"@id":"https:\/\/mandalailu.ee\/toode\/aroma-mandala-sinu-autosse-2\/#primaryimage"},"image":{"@id":"https:\/\/mandalailu.ee\/toode\/aroma-mandala-sinu-autosse-2\/#primaryimage"},"thumbnailUrl":"https:\/\/mandalailu.ee\/wp-content\/uploads\/2022\/04\/AM0042-Mandala-ILU-Aroma-Mandala-1.jpg","datePublished":"2022-04-26T18:59:02+00:00","dateModified":"2026-01-02T07:55:04+00:00","description":"Aroma Mandalad on minu loodud ja patenteeritud looming. Unikaalseid diffuusereid saab oma autosse panna lihtsa magnetkinnituse abil.","breadcrumb":{"@id":"https:\/\/mandalailu.ee\/toode\/aroma-mandala-sinu-autosse-2\/#breadcrumb"},"inLanguage":"en-US","potentialAction":[{"@type":"ReadAction","target":["https:\/\/mandalailu.ee\/toode\/aroma-mandala-sinu-autosse-2\/"]}]},{"@type":"ImageObject","inLanguage":"en-US","@id":"https:\/\/mandalailu.ee\/toode\/aroma-mandala-sinu-autosse-2\/#primaryimage","url":"https:\/\/mandalailu.ee\/wp-content\/uploads\/2022\/04\/AM0042-Mandala-ILU-Aroma-Mandala-1.jpg","contentUrl":"https:\/\/mandalailu.ee\/wp-content\/uploads\/2022\/04\/AM0042-Mandala-ILU-Aroma-Mandala-1.jpg","width":750,"height":750,"caption":"Lilla lillega diffuuser heledal taustal"},{"@type":"BreadcrumbList","@id":"https:\/\/mandalailu.ee\/toode\/aroma-mandala-sinu-autosse-2\/#breadcrumb","itemListElement":[{"@type":"ListItem","position":1,"name":"Home","item":"https:\/\/mandalailu.ee\/"},{"@type":"ListItem","position":2,"name":"Aroma Mandala Sinu autosse SUGILIIDIGA"}]},{"@type":"WebSite","@id":"https:\/\/mandalailu.ee\/#website","url":"https:\/\/mandalailu.ee\/","name":"Mandala ilu","description":"Unikaalsed k&auml;sit&ouml;&ouml;na valminud ehted","publisher":{"@id":"https:\/\/mandalailu.ee\/#organization"},"potentialAction":[{"@type":"SearchAction","target":{"@type":"EntryPoint","urlTemplate":"https:\/\/mandalailu.ee\/?s={search_term_string}"},"query-input":{"@type":"PropertyValueSpecification","valueRequired":true,"valueName":"search_term_string"}}],"inLanguage":"en-US"},{"@type":"Organization","@id":"https:\/\/mandalailu.ee\/#organization","name":"Mandala ILU","url":"https:\/\/mandalailu.ee\/","logo":{"@type":"ImageObject","inLanguage":"en-US","@id":"https:\/\/mandalailu.ee\/#\/schema\/logo\/image\/","url":"https:\/\/mandalailu.ee\/wp-content\/uploads\/2022\/04\/cropped-Mandala-ILU-lill_block.jpg","contentUrl":"https:\/\/mandalailu.ee\/wp-content\/uploads\/2022\/04\/cropped-Mandala-ILU-lill_block.jpg","width":512,"height":512,"caption":"Mandala ILU"},"image":{"@id":"https:\/\/mandalailu.ee\/#\/schema\/logo\/image\/"},"sameAs":["https:\/\/www.facebook.com\/MandalaILU","https:\/\/www.instagram.com\/mandala.ilu.mala.ehted\/"]}]}},"_links":{"self":[{"href":"https:\/\/mandalailu.ee\/en\/wp-json\/wp\/v2\/product\/430","targetHints":{"allow":["GET"]}}],"collection":[{"href":"https:\/\/mandalailu.ee\/en\/wp-json\/wp\/v2\/product"}],"about":[{"href":"https:\/\/mandalailu.ee\/en\/wp-json\/wp\/v2\/types\/product"}],"wp:featuredmedia":[{"embeddable":true,"href":"https:\/\/mandalailu.ee\/en\/wp-json\/wp\/v2\/media\/382"}],"wp:attachment":[{"href":"https:\/\/mandalailu.ee\/en\/wp-json\/wp\/v2\/media?parent=430"}],"wp:term":[{"taxonomy":"product_brand","embeddable":true,"href":"https:\/\/mandalailu.ee\/en\/wp-json\/wp\/v2\/product_brand?post=430"},{"taxonomy":"product_cat","embeddable":true,"href":"https:\/\/mandalailu.ee\/en\/wp-json\/wp\/v2\/product_cat?post=430"},{"taxonomy":"product_tag","embeddable":true,"href":"https:\/\/mandalailu.ee\/en\/wp-json\/wp\/v2\/product_tag?post=430"}],"curies":[{"name":"wp","href":"https:\/\/api.w.org\/{rel}","templated":true}]}}