{"id":4301,"date":"2024-12-19T17:53:34","date_gmt":"2024-12-19T17:53:34","guid":{"rendered":"https:\/\/mandalailu.ee\/?post_type=product&#038;p=4301"},"modified":"2025-05-04T08:57:10","modified_gmt":"2025-05-04T08:57:10","slug":"granaat-korvarongad","status":"publish","type":"product","link":"https:\/\/mandalailu.ee\/en\/product\/granaat-korvarongad\/","title":{"rendered":"GRANAAT k\u00f5rvar\u00f5ngad"},"content":{"rendered":"<h2 style=\"text-align: center;\"><strong>GRANAAT k\u00f5rvar\u00f5ngad<\/strong><\/h2>\n<h3 style=\"text-align: left;\"><strong>GRANAAT<\/strong><\/h3>\n<p>Tumepunaselt l\u00e4ikiv GRANAAT on \u00fcrgse tule, k\u00f5rge loovuse, vaimu ja armastuse kivi. Sulle, kes Sa tahad olla julge ja karastatud, on Granaat hiilguse kivi. Granaat on olnud pikka aega armastatud nii keskaegsete juveliiride, kuningaperede kui ka iidsete tsivilisatsioonide poolt. Vanade piiblitekstide kohaselt andis Noa laevale ainsa valguse just Granaat, mis t\u00e4hendab, et see s\u00e4delev veripunane kivi on pikka aega olnud lootuses\u00e4ra, elum\u00e4rk ja suunav valgus ka k\u00f5ige meeleheitlikumatel aegadel, pimeduses. See hinnaline kivi on tuntud kui loovuse ja armastuse kristall. Granaat taastab ja toetab Sinu enesekindlust, seksuaalset energiat ning lubab Sul olla siiras. P\u00fchendumise kristallina tuntud Granaat on imeline p\u00e4rl Sulle, kui otsid toetust suhetes. Granaat lahustab negatiivseid energiaid ning teeb koost\u00f6\u00f6d maandava <a href=\"https:\/\/mandalailu.ee\/en\/blogi\/juurtsakra\/\"><strong>juurt\u0161akraga<\/strong><\/a>, et hoida Sind turvaliselt ja kindlalt jalad maas. Nii on v\u00e4hem t\u00f5en\u00e4oline, et libised eneses kahtlemisse ja armukadedusse ning k\u00f5igesse, mis v\u00f5ib takistada Sul oma kallimaga s\u00fcgavamat sidet luua. Granaadist ehted ei ole ainult positiivse energiaga laetud kaunis ehe, see on kivi, mis s\u00fcmboliseerib elu ennast. Meditatiivse tulena p\u00f5leb ja v\u00e4releb Granaat \u00fchtlaselt ka k\u00f5ige k\u00fclmematel \u00f6\u00f6del ning k\u00f5ige \u00e4gedamate tuultega. Ta on kivi, mis kutsub Sind veidi s\u00fcgavamale sukelduma ja avastama armastuse v\u00e4ljendusi, mis on juba Sinu s\u00fcdamesse peidetud. Granaat on tulvil k\u00fclluslikku eluj\u00f5udu, nii et Sulle, kes Sa tunned end eksinud ja n\u00f5rgana, s\u00fctitab Granaadi Mala Sinu leegi uuesti.<\/p>\n<h3><strong><a href=\"https:\/\/mandalailu.ee\/en\/blogi\/juurtsakra\/\">JUUR\u0161AKRA<\/a><\/strong><\/h3>\n<p><span style=\"font-weight: 400;\"><a href=\"https:\/\/mandalailu.ee\/en\/blogi\/juurtsakra\/\"><strong>Juurt\u0161akra<\/strong><\/a> on \u00fclim alust\u0161akra, mis on koht kus asub \u201eh\u00f5imu v\u00e4gi\u201c ja \u00fchendus Emakese maaga. Vastutades Sinu turvalisuse, elutahte ja stabiilsusega seotud tunnete eest, v\u00f5id pidada <a href=\"https:\/\/mandalailu.ee\/en\/blogi\/juurtsakra\/\"><strong>juurt\u0161akra<\/strong><\/a>t oma p\u00f5hivajaduste aluseks. Tema s\u00f5numiks on \u201e K\u00f5ik on \u00fcks\u201c. <a href=\"https:\/\/mandalailu.ee\/en\/blogi\/juurtsakra\/\"><strong>Juurt\u0161akra<\/strong><\/a> asub meie selgroo p\u00f5hjas ja on seotud punase v\u00f5i musta v\u00e4rviga. See on t\u0161akra, mis hoiab sind maa peal, kus tunned end kindlalt, hoolimata sellest, mis Sinu \u00fcmber toimub. Kui Sinu <a href=\"https:\/\/mandalailu.ee\/en\/blogi\/juurtsakra\/\"><strong>juurt\u0161akra<\/strong><\/a> on avatud, tunned end v\u00e4iksema t\u00f5en\u00e4osusega nii emotsionaalselt kui ka f\u00fc\u00fcsiliselt \u00fclekoormatuna v\u00f5i endast v\u00e4ljas. Selle t\u0161akra \u00f5ppetunnid on seotud lojaalsuse, au ja \u00f5iglustundega. <a href=\"https:\/\/mandalailu.ee\/en\/blogi\/juurtsakra\/\"><strong>Juurt\u0161akrale<\/strong><\/a> sobivad kristallid on tumepunased v\u00f5i mustad ning neil on tavaliselt maised vibratsioonid ja kaitsej\u00f5ud.<\/span><\/p>\n<p><b>Tasakaalustamata<a href=\"https:\/\/mandalailu.ee\/en\/blogi\/juurtsakra\/\"> juurt\u0161akra<\/a><\/b><span style=\"font-weight: 400;\"> m\u00e4rgid on \u00e4revus, depressioon, hirm, suutmatus hoida enda piire ega olla truuks tahtej\u00f5ule, n\u00f5rk immuuns\u00fcsteem ja v\u00f5imetus l\u00f5dvestuda.<\/span><\/p>\n<p><b>Tasakaalustatud <\/b><a href=\"https:\/\/mandalailu.ee\/en\/blogi\/juurtsakra\/\"><strong>juurt\u0161akra<\/strong><\/a><span style=\"font-weight: 400;\"> m\u00e4rgid on stabiilsus, ratsionaalne m\u00f5tlemine, positiivne m\u00f5tteviis ja k\u00f5rge energia tase.<\/span><\/p>\n<p style=\"text-align: right;\"><span style=\"font-weight: 400;\">Valiku juurt\u0161akrat toetavaid ehteid leiad <strong><a href=\"https:\/\/mandalailu.ee\/en\/product-tag\/juurtsakra\/\">SIIT<\/a><\/strong><\/span><\/p>\n<p>Kui antud k\u00f5rvar\u00f5ngad Sind k\u00f5netavad, on nad m\u00f5eldud just Sulle. Tunne nad \u00e4ra. L\u00e4bi oma s\u00fcdame.<\/p>\n<p><strong>Ole hoitud<\/strong><\/p>\n<p>GRANAAT k\u00f5rvar\u00f5ngad autor on Katrina Klaas<\/p>","protected":false},"excerpt":{"rendered":"<ul>\n<li>Sisemise tule ja armastuse kristall GRANAAT<\/li>\n<li>H\u00f5be kinnitus<\/li>\n<li>K\u00f5rvar\u00f5ngad on unikaalsed k\u00e4sit\u00f6\u00f6na valminud ainueksemplarid<\/li>\n<li>Ehted j\u00f5uavad Sinuni imeilusas kinkekarbis<\/li>\n<li>Sobilik ka kinkimiseks<\/li>\n<li>Eesti sisene\u00a0<strong>transport<\/strong>\u00a0pakiautomaati on ALATI minu kulul<\/li>\n<li><strong>Vali kohe, maksa hiljem v\u00f5imalus<\/strong>. Rohkem infot leiad\u00a0<a href=\"https:\/\/mandalailu.ee\/en\/uld-ja-muugitingimused\/#jarelmaksu-voimalus\"><strong>SIIT<\/strong><\/a><\/li>\n<\/ul>\n<p>GRANAAT k\u00f5rvar\u00f5ngad on s\u00fcndinud \u00f5rnusest, kergusest, lustist ja r\u00f5\u00f5must just Sulle \u00e4ratundmiseks. Valminud k\u00e4sit\u00f6\u00f6na ja on ainueksemplarid.<\/p>\n<p>Kui antud k\u00f5rvar\u00f5ngad Sind k\u00f5netavad, on nad m\u00f5eldud just Sulle. Tunne nad \u00e4ra. L\u00e4bi oma s\u00fcdame.<\/p>","protected":false},"featured_media":4264,"template":"","meta":{"_acf_changed":false},"product_brand":[],"product_cat":[17,88],"product_tag":[37],"class_list":{"0":"post-4301","1":"product","2":"type-product","3":"status-publish","4":"has-post-thumbnail","6":"product_cat-korvarongad","7":"product_cat-kristallidest-korvarongad","8":"product_tag-juurtsakra","10":"first","11":"instock","12":"shipping-taxable","13":"purchasable","14":"product-type-simple"},"acf":[],"yoast_head":"<!-- This site is optimized with the Yoast SEO plugin v26.3 - https:\/\/yoast.com\/wordpress\/plugins\/seo\/ -->\n<title>GRANAAT k\u00f5rvar\u00f5ngad - Mandala ilu<\/title>\n<meta name=\"description\" content=\"Loodud k\u00f5rvar\u00f5ngad on unikaalsed k\u00e4sit\u00f6\u00f6na valminud iludused, kus kasutatud vaid kvaliteetseid kristalle ja materjale. GRANAAT k\u00f5rvar\u00f5ngad\" \/>\n<meta name=\"robots\" content=\"index, follow, max-snippet:-1, max-image-preview:large, max-video-preview:-1\" \/>\n<link rel=\"canonical\" href=\"https:\/\/mandalailu.ee\/en\/product\/granaat-korvarongad\/\" \/>\n<meta property=\"og:locale\" content=\"en_US\" \/>\n<meta property=\"og:type\" content=\"article\" \/>\n<meta property=\"og:title\" content=\"GRANAAT k\u00f5rvar\u00f5ngad - Mandala ilu\" \/>\n<meta property=\"og:description\" content=\"Loodud k\u00f5rvar\u00f5ngad on unikaalsed k\u00e4sit\u00f6\u00f6na valminud iludused, kus kasutatud vaid kvaliteetseid kristalle ja materjale. GRANAAT k\u00f5rvar\u00f5ngad\" \/>\n<meta property=\"og:url\" content=\"https:\/\/mandalailu.ee\/en\/product\/granaat-korvarongad\/\" \/>\n<meta property=\"og:site_name\" content=\"Mandala ilu\" \/>\n<meta property=\"article:publisher\" content=\"https:\/\/www.facebook.com\/MandalaILU\" \/>\n<meta property=\"article:modified_time\" content=\"2025-05-04T08:57:10+00:00\" \/>\n<meta property=\"og:image\" content=\"https:\/\/mandalailu.ee\/wp-content\/uploads\/2022\/05\/KK0018-Mandala-ILU-kristallidest-korvarongad-GRANAAT-1.jpg\" \/>\n\t<meta property=\"og:image:width\" content=\"750\" \/>\n\t<meta property=\"og:image:height\" content=\"750\" \/>\n\t<meta property=\"og:image:type\" content=\"image\/jpeg\" \/>\n<meta name=\"twitter:card\" content=\"summary_large_image\" \/>\n<meta name=\"twitter:label1\" content=\"Est. reading time\" \/>\n\t<meta name=\"twitter:data1\" content=\"2 minutes\" \/>\n<script type=\"application\/ld+json\" class=\"yoast-schema-graph\">{\"@context\":\"https:\/\/schema.org\",\"@graph\":[{\"@type\":\"WebPage\",\"@id\":\"https:\/\/mandalailu.ee\/toode\/granaat-korvarongad\/\",\"url\":\"https:\/\/mandalailu.ee\/toode\/granaat-korvarongad\/\",\"name\":\"GRANAAT k\u00f5rvar\u00f5ngad - Mandala ilu\",\"isPartOf\":{\"@id\":\"https:\/\/mandalailu.ee\/#website\"},\"primaryImageOfPage\":{\"@id\":\"https:\/\/mandalailu.ee\/toode\/granaat-korvarongad\/#primaryimage\"},\"image\":{\"@id\":\"https:\/\/mandalailu.ee\/toode\/granaat-korvarongad\/#primaryimage\"},\"thumbnailUrl\":\"https:\/\/mandalailu.ee\/wp-content\/uploads\/2022\/05\/KK0018-Mandala-ILU-kristallidest-korvarongad-GRANAAT-1.jpg\",\"datePublished\":\"2024-12-19T17:53:34+00:00\",\"dateModified\":\"2025-05-04T08:57:10+00:00\",\"description\":\"Loodud k\u00f5rvar\u00f5ngad on unikaalsed k\u00e4sit\u00f6\u00f6na valminud iludused, kus kasutatud vaid kvaliteetseid kristalle ja materjale. GRANAAT k\u00f5rvar\u00f5ngad\",\"breadcrumb\":{\"@id\":\"https:\/\/mandalailu.ee\/toode\/granaat-korvarongad\/#breadcrumb\"},\"inLanguage\":\"en-US\",\"potentialAction\":[{\"@type\":\"ReadAction\",\"target\":[\"https:\/\/mandalailu.ee\/toode\/granaat-korvarongad\/\"]}]},{\"@type\":\"ImageObject\",\"inLanguage\":\"en-US\",\"@id\":\"https:\/\/mandalailu.ee\/toode\/granaat-korvarongad\/#primaryimage\",\"url\":\"https:\/\/mandalailu.ee\/wp-content\/uploads\/2022\/05\/KK0018-Mandala-ILU-kristallidest-korvarongad-GRANAAT-1.jpg\",\"contentUrl\":\"https:\/\/mandalailu.ee\/wp-content\/uploads\/2022\/05\/KK0018-Mandala-ILU-kristallidest-korvarongad-GRANAAT-1.jpg\",\"width\":750,\"height\":750,\"caption\":\"Mandala ILU kristallidest k\u00f5rvar\u00f5ngad \/ GRANAAT k\u00f5rvar\u00f5ngad \/ GRANAAT ja h\u00f5be\"},{\"@type\":\"BreadcrumbList\",\"@id\":\"https:\/\/mandalailu.ee\/toode\/granaat-korvarongad\/#breadcrumb\",\"itemListElement\":[{\"@type\":\"ListItem\",\"position\":1,\"name\":\"Home\",\"item\":\"https:\/\/mandalailu.ee\/\"},{\"@type\":\"ListItem\",\"position\":2,\"name\":\"GRANAAT k\u00f5rvar\u00f5ngad\"}]},{\"@type\":\"WebSite\",\"@id\":\"https:\/\/mandalailu.ee\/#website\",\"url\":\"https:\/\/mandalailu.ee\/\",\"name\":\"Mandala ilu\",\"description\":\"Unikaalsed k&auml;sit&ouml;&ouml;na valminud ehted\",\"publisher\":{\"@id\":\"https:\/\/mandalailu.ee\/#organization\"},\"potentialAction\":[{\"@type\":\"SearchAction\",\"target\":{\"@type\":\"EntryPoint\",\"urlTemplate\":\"https:\/\/mandalailu.ee\/?s={search_term_string}\"},\"query-input\":{\"@type\":\"PropertyValueSpecification\",\"valueRequired\":true,\"valueName\":\"search_term_string\"}}],\"inLanguage\":\"en-US\"},{\"@type\":\"Organization\",\"@id\":\"https:\/\/mandalailu.ee\/#organization\",\"name\":\"Mandala ILU\",\"url\":\"https:\/\/mandalailu.ee\/\",\"logo\":{\"@type\":\"ImageObject\",\"inLanguage\":\"en-US\",\"@id\":\"https:\/\/mandalailu.ee\/#\/schema\/logo\/image\/\",\"url\":\"https:\/\/mandalailu.ee\/wp-content\/uploads\/2022\/04\/cropped-Mandala-ILU-lill_block.jpg\",\"contentUrl\":\"https:\/\/mandalailu.ee\/wp-content\/uploads\/2022\/04\/cropped-Mandala-ILU-lill_block.jpg\",\"width\":512,\"height\":512,\"caption\":\"Mandala ILU\"},\"image\":{\"@id\":\"https:\/\/mandalailu.ee\/#\/schema\/logo\/image\/\"},\"sameAs\":[\"https:\/\/www.facebook.com\/MandalaILU\",\"https:\/\/www.instagram.com\/mandala.ilu.mala.ehted\/\"]}]}<\/script>\n<!-- \/ Yoast SEO plugin. -->","yoast_head_json":{"title":"GRANAAT k\u00f5rvar\u00f5ngad - Mandala ilu","description":"Loodud k\u00f5rvar\u00f5ngad on unikaalsed k\u00e4sit\u00f6\u00f6na valminud iludused, kus kasutatud vaid kvaliteetseid kristalle ja materjale. GRANAAT k\u00f5rvar\u00f5ngad","robots":{"index":"index","follow":"follow","max-snippet":"max-snippet:-1","max-image-preview":"max-image-preview:large","max-video-preview":"max-video-preview:-1"},"canonical":"https:\/\/mandalailu.ee\/en\/product\/granaat-korvarongad\/","og_locale":"en_US","og_type":"article","og_title":"GRANAAT k\u00f5rvar\u00f5ngad - Mandala ilu","og_description":"Loodud k\u00f5rvar\u00f5ngad on unikaalsed k\u00e4sit\u00f6\u00f6na valminud iludused, kus kasutatud vaid kvaliteetseid kristalle ja materjale. GRANAAT k\u00f5rvar\u00f5ngad","og_url":"https:\/\/mandalailu.ee\/en\/product\/granaat-korvarongad\/","og_site_name":"Mandala ilu","article_publisher":"https:\/\/www.facebook.com\/MandalaILU","article_modified_time":"2025-05-04T08:57:10+00:00","og_image":[{"width":750,"height":750,"url":"https:\/\/mandalailu.ee\/wp-content\/uploads\/2022\/05\/KK0018-Mandala-ILU-kristallidest-korvarongad-GRANAAT-1.jpg","type":"image\/jpeg"}],"twitter_card":"summary_large_image","twitter_misc":{"Est. reading time":"2 minutes"},"schema":{"@context":"https:\/\/schema.org","@graph":[{"@type":"WebPage","@id":"https:\/\/mandalailu.ee\/toode\/granaat-korvarongad\/","url":"https:\/\/mandalailu.ee\/toode\/granaat-korvarongad\/","name":"GRANAAT k\u00f5rvar\u00f5ngad - Mandala ilu","isPartOf":{"@id":"https:\/\/mandalailu.ee\/#website"},"primaryImageOfPage":{"@id":"https:\/\/mandalailu.ee\/toode\/granaat-korvarongad\/#primaryimage"},"image":{"@id":"https:\/\/mandalailu.ee\/toode\/granaat-korvarongad\/#primaryimage"},"thumbnailUrl":"https:\/\/mandalailu.ee\/wp-content\/uploads\/2022\/05\/KK0018-Mandala-ILU-kristallidest-korvarongad-GRANAAT-1.jpg","datePublished":"2024-12-19T17:53:34+00:00","dateModified":"2025-05-04T08:57:10+00:00","description":"Loodud k\u00f5rvar\u00f5ngad on unikaalsed k\u00e4sit\u00f6\u00f6na valminud iludused, kus kasutatud vaid kvaliteetseid kristalle ja materjale. GRANAAT k\u00f5rvar\u00f5ngad","breadcrumb":{"@id":"https:\/\/mandalailu.ee\/toode\/granaat-korvarongad\/#breadcrumb"},"inLanguage":"en-US","potentialAction":[{"@type":"ReadAction","target":["https:\/\/mandalailu.ee\/toode\/granaat-korvarongad\/"]}]},{"@type":"ImageObject","inLanguage":"en-US","@id":"https:\/\/mandalailu.ee\/toode\/granaat-korvarongad\/#primaryimage","url":"https:\/\/mandalailu.ee\/wp-content\/uploads\/2022\/05\/KK0018-Mandala-ILU-kristallidest-korvarongad-GRANAAT-1.jpg","contentUrl":"https:\/\/mandalailu.ee\/wp-content\/uploads\/2022\/05\/KK0018-Mandala-ILU-kristallidest-korvarongad-GRANAAT-1.jpg","width":750,"height":750,"caption":"Mandala ILU kristallidest k\u00f5rvar\u00f5ngad \/ GRANAAT k\u00f5rvar\u00f5ngad \/ GRANAAT ja h\u00f5be"},{"@type":"BreadcrumbList","@id":"https:\/\/mandalailu.ee\/toode\/granaat-korvarongad\/#breadcrumb","itemListElement":[{"@type":"ListItem","position":1,"name":"Home","item":"https:\/\/mandalailu.ee\/"},{"@type":"ListItem","position":2,"name":"GRANAAT k\u00f5rvar\u00f5ngad"}]},{"@type":"WebSite","@id":"https:\/\/mandalailu.ee\/#website","url":"https:\/\/mandalailu.ee\/","name":"Mandala ilu","description":"Unikaalsed k&auml;sit&ouml;&ouml;na valminud ehted","publisher":{"@id":"https:\/\/mandalailu.ee\/#organization"},"potentialAction":[{"@type":"SearchAction","target":{"@type":"EntryPoint","urlTemplate":"https:\/\/mandalailu.ee\/?s={search_term_string}"},"query-input":{"@type":"PropertyValueSpecification","valueRequired":true,"valueName":"search_term_string"}}],"inLanguage":"en-US"},{"@type":"Organization","@id":"https:\/\/mandalailu.ee\/#organization","name":"Mandala ILU","url":"https:\/\/mandalailu.ee\/","logo":{"@type":"ImageObject","inLanguage":"en-US","@id":"https:\/\/mandalailu.ee\/#\/schema\/logo\/image\/","url":"https:\/\/mandalailu.ee\/wp-content\/uploads\/2022\/04\/cropped-Mandala-ILU-lill_block.jpg","contentUrl":"https:\/\/mandalailu.ee\/wp-content\/uploads\/2022\/04\/cropped-Mandala-ILU-lill_block.jpg","width":512,"height":512,"caption":"Mandala ILU"},"image":{"@id":"https:\/\/mandalailu.ee\/#\/schema\/logo\/image\/"},"sameAs":["https:\/\/www.facebook.com\/MandalaILU","https:\/\/www.instagram.com\/mandala.ilu.mala.ehted\/"]}]}},"_links":{"self":[{"href":"https:\/\/mandalailu.ee\/en\/wp-json\/wp\/v2\/product\/4301","targetHints":{"allow":["GET"]}}],"collection":[{"href":"https:\/\/mandalailu.ee\/en\/wp-json\/wp\/v2\/product"}],"about":[{"href":"https:\/\/mandalailu.ee\/en\/wp-json\/wp\/v2\/types\/product"}],"wp:featuredmedia":[{"embeddable":true,"href":"https:\/\/mandalailu.ee\/en\/wp-json\/wp\/v2\/media\/4264"}],"wp:attachment":[{"href":"https:\/\/mandalailu.ee\/en\/wp-json\/wp\/v2\/media?parent=4301"}],"wp:term":[{"taxonomy":"product_brand","embeddable":true,"href":"https:\/\/mandalailu.ee\/en\/wp-json\/wp\/v2\/product_brand?post=4301"},{"taxonomy":"product_cat","embeddable":true,"href":"https:\/\/mandalailu.ee\/en\/wp-json\/wp\/v2\/product_cat?post=4301"},{"taxonomy":"product_tag","embeddable":true,"href":"https:\/\/mandalailu.ee\/en\/wp-json\/wp\/v2\/product_tag?post=4301"}],"curies":[{"name":"wp","href":"https:\/\/api.w.org\/{rel}","templated":true}]}}