{"id":4307,"date":"2024-12-19T18:44:22","date_gmt":"2024-12-19T18:44:22","guid":{"rendered":"https:\/\/mandalailu.ee\/?post_type=product&#038;p=4307"},"modified":"2025-05-04T08:57:09","modified_gmt":"2025-05-04T08:57:09","slug":"paikesekivi-korvarongad","status":"publish","type":"product","link":"https:\/\/mandalailu.ee\/en\/product\/paikesekivi-korvarongad\/","title":{"rendered":"P\u00c4IKESEKIVI k\u00f5rvar\u00f5ngad"},"content":{"rendered":"<h2 style=\"text-align: center;\">P\u00c4IKESEKIVI k\u00f5rvar\u00f5ngad<\/h2>\n<h3><strong>P\u00c4IKESEKIVI<\/strong><\/h3>\n<p>P\u00e4ikesekivi on r\u00f5\u00f5mu kristall, mis toob Sinu ellu positiivsust ja \u00f5nne. Olles <strong><a href=\"https:\/\/mandalailu.ee\/en\/blogi\/paikesepoimik\/\">P\u00e4ikesep\u00f5imiku<\/a><\/strong> kristall, on P\u00e4ikesekivi sarnaselt p\u00e4ikesega kollakas oran\u017ei v\u00e4rvi, m\u00f5nikord ka kuldsete laikudega, mis panevad ta s\u00e4delema. P\u00e4ikesekivi on alati peetud hea \u00f5nne, k\u00fclluse ja pikaealisuse kiviks. Ta annab Sulle energiat ja j\u00f5udu, ajal kui seda k\u00f5ige enam vajate. P\u00e4ikesekivi aitab leevendada depressiooni, hirmu ja stressi. Aitab taastuda h\u00fcljatuse ja \u00e4rakasutamise tundest. \u00dcle\u00fcldse leevendab P\u00e4ikeseivi eba\u00f5nnestumise tundeid, v\u00f5imaldades Sul leppida sellega, et vead on vaid kogemused ning elu \u00f5ppimise osa.<\/p>\n<h3><a href=\"https:\/\/mandalailu.ee\/en\/blogi\/paikesepoimik\/\"><strong>P\u00c4IKESEP\u00d5IMIK<\/strong><\/a><\/h3>\n<p><strong><a href=\"https:\/\/mandalailu.ee\/en\/blogi\/paikesepoimik\/\">P\u00e4ikesep\u00f5imiku<\/a><\/strong> t\u0161akra on koduks sinu s\u00f5dalase vaimule ning kus asub Sinu \u201eiskilik v\u00e4gi\u201c. Siit leiad kogu selle vinge sisemise j\u00f5u ja enesekindluse, mis ootavad, et aidata Sul s\u00e4rada. Tema s\u00f5numiks on \u201eAustan iseennast\u201c. Kolmas t\u0161akra asub \u00fclak\u00f5hus vahetult rinnaluu all, keha keskel. Seda seostatakse kollase ja kuldse v\u00e4rviga. <a href=\"https:\/\/mandalailu.ee\/en\/blogi\/paikesepoimik\/\"><strong>P\u00e4ikesep\u00f5imiku<\/strong><\/a> t\u0161akrat seostatakse meie isikliku v\u00e4e, meie intellekti, meie ambitsioonide ning sellega, kuidas Sa f\u00fc\u00fcsiliselt ja emotsionaalselt enda jaoks ruumi hoiad. Kui Sinu p\u00e4ikesep\u00f5imiku t\u0161akra on avatud, tunned, et kontrollid oma elu ja oled oma otsustes kindel. See t\u0161akra on seotud meie energiatasemetega. <a href=\"https:\/\/mandalailu.ee\/en\/blogi\/paikesepoimik\/\"><strong>P\u00e4ikesep\u00f5imiku<\/strong><\/a> t\u0161akrale sobivad kristallid on s\u00e4ravad ja p\u00e4ikeselised.<\/p>\n<p><b>Tasakaalustamata <a href=\"https:\/\/mandalailu.ee\/en\/blogi\/paikesepoimik\/\">p\u00e4ikesep\u00f5imiku<\/a><\/b> t\u0161akra tunnusteks on madal enesehinnang, halb seedimine, \u00e4revus, motivatsioonipuudus ja ebakindlus.<\/p>\n<p><b>Tasakaalustatud <a href=\"https:\/\/mandalailu.ee\/en\/blogi\/paikesepoimik\/\">p\u00e4ikesep\u00f5imiku<\/a><\/b> t\u0161akra m\u00e4rgid on enesekindel olemine, oma k\u00f5hutunde j\u00e4rgimine, terve immuuns\u00fcsteem ja motiveeritus<\/p>\n<p style=\"text-align: right;\"><span style=\"font-weight: 400;\">Valiku <a href=\"https:\/\/mandalailu.ee\/en\/blogi\/paikesepoimik\/\">p\u00e4ikesep\u00f5imikut<\/a> toetavaid ehteid leiad <\/span><a href=\"https:\/\/mandalailu.ee\/en\/product-tag\/paikesepoimik\/\"><b>SIIT<\/b><\/a><\/p>\n<p>Kui antud k\u00f5rvar\u00f5ngad Sind k\u00f5netavad, on nad m\u00f5eldud just Sulle. Tunne nad \u00e4ra. L\u00e4bi oma s\u00fcdame.<\/p>\n<p><strong>Ole hoitud<\/strong><\/p>\n<p>P\u00c4IKESEKIVI k\u00f5rvar\u00f5ngad autor on Katrina Klaas<\/p>","protected":false},"excerpt":{"rendered":"<ul>\n<li>R\u00f5\u00f5mu kristall P\u00c4IKESEKIVI<\/li>\n<li>H\u00f5be kinnitus<\/li>\n<li>K\u00f5rvar\u00f5ngad on unikaalsed k\u00e4sit\u00f6\u00f6na valminud ainueksemplarid<\/li>\n<li>Ehted j\u00f5uavad Sinuni imeilusas kinkekarbis<\/li>\n<li>Sobilik ka kinkimiseks<\/li>\n<li>Eesti sisene\u00a0<strong>transport<\/strong>\u00a0pakiautomaati on ALATI minu kulul<\/li>\n<li><strong>Vali kohe, maksa hiljem v\u00f5imalus<\/strong>. Rohkem infot leiad\u00a0<a href=\"https:\/\/mandalailu.ee\/en\/uld-ja-muugitingimused\/#jarelmaksu-voimalus\"><strong>SIIT<\/strong><\/a><\/li>\n<\/ul>\n<p>P\u00c4IKESEKIVI k\u00f5rvar\u00f5ngad on s\u00fcndinud \u00f5rnusest, kergusest, lustist ja r\u00f5\u00f5must just Sulle \u00e4ratundmiseks. Valminud k\u00e4sit\u00f6\u00f6na ja on ainueksemplarid.<\/p>\n<p>Kui antud k\u00f5rvar\u00f5ngad Sind k\u00f5netavad, on nad m\u00f5eldud just Sulle. Tunne nad \u00e4ra. L\u00e4bi oma s\u00fcdame.<\/p>","protected":false},"featured_media":4278,"template":"","meta":{"_acf_changed":false},"product_brand":[],"product_cat":[17,88],"product_tag":[39],"class_list":{"0":"post-4307","1":"product","2":"type-product","3":"status-publish","4":"has-post-thumbnail","6":"product_cat-korvarongad","7":"product_cat-kristallidest-korvarongad","8":"product_tag-paikesepoimik","10":"first","11":"instock","12":"shipping-taxable","13":"purchasable","14":"product-type-simple"},"acf":[],"yoast_head":"<!-- This site is optimized with the Yoast SEO plugin v26.3 - https:\/\/yoast.com\/wordpress\/plugins\/seo\/ -->\n<title>P\u00c4IKESEKIVI k\u00f5rvar\u00f5ngad - Mandala ilu<\/title>\n<meta name=\"description\" content=\"Loodud k\u00f5rvar\u00f5ngad on unikaalsed k\u00e4sit\u00f6\u00f6na valminud iludused, kus kasutatud vaid kvaliteetseid kristalle ja materjale. P\u00c4IKESEKIVI k\u00f5rvar\u00f5ngad\" \/>\n<meta name=\"robots\" content=\"index, follow, max-snippet:-1, max-image-preview:large, max-video-preview:-1\" \/>\n<link rel=\"canonical\" href=\"https:\/\/mandalailu.ee\/en\/product\/paikesekivi-korvarongad\/\" \/>\n<meta property=\"og:locale\" content=\"en_US\" \/>\n<meta property=\"og:type\" content=\"article\" \/>\n<meta property=\"og:title\" content=\"P\u00c4IKESEKIVI k\u00f5rvar\u00f5ngad - Mandala ilu\" \/>\n<meta property=\"og:description\" content=\"Loodud k\u00f5rvar\u00f5ngad on unikaalsed k\u00e4sit\u00f6\u00f6na valminud iludused, kus kasutatud vaid kvaliteetseid kristalle ja materjale. P\u00c4IKESEKIVI k\u00f5rvar\u00f5ngad\" \/>\n<meta property=\"og:url\" content=\"https:\/\/mandalailu.ee\/en\/product\/paikesekivi-korvarongad\/\" \/>\n<meta property=\"og:site_name\" content=\"Mandala ilu\" \/>\n<meta property=\"article:publisher\" content=\"https:\/\/www.facebook.com\/MandalaILU\" \/>\n<meta property=\"article:modified_time\" content=\"2025-05-04T08:57:09+00:00\" \/>\n<meta property=\"og:image\" content=\"https:\/\/mandalailu.ee\/wp-content\/uploads\/2022\/05\/KK0025-Mandala-ILU-kristallidest-korvarongad-PAIKESEKIVI-1.jpg\" \/>\n\t<meta property=\"og:image:width\" content=\"750\" \/>\n\t<meta property=\"og:image:height\" content=\"750\" \/>\n\t<meta property=\"og:image:type\" content=\"image\/jpeg\" \/>\n<meta name=\"twitter:card\" content=\"summary_large_image\" \/>\n<meta name=\"twitter:label1\" content=\"Est. reading time\" \/>\n\t<meta name=\"twitter:data1\" content=\"2 minutes\" \/>\n<script type=\"application\/ld+json\" class=\"yoast-schema-graph\">{\"@context\":\"https:\/\/schema.org\",\"@graph\":[{\"@type\":\"WebPage\",\"@id\":\"https:\/\/mandalailu.ee\/toode\/paikesekivi-korvarongad\/\",\"url\":\"https:\/\/mandalailu.ee\/toode\/paikesekivi-korvarongad\/\",\"name\":\"P\u00c4IKESEKIVI k\u00f5rvar\u00f5ngad - Mandala ilu\",\"isPartOf\":{\"@id\":\"https:\/\/mandalailu.ee\/#website\"},\"primaryImageOfPage\":{\"@id\":\"https:\/\/mandalailu.ee\/toode\/paikesekivi-korvarongad\/#primaryimage\"},\"image\":{\"@id\":\"https:\/\/mandalailu.ee\/toode\/paikesekivi-korvarongad\/#primaryimage\"},\"thumbnailUrl\":\"https:\/\/mandalailu.ee\/wp-content\/uploads\/2022\/05\/KK0025-Mandala-ILU-kristallidest-korvarongad-PAIKESEKIVI-1.jpg\",\"datePublished\":\"2024-12-19T18:44:22+00:00\",\"dateModified\":\"2025-05-04T08:57:09+00:00\",\"description\":\"Loodud k\u00f5rvar\u00f5ngad on unikaalsed k\u00e4sit\u00f6\u00f6na valminud iludused, kus kasutatud vaid kvaliteetseid kristalle ja materjale. P\u00c4IKESEKIVI k\u00f5rvar\u00f5ngad\",\"breadcrumb\":{\"@id\":\"https:\/\/mandalailu.ee\/toode\/paikesekivi-korvarongad\/#breadcrumb\"},\"inLanguage\":\"en-US\",\"potentialAction\":[{\"@type\":\"ReadAction\",\"target\":[\"https:\/\/mandalailu.ee\/toode\/paikesekivi-korvarongad\/\"]}]},{\"@type\":\"ImageObject\",\"inLanguage\":\"en-US\",\"@id\":\"https:\/\/mandalailu.ee\/toode\/paikesekivi-korvarongad\/#primaryimage\",\"url\":\"https:\/\/mandalailu.ee\/wp-content\/uploads\/2022\/05\/KK0025-Mandala-ILU-kristallidest-korvarongad-PAIKESEKIVI-1.jpg\",\"contentUrl\":\"https:\/\/mandalailu.ee\/wp-content\/uploads\/2022\/05\/KK0025-Mandala-ILU-kristallidest-korvarongad-PAIKESEKIVI-1.jpg\",\"width\":750,\"height\":750,\"caption\":\"Mandala ILU kristallidest k\u00f5rvar\u00f5ngad \/ P\u00c4IKESEKIVI k\u00f5rvar\u00f5ngad \/ P\u00c4IKESEKIVI ja h\u00f5be\"},{\"@type\":\"BreadcrumbList\",\"@id\":\"https:\/\/mandalailu.ee\/toode\/paikesekivi-korvarongad\/#breadcrumb\",\"itemListElement\":[{\"@type\":\"ListItem\",\"position\":1,\"name\":\"Home\",\"item\":\"https:\/\/mandalailu.ee\/\"},{\"@type\":\"ListItem\",\"position\":2,\"name\":\"P\u00c4IKESEKIVI k\u00f5rvar\u00f5ngad\"}]},{\"@type\":\"WebSite\",\"@id\":\"https:\/\/mandalailu.ee\/#website\",\"url\":\"https:\/\/mandalailu.ee\/\",\"name\":\"Mandala ilu\",\"description\":\"Unikaalsed k&auml;sit&ouml;&ouml;na valminud ehted\",\"publisher\":{\"@id\":\"https:\/\/mandalailu.ee\/#organization\"},\"potentialAction\":[{\"@type\":\"SearchAction\",\"target\":{\"@type\":\"EntryPoint\",\"urlTemplate\":\"https:\/\/mandalailu.ee\/?s={search_term_string}\"},\"query-input\":{\"@type\":\"PropertyValueSpecification\",\"valueRequired\":true,\"valueName\":\"search_term_string\"}}],\"inLanguage\":\"en-US\"},{\"@type\":\"Organization\",\"@id\":\"https:\/\/mandalailu.ee\/#organization\",\"name\":\"Mandala ILU\",\"url\":\"https:\/\/mandalailu.ee\/\",\"logo\":{\"@type\":\"ImageObject\",\"inLanguage\":\"en-US\",\"@id\":\"https:\/\/mandalailu.ee\/#\/schema\/logo\/image\/\",\"url\":\"https:\/\/mandalailu.ee\/wp-content\/uploads\/2022\/04\/cropped-Mandala-ILU-lill_block.jpg\",\"contentUrl\":\"https:\/\/mandalailu.ee\/wp-content\/uploads\/2022\/04\/cropped-Mandala-ILU-lill_block.jpg\",\"width\":512,\"height\":512,\"caption\":\"Mandala ILU\"},\"image\":{\"@id\":\"https:\/\/mandalailu.ee\/#\/schema\/logo\/image\/\"},\"sameAs\":[\"https:\/\/www.facebook.com\/MandalaILU\",\"https:\/\/www.instagram.com\/mandala.ilu.mala.ehted\/\"]}]}<\/script>\n<!-- \/ Yoast SEO plugin. -->","yoast_head_json":{"title":"P\u00c4IKESEKIVI k\u00f5rvar\u00f5ngad - Mandala ilu","description":"Loodud k\u00f5rvar\u00f5ngad on unikaalsed k\u00e4sit\u00f6\u00f6na valminud iludused, kus kasutatud vaid kvaliteetseid kristalle ja materjale. P\u00c4IKESEKIVI k\u00f5rvar\u00f5ngad","robots":{"index":"index","follow":"follow","max-snippet":"max-snippet:-1","max-image-preview":"max-image-preview:large","max-video-preview":"max-video-preview:-1"},"canonical":"https:\/\/mandalailu.ee\/en\/product\/paikesekivi-korvarongad\/","og_locale":"en_US","og_type":"article","og_title":"P\u00c4IKESEKIVI k\u00f5rvar\u00f5ngad - Mandala ilu","og_description":"Loodud k\u00f5rvar\u00f5ngad on unikaalsed k\u00e4sit\u00f6\u00f6na valminud iludused, kus kasutatud vaid kvaliteetseid kristalle ja materjale. P\u00c4IKESEKIVI k\u00f5rvar\u00f5ngad","og_url":"https:\/\/mandalailu.ee\/en\/product\/paikesekivi-korvarongad\/","og_site_name":"Mandala ilu","article_publisher":"https:\/\/www.facebook.com\/MandalaILU","article_modified_time":"2025-05-04T08:57:09+00:00","og_image":[{"width":750,"height":750,"url":"https:\/\/mandalailu.ee\/wp-content\/uploads\/2022\/05\/KK0025-Mandala-ILU-kristallidest-korvarongad-PAIKESEKIVI-1.jpg","type":"image\/jpeg"}],"twitter_card":"summary_large_image","twitter_misc":{"Est. reading time":"2 minutes"},"schema":{"@context":"https:\/\/schema.org","@graph":[{"@type":"WebPage","@id":"https:\/\/mandalailu.ee\/toode\/paikesekivi-korvarongad\/","url":"https:\/\/mandalailu.ee\/toode\/paikesekivi-korvarongad\/","name":"P\u00c4IKESEKIVI k\u00f5rvar\u00f5ngad - Mandala ilu","isPartOf":{"@id":"https:\/\/mandalailu.ee\/#website"},"primaryImageOfPage":{"@id":"https:\/\/mandalailu.ee\/toode\/paikesekivi-korvarongad\/#primaryimage"},"image":{"@id":"https:\/\/mandalailu.ee\/toode\/paikesekivi-korvarongad\/#primaryimage"},"thumbnailUrl":"https:\/\/mandalailu.ee\/wp-content\/uploads\/2022\/05\/KK0025-Mandala-ILU-kristallidest-korvarongad-PAIKESEKIVI-1.jpg","datePublished":"2024-12-19T18:44:22+00:00","dateModified":"2025-05-04T08:57:09+00:00","description":"Loodud k\u00f5rvar\u00f5ngad on unikaalsed k\u00e4sit\u00f6\u00f6na valminud iludused, kus kasutatud vaid kvaliteetseid kristalle ja materjale. P\u00c4IKESEKIVI k\u00f5rvar\u00f5ngad","breadcrumb":{"@id":"https:\/\/mandalailu.ee\/toode\/paikesekivi-korvarongad\/#breadcrumb"},"inLanguage":"en-US","potentialAction":[{"@type":"ReadAction","target":["https:\/\/mandalailu.ee\/toode\/paikesekivi-korvarongad\/"]}]},{"@type":"ImageObject","inLanguage":"en-US","@id":"https:\/\/mandalailu.ee\/toode\/paikesekivi-korvarongad\/#primaryimage","url":"https:\/\/mandalailu.ee\/wp-content\/uploads\/2022\/05\/KK0025-Mandala-ILU-kristallidest-korvarongad-PAIKESEKIVI-1.jpg","contentUrl":"https:\/\/mandalailu.ee\/wp-content\/uploads\/2022\/05\/KK0025-Mandala-ILU-kristallidest-korvarongad-PAIKESEKIVI-1.jpg","width":750,"height":750,"caption":"Mandala ILU kristallidest k\u00f5rvar\u00f5ngad \/ P\u00c4IKESEKIVI k\u00f5rvar\u00f5ngad \/ P\u00c4IKESEKIVI ja h\u00f5be"},{"@type":"BreadcrumbList","@id":"https:\/\/mandalailu.ee\/toode\/paikesekivi-korvarongad\/#breadcrumb","itemListElement":[{"@type":"ListItem","position":1,"name":"Home","item":"https:\/\/mandalailu.ee\/"},{"@type":"ListItem","position":2,"name":"P\u00c4IKESEKIVI k\u00f5rvar\u00f5ngad"}]},{"@type":"WebSite","@id":"https:\/\/mandalailu.ee\/#website","url":"https:\/\/mandalailu.ee\/","name":"Mandala ilu","description":"Unikaalsed k&auml;sit&ouml;&ouml;na valminud ehted","publisher":{"@id":"https:\/\/mandalailu.ee\/#organization"},"potentialAction":[{"@type":"SearchAction","target":{"@type":"EntryPoint","urlTemplate":"https:\/\/mandalailu.ee\/?s={search_term_string}"},"query-input":{"@type":"PropertyValueSpecification","valueRequired":true,"valueName":"search_term_string"}}],"inLanguage":"en-US"},{"@type":"Organization","@id":"https:\/\/mandalailu.ee\/#organization","name":"Mandala ILU","url":"https:\/\/mandalailu.ee\/","logo":{"@type":"ImageObject","inLanguage":"en-US","@id":"https:\/\/mandalailu.ee\/#\/schema\/logo\/image\/","url":"https:\/\/mandalailu.ee\/wp-content\/uploads\/2022\/04\/cropped-Mandala-ILU-lill_block.jpg","contentUrl":"https:\/\/mandalailu.ee\/wp-content\/uploads\/2022\/04\/cropped-Mandala-ILU-lill_block.jpg","width":512,"height":512,"caption":"Mandala ILU"},"image":{"@id":"https:\/\/mandalailu.ee\/#\/schema\/logo\/image\/"},"sameAs":["https:\/\/www.facebook.com\/MandalaILU","https:\/\/www.instagram.com\/mandala.ilu.mala.ehted\/"]}]}},"_links":{"self":[{"href":"https:\/\/mandalailu.ee\/en\/wp-json\/wp\/v2\/product\/4307","targetHints":{"allow":["GET"]}}],"collection":[{"href":"https:\/\/mandalailu.ee\/en\/wp-json\/wp\/v2\/product"}],"about":[{"href":"https:\/\/mandalailu.ee\/en\/wp-json\/wp\/v2\/types\/product"}],"wp:featuredmedia":[{"embeddable":true,"href":"https:\/\/mandalailu.ee\/en\/wp-json\/wp\/v2\/media\/4278"}],"wp:attachment":[{"href":"https:\/\/mandalailu.ee\/en\/wp-json\/wp\/v2\/media?parent=4307"}],"wp:term":[{"taxonomy":"product_brand","embeddable":true,"href":"https:\/\/mandalailu.ee\/en\/wp-json\/wp\/v2\/product_brand?post=4307"},{"taxonomy":"product_cat","embeddable":true,"href":"https:\/\/mandalailu.ee\/en\/wp-json\/wp\/v2\/product_cat?post=4307"},{"taxonomy":"product_tag","embeddable":true,"href":"https:\/\/mandalailu.ee\/en\/wp-json\/wp\/v2\/product_tag?post=4307"}],"curies":[{"name":"wp","href":"https:\/\/api.w.org\/{rel}","templated":true}]}}