{"id":4311,"date":"2024-12-19T19:27:36","date_gmt":"2024-12-19T19:27:36","guid":{"rendered":"https:\/\/mandalailu.ee\/?post_type=product&#038;p=4311"},"modified":"2025-09-12T14:50:11","modified_gmt":"2025-09-12T14:50:11","slug":"komplekt-5","status":"publish","type":"product","link":"https:\/\/mandalailu.ee\/en\/product\/komplekt-5\/","title":{"rendered":"AVENTURIINi k\u00f5rvar\u00f5ngad ja ripats"},"content":{"rendered":"<h2>AVENTURIINi k\u00f5rvar\u00f5ngad ja ripats. K\u00fclluse ja s\u00fcdamerahu kandmiseks.<\/h2>\n<h3 style=\"text-align: left;\"><strong>Miks valida Aventuriin?<\/strong><\/h3>\n<p>Aventuriin on tuntud kui hea \u00f5nne ja k\u00fclluse kristall, mis avab Sinu s\u00fcdame armastusele ja r\u00f5\u00f5mule. Ta:<\/p>\n<ul>\n<li>toetab Sind taastumisel ja aitab v\u00e4ltida l\u00e4bip\u00f5lemist,<\/li>\n<li>rahustab s\u00fcdamer\u00fctmi ja toob sisemist tasakaalu,<\/li>\n<li>kasvatab empaatiat ja loob ruumi armastuse voolamiseks,<\/li>\n<li>juhatab Sind k\u00fclluse ja r\u00f5\u00f5mu teele.<\/li>\n<\/ul>\n<p><strong><a href=\"https:\/\/mandalailu.ee\/en\/blogi\/sudametsakra\/\">S\u00fcdamet\u0161akra<\/a> tugi<\/strong><br \/>\nAventuriin t\u00f6\u00f6tab otse <strong><a href=\"https:\/\/mandalailu.ee\/en\/blogi\/sudametsakra\/\">S\u00fcdamet\u0161akraga<\/a><\/strong>, mis on Sinu armastuse, kaastunde ja enesearmastuse kese. Kui <a href=\"https:\/\/mandalailu.ee\/en\/blogi\/sudametsakra\/\"><strong>S\u00fcdamet\u0161akra<\/strong><\/a> on tasakaalus, elad Sa sisemise rahu, r\u00f5\u00f5mu ja kaastundega, oled avatud armastusele ning julged olla t\u00f5eliselt Sina ise. Kui Sinu S\u00fcdamet\u0161akra on hoitud ja avatud, tunned end armastatuna ning oskad sama armastust vabalt ka teistele jagada. Tasakaalus s\u00fcda toob ellu usalduse ja kerguse, aidates Sul elada ilma hirmu v\u00f5i kahtluseta. Avatud s\u00fcda loob ruumi andestamiseks ning aitab lahti lasta valust, mis Sind enam ei teeni. Nii saavad Su ellu tulla siirad ja harmoonilised suhted, mis pakuvad t\u00f5elist r\u00f5\u00f5mu ja turvatunnet. Kui elad s\u00fcdames, tunned end rahulikuna, oled \u00fchenduses oma sisemise t\u00f5ega ning teed otsuseid, mis juhatavad Sind \u00f5nne ja k\u00fclluse poole.<\/p>\n<p style=\"text-align: right;\">Valiku <a href=\"https:\/\/mandalailu.ee\/en\/blogi\/sudametsakra\/\"><strong>s\u00fcdamet\u0161akrat<\/strong><\/a> toetavaid ehteid leiad <strong><a href=\"https:\/\/mandalailu.ee\/en\/product-tag\/sudametsakra\/\">SIIT<\/a><\/strong><\/p>\n<p>Kui antud k\u00f5rvar\u00f5ngad Sind k\u00f5netavad, on nad m\u00f5eldud just Sulle. Tunne nad \u00e4ra. L\u00e4bi oma s\u00fcdame.<\/p>\n<p><strong>Ole hoitud<\/strong><\/p>\n<p>AVENTURIINi k\u00f5rvar\u00f5ngad ja ripatsi autor on Katrina Klaas<\/p>","protected":false},"excerpt":{"rendered":"<p>Kullatud h\u00f5be kinnitused &amp; traat annavad ehetele elegantse s\u00e4ra, mis toob esile Aventuriini s\u00fcgava rohelise ilu. Need kaunid Aventuriinist k\u00f5rvar\u00f5ngad ja ripats on ainulaadne k\u00e4sit\u00f6\u00f6na valminud ainueksemplar, loodud selleks, et Sind k\u00f5netada ja toetada. Kui tunned oma ehte \u00e4ra, siis tea, et just sinu jaoks ongi need loodud.<\/p>\n<ul>\n<li>K\u00fclluse kristall AVENTURIIN<\/li>\n<li>Kullatud h\u00f5be kinnitused<\/li>\n<li>K\u00f5rvar\u00f5ngad ja ripats on unikaalsed k\u00e4sit\u00f6\u00f6na valminud ainueksemplarid. Vaid sulle.<\/li>\n<li>Kaunis kinkekarp muudab need ideaalseks kingituseks kallimale v\u00f5i iseendale.<\/li>\n<li>Eesti sisene\u00a0<strong>transport<\/strong>\u00a0pakiautomaati on ALATI minu kulul<\/li>\n<li><strong>Vali kohe, maksa hiljem v\u00f5imalus<\/strong>. Nii on lihtne r\u00f5\u00f5mustada. Rohkem infot leiad <a href=\"https:\/\/mandalailu.ee\/en\/uld-ja-muugitingimused\/#jarelmaksu-voimalus\"><strong>SIIT<\/strong><\/a><\/li>\n<\/ul>\n<p>Kui need Aventuriinist k\u00f5rvar\u00f5ngad ja ripats Sind k\u00f5netavad, siis tea, et nad on m\u00f5eldud just Sulle. Tunne nad \u00e4ra. L\u00e4bi oma s\u00fcdame.<\/p>","protected":false},"featured_media":4310,"template":"","meta":{"_acf_changed":false},"product_brand":[],"product_cat":[17,88,87],"product_tag":[40],"class_list":{"0":"post-4311","1":"product","2":"type-product","3":"status-publish","4":"has-post-thumbnail","6":"product_cat-korvarongad","7":"product_cat-kristallidest-korvarongad","8":"product_cat-komplektid","9":"product_tag-sudametsakra","11":"first","12":"instock","13":"shipping-taxable","14":"purchasable","15":"product-type-simple"},"acf":[],"yoast_head":"<!-- This site is optimized with the Yoast SEO plugin v26.3 - https:\/\/yoast.com\/wordpress\/plugins\/seo\/ -->\n<title>AVENTURIINi k\u00f5rvar\u00f5ngad ja ripats - Mandala ilu<\/title>\n<meta name=\"description\" content=\"Loodud ehted on unikaalsed k\u00e4sit\u00f6\u00f6na valminud iludused, kus kasutatud vaid kvaliteetseid kristalle ja materjale. AVENTURIINi k\u00f5rvar\u00f5ngad ja ripats\" \/>\n<meta name=\"robots\" content=\"index, follow, max-snippet:-1, max-image-preview:large, max-video-preview:-1\" \/>\n<link rel=\"canonical\" href=\"https:\/\/mandalailu.ee\/en\/product\/komplekt-5\/\" \/>\n<meta property=\"og:locale\" content=\"en_US\" \/>\n<meta property=\"og:type\" content=\"article\" \/>\n<meta property=\"og:title\" content=\"AVENTURIINi k\u00f5rvar\u00f5ngad ja ripats - Mandala ilu\" \/>\n<meta property=\"og:description\" content=\"Loodud ehted on unikaalsed k\u00e4sit\u00f6\u00f6na valminud iludused, kus kasutatud vaid kvaliteetseid kristalle ja materjale. AVENTURIINi k\u00f5rvar\u00f5ngad ja ripats\" \/>\n<meta property=\"og:url\" content=\"https:\/\/mandalailu.ee\/en\/product\/komplekt-5\/\" \/>\n<meta property=\"og:site_name\" content=\"Mandala ilu\" \/>\n<meta property=\"article:publisher\" content=\"https:\/\/www.facebook.com\/MandalaILU\" \/>\n<meta property=\"article:modified_time\" content=\"2025-09-12T14:50:11+00:00\" \/>\n<meta property=\"og:image\" content=\"https:\/\/mandalailu.ee\/wp-content\/uploads\/2024\/12\/KK0030-Mandala-ILU-kristallidest-korvarongad-Aventuriin-1.jpg\" \/>\n\t<meta property=\"og:image:width\" content=\"750\" \/>\n\t<meta property=\"og:image:height\" content=\"750\" \/>\n\t<meta property=\"og:image:type\" content=\"image\/jpeg\" \/>\n<meta name=\"twitter:card\" content=\"summary_large_image\" \/>\n<meta name=\"twitter:label1\" content=\"Est. reading time\" \/>\n\t<meta name=\"twitter:data1\" content=\"1 minute\" \/>\n<script type=\"application\/ld+json\" class=\"yoast-schema-graph\">{\"@context\":\"https:\/\/schema.org\",\"@graph\":[{\"@type\":\"WebPage\",\"@id\":\"https:\/\/mandalailu.ee\/toode\/komplekt-5\/\",\"url\":\"https:\/\/mandalailu.ee\/toode\/komplekt-5\/\",\"name\":\"AVENTURIINi k\u00f5rvar\u00f5ngad ja ripats - Mandala ilu\",\"isPartOf\":{\"@id\":\"https:\/\/mandalailu.ee\/#website\"},\"primaryImageOfPage\":{\"@id\":\"https:\/\/mandalailu.ee\/toode\/komplekt-5\/#primaryimage\"},\"image\":{\"@id\":\"https:\/\/mandalailu.ee\/toode\/komplekt-5\/#primaryimage\"},\"thumbnailUrl\":\"https:\/\/mandalailu.ee\/wp-content\/uploads\/2024\/12\/KK0030-Mandala-ILU-kristallidest-korvarongad-Aventuriin-1.jpg\",\"datePublished\":\"2024-12-19T19:27:36+00:00\",\"dateModified\":\"2025-09-12T14:50:11+00:00\",\"description\":\"Loodud ehted on unikaalsed k\u00e4sit\u00f6\u00f6na valminud iludused, kus kasutatud vaid kvaliteetseid kristalle ja materjale. AVENTURIINi k\u00f5rvar\u00f5ngad ja ripats\",\"breadcrumb\":{\"@id\":\"https:\/\/mandalailu.ee\/toode\/komplekt-5\/#breadcrumb\"},\"inLanguage\":\"en-US\",\"potentialAction\":[{\"@type\":\"ReadAction\",\"target\":[\"https:\/\/mandalailu.ee\/toode\/komplekt-5\/\"]}]},{\"@type\":\"ImageObject\",\"inLanguage\":\"en-US\",\"@id\":\"https:\/\/mandalailu.ee\/toode\/komplekt-5\/#primaryimage\",\"url\":\"https:\/\/mandalailu.ee\/wp-content\/uploads\/2024\/12\/KK0030-Mandala-ILU-kristallidest-korvarongad-Aventuriin-1.jpg\",\"contentUrl\":\"https:\/\/mandalailu.ee\/wp-content\/uploads\/2024\/12\/KK0030-Mandala-ILU-kristallidest-korvarongad-Aventuriin-1.jpg\",\"width\":750,\"height\":750,\"caption\":\"Ainulaadsed Mandala ILU Aventuriinist k\u00f5rvar\u00f5ngad ja ripats. S\u00fcdamet\u0161akra avamiseks ja armastuse kasvatamiseks.\"},{\"@type\":\"BreadcrumbList\",\"@id\":\"https:\/\/mandalailu.ee\/toode\/komplekt-5\/#breadcrumb\",\"itemListElement\":[{\"@type\":\"ListItem\",\"position\":1,\"name\":\"Home\",\"item\":\"https:\/\/mandalailu.ee\/\"},{\"@type\":\"ListItem\",\"position\":2,\"name\":\"AVENTURIINi k\u00f5rvar\u00f5ngad ja ripats\"}]},{\"@type\":\"WebSite\",\"@id\":\"https:\/\/mandalailu.ee\/#website\",\"url\":\"https:\/\/mandalailu.ee\/\",\"name\":\"Mandala ilu\",\"description\":\"Unikaalsed k&auml;sit&ouml;&ouml;na valminud ehted\",\"publisher\":{\"@id\":\"https:\/\/mandalailu.ee\/#organization\"},\"potentialAction\":[{\"@type\":\"SearchAction\",\"target\":{\"@type\":\"EntryPoint\",\"urlTemplate\":\"https:\/\/mandalailu.ee\/?s={search_term_string}\"},\"query-input\":{\"@type\":\"PropertyValueSpecification\",\"valueRequired\":true,\"valueName\":\"search_term_string\"}}],\"inLanguage\":\"en-US\"},{\"@type\":\"Organization\",\"@id\":\"https:\/\/mandalailu.ee\/#organization\",\"name\":\"Mandala ILU\",\"url\":\"https:\/\/mandalailu.ee\/\",\"logo\":{\"@type\":\"ImageObject\",\"inLanguage\":\"en-US\",\"@id\":\"https:\/\/mandalailu.ee\/#\/schema\/logo\/image\/\",\"url\":\"https:\/\/mandalailu.ee\/wp-content\/uploads\/2022\/04\/cropped-Mandala-ILU-lill_block.jpg\",\"contentUrl\":\"https:\/\/mandalailu.ee\/wp-content\/uploads\/2022\/04\/cropped-Mandala-ILU-lill_block.jpg\",\"width\":512,\"height\":512,\"caption\":\"Mandala ILU\"},\"image\":{\"@id\":\"https:\/\/mandalailu.ee\/#\/schema\/logo\/image\/\"},\"sameAs\":[\"https:\/\/www.facebook.com\/MandalaILU\",\"https:\/\/www.instagram.com\/mandala.ilu.mala.ehted\/\"]}]}<\/script>\n<!-- \/ Yoast SEO plugin. -->","yoast_head_json":{"title":"AVENTURIINi k\u00f5rvar\u00f5ngad ja ripats - Mandala ilu","description":"Loodud ehted on unikaalsed k\u00e4sit\u00f6\u00f6na valminud iludused, kus kasutatud vaid kvaliteetseid kristalle ja materjale. AVENTURIINi k\u00f5rvar\u00f5ngad ja ripats","robots":{"index":"index","follow":"follow","max-snippet":"max-snippet:-1","max-image-preview":"max-image-preview:large","max-video-preview":"max-video-preview:-1"},"canonical":"https:\/\/mandalailu.ee\/en\/product\/komplekt-5\/","og_locale":"en_US","og_type":"article","og_title":"AVENTURIINi k\u00f5rvar\u00f5ngad ja ripats - Mandala ilu","og_description":"Loodud ehted on unikaalsed k\u00e4sit\u00f6\u00f6na valminud iludused, kus kasutatud vaid kvaliteetseid kristalle ja materjale. AVENTURIINi k\u00f5rvar\u00f5ngad ja ripats","og_url":"https:\/\/mandalailu.ee\/en\/product\/komplekt-5\/","og_site_name":"Mandala ilu","article_publisher":"https:\/\/www.facebook.com\/MandalaILU","article_modified_time":"2025-09-12T14:50:11+00:00","og_image":[{"width":750,"height":750,"url":"https:\/\/mandalailu.ee\/wp-content\/uploads\/2024\/12\/KK0030-Mandala-ILU-kristallidest-korvarongad-Aventuriin-1.jpg","type":"image\/jpeg"}],"twitter_card":"summary_large_image","twitter_misc":{"Est. reading time":"1 minute"},"schema":{"@context":"https:\/\/schema.org","@graph":[{"@type":"WebPage","@id":"https:\/\/mandalailu.ee\/toode\/komplekt-5\/","url":"https:\/\/mandalailu.ee\/toode\/komplekt-5\/","name":"AVENTURIINi k\u00f5rvar\u00f5ngad ja ripats - Mandala ilu","isPartOf":{"@id":"https:\/\/mandalailu.ee\/#website"},"primaryImageOfPage":{"@id":"https:\/\/mandalailu.ee\/toode\/komplekt-5\/#primaryimage"},"image":{"@id":"https:\/\/mandalailu.ee\/toode\/komplekt-5\/#primaryimage"},"thumbnailUrl":"https:\/\/mandalailu.ee\/wp-content\/uploads\/2024\/12\/KK0030-Mandala-ILU-kristallidest-korvarongad-Aventuriin-1.jpg","datePublished":"2024-12-19T19:27:36+00:00","dateModified":"2025-09-12T14:50:11+00:00","description":"Loodud ehted on unikaalsed k\u00e4sit\u00f6\u00f6na valminud iludused, kus kasutatud vaid kvaliteetseid kristalle ja materjale. AVENTURIINi k\u00f5rvar\u00f5ngad ja ripats","breadcrumb":{"@id":"https:\/\/mandalailu.ee\/toode\/komplekt-5\/#breadcrumb"},"inLanguage":"en-US","potentialAction":[{"@type":"ReadAction","target":["https:\/\/mandalailu.ee\/toode\/komplekt-5\/"]}]},{"@type":"ImageObject","inLanguage":"en-US","@id":"https:\/\/mandalailu.ee\/toode\/komplekt-5\/#primaryimage","url":"https:\/\/mandalailu.ee\/wp-content\/uploads\/2024\/12\/KK0030-Mandala-ILU-kristallidest-korvarongad-Aventuriin-1.jpg","contentUrl":"https:\/\/mandalailu.ee\/wp-content\/uploads\/2024\/12\/KK0030-Mandala-ILU-kristallidest-korvarongad-Aventuriin-1.jpg","width":750,"height":750,"caption":"Ainulaadsed Mandala ILU Aventuriinist k\u00f5rvar\u00f5ngad ja ripats. S\u00fcdamet\u0161akra avamiseks ja armastuse kasvatamiseks."},{"@type":"BreadcrumbList","@id":"https:\/\/mandalailu.ee\/toode\/komplekt-5\/#breadcrumb","itemListElement":[{"@type":"ListItem","position":1,"name":"Home","item":"https:\/\/mandalailu.ee\/"},{"@type":"ListItem","position":2,"name":"AVENTURIINi k\u00f5rvar\u00f5ngad ja ripats"}]},{"@type":"WebSite","@id":"https:\/\/mandalailu.ee\/#website","url":"https:\/\/mandalailu.ee\/","name":"Mandala ilu","description":"Unikaalsed k&auml;sit&ouml;&ouml;na valminud ehted","publisher":{"@id":"https:\/\/mandalailu.ee\/#organization"},"potentialAction":[{"@type":"SearchAction","target":{"@type":"EntryPoint","urlTemplate":"https:\/\/mandalailu.ee\/?s={search_term_string}"},"query-input":{"@type":"PropertyValueSpecification","valueRequired":true,"valueName":"search_term_string"}}],"inLanguage":"en-US"},{"@type":"Organization","@id":"https:\/\/mandalailu.ee\/#organization","name":"Mandala ILU","url":"https:\/\/mandalailu.ee\/","logo":{"@type":"ImageObject","inLanguage":"en-US","@id":"https:\/\/mandalailu.ee\/#\/schema\/logo\/image\/","url":"https:\/\/mandalailu.ee\/wp-content\/uploads\/2022\/04\/cropped-Mandala-ILU-lill_block.jpg","contentUrl":"https:\/\/mandalailu.ee\/wp-content\/uploads\/2022\/04\/cropped-Mandala-ILU-lill_block.jpg","width":512,"height":512,"caption":"Mandala ILU"},"image":{"@id":"https:\/\/mandalailu.ee\/#\/schema\/logo\/image\/"},"sameAs":["https:\/\/www.facebook.com\/MandalaILU","https:\/\/www.instagram.com\/mandala.ilu.mala.ehted\/"]}]}},"_links":{"self":[{"href":"https:\/\/mandalailu.ee\/en\/wp-json\/wp\/v2\/product\/4311","targetHints":{"allow":["GET"]}}],"collection":[{"href":"https:\/\/mandalailu.ee\/en\/wp-json\/wp\/v2\/product"}],"about":[{"href":"https:\/\/mandalailu.ee\/en\/wp-json\/wp\/v2\/types\/product"}],"wp:featuredmedia":[{"embeddable":true,"href":"https:\/\/mandalailu.ee\/en\/wp-json\/wp\/v2\/media\/4310"}],"wp:attachment":[{"href":"https:\/\/mandalailu.ee\/en\/wp-json\/wp\/v2\/media?parent=4311"}],"wp:term":[{"taxonomy":"product_brand","embeddable":true,"href":"https:\/\/mandalailu.ee\/en\/wp-json\/wp\/v2\/product_brand?post=4311"},{"taxonomy":"product_cat","embeddable":true,"href":"https:\/\/mandalailu.ee\/en\/wp-json\/wp\/v2\/product_cat?post=4311"},{"taxonomy":"product_tag","embeddable":true,"href":"https:\/\/mandalailu.ee\/en\/wp-json\/wp\/v2\/product_tag?post=4311"}],"curies":[{"name":"wp","href":"https:\/\/api.w.org\/{rel}","templated":true}]}}