{"id":4314,"date":"2024-12-19T20:06:54","date_gmt":"2024-12-19T20:06:54","guid":{"rendered":"https:\/\/mandalailu.ee\/?post_type=product&#038;p=4314"},"modified":"2025-05-04T08:57:09","modified_gmt":"2025-05-04T08:57:09","slug":"turkiisi-korvarongad","status":"publish","type":"product","link":"https:\/\/mandalailu.ee\/en\/product\/turkiisi-korvarongad\/","title":{"rendered":"T\u00dcRKIISi k\u00f5rvar\u00f5ngad"},"content":{"rendered":"<h2 style=\"text-align: center;\"><strong>T\u00dcRKIISi k\u00f5rvar\u00f5ngad<\/strong><\/h2>\n<h3><strong>T\u00dcRKIIS<\/strong><\/h3>\n<p>T\u00dcRKIISiga sukeldud otse pehmesse taevasinisesse vette ja tema puhastavasse rahulikku energiasse. See kaunis sinakasroheline kristall kubiseb k\u00f5igist ookeani varjunditest, \u00fchendudes kurgut\u0161akraga, et saaksid r\u00e4\u00e4kida oma t\u00f5tt. Looduslike varjunditeg on see p\u00fcha kivi siin, et tuua t\u00e4iendavat vaimset puhastust. Sinine on v\u00e4rv, mis rahustab hinge, mis tuletab meelde veevoolu, maa puhastavat energiat ja energiatulva, mis v\u00f5ib tulla s\u00fcgavalt Sinu seest. T\u00fcrkiis on \u00fcks ajaloo vanimaid ravikive. See on kivi, mis toob \u00f5nne, ravib vanu haavu ja koob Sinu maailma rohkem elujaatavust. T\u00fcrkiis on pehme ja \u00f5rn t\u00f5eotsija. See kutsub Sind sukelduma pinna alla ja aru saama, mis Sinu jaoks t\u00f6\u00f6tab ja mis mitte.<\/p>\n<p><strong>GRANAAT<\/strong><\/p>\n<p>Tumepunaselt l\u00e4ikiv GRANAAT on \u00fcrgse tule, k\u00f5rge loovuse, vaimu ja armastuse kivi. Sulle, kes Sa tahad olla julge ja karastatud, on Granaat hiilguse kivi. See hinnaline kivi on tuntud kui loovuse ja armastuse kristall. Granaat taastab ja toetab Sinu enesekindlust, seksuaalset energiat ning lubab Sul olla siiras. P\u00fchendumise kristallina tuntud Granaat on imeline p\u00e4rl Sulle, kui otsid toetust suhetes. Granaat lahustab negatiivseid energiaid ning teeb koost\u00f6\u00f6d maandava juurt\u0161akraga, et hoida Sind turvaliselt ja kindlalt jalad maas. Nii on v\u00e4hem t\u00f5en\u00e4oline, et libised eneses kahtlemisse ja armukadedusse ning k\u00f5igesse, mis v\u00f5ib takistada Sul oma kallimaga s\u00fcgavamat sidet luua. Granaadist Mala ei ole ainult positiivse energiaga laetud kaunis ehe, see on kivi, mis s\u00fcmboliseerib elu ennast. Meditatiivse tulena p\u00f5leb ja v\u00e4releb Granaat \u00fchtlaselt ka k\u00f5ige k\u00fclmematel \u00f6\u00f6del ning k\u00f5ige \u00e4gedamate tuultega. Ta on kivi, mis kutsub Sind veidi s\u00fcgavamale sukelduma ja avastama armastuse v\u00e4ljendusi, mis on juba Sinu s\u00fcdamesse peidetud. Granaat on tulvil k\u00fclluslikku eluj\u00f5udu, nii et Sulle, kes Sa tunned end eksinud ja n\u00f5rgana, s\u00fctitab Granaadi Mala Sinu leegi uuesti.<\/p>\n<h3><strong>KURGUT\u0161AKRA<\/strong><\/h3>\n<p>Viies <a href=\"https:\/\/mandalailu.ee\/en\/blogi\/tsakrad\/\"><strong>t\u0161akra<\/strong><\/a> on kurgut\u0161akra \u2013 kust saavad kuuldavaks Sinu h\u00e4\u00e4l ja t\u00f5de. Siit leiad oma v\u00e4ljendusoskuse ja suhtlemise viisil, mis on koosk\u00f5las Sinu t\u00f5ega ning kus asub Sinu \u201etahte v\u00e4gi\u201c. Tema s\u00f5numiks on \u201eAllutan oma isiklik tahe Looja tahtele\u201c. Kurgut\u0161akra asub kaelal ja on seotud sinise v\u00e4rviga. Kurgut\u0161akra tegeleb artikulatsiooni ja kommunikatsiooniga ning aitab Sul k\u00f5va h\u00e4\u00e4lega v\u00e4lja \u00f6elda oma vajadused ning Sinule olulisi piirid. Avatud kurgut\u0161akra aitab Sul elada oma t\u00f5e valguses. See t\u0161akra on seotud ka f\u00fc\u00fcsiliste probleemidega, mis on seotud kurguga, samuti p\u00f5sekoopa- ja kilpn\u00e4\u00e4rmeprobleemidega. Kurgut\u0161akrale sobivad kristallid on \u00f5rna energiaga ning puhtuse ja voolavuse tunnetusega.<\/p>\n<p><b>Tasakaalustamata kurgut\u0161akra<\/b><\/p>\n<p><span style=\"font-weight: 400;\">Tasakaalustamata kurgut\u0161akra tunnusteks on suutmatus end v\u00e4ljendada, kurguvalu, suutmatus hoida\u00a0 piire, v\u00f5imetus kuulata, sageli tunne, et Sind on valesti m\u00f5istetud.<\/span><\/p>\n<p><b>Tasakaalustatud kurgut\u0161akra<\/b><\/p>\n<p><span style=\"font-weight: 400;\">Tasakaalustatud kurgut\u0161akra tunnusteks on oma t\u00f5e r\u00e4\u00e4kimine ilma hirmuta, otsustav tegutsemine, vaba suhtlus ja aktiivne kuulamisoskus.<\/span><\/p>\n<p style=\"text-align: right;\"><span style=\"font-weight: 400;\">Valiku kurgut\u0161akrat toetavaid ehteid leiad <\/span><a href=\"https:\/\/mandalailu.ee\/en\/product-tag\/kurgutsakra\/\"><b>SIIT<\/b><\/a><\/p>\n<p>Kui antud k\u00f5rvar\u00f5ngad Sind k\u00f5netavad, on nad m\u00f5eldud just Sulle. Tunne nad \u00e4ra. L\u00e4bi oma s\u00fcdame.<\/p>\n<p><strong>Ole hoitud<\/strong><\/p>\n<p>T\u00dcRKIISi k\u00f5rvar\u00f5ngad autor on Katrina Klaas<\/p>","protected":false},"excerpt":{"rendered":"<ul>\n<li>T\u00f5e kristall T\u00dcRKIIS<\/li>\n<li>Sisemise tule ja armastuse kristall GRANAAT<\/li>\n<li>H\u00f5bedane kinnitus<\/li>\n<li>K\u00f5rvar\u00f5ngad on unikaalsed k\u00e4sit\u00f6\u00f6na valminud ainueksemplarid<\/li>\n<li>Ehted j\u00f5uavad Sinuni imeilusas kinkekarbis<\/li>\n<li>Sobilik ka kinkimiseks<\/li>\n<li>Eesti sisene\u00a0<strong>transport<\/strong>\u00a0pakiautomaati on ALATI minu kulul<\/li>\n<li><strong>Vali kohe, maksa hiljem v\u00f5imalus<\/strong>. Rohkem infot leiad\u00a0<a href=\"https:\/\/mandalailu.ee\/en\/uld-ja-muugitingimused\/#jarelmaksu-voimalus\"><strong>SIIT<\/strong><\/a><\/li>\n<\/ul>\n<p>T\u00dcRKIISi k\u00f5rvar\u00f5ngad on s\u00fcndinud \u00f5rnusest, kergusest, lustist ja r\u00f5\u00f5must just Sulle \u00e4ratundmiseks. Valminud k\u00e4sit\u00f6\u00f6na ja on ainueksemplarid.<\/p>\n<p>Kui antud k\u00f5rvar\u00f5ngad Sind k\u00f5netavad, on nad m\u00f5eldud just Sulle. Tunne nad \u00e4ra. L\u00e4bi oma s\u00fcdame.<\/p>","protected":false},"featured_media":4266,"template":"","meta":{"_acf_changed":false},"product_brand":[],"product_cat":[17,88],"product_tag":[41],"class_list":{"0":"post-4314","1":"product","2":"type-product","3":"status-publish","4":"has-post-thumbnail","6":"product_cat-korvarongad","7":"product_cat-kristallidest-korvarongad","8":"product_tag-kurgutsakra","10":"first","11":"instock","12":"shipping-taxable","13":"purchasable","14":"product-type-simple"},"acf":[],"yoast_head":"<!-- This site is optimized with the Yoast SEO plugin v26.3 - https:\/\/yoast.com\/wordpress\/plugins\/seo\/ -->\n<title>T\u00dcRKIISi k\u00f5rvar\u00f5ngad - Mandala ilu<\/title>\n<meta name=\"description\" content=\"Loodud k\u00f5rvar\u00f5ngad on unikaalsed k\u00e4sit\u00f6\u00f6na valminud iludused, kus kasutatud vaid kvaliteetseid kristalle ja materjale. T\u00dcRKIISi k\u00f5rvar\u00f5ngad\" \/>\n<meta name=\"robots\" content=\"index, follow, max-snippet:-1, max-image-preview:large, max-video-preview:-1\" \/>\n<link rel=\"canonical\" href=\"https:\/\/mandalailu.ee\/en\/product\/turkiisi-korvarongad\/\" \/>\n<meta property=\"og:locale\" content=\"en_US\" \/>\n<meta property=\"og:type\" content=\"article\" \/>\n<meta property=\"og:title\" content=\"T\u00dcRKIISi k\u00f5rvar\u00f5ngad - Mandala ilu\" \/>\n<meta property=\"og:description\" content=\"Loodud k\u00f5rvar\u00f5ngad on unikaalsed k\u00e4sit\u00f6\u00f6na valminud iludused, kus kasutatud vaid kvaliteetseid kristalle ja materjale. T\u00dcRKIISi k\u00f5rvar\u00f5ngad\" \/>\n<meta property=\"og:url\" content=\"https:\/\/mandalailu.ee\/en\/product\/turkiisi-korvarongad\/\" \/>\n<meta property=\"og:site_name\" content=\"Mandala ilu\" \/>\n<meta property=\"article:publisher\" content=\"https:\/\/www.facebook.com\/MandalaILU\" \/>\n<meta property=\"article:modified_time\" content=\"2025-05-04T08:57:09+00:00\" \/>\n<meta property=\"og:image\" content=\"https:\/\/mandalailu.ee\/wp-content\/uploads\/2022\/05\/KK0019-Mandala-ILU-kristallidest-korvarongad-varv.-HAULIIT-GRANAAT-1.jpg\" \/>\n\t<meta property=\"og:image:width\" content=\"750\" \/>\n\t<meta property=\"og:image:height\" content=\"750\" \/>\n\t<meta property=\"og:image:type\" content=\"image\/jpeg\" \/>\n<meta name=\"twitter:card\" content=\"summary_large_image\" \/>\n<meta name=\"twitter:label1\" content=\"Est. reading time\" \/>\n\t<meta name=\"twitter:data1\" content=\"3 minutes\" \/>\n<script type=\"application\/ld+json\" class=\"yoast-schema-graph\">{\"@context\":\"https:\/\/schema.org\",\"@graph\":[{\"@type\":\"WebPage\",\"@id\":\"https:\/\/mandalailu.ee\/toode\/turkiisi-korvarongad\/\",\"url\":\"https:\/\/mandalailu.ee\/toode\/turkiisi-korvarongad\/\",\"name\":\"T\u00dcRKIISi k\u00f5rvar\u00f5ngad - Mandala ilu\",\"isPartOf\":{\"@id\":\"https:\/\/mandalailu.ee\/#website\"},\"primaryImageOfPage\":{\"@id\":\"https:\/\/mandalailu.ee\/toode\/turkiisi-korvarongad\/#primaryimage\"},\"image\":{\"@id\":\"https:\/\/mandalailu.ee\/toode\/turkiisi-korvarongad\/#primaryimage\"},\"thumbnailUrl\":\"https:\/\/mandalailu.ee\/wp-content\/uploads\/2022\/05\/KK0019-Mandala-ILU-kristallidest-korvarongad-varv.-HAULIIT-GRANAAT-1.jpg\",\"datePublished\":\"2024-12-19T20:06:54+00:00\",\"dateModified\":\"2025-05-04T08:57:09+00:00\",\"description\":\"Loodud k\u00f5rvar\u00f5ngad on unikaalsed k\u00e4sit\u00f6\u00f6na valminud iludused, kus kasutatud vaid kvaliteetseid kristalle ja materjale. T\u00dcRKIISi k\u00f5rvar\u00f5ngad\",\"breadcrumb\":{\"@id\":\"https:\/\/mandalailu.ee\/toode\/turkiisi-korvarongad\/#breadcrumb\"},\"inLanguage\":\"en-US\",\"potentialAction\":[{\"@type\":\"ReadAction\",\"target\":[\"https:\/\/mandalailu.ee\/toode\/turkiisi-korvarongad\/\"]}]},{\"@type\":\"ImageObject\",\"inLanguage\":\"en-US\",\"@id\":\"https:\/\/mandalailu.ee\/toode\/turkiisi-korvarongad\/#primaryimage\",\"url\":\"https:\/\/mandalailu.ee\/wp-content\/uploads\/2022\/05\/KK0019-Mandala-ILU-kristallidest-korvarongad-varv.-HAULIIT-GRANAAT-1.jpg\",\"contentUrl\":\"https:\/\/mandalailu.ee\/wp-content\/uploads\/2022\/05\/KK0019-Mandala-ILU-kristallidest-korvarongad-varv.-HAULIIT-GRANAAT-1.jpg\",\"width\":750,\"height\":750,\"caption\":\"Mandala ILU kristallidest k\u00f5rvar\u00f5ngad \/ T\u00dcRKIISi k\u00f5rvar\u00f5ngad \/ T\u00fcrkiis, Granaat ja h\u00f5be AAT 1\"},{\"@type\":\"BreadcrumbList\",\"@id\":\"https:\/\/mandalailu.ee\/toode\/turkiisi-korvarongad\/#breadcrumb\",\"itemListElement\":[{\"@type\":\"ListItem\",\"position\":1,\"name\":\"Home\",\"item\":\"https:\/\/mandalailu.ee\/\"},{\"@type\":\"ListItem\",\"position\":2,\"name\":\"T\u00dcRKIISi k\u00f5rvar\u00f5ngad\"}]},{\"@type\":\"WebSite\",\"@id\":\"https:\/\/mandalailu.ee\/#website\",\"url\":\"https:\/\/mandalailu.ee\/\",\"name\":\"Mandala ilu\",\"description\":\"Unikaalsed k&auml;sit&ouml;&ouml;na valminud ehted\",\"publisher\":{\"@id\":\"https:\/\/mandalailu.ee\/#organization\"},\"potentialAction\":[{\"@type\":\"SearchAction\",\"target\":{\"@type\":\"EntryPoint\",\"urlTemplate\":\"https:\/\/mandalailu.ee\/?s={search_term_string}\"},\"query-input\":{\"@type\":\"PropertyValueSpecification\",\"valueRequired\":true,\"valueName\":\"search_term_string\"}}],\"inLanguage\":\"en-US\"},{\"@type\":\"Organization\",\"@id\":\"https:\/\/mandalailu.ee\/#organization\",\"name\":\"Mandala ILU\",\"url\":\"https:\/\/mandalailu.ee\/\",\"logo\":{\"@type\":\"ImageObject\",\"inLanguage\":\"en-US\",\"@id\":\"https:\/\/mandalailu.ee\/#\/schema\/logo\/image\/\",\"url\":\"https:\/\/mandalailu.ee\/wp-content\/uploads\/2022\/04\/cropped-Mandala-ILU-lill_block.jpg\",\"contentUrl\":\"https:\/\/mandalailu.ee\/wp-content\/uploads\/2022\/04\/cropped-Mandala-ILU-lill_block.jpg\",\"width\":512,\"height\":512,\"caption\":\"Mandala ILU\"},\"image\":{\"@id\":\"https:\/\/mandalailu.ee\/#\/schema\/logo\/image\/\"},\"sameAs\":[\"https:\/\/www.facebook.com\/MandalaILU\",\"https:\/\/www.instagram.com\/mandala.ilu.mala.ehted\/\"]}]}<\/script>\n<!-- \/ Yoast SEO plugin. -->","yoast_head_json":{"title":"T\u00dcRKIISi k\u00f5rvar\u00f5ngad - Mandala ilu","description":"Loodud k\u00f5rvar\u00f5ngad on unikaalsed k\u00e4sit\u00f6\u00f6na valminud iludused, kus kasutatud vaid kvaliteetseid kristalle ja materjale. T\u00dcRKIISi k\u00f5rvar\u00f5ngad","robots":{"index":"index","follow":"follow","max-snippet":"max-snippet:-1","max-image-preview":"max-image-preview:large","max-video-preview":"max-video-preview:-1"},"canonical":"https:\/\/mandalailu.ee\/en\/product\/turkiisi-korvarongad\/","og_locale":"en_US","og_type":"article","og_title":"T\u00dcRKIISi k\u00f5rvar\u00f5ngad - Mandala ilu","og_description":"Loodud k\u00f5rvar\u00f5ngad on unikaalsed k\u00e4sit\u00f6\u00f6na valminud iludused, kus kasutatud vaid kvaliteetseid kristalle ja materjale. T\u00dcRKIISi k\u00f5rvar\u00f5ngad","og_url":"https:\/\/mandalailu.ee\/en\/product\/turkiisi-korvarongad\/","og_site_name":"Mandala ilu","article_publisher":"https:\/\/www.facebook.com\/MandalaILU","article_modified_time":"2025-05-04T08:57:09+00:00","og_image":[{"width":750,"height":750,"url":"https:\/\/mandalailu.ee\/wp-content\/uploads\/2022\/05\/KK0019-Mandala-ILU-kristallidest-korvarongad-varv.-HAULIIT-GRANAAT-1.jpg","type":"image\/jpeg"}],"twitter_card":"summary_large_image","twitter_misc":{"Est. reading time":"3 minutes"},"schema":{"@context":"https:\/\/schema.org","@graph":[{"@type":"WebPage","@id":"https:\/\/mandalailu.ee\/toode\/turkiisi-korvarongad\/","url":"https:\/\/mandalailu.ee\/toode\/turkiisi-korvarongad\/","name":"T\u00dcRKIISi k\u00f5rvar\u00f5ngad - Mandala ilu","isPartOf":{"@id":"https:\/\/mandalailu.ee\/#website"},"primaryImageOfPage":{"@id":"https:\/\/mandalailu.ee\/toode\/turkiisi-korvarongad\/#primaryimage"},"image":{"@id":"https:\/\/mandalailu.ee\/toode\/turkiisi-korvarongad\/#primaryimage"},"thumbnailUrl":"https:\/\/mandalailu.ee\/wp-content\/uploads\/2022\/05\/KK0019-Mandala-ILU-kristallidest-korvarongad-varv.-HAULIIT-GRANAAT-1.jpg","datePublished":"2024-12-19T20:06:54+00:00","dateModified":"2025-05-04T08:57:09+00:00","description":"Loodud k\u00f5rvar\u00f5ngad on unikaalsed k\u00e4sit\u00f6\u00f6na valminud iludused, kus kasutatud vaid kvaliteetseid kristalle ja materjale. T\u00dcRKIISi k\u00f5rvar\u00f5ngad","breadcrumb":{"@id":"https:\/\/mandalailu.ee\/toode\/turkiisi-korvarongad\/#breadcrumb"},"inLanguage":"en-US","potentialAction":[{"@type":"ReadAction","target":["https:\/\/mandalailu.ee\/toode\/turkiisi-korvarongad\/"]}]},{"@type":"ImageObject","inLanguage":"en-US","@id":"https:\/\/mandalailu.ee\/toode\/turkiisi-korvarongad\/#primaryimage","url":"https:\/\/mandalailu.ee\/wp-content\/uploads\/2022\/05\/KK0019-Mandala-ILU-kristallidest-korvarongad-varv.-HAULIIT-GRANAAT-1.jpg","contentUrl":"https:\/\/mandalailu.ee\/wp-content\/uploads\/2022\/05\/KK0019-Mandala-ILU-kristallidest-korvarongad-varv.-HAULIIT-GRANAAT-1.jpg","width":750,"height":750,"caption":"Mandala ILU kristallidest k\u00f5rvar\u00f5ngad \/ T\u00dcRKIISi k\u00f5rvar\u00f5ngad \/ T\u00fcrkiis, Granaat ja h\u00f5be AAT 1"},{"@type":"BreadcrumbList","@id":"https:\/\/mandalailu.ee\/toode\/turkiisi-korvarongad\/#breadcrumb","itemListElement":[{"@type":"ListItem","position":1,"name":"Home","item":"https:\/\/mandalailu.ee\/"},{"@type":"ListItem","position":2,"name":"T\u00dcRKIISi k\u00f5rvar\u00f5ngad"}]},{"@type":"WebSite","@id":"https:\/\/mandalailu.ee\/#website","url":"https:\/\/mandalailu.ee\/","name":"Mandala ilu","description":"Unikaalsed k&auml;sit&ouml;&ouml;na valminud ehted","publisher":{"@id":"https:\/\/mandalailu.ee\/#organization"},"potentialAction":[{"@type":"SearchAction","target":{"@type":"EntryPoint","urlTemplate":"https:\/\/mandalailu.ee\/?s={search_term_string}"},"query-input":{"@type":"PropertyValueSpecification","valueRequired":true,"valueName":"search_term_string"}}],"inLanguage":"en-US"},{"@type":"Organization","@id":"https:\/\/mandalailu.ee\/#organization","name":"Mandala ILU","url":"https:\/\/mandalailu.ee\/","logo":{"@type":"ImageObject","inLanguage":"en-US","@id":"https:\/\/mandalailu.ee\/#\/schema\/logo\/image\/","url":"https:\/\/mandalailu.ee\/wp-content\/uploads\/2022\/04\/cropped-Mandala-ILU-lill_block.jpg","contentUrl":"https:\/\/mandalailu.ee\/wp-content\/uploads\/2022\/04\/cropped-Mandala-ILU-lill_block.jpg","width":512,"height":512,"caption":"Mandala ILU"},"image":{"@id":"https:\/\/mandalailu.ee\/#\/schema\/logo\/image\/"},"sameAs":["https:\/\/www.facebook.com\/MandalaILU","https:\/\/www.instagram.com\/mandala.ilu.mala.ehted\/"]}]}},"_links":{"self":[{"href":"https:\/\/mandalailu.ee\/en\/wp-json\/wp\/v2\/product\/4314","targetHints":{"allow":["GET"]}}],"collection":[{"href":"https:\/\/mandalailu.ee\/en\/wp-json\/wp\/v2\/product"}],"about":[{"href":"https:\/\/mandalailu.ee\/en\/wp-json\/wp\/v2\/types\/product"}],"wp:featuredmedia":[{"embeddable":true,"href":"https:\/\/mandalailu.ee\/en\/wp-json\/wp\/v2\/media\/4266"}],"wp:attachment":[{"href":"https:\/\/mandalailu.ee\/en\/wp-json\/wp\/v2\/media?parent=4314"}],"wp:term":[{"taxonomy":"product_brand","embeddable":true,"href":"https:\/\/mandalailu.ee\/en\/wp-json\/wp\/v2\/product_brand?post=4314"},{"taxonomy":"product_cat","embeddable":true,"href":"https:\/\/mandalailu.ee\/en\/wp-json\/wp\/v2\/product_cat?post=4314"},{"taxonomy":"product_tag","embeddable":true,"href":"https:\/\/mandalailu.ee\/en\/wp-json\/wp\/v2\/product_tag?post=4314"}],"curies":[{"name":"wp","href":"https:\/\/api.w.org\/{rel}","templated":true}]}}