{"id":4323,"date":"2024-12-19T20:59:39","date_gmt":"2024-12-19T20:59:39","guid":{"rendered":"https:\/\/mandalailu.ee\/?post_type=product&#038;p=4323"},"modified":"2025-09-12T14:49:47","modified_gmt":"2025-09-12T14:49:47","slug":"komplekt-4","status":"publish","type":"product","link":"https:\/\/mandalailu.ee\/en\/product\/komplekt-4\/","title":{"rendered":"KORALL k\u00f5rvar\u00f5ngad ja ripats"},"content":{"rendered":"<h2 style=\"text-align: center;\">KORALLi k\u00f5rvar\u00f5ngad ja ripats. Eluj\u00f5u ja kire kandmiseks<\/h2>\n<h3>Miks valida Korall?<\/h3>\n<p>Korall on tuntud kui eluj\u00f5u ja kire kristall, mis aitab tugevdada Sinu sisemist tasakaalu ja kaitsta energiav\u00e4lja. Ta:<\/p>\n<ul>\n<li>suurendab enesekindlust ja sisemist j\u00f5udu,<\/li>\n<li>toob ellu elur\u00f5\u00f5mu ja s\u00e4ra,<\/li>\n<li>toetab emotsionaalset tasakaalu ja rahustab,<\/li>\n<li>kaitseb negatiivsete m\u00f5jude eest,<\/li>\n<li>soodustab elu voolamist ja uute alguste j\u00f5udu.<\/li>\n<\/ul>\n<p><a href=\"https:\/\/mandalailu.ee\/en\/blogi\/sudametsakra\/\"><strong>S\u00fcdamet\u0161akra<\/strong><\/a> ja eluj\u00f5ud<br \/>\nKorall on tihedalt seotud <a href=\"https:\/\/mandalailu.ee\/en\/blogi\/sudametsakra\/\"><strong>S\u00fcdamet\u0161akra<\/strong><\/a> ja <a href=\"https:\/\/mandalailu.ee\/en\/blogi\/juurtsakra\/\"><strong>juurt\u0161akraga<\/strong><\/a>. Ta toob Sinu s\u00fcdamesse soojust ja armastust ning maandab Sind tugevamalt elu voolu ja kohalolu juurde. Kui Sinu <a href=\"https:\/\/mandalailu.ee\/en\/blogi\/sudametsakra\/\"><strong>S\u00fcdamet\u0161akra<\/strong><\/a> on avatud, tunned end armastatuna ja hoituna; kui <a href=\"https:\/\/mandalailu.ee\/en\/blogi\/juurtsakra\/\"><strong>Juurt\u0161akra<\/strong><\/a> on tasakaalus, oled stabiilne, julge ja t\u00e4is eluj\u00f5udu. Nii aitab Korall Sul olla \u00fchenduses nii s\u00fcdame kerguse kui ka maa v\u00e4ega.<\/p>\n<p style=\"text-align: right;\">Valiku <a href=\"https:\/\/mandalailu.ee\/en\/blogi\/sudametsakra\/\"><strong>s\u00fcdamet\u0161akra<\/strong><\/a> toetavaid ehteid leiad<a href=\"https:\/\/mandalailu.ee\/en\/product-tag\/sakraaltsakra\/\"><strong> SIIT<\/strong><\/a><\/p>\n<p>Kui antud k\u00f5rvar\u00f5ngad Sind k\u00f5netavad, on nad m\u00f5eldud just Sulle. Tunne nad \u00e4ra. L\u00e4bi oma s\u00fcdame.<\/p>\n<p><strong>Ole hoitud<\/strong><\/p>\n<p>KORALLi k\u00f5rvar\u00f5ngad ja ripatsi autor on Katrina Klaas<\/p>","protected":false},"excerpt":{"rendered":"<p>Need unikaalsed Korallist k\u00f5rvar\u00f5ngad ja ripats on k\u00e4sit\u00f6\u00f6na valminud ainueksemplarid, mis toovad kandjale soojust, v\u00e4ge ja sisemist julgust. Kui tunned oma ehte \u00e4ra, siis tea, et just Sinu jaoks need ongi loodud.<\/p>\n<ul>\n<li>KORALLIST k\u00f5rvar\u00f5ngad ja ripats on unikaalsed k\u00e4sit\u00f6\u00f6na loodud ehted<\/li>\n<li>H\u00f5be kinnitused<\/li>\n<li>Kaunis kinkekarp muudab need ideaalseks kingituseks kallimale v\u00f5i endale<\/li>\n<li>Eesti-sisene transport pakiautomaati on alati minu kulul<\/li>\n<li>Vali kohe, maksa hiljem. Nii on lihtne end r\u00f5\u00f5mustada.\u00a0Rohkem infot leiad\u00a0<a href=\"https:\/\/mandalailu.ee\/en\/uld-ja-muugitingimused\/#jarelmaksu-voimalus\"><strong>SIIT<\/strong><\/a><\/li>\n<\/ul>\n<p>Kui need Korallist k\u00f5rvar\u00f5ngad ja ripats Sind k\u00f5netavad, siis tea, et nii ongi. Nad on m\u00f5eldud just Sulle. Tunne nad \u00e4ra. L\u00e4bi oma s\u00fcdame.<\/p>","protected":false},"featured_media":4963,"template":"","meta":{"_acf_changed":false},"product_brand":[],"product_cat":[17,88,87],"product_tag":[37,40],"class_list":{"0":"post-4323","1":"product","2":"type-product","3":"status-publish","4":"has-post-thumbnail","6":"product_cat-korvarongad","7":"product_cat-kristallidest-korvarongad","8":"product_cat-komplektid","9":"product_tag-juurtsakra","10":"product_tag-sudametsakra","12":"first","13":"instock","14":"shipping-taxable","15":"purchasable","16":"product-type-simple"},"acf":[],"yoast_head":"<!-- This site is optimized with the Yoast SEO plugin v26.3 - https:\/\/yoast.com\/wordpress\/plugins\/seo\/ -->\n<title>KORALL k\u00f5rvar\u00f5ngad ja ripats - Mandala ilu<\/title>\n<meta name=\"description\" content=\"Loodud ehted on unikaalsed k\u00e4sit\u00f6\u00f6na valminud iludused, kus kasutatud vaid kvaliteetseid kristalle ja materjale. KORALL k\u00f5rvar\u00f5ngad ja ripats\" \/>\n<meta name=\"robots\" content=\"index, follow, max-snippet:-1, max-image-preview:large, max-video-preview:-1\" \/>\n<link rel=\"canonical\" href=\"https:\/\/mandalailu.ee\/en\/product\/komplekt-4\/\" \/>\n<meta property=\"og:locale\" content=\"en_US\" \/>\n<meta property=\"og:type\" content=\"article\" \/>\n<meta property=\"og:title\" content=\"KORALL k\u00f5rvar\u00f5ngad ja ripats - Mandala ilu\" \/>\n<meta property=\"og:description\" content=\"Loodud ehted on unikaalsed k\u00e4sit\u00f6\u00f6na valminud iludused, kus kasutatud vaid kvaliteetseid kristalle ja materjale. KORALL k\u00f5rvar\u00f5ngad ja ripats\" \/>\n<meta property=\"og:url\" content=\"https:\/\/mandalailu.ee\/en\/product\/komplekt-4\/\" \/>\n<meta property=\"og:site_name\" content=\"Mandala ilu\" \/>\n<meta property=\"article:publisher\" content=\"https:\/\/www.facebook.com\/MandalaILU\" \/>\n<meta property=\"article:modified_time\" content=\"2025-09-12T14:49:47+00:00\" \/>\n<meta property=\"og:image\" content=\"https:\/\/mandalailu.ee\/wp-content\/uploads\/2025\/09\/KK0032-Mandala-ILU-kristallidest-korvarongad-Korall-1.jpg\" \/>\n\t<meta property=\"og:image:width\" content=\"750\" \/>\n\t<meta property=\"og:image:height\" content=\"750\" \/>\n\t<meta property=\"og:image:type\" content=\"image\/jpeg\" \/>\n<meta name=\"twitter:card\" content=\"summary_large_image\" \/>\n<meta name=\"twitter:label1\" content=\"Est. reading time\" \/>\n\t<meta name=\"twitter:data1\" content=\"1 minute\" \/>\n<script type=\"application\/ld+json\" class=\"yoast-schema-graph\">{\"@context\":\"https:\/\/schema.org\",\"@graph\":[{\"@type\":\"WebPage\",\"@id\":\"https:\/\/mandalailu.ee\/toode\/komplekt-4\/\",\"url\":\"https:\/\/mandalailu.ee\/toode\/komplekt-4\/\",\"name\":\"KORALL k\u00f5rvar\u00f5ngad ja ripats - Mandala ilu\",\"isPartOf\":{\"@id\":\"https:\/\/mandalailu.ee\/#website\"},\"primaryImageOfPage\":{\"@id\":\"https:\/\/mandalailu.ee\/toode\/komplekt-4\/#primaryimage\"},\"image\":{\"@id\":\"https:\/\/mandalailu.ee\/toode\/komplekt-4\/#primaryimage\"},\"thumbnailUrl\":\"https:\/\/mandalailu.ee\/wp-content\/uploads\/2025\/09\/KK0032-Mandala-ILU-kristallidest-korvarongad-Korall-1.jpg\",\"datePublished\":\"2024-12-19T20:59:39+00:00\",\"dateModified\":\"2025-09-12T14:49:47+00:00\",\"description\":\"Loodud ehted on unikaalsed k\u00e4sit\u00f6\u00f6na valminud iludused, kus kasutatud vaid kvaliteetseid kristalle ja materjale. KORALL k\u00f5rvar\u00f5ngad ja ripats\",\"breadcrumb\":{\"@id\":\"https:\/\/mandalailu.ee\/toode\/komplekt-4\/#breadcrumb\"},\"inLanguage\":\"en-US\",\"potentialAction\":[{\"@type\":\"ReadAction\",\"target\":[\"https:\/\/mandalailu.ee\/toode\/komplekt-4\/\"]}]},{\"@type\":\"ImageObject\",\"inLanguage\":\"en-US\",\"@id\":\"https:\/\/mandalailu.ee\/toode\/komplekt-4\/#primaryimage\",\"url\":\"https:\/\/mandalailu.ee\/wp-content\/uploads\/2025\/09\/KK0032-Mandala-ILU-kristallidest-korvarongad-Korall-1.jpg\",\"contentUrl\":\"https:\/\/mandalailu.ee\/wp-content\/uploads\/2025\/09\/KK0032-Mandala-ILU-kristallidest-korvarongad-Korall-1.jpg\",\"width\":750,\"height\":750,\"caption\":\"Unikaalsed Mandala ILU Korallist k\u00f5rvar\u00f5ngad ja ripats. Armastuse, elur\u00f5\u00f5mu ja kaitsega ehe.\"},{\"@type\":\"BreadcrumbList\",\"@id\":\"https:\/\/mandalailu.ee\/toode\/komplekt-4\/#breadcrumb\",\"itemListElement\":[{\"@type\":\"ListItem\",\"position\":1,\"name\":\"Home\",\"item\":\"https:\/\/mandalailu.ee\/\"},{\"@type\":\"ListItem\",\"position\":2,\"name\":\"KORALL k\u00f5rvar\u00f5ngad ja ripats\"}]},{\"@type\":\"WebSite\",\"@id\":\"https:\/\/mandalailu.ee\/#website\",\"url\":\"https:\/\/mandalailu.ee\/\",\"name\":\"Mandala ilu\",\"description\":\"Unikaalsed k&auml;sit&ouml;&ouml;na valminud ehted\",\"publisher\":{\"@id\":\"https:\/\/mandalailu.ee\/#organization\"},\"potentialAction\":[{\"@type\":\"SearchAction\",\"target\":{\"@type\":\"EntryPoint\",\"urlTemplate\":\"https:\/\/mandalailu.ee\/?s={search_term_string}\"},\"query-input\":{\"@type\":\"PropertyValueSpecification\",\"valueRequired\":true,\"valueName\":\"search_term_string\"}}],\"inLanguage\":\"en-US\"},{\"@type\":\"Organization\",\"@id\":\"https:\/\/mandalailu.ee\/#organization\",\"name\":\"Mandala ILU\",\"url\":\"https:\/\/mandalailu.ee\/\",\"logo\":{\"@type\":\"ImageObject\",\"inLanguage\":\"en-US\",\"@id\":\"https:\/\/mandalailu.ee\/#\/schema\/logo\/image\/\",\"url\":\"https:\/\/mandalailu.ee\/wp-content\/uploads\/2022\/04\/cropped-Mandala-ILU-lill_block.jpg\",\"contentUrl\":\"https:\/\/mandalailu.ee\/wp-content\/uploads\/2022\/04\/cropped-Mandala-ILU-lill_block.jpg\",\"width\":512,\"height\":512,\"caption\":\"Mandala ILU\"},\"image\":{\"@id\":\"https:\/\/mandalailu.ee\/#\/schema\/logo\/image\/\"},\"sameAs\":[\"https:\/\/www.facebook.com\/MandalaILU\",\"https:\/\/www.instagram.com\/mandala.ilu.mala.ehted\/\"]}]}<\/script>\n<!-- \/ Yoast SEO plugin. -->","yoast_head_json":{"title":"KORALL k\u00f5rvar\u00f5ngad ja ripats - Mandala ilu","description":"Loodud ehted on unikaalsed k\u00e4sit\u00f6\u00f6na valminud iludused, kus kasutatud vaid kvaliteetseid kristalle ja materjale. KORALL k\u00f5rvar\u00f5ngad ja ripats","robots":{"index":"index","follow":"follow","max-snippet":"max-snippet:-1","max-image-preview":"max-image-preview:large","max-video-preview":"max-video-preview:-1"},"canonical":"https:\/\/mandalailu.ee\/en\/product\/komplekt-4\/","og_locale":"en_US","og_type":"article","og_title":"KORALL k\u00f5rvar\u00f5ngad ja ripats - Mandala ilu","og_description":"Loodud ehted on unikaalsed k\u00e4sit\u00f6\u00f6na valminud iludused, kus kasutatud vaid kvaliteetseid kristalle ja materjale. KORALL k\u00f5rvar\u00f5ngad ja ripats","og_url":"https:\/\/mandalailu.ee\/en\/product\/komplekt-4\/","og_site_name":"Mandala ilu","article_publisher":"https:\/\/www.facebook.com\/MandalaILU","article_modified_time":"2025-09-12T14:49:47+00:00","og_image":[{"width":750,"height":750,"url":"https:\/\/mandalailu.ee\/wp-content\/uploads\/2025\/09\/KK0032-Mandala-ILU-kristallidest-korvarongad-Korall-1.jpg","type":"image\/jpeg"}],"twitter_card":"summary_large_image","twitter_misc":{"Est. reading time":"1 minute"},"schema":{"@context":"https:\/\/schema.org","@graph":[{"@type":"WebPage","@id":"https:\/\/mandalailu.ee\/toode\/komplekt-4\/","url":"https:\/\/mandalailu.ee\/toode\/komplekt-4\/","name":"KORALL k\u00f5rvar\u00f5ngad ja ripats - Mandala ilu","isPartOf":{"@id":"https:\/\/mandalailu.ee\/#website"},"primaryImageOfPage":{"@id":"https:\/\/mandalailu.ee\/toode\/komplekt-4\/#primaryimage"},"image":{"@id":"https:\/\/mandalailu.ee\/toode\/komplekt-4\/#primaryimage"},"thumbnailUrl":"https:\/\/mandalailu.ee\/wp-content\/uploads\/2025\/09\/KK0032-Mandala-ILU-kristallidest-korvarongad-Korall-1.jpg","datePublished":"2024-12-19T20:59:39+00:00","dateModified":"2025-09-12T14:49:47+00:00","description":"Loodud ehted on unikaalsed k\u00e4sit\u00f6\u00f6na valminud iludused, kus kasutatud vaid kvaliteetseid kristalle ja materjale. KORALL k\u00f5rvar\u00f5ngad ja ripats","breadcrumb":{"@id":"https:\/\/mandalailu.ee\/toode\/komplekt-4\/#breadcrumb"},"inLanguage":"en-US","potentialAction":[{"@type":"ReadAction","target":["https:\/\/mandalailu.ee\/toode\/komplekt-4\/"]}]},{"@type":"ImageObject","inLanguage":"en-US","@id":"https:\/\/mandalailu.ee\/toode\/komplekt-4\/#primaryimage","url":"https:\/\/mandalailu.ee\/wp-content\/uploads\/2025\/09\/KK0032-Mandala-ILU-kristallidest-korvarongad-Korall-1.jpg","contentUrl":"https:\/\/mandalailu.ee\/wp-content\/uploads\/2025\/09\/KK0032-Mandala-ILU-kristallidest-korvarongad-Korall-1.jpg","width":750,"height":750,"caption":"Unikaalsed Mandala ILU Korallist k\u00f5rvar\u00f5ngad ja ripats. Armastuse, elur\u00f5\u00f5mu ja kaitsega ehe."},{"@type":"BreadcrumbList","@id":"https:\/\/mandalailu.ee\/toode\/komplekt-4\/#breadcrumb","itemListElement":[{"@type":"ListItem","position":1,"name":"Home","item":"https:\/\/mandalailu.ee\/"},{"@type":"ListItem","position":2,"name":"KORALL k\u00f5rvar\u00f5ngad ja ripats"}]},{"@type":"WebSite","@id":"https:\/\/mandalailu.ee\/#website","url":"https:\/\/mandalailu.ee\/","name":"Mandala ilu","description":"Unikaalsed k&auml;sit&ouml;&ouml;na valminud ehted","publisher":{"@id":"https:\/\/mandalailu.ee\/#organization"},"potentialAction":[{"@type":"SearchAction","target":{"@type":"EntryPoint","urlTemplate":"https:\/\/mandalailu.ee\/?s={search_term_string}"},"query-input":{"@type":"PropertyValueSpecification","valueRequired":true,"valueName":"search_term_string"}}],"inLanguage":"en-US"},{"@type":"Organization","@id":"https:\/\/mandalailu.ee\/#organization","name":"Mandala ILU","url":"https:\/\/mandalailu.ee\/","logo":{"@type":"ImageObject","inLanguage":"en-US","@id":"https:\/\/mandalailu.ee\/#\/schema\/logo\/image\/","url":"https:\/\/mandalailu.ee\/wp-content\/uploads\/2022\/04\/cropped-Mandala-ILU-lill_block.jpg","contentUrl":"https:\/\/mandalailu.ee\/wp-content\/uploads\/2022\/04\/cropped-Mandala-ILU-lill_block.jpg","width":512,"height":512,"caption":"Mandala ILU"},"image":{"@id":"https:\/\/mandalailu.ee\/#\/schema\/logo\/image\/"},"sameAs":["https:\/\/www.facebook.com\/MandalaILU","https:\/\/www.instagram.com\/mandala.ilu.mala.ehted\/"]}]}},"_links":{"self":[{"href":"https:\/\/mandalailu.ee\/en\/wp-json\/wp\/v2\/product\/4323","targetHints":{"allow":["GET"]}}],"collection":[{"href":"https:\/\/mandalailu.ee\/en\/wp-json\/wp\/v2\/product"}],"about":[{"href":"https:\/\/mandalailu.ee\/en\/wp-json\/wp\/v2\/types\/product"}],"wp:featuredmedia":[{"embeddable":true,"href":"https:\/\/mandalailu.ee\/en\/wp-json\/wp\/v2\/media\/4963"}],"wp:attachment":[{"href":"https:\/\/mandalailu.ee\/en\/wp-json\/wp\/v2\/media?parent=4323"}],"wp:term":[{"taxonomy":"product_brand","embeddable":true,"href":"https:\/\/mandalailu.ee\/en\/wp-json\/wp\/v2\/product_brand?post=4323"},{"taxonomy":"product_cat","embeddable":true,"href":"https:\/\/mandalailu.ee\/en\/wp-json\/wp\/v2\/product_cat?post=4323"},{"taxonomy":"product_tag","embeddable":true,"href":"https:\/\/mandalailu.ee\/en\/wp-json\/wp\/v2\/product_tag?post=4323"}],"curies":[{"name":"wp","href":"https:\/\/api.w.org\/{rel}","templated":true}]}}