{"id":4554,"date":"2025-03-04T09:21:47","date_gmt":"2025-03-04T09:21:47","guid":{"rendered":"https:\/\/mandalailu.ee\/?post_type=product&#038;p=4554"},"modified":"2025-06-11T12:49:36","modified_gmt":"2025-06-11T12:49:36","slug":"roosa-kvarts-korvarongad-4","status":"publish","type":"product","link":"https:\/\/mandalailu.ee\/en\/product\/roosa-kvarts-korvarongad-4\/","title":{"rendered":"ROOSA KVARTS k\u00f5rvar\u00f5ngad"},"content":{"rendered":"<h2 style=\"text-align: center;\">ROOSA KVARTS k\u00f5rvar\u00f5ngad<\/h2>\n<h3><strong>ROOSA KVARTS<\/strong><\/h3>\n<p>ROOSA KVARTSi suurimad m\u00e4rks\u00f5nad on armastus ja kaastunne. Roosa kvartsi imeilus \u00f5hetav toon n\u00e4ib haaravat k\u00f5igi s\u00fcdamed. Midagi on selles pehmes ja naiselikus kristallis, millest \u00f5hkub puhast armastust. Pole \u00fcllatav, et Roosa Kvartsi t\u00e4hendus on universaalne armastus. Ta on tervendavate omadustega kristall, mis on harmooniast l\u00e4bi imbunud ja nii \u00f5rn, et tahad seda alati enda l\u00e4hedal hoida. Vaimsel numbril seitse vibreeriv Roosa Kvarts h\u00f5ivab ruumi, mis j\u00e4\u00e4b puhtaks m\u00fcsteeriumiks, olles samas nii lohutav kui ka maandav j\u00f5ud Sinu elus. Roosa Kvarts r\u00e4\u00e4gib pehmelt igasugusest armastusest \u2013 alates tervendavast suhtlemisest perega kuni s\u00fcgavama sideni abikaasade ja ka s\u00f5pradega vahel ning ka enese eest hoolitsemise magusamate nootide toomiseni Sinu maailma. Roosa kvartsi soov on viia Sinu \u00f5rn s\u00fcda pehmelt, kuid energiliselt vastavusse t\u00f5elise ja armastava kaastundega. Roosa Kvarts on tuntud ka kui S\u00fcdamekivi, mis on seotud s\u00fcdamet\u0161akraga ja seda kristalli kasutatakse sageli paranemiseks s\u00fcgavatest emotsionaalsetest haavadest tekkinud valust v\u00f5i traumast. Roosa Kvartsi on lemmikuks neile, kes ihkavad oma ellu rohkem armastust.<\/p>\n<h3><strong><a href=\"https:\/\/mandalailu.ee\/en\/blogi\/sudametsakra\/\">S\u00dcDAMET\u0161AKRA<\/a><\/strong><\/h3>\n<p>T\u00e4pselt nagu nimigi \u00fctleb, on<a href=\"https:\/\/mandalailu.ee\/en\/blogi\/sudametsakra\/\"><strong> s\u00fcdamet\u0161akra<\/strong><\/a> Sinu armastuse ja kaastunde keskus, kus asub Sinu \u201etunnete v\u00e4gi\u201c. <strong><a href=\"https:\/\/mandalailu.ee\/en\/blogi\/sudametsakra\/\">S\u00fcdamet\u0161akra<\/a><\/strong> ei tegele ainult Sinu suhetes teistega, vaid aitab Sul kujundada ja vastu v\u00f5tta ka ennast just nii nagu Sa oled. Tema s\u00f5numiks on \u201e Armastus on Jumalik j\u00f5ud\u201c. <strong><a href=\"https:\/\/mandalailu.ee\/en\/blogi\/sudametsakra\/\">S\u00fcdamet\u0161akra<\/a><\/strong> v\u00f5ib leida rindkere keskelt \u2013 keha s\u00fcdameruumist. Seda seostatakse rohelise ja roosa v\u00e4rviga. <a href=\"https:\/\/mandalailu.ee\/en\/blogi\/sudametsakra\/\"><strong>S\u00fcdamet\u0161akra<\/strong><\/a> on seotud sinu \u00fchenduse, kaastunde ja viisidega, kuidas saad anda ja vastu v\u00f5tta armastust teistelt ja iseendalt. Kui Sinu <a href=\"https:\/\/mandalailu.ee\/en\/blogi\/sudametsakra\/\"><strong>s\u00fcdamet\u0161akra<\/strong><\/a> on avatud, suudad elada t\u00e4isv\u00e4\u00e4rtuslikku ja r\u00f5\u00f5msat elu, langemata hirmu, armukadeduse ja ennasth\u00e4vitavate mustrite l\u00f5ksu. <strong><a href=\"https:\/\/mandalailu.ee\/en\/blogi\/sudametsakra\/\">S\u00fcdamet\u0161akrale<\/a><\/strong> sobivad kristallid on pehmed ja armastavad ning rikkad kaastundest.<\/p>\n<p><strong>Tasakaalustamata<a href=\"https:\/\/mandalailu.ee\/en\/blogi\/sudametsakra\/\"> s\u00fcdamet\u0161akra<\/a><\/strong> tunnusteks on negatiivne pilt enesest, usaldamatus teiste vastu, armukadedus, kiire hinnangu andmine ning vereringe- v\u00f5i hingamisprobleemid.<br \/>\n<strong>Tasakaalustatud <a href=\"https:\/\/mandalailu.ee\/en\/blogi\/sudametsakra\/\">s\u00fcdamet\u0161akra<\/a><\/strong> tunnusteks on kaastunne, empaatia, enesearmastus, sisemine rahu, andestamisv\u00f5ime.<\/p>\n<p style=\"text-align: right;\">Valiku <a href=\"https:\/\/mandalailu.ee\/en\/blogi\/sudametsakra\/\"><strong>s\u00fcdamet\u0161akrat<\/strong><\/a> toetavaid ehteid leiad <strong><a href=\"https:\/\/mandalailu.ee\/en\/product-tag\/sudametsakra\/\">SIIT<\/a><\/strong><\/p>\n<p>Kui antud k\u00f5rvar\u00f5ngad Sind k\u00f5netavad, on nad m\u00f5eldud just Sulle. Tunne nad \u00e4ra. L\u00e4bi oma s\u00fcdame.<\/p>\n<p><strong>Ole hoitud<\/strong><\/p>\n<p>TSITRIIN k\u00f5rvar\u00f5ngad autor on Katrina Klaas<\/p>","protected":false},"excerpt":{"rendered":"<ul>\n<li>Armastus ja kaastunde kristall ROOSA KVARTS<\/li>\n<li>H\u00f5be kinnitus<\/li>\n<li>K\u00f5rvar\u00f5ngad on unikaalsed k\u00e4sit\u00f6\u00f6na valminud ainueksemplarid<\/li>\n<li>Ehted j\u00f5uavad Sinuni imeilusas kinkekarbis<\/li>\n<li>Sobilik ka kinkimiseks<\/li>\n<li>Eesti sisene\u00a0<strong>transport<\/strong>\u00a0pakiautomaati on ALATI minu kulul<\/li>\n<li><strong>Vali kohe, maksa hiljem v\u00f5imalus<\/strong>. Rohkem infot leiad\u00a0<a href=\"https:\/\/mandalailu.ee\/en\/uld-ja-muugitingimused\/#jarelmaksu-voimalus\"><strong>SIIT<\/strong><\/a><\/li>\n<\/ul>\n<p>ROOSA KVARTSI k\u00f5rvar\u00f5ngad on s\u00fcndinud \u00f5rnusest, kergusest, lustist ja r\u00f5\u00f5must just Sulle \u00e4ratundmiseks. Valminud k\u00e4sit\u00f6\u00f6na ja on ainueksemplarid.<\/p>\n<p>Kui antud k\u00f5rvar\u00f5ngad Sind k\u00f5netavad, on nad m\u00f5eldud just Sulle. Tunne nad \u00e4ra. L\u00e4bi oma s\u00fcdame.<\/p>","protected":false},"featured_media":4555,"template":"","meta":{"_acf_changed":false},"product_brand":[],"product_cat":[17,88],"product_tag":[40],"class_list":{"0":"post-4554","1":"product","2":"type-product","3":"status-publish","4":"has-post-thumbnail","6":"product_cat-korvarongad","7":"product_cat-kristallidest-korvarongad","8":"product_tag-sudametsakra","10":"first","11":"instock","12":"shipping-taxable","13":"purchasable","14":"product-type-simple"},"acf":[],"yoast_head":"<!-- This site is optimized with the Yoast SEO plugin v26.3 - https:\/\/yoast.com\/wordpress\/plugins\/seo\/ -->\n<title>ROOSA KVARTS k\u00f5rvar\u00f5ngad - Mandala ilu<\/title>\n<meta name=\"description\" content=\"Loodud k\u00f5rvar\u00f5ngad on unikaalsed k\u00e4sit\u00f6\u00f6na valminud iludused, kus kasutatud vaid kvaliteetseid kristalle ja materjale. ROOSA KVARTS k\u00f5rvar\u00f5ngad\" \/>\n<meta name=\"robots\" content=\"index, follow, max-snippet:-1, max-image-preview:large, max-video-preview:-1\" \/>\n<link rel=\"canonical\" href=\"https:\/\/mandalailu.ee\/en\/product\/roosa-kvarts-korvarongad-4\/\" \/>\n<meta property=\"og:locale\" content=\"en_US\" \/>\n<meta property=\"og:type\" content=\"article\" \/>\n<meta property=\"og:title\" content=\"ROOSA KVARTS k\u00f5rvar\u00f5ngad - Mandala ilu\" \/>\n<meta property=\"og:description\" content=\"Loodud k\u00f5rvar\u00f5ngad on unikaalsed k\u00e4sit\u00f6\u00f6na valminud iludused, kus kasutatud vaid kvaliteetseid kristalle ja materjale. ROOSA KVARTS k\u00f5rvar\u00f5ngad\" \/>\n<meta property=\"og:url\" content=\"https:\/\/mandalailu.ee\/en\/product\/roosa-kvarts-korvarongad-4\/\" \/>\n<meta property=\"og:site_name\" content=\"Mandala ilu\" \/>\n<meta property=\"article:publisher\" content=\"https:\/\/www.facebook.com\/MandalaILU\" \/>\n<meta property=\"article:modified_time\" content=\"2025-06-11T12:49:36+00:00\" \/>\n<meta property=\"og:image\" content=\"https:\/\/mandalailu.ee\/wp-content\/uploads\/2025\/03\/KK0041-Mandala-ILU-kristallidest-korvarongad-Roosa-Kvarts-1-1.jpg\" \/>\n\t<meta property=\"og:image:width\" content=\"750\" \/>\n\t<meta property=\"og:image:height\" content=\"750\" \/>\n\t<meta property=\"og:image:type\" content=\"image\/jpeg\" \/>\n<meta name=\"twitter:card\" content=\"summary_large_image\" \/>\n<meta name=\"twitter:label1\" content=\"Est. reading time\" \/>\n\t<meta name=\"twitter:data1\" content=\"2 minutes\" \/>\n<script type=\"application\/ld+json\" class=\"yoast-schema-graph\">{\"@context\":\"https:\/\/schema.org\",\"@graph\":[{\"@type\":\"WebPage\",\"@id\":\"https:\/\/mandalailu.ee\/toode\/roosa-kvarts-korvarongad-4\/\",\"url\":\"https:\/\/mandalailu.ee\/toode\/roosa-kvarts-korvarongad-4\/\",\"name\":\"ROOSA KVARTS k\u00f5rvar\u00f5ngad - Mandala ilu\",\"isPartOf\":{\"@id\":\"https:\/\/mandalailu.ee\/#website\"},\"primaryImageOfPage\":{\"@id\":\"https:\/\/mandalailu.ee\/toode\/roosa-kvarts-korvarongad-4\/#primaryimage\"},\"image\":{\"@id\":\"https:\/\/mandalailu.ee\/toode\/roosa-kvarts-korvarongad-4\/#primaryimage\"},\"thumbnailUrl\":\"https:\/\/mandalailu.ee\/wp-content\/uploads\/2025\/03\/KK0041-Mandala-ILU-kristallidest-korvarongad-Roosa-Kvarts-1-1.jpg\",\"datePublished\":\"2025-03-04T09:21:47+00:00\",\"dateModified\":\"2025-06-11T12:49:36+00:00\",\"description\":\"Loodud k\u00f5rvar\u00f5ngad on unikaalsed k\u00e4sit\u00f6\u00f6na valminud iludused, kus kasutatud vaid kvaliteetseid kristalle ja materjale. ROOSA KVARTS k\u00f5rvar\u00f5ngad\",\"breadcrumb\":{\"@id\":\"https:\/\/mandalailu.ee\/toode\/roosa-kvarts-korvarongad-4\/#breadcrumb\"},\"inLanguage\":\"en-US\",\"potentialAction\":[{\"@type\":\"ReadAction\",\"target\":[\"https:\/\/mandalailu.ee\/toode\/roosa-kvarts-korvarongad-4\/\"]}]},{\"@type\":\"ImageObject\",\"inLanguage\":\"en-US\",\"@id\":\"https:\/\/mandalailu.ee\/toode\/roosa-kvarts-korvarongad-4\/#primaryimage\",\"url\":\"https:\/\/mandalailu.ee\/wp-content\/uploads\/2025\/03\/KK0041-Mandala-ILU-kristallidest-korvarongad-Roosa-Kvarts-1-1.jpg\",\"contentUrl\":\"https:\/\/mandalailu.ee\/wp-content\/uploads\/2025\/03\/KK0041-Mandala-ILU-kristallidest-korvarongad-Roosa-Kvarts-1-1.jpg\",\"width\":750,\"height\":750,\"caption\":\"Mandala ILU kristallidest k\u00f5rvar\u00f5ngad \/ Roosa Kvarts\"},{\"@type\":\"BreadcrumbList\",\"@id\":\"https:\/\/mandalailu.ee\/toode\/roosa-kvarts-korvarongad-4\/#breadcrumb\",\"itemListElement\":[{\"@type\":\"ListItem\",\"position\":1,\"name\":\"Home\",\"item\":\"https:\/\/mandalailu.ee\/\"},{\"@type\":\"ListItem\",\"position\":2,\"name\":\"ROOSA KVARTS k\u00f5rvar\u00f5ngad\"}]},{\"@type\":\"WebSite\",\"@id\":\"https:\/\/mandalailu.ee\/#website\",\"url\":\"https:\/\/mandalailu.ee\/\",\"name\":\"Mandala ilu\",\"description\":\"Unikaalsed k&auml;sit&ouml;&ouml;na valminud ehted\",\"publisher\":{\"@id\":\"https:\/\/mandalailu.ee\/#organization\"},\"potentialAction\":[{\"@type\":\"SearchAction\",\"target\":{\"@type\":\"EntryPoint\",\"urlTemplate\":\"https:\/\/mandalailu.ee\/?s={search_term_string}\"},\"query-input\":{\"@type\":\"PropertyValueSpecification\",\"valueRequired\":true,\"valueName\":\"search_term_string\"}}],\"inLanguage\":\"en-US\"},{\"@type\":\"Organization\",\"@id\":\"https:\/\/mandalailu.ee\/#organization\",\"name\":\"Mandala ILU\",\"url\":\"https:\/\/mandalailu.ee\/\",\"logo\":{\"@type\":\"ImageObject\",\"inLanguage\":\"en-US\",\"@id\":\"https:\/\/mandalailu.ee\/#\/schema\/logo\/image\/\",\"url\":\"https:\/\/mandalailu.ee\/wp-content\/uploads\/2022\/04\/cropped-Mandala-ILU-lill_block.jpg\",\"contentUrl\":\"https:\/\/mandalailu.ee\/wp-content\/uploads\/2022\/04\/cropped-Mandala-ILU-lill_block.jpg\",\"width\":512,\"height\":512,\"caption\":\"Mandala ILU\"},\"image\":{\"@id\":\"https:\/\/mandalailu.ee\/#\/schema\/logo\/image\/\"},\"sameAs\":[\"https:\/\/www.facebook.com\/MandalaILU\",\"https:\/\/www.instagram.com\/mandala.ilu.mala.ehted\/\"]}]}<\/script>\n<!-- \/ Yoast SEO plugin. -->","yoast_head_json":{"title":"ROOSA KVARTS k\u00f5rvar\u00f5ngad - Mandala ilu","description":"Loodud k\u00f5rvar\u00f5ngad on unikaalsed k\u00e4sit\u00f6\u00f6na valminud iludused, kus kasutatud vaid kvaliteetseid kristalle ja materjale. ROOSA KVARTS k\u00f5rvar\u00f5ngad","robots":{"index":"index","follow":"follow","max-snippet":"max-snippet:-1","max-image-preview":"max-image-preview:large","max-video-preview":"max-video-preview:-1"},"canonical":"https:\/\/mandalailu.ee\/en\/product\/roosa-kvarts-korvarongad-4\/","og_locale":"en_US","og_type":"article","og_title":"ROOSA KVARTS k\u00f5rvar\u00f5ngad - Mandala ilu","og_description":"Loodud k\u00f5rvar\u00f5ngad on unikaalsed k\u00e4sit\u00f6\u00f6na valminud iludused, kus kasutatud vaid kvaliteetseid kristalle ja materjale. ROOSA KVARTS k\u00f5rvar\u00f5ngad","og_url":"https:\/\/mandalailu.ee\/en\/product\/roosa-kvarts-korvarongad-4\/","og_site_name":"Mandala ilu","article_publisher":"https:\/\/www.facebook.com\/MandalaILU","article_modified_time":"2025-06-11T12:49:36+00:00","og_image":[{"width":750,"height":750,"url":"https:\/\/mandalailu.ee\/wp-content\/uploads\/2025\/03\/KK0041-Mandala-ILU-kristallidest-korvarongad-Roosa-Kvarts-1-1.jpg","type":"image\/jpeg"}],"twitter_card":"summary_large_image","twitter_misc":{"Est. reading time":"2 minutes"},"schema":{"@context":"https:\/\/schema.org","@graph":[{"@type":"WebPage","@id":"https:\/\/mandalailu.ee\/toode\/roosa-kvarts-korvarongad-4\/","url":"https:\/\/mandalailu.ee\/toode\/roosa-kvarts-korvarongad-4\/","name":"ROOSA KVARTS k\u00f5rvar\u00f5ngad - Mandala ilu","isPartOf":{"@id":"https:\/\/mandalailu.ee\/#website"},"primaryImageOfPage":{"@id":"https:\/\/mandalailu.ee\/toode\/roosa-kvarts-korvarongad-4\/#primaryimage"},"image":{"@id":"https:\/\/mandalailu.ee\/toode\/roosa-kvarts-korvarongad-4\/#primaryimage"},"thumbnailUrl":"https:\/\/mandalailu.ee\/wp-content\/uploads\/2025\/03\/KK0041-Mandala-ILU-kristallidest-korvarongad-Roosa-Kvarts-1-1.jpg","datePublished":"2025-03-04T09:21:47+00:00","dateModified":"2025-06-11T12:49:36+00:00","description":"Loodud k\u00f5rvar\u00f5ngad on unikaalsed k\u00e4sit\u00f6\u00f6na valminud iludused, kus kasutatud vaid kvaliteetseid kristalle ja materjale. ROOSA KVARTS k\u00f5rvar\u00f5ngad","breadcrumb":{"@id":"https:\/\/mandalailu.ee\/toode\/roosa-kvarts-korvarongad-4\/#breadcrumb"},"inLanguage":"en-US","potentialAction":[{"@type":"ReadAction","target":["https:\/\/mandalailu.ee\/toode\/roosa-kvarts-korvarongad-4\/"]}]},{"@type":"ImageObject","inLanguage":"en-US","@id":"https:\/\/mandalailu.ee\/toode\/roosa-kvarts-korvarongad-4\/#primaryimage","url":"https:\/\/mandalailu.ee\/wp-content\/uploads\/2025\/03\/KK0041-Mandala-ILU-kristallidest-korvarongad-Roosa-Kvarts-1-1.jpg","contentUrl":"https:\/\/mandalailu.ee\/wp-content\/uploads\/2025\/03\/KK0041-Mandala-ILU-kristallidest-korvarongad-Roosa-Kvarts-1-1.jpg","width":750,"height":750,"caption":"Mandala ILU kristallidest k\u00f5rvar\u00f5ngad \/ Roosa Kvarts"},{"@type":"BreadcrumbList","@id":"https:\/\/mandalailu.ee\/toode\/roosa-kvarts-korvarongad-4\/#breadcrumb","itemListElement":[{"@type":"ListItem","position":1,"name":"Home","item":"https:\/\/mandalailu.ee\/"},{"@type":"ListItem","position":2,"name":"ROOSA KVARTS k\u00f5rvar\u00f5ngad"}]},{"@type":"WebSite","@id":"https:\/\/mandalailu.ee\/#website","url":"https:\/\/mandalailu.ee\/","name":"Mandala ilu","description":"Unikaalsed k&auml;sit&ouml;&ouml;na valminud ehted","publisher":{"@id":"https:\/\/mandalailu.ee\/#organization"},"potentialAction":[{"@type":"SearchAction","target":{"@type":"EntryPoint","urlTemplate":"https:\/\/mandalailu.ee\/?s={search_term_string}"},"query-input":{"@type":"PropertyValueSpecification","valueRequired":true,"valueName":"search_term_string"}}],"inLanguage":"en-US"},{"@type":"Organization","@id":"https:\/\/mandalailu.ee\/#organization","name":"Mandala ILU","url":"https:\/\/mandalailu.ee\/","logo":{"@type":"ImageObject","inLanguage":"en-US","@id":"https:\/\/mandalailu.ee\/#\/schema\/logo\/image\/","url":"https:\/\/mandalailu.ee\/wp-content\/uploads\/2022\/04\/cropped-Mandala-ILU-lill_block.jpg","contentUrl":"https:\/\/mandalailu.ee\/wp-content\/uploads\/2022\/04\/cropped-Mandala-ILU-lill_block.jpg","width":512,"height":512,"caption":"Mandala ILU"},"image":{"@id":"https:\/\/mandalailu.ee\/#\/schema\/logo\/image\/"},"sameAs":["https:\/\/www.facebook.com\/MandalaILU","https:\/\/www.instagram.com\/mandala.ilu.mala.ehted\/"]}]}},"_links":{"self":[{"href":"https:\/\/mandalailu.ee\/en\/wp-json\/wp\/v2\/product\/4554","targetHints":{"allow":["GET"]}}],"collection":[{"href":"https:\/\/mandalailu.ee\/en\/wp-json\/wp\/v2\/product"}],"about":[{"href":"https:\/\/mandalailu.ee\/en\/wp-json\/wp\/v2\/types\/product"}],"wp:featuredmedia":[{"embeddable":true,"href":"https:\/\/mandalailu.ee\/en\/wp-json\/wp\/v2\/media\/4555"}],"wp:attachment":[{"href":"https:\/\/mandalailu.ee\/en\/wp-json\/wp\/v2\/media?parent=4554"}],"wp:term":[{"taxonomy":"product_brand","embeddable":true,"href":"https:\/\/mandalailu.ee\/en\/wp-json\/wp\/v2\/product_brand?post=4554"},{"taxonomy":"product_cat","embeddable":true,"href":"https:\/\/mandalailu.ee\/en\/wp-json\/wp\/v2\/product_cat?post=4554"},{"taxonomy":"product_tag","embeddable":true,"href":"https:\/\/mandalailu.ee\/en\/wp-json\/wp\/v2\/product_tag?post=4554"}],"curies":[{"name":"wp","href":"https:\/\/api.w.org\/{rel}","templated":true}]}}