{"id":4559,"date":"2025-03-04T11:48:10","date_gmt":"2025-03-04T11:48:10","guid":{"rendered":"https:\/\/mandalailu.ee\/?post_type=product&#038;p=4559"},"modified":"2025-05-04T08:57:09","modified_gmt":"2025-05-04T08:57:09","slug":"lasuriidi-korvarongad","status":"publish","type":"product","link":"https:\/\/mandalailu.ee\/en\/product\/lasuriidi-korvarongad\/","title":{"rendered":"LASURIIDi k\u00f5rvar\u00f5ngad"},"content":{"rendered":"<h2 style=\"text-align: center;\"><strong>LASURIIDi k\u00f5rvar\u00f5ngad<\/strong><\/h2>\n<h3 style=\"text-align: left;\"><strong>LASURIIT<\/strong><\/h3>\n<p>LASURIIT aitab Sul s\u00fcvendada oma intuitsiooni ja nautida k\u00f5iki vaimseid praktikaid, mida jumaldate. Ta hoiab sinu enesev\u00e4ljenduse siira, kindla. Toob esile Sinu audentse h\u00e4\u00e4l, millega soovid maailmaga suhelda. Lasuriit on suurep\u00e4rane kristall Sinu enda hinge joondamiseks. See s\u00e4delev kuninglik sinine p\u00e4rl jagab oma v\u00e4rvi Sixtuse kabeli lagedega, tuletades meile meelde meie endi loomup\u00e4rast ilu ja elamise m\u00f5nu. Lasuriidiga saad avada kolmanda silma t\u0161akra ning luua \u00fchenduse oma sisemise tarkusega \u2013 tagades, et Sinu h\u00e4\u00e4l tuleb s\u00fcdamest.<\/p>\n<h3><strong>KURGUT\u0161AKRA<\/strong><\/h3>\n<p>Viies <a href=\"https:\/\/mandalailu.ee\/en\/blogi\/tsakrad\/\"><strong>t\u0161akra<\/strong><\/a> on kurgut\u0161akra \u2013 kust saavad kuuldavaks Sinu h\u00e4\u00e4l ja t\u00f5de. Siit leiad oma v\u00e4ljendusoskuse ja suhtlemise viisil, mis on koosk\u00f5las Sinu t\u00f5ega ning kus asub Sinu \u201etahte v\u00e4gi\u201c. Tema s\u00f5numiks on \u201eAllutan oma isiklik tahe Looja tahtele\u201c. Kurgut\u0161akra asub kaelal ja on seotud sinise v\u00e4rviga. Kurgut\u0161akra tegeleb artikulatsiooni ja kommunikatsiooniga ning aitab Sul k\u00f5va h\u00e4\u00e4lega v\u00e4lja \u00f6elda oma vajadused ning Sinule olulisi piirid. Avatud kurgut\u0161akra aitab Sul elada oma t\u00f5e valguses. See t\u0161akra on seotud ka f\u00fc\u00fcsiliste probleemidega, mis on seotud kurguga, samuti p\u00f5sekoopa- ja kilpn\u00e4\u00e4rmeprobleemidega. Kurgut\u0161akrale sobivad kristallid on \u00f5rna energiaga ning puhtuse ja voolavuse tunnetusega.<\/p>\n<p><b>Tasakaalustamata kurgut\u0161akra<\/b><\/p>\n<p><span style=\"font-weight: 400;\">Tasakaalustamata kurgut\u0161akra tunnusteks on suutmatus end v\u00e4ljendada, kurguvalu, suutmatus hoida\u00a0 piire, v\u00f5imetus kuulata, sageli tunne, et Sind on valesti m\u00f5istetud.<\/span><\/p>\n<p><b>Tasakaalustatud kurgut\u0161akra<\/b><\/p>\n<p><span style=\"font-weight: 400;\">Tasakaalustatud kurgut\u0161akra tunnusteks on oma t\u00f5e r\u00e4\u00e4kimine ilma hirmuta, otsustav tegutsemine, vaba suhtlus ja aktiivne kuulamisoskus.<\/span><\/p>\n<p style=\"text-align: right;\"><span style=\"font-weight: 400;\">Valiku kurgut\u0161akrat toetavaid ehteid leiad <\/span><a href=\"https:\/\/mandalailu.ee\/en\/product-tag\/kurgutsakra\/\"><b>SIIT<\/b><\/a><\/p>\n<p>Kui antud k\u00f5rvar\u00f5ngad Sind k\u00f5netavad, on nad m\u00f5eldud just Sulle. Tunne nad \u00e4ra. L\u00e4bi oma s\u00fcdame.<\/p>\n<p><strong>Ole hoitud<\/strong><\/p>\n<p>LASURIIDi k\u00f5rvar\u00f5ngad ja ripatsi autor on Katrina Klaas<\/p>","protected":false},"excerpt":{"rendered":"<ul>\n<li>Intuitsiooni kristall LASURIIT<\/li>\n<li>H\u00f5be kinnitused<\/li>\n<li>K\u00f5rvar\u00f5ngad ja ripats on unikaalsed k\u00e4sit\u00f6\u00f6na valminud ainueksemplarid<\/li>\n<li>Ehted j\u00f5uavad Sinuni imeilusas kinkekarbis<\/li>\n<li>Sobilik ka kinkimiseks<\/li>\n<li>Eesti sisene\u00a0<strong>transport<\/strong>\u00a0pakiautomaati on ALATI minu kulul<\/li>\n<li><strong>Vali kohe, maksa hiljem v\u00f5imalus<\/strong>. Rohkem infot leiad\u00a0<a href=\"https:\/\/mandalailu.ee\/en\/uld-ja-muugitingimused\/#jarelmaksu-voimalus\"><strong>SIIT<\/strong><\/a><\/li>\n<\/ul>\n<p>LASURIIDi k\u00f5rvar\u00f5ngad ja ripats on s\u00fcndinud \u00f5rnusest, kergusest, lustist ja r\u00f5\u00f5must just Sulle \u00e4ratundmiseks. Valminud k\u00e4sit\u00f6\u00f6na ja on ainueksemplarid.<\/p>\n<p>Kui antud k\u00f5rvar\u00f5ngad Sind k\u00f5netavad, on nad m\u00f5eldud just Sulle. Tunne nad \u00e4ra. L\u00e4bi oma s\u00fcdame.<\/p>","protected":false},"featured_media":4563,"template":"","meta":{"_acf_changed":false},"product_brand":[],"product_cat":[17,88],"product_tag":[41],"class_list":{"0":"post-4559","1":"product","2":"type-product","3":"status-publish","4":"has-post-thumbnail","6":"product_cat-korvarongad","7":"product_cat-kristallidest-korvarongad","8":"product_tag-kurgutsakra","10":"first","11":"instock","12":"shipping-taxable","13":"purchasable","14":"product-type-simple"},"acf":[],"yoast_head":"<!-- This site is optimized with the Yoast SEO plugin v26.3 - https:\/\/yoast.com\/wordpress\/plugins\/seo\/ -->\n<title>LASURIIDi k\u00f5rvar\u00f5ngad - Mandala ilu<\/title>\n<meta name=\"description\" content=\"Loodud ehted on unikaalsed k\u00e4sit\u00f6\u00f6na valminud iludused, kus kasutatud vaid kvaliteetseid kristalle ja materjale. LASURIIDi k\u00f5rvar\u00f5ngad\" \/>\n<meta name=\"robots\" content=\"index, follow, max-snippet:-1, max-image-preview:large, max-video-preview:-1\" \/>\n<link rel=\"canonical\" href=\"https:\/\/mandalailu.ee\/en\/product\/lasuriidi-korvarongad\/\" \/>\n<meta property=\"og:locale\" content=\"en_US\" \/>\n<meta property=\"og:type\" content=\"article\" \/>\n<meta property=\"og:title\" content=\"LASURIIDi k\u00f5rvar\u00f5ngad - Mandala ilu\" \/>\n<meta property=\"og:description\" content=\"Loodud ehted on unikaalsed k\u00e4sit\u00f6\u00f6na valminud iludused, kus kasutatud vaid kvaliteetseid kristalle ja materjale. LASURIIDi k\u00f5rvar\u00f5ngad\" \/>\n<meta property=\"og:url\" content=\"https:\/\/mandalailu.ee\/en\/product\/lasuriidi-korvarongad\/\" \/>\n<meta property=\"og:site_name\" content=\"Mandala ilu\" \/>\n<meta property=\"article:publisher\" content=\"https:\/\/www.facebook.com\/MandalaILU\" \/>\n<meta property=\"article:modified_time\" content=\"2025-05-04T08:57:09+00:00\" \/>\n<meta property=\"og:image\" content=\"https:\/\/mandalailu.ee\/wp-content\/uploads\/2025\/03\/KK0044-Mandala-ILU-kristallidest-korvarongad-Lasuriit-1.jpg\" \/>\n\t<meta property=\"og:image:width\" content=\"750\" \/>\n\t<meta property=\"og:image:height\" content=\"750\" \/>\n\t<meta property=\"og:image:type\" content=\"image\/jpeg\" \/>\n<meta name=\"twitter:card\" content=\"summary_large_image\" \/>\n<meta name=\"twitter:label1\" content=\"Est. reading time\" \/>\n\t<meta name=\"twitter:data1\" content=\"2 minutes\" \/>\n<script type=\"application\/ld+json\" class=\"yoast-schema-graph\">{\"@context\":\"https:\/\/schema.org\",\"@graph\":[{\"@type\":\"WebPage\",\"@id\":\"https:\/\/mandalailu.ee\/toode\/lasuriidi-korvarongad\/\",\"url\":\"https:\/\/mandalailu.ee\/toode\/lasuriidi-korvarongad\/\",\"name\":\"LASURIIDi k\u00f5rvar\u00f5ngad - Mandala ilu\",\"isPartOf\":{\"@id\":\"https:\/\/mandalailu.ee\/#website\"},\"primaryImageOfPage\":{\"@id\":\"https:\/\/mandalailu.ee\/toode\/lasuriidi-korvarongad\/#primaryimage\"},\"image\":{\"@id\":\"https:\/\/mandalailu.ee\/toode\/lasuriidi-korvarongad\/#primaryimage\"},\"thumbnailUrl\":\"https:\/\/mandalailu.ee\/wp-content\/uploads\/2025\/03\/KK0044-Mandala-ILU-kristallidest-korvarongad-Lasuriit-1.jpg\",\"datePublished\":\"2025-03-04T11:48:10+00:00\",\"dateModified\":\"2025-05-04T08:57:09+00:00\",\"description\":\"Loodud ehted on unikaalsed k\u00e4sit\u00f6\u00f6na valminud iludused, kus kasutatud vaid kvaliteetseid kristalle ja materjale. LASURIIDi k\u00f5rvar\u00f5ngad\",\"breadcrumb\":{\"@id\":\"https:\/\/mandalailu.ee\/toode\/lasuriidi-korvarongad\/#breadcrumb\"},\"inLanguage\":\"en-US\",\"potentialAction\":[{\"@type\":\"ReadAction\",\"target\":[\"https:\/\/mandalailu.ee\/toode\/lasuriidi-korvarongad\/\"]}]},{\"@type\":\"ImageObject\",\"inLanguage\":\"en-US\",\"@id\":\"https:\/\/mandalailu.ee\/toode\/lasuriidi-korvarongad\/#primaryimage\",\"url\":\"https:\/\/mandalailu.ee\/wp-content\/uploads\/2025\/03\/KK0044-Mandala-ILU-kristallidest-korvarongad-Lasuriit-1.jpg\",\"contentUrl\":\"https:\/\/mandalailu.ee\/wp-content\/uploads\/2025\/03\/KK0044-Mandala-ILU-kristallidest-korvarongad-Lasuriit-1.jpg\",\"width\":750,\"height\":750,\"caption\":\"Mandala ILU kristallidest k\u00f5rvar\u00f5ngad \/ Lasuriit\"},{\"@type\":\"BreadcrumbList\",\"@id\":\"https:\/\/mandalailu.ee\/toode\/lasuriidi-korvarongad\/#breadcrumb\",\"itemListElement\":[{\"@type\":\"ListItem\",\"position\":1,\"name\":\"Home\",\"item\":\"https:\/\/mandalailu.ee\/\"},{\"@type\":\"ListItem\",\"position\":2,\"name\":\"LASURIIDi k\u00f5rvar\u00f5ngad\"}]},{\"@type\":\"WebSite\",\"@id\":\"https:\/\/mandalailu.ee\/#website\",\"url\":\"https:\/\/mandalailu.ee\/\",\"name\":\"Mandala ilu\",\"description\":\"Unikaalsed k&auml;sit&ouml;&ouml;na valminud ehted\",\"publisher\":{\"@id\":\"https:\/\/mandalailu.ee\/#organization\"},\"potentialAction\":[{\"@type\":\"SearchAction\",\"target\":{\"@type\":\"EntryPoint\",\"urlTemplate\":\"https:\/\/mandalailu.ee\/?s={search_term_string}\"},\"query-input\":{\"@type\":\"PropertyValueSpecification\",\"valueRequired\":true,\"valueName\":\"search_term_string\"}}],\"inLanguage\":\"en-US\"},{\"@type\":\"Organization\",\"@id\":\"https:\/\/mandalailu.ee\/#organization\",\"name\":\"Mandala ILU\",\"url\":\"https:\/\/mandalailu.ee\/\",\"logo\":{\"@type\":\"ImageObject\",\"inLanguage\":\"en-US\",\"@id\":\"https:\/\/mandalailu.ee\/#\/schema\/logo\/image\/\",\"url\":\"https:\/\/mandalailu.ee\/wp-content\/uploads\/2022\/04\/cropped-Mandala-ILU-lill_block.jpg\",\"contentUrl\":\"https:\/\/mandalailu.ee\/wp-content\/uploads\/2022\/04\/cropped-Mandala-ILU-lill_block.jpg\",\"width\":512,\"height\":512,\"caption\":\"Mandala ILU\"},\"image\":{\"@id\":\"https:\/\/mandalailu.ee\/#\/schema\/logo\/image\/\"},\"sameAs\":[\"https:\/\/www.facebook.com\/MandalaILU\",\"https:\/\/www.instagram.com\/mandala.ilu.mala.ehted\/\"]}]}<\/script>\n<!-- \/ Yoast SEO plugin. -->","yoast_head_json":{"title":"LASURIIDi k\u00f5rvar\u00f5ngad - Mandala ilu","description":"Loodud ehted on unikaalsed k\u00e4sit\u00f6\u00f6na valminud iludused, kus kasutatud vaid kvaliteetseid kristalle ja materjale. LASURIIDi k\u00f5rvar\u00f5ngad","robots":{"index":"index","follow":"follow","max-snippet":"max-snippet:-1","max-image-preview":"max-image-preview:large","max-video-preview":"max-video-preview:-1"},"canonical":"https:\/\/mandalailu.ee\/en\/product\/lasuriidi-korvarongad\/","og_locale":"en_US","og_type":"article","og_title":"LASURIIDi k\u00f5rvar\u00f5ngad - Mandala ilu","og_description":"Loodud ehted on unikaalsed k\u00e4sit\u00f6\u00f6na valminud iludused, kus kasutatud vaid kvaliteetseid kristalle ja materjale. LASURIIDi k\u00f5rvar\u00f5ngad","og_url":"https:\/\/mandalailu.ee\/en\/product\/lasuriidi-korvarongad\/","og_site_name":"Mandala ilu","article_publisher":"https:\/\/www.facebook.com\/MandalaILU","article_modified_time":"2025-05-04T08:57:09+00:00","og_image":[{"width":750,"height":750,"url":"https:\/\/mandalailu.ee\/wp-content\/uploads\/2025\/03\/KK0044-Mandala-ILU-kristallidest-korvarongad-Lasuriit-1.jpg","type":"image\/jpeg"}],"twitter_card":"summary_large_image","twitter_misc":{"Est. reading time":"2 minutes"},"schema":{"@context":"https:\/\/schema.org","@graph":[{"@type":"WebPage","@id":"https:\/\/mandalailu.ee\/toode\/lasuriidi-korvarongad\/","url":"https:\/\/mandalailu.ee\/toode\/lasuriidi-korvarongad\/","name":"LASURIIDi k\u00f5rvar\u00f5ngad - Mandala ilu","isPartOf":{"@id":"https:\/\/mandalailu.ee\/#website"},"primaryImageOfPage":{"@id":"https:\/\/mandalailu.ee\/toode\/lasuriidi-korvarongad\/#primaryimage"},"image":{"@id":"https:\/\/mandalailu.ee\/toode\/lasuriidi-korvarongad\/#primaryimage"},"thumbnailUrl":"https:\/\/mandalailu.ee\/wp-content\/uploads\/2025\/03\/KK0044-Mandala-ILU-kristallidest-korvarongad-Lasuriit-1.jpg","datePublished":"2025-03-04T11:48:10+00:00","dateModified":"2025-05-04T08:57:09+00:00","description":"Loodud ehted on unikaalsed k\u00e4sit\u00f6\u00f6na valminud iludused, kus kasutatud vaid kvaliteetseid kristalle ja materjale. LASURIIDi k\u00f5rvar\u00f5ngad","breadcrumb":{"@id":"https:\/\/mandalailu.ee\/toode\/lasuriidi-korvarongad\/#breadcrumb"},"inLanguage":"en-US","potentialAction":[{"@type":"ReadAction","target":["https:\/\/mandalailu.ee\/toode\/lasuriidi-korvarongad\/"]}]},{"@type":"ImageObject","inLanguage":"en-US","@id":"https:\/\/mandalailu.ee\/toode\/lasuriidi-korvarongad\/#primaryimage","url":"https:\/\/mandalailu.ee\/wp-content\/uploads\/2025\/03\/KK0044-Mandala-ILU-kristallidest-korvarongad-Lasuriit-1.jpg","contentUrl":"https:\/\/mandalailu.ee\/wp-content\/uploads\/2025\/03\/KK0044-Mandala-ILU-kristallidest-korvarongad-Lasuriit-1.jpg","width":750,"height":750,"caption":"Mandala ILU kristallidest k\u00f5rvar\u00f5ngad \/ Lasuriit"},{"@type":"BreadcrumbList","@id":"https:\/\/mandalailu.ee\/toode\/lasuriidi-korvarongad\/#breadcrumb","itemListElement":[{"@type":"ListItem","position":1,"name":"Home","item":"https:\/\/mandalailu.ee\/"},{"@type":"ListItem","position":2,"name":"LASURIIDi k\u00f5rvar\u00f5ngad"}]},{"@type":"WebSite","@id":"https:\/\/mandalailu.ee\/#website","url":"https:\/\/mandalailu.ee\/","name":"Mandala ilu","description":"Unikaalsed k&auml;sit&ouml;&ouml;na valminud ehted","publisher":{"@id":"https:\/\/mandalailu.ee\/#organization"},"potentialAction":[{"@type":"SearchAction","target":{"@type":"EntryPoint","urlTemplate":"https:\/\/mandalailu.ee\/?s={search_term_string}"},"query-input":{"@type":"PropertyValueSpecification","valueRequired":true,"valueName":"search_term_string"}}],"inLanguage":"en-US"},{"@type":"Organization","@id":"https:\/\/mandalailu.ee\/#organization","name":"Mandala ILU","url":"https:\/\/mandalailu.ee\/","logo":{"@type":"ImageObject","inLanguage":"en-US","@id":"https:\/\/mandalailu.ee\/#\/schema\/logo\/image\/","url":"https:\/\/mandalailu.ee\/wp-content\/uploads\/2022\/04\/cropped-Mandala-ILU-lill_block.jpg","contentUrl":"https:\/\/mandalailu.ee\/wp-content\/uploads\/2022\/04\/cropped-Mandala-ILU-lill_block.jpg","width":512,"height":512,"caption":"Mandala ILU"},"image":{"@id":"https:\/\/mandalailu.ee\/#\/schema\/logo\/image\/"},"sameAs":["https:\/\/www.facebook.com\/MandalaILU","https:\/\/www.instagram.com\/mandala.ilu.mala.ehted\/"]}]}},"_links":{"self":[{"href":"https:\/\/mandalailu.ee\/en\/wp-json\/wp\/v2\/product\/4559","targetHints":{"allow":["GET"]}}],"collection":[{"href":"https:\/\/mandalailu.ee\/en\/wp-json\/wp\/v2\/product"}],"about":[{"href":"https:\/\/mandalailu.ee\/en\/wp-json\/wp\/v2\/types\/product"}],"wp:featuredmedia":[{"embeddable":true,"href":"https:\/\/mandalailu.ee\/en\/wp-json\/wp\/v2\/media\/4563"}],"wp:attachment":[{"href":"https:\/\/mandalailu.ee\/en\/wp-json\/wp\/v2\/media?parent=4559"}],"wp:term":[{"taxonomy":"product_brand","embeddable":true,"href":"https:\/\/mandalailu.ee\/en\/wp-json\/wp\/v2\/product_brand?post=4559"},{"taxonomy":"product_cat","embeddable":true,"href":"https:\/\/mandalailu.ee\/en\/wp-json\/wp\/v2\/product_cat?post=4559"},{"taxonomy":"product_tag","embeddable":true,"href":"https:\/\/mandalailu.ee\/en\/wp-json\/wp\/v2\/product_tag?post=4559"}],"curies":[{"name":"wp","href":"https:\/\/api.w.org\/{rel}","templated":true}]}}