{"id":4964,"date":"2025-09-10T14:14:22","date_gmt":"2025-09-10T14:14:22","guid":{"rendered":"https:\/\/mandalailu.ee\/?post_type=product&#038;p=4964"},"modified":"2025-09-12T14:49:24","modified_gmt":"2025-09-12T14:49:24","slug":"komplekt-3","status":"publish","type":"product","link":"https:\/\/mandalailu.ee\/en\/product\/komplekt-3\/","title":{"rendered":"TURMALIINi k\u00f5rvar\u00f5ngad ja ripats"},"content":{"rendered":"<h2 style=\"text-align: center;\"><strong>TURMALIINi k\u00f5rvar\u00f5ngad ja ripats. Kaitse ja maanduse v\u00e4gi<\/strong><\/h2>\n<p><strong>Miks valida Turmaliin?<\/strong><br \/>\nTurmaliin on tuntud kui kaitse- ja maanduskristall, mis hoiab Sind negatiivsete energiate eest ning aitab Sul p\u00fcsida rahus ja keskmes. Ta:<\/p>\n<ul>\n<li>kaitseb Sinu energiav\u00e4lja ja eemaldab stressi,<\/li>\n<li>maandab liigseid emotsioone ja rahustab meelt,<\/li>\n<li>annab sisemist kindlustunnet ja julgust,<\/li>\n<li>toetab tasakaalu leidmist kiirel ja pingelisel ajal,<\/li>\n<li>aitab Sul hoida fookust ja sisemist rahu.<\/li>\n<\/ul>\n<p><strong><a href=\"https:\/\/mandalailu.ee\/en\/blogi\/juurtsakra\/\">Juurt\u0161akra<\/a> tugi<\/strong><br \/>\nTurmaliin t\u00f6\u00f6tab eelk\u00f5ige <a href=\"https:\/\/mandalailu.ee\/en\/blogi\/juurtsakra\/\"><strong>Juurt\u0161akraga<\/strong><\/a>, mis on seotud turvatunde, stabiilsuse ja maa-energiaga. Kui <a href=\"https:\/\/mandalailu.ee\/en\/blogi\/juurtsakra\/\"><strong>Juurt\u0161akra<\/strong><\/a> on tasakaalus, tunned end kaitstuna, maandatuna ja hoituna. Turmaliin aitab Sul seista kindlalt oma eluteel, tuues s\u00fcdamesse rahu ja kehasse tugevuse.<\/p>\n<p style=\"text-align: right;\">Valiku <a href=\"https:\/\/mandalailu.ee\/en\/blogi\/juurtsakra\/\"><strong>juurt\u0161akra<\/strong><\/a> toetavaid ehteid leiad <a href=\"https:\/\/mandalailu.ee\/en\/pood\/?yith_wcan=1&amp;product_tag=juurtsakra\"><strong>SIIT<\/strong><\/a><\/p>\n<p>Kui antud k\u00f5rvar\u00f5ngad Sind k\u00f5netavad, on nad m\u00f5eldud just Sulle. Tunne nad \u00e4ra. L\u00e4bi oma s\u00fcdame.<\/p>\n<p>&nbsp;<\/p>\n<p><strong>Ole hoitud<\/strong><\/p>\n<p>TURMALIINi k\u00f5rvar\u00f5ngad ja ripatsi autor on Katrina Klaas<\/p>","protected":false},"excerpt":{"rendered":"<p>Need Turmaliinist k\u00f5rvar\u00f5ngad ja ripats on k\u00e4sit\u00f6\u00f6na valminud ainueksemplarid, mis toovad Sinu ellu kaitset, turvatunnet ja sisemist tasakaalu.Kui tunned oma ehte \u00e4ra, siis tea, et just Sinu jaoks need ongi loodud.<\/p>\n<ul>\n<li>TURMALIINIST k\u00f5rvar\u00f5ngad ja ripats on unikaalsed k\u00e4sit\u00f6\u00f6na loodud ehted<\/li>\n<li>H\u00f5be kinnitused<\/li>\n<li>Kaunis kinkekarp muudab need ideaalseks kingituseks kallimale v\u00f5i endale<\/li>\n<li>Eesti-sisene transport pakiautomaati on alati minu kulul<\/li>\n<li>Vali kohe, maksa hiljem. Nii on lihtne end r\u00f5\u00f5mustada.\u00a0Rohkem infot leiad\u00a0<a href=\"https:\/\/mandalailu.ee\/en\/uld-ja-muugitingimused\/#jarelmaksu-voimalus\"><strong>SIIT<\/strong><\/a><\/li>\n<\/ul>\n<p>Kui need Turmaliini k\u00f5rvar\u00f5ngad ja ripats Sind k\u00f5netavad, siis tea, et nii ongi. Nad on m\u00f5eldud just Sulle. Tunne nad \u00e4ra. L\u00e4bi oma s\u00fcdame.<\/p>\n<p>&nbsp;<\/p>","protected":false},"featured_media":4961,"template":"","meta":{"_acf_changed":false},"product_brand":[],"product_cat":[17,88,87],"product_tag":[37],"class_list":{"0":"post-4964","1":"product","2":"type-product","3":"status-publish","4":"has-post-thumbnail","6":"product_cat-korvarongad","7":"product_cat-kristallidest-korvarongad","8":"product_cat-komplektid","9":"product_tag-juurtsakra","11":"first","12":"instock","13":"shipping-taxable","14":"purchasable","15":"product-type-simple"},"acf":[],"yoast_head":"<!-- This site is optimized with the Yoast SEO plugin v26.3 - https:\/\/yoast.com\/wordpress\/plugins\/seo\/ -->\n<title>TURMALIINi k\u00f5rvar\u00f5ngad ja ripats - Mandala ilu<\/title>\n<meta name=\"description\" content=\"Loodud ehted on unikaalsed k\u00e4sit\u00f6\u00f6na valminud iludused, kus kasutatud vaid kvaliteetseid kristalle ja materjale. TRMALIINist k\u00f5rvar\u00f5ngad ja ripats\" \/>\n<meta name=\"robots\" content=\"index, follow, max-snippet:-1, max-image-preview:large, max-video-preview:-1\" \/>\n<link rel=\"canonical\" href=\"https:\/\/mandalailu.ee\/en\/product\/komplekt-3\/\" \/>\n<meta property=\"og:locale\" content=\"en_US\" \/>\n<meta property=\"og:type\" content=\"article\" \/>\n<meta property=\"og:title\" content=\"TURMALIINi k\u00f5rvar\u00f5ngad ja ripats - Mandala ilu\" \/>\n<meta property=\"og:description\" content=\"Loodud ehted on unikaalsed k\u00e4sit\u00f6\u00f6na valminud iludused, kus kasutatud vaid kvaliteetseid kristalle ja materjale. TRMALIINist k\u00f5rvar\u00f5ngad ja ripats\" \/>\n<meta property=\"og:url\" content=\"https:\/\/mandalailu.ee\/en\/product\/komplekt-3\/\" \/>\n<meta property=\"og:site_name\" content=\"Mandala ilu\" \/>\n<meta property=\"article:publisher\" content=\"https:\/\/www.facebook.com\/MandalaILU\" \/>\n<meta property=\"article:modified_time\" content=\"2025-09-12T14:49:24+00:00\" \/>\n<meta property=\"og:image\" content=\"https:\/\/mandalailu.ee\/wp-content\/uploads\/2025\/09\/KK0062-Mandala-ILU-kristallidest-komplekt-Turmaliin-1.jpg\" \/>\n\t<meta property=\"og:image:width\" content=\"750\" \/>\n\t<meta property=\"og:image:height\" content=\"750\" \/>\n\t<meta property=\"og:image:type\" content=\"image\/jpeg\" \/>\n<meta name=\"twitter:card\" content=\"summary_large_image\" \/>\n<meta name=\"twitter:label1\" content=\"Est. reading time\" \/>\n\t<meta name=\"twitter:data1\" content=\"1 minute\" \/>\n<script type=\"application\/ld+json\" class=\"yoast-schema-graph\">{\"@context\":\"https:\/\/schema.org\",\"@graph\":[{\"@type\":\"WebPage\",\"@id\":\"https:\/\/mandalailu.ee\/toode\/komplekt-3\/\",\"url\":\"https:\/\/mandalailu.ee\/toode\/komplekt-3\/\",\"name\":\"TURMALIINi k\u00f5rvar\u00f5ngad ja ripats - Mandala ilu\",\"isPartOf\":{\"@id\":\"https:\/\/mandalailu.ee\/#website\"},\"primaryImageOfPage\":{\"@id\":\"https:\/\/mandalailu.ee\/toode\/komplekt-3\/#primaryimage\"},\"image\":{\"@id\":\"https:\/\/mandalailu.ee\/toode\/komplekt-3\/#primaryimage\"},\"thumbnailUrl\":\"https:\/\/mandalailu.ee\/wp-content\/uploads\/2025\/09\/KK0062-Mandala-ILU-kristallidest-komplekt-Turmaliin-1.jpg\",\"datePublished\":\"2025-09-10T14:14:22+00:00\",\"dateModified\":\"2025-09-12T14:49:24+00:00\",\"description\":\"Loodud ehted on unikaalsed k\u00e4sit\u00f6\u00f6na valminud iludused, kus kasutatud vaid kvaliteetseid kristalle ja materjale. TRMALIINist k\u00f5rvar\u00f5ngad ja ripats\",\"breadcrumb\":{\"@id\":\"https:\/\/mandalailu.ee\/toode\/komplekt-3\/#breadcrumb\"},\"inLanguage\":\"en-US\",\"potentialAction\":[{\"@type\":\"ReadAction\",\"target\":[\"https:\/\/mandalailu.ee\/toode\/komplekt-3\/\"]}]},{\"@type\":\"ImageObject\",\"inLanguage\":\"en-US\",\"@id\":\"https:\/\/mandalailu.ee\/toode\/komplekt-3\/#primaryimage\",\"url\":\"https:\/\/mandalailu.ee\/wp-content\/uploads\/2025\/09\/KK0062-Mandala-ILU-kristallidest-komplekt-Turmaliin-1.jpg\",\"contentUrl\":\"https:\/\/mandalailu.ee\/wp-content\/uploads\/2025\/09\/KK0062-Mandala-ILU-kristallidest-komplekt-Turmaliin-1.jpg\",\"width\":750,\"height\":750,\"caption\":\"Unikaalsed Mandala ILU Turmaliinist k\u00f5rvar\u00f5ngad ja ripats. Kaitse negatiivse eest ja sisemine rahu.\"},{\"@type\":\"BreadcrumbList\",\"@id\":\"https:\/\/mandalailu.ee\/toode\/komplekt-3\/#breadcrumb\",\"itemListElement\":[{\"@type\":\"ListItem\",\"position\":1,\"name\":\"Home\",\"item\":\"https:\/\/mandalailu.ee\/\"},{\"@type\":\"ListItem\",\"position\":2,\"name\":\"TURMALIINi k\u00f5rvar\u00f5ngad ja ripats\"}]},{\"@type\":\"WebSite\",\"@id\":\"https:\/\/mandalailu.ee\/#website\",\"url\":\"https:\/\/mandalailu.ee\/\",\"name\":\"Mandala ilu\",\"description\":\"Unikaalsed k&auml;sit&ouml;&ouml;na valminud ehted\",\"publisher\":{\"@id\":\"https:\/\/mandalailu.ee\/#organization\"},\"potentialAction\":[{\"@type\":\"SearchAction\",\"target\":{\"@type\":\"EntryPoint\",\"urlTemplate\":\"https:\/\/mandalailu.ee\/?s={search_term_string}\"},\"query-input\":{\"@type\":\"PropertyValueSpecification\",\"valueRequired\":true,\"valueName\":\"search_term_string\"}}],\"inLanguage\":\"en-US\"},{\"@type\":\"Organization\",\"@id\":\"https:\/\/mandalailu.ee\/#organization\",\"name\":\"Mandala ILU\",\"url\":\"https:\/\/mandalailu.ee\/\",\"logo\":{\"@type\":\"ImageObject\",\"inLanguage\":\"en-US\",\"@id\":\"https:\/\/mandalailu.ee\/#\/schema\/logo\/image\/\",\"url\":\"https:\/\/mandalailu.ee\/wp-content\/uploads\/2022\/04\/cropped-Mandala-ILU-lill_block.jpg\",\"contentUrl\":\"https:\/\/mandalailu.ee\/wp-content\/uploads\/2022\/04\/cropped-Mandala-ILU-lill_block.jpg\",\"width\":512,\"height\":512,\"caption\":\"Mandala ILU\"},\"image\":{\"@id\":\"https:\/\/mandalailu.ee\/#\/schema\/logo\/image\/\"},\"sameAs\":[\"https:\/\/www.facebook.com\/MandalaILU\",\"https:\/\/www.instagram.com\/mandala.ilu.mala.ehted\/\"]}]}<\/script>\n<!-- \/ Yoast SEO plugin. -->","yoast_head_json":{"title":"TURMALIINi k\u00f5rvar\u00f5ngad ja ripats - Mandala ilu","description":"Loodud ehted on unikaalsed k\u00e4sit\u00f6\u00f6na valminud iludused, kus kasutatud vaid kvaliteetseid kristalle ja materjale. TRMALIINist k\u00f5rvar\u00f5ngad ja ripats","robots":{"index":"index","follow":"follow","max-snippet":"max-snippet:-1","max-image-preview":"max-image-preview:large","max-video-preview":"max-video-preview:-1"},"canonical":"https:\/\/mandalailu.ee\/en\/product\/komplekt-3\/","og_locale":"en_US","og_type":"article","og_title":"TURMALIINi k\u00f5rvar\u00f5ngad ja ripats - Mandala ilu","og_description":"Loodud ehted on unikaalsed k\u00e4sit\u00f6\u00f6na valminud iludused, kus kasutatud vaid kvaliteetseid kristalle ja materjale. TRMALIINist k\u00f5rvar\u00f5ngad ja ripats","og_url":"https:\/\/mandalailu.ee\/en\/product\/komplekt-3\/","og_site_name":"Mandala ilu","article_publisher":"https:\/\/www.facebook.com\/MandalaILU","article_modified_time":"2025-09-12T14:49:24+00:00","og_image":[{"width":750,"height":750,"url":"https:\/\/mandalailu.ee\/wp-content\/uploads\/2025\/09\/KK0062-Mandala-ILU-kristallidest-komplekt-Turmaliin-1.jpg","type":"image\/jpeg"}],"twitter_card":"summary_large_image","twitter_misc":{"Est. reading time":"1 minute"},"schema":{"@context":"https:\/\/schema.org","@graph":[{"@type":"WebPage","@id":"https:\/\/mandalailu.ee\/toode\/komplekt-3\/","url":"https:\/\/mandalailu.ee\/toode\/komplekt-3\/","name":"TURMALIINi k\u00f5rvar\u00f5ngad ja ripats - Mandala ilu","isPartOf":{"@id":"https:\/\/mandalailu.ee\/#website"},"primaryImageOfPage":{"@id":"https:\/\/mandalailu.ee\/toode\/komplekt-3\/#primaryimage"},"image":{"@id":"https:\/\/mandalailu.ee\/toode\/komplekt-3\/#primaryimage"},"thumbnailUrl":"https:\/\/mandalailu.ee\/wp-content\/uploads\/2025\/09\/KK0062-Mandala-ILU-kristallidest-komplekt-Turmaliin-1.jpg","datePublished":"2025-09-10T14:14:22+00:00","dateModified":"2025-09-12T14:49:24+00:00","description":"Loodud ehted on unikaalsed k\u00e4sit\u00f6\u00f6na valminud iludused, kus kasutatud vaid kvaliteetseid kristalle ja materjale. TRMALIINist k\u00f5rvar\u00f5ngad ja ripats","breadcrumb":{"@id":"https:\/\/mandalailu.ee\/toode\/komplekt-3\/#breadcrumb"},"inLanguage":"en-US","potentialAction":[{"@type":"ReadAction","target":["https:\/\/mandalailu.ee\/toode\/komplekt-3\/"]}]},{"@type":"ImageObject","inLanguage":"en-US","@id":"https:\/\/mandalailu.ee\/toode\/komplekt-3\/#primaryimage","url":"https:\/\/mandalailu.ee\/wp-content\/uploads\/2025\/09\/KK0062-Mandala-ILU-kristallidest-komplekt-Turmaliin-1.jpg","contentUrl":"https:\/\/mandalailu.ee\/wp-content\/uploads\/2025\/09\/KK0062-Mandala-ILU-kristallidest-komplekt-Turmaliin-1.jpg","width":750,"height":750,"caption":"Unikaalsed Mandala ILU Turmaliinist k\u00f5rvar\u00f5ngad ja ripats. Kaitse negatiivse eest ja sisemine rahu."},{"@type":"BreadcrumbList","@id":"https:\/\/mandalailu.ee\/toode\/komplekt-3\/#breadcrumb","itemListElement":[{"@type":"ListItem","position":1,"name":"Home","item":"https:\/\/mandalailu.ee\/"},{"@type":"ListItem","position":2,"name":"TURMALIINi k\u00f5rvar\u00f5ngad ja ripats"}]},{"@type":"WebSite","@id":"https:\/\/mandalailu.ee\/#website","url":"https:\/\/mandalailu.ee\/","name":"Mandala ilu","description":"Unikaalsed k&auml;sit&ouml;&ouml;na valminud ehted","publisher":{"@id":"https:\/\/mandalailu.ee\/#organization"},"potentialAction":[{"@type":"SearchAction","target":{"@type":"EntryPoint","urlTemplate":"https:\/\/mandalailu.ee\/?s={search_term_string}"},"query-input":{"@type":"PropertyValueSpecification","valueRequired":true,"valueName":"search_term_string"}}],"inLanguage":"en-US"},{"@type":"Organization","@id":"https:\/\/mandalailu.ee\/#organization","name":"Mandala ILU","url":"https:\/\/mandalailu.ee\/","logo":{"@type":"ImageObject","inLanguage":"en-US","@id":"https:\/\/mandalailu.ee\/#\/schema\/logo\/image\/","url":"https:\/\/mandalailu.ee\/wp-content\/uploads\/2022\/04\/cropped-Mandala-ILU-lill_block.jpg","contentUrl":"https:\/\/mandalailu.ee\/wp-content\/uploads\/2022\/04\/cropped-Mandala-ILU-lill_block.jpg","width":512,"height":512,"caption":"Mandala ILU"},"image":{"@id":"https:\/\/mandalailu.ee\/#\/schema\/logo\/image\/"},"sameAs":["https:\/\/www.facebook.com\/MandalaILU","https:\/\/www.instagram.com\/mandala.ilu.mala.ehted\/"]}]}},"_links":{"self":[{"href":"https:\/\/mandalailu.ee\/en\/wp-json\/wp\/v2\/product\/4964","targetHints":{"allow":["GET"]}}],"collection":[{"href":"https:\/\/mandalailu.ee\/en\/wp-json\/wp\/v2\/product"}],"about":[{"href":"https:\/\/mandalailu.ee\/en\/wp-json\/wp\/v2\/types\/product"}],"wp:featuredmedia":[{"embeddable":true,"href":"https:\/\/mandalailu.ee\/en\/wp-json\/wp\/v2\/media\/4961"}],"wp:attachment":[{"href":"https:\/\/mandalailu.ee\/en\/wp-json\/wp\/v2\/media?parent=4964"}],"wp:term":[{"taxonomy":"product_brand","embeddable":true,"href":"https:\/\/mandalailu.ee\/en\/wp-json\/wp\/v2\/product_brand?post=4964"},{"taxonomy":"product_cat","embeddable":true,"href":"https:\/\/mandalailu.ee\/en\/wp-json\/wp\/v2\/product_cat?post=4964"},{"taxonomy":"product_tag","embeddable":true,"href":"https:\/\/mandalailu.ee\/en\/wp-json\/wp\/v2\/product_tag?post=4964"}],"curies":[{"name":"wp","href":"https:\/\/api.w.org\/{rel}","templated":true}]}}