{"id":4965,"date":"2025-09-10T14:23:20","date_gmt":"2025-09-10T14:23:20","guid":{"rendered":"https:\/\/mandalailu.ee\/?post_type=product&#038;p=4965"},"modified":"2025-10-19T09:40:48","modified_gmt":"2025-10-19T09:40:48","slug":"komplekt-2","status":"publish","type":"product","link":"https:\/\/mandalailu.ee\/en\/product\/komplekt-2\/","title":{"rendered":"SAMMALAHHAATi k\u00f5rvar\u00f5ngad ja ripats"},"content":{"rendered":"<h2><strong>SAMMALAHHAATi k\u00f5rvar\u00f5ngad ja ripats. Sisemise rahu ja looduse v\u00e4ega.<\/strong><\/h2>\n<p><strong>Miks valida SammalAhhaat?<\/strong><br \/>\nSammalAhhaat on tuntud kui rahustav ja maandav kristall, mis \u00fchendab Sind maa ja looduse tervendava v\u00e4ega. Ta:<\/p>\n<ul>\n<li>toob sisemist rahu ja tasakaalu,<\/li>\n<li>aitab lahti lasta hirmudest ja pingetest,<\/li>\n<li>toetab uute alguste ja muutuste loomist,<\/li>\n<li>tugevdab Sinu \u00fchendust looduse ja elu vooluga,<\/li>\n<li>avab s\u00fcdame armastusele ja usaldusele.<\/li>\n<\/ul>\n<p><strong><a href=\"https:\/\/mandalailu.ee\/en\/blogi\/sudametsakra\/\">S\u00fcdamet\u0161akra<\/a> ja looduse v\u00e4gi<\/strong><br \/>\nSammalAhhaat t\u00f6\u00f6tab pehmelt <a href=\"https:\/\/mandalailu.ee\/en\/blogi\/sudametsakra\/\"><strong>S\u00fcdamet\u0161akraga<\/strong><\/a>, aidates Sul avada end kaastundele ja armastusele. Ta \u00fchendab Sind looduse tasakaalustava energiaga, tuues s\u00fcdamesse kergust ja sisemist rahu. Kui Sinu s\u00fcda on hoitud ja avatud, tunned end armastatuna, usaldad elu kulgu ja lood harmoonilisi suhteid.<\/p>\n<p style=\"text-align: right;\">Valiku <a href=\"https:\/\/mandalailu.ee\/en\/blogi\/sudametsakra\/\"><strong>s\u00fcdamet\u0161akra<\/strong><\/a> toetavaid ehteid leiad<a href=\"https:\/\/mandalailu.ee\/en\/product-tag\/sakraaltsakra\/\"><strong> SIIT<\/strong><\/a><\/p>\n<p>Kui antud k\u00f5rvar\u00f5ngad Sind k\u00f5netavad, on nad m\u00f5eldud just Sulle. Tunne nad \u00e4ra. L\u00e4bi oma s\u00fcdame.<\/p>\n<p><strong>Ole hoitud<\/strong><\/p>\n<p>KORALLi k\u00f5rvar\u00f5ngad ja ripatsi autor on Katrina Klaas<\/p>","protected":false},"excerpt":{"rendered":"<p>Need kaunid SammalAhhaadist k\u00f5rvar\u00f5ngad ja ripats on k\u00e4sit\u00f6\u00f6na valminud unikaalsed ainueksemplarid, loodud Sind toetama rahu, tasakaalu ja \u00fchenduse leidmisel loodusega. Kui tunned oma ehte \u00e4ra, siis tea, et just Sinu jaoks need ongi loodud.<\/p>\n<ul>\n<li>SAMMALAHHAADIST k\u00f5rvar\u00f5ngad ja ripats on unikaalsed k\u00e4sit\u00f6\u00f6na loodud ehted<\/li>\n<li>Kullatud h\u00f5be kinnitused ja traat<\/li>\n<li>Kaunis kinkekarp muudab need ideaalseks kingituseks kallimale v\u00f5i endale<\/li>\n<li>Eesti-sisene transport pakiautomaati on alati minu kulul<\/li>\n<li>Vali kohe, maksa hiljem. Nii on lihtne end r\u00f5\u00f5mustada.\u00a0Rohkem infot leiad\u00a0<a href=\"https:\/\/mandalailu.ee\/en\/uld-ja-muugitingimused\/#jarelmaksu-voimalus\"><strong>SIIT<\/strong><\/a><\/li>\n<\/ul>\n<p>Kui need Sammalaahaadi k\u00f5rvar\u00f5ngad ja ripats Sind k\u00f5netavad, siis tea, et nii ongi. Nad on m\u00f5eldud just Sulle. Tunne nad \u00e4ra. L\u00e4bi oma s\u00fcdame.<\/p>","protected":false},"featured_media":4955,"template":"","meta":{"_acf_changed":false},"product_brand":[],"product_cat":[17,88,87],"product_tag":[40],"class_list":{"0":"post-4965","1":"product","2":"type-product","3":"status-publish","4":"has-post-thumbnail","6":"product_cat-korvarongad","7":"product_cat-kristallidest-korvarongad","8":"product_cat-komplektid","9":"product_tag-sudametsakra","11":"first","12":"outofstock","13":"shipping-taxable","14":"purchasable","15":"product-type-simple"},"acf":[],"yoast_head":"<!-- This site is optimized with the Yoast SEO plugin v26.3 - https:\/\/yoast.com\/wordpress\/plugins\/seo\/ -->\n<title>SAMMALAHHAATi k\u00f5rvar\u00f5ngad ja ripats - Mandala ilu<\/title>\n<meta name=\"description\" content=\"Loodud ehted on unikaalsed k\u00e4sit\u00f6\u00f6na valminud iludused, kus kasutatud vaid kvaliteetseid kristalle ja materjale. SAMMALAHHAATi k\u00f5rvar\u00f5ngad ja ripats\" \/>\n<meta name=\"robots\" content=\"index, follow, max-snippet:-1, max-image-preview:large, max-video-preview:-1\" \/>\n<link rel=\"canonical\" href=\"https:\/\/mandalailu.ee\/en\/product\/komplekt-2\/\" \/>\n<meta property=\"og:locale\" content=\"en_US\" \/>\n<meta property=\"og:type\" content=\"article\" \/>\n<meta property=\"og:title\" content=\"SAMMALAHHAATi k\u00f5rvar\u00f5ngad ja ripats - Mandala ilu\" \/>\n<meta property=\"og:description\" content=\"Loodud ehted on unikaalsed k\u00e4sit\u00f6\u00f6na valminud iludused, kus kasutatud vaid kvaliteetseid kristalle ja materjale. SAMMALAHHAATi k\u00f5rvar\u00f5ngad ja ripats\" \/>\n<meta property=\"og:url\" content=\"https:\/\/mandalailu.ee\/en\/product\/komplekt-2\/\" \/>\n<meta property=\"og:site_name\" content=\"Mandala ilu\" \/>\n<meta property=\"article:publisher\" content=\"https:\/\/www.facebook.com\/MandalaILU\" \/>\n<meta property=\"article:modified_time\" content=\"2025-10-19T09:40:48+00:00\" \/>\n<meta property=\"og:image\" content=\"https:\/\/mandalailu.ee\/wp-content\/uploads\/2025\/09\/KK0074-Mandala-ILU-kristallidest-komplekt-SammalAhhaat-1.jpg\" \/>\n\t<meta property=\"og:image:width\" content=\"750\" \/>\n\t<meta property=\"og:image:height\" content=\"750\" \/>\n\t<meta property=\"og:image:type\" content=\"image\/jpeg\" \/>\n<meta name=\"twitter:card\" content=\"summary_large_image\" \/>\n<meta name=\"twitter:label1\" content=\"Est. reading time\" \/>\n\t<meta name=\"twitter:data1\" content=\"1 minute\" \/>\n<script type=\"application\/ld+json\" class=\"yoast-schema-graph\">{\"@context\":\"https:\/\/schema.org\",\"@graph\":[{\"@type\":\"WebPage\",\"@id\":\"https:\/\/mandalailu.ee\/toode\/komplekt-2\/\",\"url\":\"https:\/\/mandalailu.ee\/toode\/komplekt-2\/\",\"name\":\"SAMMALAHHAATi k\u00f5rvar\u00f5ngad ja ripats - Mandala ilu\",\"isPartOf\":{\"@id\":\"https:\/\/mandalailu.ee\/#website\"},\"primaryImageOfPage\":{\"@id\":\"https:\/\/mandalailu.ee\/toode\/komplekt-2\/#primaryimage\"},\"image\":{\"@id\":\"https:\/\/mandalailu.ee\/toode\/komplekt-2\/#primaryimage\"},\"thumbnailUrl\":\"https:\/\/mandalailu.ee\/wp-content\/uploads\/2025\/09\/KK0074-Mandala-ILU-kristallidest-komplekt-SammalAhhaat-1.jpg\",\"datePublished\":\"2025-09-10T14:23:20+00:00\",\"dateModified\":\"2025-10-19T09:40:48+00:00\",\"description\":\"Loodud ehted on unikaalsed k\u00e4sit\u00f6\u00f6na valminud iludused, kus kasutatud vaid kvaliteetseid kristalle ja materjale. SAMMALAHHAATi k\u00f5rvar\u00f5ngad ja ripats\",\"breadcrumb\":{\"@id\":\"https:\/\/mandalailu.ee\/toode\/komplekt-2\/#breadcrumb\"},\"inLanguage\":\"en-US\",\"potentialAction\":[{\"@type\":\"ReadAction\",\"target\":[\"https:\/\/mandalailu.ee\/toode\/komplekt-2\/\"]}]},{\"@type\":\"ImageObject\",\"inLanguage\":\"en-US\",\"@id\":\"https:\/\/mandalailu.ee\/toode\/komplekt-2\/#primaryimage\",\"url\":\"https:\/\/mandalailu.ee\/wp-content\/uploads\/2025\/09\/KK0074-Mandala-ILU-kristallidest-komplekt-SammalAhhaat-1.jpg\",\"contentUrl\":\"https:\/\/mandalailu.ee\/wp-content\/uploads\/2025\/09\/KK0074-Mandala-ILU-kristallidest-komplekt-SammalAhhaat-1.jpg\",\"width\":750,\"height\":750,\"caption\":\"Unikaalsed Mandala ILU SammalAhhaadist k\u00f5rvar\u00f5ngad ja ripats. Looduse, armastuse ja sisemise rahu toetuseks.\"},{\"@type\":\"BreadcrumbList\",\"@id\":\"https:\/\/mandalailu.ee\/toode\/komplekt-2\/#breadcrumb\",\"itemListElement\":[{\"@type\":\"ListItem\",\"position\":1,\"name\":\"Home\",\"item\":\"https:\/\/mandalailu.ee\/\"},{\"@type\":\"ListItem\",\"position\":2,\"name\":\"SAMMALAHHAATi k\u00f5rvar\u00f5ngad ja ripats\"}]},{\"@type\":\"WebSite\",\"@id\":\"https:\/\/mandalailu.ee\/#website\",\"url\":\"https:\/\/mandalailu.ee\/\",\"name\":\"Mandala ilu\",\"description\":\"Unikaalsed k&auml;sit&ouml;&ouml;na valminud ehted\",\"publisher\":{\"@id\":\"https:\/\/mandalailu.ee\/#organization\"},\"potentialAction\":[{\"@type\":\"SearchAction\",\"target\":{\"@type\":\"EntryPoint\",\"urlTemplate\":\"https:\/\/mandalailu.ee\/?s={search_term_string}\"},\"query-input\":{\"@type\":\"PropertyValueSpecification\",\"valueRequired\":true,\"valueName\":\"search_term_string\"}}],\"inLanguage\":\"en-US\"},{\"@type\":\"Organization\",\"@id\":\"https:\/\/mandalailu.ee\/#organization\",\"name\":\"Mandala ILU\",\"url\":\"https:\/\/mandalailu.ee\/\",\"logo\":{\"@type\":\"ImageObject\",\"inLanguage\":\"en-US\",\"@id\":\"https:\/\/mandalailu.ee\/#\/schema\/logo\/image\/\",\"url\":\"https:\/\/mandalailu.ee\/wp-content\/uploads\/2022\/04\/cropped-Mandala-ILU-lill_block.jpg\",\"contentUrl\":\"https:\/\/mandalailu.ee\/wp-content\/uploads\/2022\/04\/cropped-Mandala-ILU-lill_block.jpg\",\"width\":512,\"height\":512,\"caption\":\"Mandala ILU\"},\"image\":{\"@id\":\"https:\/\/mandalailu.ee\/#\/schema\/logo\/image\/\"},\"sameAs\":[\"https:\/\/www.facebook.com\/MandalaILU\",\"https:\/\/www.instagram.com\/mandala.ilu.mala.ehted\/\"]}]}<\/script>\n<!-- \/ Yoast SEO plugin. -->","yoast_head_json":{"title":"SAMMALAHHAATi k\u00f5rvar\u00f5ngad ja ripats - Mandala ilu","description":"Loodud ehted on unikaalsed k\u00e4sit\u00f6\u00f6na valminud iludused, kus kasutatud vaid kvaliteetseid kristalle ja materjale. SAMMALAHHAATi k\u00f5rvar\u00f5ngad ja ripats","robots":{"index":"index","follow":"follow","max-snippet":"max-snippet:-1","max-image-preview":"max-image-preview:large","max-video-preview":"max-video-preview:-1"},"canonical":"https:\/\/mandalailu.ee\/en\/product\/komplekt-2\/","og_locale":"en_US","og_type":"article","og_title":"SAMMALAHHAATi k\u00f5rvar\u00f5ngad ja ripats - Mandala ilu","og_description":"Loodud ehted on unikaalsed k\u00e4sit\u00f6\u00f6na valminud iludused, kus kasutatud vaid kvaliteetseid kristalle ja materjale. SAMMALAHHAATi k\u00f5rvar\u00f5ngad ja ripats","og_url":"https:\/\/mandalailu.ee\/en\/product\/komplekt-2\/","og_site_name":"Mandala ilu","article_publisher":"https:\/\/www.facebook.com\/MandalaILU","article_modified_time":"2025-10-19T09:40:48+00:00","og_image":[{"width":750,"height":750,"url":"https:\/\/mandalailu.ee\/wp-content\/uploads\/2025\/09\/KK0074-Mandala-ILU-kristallidest-komplekt-SammalAhhaat-1.jpg","type":"image\/jpeg"}],"twitter_card":"summary_large_image","twitter_misc":{"Est. reading time":"1 minute"},"schema":{"@context":"https:\/\/schema.org","@graph":[{"@type":"WebPage","@id":"https:\/\/mandalailu.ee\/toode\/komplekt-2\/","url":"https:\/\/mandalailu.ee\/toode\/komplekt-2\/","name":"SAMMALAHHAATi k\u00f5rvar\u00f5ngad ja ripats - Mandala ilu","isPartOf":{"@id":"https:\/\/mandalailu.ee\/#website"},"primaryImageOfPage":{"@id":"https:\/\/mandalailu.ee\/toode\/komplekt-2\/#primaryimage"},"image":{"@id":"https:\/\/mandalailu.ee\/toode\/komplekt-2\/#primaryimage"},"thumbnailUrl":"https:\/\/mandalailu.ee\/wp-content\/uploads\/2025\/09\/KK0074-Mandala-ILU-kristallidest-komplekt-SammalAhhaat-1.jpg","datePublished":"2025-09-10T14:23:20+00:00","dateModified":"2025-10-19T09:40:48+00:00","description":"Loodud ehted on unikaalsed k\u00e4sit\u00f6\u00f6na valminud iludused, kus kasutatud vaid kvaliteetseid kristalle ja materjale. SAMMALAHHAATi k\u00f5rvar\u00f5ngad ja ripats","breadcrumb":{"@id":"https:\/\/mandalailu.ee\/toode\/komplekt-2\/#breadcrumb"},"inLanguage":"en-US","potentialAction":[{"@type":"ReadAction","target":["https:\/\/mandalailu.ee\/toode\/komplekt-2\/"]}]},{"@type":"ImageObject","inLanguage":"en-US","@id":"https:\/\/mandalailu.ee\/toode\/komplekt-2\/#primaryimage","url":"https:\/\/mandalailu.ee\/wp-content\/uploads\/2025\/09\/KK0074-Mandala-ILU-kristallidest-komplekt-SammalAhhaat-1.jpg","contentUrl":"https:\/\/mandalailu.ee\/wp-content\/uploads\/2025\/09\/KK0074-Mandala-ILU-kristallidest-komplekt-SammalAhhaat-1.jpg","width":750,"height":750,"caption":"Unikaalsed Mandala ILU SammalAhhaadist k\u00f5rvar\u00f5ngad ja ripats. Looduse, armastuse ja sisemise rahu toetuseks."},{"@type":"BreadcrumbList","@id":"https:\/\/mandalailu.ee\/toode\/komplekt-2\/#breadcrumb","itemListElement":[{"@type":"ListItem","position":1,"name":"Home","item":"https:\/\/mandalailu.ee\/"},{"@type":"ListItem","position":2,"name":"SAMMALAHHAATi k\u00f5rvar\u00f5ngad ja ripats"}]},{"@type":"WebSite","@id":"https:\/\/mandalailu.ee\/#website","url":"https:\/\/mandalailu.ee\/","name":"Mandala ilu","description":"Unikaalsed k&auml;sit&ouml;&ouml;na valminud ehted","publisher":{"@id":"https:\/\/mandalailu.ee\/#organization"},"potentialAction":[{"@type":"SearchAction","target":{"@type":"EntryPoint","urlTemplate":"https:\/\/mandalailu.ee\/?s={search_term_string}"},"query-input":{"@type":"PropertyValueSpecification","valueRequired":true,"valueName":"search_term_string"}}],"inLanguage":"en-US"},{"@type":"Organization","@id":"https:\/\/mandalailu.ee\/#organization","name":"Mandala ILU","url":"https:\/\/mandalailu.ee\/","logo":{"@type":"ImageObject","inLanguage":"en-US","@id":"https:\/\/mandalailu.ee\/#\/schema\/logo\/image\/","url":"https:\/\/mandalailu.ee\/wp-content\/uploads\/2022\/04\/cropped-Mandala-ILU-lill_block.jpg","contentUrl":"https:\/\/mandalailu.ee\/wp-content\/uploads\/2022\/04\/cropped-Mandala-ILU-lill_block.jpg","width":512,"height":512,"caption":"Mandala ILU"},"image":{"@id":"https:\/\/mandalailu.ee\/#\/schema\/logo\/image\/"},"sameAs":["https:\/\/www.facebook.com\/MandalaILU","https:\/\/www.instagram.com\/mandala.ilu.mala.ehted\/"]}]}},"_links":{"self":[{"href":"https:\/\/mandalailu.ee\/en\/wp-json\/wp\/v2\/product\/4965","targetHints":{"allow":["GET"]}}],"collection":[{"href":"https:\/\/mandalailu.ee\/en\/wp-json\/wp\/v2\/product"}],"about":[{"href":"https:\/\/mandalailu.ee\/en\/wp-json\/wp\/v2\/types\/product"}],"wp:featuredmedia":[{"embeddable":true,"href":"https:\/\/mandalailu.ee\/en\/wp-json\/wp\/v2\/media\/4955"}],"wp:attachment":[{"href":"https:\/\/mandalailu.ee\/en\/wp-json\/wp\/v2\/media?parent=4965"}],"wp:term":[{"taxonomy":"product_brand","embeddable":true,"href":"https:\/\/mandalailu.ee\/en\/wp-json\/wp\/v2\/product_brand?post=4965"},{"taxonomy":"product_cat","embeddable":true,"href":"https:\/\/mandalailu.ee\/en\/wp-json\/wp\/v2\/product_cat?post=4965"},{"taxonomy":"product_tag","embeddable":true,"href":"https:\/\/mandalailu.ee\/en\/wp-json\/wp\/v2\/product_tag?post=4965"}],"curies":[{"name":"wp","href":"https:\/\/api.w.org\/{rel}","templated":true}]}}