{"id":4968,"date":"2025-09-10T14:42:55","date_gmt":"2025-09-10T14:42:55","guid":{"rendered":"https:\/\/mandalailu.ee\/?post_type=product&#038;p=4968"},"modified":"2026-01-02T13:14:04","modified_gmt":"2026-01-02T13:14:04","slug":"komplekt-1","status":"publish","type":"product","link":"https:\/\/mandalailu.ee\/en\/product\/komplekt-1\/","title":{"rendered":"KORALLi ja HAULIITi k\u00f5rvar\u00f5ngad ja k\u00e4ev\u00f5ru"},"content":{"rendered":"<h2 style=\"text-align: center;\"><strong>KORALLi ja HAULIITi k\u00f5rvar\u00f5ngad ja k\u00e4ev\u00f5ru. Eluj\u00f5u ja rahu kooslus.<\/strong><\/h2>\n<h3><strong>Miks valida Korall ja Hauliit koos?<\/strong><\/h3>\n<ul>\n<li>Korall on eluj\u00f5u ja kire kristall, mis suurendab enesekindlust, loob kaitset ja toob ellu elur\u00f5\u00f5mu. Ta tugevdab enesekindlust ning annab julgust elada oma t\u00f5e j\u00e4rgi. Korall aitab hoida kaitset negatiivsete m\u00f5jude eest ja toetab turvatunnet. Ta ergutab elur\u00f5\u00f5mu, avab s\u00fcdame ja toob Sinu p\u00e4evadesse s\u00e4rtsu. Koralli v\u00e4gi maandab ja aitab Sul olla rohkem kohal, elu voolu usaldades.<\/li>\n<li>\u00a0Hauliit on rahu ja tasakaalu kristall, mis vaigistab meelt, vabastab \u00e4revusest ning aitab n\u00e4ha elu selgema ja avarama pilguga. Ta aitab Sul lahti lasta murem\u00f5tetest ja keskenduda sellele, mis on t\u00f5eliselt oluline. Hauliit avab s\u00fcdame armastusele ja kaastundele, soodustades harmoonilisi suhteid. Kristalli pehme energia toob rahulikku und ja s\u00fcgavamat puhkust. Hauliit toetab Sind uute alguste loomisel, tuues selgust ja kergust.<\/li>\n<\/ul>\n<p>Nad t\u00e4iendavad teineteist. Korall s\u00fctitab Sinu eluj\u00f5u, Hauliit rahustab ja loob tasakaalu.<\/p>\n<h3><strong><a href=\"https:\/\/mandalailu.ee\/en\/blogi\/sudametsakra\/\">S\u00fcdamet\u0161akra<\/a> ja <a href=\"https:\/\/mandalailu.ee\/en\/blogi\/juurtsakra\/\">Juurt\u0161akra<\/a> tugi<\/strong><\/h3>\n<p>Korall t\u00f6\u00f6tab peamiselt <a href=\"https:\/\/mandalailu.ee\/en\/blogi\/juurtsakra\/\"><strong>Juurt\u0161akraga<\/strong><\/a>, tuues Sulle j\u00f5udu ja maandust, samal ajal kui Hauliit pehmelt toetab <a href=\"https:\/\/mandalailu.ee\/en\/blogi\/sudametsakra\/\"><strong>S\u00fcdamet\u0161akra<\/strong><\/a>t, avades Sind armastusele ja sisemisele rahule. Nii aitab see ehe Sul olla korraga v\u00e4ekas ja rahulik, kirest kantud ja s\u00fcdamega tasakaalus.<\/p>\n<p style=\"text-align: right;\">Valiku <a href=\"https:\/\/mandalailu.ee\/en\/blogi\/sudametsakra\/\"><strong>s\u00fcdamet\u0161akra<\/strong><\/a> toetavaid ehteid leiad <a href=\"https:\/\/mandalailu.ee\/en\/product-tag\/sakraaltsakra\/\"><strong>SIIT<\/strong><\/a><\/p>\n<p>Kui antud k\u00f5rvar\u00f5ngad Sind k\u00f5netavad, on nad m\u00f5eldud just Sulle. Tunne nad \u00e4ra. L\u00e4bi oma s\u00fcdame.<\/p>\n<p>Ole hoitud<\/p>\n<p>KORALLi k\u00f5rvar\u00f5ngad ja ripatsi autor on Katrina Klaas<\/p>","protected":false},"excerpt":{"rendered":"<p>See eriline komplekt koosneb <strong data-start=\"396\" data-end=\"461\">Koralli ja Hauliidiga kaunistatud k\u00f5rvar\u00f5ngastest ja k\u00e4ev\u00f5rust<\/strong>. K\u00e4sit\u00f6\u00f6na loodud ainueksemplar, milles p\u00f5imuvad tule ja vee energiad.<\/p>\n<p>Kui tunned oma ehte \u00e4ra, siis tea, et just Sinu jaoks need ongi loodud.<\/p>\n<ul>\n<li>KORALLIST ja v\u00e4rvitud HAULIIDIST k\u00f5rvar\u00f5ngad ja k\u00e4ev\u00f5ru on unikaalsed k\u00e4sit\u00f6\u00f6na loodud ehted<\/li>\n<li>Kullatud h\u00f5be kinnitused<\/li>\n<li>Kaunis kinkekarp muudab need ideaalseks kingituseks kallimale v\u00f5i endale<\/li>\n<li>Eesti-sisene transport pakiautomaati on alati minu kulul<\/li>\n<li>Vali kohe, maksa hiljem. Nii on lihtne end r\u00f5\u00f5mustada.\u00a0Rohkem infot leiad\u00a0<a href=\"https:\/\/mandalailu.ee\/en\/uld-ja-muugitingimused\/#jarelmaksu-voimalus\"><strong>SIIT<\/strong><\/a><\/li>\n<\/ul>\n<p>Kui need Korallist ja Hauliidist k\u00f5rvar\u00f5ngad ja k\u00e4ev\u00f5ru Sind k\u00f5netavad, siis tea, et nii ongi. Nad on m\u00f5eldud just Sulle. Tunne nad \u00e4ra. L\u00e4bi oma s\u00fcdame.<\/p>","protected":false},"featured_media":4958,"template":"","meta":{"_acf_changed":false},"product_brand":[],"product_cat":[32,17,88,87],"product_tag":[37,40],"class_list":{"0":"post-4968","1":"product","2":"type-product","3":"status-publish","4":"has-post-thumbnail","6":"product_cat-kaevorud","7":"product_cat-korvarongad","8":"product_cat-kristallidest-korvarongad","9":"product_cat-komplektid","10":"product_tag-juurtsakra","11":"product_tag-sudametsakra","13":"first","14":"outofstock","15":"shipping-taxable","16":"purchasable","17":"product-type-simple"},"acf":[],"yoast_head":"<!-- This site is optimized with the Yoast SEO plugin v26.3 - https:\/\/yoast.com\/wordpress\/plugins\/seo\/ -->\n<title>KORALLi ja HAULIITi k\u00f5rvar\u00f5ngad ja k\u00e4ev\u00f5ru - Mandala ilu<\/title>\n<meta name=\"description\" content=\"Unikaalsed Mandala ILU Koralli ja Hauliidi k\u00f5rvar\u00f5ngad ja k\u00e4ev\u00f5ru. Eluj\u00f5u, rahu ja armastuse kristallid. Tasuta transport &amp; kinkekarp.\" \/>\n<meta name=\"robots\" content=\"index, follow, max-snippet:-1, max-image-preview:large, max-video-preview:-1\" \/>\n<link rel=\"canonical\" href=\"https:\/\/mandalailu.ee\/en\/product\/komplekt-1\/\" \/>\n<meta property=\"og:locale\" content=\"en_US\" \/>\n<meta property=\"og:type\" content=\"article\" \/>\n<meta property=\"og:title\" content=\"KORALLi ja HAULIITi k\u00f5rvar\u00f5ngad ja k\u00e4ev\u00f5ru - Mandala ilu\" \/>\n<meta property=\"og:description\" content=\"Unikaalsed Mandala ILU Koralli ja Hauliidi k\u00f5rvar\u00f5ngad ja k\u00e4ev\u00f5ru. Eluj\u00f5u, rahu ja armastuse kristallid. Tasuta transport &amp; kinkekarp.\" \/>\n<meta property=\"og:url\" content=\"https:\/\/mandalailu.ee\/en\/product\/komplekt-1\/\" \/>\n<meta property=\"og:site_name\" content=\"Mandala ilu\" \/>\n<meta property=\"article:publisher\" content=\"https:\/\/www.facebook.com\/MandalaILU\" \/>\n<meta property=\"article:modified_time\" content=\"2026-01-02T13:14:04+00:00\" \/>\n<meta property=\"og:image\" content=\"https:\/\/mandalailu.ee\/wp-content\/uploads\/2025\/09\/KK0067-Mandala-ILU-kristallidest-komplekt-Korall-ja-varvitud-Hauliit-1.jpg\" \/>\n\t<meta property=\"og:image:width\" content=\"750\" \/>\n\t<meta property=\"og:image:height\" content=\"750\" \/>\n\t<meta property=\"og:image:type\" content=\"image\/jpeg\" \/>\n<meta name=\"twitter:card\" content=\"summary_large_image\" \/>\n<meta name=\"twitter:label1\" content=\"Est. reading time\" \/>\n\t<meta name=\"twitter:data1\" content=\"1 minute\" \/>\n<script type=\"application\/ld+json\" class=\"yoast-schema-graph\">{\"@context\":\"https:\/\/schema.org\",\"@graph\":[{\"@type\":\"WebPage\",\"@id\":\"https:\/\/mandalailu.ee\/toode\/komplekt-1\/\",\"url\":\"https:\/\/mandalailu.ee\/toode\/komplekt-1\/\",\"name\":\"KORALLi ja HAULIITi k\u00f5rvar\u00f5ngad ja k\u00e4ev\u00f5ru - Mandala ilu\",\"isPartOf\":{\"@id\":\"https:\/\/mandalailu.ee\/#website\"},\"primaryImageOfPage\":{\"@id\":\"https:\/\/mandalailu.ee\/toode\/komplekt-1\/#primaryimage\"},\"image\":{\"@id\":\"https:\/\/mandalailu.ee\/toode\/komplekt-1\/#primaryimage\"},\"thumbnailUrl\":\"https:\/\/mandalailu.ee\/wp-content\/uploads\/2025\/09\/KK0067-Mandala-ILU-kristallidest-komplekt-Korall-ja-varvitud-Hauliit-1.jpg\",\"datePublished\":\"2025-09-10T14:42:55+00:00\",\"dateModified\":\"2026-01-02T13:14:04+00:00\",\"description\":\"Unikaalsed Mandala ILU Koralli ja Hauliidi k\u00f5rvar\u00f5ngad ja k\u00e4ev\u00f5ru. Eluj\u00f5u, rahu ja armastuse kristallid. Tasuta transport & kinkekarp.\",\"breadcrumb\":{\"@id\":\"https:\/\/mandalailu.ee\/toode\/komplekt-1\/#breadcrumb\"},\"inLanguage\":\"en-US\",\"potentialAction\":[{\"@type\":\"ReadAction\",\"target\":[\"https:\/\/mandalailu.ee\/toode\/komplekt-1\/\"]}]},{\"@type\":\"ImageObject\",\"inLanguage\":\"en-US\",\"@id\":\"https:\/\/mandalailu.ee\/toode\/komplekt-1\/#primaryimage\",\"url\":\"https:\/\/mandalailu.ee\/wp-content\/uploads\/2025\/09\/KK0067-Mandala-ILU-kristallidest-komplekt-Korall-ja-varvitud-Hauliit-1.jpg\",\"contentUrl\":\"https:\/\/mandalailu.ee\/wp-content\/uploads\/2025\/09\/KK0067-Mandala-ILU-kristallidest-komplekt-Korall-ja-varvitud-Hauliit-1.jpg\",\"width\":750,\"height\":750,\"caption\":\"Unikaalsed Mandala ILU Korallist ja Hauliidist k\u00f5rvar\u00f5ngad ja k\u00e4ev\u00f5ru. Eluj\u00f5u, rahu ja s\u00fcdame tasakaalu toetuseks.\"},{\"@type\":\"BreadcrumbList\",\"@id\":\"https:\/\/mandalailu.ee\/toode\/komplekt-1\/#breadcrumb\",\"itemListElement\":[{\"@type\":\"ListItem\",\"position\":1,\"name\":\"Home\",\"item\":\"https:\/\/mandalailu.ee\/\"},{\"@type\":\"ListItem\",\"position\":2,\"name\":\"KORALLi ja HAULIITi k\u00f5rvar\u00f5ngad ja k\u00e4ev\u00f5ru\"}]},{\"@type\":\"WebSite\",\"@id\":\"https:\/\/mandalailu.ee\/#website\",\"url\":\"https:\/\/mandalailu.ee\/\",\"name\":\"Mandala ilu\",\"description\":\"Unikaalsed k&auml;sit&ouml;&ouml;na valminud ehted\",\"publisher\":{\"@id\":\"https:\/\/mandalailu.ee\/#organization\"},\"potentialAction\":[{\"@type\":\"SearchAction\",\"target\":{\"@type\":\"EntryPoint\",\"urlTemplate\":\"https:\/\/mandalailu.ee\/?s={search_term_string}\"},\"query-input\":{\"@type\":\"PropertyValueSpecification\",\"valueRequired\":true,\"valueName\":\"search_term_string\"}}],\"inLanguage\":\"en-US\"},{\"@type\":\"Organization\",\"@id\":\"https:\/\/mandalailu.ee\/#organization\",\"name\":\"Mandala ILU\",\"url\":\"https:\/\/mandalailu.ee\/\",\"logo\":{\"@type\":\"ImageObject\",\"inLanguage\":\"en-US\",\"@id\":\"https:\/\/mandalailu.ee\/#\/schema\/logo\/image\/\",\"url\":\"https:\/\/mandalailu.ee\/wp-content\/uploads\/2022\/04\/cropped-Mandala-ILU-lill_block.jpg\",\"contentUrl\":\"https:\/\/mandalailu.ee\/wp-content\/uploads\/2022\/04\/cropped-Mandala-ILU-lill_block.jpg\",\"width\":512,\"height\":512,\"caption\":\"Mandala ILU\"},\"image\":{\"@id\":\"https:\/\/mandalailu.ee\/#\/schema\/logo\/image\/\"},\"sameAs\":[\"https:\/\/www.facebook.com\/MandalaILU\",\"https:\/\/www.instagram.com\/mandala.ilu.mala.ehted\/\"]}]}<\/script>\n<!-- \/ Yoast SEO plugin. -->","yoast_head_json":{"title":"KORALLi ja HAULIITi k\u00f5rvar\u00f5ngad ja k\u00e4ev\u00f5ru - Mandala ilu","description":"Unikaalsed Mandala ILU Koralli ja Hauliidi k\u00f5rvar\u00f5ngad ja k\u00e4ev\u00f5ru. Eluj\u00f5u, rahu ja armastuse kristallid. Tasuta transport & kinkekarp.","robots":{"index":"index","follow":"follow","max-snippet":"max-snippet:-1","max-image-preview":"max-image-preview:large","max-video-preview":"max-video-preview:-1"},"canonical":"https:\/\/mandalailu.ee\/en\/product\/komplekt-1\/","og_locale":"en_US","og_type":"article","og_title":"KORALLi ja HAULIITi k\u00f5rvar\u00f5ngad ja k\u00e4ev\u00f5ru - Mandala ilu","og_description":"Unikaalsed Mandala ILU Koralli ja Hauliidi k\u00f5rvar\u00f5ngad ja k\u00e4ev\u00f5ru. Eluj\u00f5u, rahu ja armastuse kristallid. Tasuta transport & kinkekarp.","og_url":"https:\/\/mandalailu.ee\/en\/product\/komplekt-1\/","og_site_name":"Mandala ilu","article_publisher":"https:\/\/www.facebook.com\/MandalaILU","article_modified_time":"2026-01-02T13:14:04+00:00","og_image":[{"width":750,"height":750,"url":"https:\/\/mandalailu.ee\/wp-content\/uploads\/2025\/09\/KK0067-Mandala-ILU-kristallidest-komplekt-Korall-ja-varvitud-Hauliit-1.jpg","type":"image\/jpeg"}],"twitter_card":"summary_large_image","twitter_misc":{"Est. reading time":"1 minute"},"schema":{"@context":"https:\/\/schema.org","@graph":[{"@type":"WebPage","@id":"https:\/\/mandalailu.ee\/toode\/komplekt-1\/","url":"https:\/\/mandalailu.ee\/toode\/komplekt-1\/","name":"KORALLi ja HAULIITi k\u00f5rvar\u00f5ngad ja k\u00e4ev\u00f5ru - Mandala ilu","isPartOf":{"@id":"https:\/\/mandalailu.ee\/#website"},"primaryImageOfPage":{"@id":"https:\/\/mandalailu.ee\/toode\/komplekt-1\/#primaryimage"},"image":{"@id":"https:\/\/mandalailu.ee\/toode\/komplekt-1\/#primaryimage"},"thumbnailUrl":"https:\/\/mandalailu.ee\/wp-content\/uploads\/2025\/09\/KK0067-Mandala-ILU-kristallidest-komplekt-Korall-ja-varvitud-Hauliit-1.jpg","datePublished":"2025-09-10T14:42:55+00:00","dateModified":"2026-01-02T13:14:04+00:00","description":"Unikaalsed Mandala ILU Koralli ja Hauliidi k\u00f5rvar\u00f5ngad ja k\u00e4ev\u00f5ru. Eluj\u00f5u, rahu ja armastuse kristallid. Tasuta transport & kinkekarp.","breadcrumb":{"@id":"https:\/\/mandalailu.ee\/toode\/komplekt-1\/#breadcrumb"},"inLanguage":"en-US","potentialAction":[{"@type":"ReadAction","target":["https:\/\/mandalailu.ee\/toode\/komplekt-1\/"]}]},{"@type":"ImageObject","inLanguage":"en-US","@id":"https:\/\/mandalailu.ee\/toode\/komplekt-1\/#primaryimage","url":"https:\/\/mandalailu.ee\/wp-content\/uploads\/2025\/09\/KK0067-Mandala-ILU-kristallidest-komplekt-Korall-ja-varvitud-Hauliit-1.jpg","contentUrl":"https:\/\/mandalailu.ee\/wp-content\/uploads\/2025\/09\/KK0067-Mandala-ILU-kristallidest-komplekt-Korall-ja-varvitud-Hauliit-1.jpg","width":750,"height":750,"caption":"Unikaalsed Mandala ILU Korallist ja Hauliidist k\u00f5rvar\u00f5ngad ja k\u00e4ev\u00f5ru. Eluj\u00f5u, rahu ja s\u00fcdame tasakaalu toetuseks."},{"@type":"BreadcrumbList","@id":"https:\/\/mandalailu.ee\/toode\/komplekt-1\/#breadcrumb","itemListElement":[{"@type":"ListItem","position":1,"name":"Home","item":"https:\/\/mandalailu.ee\/"},{"@type":"ListItem","position":2,"name":"KORALLi ja HAULIITi k\u00f5rvar\u00f5ngad ja k\u00e4ev\u00f5ru"}]},{"@type":"WebSite","@id":"https:\/\/mandalailu.ee\/#website","url":"https:\/\/mandalailu.ee\/","name":"Mandala ilu","description":"Unikaalsed k&auml;sit&ouml;&ouml;na valminud ehted","publisher":{"@id":"https:\/\/mandalailu.ee\/#organization"},"potentialAction":[{"@type":"SearchAction","target":{"@type":"EntryPoint","urlTemplate":"https:\/\/mandalailu.ee\/?s={search_term_string}"},"query-input":{"@type":"PropertyValueSpecification","valueRequired":true,"valueName":"search_term_string"}}],"inLanguage":"en-US"},{"@type":"Organization","@id":"https:\/\/mandalailu.ee\/#organization","name":"Mandala ILU","url":"https:\/\/mandalailu.ee\/","logo":{"@type":"ImageObject","inLanguage":"en-US","@id":"https:\/\/mandalailu.ee\/#\/schema\/logo\/image\/","url":"https:\/\/mandalailu.ee\/wp-content\/uploads\/2022\/04\/cropped-Mandala-ILU-lill_block.jpg","contentUrl":"https:\/\/mandalailu.ee\/wp-content\/uploads\/2022\/04\/cropped-Mandala-ILU-lill_block.jpg","width":512,"height":512,"caption":"Mandala ILU"},"image":{"@id":"https:\/\/mandalailu.ee\/#\/schema\/logo\/image\/"},"sameAs":["https:\/\/www.facebook.com\/MandalaILU","https:\/\/www.instagram.com\/mandala.ilu.mala.ehted\/"]}]}},"_links":{"self":[{"href":"https:\/\/mandalailu.ee\/en\/wp-json\/wp\/v2\/product\/4968","targetHints":{"allow":["GET"]}}],"collection":[{"href":"https:\/\/mandalailu.ee\/en\/wp-json\/wp\/v2\/product"}],"about":[{"href":"https:\/\/mandalailu.ee\/en\/wp-json\/wp\/v2\/types\/product"}],"wp:featuredmedia":[{"embeddable":true,"href":"https:\/\/mandalailu.ee\/en\/wp-json\/wp\/v2\/media\/4958"}],"wp:attachment":[{"href":"https:\/\/mandalailu.ee\/en\/wp-json\/wp\/v2\/media?parent=4968"}],"wp:term":[{"taxonomy":"product_brand","embeddable":true,"href":"https:\/\/mandalailu.ee\/en\/wp-json\/wp\/v2\/product_brand?post=4968"},{"taxonomy":"product_cat","embeddable":true,"href":"https:\/\/mandalailu.ee\/en\/wp-json\/wp\/v2\/product_cat?post=4968"},{"taxonomy":"product_tag","embeddable":true,"href":"https:\/\/mandalailu.ee\/en\/wp-json\/wp\/v2\/product_tag?post=4968"}],"curies":[{"name":"wp","href":"https:\/\/api.w.org\/{rel}","templated":true}]}}