{"id":4986,"date":"2025-09-12T15:28:11","date_gmt":"2025-09-12T15:28:11","guid":{"rendered":"https:\/\/mandalailu.ee\/?post_type=product&#038;p=4986"},"modified":"2025-11-27T11:19:11","modified_gmt":"2025-11-27T11:19:11","slug":"ripats-1","status":"publish","type":"product","link":"https:\/\/mandalailu.ee\/en\/product\/ripats-1\/","title":{"rendered":"Draakoni Ahhaat ripats"},"content":{"rendered":"<h2 style=\"text-align: center;\"><strong>Draakoni Ahhaat ehk Lohev\u00e4lja ripats.\u00a0<\/strong><\/h2>\n<p>Draakoni Ahhaat on v\u00e4ekas kristall, mis \u00e4ratab kandjas sisemise j\u00f5u ja hingerahu \u00fcheaegselt. Ta aitab Sul m\u00e4rgata oma t\u00f5elist kutsumust ning julgustab astuma samme, mis viivad Sind ausa ja s\u00fcgava eneseteostuseni. Kristalli peen muster meenutab iidseid v\u00e4ekoode, mis avavad intuitsiooni ja toetavad otsuste selgust. Draakoni Ahhaat maandab \u00e4revust ja hajutab meeles kaose, tuues asemele kindla keskme ja stabiilsuse. Ta aitab vabastada energiat\u00f5kkeid, mis on tekkinud hirmude v\u00f5i vanade m\u00e4lestuste tulemusena. Kivi kannab endas tugevat kaitseenergiat, mis hoiab Sinu v\u00e4ev\u00e4lja puhtana ja tugevana. Draakoni Ahhaat toetab loovust nii vaimses kui materiaalses m\u00f5ttes, aidates ideedel vabamalt lennata. Ta annab j\u00f5udu keerulistel hetkedel ja aitab j\u00e4\u00e4da truuks oma s\u00fcdamesoovidele. Kivi kannab endas lohe arhet\u00fc\u00fcpi, mis s\u00fcmboliseerib tarkust, tugevust ja v\u00f5imet \u00fcletada piire. Draakoni Ahhaadi kandmine toob igasse p\u00e4eva tasakaalu, v\u00e4ge ja sisemist selgust.<\/p>\n<p>Draakoni Ahhaat toetab eelk\u00f5ige <a href=\"https:\/\/mandalailu.ee\/en\/blogi\/juurtsakra\/\"><strong>Juurt\u0161akra<\/strong><\/a>t, aidates Sul tunda end turvaliselt ja maandatult. Samal ajal aktiveerib ta <a href=\"https:\/\/mandalailu.ee\/en\/blogi\/paikesepoimik\/\"><strong>P\u00e4ikesep\u00f5imiku t\u0161akra<\/strong><\/a> v\u00e4ev\u00e4lja, avades enesekindlust ja isikliku j\u00f5u energiat. Ta toetab ka <a href=\"https:\/\/mandalailu.ee\/en\/blogi\/tsakrad\/\"><strong>Kolmandat Silma<\/strong><\/a>, tuues intuitiivset selgust ja teravdatud sisetaju. Kivi loob \u00fchenduse nende <strong><a href=\"https:\/\/mandalailu.ee\/en\/blogi\/tsakrad\/\">t\u0161akrate<\/a><\/strong> vahel, et Su energia voolaks tasakaaluka ja loova j\u00f5una. Draakoni Ahhaat aitab Sul tunneta oma teed nii maa kui vaimu tasandil, hoides keha ja hinge harmoonias.<\/p>\n<p>&nbsp;<\/p>\n<p>Kui antud ripats Sind k\u00f5netab, on ta m\u00f5eldud just Sulle. Tunne ta \u00e4ra. L\u00e4bi oma s\u00fcdame.<\/p>\n<p>Draakoni Ahhaat ripats autor on Katrina Klaas<br \/>\n<strong>Ole hoitud, l\u00e4bi armastuse<\/strong><\/p>","protected":false},"excerpt":{"rendered":"<p>See ainulaadne k\u00e4sit\u00f6\u00f6na valminud Draakoni Ahhaadi ripats on kui v\u00e4ev\u00e4li, mis \u00e4ratab Sinu sisemise j\u00f5u ja hoiab Su sammu kindlana k\u00f5igil elu radadel. Draakoni Ahhaat on tuntud oma tugeva kaitseenergia, s\u00fcgava selguse ja sisemist j\u00f5udu avava v\u00e4e poolest.<\/p>\n<ul>\n<li>Draakoni Ahhaat\u00a0 ripats on <strong>unikaalne<\/strong> k\u00e4sit\u00f6\u00f6na loodud ehe<\/li>\n<li><strong>Kullatud<\/strong> traadist kinnitus<\/li>\n<li>Fotol olev kaelakett ei kuulu komlpekti<\/li>\n<li>Kaunis <strong>kinkekarp<\/strong> muudab selle ideaalseks kingituseks kallimale v\u00f5i endale<\/li>\n<li>Eesti-sisene transport pakiautomaati on alati minu kulul<\/li>\n<li><strong>Vali kohe, maksa hiljem<\/strong>. Nii on lihtne end r\u00f5\u00f5mustada.\u00a0Rohkem infot leiad\u00a0<a href=\"https:\/\/mandalailu.ee\/en\/uld-ja-muugitingimused\/#jarelmaksu-voimalus\"><strong>SIIT<\/strong><\/a><\/li>\n<\/ul>\n<p>Kui See Draakoni Ahhaat ripats Sind k\u00f5netab, siis tea, et nii ongi. Ta on m\u00f5eldud just Sulle. Tunne ta \u00e4ra. L\u00e4bi oma s\u00fcdame.<\/p>","protected":false},"featured_media":5150,"template":"","meta":{"_acf_changed":false},"product_brand":[],"product_cat":[86],"product_tag":[37,42,39],"class_list":{"0":"post-4986","1":"product","2":"type-product","3":"status-publish","4":"has-post-thumbnail","6":"product_cat-ripatsid","7":"product_tag-juurtsakra","8":"product_tag-kolmanda-silma-tsakra","9":"product_tag-paikesepoimik","11":"first","12":"instock","13":"shipping-taxable","14":"purchasable","15":"product-type-simple"},"acf":[],"yoast_head":"<!-- This site is optimized with the Yoast SEO plugin v26.3 - https:\/\/yoast.com\/wordpress\/plugins\/seo\/ -->\n<title>Draakoni Ahhaat ripats - Mandala ilu<\/title>\n<meta name=\"description\" content=\"Draakoni Ahhaadi ehk Lohev\u00e4lja ripats toob Sulle kaitset selgust ja sisemist j\u00f5udu. V\u00e4ekas kristall toetab enesekindlust ja maandust igal sammul.\" \/>\n<meta name=\"robots\" content=\"index, follow, max-snippet:-1, max-image-preview:large, max-video-preview:-1\" \/>\n<link rel=\"canonical\" href=\"https:\/\/mandalailu.ee\/en\/product\/ripats-1\/\" \/>\n<meta property=\"og:locale\" content=\"en_US\" \/>\n<meta property=\"og:type\" content=\"article\" \/>\n<meta property=\"og:title\" content=\"Draakoni Ahhaat ripats - Mandala ilu\" \/>\n<meta property=\"og:description\" content=\"Draakoni Ahhaadi ehk Lohev\u00e4lja ripats toob Sulle kaitset selgust ja sisemist j\u00f5udu. V\u00e4ekas kristall toetab enesekindlust ja maandust igal sammul.\" \/>\n<meta property=\"og:url\" content=\"https:\/\/mandalailu.ee\/en\/product\/ripats-1\/\" \/>\n<meta property=\"og:site_name\" content=\"Mandala ilu\" \/>\n<meta property=\"article:publisher\" content=\"https:\/\/www.facebook.com\/MandalaILU\" \/>\n<meta property=\"article:modified_time\" content=\"2025-11-27T11:19:11+00:00\" \/>\n<meta property=\"og:image\" content=\"https:\/\/mandalailu.ee\/wp-content\/uploads\/2025\/11\/KK0081-Mandala-ILU-kristallidest-ripats-Draakoni-Ahhaat-2.jpg\" \/>\n\t<meta property=\"og:image:width\" content=\"750\" \/>\n\t<meta property=\"og:image:height\" content=\"750\" \/>\n\t<meta property=\"og:image:type\" content=\"image\/jpeg\" \/>\n<meta name=\"twitter:card\" content=\"summary_large_image\" \/>\n<meta name=\"twitter:label1\" content=\"Est. reading time\" \/>\n\t<meta name=\"twitter:data1\" content=\"1 minute\" \/>\n<script type=\"application\/ld+json\" class=\"yoast-schema-graph\">{\"@context\":\"https:\/\/schema.org\",\"@graph\":[{\"@type\":\"WebPage\",\"@id\":\"https:\/\/mandalailu.ee\/toode\/ripats-1\/\",\"url\":\"https:\/\/mandalailu.ee\/toode\/ripats-1\/\",\"name\":\"Draakoni Ahhaat ripats - Mandala ilu\",\"isPartOf\":{\"@id\":\"https:\/\/mandalailu.ee\/#website\"},\"primaryImageOfPage\":{\"@id\":\"https:\/\/mandalailu.ee\/toode\/ripats-1\/#primaryimage\"},\"image\":{\"@id\":\"https:\/\/mandalailu.ee\/toode\/ripats-1\/#primaryimage\"},\"thumbnailUrl\":\"https:\/\/mandalailu.ee\/wp-content\/uploads\/2025\/11\/KK0081-Mandala-ILU-kristallidest-ripats-Draakoni-Ahhaat-2.jpg\",\"datePublished\":\"2025-09-12T15:28:11+00:00\",\"dateModified\":\"2025-11-27T11:19:11+00:00\",\"description\":\"Draakoni Ahhaadi ehk Lohev\u00e4lja ripats toob Sulle kaitset selgust ja sisemist j\u00f5udu. V\u00e4ekas kristall toetab enesekindlust ja maandust igal sammul.\",\"breadcrumb\":{\"@id\":\"https:\/\/mandalailu.ee\/toode\/ripats-1\/#breadcrumb\"},\"inLanguage\":\"en-US\",\"potentialAction\":[{\"@type\":\"ReadAction\",\"target\":[\"https:\/\/mandalailu.ee\/toode\/ripats-1\/\"]}]},{\"@type\":\"ImageObject\",\"inLanguage\":\"en-US\",\"@id\":\"https:\/\/mandalailu.ee\/toode\/ripats-1\/#primaryimage\",\"url\":\"https:\/\/mandalailu.ee\/wp-content\/uploads\/2025\/11\/KK0081-Mandala-ILU-kristallidest-ripats-Draakoni-Ahhaat-2.jpg\",\"contentUrl\":\"https:\/\/mandalailu.ee\/wp-content\/uploads\/2025\/11\/KK0081-Mandala-ILU-kristallidest-ripats-Draakoni-Ahhaat-2.jpg\",\"width\":750,\"height\":750,\"caption\":\"V\u00e4ekas Draakoni Ahhaadi ehk Lohev\u00e4lja ripats Mandala ILU kollektsioonis. Kristalli loheline ja soomuseline muster toob Sulle kaitset, selgust ja sisemist j\u00f5udu.\"},{\"@type\":\"BreadcrumbList\",\"@id\":\"https:\/\/mandalailu.ee\/toode\/ripats-1\/#breadcrumb\",\"itemListElement\":[{\"@type\":\"ListItem\",\"position\":1,\"name\":\"Home\",\"item\":\"https:\/\/mandalailu.ee\/\"},{\"@type\":\"ListItem\",\"position\":2,\"name\":\"Draakoni Ahhaat ripats\"}]},{\"@type\":\"WebSite\",\"@id\":\"https:\/\/mandalailu.ee\/#website\",\"url\":\"https:\/\/mandalailu.ee\/\",\"name\":\"Mandala ilu\",\"description\":\"Unikaalsed k&auml;sit&ouml;&ouml;na valminud ehted\",\"publisher\":{\"@id\":\"https:\/\/mandalailu.ee\/#organization\"},\"potentialAction\":[{\"@type\":\"SearchAction\",\"target\":{\"@type\":\"EntryPoint\",\"urlTemplate\":\"https:\/\/mandalailu.ee\/?s={search_term_string}\"},\"query-input\":{\"@type\":\"PropertyValueSpecification\",\"valueRequired\":true,\"valueName\":\"search_term_string\"}}],\"inLanguage\":\"en-US\"},{\"@type\":\"Organization\",\"@id\":\"https:\/\/mandalailu.ee\/#organization\",\"name\":\"Mandala ILU\",\"url\":\"https:\/\/mandalailu.ee\/\",\"logo\":{\"@type\":\"ImageObject\",\"inLanguage\":\"en-US\",\"@id\":\"https:\/\/mandalailu.ee\/#\/schema\/logo\/image\/\",\"url\":\"https:\/\/mandalailu.ee\/wp-content\/uploads\/2022\/04\/cropped-Mandala-ILU-lill_block.jpg\",\"contentUrl\":\"https:\/\/mandalailu.ee\/wp-content\/uploads\/2022\/04\/cropped-Mandala-ILU-lill_block.jpg\",\"width\":512,\"height\":512,\"caption\":\"Mandala ILU\"},\"image\":{\"@id\":\"https:\/\/mandalailu.ee\/#\/schema\/logo\/image\/\"},\"sameAs\":[\"https:\/\/www.facebook.com\/MandalaILU\",\"https:\/\/www.instagram.com\/mandala.ilu.mala.ehted\/\"]}]}<\/script>\n<!-- \/ Yoast SEO plugin. -->","yoast_head_json":{"title":"Draakoni Ahhaat ripats - Mandala ilu","description":"Draakoni Ahhaadi ehk Lohev\u00e4lja ripats toob Sulle kaitset selgust ja sisemist j\u00f5udu. V\u00e4ekas kristall toetab enesekindlust ja maandust igal sammul.","robots":{"index":"index","follow":"follow","max-snippet":"max-snippet:-1","max-image-preview":"max-image-preview:large","max-video-preview":"max-video-preview:-1"},"canonical":"https:\/\/mandalailu.ee\/en\/product\/ripats-1\/","og_locale":"en_US","og_type":"article","og_title":"Draakoni Ahhaat ripats - Mandala ilu","og_description":"Draakoni Ahhaadi ehk Lohev\u00e4lja ripats toob Sulle kaitset selgust ja sisemist j\u00f5udu. V\u00e4ekas kristall toetab enesekindlust ja maandust igal sammul.","og_url":"https:\/\/mandalailu.ee\/en\/product\/ripats-1\/","og_site_name":"Mandala ilu","article_publisher":"https:\/\/www.facebook.com\/MandalaILU","article_modified_time":"2025-11-27T11:19:11+00:00","og_image":[{"width":750,"height":750,"url":"https:\/\/mandalailu.ee\/wp-content\/uploads\/2025\/11\/KK0081-Mandala-ILU-kristallidest-ripats-Draakoni-Ahhaat-2.jpg","type":"image\/jpeg"}],"twitter_card":"summary_large_image","twitter_misc":{"Est. reading time":"1 minute"},"schema":{"@context":"https:\/\/schema.org","@graph":[{"@type":"WebPage","@id":"https:\/\/mandalailu.ee\/toode\/ripats-1\/","url":"https:\/\/mandalailu.ee\/toode\/ripats-1\/","name":"Draakoni Ahhaat ripats - Mandala ilu","isPartOf":{"@id":"https:\/\/mandalailu.ee\/#website"},"primaryImageOfPage":{"@id":"https:\/\/mandalailu.ee\/toode\/ripats-1\/#primaryimage"},"image":{"@id":"https:\/\/mandalailu.ee\/toode\/ripats-1\/#primaryimage"},"thumbnailUrl":"https:\/\/mandalailu.ee\/wp-content\/uploads\/2025\/11\/KK0081-Mandala-ILU-kristallidest-ripats-Draakoni-Ahhaat-2.jpg","datePublished":"2025-09-12T15:28:11+00:00","dateModified":"2025-11-27T11:19:11+00:00","description":"Draakoni Ahhaadi ehk Lohev\u00e4lja ripats toob Sulle kaitset selgust ja sisemist j\u00f5udu. V\u00e4ekas kristall toetab enesekindlust ja maandust igal sammul.","breadcrumb":{"@id":"https:\/\/mandalailu.ee\/toode\/ripats-1\/#breadcrumb"},"inLanguage":"en-US","potentialAction":[{"@type":"ReadAction","target":["https:\/\/mandalailu.ee\/toode\/ripats-1\/"]}]},{"@type":"ImageObject","inLanguage":"en-US","@id":"https:\/\/mandalailu.ee\/toode\/ripats-1\/#primaryimage","url":"https:\/\/mandalailu.ee\/wp-content\/uploads\/2025\/11\/KK0081-Mandala-ILU-kristallidest-ripats-Draakoni-Ahhaat-2.jpg","contentUrl":"https:\/\/mandalailu.ee\/wp-content\/uploads\/2025\/11\/KK0081-Mandala-ILU-kristallidest-ripats-Draakoni-Ahhaat-2.jpg","width":750,"height":750,"caption":"V\u00e4ekas Draakoni Ahhaadi ehk Lohev\u00e4lja ripats Mandala ILU kollektsioonis. Kristalli loheline ja soomuseline muster toob Sulle kaitset, selgust ja sisemist j\u00f5udu."},{"@type":"BreadcrumbList","@id":"https:\/\/mandalailu.ee\/toode\/ripats-1\/#breadcrumb","itemListElement":[{"@type":"ListItem","position":1,"name":"Home","item":"https:\/\/mandalailu.ee\/"},{"@type":"ListItem","position":2,"name":"Draakoni Ahhaat ripats"}]},{"@type":"WebSite","@id":"https:\/\/mandalailu.ee\/#website","url":"https:\/\/mandalailu.ee\/","name":"Mandala ilu","description":"Unikaalsed k&auml;sit&ouml;&ouml;na valminud ehted","publisher":{"@id":"https:\/\/mandalailu.ee\/#organization"},"potentialAction":[{"@type":"SearchAction","target":{"@type":"EntryPoint","urlTemplate":"https:\/\/mandalailu.ee\/?s={search_term_string}"},"query-input":{"@type":"PropertyValueSpecification","valueRequired":true,"valueName":"search_term_string"}}],"inLanguage":"en-US"},{"@type":"Organization","@id":"https:\/\/mandalailu.ee\/#organization","name":"Mandala ILU","url":"https:\/\/mandalailu.ee\/","logo":{"@type":"ImageObject","inLanguage":"en-US","@id":"https:\/\/mandalailu.ee\/#\/schema\/logo\/image\/","url":"https:\/\/mandalailu.ee\/wp-content\/uploads\/2022\/04\/cropped-Mandala-ILU-lill_block.jpg","contentUrl":"https:\/\/mandalailu.ee\/wp-content\/uploads\/2022\/04\/cropped-Mandala-ILU-lill_block.jpg","width":512,"height":512,"caption":"Mandala ILU"},"image":{"@id":"https:\/\/mandalailu.ee\/#\/schema\/logo\/image\/"},"sameAs":["https:\/\/www.facebook.com\/MandalaILU","https:\/\/www.instagram.com\/mandala.ilu.mala.ehted\/"]}]}},"_links":{"self":[{"href":"https:\/\/mandalailu.ee\/en\/wp-json\/wp\/v2\/product\/4986","targetHints":{"allow":["GET"]}}],"collection":[{"href":"https:\/\/mandalailu.ee\/en\/wp-json\/wp\/v2\/product"}],"about":[{"href":"https:\/\/mandalailu.ee\/en\/wp-json\/wp\/v2\/types\/product"}],"wp:featuredmedia":[{"embeddable":true,"href":"https:\/\/mandalailu.ee\/en\/wp-json\/wp\/v2\/media\/5150"}],"wp:attachment":[{"href":"https:\/\/mandalailu.ee\/en\/wp-json\/wp\/v2\/media?parent=4986"}],"wp:term":[{"taxonomy":"product_brand","embeddable":true,"href":"https:\/\/mandalailu.ee\/en\/wp-json\/wp\/v2\/product_brand?post=4986"},{"taxonomy":"product_cat","embeddable":true,"href":"https:\/\/mandalailu.ee\/en\/wp-json\/wp\/v2\/product_cat?post=4986"},{"taxonomy":"product_tag","embeddable":true,"href":"https:\/\/mandalailu.ee\/en\/wp-json\/wp\/v2\/product_tag?post=4986"}],"curies":[{"name":"wp","href":"https:\/\/api.w.org\/{rel}","templated":true}]}}