{"id":4990,"date":"2025-09-12T15:55:15","date_gmt":"2025-09-12T15:55:15","guid":{"rendered":"https:\/\/mandalailu.ee\/?post_type=product&#038;p=4990"},"modified":"2025-11-27T11:20:37","modified_gmt":"2025-11-27T11:20:37","slug":"ripats-3","status":"publish","type":"product","link":"https:\/\/mandalailu.ee\/en\/product\/ripats-3\/","title":{"rendered":"ROOSA KVARTS ripats"},"content":{"rendered":"<h2 style=\"text-align: center;\"><strong>Roosa Kvartsi ripats, armastuse ja helluse kristall<\/strong><\/h2>\n<p>Roosa Kvarts on s\u00fcdame ja armastuse kristall, mis toob Su ellu \u00f5rnust ja soojust. Ta aitab avada s\u00fcdant nii enese kui teiste armastusele. See kristall on tuntud oma rahustava energia poolest, mis aitab vabastada stressi ja \u00e4revust. Roosa Kvarts soodustab harmooniat suhetes ja loob turvatunde. Ta on suurep\u00e4rane abiline, kui soovid s\u00fcvendada enesearmastust ja eneseusaldust. Meditatsioonis aitab Roosa Kvarts Sul leida sisemist rahu ja tasakaalu. Ta toetab kaastunde ja lahkuse arengut. Kristalli energia aitab Sul vabaneda negatiivsetest tunnetest ja tuua asemele armastuse vibratsiooni. Roosa Kvarts on \u00f5rn, kuid v\u00e4ekas, tuletades Sulle meelde, et oled armastust v\u00e4\u00e4rt. Ripatsina kandes saad igal hetkel \u00fchenduse armastuse ja s\u00fcdamevalgusega.<\/p>\n<p>Roosa Kvarts toetab k\u00f5ige enam <a href=\"https:\/\/mandalailu.ee\/en\/blogi\/sudametsakra\/\"><strong>S\u00fcdame t\u0161akrat<\/strong><\/a>, avades Su s\u00fcdame armastusele ja sisemisele rahule. Ta aitab vabastada hirme, mis takistavad armastuse kogemist. Roosa Kvarts loob ruumi hellusele ja lahkusele, tugevdades Sinu sidet iseenda ja teistega. S\u00fcdame tasandil aitab ta luua harmooniat, usaldust ja kaastunnet.\u00a0Kandes Roosa Kvartsi ripatsit on Sul alati kaasas kristall, mis toob rahu ja tasakaalu emotsioonidesse. Ta tuletab Sulle meelde, et oled v\u00e4\u00e4rt armastust ja hoolimist. Roosa Kvarts toetab Sind nii rasketel aegadel kui ka r\u00f5\u00f5muhetkedel. See ripats on kui s\u00fcdame valgus, mis hoiab Sind \u00f5rnalt ja kindlalt igas olukorras.<\/p>\n<p>&nbsp;<\/p>\n<p>Kui antud ripats Sind k\u00f5netab, on ta m\u00f5eldud just Sulle. Tunne ta \u00e4ra. L\u00e4bi oma s\u00fcdame.<\/p>\n<p>Roosa Kvarts ripats autor on Katrina Klaas<br \/>\n<strong>Ole hoitud, l\u00e4bi armastuse<\/strong><\/p>","protected":false},"excerpt":{"rendered":"<p>K\u00e4sit\u00f6\u00f6na valminud Roosa Kvartsi ripats on ehe, mis kiirgab \u00f5rnust, armastust ja s\u00fcdamesoojust. Roosa Kvarts on tuntud kui tingimusteta armastuse kristall, mis avab Sinu s\u00fcdame ja toob ellu pehmust. Ta toetab Sind nii enesearmastuse kasvatamisel kui ka suhetes harmoonia loomisel.<\/p>\n<ul>\n<li>Roosa Kvarts ripats on unikaalne k\u00e4sit\u00f6\u00f6na loodud ehe<\/li>\n<li>H\u00f5bedasest traadist kinnitus<\/li>\n<li>Fotol olev kaelakett ei kuulu komlpekti<\/li>\n<li>Kaunis kinkekarp muudab selle ideaalseks kingituseks kallimale v\u00f5i endale<\/li>\n<li>Eesti-sisene transport pakiautomaati on alati minu kulul<\/li>\n<li>Vali kohe, maksa hiljem. Nii on lihtne end r\u00f5\u00f5mustada.\u00a0Rohkem infot leiad\u00a0<a href=\"https:\/\/mandalailu.ee\/en\/uld-ja-muugitingimused\/#jarelmaksu-voimalus\"><strong>SIIT<\/strong><\/a><\/li>\n<\/ul>\n<p>Kui see Roosa Kvarts ripats Sind k\u00f5netab, siis tea, et nii ongi. Ta on m\u00f5eldud just Sulle. Tunne ta \u00e4ra. L\u00e4bi oma s\u00fcdame.<\/p>","protected":false},"featured_media":4971,"template":"","meta":{"_acf_changed":false},"product_brand":[],"product_cat":[86],"product_tag":[40],"class_list":{"0":"post-4990","1":"product","2":"type-product","3":"status-publish","4":"has-post-thumbnail","6":"product_cat-ripatsid","7":"product_tag-sudametsakra","9":"first","10":"instock","11":"shipping-taxable","12":"purchasable","13":"product-type-simple"},"acf":[],"yoast_head":"<!-- This site is optimized with the Yoast SEO plugin v26.3 - https:\/\/yoast.com\/wordpress\/plugins\/seo\/ -->\n<title>ROOSA KVARTS ripats - Mandala ilu<\/title>\n<meta name=\"description\" content=\"Roosa Kvartsi ripats avab s\u00fcdame armastusele ja rahule. Mandala ILU unikaalne k\u00e4sit\u00f6\u00f6ehe toob Sinu ellu hellust ja harmooniat.\" \/>\n<meta name=\"robots\" content=\"index, follow, max-snippet:-1, max-image-preview:large, max-video-preview:-1\" \/>\n<link rel=\"canonical\" href=\"https:\/\/mandalailu.ee\/en\/product\/ripats-3\/\" \/>\n<meta property=\"og:locale\" content=\"en_US\" \/>\n<meta property=\"og:type\" content=\"article\" \/>\n<meta property=\"og:title\" content=\"ROOSA KVARTS ripats - Mandala ilu\" \/>\n<meta property=\"og:description\" content=\"Roosa Kvartsi ripats avab s\u00fcdame armastusele ja rahule. Mandala ILU unikaalne k\u00e4sit\u00f6\u00f6ehe toob Sinu ellu hellust ja harmooniat.\" \/>\n<meta property=\"og:url\" content=\"https:\/\/mandalailu.ee\/en\/product\/ripats-3\/\" \/>\n<meta property=\"og:site_name\" content=\"Mandala ilu\" \/>\n<meta property=\"article:publisher\" content=\"https:\/\/www.facebook.com\/MandalaILU\" \/>\n<meta property=\"article:modified_time\" content=\"2025-11-27T11:20:37+00:00\" \/>\n<meta property=\"og:image\" content=\"https:\/\/mandalailu.ee\/wp-content\/uploads\/2025\/09\/KK0075-Mandala-ILU-kristallidest-ripats-RoosaKvarts-1.jpg\" \/>\n\t<meta property=\"og:image:width\" content=\"750\" \/>\n\t<meta property=\"og:image:height\" content=\"750\" \/>\n\t<meta property=\"og:image:type\" content=\"image\/jpeg\" \/>\n<meta name=\"twitter:card\" content=\"summary_large_image\" \/>\n<meta name=\"twitter:label1\" content=\"Est. reading time\" \/>\n\t<meta name=\"twitter:data1\" content=\"1 minute\" \/>\n<script type=\"application\/ld+json\" class=\"yoast-schema-graph\">{\"@context\":\"https:\/\/schema.org\",\"@graph\":[{\"@type\":\"WebPage\",\"@id\":\"https:\/\/mandalailu.ee\/toode\/ripats-3\/\",\"url\":\"https:\/\/mandalailu.ee\/toode\/ripats-3\/\",\"name\":\"ROOSA KVARTS ripats - Mandala ilu\",\"isPartOf\":{\"@id\":\"https:\/\/mandalailu.ee\/#website\"},\"primaryImageOfPage\":{\"@id\":\"https:\/\/mandalailu.ee\/toode\/ripats-3\/#primaryimage\"},\"image\":{\"@id\":\"https:\/\/mandalailu.ee\/toode\/ripats-3\/#primaryimage\"},\"thumbnailUrl\":\"https:\/\/mandalailu.ee\/wp-content\/uploads\/2025\/09\/KK0075-Mandala-ILU-kristallidest-ripats-RoosaKvarts-1.jpg\",\"datePublished\":\"2025-09-12T15:55:15+00:00\",\"dateModified\":\"2025-11-27T11:20:37+00:00\",\"description\":\"Roosa Kvartsi ripats avab s\u00fcdame armastusele ja rahule. Mandala ILU unikaalne k\u00e4sit\u00f6\u00f6ehe toob Sinu ellu hellust ja harmooniat.\",\"breadcrumb\":{\"@id\":\"https:\/\/mandalailu.ee\/toode\/ripats-3\/#breadcrumb\"},\"inLanguage\":\"en-US\",\"potentialAction\":[{\"@type\":\"ReadAction\",\"target\":[\"https:\/\/mandalailu.ee\/toode\/ripats-3\/\"]}]},{\"@type\":\"ImageObject\",\"inLanguage\":\"en-US\",\"@id\":\"https:\/\/mandalailu.ee\/toode\/ripats-3\/#primaryimage\",\"url\":\"https:\/\/mandalailu.ee\/wp-content\/uploads\/2025\/09\/KK0075-Mandala-ILU-kristallidest-ripats-RoosaKvarts-1.jpg\",\"contentUrl\":\"https:\/\/mandalailu.ee\/wp-content\/uploads\/2025\/09\/KK0075-Mandala-ILU-kristallidest-ripats-RoosaKvarts-1.jpg\",\"width\":750,\"height\":750,\"caption\":\"K\u00e4sit\u00f6\u00f6na valmistatud Roosa Kvartsi ripats, armastuse ja helluse kristall, Mandala ILU\"},{\"@type\":\"BreadcrumbList\",\"@id\":\"https:\/\/mandalailu.ee\/toode\/ripats-3\/#breadcrumb\",\"itemListElement\":[{\"@type\":\"ListItem\",\"position\":1,\"name\":\"Home\",\"item\":\"https:\/\/mandalailu.ee\/\"},{\"@type\":\"ListItem\",\"position\":2,\"name\":\"ROOSA KVARTS ripats\"}]},{\"@type\":\"WebSite\",\"@id\":\"https:\/\/mandalailu.ee\/#website\",\"url\":\"https:\/\/mandalailu.ee\/\",\"name\":\"Mandala ilu\",\"description\":\"Unikaalsed k&auml;sit&ouml;&ouml;na valminud ehted\",\"publisher\":{\"@id\":\"https:\/\/mandalailu.ee\/#organization\"},\"potentialAction\":[{\"@type\":\"SearchAction\",\"target\":{\"@type\":\"EntryPoint\",\"urlTemplate\":\"https:\/\/mandalailu.ee\/?s={search_term_string}\"},\"query-input\":{\"@type\":\"PropertyValueSpecification\",\"valueRequired\":true,\"valueName\":\"search_term_string\"}}],\"inLanguage\":\"en-US\"},{\"@type\":\"Organization\",\"@id\":\"https:\/\/mandalailu.ee\/#organization\",\"name\":\"Mandala ILU\",\"url\":\"https:\/\/mandalailu.ee\/\",\"logo\":{\"@type\":\"ImageObject\",\"inLanguage\":\"en-US\",\"@id\":\"https:\/\/mandalailu.ee\/#\/schema\/logo\/image\/\",\"url\":\"https:\/\/mandalailu.ee\/wp-content\/uploads\/2022\/04\/cropped-Mandala-ILU-lill_block.jpg\",\"contentUrl\":\"https:\/\/mandalailu.ee\/wp-content\/uploads\/2022\/04\/cropped-Mandala-ILU-lill_block.jpg\",\"width\":512,\"height\":512,\"caption\":\"Mandala ILU\"},\"image\":{\"@id\":\"https:\/\/mandalailu.ee\/#\/schema\/logo\/image\/\"},\"sameAs\":[\"https:\/\/www.facebook.com\/MandalaILU\",\"https:\/\/www.instagram.com\/mandala.ilu.mala.ehted\/\"]}]}<\/script>\n<!-- \/ Yoast SEO plugin. -->","yoast_head_json":{"title":"ROOSA KVARTS ripats - Mandala ilu","description":"Roosa Kvartsi ripats avab s\u00fcdame armastusele ja rahule. Mandala ILU unikaalne k\u00e4sit\u00f6\u00f6ehe toob Sinu ellu hellust ja harmooniat.","robots":{"index":"index","follow":"follow","max-snippet":"max-snippet:-1","max-image-preview":"max-image-preview:large","max-video-preview":"max-video-preview:-1"},"canonical":"https:\/\/mandalailu.ee\/en\/product\/ripats-3\/","og_locale":"en_US","og_type":"article","og_title":"ROOSA KVARTS ripats - Mandala ilu","og_description":"Roosa Kvartsi ripats avab s\u00fcdame armastusele ja rahule. Mandala ILU unikaalne k\u00e4sit\u00f6\u00f6ehe toob Sinu ellu hellust ja harmooniat.","og_url":"https:\/\/mandalailu.ee\/en\/product\/ripats-3\/","og_site_name":"Mandala ilu","article_publisher":"https:\/\/www.facebook.com\/MandalaILU","article_modified_time":"2025-11-27T11:20:37+00:00","og_image":[{"width":750,"height":750,"url":"https:\/\/mandalailu.ee\/wp-content\/uploads\/2025\/09\/KK0075-Mandala-ILU-kristallidest-ripats-RoosaKvarts-1.jpg","type":"image\/jpeg"}],"twitter_card":"summary_large_image","twitter_misc":{"Est. reading time":"1 minute"},"schema":{"@context":"https:\/\/schema.org","@graph":[{"@type":"WebPage","@id":"https:\/\/mandalailu.ee\/toode\/ripats-3\/","url":"https:\/\/mandalailu.ee\/toode\/ripats-3\/","name":"ROOSA KVARTS ripats - Mandala ilu","isPartOf":{"@id":"https:\/\/mandalailu.ee\/#website"},"primaryImageOfPage":{"@id":"https:\/\/mandalailu.ee\/toode\/ripats-3\/#primaryimage"},"image":{"@id":"https:\/\/mandalailu.ee\/toode\/ripats-3\/#primaryimage"},"thumbnailUrl":"https:\/\/mandalailu.ee\/wp-content\/uploads\/2025\/09\/KK0075-Mandala-ILU-kristallidest-ripats-RoosaKvarts-1.jpg","datePublished":"2025-09-12T15:55:15+00:00","dateModified":"2025-11-27T11:20:37+00:00","description":"Roosa Kvartsi ripats avab s\u00fcdame armastusele ja rahule. Mandala ILU unikaalne k\u00e4sit\u00f6\u00f6ehe toob Sinu ellu hellust ja harmooniat.","breadcrumb":{"@id":"https:\/\/mandalailu.ee\/toode\/ripats-3\/#breadcrumb"},"inLanguage":"en-US","potentialAction":[{"@type":"ReadAction","target":["https:\/\/mandalailu.ee\/toode\/ripats-3\/"]}]},{"@type":"ImageObject","inLanguage":"en-US","@id":"https:\/\/mandalailu.ee\/toode\/ripats-3\/#primaryimage","url":"https:\/\/mandalailu.ee\/wp-content\/uploads\/2025\/09\/KK0075-Mandala-ILU-kristallidest-ripats-RoosaKvarts-1.jpg","contentUrl":"https:\/\/mandalailu.ee\/wp-content\/uploads\/2025\/09\/KK0075-Mandala-ILU-kristallidest-ripats-RoosaKvarts-1.jpg","width":750,"height":750,"caption":"K\u00e4sit\u00f6\u00f6na valmistatud Roosa Kvartsi ripats, armastuse ja helluse kristall, Mandala ILU"},{"@type":"BreadcrumbList","@id":"https:\/\/mandalailu.ee\/toode\/ripats-3\/#breadcrumb","itemListElement":[{"@type":"ListItem","position":1,"name":"Home","item":"https:\/\/mandalailu.ee\/"},{"@type":"ListItem","position":2,"name":"ROOSA KVARTS ripats"}]},{"@type":"WebSite","@id":"https:\/\/mandalailu.ee\/#website","url":"https:\/\/mandalailu.ee\/","name":"Mandala ilu","description":"Unikaalsed k&auml;sit&ouml;&ouml;na valminud ehted","publisher":{"@id":"https:\/\/mandalailu.ee\/#organization"},"potentialAction":[{"@type":"SearchAction","target":{"@type":"EntryPoint","urlTemplate":"https:\/\/mandalailu.ee\/?s={search_term_string}"},"query-input":{"@type":"PropertyValueSpecification","valueRequired":true,"valueName":"search_term_string"}}],"inLanguage":"en-US"},{"@type":"Organization","@id":"https:\/\/mandalailu.ee\/#organization","name":"Mandala ILU","url":"https:\/\/mandalailu.ee\/","logo":{"@type":"ImageObject","inLanguage":"en-US","@id":"https:\/\/mandalailu.ee\/#\/schema\/logo\/image\/","url":"https:\/\/mandalailu.ee\/wp-content\/uploads\/2022\/04\/cropped-Mandala-ILU-lill_block.jpg","contentUrl":"https:\/\/mandalailu.ee\/wp-content\/uploads\/2022\/04\/cropped-Mandala-ILU-lill_block.jpg","width":512,"height":512,"caption":"Mandala ILU"},"image":{"@id":"https:\/\/mandalailu.ee\/#\/schema\/logo\/image\/"},"sameAs":["https:\/\/www.facebook.com\/MandalaILU","https:\/\/www.instagram.com\/mandala.ilu.mala.ehted\/"]}]}},"_links":{"self":[{"href":"https:\/\/mandalailu.ee\/en\/wp-json\/wp\/v2\/product\/4990","targetHints":{"allow":["GET"]}}],"collection":[{"href":"https:\/\/mandalailu.ee\/en\/wp-json\/wp\/v2\/product"}],"about":[{"href":"https:\/\/mandalailu.ee\/en\/wp-json\/wp\/v2\/types\/product"}],"wp:featuredmedia":[{"embeddable":true,"href":"https:\/\/mandalailu.ee\/en\/wp-json\/wp\/v2\/media\/4971"}],"wp:attachment":[{"href":"https:\/\/mandalailu.ee\/en\/wp-json\/wp\/v2\/media?parent=4990"}],"wp:term":[{"taxonomy":"product_brand","embeddable":true,"href":"https:\/\/mandalailu.ee\/en\/wp-json\/wp\/v2\/product_brand?post=4990"},{"taxonomy":"product_cat","embeddable":true,"href":"https:\/\/mandalailu.ee\/en\/wp-json\/wp\/v2\/product_cat?post=4990"},{"taxonomy":"product_tag","embeddable":true,"href":"https:\/\/mandalailu.ee\/en\/wp-json\/wp\/v2\/product_tag?post=4990"}],"curies":[{"name":"wp","href":"https:\/\/api.w.org\/{rel}","templated":true}]}}