{"id":4992,"date":"2025-09-12T16:10:58","date_gmt":"2025-09-12T16:10:58","guid":{"rendered":"https:\/\/mandalailu.ee\/?post_type=product&#038;p=4992"},"modified":"2025-11-27T11:20:16","modified_gmt":"2025-11-27T11:20:16","slug":"ripats-4","status":"publish","type":"product","link":"https:\/\/mandalailu.ee\/en\/product\/ripats-4\/","title":{"rendered":"OPALIIDI ripats"},"content":{"rendered":"<h2 style=\"text-align: center;\"><strong>Opaliidi ripats, valguse ja unistuste kristall<\/strong><\/h2>\n<p>Opaliit on kristall, mis s\u00fcmboliseerib rahu ja sisemist selgust. Ta aitab Sul \u00fchenduda oma intuitsiooniga ja kuulata oma s\u00fcdameh\u00e4\u00e4lt. Opaliit on tugevalt seotud uute alguste ja v\u00f5imalustega, tuues inspiratsiooni ja julgust. Ta toetab unistuste elluviimist ja aitab vabastada vanu hirme. See kristall loob kerguse ja avaruse tunde. Meditatsioonis kasutades aitab Opaliit Sul saavutada s\u00fcgavamat rahu ja vaimset \u00fchendust. Ta on kristall, mis tuletab Sulle meelde, et k\u00f5ik on v\u00f5imalik. Opaliidi energia on \u00f5rn, kuid v\u00e4ga v\u00e4ekas, pakkudes kindlustunnet elu muutuste keskel. Ta toob Sinu ellu valgust, ilu ja loovust. Ripatsina kandes on Opaliit igap\u00e4evane meeldetuletus, et usaldaksid elu kulgu.<\/p>\n<p>Opaliit toetab k\u00f5ige enam <a href=\"https:\/\/mandalailu.ee\/en\/blogi\/tsakrad\/\"><strong>Kroont\u0161akrat<\/strong><\/a> ja <a href=\"https:\/\/mandalailu.ee\/en\/blogi\/tsakrad\/\"><strong>Kolmandat silma<\/strong><\/a>, aidates Sul saavutada vaimset selgust ja avardada teadvust. Ta avab \u00fchenduse k\u00f5rgemate tasanditega ja aitab Sul kuulata oma intuitsiooni. Kolmanda silma tasandil toetab ta selgeltn\u00e4gemist ja inspiratsiooni. Kroont\u0161akra avanedes loob ta rahu ja \u00fchenduse elu suurema plaaniga.\u00a0Kandes Opaliidi ripatsit on Sul alati kaasas kristall, mis toob rahu ja toetab uute alguste loomist. Ta aitab v\u00e4hendada stressi ja tugevdab usaldust iseenda vastu. Opaliit suurendab loovust ja kujutlusv\u00f5imet. See ripats on justkui valguse talisman, mis saadab Sind elu igal sammul.<\/p>\n<p>&nbsp;<\/p>\n<p>Kui antud ripats Sind k\u00f5netab, on ta m\u00f5eldud just Sulle. Tunne ta \u00e4ra. L\u00e4bi oma s\u00fcdame.<\/p>\n<p>Opaliidi ripats autor on Katrina Klaas<br \/>\n<strong>Ole hoitud, l\u00e4bi armastuse<\/strong><\/p>","protected":false},"excerpt":{"rendered":"<p>K\u00e4sit\u00f6\u00f6na loodud Opaliidi ripats on \u00f5rn ja salap\u00e4rane ehe, mis kiirgab maagilist kuma ja toob kandjale rahu. Opaliit on kristall, mida seostatakse uute alguste, intuitsiooni ja sisemise selgusega. Ta aitab vabastada hirme ja toetab Sind, kui soovid astuda oma elus uuele teekonnale.<\/p>\n<ul>\n<li>Opaliidi ripats on unikaalne k\u00e4sit\u00f6\u00f6na loodud ehe<\/li>\n<li>Fotol olev kaelakett ei kuulu komlpekti<\/li>\n<li>Kaunis kinkekarp muudab selle ideaalseks kingituseks kallimale v\u00f5i endale<\/li>\n<li>Eesti-sisene transport pakiautomaati on alati minu kulul<\/li>\n<li>Vali kohe, maksa hiljem. Nii on lihtne end r\u00f5\u00f5mustada.\u00a0Rohkem infot leiad\u00a0<a href=\"https:\/\/mandalailu.ee\/en\/uld-ja-muugitingimused\/#jarelmaksu-voimalus\"><strong>SIIT<\/strong><\/a><\/li>\n<\/ul>\n<p>Opaliit sobib ideaalselt neile, kes soovivad tugevdada oma intuitsiooni ja tuua ellu rohkem rahu. See ehe on \u00fchtaegu elegantne aksessuaar ja sisemise v\u00e4e talisman.<\/p>\n<p>Kui see Opaliidi ripats Sind k\u00f5netab, siis tea, et nii ongi. Ta on m\u00f5eldud just Sulle. Tunne ta \u00e4ra. L\u00e4bi oma s\u00fcdame.<\/p>","protected":false},"featured_media":4974,"template":"","meta":{"_acf_changed":false},"product_brand":[],"product_cat":[86],"product_tag":[42,43],"class_list":{"0":"post-4992","1":"product","2":"type-product","3":"status-publish","4":"has-post-thumbnail","6":"product_cat-ripatsid","7":"product_tag-kolmanda-silma-tsakra","8":"product_tag-kroontsakra","10":"first","11":"instock","12":"shipping-taxable","13":"purchasable","14":"product-type-simple"},"acf":[],"yoast_head":"<!-- This site is optimized with the Yoast SEO plugin v26.3 - https:\/\/yoast.com\/wordpress\/plugins\/seo\/ -->\n<title>OPALIIDI ripats - Mandala ilu<\/title>\n<meta name=\"description\" content=\"Opaliidi ripats on valguse ja unistuste kristall, mis toob rahu ja selguse. Mandala ILU k\u00e4sit\u00f6\u00f6ehe toetab intuitsiooni ja uute alguste energiat.\" \/>\n<meta name=\"robots\" content=\"index, follow, max-snippet:-1, max-image-preview:large, max-video-preview:-1\" \/>\n<link rel=\"canonical\" href=\"https:\/\/mandalailu.ee\/en\/product\/ripats-4\/\" \/>\n<meta property=\"og:locale\" content=\"en_US\" \/>\n<meta property=\"og:type\" content=\"article\" \/>\n<meta property=\"og:title\" content=\"OPALIIDI ripats - Mandala ilu\" \/>\n<meta property=\"og:description\" content=\"Opaliidi ripats on valguse ja unistuste kristall, mis toob rahu ja selguse. Mandala ILU k\u00e4sit\u00f6\u00f6ehe toetab intuitsiooni ja uute alguste energiat.\" \/>\n<meta property=\"og:url\" content=\"https:\/\/mandalailu.ee\/en\/product\/ripats-4\/\" \/>\n<meta property=\"og:site_name\" content=\"Mandala ilu\" \/>\n<meta property=\"article:publisher\" content=\"https:\/\/www.facebook.com\/MandalaILU\" \/>\n<meta property=\"article:modified_time\" content=\"2025-11-27T11:20:16+00:00\" \/>\n<meta property=\"og:image\" content=\"https:\/\/mandalailu.ee\/wp-content\/uploads\/2025\/09\/KK0076-Mandala-ILU-kristallidest-ripats-OPALIIT-1.jpg\" \/>\n\t<meta property=\"og:image:width\" content=\"750\" \/>\n\t<meta property=\"og:image:height\" content=\"750\" \/>\n\t<meta property=\"og:image:type\" content=\"image\/jpeg\" \/>\n<meta name=\"twitter:card\" content=\"summary_large_image\" \/>\n<meta name=\"twitter:label1\" content=\"Est. reading time\" \/>\n\t<meta name=\"twitter:data1\" content=\"1 minute\" \/>\n<script type=\"application\/ld+json\" class=\"yoast-schema-graph\">{\"@context\":\"https:\/\/schema.org\",\"@graph\":[{\"@type\":\"WebPage\",\"@id\":\"https:\/\/mandalailu.ee\/toode\/ripats-4\/\",\"url\":\"https:\/\/mandalailu.ee\/toode\/ripats-4\/\",\"name\":\"OPALIIDI ripats - Mandala ilu\",\"isPartOf\":{\"@id\":\"https:\/\/mandalailu.ee\/#website\"},\"primaryImageOfPage\":{\"@id\":\"https:\/\/mandalailu.ee\/toode\/ripats-4\/#primaryimage\"},\"image\":{\"@id\":\"https:\/\/mandalailu.ee\/toode\/ripats-4\/#primaryimage\"},\"thumbnailUrl\":\"https:\/\/mandalailu.ee\/wp-content\/uploads\/2025\/09\/KK0076-Mandala-ILU-kristallidest-ripats-OPALIIT-1.jpg\",\"datePublished\":\"2025-09-12T16:10:58+00:00\",\"dateModified\":\"2025-11-27T11:20:16+00:00\",\"description\":\"Opaliidi ripats on valguse ja unistuste kristall, mis toob rahu ja selguse. Mandala ILU k\u00e4sit\u00f6\u00f6ehe toetab intuitsiooni ja uute alguste energiat.\",\"breadcrumb\":{\"@id\":\"https:\/\/mandalailu.ee\/toode\/ripats-4\/#breadcrumb\"},\"inLanguage\":\"en-US\",\"potentialAction\":[{\"@type\":\"ReadAction\",\"target\":[\"https:\/\/mandalailu.ee\/toode\/ripats-4\/\"]}]},{\"@type\":\"ImageObject\",\"inLanguage\":\"en-US\",\"@id\":\"https:\/\/mandalailu.ee\/toode\/ripats-4\/#primaryimage\",\"url\":\"https:\/\/mandalailu.ee\/wp-content\/uploads\/2025\/09\/KK0076-Mandala-ILU-kristallidest-ripats-OPALIIT-1.jpg\",\"contentUrl\":\"https:\/\/mandalailu.ee\/wp-content\/uploads\/2025\/09\/KK0076-Mandala-ILU-kristallidest-ripats-OPALIIT-1.jpg\",\"width\":750,\"height\":750,\"caption\":\"K\u00e4sit\u00f6\u00f6na valmistatud Opaliidi ripats, valguse ja unistuste kristall, Mandala ILU\"},{\"@type\":\"BreadcrumbList\",\"@id\":\"https:\/\/mandalailu.ee\/toode\/ripats-4\/#breadcrumb\",\"itemListElement\":[{\"@type\":\"ListItem\",\"position\":1,\"name\":\"Home\",\"item\":\"https:\/\/mandalailu.ee\/\"},{\"@type\":\"ListItem\",\"position\":2,\"name\":\"OPALIIDI ripats\"}]},{\"@type\":\"WebSite\",\"@id\":\"https:\/\/mandalailu.ee\/#website\",\"url\":\"https:\/\/mandalailu.ee\/\",\"name\":\"Mandala ilu\",\"description\":\"Unikaalsed k&auml;sit&ouml;&ouml;na valminud ehted\",\"publisher\":{\"@id\":\"https:\/\/mandalailu.ee\/#organization\"},\"potentialAction\":[{\"@type\":\"SearchAction\",\"target\":{\"@type\":\"EntryPoint\",\"urlTemplate\":\"https:\/\/mandalailu.ee\/?s={search_term_string}\"},\"query-input\":{\"@type\":\"PropertyValueSpecification\",\"valueRequired\":true,\"valueName\":\"search_term_string\"}}],\"inLanguage\":\"en-US\"},{\"@type\":\"Organization\",\"@id\":\"https:\/\/mandalailu.ee\/#organization\",\"name\":\"Mandala ILU\",\"url\":\"https:\/\/mandalailu.ee\/\",\"logo\":{\"@type\":\"ImageObject\",\"inLanguage\":\"en-US\",\"@id\":\"https:\/\/mandalailu.ee\/#\/schema\/logo\/image\/\",\"url\":\"https:\/\/mandalailu.ee\/wp-content\/uploads\/2022\/04\/cropped-Mandala-ILU-lill_block.jpg\",\"contentUrl\":\"https:\/\/mandalailu.ee\/wp-content\/uploads\/2022\/04\/cropped-Mandala-ILU-lill_block.jpg\",\"width\":512,\"height\":512,\"caption\":\"Mandala ILU\"},\"image\":{\"@id\":\"https:\/\/mandalailu.ee\/#\/schema\/logo\/image\/\"},\"sameAs\":[\"https:\/\/www.facebook.com\/MandalaILU\",\"https:\/\/www.instagram.com\/mandala.ilu.mala.ehted\/\"]}]}<\/script>\n<!-- \/ Yoast SEO plugin. -->","yoast_head_json":{"title":"OPALIIDI ripats - Mandala ilu","description":"Opaliidi ripats on valguse ja unistuste kristall, mis toob rahu ja selguse. Mandala ILU k\u00e4sit\u00f6\u00f6ehe toetab intuitsiooni ja uute alguste energiat.","robots":{"index":"index","follow":"follow","max-snippet":"max-snippet:-1","max-image-preview":"max-image-preview:large","max-video-preview":"max-video-preview:-1"},"canonical":"https:\/\/mandalailu.ee\/en\/product\/ripats-4\/","og_locale":"en_US","og_type":"article","og_title":"OPALIIDI ripats - Mandala ilu","og_description":"Opaliidi ripats on valguse ja unistuste kristall, mis toob rahu ja selguse. Mandala ILU k\u00e4sit\u00f6\u00f6ehe toetab intuitsiooni ja uute alguste energiat.","og_url":"https:\/\/mandalailu.ee\/en\/product\/ripats-4\/","og_site_name":"Mandala ilu","article_publisher":"https:\/\/www.facebook.com\/MandalaILU","article_modified_time":"2025-11-27T11:20:16+00:00","og_image":[{"width":750,"height":750,"url":"https:\/\/mandalailu.ee\/wp-content\/uploads\/2025\/09\/KK0076-Mandala-ILU-kristallidest-ripats-OPALIIT-1.jpg","type":"image\/jpeg"}],"twitter_card":"summary_large_image","twitter_misc":{"Est. reading time":"1 minute"},"schema":{"@context":"https:\/\/schema.org","@graph":[{"@type":"WebPage","@id":"https:\/\/mandalailu.ee\/toode\/ripats-4\/","url":"https:\/\/mandalailu.ee\/toode\/ripats-4\/","name":"OPALIIDI ripats - Mandala ilu","isPartOf":{"@id":"https:\/\/mandalailu.ee\/#website"},"primaryImageOfPage":{"@id":"https:\/\/mandalailu.ee\/toode\/ripats-4\/#primaryimage"},"image":{"@id":"https:\/\/mandalailu.ee\/toode\/ripats-4\/#primaryimage"},"thumbnailUrl":"https:\/\/mandalailu.ee\/wp-content\/uploads\/2025\/09\/KK0076-Mandala-ILU-kristallidest-ripats-OPALIIT-1.jpg","datePublished":"2025-09-12T16:10:58+00:00","dateModified":"2025-11-27T11:20:16+00:00","description":"Opaliidi ripats on valguse ja unistuste kristall, mis toob rahu ja selguse. Mandala ILU k\u00e4sit\u00f6\u00f6ehe toetab intuitsiooni ja uute alguste energiat.","breadcrumb":{"@id":"https:\/\/mandalailu.ee\/toode\/ripats-4\/#breadcrumb"},"inLanguage":"en-US","potentialAction":[{"@type":"ReadAction","target":["https:\/\/mandalailu.ee\/toode\/ripats-4\/"]}]},{"@type":"ImageObject","inLanguage":"en-US","@id":"https:\/\/mandalailu.ee\/toode\/ripats-4\/#primaryimage","url":"https:\/\/mandalailu.ee\/wp-content\/uploads\/2025\/09\/KK0076-Mandala-ILU-kristallidest-ripats-OPALIIT-1.jpg","contentUrl":"https:\/\/mandalailu.ee\/wp-content\/uploads\/2025\/09\/KK0076-Mandala-ILU-kristallidest-ripats-OPALIIT-1.jpg","width":750,"height":750,"caption":"K\u00e4sit\u00f6\u00f6na valmistatud Opaliidi ripats, valguse ja unistuste kristall, Mandala ILU"},{"@type":"BreadcrumbList","@id":"https:\/\/mandalailu.ee\/toode\/ripats-4\/#breadcrumb","itemListElement":[{"@type":"ListItem","position":1,"name":"Home","item":"https:\/\/mandalailu.ee\/"},{"@type":"ListItem","position":2,"name":"OPALIIDI ripats"}]},{"@type":"WebSite","@id":"https:\/\/mandalailu.ee\/#website","url":"https:\/\/mandalailu.ee\/","name":"Mandala ilu","description":"Unikaalsed k&auml;sit&ouml;&ouml;na valminud ehted","publisher":{"@id":"https:\/\/mandalailu.ee\/#organization"},"potentialAction":[{"@type":"SearchAction","target":{"@type":"EntryPoint","urlTemplate":"https:\/\/mandalailu.ee\/?s={search_term_string}"},"query-input":{"@type":"PropertyValueSpecification","valueRequired":true,"valueName":"search_term_string"}}],"inLanguage":"en-US"},{"@type":"Organization","@id":"https:\/\/mandalailu.ee\/#organization","name":"Mandala ILU","url":"https:\/\/mandalailu.ee\/","logo":{"@type":"ImageObject","inLanguage":"en-US","@id":"https:\/\/mandalailu.ee\/#\/schema\/logo\/image\/","url":"https:\/\/mandalailu.ee\/wp-content\/uploads\/2022\/04\/cropped-Mandala-ILU-lill_block.jpg","contentUrl":"https:\/\/mandalailu.ee\/wp-content\/uploads\/2022\/04\/cropped-Mandala-ILU-lill_block.jpg","width":512,"height":512,"caption":"Mandala ILU"},"image":{"@id":"https:\/\/mandalailu.ee\/#\/schema\/logo\/image\/"},"sameAs":["https:\/\/www.facebook.com\/MandalaILU","https:\/\/www.instagram.com\/mandala.ilu.mala.ehted\/"]}]}},"_links":{"self":[{"href":"https:\/\/mandalailu.ee\/en\/wp-json\/wp\/v2\/product\/4992","targetHints":{"allow":["GET"]}}],"collection":[{"href":"https:\/\/mandalailu.ee\/en\/wp-json\/wp\/v2\/product"}],"about":[{"href":"https:\/\/mandalailu.ee\/en\/wp-json\/wp\/v2\/types\/product"}],"wp:featuredmedia":[{"embeddable":true,"href":"https:\/\/mandalailu.ee\/en\/wp-json\/wp\/v2\/media\/4974"}],"wp:attachment":[{"href":"https:\/\/mandalailu.ee\/en\/wp-json\/wp\/v2\/media?parent=4992"}],"wp:term":[{"taxonomy":"product_brand","embeddable":true,"href":"https:\/\/mandalailu.ee\/en\/wp-json\/wp\/v2\/product_brand?post=4992"},{"taxonomy":"product_cat","embeddable":true,"href":"https:\/\/mandalailu.ee\/en\/wp-json\/wp\/v2\/product_cat?post=4992"},{"taxonomy":"product_tag","embeddable":true,"href":"https:\/\/mandalailu.ee\/en\/wp-json\/wp\/v2\/product_tag?post=4992"}],"curies":[{"name":"wp","href":"https:\/\/api.w.org\/{rel}","templated":true}]}}