{"id":508,"date":"2022-05-02T12:26:37","date_gmt":"2022-05-02T12:26:37","guid":{"rendered":"https:\/\/mandalailu.ee\/?post_type=product&#038;p=508"},"modified":"2025-05-04T08:57:10","modified_gmt":"2025-05-04T08:57:10","slug":"sulised-korvarongad-12","status":"publish","type":"product","link":"https:\/\/mandalailu.ee\/en\/product\/sulised-korvarongad-12\/","title":{"rendered":"AKVAMARIIN k\u00f5rvar\u00f5ngad"},"content":{"rendered":"<h2 style=\"text-align: center;\">AKVAMARIIN k\u00f5rvar\u00f5ngad<\/h2>\n<h3><strong>AKVAMARIIN<\/strong><\/h3>\n<p>AKVAMARIINi t\u00e4hendus on emotsionaalne selgus. Akvamariin on ookean, mis on muutunud veest kiviks, kaotamata oma s\u00e4delevaid merev\u00e4rve, rahustavat olemust ega ka raviomadusi. Arvestades, et inimkeha koosneb seitsmek\u00fcmnest protsendist veest, pole ehk \u00fcllatav, et see ookeani s\u00e4rav kristall meie k\u00e4tte on usaldatud. Akvamariin t\u00e4idab Sind elueliksiiriga, peseb \u00e4ra j\u00e4\u00e4km\u00fcrgisuse ja hoiab Sind puhtana ja alati valmis laskma voolul end kanda k\u00f5ikjale, kuhu vajame. Akvamariini nimetatakse ka julguse kiviks, avaldades austust Sinu sisemisele j\u00f5ule ja vastupidavusele. Tal on v\u00f5ime aidata astuda varjust v\u00e4lja valgusesse. Igasugune suhtlusvorm, mis tekitab Sinus hirmu &#8211; olgu see siis avalik esinemine v\u00f5i lihtsalt oma vajaduste v\u00e4ljendamine s\u00f5pradele ja perele, Akvamariin t\u00f6\u00f6tab <a href=\"https:\/\/mandalailu.ee\/en\/blogi\/tsakrad\/\"><strong>kurgut\u0161akraga<\/strong><\/a>, et hoida Sinu h\u00e4\u00e4l \u00fchtlasena ja tuua hinge j\u00f5udu. On viimane aeg \u00fclekoormus maha pesta, et saaksid astuda selge peaga suhtlemisse ja alustada elus asju, mida soovid.<\/p>\n<h3><strong>KURGUT\u0161AKRA<\/strong><\/h3>\n<p>Viies <a href=\"https:\/\/mandalailu.ee\/en\/blogi\/tsakrad\/\"><strong>t\u0161akra<\/strong><\/a> on kurgut\u0161akra \u2013 kust saavad kuuldavaks Sinu h\u00e4\u00e4l ja t\u00f5de. Siit leiad oma v\u00e4ljendusoskuse ja suhtlemise viisil, mis on koosk\u00f5las Sinu t\u00f5ega ning kus asub Sinu \u201etahte v\u00e4gi\u201c. Tema s\u00f5numiks on \u201eAllutan oma isiklik tahe Looja tahtele\u201c. Kurgut\u0161akra asub kaelal ja on seotud sinise v\u00e4rviga. Kurgut\u0161akra tegeleb artikulatsiooni ja kommunikatsiooniga ning aitab Sul k\u00f5va h\u00e4\u00e4lega v\u00e4lja \u00f6elda oma vajadused ning Sinule olulisi piirid. Avatud kurgut\u0161akra aitab Sul elada oma t\u00f5e valguses. See t\u0161akra on seotud ka f\u00fc\u00fcsiliste probleemidega, mis on seotud kurguga, samuti p\u00f5sekoopa- ja kilpn\u00e4\u00e4rmeprobleemidega. Kurgut\u0161akrale sobivad kristallid on \u00f5rna energiaga ning puhtuse ja voolavuse tunnetusega.<\/p>\n<p><b>Tasakaalustamata kurgut\u0161akra<\/b><\/p>\n<p><span style=\"font-weight: 400;\">Tasakaalustamata kurgut\u0161akra tunnusteks on suutmatus end v\u00e4ljendada, kurguvalu, suutmatus hoida\u00a0 piire, v\u00f5imetus kuulata, sageli tunne, et Sind on valesti m\u00f5istetud.<\/span><\/p>\n<p><b>Tasakaalustatud kurgut\u0161akra<\/b><\/p>\n<p><span style=\"font-weight: 400;\">Tasakaalustatud kurgut\u0161akra tunnusteks on oma t\u00f5e r\u00e4\u00e4kimine ilma hirmuta, otsustav tegutsemine, vaba suhtlus ja aktiivne kuulamisoskus.<\/span><\/p>\n<p style=\"text-align: right;\"><span style=\"font-weight: 400;\">Valiku kurgut\u0161akrat toetavaid ehteid leiad <\/span><a href=\"https:\/\/mandalailu.ee\/en\/product-tag\/kurgutsakra\/\"><b>SIIT<\/b><\/a><\/p>\n<p>Kui antud k\u00f5rvar\u00f5ngad Sind k\u00f5netavad, on nad m\u00f5eldud just Sulle. Tunne nad \u00e4ra. L\u00e4bi oma s\u00fcdame.<\/p>\n<p><strong>Ole hoitud<\/strong><\/p>\n<p>AKVAMARIIN k\u00f5rvar\u00f5ngad autor on Katrina Klaas<\/p>","protected":false},"excerpt":{"rendered":"<ul>\n<li>Emotsionaalse selgus kivi AKVAMARIIN<\/li>\n<li>H\u00f5bedane kinnitus<\/li>\n<li>K\u00f5rvar\u00f5ngad on unikaalsed k\u00e4sit\u00f6\u00f6na valminud ainueksemplarid<\/li>\n<li>Ehted j\u00f5uavad Sinuni imeilusas kinkekarbis<\/li>\n<li>Sobilik ka kinkimiseks<\/li>\n<li>Eesti sisene\u00a0<strong>transport<\/strong>\u00a0pakiautomaati on ALATI minu kulul<\/li>\n<li><strong>Vali kohe, maksa hiljem v\u00f5imalus<\/strong>. Rohkem infot leiad\u00a0<a href=\"https:\/\/mandalailu.ee\/en\/uld-ja-muugitingimused\/#jarelmaksu-voimalus\"><strong>SIIT<\/strong><\/a><\/li>\n<\/ul>\n<p>AKVAMARIIN k\u00f5rvar\u00f5ngad on s\u00fcndinud \u00f5rnusest, kergusest, lustist ja r\u00f5\u00f5must just Sulle \u00e4ratundmiseks. Valminud k\u00e4sit\u00f6\u00f6na ja on ainueksemplarid.<\/p>\n<p>Kui antud k\u00f5rvar\u00f5ngad Sind k\u00f5netavad, on nad m\u00f5eldud just Sulle. Tunne nad \u00e4ra. L\u00e4bi oma s\u00fcdame.<\/p>","protected":false},"featured_media":4283,"template":"","meta":{"_acf_changed":false},"product_brand":[],"product_cat":[17,88],"product_tag":[41],"class_list":{"0":"post-508","1":"product","2":"type-product","3":"status-publish","4":"has-post-thumbnail","6":"product_cat-korvarongad","7":"product_cat-kristallidest-korvarongad","8":"product_tag-kurgutsakra","10":"first","11":"instock","12":"shipping-taxable","13":"purchasable","14":"product-type-simple"},"acf":[],"yoast_head":"<!-- This site is optimized with the Yoast SEO plugin v26.3 - https:\/\/yoast.com\/wordpress\/plugins\/seo\/ -->\n<title>AKVAMARIIN k\u00f5rvar\u00f5ngad - Mandala ilu<\/title>\n<meta name=\"description\" content=\"Loodud k\u00f5rvar\u00f5ngad on unikaalsed k\u00e4sit\u00f6\u00f6na valminud iludused, kus kasutatud vaid kvaliteetseid kristalle ja materjale. AMET\u00dcST k\u00f5rvar\u00f5ngad just Sulle!\" \/>\n<meta name=\"robots\" content=\"index, follow, max-snippet:-1, max-image-preview:large, max-video-preview:-1\" \/>\n<link rel=\"canonical\" href=\"https:\/\/mandalailu.ee\/en\/product\/sulised-korvarongad-12\/\" \/>\n<meta property=\"og:locale\" content=\"en_US\" \/>\n<meta property=\"og:type\" content=\"article\" \/>\n<meta property=\"og:title\" content=\"AKVAMARIIN k\u00f5rvar\u00f5ngad - Mandala ilu\" \/>\n<meta property=\"og:description\" content=\"Loodud k\u00f5rvar\u00f5ngad on unikaalsed k\u00e4sit\u00f6\u00f6na valminud iludused, kus kasutatud vaid kvaliteetseid kristalle ja materjale. AMET\u00dcST k\u00f5rvar\u00f5ngad just Sulle!\" \/>\n<meta property=\"og:url\" content=\"https:\/\/mandalailu.ee\/en\/product\/sulised-korvarongad-12\/\" \/>\n<meta property=\"og:site_name\" content=\"Mandala ilu\" \/>\n<meta property=\"article:publisher\" content=\"https:\/\/www.facebook.com\/MandalaILU\" \/>\n<meta property=\"article:modified_time\" content=\"2025-05-04T08:57:10+00:00\" \/>\n<meta property=\"og:image\" content=\"https:\/\/mandalailu.ee\/wp-content\/uploads\/2022\/05\/KK0027-Mandala-ILU-kristallidest-korvarongad-AKVAMARIIN-1.jpg\" \/>\n\t<meta property=\"og:image:width\" content=\"750\" \/>\n\t<meta property=\"og:image:height\" content=\"750\" \/>\n\t<meta property=\"og:image:type\" content=\"image\/jpeg\" \/>\n<meta name=\"twitter:card\" content=\"summary_large_image\" \/>\n<meta name=\"twitter:label1\" content=\"Est. reading time\" \/>\n\t<meta name=\"twitter:data1\" content=\"2 minutes\" \/>\n<script type=\"application\/ld+json\" class=\"yoast-schema-graph\">{\"@context\":\"https:\/\/schema.org\",\"@graph\":[{\"@type\":\"WebPage\",\"@id\":\"https:\/\/mandalailu.ee\/toode\/sulised-korvarongad-12\/\",\"url\":\"https:\/\/mandalailu.ee\/toode\/sulised-korvarongad-12\/\",\"name\":\"AKVAMARIIN k\u00f5rvar\u00f5ngad - Mandala ilu\",\"isPartOf\":{\"@id\":\"https:\/\/mandalailu.ee\/#website\"},\"primaryImageOfPage\":{\"@id\":\"https:\/\/mandalailu.ee\/toode\/sulised-korvarongad-12\/#primaryimage\"},\"image\":{\"@id\":\"https:\/\/mandalailu.ee\/toode\/sulised-korvarongad-12\/#primaryimage\"},\"thumbnailUrl\":\"https:\/\/mandalailu.ee\/wp-content\/uploads\/2022\/05\/KK0027-Mandala-ILU-kristallidest-korvarongad-AKVAMARIIN-1.jpg\",\"datePublished\":\"2022-05-02T12:26:37+00:00\",\"dateModified\":\"2025-05-04T08:57:10+00:00\",\"description\":\"Loodud k\u00f5rvar\u00f5ngad on unikaalsed k\u00e4sit\u00f6\u00f6na valminud iludused, kus kasutatud vaid kvaliteetseid kristalle ja materjale. AMET\u00dcST k\u00f5rvar\u00f5ngad just Sulle!\",\"breadcrumb\":{\"@id\":\"https:\/\/mandalailu.ee\/toode\/sulised-korvarongad-12\/#breadcrumb\"},\"inLanguage\":\"en-US\",\"potentialAction\":[{\"@type\":\"ReadAction\",\"target\":[\"https:\/\/mandalailu.ee\/toode\/sulised-korvarongad-12\/\"]}]},{\"@type\":\"ImageObject\",\"inLanguage\":\"en-US\",\"@id\":\"https:\/\/mandalailu.ee\/toode\/sulised-korvarongad-12\/#primaryimage\",\"url\":\"https:\/\/mandalailu.ee\/wp-content\/uploads\/2022\/05\/KK0027-Mandala-ILU-kristallidest-korvarongad-AKVAMARIIN-1.jpg\",\"contentUrl\":\"https:\/\/mandalailu.ee\/wp-content\/uploads\/2022\/05\/KK0027-Mandala-ILU-kristallidest-korvarongad-AKVAMARIIN-1.jpg\",\"width\":750,\"height\":750,\"caption\":\"Mandala ILU kristallidest k\u00f5rvar\u00f5ngad \/ AKVAMARIIN k\u00f5rvar\u00f5ngad \/ AKVAMARIIN ja h\u00f5be\"},{\"@type\":\"BreadcrumbList\",\"@id\":\"https:\/\/mandalailu.ee\/toode\/sulised-korvarongad-12\/#breadcrumb\",\"itemListElement\":[{\"@type\":\"ListItem\",\"position\":1,\"name\":\"Home\",\"item\":\"https:\/\/mandalailu.ee\/\"},{\"@type\":\"ListItem\",\"position\":2,\"name\":\"AKVAMARIIN k\u00f5rvar\u00f5ngad\"}]},{\"@type\":\"WebSite\",\"@id\":\"https:\/\/mandalailu.ee\/#website\",\"url\":\"https:\/\/mandalailu.ee\/\",\"name\":\"Mandala ilu\",\"description\":\"Unikaalsed k&auml;sit&ouml;&ouml;na valminud ehted\",\"publisher\":{\"@id\":\"https:\/\/mandalailu.ee\/#organization\"},\"potentialAction\":[{\"@type\":\"SearchAction\",\"target\":{\"@type\":\"EntryPoint\",\"urlTemplate\":\"https:\/\/mandalailu.ee\/?s={search_term_string}\"},\"query-input\":{\"@type\":\"PropertyValueSpecification\",\"valueRequired\":true,\"valueName\":\"search_term_string\"}}],\"inLanguage\":\"en-US\"},{\"@type\":\"Organization\",\"@id\":\"https:\/\/mandalailu.ee\/#organization\",\"name\":\"Mandala ILU\",\"url\":\"https:\/\/mandalailu.ee\/\",\"logo\":{\"@type\":\"ImageObject\",\"inLanguage\":\"en-US\",\"@id\":\"https:\/\/mandalailu.ee\/#\/schema\/logo\/image\/\",\"url\":\"https:\/\/mandalailu.ee\/wp-content\/uploads\/2022\/04\/cropped-Mandala-ILU-lill_block.jpg\",\"contentUrl\":\"https:\/\/mandalailu.ee\/wp-content\/uploads\/2022\/04\/cropped-Mandala-ILU-lill_block.jpg\",\"width\":512,\"height\":512,\"caption\":\"Mandala ILU\"},\"image\":{\"@id\":\"https:\/\/mandalailu.ee\/#\/schema\/logo\/image\/\"},\"sameAs\":[\"https:\/\/www.facebook.com\/MandalaILU\",\"https:\/\/www.instagram.com\/mandala.ilu.mala.ehted\/\"]}]}<\/script>\n<!-- \/ Yoast SEO plugin. -->","yoast_head_json":{"title":"AKVAMARIIN k\u00f5rvar\u00f5ngad - Mandala ilu","description":"Loodud k\u00f5rvar\u00f5ngad on unikaalsed k\u00e4sit\u00f6\u00f6na valminud iludused, kus kasutatud vaid kvaliteetseid kristalle ja materjale. AMET\u00dcST k\u00f5rvar\u00f5ngad just Sulle!","robots":{"index":"index","follow":"follow","max-snippet":"max-snippet:-1","max-image-preview":"max-image-preview:large","max-video-preview":"max-video-preview:-1"},"canonical":"https:\/\/mandalailu.ee\/en\/product\/sulised-korvarongad-12\/","og_locale":"en_US","og_type":"article","og_title":"AKVAMARIIN k\u00f5rvar\u00f5ngad - Mandala ilu","og_description":"Loodud k\u00f5rvar\u00f5ngad on unikaalsed k\u00e4sit\u00f6\u00f6na valminud iludused, kus kasutatud vaid kvaliteetseid kristalle ja materjale. AMET\u00dcST k\u00f5rvar\u00f5ngad just Sulle!","og_url":"https:\/\/mandalailu.ee\/en\/product\/sulised-korvarongad-12\/","og_site_name":"Mandala ilu","article_publisher":"https:\/\/www.facebook.com\/MandalaILU","article_modified_time":"2025-05-04T08:57:10+00:00","og_image":[{"width":750,"height":750,"url":"https:\/\/mandalailu.ee\/wp-content\/uploads\/2022\/05\/KK0027-Mandala-ILU-kristallidest-korvarongad-AKVAMARIIN-1.jpg","type":"image\/jpeg"}],"twitter_card":"summary_large_image","twitter_misc":{"Est. reading time":"2 minutes"},"schema":{"@context":"https:\/\/schema.org","@graph":[{"@type":"WebPage","@id":"https:\/\/mandalailu.ee\/toode\/sulised-korvarongad-12\/","url":"https:\/\/mandalailu.ee\/toode\/sulised-korvarongad-12\/","name":"AKVAMARIIN k\u00f5rvar\u00f5ngad - Mandala ilu","isPartOf":{"@id":"https:\/\/mandalailu.ee\/#website"},"primaryImageOfPage":{"@id":"https:\/\/mandalailu.ee\/toode\/sulised-korvarongad-12\/#primaryimage"},"image":{"@id":"https:\/\/mandalailu.ee\/toode\/sulised-korvarongad-12\/#primaryimage"},"thumbnailUrl":"https:\/\/mandalailu.ee\/wp-content\/uploads\/2022\/05\/KK0027-Mandala-ILU-kristallidest-korvarongad-AKVAMARIIN-1.jpg","datePublished":"2022-05-02T12:26:37+00:00","dateModified":"2025-05-04T08:57:10+00:00","description":"Loodud k\u00f5rvar\u00f5ngad on unikaalsed k\u00e4sit\u00f6\u00f6na valminud iludused, kus kasutatud vaid kvaliteetseid kristalle ja materjale. AMET\u00dcST k\u00f5rvar\u00f5ngad just Sulle!","breadcrumb":{"@id":"https:\/\/mandalailu.ee\/toode\/sulised-korvarongad-12\/#breadcrumb"},"inLanguage":"en-US","potentialAction":[{"@type":"ReadAction","target":["https:\/\/mandalailu.ee\/toode\/sulised-korvarongad-12\/"]}]},{"@type":"ImageObject","inLanguage":"en-US","@id":"https:\/\/mandalailu.ee\/toode\/sulised-korvarongad-12\/#primaryimage","url":"https:\/\/mandalailu.ee\/wp-content\/uploads\/2022\/05\/KK0027-Mandala-ILU-kristallidest-korvarongad-AKVAMARIIN-1.jpg","contentUrl":"https:\/\/mandalailu.ee\/wp-content\/uploads\/2022\/05\/KK0027-Mandala-ILU-kristallidest-korvarongad-AKVAMARIIN-1.jpg","width":750,"height":750,"caption":"Mandala ILU kristallidest k\u00f5rvar\u00f5ngad \/ AKVAMARIIN k\u00f5rvar\u00f5ngad \/ AKVAMARIIN ja h\u00f5be"},{"@type":"BreadcrumbList","@id":"https:\/\/mandalailu.ee\/toode\/sulised-korvarongad-12\/#breadcrumb","itemListElement":[{"@type":"ListItem","position":1,"name":"Home","item":"https:\/\/mandalailu.ee\/"},{"@type":"ListItem","position":2,"name":"AKVAMARIIN k\u00f5rvar\u00f5ngad"}]},{"@type":"WebSite","@id":"https:\/\/mandalailu.ee\/#website","url":"https:\/\/mandalailu.ee\/","name":"Mandala ilu","description":"Unikaalsed k&auml;sit&ouml;&ouml;na valminud ehted","publisher":{"@id":"https:\/\/mandalailu.ee\/#organization"},"potentialAction":[{"@type":"SearchAction","target":{"@type":"EntryPoint","urlTemplate":"https:\/\/mandalailu.ee\/?s={search_term_string}"},"query-input":{"@type":"PropertyValueSpecification","valueRequired":true,"valueName":"search_term_string"}}],"inLanguage":"en-US"},{"@type":"Organization","@id":"https:\/\/mandalailu.ee\/#organization","name":"Mandala ILU","url":"https:\/\/mandalailu.ee\/","logo":{"@type":"ImageObject","inLanguage":"en-US","@id":"https:\/\/mandalailu.ee\/#\/schema\/logo\/image\/","url":"https:\/\/mandalailu.ee\/wp-content\/uploads\/2022\/04\/cropped-Mandala-ILU-lill_block.jpg","contentUrl":"https:\/\/mandalailu.ee\/wp-content\/uploads\/2022\/04\/cropped-Mandala-ILU-lill_block.jpg","width":512,"height":512,"caption":"Mandala ILU"},"image":{"@id":"https:\/\/mandalailu.ee\/#\/schema\/logo\/image\/"},"sameAs":["https:\/\/www.facebook.com\/MandalaILU","https:\/\/www.instagram.com\/mandala.ilu.mala.ehted\/"]}]}},"_links":{"self":[{"href":"https:\/\/mandalailu.ee\/en\/wp-json\/wp\/v2\/product\/508","targetHints":{"allow":["GET"]}}],"collection":[{"href":"https:\/\/mandalailu.ee\/en\/wp-json\/wp\/v2\/product"}],"about":[{"href":"https:\/\/mandalailu.ee\/en\/wp-json\/wp\/v2\/types\/product"}],"wp:featuredmedia":[{"embeddable":true,"href":"https:\/\/mandalailu.ee\/en\/wp-json\/wp\/v2\/media\/4283"}],"wp:attachment":[{"href":"https:\/\/mandalailu.ee\/en\/wp-json\/wp\/v2\/media?parent=508"}],"wp:term":[{"taxonomy":"product_brand","embeddable":true,"href":"https:\/\/mandalailu.ee\/en\/wp-json\/wp\/v2\/product_brand?post=508"},{"taxonomy":"product_cat","embeddable":true,"href":"https:\/\/mandalailu.ee\/en\/wp-json\/wp\/v2\/product_cat?post=508"},{"taxonomy":"product_tag","embeddable":true,"href":"https:\/\/mandalailu.ee\/en\/wp-json\/wp\/v2\/product_tag?post=508"}],"curies":[{"name":"wp","href":"https:\/\/api.w.org\/{rel}","templated":true}]}}