{"id":5088,"date":"2025-10-31T14:11:35","date_gmt":"2025-10-31T14:11:35","guid":{"rendered":"https:\/\/mandalailu.ee\/?post_type=product&#038;p=5088"},"modified":"2026-02-27T12:13:14","modified_gmt":"2026-02-27T12:13:14","slug":"unenaopuudja-1","status":"publish","type":"product","link":"https:\/\/mandalailu.ee\/en\/product\/unenaopuudja-1\/","title":{"rendered":"Unen\u00e4op\u00fc\u00fcdja valguse ja rahu loomiseks"},"content":{"rendered":"<h3 style=\"text-align: center;\"><strong>Unen\u00e4op\u00fc\u00fcdja valguse ja rahu loomiseks<\/strong><\/h3>\n<p>Unen\u00e4op\u00fc\u00fcdja, mis kannab endas rahu, valguse ja kaitse energiat. Ta aitab Sul luua koju pehme ja harmoonilise \u00f5hkkonna, kus uned muutuvad kergemaks ja meel puhkab. Mandala ILU unen\u00e4op\u00fc\u00fcdja on kui vaikne valguse hoidja Sinu ruumis.<\/p>\n<p>Unen\u00e4op\u00fc\u00fcdjad on v\u00e4ekad ja s\u00fcgava t\u00e4hendusega kaitseamulettid, mis on p\u00e4rit iidsetest P\u00f5hja-Ameerika indiaanlaste traditsioonidest. Nende eesm\u00e4rk on p\u00fc\u00fcda kinni halvad unen\u00e4od ja lubada l\u00e4bi vaid need head, mis toovad hingele rahu, tasakaalu ja inspiratsiooni. Usun, et negatiivsed uned j\u00e4\u00e4vad v\u00f5rku kinni ja hajuvad koos hommikuse p\u00e4ikesega, samal ajal kui head uned libisevad m\u00f6\u00f6da sulgi magajani.<\/p>\n<p style=\"text-align: right;\">Vaata ka teisi iludusi <a href=\"https:\/\/mandalailu.ee\/en\/product-category\/unenaopuudjad\/\"><strong>SIIT<\/strong><\/a><\/p>\n<p>&nbsp;<\/p>\n<p>Unen\u00e4op\u00fc\u00fcdja valguse ja rahu loomiseks autor: <strong><a href=\"https:\/\/mandalailu.ee\/en\/minu-lugu\/\">K\u00e4rt Lumiste<\/a><\/strong><br \/>\n<strong>Ole hoitud, l\u00e4bi armastuse<\/strong><\/p>","protected":false},"excerpt":{"rendered":"<p>K\u00e4sit\u00f6\u00f6na valminud Boho stiilis valguse ja rahu Unen\u00e4op\u00fc\u00fcdja toob Sinu koju sisemise tasakaalu. Valged pitsid, paelad ja \u00f5rnad suled loovad kerge ning harmoonilise energia, mis aitab puhastada Sinu uned ja m\u00f5tted. Riputa ta voodi kohale v\u00f5i p\u00fcha ruumi, et tunda, kuidas rahu ja pehmus Sind iga p\u00e4ev \u00fcmbritseb.<\/p>\n<p>Minu loodud unen\u00e4op\u00fc\u00fcdjad on valminud k\u00e4sit\u00f6\u00f6na. Hoole ja armastusega, et iga detail kannaks endas kaitset, rahu ja hingej\u00f5udu. Iga unen\u00e4op\u00fc\u00fcdja on unikaalne. Valmistatud ja v\u00e4estatud s\u00fcdameenergiaga, et toetada Sind oma unen\u00e4gude ja sisemise selguse teel. V\u00f5id ta riputada voodi kohale, akna \u00e4\u00e4rde v\u00f5i oma p\u00fcha paika, et luua ruumi rahustav ja kaitsev energia.<\/p>\n<p>Unen\u00e4op\u00fc\u00fcdjad ei ole pelgalt unevalvurid. Minu jaoks on nad ka <strong>unistustep\u00fc\u00fcdjad<\/strong>, mis aitavad Sul hoida oma kavatsused ja soovid elavana. See on kaunis sisustuselement, mis lisab igasse ruumi m\u00fcstilist ilu ja hingestatust. Sobib ideaalselt kingituseks kallile inimesele, kinkides talle helgeid unen\u00e4gusid ja v\u00e4ekaid unistusi.<\/p>\n<p><strong>Tunne oma Unen\u00e4op\u00fc\u00fcdja \u00e4ra. L\u00e4bi s\u00fcdame.<\/strong><\/p>\n<p>&nbsp;<\/p>","protected":false},"featured_media":5106,"template":"","meta":{"_acf_changed":false},"product_brand":[],"product_cat":[93],"product_tag":[],"class_list":{"0":"post-5088","1":"product","2":"type-product","3":"status-publish","4":"has-post-thumbnail","6":"product_cat-unenaopuudjad","8":"first","9":"instock","10":"shipping-taxable","11":"purchasable","12":"product-type-simple"},"acf":[],"yoast_head":"<!-- This site is optimized with the Yoast SEO plugin v26.3 - https:\/\/yoast.com\/wordpress\/plugins\/seo\/ -->\n<title>Unen\u00e4op\u00fc\u00fcdja valguse ja rahu loomiseks - Mandala ilu<\/title>\n<meta name=\"description\" content=\"Mandala ILU Boho stiilis unen\u00e4op\u00fc\u00fcdja hoiab Sinu und, valgustab meelt ja loob tuppa sooja rahutunde. K\u00e4sit\u00f6\u00f6, mis kannab endas rahu ja valgust.\" \/>\n<meta name=\"robots\" content=\"index, follow, max-snippet:-1, max-image-preview:large, max-video-preview:-1\" \/>\n<link rel=\"canonical\" href=\"https:\/\/mandalailu.ee\/en\/product\/unenaopuudja-1\/\" \/>\n<meta property=\"og:locale\" content=\"en_US\" \/>\n<meta property=\"og:type\" content=\"article\" \/>\n<meta property=\"og:title\" content=\"Unen\u00e4op\u00fc\u00fcdja valguse ja rahu loomiseks - Mandala ilu\" \/>\n<meta property=\"og:description\" content=\"Mandala ILU Boho stiilis unen\u00e4op\u00fc\u00fcdja hoiab Sinu und, valgustab meelt ja loob tuppa sooja rahutunde. K\u00e4sit\u00f6\u00f6, mis kannab endas rahu ja valgust.\" \/>\n<meta property=\"og:url\" content=\"https:\/\/mandalailu.ee\/en\/product\/unenaopuudja-1\/\" \/>\n<meta property=\"og:site_name\" content=\"Mandala ilu\" \/>\n<meta property=\"article:publisher\" content=\"https:\/\/www.facebook.com\/MandalaILU\" \/>\n<meta property=\"article:modified_time\" content=\"2026-02-27T12:13:14+00:00\" \/>\n<meta property=\"og:image\" content=\"https:\/\/mandalailu.ee\/wp-content\/uploads\/2025\/10\/UP001-Mandala-ILU-unenaopuudja-10-minuga2.jpg\" \/>\n\t<meta property=\"og:image:width\" content=\"750\" \/>\n\t<meta property=\"og:image:height\" content=\"750\" \/>\n\t<meta property=\"og:image:type\" content=\"image\/jpeg\" \/>\n<meta name=\"twitter:card\" content=\"summary_large_image\" \/>\n<meta name=\"twitter:label1\" content=\"Est. reading time\" \/>\n\t<meta name=\"twitter:data1\" content=\"1 minute\" \/>\n<script type=\"application\/ld+json\" class=\"yoast-schema-graph\">{\"@context\":\"https:\/\/schema.org\",\"@graph\":[{\"@type\":\"WebPage\",\"@id\":\"https:\/\/mandalailu.ee\/toode\/unenaopuudja-1\/\",\"url\":\"https:\/\/mandalailu.ee\/toode\/unenaopuudja-1\/\",\"name\":\"Unen\u00e4op\u00fc\u00fcdja valguse ja rahu loomiseks - Mandala ilu\",\"isPartOf\":{\"@id\":\"https:\/\/mandalailu.ee\/#website\"},\"primaryImageOfPage\":{\"@id\":\"https:\/\/mandalailu.ee\/toode\/unenaopuudja-1\/#primaryimage\"},\"image\":{\"@id\":\"https:\/\/mandalailu.ee\/toode\/unenaopuudja-1\/#primaryimage\"},\"thumbnailUrl\":\"https:\/\/mandalailu.ee\/wp-content\/uploads\/2025\/10\/UP001-Mandala-ILU-unenaopuudja-10-minuga2.jpg\",\"datePublished\":\"2025-10-31T14:11:35+00:00\",\"dateModified\":\"2026-02-27T12:13:14+00:00\",\"description\":\"Mandala ILU Boho stiilis unen\u00e4op\u00fc\u00fcdja hoiab Sinu und, valgustab meelt ja loob tuppa sooja rahutunde. K\u00e4sit\u00f6\u00f6, mis kannab endas rahu ja valgust.\",\"breadcrumb\":{\"@id\":\"https:\/\/mandalailu.ee\/toode\/unenaopuudja-1\/#breadcrumb\"},\"inLanguage\":\"en-US\",\"potentialAction\":[{\"@type\":\"ReadAction\",\"target\":[\"https:\/\/mandalailu.ee\/toode\/unenaopuudja-1\/\"]}]},{\"@type\":\"ImageObject\",\"inLanguage\":\"en-US\",\"@id\":\"https:\/\/mandalailu.ee\/toode\/unenaopuudja-1\/#primaryimage\",\"url\":\"https:\/\/mandalailu.ee\/wp-content\/uploads\/2025\/10\/UP001-Mandala-ILU-unenaopuudja-10-minuga2.jpg\",\"contentUrl\":\"https:\/\/mandalailu.ee\/wp-content\/uploads\/2025\/10\/UP001-Mandala-ILU-unenaopuudja-10-minuga2.jpg\",\"width\":750,\"height\":750,\"caption\":\"Mandala ILU k\u00e4sit\u00f6\u00f6na loodud Boho unen\u00e4op\u00fc\u00fcdja toob Sinu ruumi rahu, kerguse ja valguse.\"},{\"@type\":\"BreadcrumbList\",\"@id\":\"https:\/\/mandalailu.ee\/toode\/unenaopuudja-1\/#breadcrumb\",\"itemListElement\":[{\"@type\":\"ListItem\",\"position\":1,\"name\":\"Home\",\"item\":\"https:\/\/mandalailu.ee\/\"},{\"@type\":\"ListItem\",\"position\":2,\"name\":\"Unen\u00e4op\u00fc\u00fcdja valguse ja rahu loomiseks\"}]},{\"@type\":\"WebSite\",\"@id\":\"https:\/\/mandalailu.ee\/#website\",\"url\":\"https:\/\/mandalailu.ee\/\",\"name\":\"Mandala ilu\",\"description\":\"Unikaalsed k&auml;sit&ouml;&ouml;na valminud ehted\",\"publisher\":{\"@id\":\"https:\/\/mandalailu.ee\/#organization\"},\"potentialAction\":[{\"@type\":\"SearchAction\",\"target\":{\"@type\":\"EntryPoint\",\"urlTemplate\":\"https:\/\/mandalailu.ee\/?s={search_term_string}\"},\"query-input\":{\"@type\":\"PropertyValueSpecification\",\"valueRequired\":true,\"valueName\":\"search_term_string\"}}],\"inLanguage\":\"en-US\"},{\"@type\":\"Organization\",\"@id\":\"https:\/\/mandalailu.ee\/#organization\",\"name\":\"Mandala ILU\",\"url\":\"https:\/\/mandalailu.ee\/\",\"logo\":{\"@type\":\"ImageObject\",\"inLanguage\":\"en-US\",\"@id\":\"https:\/\/mandalailu.ee\/#\/schema\/logo\/image\/\",\"url\":\"https:\/\/mandalailu.ee\/wp-content\/uploads\/2022\/04\/cropped-Mandala-ILU-lill_block.jpg\",\"contentUrl\":\"https:\/\/mandalailu.ee\/wp-content\/uploads\/2022\/04\/cropped-Mandala-ILU-lill_block.jpg\",\"width\":512,\"height\":512,\"caption\":\"Mandala ILU\"},\"image\":{\"@id\":\"https:\/\/mandalailu.ee\/#\/schema\/logo\/image\/\"},\"sameAs\":[\"https:\/\/www.facebook.com\/MandalaILU\",\"https:\/\/www.instagram.com\/mandala.ilu.mala.ehted\/\"]}]}<\/script>\n<!-- \/ Yoast SEO plugin. -->","yoast_head_json":{"title":"Unen\u00e4op\u00fc\u00fcdja valguse ja rahu loomiseks - Mandala ilu","description":"Mandala ILU Boho stiilis unen\u00e4op\u00fc\u00fcdja hoiab Sinu und, valgustab meelt ja loob tuppa sooja rahutunde. K\u00e4sit\u00f6\u00f6, mis kannab endas rahu ja valgust.","robots":{"index":"index","follow":"follow","max-snippet":"max-snippet:-1","max-image-preview":"max-image-preview:large","max-video-preview":"max-video-preview:-1"},"canonical":"https:\/\/mandalailu.ee\/en\/product\/unenaopuudja-1\/","og_locale":"en_US","og_type":"article","og_title":"Unen\u00e4op\u00fc\u00fcdja valguse ja rahu loomiseks - Mandala ilu","og_description":"Mandala ILU Boho stiilis unen\u00e4op\u00fc\u00fcdja hoiab Sinu und, valgustab meelt ja loob tuppa sooja rahutunde. K\u00e4sit\u00f6\u00f6, mis kannab endas rahu ja valgust.","og_url":"https:\/\/mandalailu.ee\/en\/product\/unenaopuudja-1\/","og_site_name":"Mandala ilu","article_publisher":"https:\/\/www.facebook.com\/MandalaILU","article_modified_time":"2026-02-27T12:13:14+00:00","og_image":[{"width":750,"height":750,"url":"https:\/\/mandalailu.ee\/wp-content\/uploads\/2025\/10\/UP001-Mandala-ILU-unenaopuudja-10-minuga2.jpg","type":"image\/jpeg"}],"twitter_card":"summary_large_image","twitter_misc":{"Est. reading time":"1 minute"},"schema":{"@context":"https:\/\/schema.org","@graph":[{"@type":"WebPage","@id":"https:\/\/mandalailu.ee\/toode\/unenaopuudja-1\/","url":"https:\/\/mandalailu.ee\/toode\/unenaopuudja-1\/","name":"Unen\u00e4op\u00fc\u00fcdja valguse ja rahu loomiseks - Mandala ilu","isPartOf":{"@id":"https:\/\/mandalailu.ee\/#website"},"primaryImageOfPage":{"@id":"https:\/\/mandalailu.ee\/toode\/unenaopuudja-1\/#primaryimage"},"image":{"@id":"https:\/\/mandalailu.ee\/toode\/unenaopuudja-1\/#primaryimage"},"thumbnailUrl":"https:\/\/mandalailu.ee\/wp-content\/uploads\/2025\/10\/UP001-Mandala-ILU-unenaopuudja-10-minuga2.jpg","datePublished":"2025-10-31T14:11:35+00:00","dateModified":"2026-02-27T12:13:14+00:00","description":"Mandala ILU Boho stiilis unen\u00e4op\u00fc\u00fcdja hoiab Sinu und, valgustab meelt ja loob tuppa sooja rahutunde. K\u00e4sit\u00f6\u00f6, mis kannab endas rahu ja valgust.","breadcrumb":{"@id":"https:\/\/mandalailu.ee\/toode\/unenaopuudja-1\/#breadcrumb"},"inLanguage":"en-US","potentialAction":[{"@type":"ReadAction","target":["https:\/\/mandalailu.ee\/toode\/unenaopuudja-1\/"]}]},{"@type":"ImageObject","inLanguage":"en-US","@id":"https:\/\/mandalailu.ee\/toode\/unenaopuudja-1\/#primaryimage","url":"https:\/\/mandalailu.ee\/wp-content\/uploads\/2025\/10\/UP001-Mandala-ILU-unenaopuudja-10-minuga2.jpg","contentUrl":"https:\/\/mandalailu.ee\/wp-content\/uploads\/2025\/10\/UP001-Mandala-ILU-unenaopuudja-10-minuga2.jpg","width":750,"height":750,"caption":"Mandala ILU k\u00e4sit\u00f6\u00f6na loodud Boho unen\u00e4op\u00fc\u00fcdja toob Sinu ruumi rahu, kerguse ja valguse."},{"@type":"BreadcrumbList","@id":"https:\/\/mandalailu.ee\/toode\/unenaopuudja-1\/#breadcrumb","itemListElement":[{"@type":"ListItem","position":1,"name":"Home","item":"https:\/\/mandalailu.ee\/"},{"@type":"ListItem","position":2,"name":"Unen\u00e4op\u00fc\u00fcdja valguse ja rahu loomiseks"}]},{"@type":"WebSite","@id":"https:\/\/mandalailu.ee\/#website","url":"https:\/\/mandalailu.ee\/","name":"Mandala ilu","description":"Unikaalsed k&auml;sit&ouml;&ouml;na valminud ehted","publisher":{"@id":"https:\/\/mandalailu.ee\/#organization"},"potentialAction":[{"@type":"SearchAction","target":{"@type":"EntryPoint","urlTemplate":"https:\/\/mandalailu.ee\/?s={search_term_string}"},"query-input":{"@type":"PropertyValueSpecification","valueRequired":true,"valueName":"search_term_string"}}],"inLanguage":"en-US"},{"@type":"Organization","@id":"https:\/\/mandalailu.ee\/#organization","name":"Mandala ILU","url":"https:\/\/mandalailu.ee\/","logo":{"@type":"ImageObject","inLanguage":"en-US","@id":"https:\/\/mandalailu.ee\/#\/schema\/logo\/image\/","url":"https:\/\/mandalailu.ee\/wp-content\/uploads\/2022\/04\/cropped-Mandala-ILU-lill_block.jpg","contentUrl":"https:\/\/mandalailu.ee\/wp-content\/uploads\/2022\/04\/cropped-Mandala-ILU-lill_block.jpg","width":512,"height":512,"caption":"Mandala ILU"},"image":{"@id":"https:\/\/mandalailu.ee\/#\/schema\/logo\/image\/"},"sameAs":["https:\/\/www.facebook.com\/MandalaILU","https:\/\/www.instagram.com\/mandala.ilu.mala.ehted\/"]}]}},"_links":{"self":[{"href":"https:\/\/mandalailu.ee\/en\/wp-json\/wp\/v2\/product\/5088","targetHints":{"allow":["GET"]}}],"collection":[{"href":"https:\/\/mandalailu.ee\/en\/wp-json\/wp\/v2\/product"}],"about":[{"href":"https:\/\/mandalailu.ee\/en\/wp-json\/wp\/v2\/types\/product"}],"wp:featuredmedia":[{"embeddable":true,"href":"https:\/\/mandalailu.ee\/en\/wp-json\/wp\/v2\/media\/5106"}],"wp:attachment":[{"href":"https:\/\/mandalailu.ee\/en\/wp-json\/wp\/v2\/media?parent=5088"}],"wp:term":[{"taxonomy":"product_brand","embeddable":true,"href":"https:\/\/mandalailu.ee\/en\/wp-json\/wp\/v2\/product_brand?post=5088"},{"taxonomy":"product_cat","embeddable":true,"href":"https:\/\/mandalailu.ee\/en\/wp-json\/wp\/v2\/product_cat?post=5088"},{"taxonomy":"product_tag","embeddable":true,"href":"https:\/\/mandalailu.ee\/en\/wp-json\/wp\/v2\/product_tag?post=5088"}],"curies":[{"name":"wp","href":"https:\/\/api.w.org\/{rel}","templated":true}]}}