{"id":510,"date":"2022-05-02T12:31:26","date_gmt":"2022-05-02T12:31:26","guid":{"rendered":"https:\/\/mandalailu.ee\/?post_type=product&#038;p=510"},"modified":"2025-05-04T08:57:33","modified_gmt":"2025-05-04T08:57:33","slug":"sulised-korvarongad-10","status":"publish","type":"product","link":"https:\/\/mandalailu.ee\/en\/product\/sulised-korvarongad-10\/","title":{"rendered":"Sulised k\u00f5rvar\u00f5ngad &#8220;Jumalikkus&#8221;"},"content":{"rendered":"<h2 style=\"text-align: center;\">Sulised k\u00f5rvar\u00f5ngad &#8220;Jumalikkus&#8221;<\/h2>\n<h3><strong>Kroont\u0161akra<\/strong><\/h3>\n<p>Seitsmest k\u00f5rgeim \u2013 kroont\u0161akra on Sinu t\u00e4iuslik olemise tipp. See on koht, kus leiad oma valgustatuse ja kus saad \u00fchenduse universumi, oma vaimu ja kogu selle kosmilise suursugususega. See on Sinu k\u00f5rgeimate vibratsioonide ja k\u00f5ige \u00fclevama seisundi allikas. Tema s\u00f5numiks on \u201eElan olevikus\u201c. Kroont\u0161akra asub peapeal ja on seotud kuldse, valge ja violetse v\u00e4rviga. Avatud kroont\u0161akra aitab Sul leida oma kohta maailmas ja n\u00e4ha laiemat pilti. Samuti aitab see leida Sinu jaoks \u00f5iged vaimsed praktikad ning avab Sind kingitustele ja s\u00f5numitele, mida universum Sulle pakub. See t\u0161akra on seotud eesm\u00e4rgitunde, Sinu vaimse heaolu ja rahulolutundega. Kroont\u0161akrale sobivad kristallid on k\u00f5rgeimate vibratsioonide anumad ja meistertervendajad.<\/p>\n<p style=\"text-align: right;\">Kroont\u0161akra funktsioonidest ja mida Sa saaksid teha et oma kroont\u0161akrat toetada, loe rohkem <a href=\"https:\/\/mandalailu.ee\/en\/blogi\/tsakrad\/\"><strong>SIIT<\/strong><\/a><\/p>\n<p>&nbsp;<\/p>\n<ul>\n<li>Ehted on \u00f5rnad ning s\u00e4ilivad paremini hoiustades neid rippuvas asendis ja kreemiseid k\u00e4si nad v\u00e4ga ei armasta.<\/li>\n<li>Lase \u00f5rnusel ennast puudutada, naudi ja tunne sellest k\u00f5igest r\u00f5\u00f5mu.<\/li>\n<li>Kui antud sulised Sind k\u00f5netavad, on nende s\u00f5num m\u00f5eldud just Sulle. Need on Sinu ehted. Tunne mind \u00e4ra. L\u00e4bi oma s\u00fcdame.<\/li>\n<\/ul>\n<p>&nbsp;<\/p>\n<div>Sulised k\u00f5rvar\u00f5ngad &#8220;Jumalikkus&#8221; autoriks on Helena Hage<\/div>\n<div><b>Ole Hingest Hoitud<\/b><\/div>","protected":false},"excerpt":{"rendered":"<blockquote><p>S\u00f5num Sulle: <strong>&#8220;See on lihtsalt Jumalik, kuidas ma puhkan \u00f5ide&#8221;<\/strong><\/p><\/blockquote>\n<ul>\n<li>Ehetes on kasutatud nii naturaalseid kui v\u00e4rvitud sulgi. S\u00e4ra annavad plast-, klaas-, puu- ja keraamilised p\u00e4rlid. K\u00f5rvar\u00f5ngakonksud on niklivabad ja varustatud l\u00e4bipaistvate silikoonist tagustega.<\/li>\n<li>K\u00f5ik sulised k\u00f5rvar\u00f5ngad on s\u00fcndinud \u00f5rnusest, kergusest, lustist ja r\u00f5\u00f5must ja just Sulle \u00e4ratundmiseks loodud. Valminud k\u00e4sit\u00f6\u00f6na ja on ainueksemplarid.<\/li>\n<li>Ehted on pakendatud kahepoolsesse kaarditaskusse ning igale kaardile kirjutatud erinev s\u00f5num kandjale, mida on tore endale ehete kandmisel lausuda.<\/li>\n<li>Sobilik ka kinkimiseks.<\/li>\n<li>Eesti sisene <strong>transport<\/strong> pakiautomaati on ALATI minu kulul.<\/li>\n<li><strong>Vali kohe, maksa hiljem v\u00f5imalus<\/strong>. Rohkem infot\u00a0<a href=\"https:\/\/mandalailu.ee\/en\/uld-ja-muugitingimused\/#jarelmaksu-voimalus\"><strong>SIIT.<\/strong><\/a><\/li>\n<\/ul>\n<p>Kui antud Sulised Sind k\u00f5netavad, on nende s\u00f5num m\u00f5eldud just Sulle. Need on Sinu Sulised. Tunne nad \u00e4ra. L\u00e4bi oma s\u00fcdame.<\/p>","protected":false},"featured_media":3845,"template":"","meta":{"_acf_changed":false},"product_brand":[],"product_cat":[17,89],"product_tag":[43],"class_list":{"0":"post-510","1":"product","2":"type-product","3":"status-publish","4":"has-post-thumbnail","6":"product_cat-korvarongad","7":"product_cat-sulgedest-korvarongad","8":"product_tag-kroontsakra","10":"first","11":"outofstock","12":"shipping-taxable","13":"purchasable","14":"product-type-simple"},"acf":[],"yoast_head":"<!-- This site is optimized with the Yoast SEO plugin v26.3 - https:\/\/yoast.com\/wordpress\/plugins\/seo\/ -->\n<title>Sulised k\u00f5rvar\u00f5ngad &quot;Jumalikkus&quot; - Mandala ilu<\/title>\n<meta name=\"description\" content=\"K\u00f5ik sulgedest k\u00f5rvar\u00f5ngad on s\u00fcndinud \u00f5rnusest, kergusest, lustist ja r\u00f5\u00f5must ja just Sulle \u00e4ratundmiseks loodud. Sulised k\u00f5rvar\u00f5ngad &quot;Jumalikkus&quot;\" \/>\n<meta name=\"robots\" content=\"index, follow, max-snippet:-1, max-image-preview:large, max-video-preview:-1\" \/>\n<link rel=\"canonical\" href=\"https:\/\/mandalailu.ee\/en\/product\/sulised-korvarongad-10\/\" \/>\n<meta property=\"og:locale\" content=\"en_US\" \/>\n<meta property=\"og:type\" content=\"article\" \/>\n<meta property=\"og:title\" content=\"Sulised k\u00f5rvar\u00f5ngad &quot;Jumalikkus&quot; - Mandala ilu\" \/>\n<meta property=\"og:description\" content=\"K\u00f5ik sulgedest k\u00f5rvar\u00f5ngad on s\u00fcndinud \u00f5rnusest, kergusest, lustist ja r\u00f5\u00f5must ja just Sulle \u00e4ratundmiseks loodud. Sulised k\u00f5rvar\u00f5ngad &quot;Jumalikkus&quot;\" \/>\n<meta property=\"og:url\" content=\"https:\/\/mandalailu.ee\/en\/product\/sulised-korvarongad-10\/\" \/>\n<meta property=\"og:site_name\" content=\"Mandala ilu\" \/>\n<meta property=\"article:publisher\" content=\"https:\/\/www.facebook.com\/MandalaILU\" \/>\n<meta property=\"article:modified_time\" content=\"2025-05-04T08:57:33+00:00\" \/>\n<meta property=\"og:image\" content=\"https:\/\/mandalailu.ee\/wp-content\/uploads\/2022\/05\/HH0078_Mandala-ILU-sulised-3.jpg\" \/>\n\t<meta property=\"og:image:width\" content=\"750\" \/>\n\t<meta property=\"og:image:height\" content=\"750\" \/>\n\t<meta property=\"og:image:type\" content=\"image\/jpeg\" \/>\n<meta name=\"twitter:card\" content=\"summary_large_image\" \/>\n<meta name=\"twitter:label1\" content=\"Est. reading time\" \/>\n\t<meta name=\"twitter:data1\" content=\"1 minute\" \/>\n<script type=\"application\/ld+json\" class=\"yoast-schema-graph\">{\"@context\":\"https:\/\/schema.org\",\"@graph\":[{\"@type\":\"WebPage\",\"@id\":\"https:\/\/mandalailu.ee\/toode\/sulised-korvarongad-10\/\",\"url\":\"https:\/\/mandalailu.ee\/toode\/sulised-korvarongad-10\/\",\"name\":\"Sulised k\u00f5rvar\u00f5ngad \\\"Jumalikkus\\\" - Mandala ilu\",\"isPartOf\":{\"@id\":\"https:\/\/mandalailu.ee\/#website\"},\"primaryImageOfPage\":{\"@id\":\"https:\/\/mandalailu.ee\/toode\/sulised-korvarongad-10\/#primaryimage\"},\"image\":{\"@id\":\"https:\/\/mandalailu.ee\/toode\/sulised-korvarongad-10\/#primaryimage\"},\"thumbnailUrl\":\"https:\/\/mandalailu.ee\/wp-content\/uploads\/2022\/05\/HH0078_Mandala-ILU-sulised-3.jpg\",\"datePublished\":\"2022-05-02T12:31:26+00:00\",\"dateModified\":\"2025-05-04T08:57:33+00:00\",\"description\":\"K\u00f5ik sulgedest k\u00f5rvar\u00f5ngad on s\u00fcndinud \u00f5rnusest, kergusest, lustist ja r\u00f5\u00f5must ja just Sulle \u00e4ratundmiseks loodud. Sulised k\u00f5rvar\u00f5ngad \\\"Jumalikkus\\\"\",\"breadcrumb\":{\"@id\":\"https:\/\/mandalailu.ee\/toode\/sulised-korvarongad-10\/#breadcrumb\"},\"inLanguage\":\"en-US\",\"potentialAction\":[{\"@type\":\"ReadAction\",\"target\":[\"https:\/\/mandalailu.ee\/toode\/sulised-korvarongad-10\/\"]}]},{\"@type\":\"ImageObject\",\"inLanguage\":\"en-US\",\"@id\":\"https:\/\/mandalailu.ee\/toode\/sulised-korvarongad-10\/#primaryimage\",\"url\":\"https:\/\/mandalailu.ee\/wp-content\/uploads\/2022\/05\/HH0078_Mandala-ILU-sulised-3.jpg\",\"contentUrl\":\"https:\/\/mandalailu.ee\/wp-content\/uploads\/2022\/05\/HH0078_Mandala-ILU-sulised-3.jpg\",\"width\":750,\"height\":750,\"caption\":\"Mandala ILU sulised \/ Sulised k\u00f5rvar\u00f5ngad \\\"Jumalikkus\\\"\"},{\"@type\":\"BreadcrumbList\",\"@id\":\"https:\/\/mandalailu.ee\/toode\/sulised-korvarongad-10\/#breadcrumb\",\"itemListElement\":[{\"@type\":\"ListItem\",\"position\":1,\"name\":\"Home\",\"item\":\"https:\/\/mandalailu.ee\/\"},{\"@type\":\"ListItem\",\"position\":2,\"name\":\"Sulised k\u00f5rvar\u00f5ngad &#8220;Jumalikkus&#8221;\"}]},{\"@type\":\"WebSite\",\"@id\":\"https:\/\/mandalailu.ee\/#website\",\"url\":\"https:\/\/mandalailu.ee\/\",\"name\":\"Mandala ilu\",\"description\":\"Unikaalsed k&auml;sit&ouml;&ouml;na valminud ehted\",\"publisher\":{\"@id\":\"https:\/\/mandalailu.ee\/#organization\"},\"potentialAction\":[{\"@type\":\"SearchAction\",\"target\":{\"@type\":\"EntryPoint\",\"urlTemplate\":\"https:\/\/mandalailu.ee\/?s={search_term_string}\"},\"query-input\":{\"@type\":\"PropertyValueSpecification\",\"valueRequired\":true,\"valueName\":\"search_term_string\"}}],\"inLanguage\":\"en-US\"},{\"@type\":\"Organization\",\"@id\":\"https:\/\/mandalailu.ee\/#organization\",\"name\":\"Mandala ILU\",\"url\":\"https:\/\/mandalailu.ee\/\",\"logo\":{\"@type\":\"ImageObject\",\"inLanguage\":\"en-US\",\"@id\":\"https:\/\/mandalailu.ee\/#\/schema\/logo\/image\/\",\"url\":\"https:\/\/mandalailu.ee\/wp-content\/uploads\/2022\/04\/cropped-Mandala-ILU-lill_block.jpg\",\"contentUrl\":\"https:\/\/mandalailu.ee\/wp-content\/uploads\/2022\/04\/cropped-Mandala-ILU-lill_block.jpg\",\"width\":512,\"height\":512,\"caption\":\"Mandala ILU\"},\"image\":{\"@id\":\"https:\/\/mandalailu.ee\/#\/schema\/logo\/image\/\"},\"sameAs\":[\"https:\/\/www.facebook.com\/MandalaILU\",\"https:\/\/www.instagram.com\/mandala.ilu.mala.ehted\/\"]}]}<\/script>\n<!-- \/ Yoast SEO plugin. -->","yoast_head_json":{"title":"Sulised k\u00f5rvar\u00f5ngad \"Jumalikkus\" - Mandala ilu","description":"K\u00f5ik sulgedest k\u00f5rvar\u00f5ngad on s\u00fcndinud \u00f5rnusest, kergusest, lustist ja r\u00f5\u00f5must ja just Sulle \u00e4ratundmiseks loodud. Sulised k\u00f5rvar\u00f5ngad \"Jumalikkus\"","robots":{"index":"index","follow":"follow","max-snippet":"max-snippet:-1","max-image-preview":"max-image-preview:large","max-video-preview":"max-video-preview:-1"},"canonical":"https:\/\/mandalailu.ee\/en\/product\/sulised-korvarongad-10\/","og_locale":"en_US","og_type":"article","og_title":"Sulised k\u00f5rvar\u00f5ngad \"Jumalikkus\" - Mandala ilu","og_description":"K\u00f5ik sulgedest k\u00f5rvar\u00f5ngad on s\u00fcndinud \u00f5rnusest, kergusest, lustist ja r\u00f5\u00f5must ja just Sulle \u00e4ratundmiseks loodud. Sulised k\u00f5rvar\u00f5ngad \"Jumalikkus\"","og_url":"https:\/\/mandalailu.ee\/en\/product\/sulised-korvarongad-10\/","og_site_name":"Mandala ilu","article_publisher":"https:\/\/www.facebook.com\/MandalaILU","article_modified_time":"2025-05-04T08:57:33+00:00","og_image":[{"width":750,"height":750,"url":"https:\/\/mandalailu.ee\/wp-content\/uploads\/2022\/05\/HH0078_Mandala-ILU-sulised-3.jpg","type":"image\/jpeg"}],"twitter_card":"summary_large_image","twitter_misc":{"Est. reading time":"1 minute"},"schema":{"@context":"https:\/\/schema.org","@graph":[{"@type":"WebPage","@id":"https:\/\/mandalailu.ee\/toode\/sulised-korvarongad-10\/","url":"https:\/\/mandalailu.ee\/toode\/sulised-korvarongad-10\/","name":"Sulised k\u00f5rvar\u00f5ngad \"Jumalikkus\" - Mandala ilu","isPartOf":{"@id":"https:\/\/mandalailu.ee\/#website"},"primaryImageOfPage":{"@id":"https:\/\/mandalailu.ee\/toode\/sulised-korvarongad-10\/#primaryimage"},"image":{"@id":"https:\/\/mandalailu.ee\/toode\/sulised-korvarongad-10\/#primaryimage"},"thumbnailUrl":"https:\/\/mandalailu.ee\/wp-content\/uploads\/2022\/05\/HH0078_Mandala-ILU-sulised-3.jpg","datePublished":"2022-05-02T12:31:26+00:00","dateModified":"2025-05-04T08:57:33+00:00","description":"K\u00f5ik sulgedest k\u00f5rvar\u00f5ngad on s\u00fcndinud \u00f5rnusest, kergusest, lustist ja r\u00f5\u00f5must ja just Sulle \u00e4ratundmiseks loodud. Sulised k\u00f5rvar\u00f5ngad \"Jumalikkus\"","breadcrumb":{"@id":"https:\/\/mandalailu.ee\/toode\/sulised-korvarongad-10\/#breadcrumb"},"inLanguage":"en-US","potentialAction":[{"@type":"ReadAction","target":["https:\/\/mandalailu.ee\/toode\/sulised-korvarongad-10\/"]}]},{"@type":"ImageObject","inLanguage":"en-US","@id":"https:\/\/mandalailu.ee\/toode\/sulised-korvarongad-10\/#primaryimage","url":"https:\/\/mandalailu.ee\/wp-content\/uploads\/2022\/05\/HH0078_Mandala-ILU-sulised-3.jpg","contentUrl":"https:\/\/mandalailu.ee\/wp-content\/uploads\/2022\/05\/HH0078_Mandala-ILU-sulised-3.jpg","width":750,"height":750,"caption":"Mandala ILU sulised \/ Sulised k\u00f5rvar\u00f5ngad \"Jumalikkus\""},{"@type":"BreadcrumbList","@id":"https:\/\/mandalailu.ee\/toode\/sulised-korvarongad-10\/#breadcrumb","itemListElement":[{"@type":"ListItem","position":1,"name":"Home","item":"https:\/\/mandalailu.ee\/"},{"@type":"ListItem","position":2,"name":"Sulised k\u00f5rvar\u00f5ngad &#8220;Jumalikkus&#8221;"}]},{"@type":"WebSite","@id":"https:\/\/mandalailu.ee\/#website","url":"https:\/\/mandalailu.ee\/","name":"Mandala ilu","description":"Unikaalsed k&auml;sit&ouml;&ouml;na valminud ehted","publisher":{"@id":"https:\/\/mandalailu.ee\/#organization"},"potentialAction":[{"@type":"SearchAction","target":{"@type":"EntryPoint","urlTemplate":"https:\/\/mandalailu.ee\/?s={search_term_string}"},"query-input":{"@type":"PropertyValueSpecification","valueRequired":true,"valueName":"search_term_string"}}],"inLanguage":"en-US"},{"@type":"Organization","@id":"https:\/\/mandalailu.ee\/#organization","name":"Mandala ILU","url":"https:\/\/mandalailu.ee\/","logo":{"@type":"ImageObject","inLanguage":"en-US","@id":"https:\/\/mandalailu.ee\/#\/schema\/logo\/image\/","url":"https:\/\/mandalailu.ee\/wp-content\/uploads\/2022\/04\/cropped-Mandala-ILU-lill_block.jpg","contentUrl":"https:\/\/mandalailu.ee\/wp-content\/uploads\/2022\/04\/cropped-Mandala-ILU-lill_block.jpg","width":512,"height":512,"caption":"Mandala ILU"},"image":{"@id":"https:\/\/mandalailu.ee\/#\/schema\/logo\/image\/"},"sameAs":["https:\/\/www.facebook.com\/MandalaILU","https:\/\/www.instagram.com\/mandala.ilu.mala.ehted\/"]}]}},"_links":{"self":[{"href":"https:\/\/mandalailu.ee\/en\/wp-json\/wp\/v2\/product\/510","targetHints":{"allow":["GET"]}}],"collection":[{"href":"https:\/\/mandalailu.ee\/en\/wp-json\/wp\/v2\/product"}],"about":[{"href":"https:\/\/mandalailu.ee\/en\/wp-json\/wp\/v2\/types\/product"}],"wp:featuredmedia":[{"embeddable":true,"href":"https:\/\/mandalailu.ee\/en\/wp-json\/wp\/v2\/media\/3845"}],"wp:attachment":[{"href":"https:\/\/mandalailu.ee\/en\/wp-json\/wp\/v2\/media?parent=510"}],"wp:term":[{"taxonomy":"product_brand","embeddable":true,"href":"https:\/\/mandalailu.ee\/en\/wp-json\/wp\/v2\/product_brand?post=510"},{"taxonomy":"product_cat","embeddable":true,"href":"https:\/\/mandalailu.ee\/en\/wp-json\/wp\/v2\/product_cat?post=510"},{"taxonomy":"product_tag","embeddable":true,"href":"https:\/\/mandalailu.ee\/en\/wp-json\/wp\/v2\/product_tag?post=510"}],"curies":[{"name":"wp","href":"https:\/\/api.w.org\/{rel}","templated":true}]}}