{"id":5153,"date":"2025-11-27T11:26:56","date_gmt":"2025-11-27T11:26:56","guid":{"rendered":"https:\/\/mandalailu.ee\/?post_type=product&#038;p=5153"},"modified":"2025-11-27T11:26:57","modified_gmt":"2025-11-27T11:26:57","slug":"ripats-6","status":"publish","type":"product","link":"https:\/\/mandalailu.ee\/en\/product\/ripats-6\/","title":{"rendered":"SammalAhhaat ripats"},"content":{"rendered":"<h2 style=\"text-align: center;\"><strong>SammalAhhaadi ripats, looduse ja tasakaalu v\u00e4gi<\/strong><\/h2>\n<p>SammalAhhaat on kristall, mis on tuntud oma rahustava ja tasakaalustava m\u00f5ju poolest. Ta aitab maanduda ja luua s\u00fcgavamat sidet loodusega. See kristall on seotud k\u00fclluse ja uute algustega, toetades Sind siis, kui seisad muutuste l\u00e4vel. SammalAhhaat aitab v\u00e4hendada stressi ning soodustab rahulikku meelt. Ta toob ellu lootust ja sisemist rahu ka keerulistel aegadel. Meditatsioonis kasutades aitab SammalAhhaat Sul saavutada s\u00fcgavamat keskendumist. Ta on kristall, mis \u00f5petab Sind m\u00e4rkama v\u00e4ikeseid r\u00f5\u00f5me ja elu lihtsust. SammalAhhaat sobib h\u00e4sti neile, kes otsivad tasakaalu t\u00f6\u00f6 ja puhkamise vahel. Ta on kaitsev kristall, mis toetab Sind igap\u00e4evaelus ja toob turvatunde. Ripatsina kandes muutub SammalAhhaat Sinu isiklikuks v\u00e4eallikaks, mis toetab Sind igas hetkes.<\/p>\n<p>SammalAhhaat toetab k\u00f5ige enam <a href=\"https:\/\/mandalailu.ee\/en\/blogi\/sudametsakra\/\"><strong>S\u00fcdame t\u0161akrat<\/strong><\/a>, avades Sind armastusele ja sisemisele rahule. Ta loob tasakaalu emotsioonides ja aitab Sul s\u00e4ilitada harmooniat. S\u00fcdame tasandil toetab ta ka enesearmastust ja usaldust elu vastu. Kandes SammalAhhaadi ripatsit on Sul alati kaasas kristall, mis toob rahu, kaitset ja tuge igap\u00e4evaelus. SammalAhhaat aitab Sul vabastada vanad haavad ja avada s\u00fcdame uutele kogemustele. Ta toob kaasa sisemise kindluse, mis aitab Sul usaldada nii iseennast kui ka elu kulgu. Kristalli energia aitab luua s\u00fcgavamat sidet looduse ja elu ringk\u00e4iguga. Ripatsina kandes meenutab SammalAhhaat, et oled osa suuremast tervikust ja Sinus on alati olemas tasakaal ja tugevus.<\/p>\n<p>&nbsp;<\/p>\n<p>Kui antud ripats Sind k\u00f5netab, on ta m\u00f5eldud just Sulle. Tunne ta \u00e4ra. L\u00e4bi oma s\u00fcdame.<\/p>\n<p>SammalAhhaat ripats autor on Katrina Klaas<br \/>\n<strong>Ole hoitud, l\u00e4bi armastuse<\/strong><\/p>","protected":false},"excerpt":{"rendered":"<p>See k\u00e4sit\u00f6\u00f6na valminud SammalAhhaadi ripats on kui v\u00e4ike maat\u00fckk, mis kannab endas maa rahu ja looduse v\u00e4ge. SammalAhhaat on kristall, mis toob Sinu ellu stabiilsust, tasakaalu ja rahu. Ta aitab maanduda ja leida tugevust hetkedel, mil elu tundub keeruline.<\/p>\n<ul>\n<li>SammalAhhaat ripats on <strong>unikaalne<\/strong> k\u00e4sit\u00f6\u00f6na loodud ehe<\/li>\n<li><strong>Kullatud<\/strong> traadist kinnitus<\/li>\n<li>Fotol olev kaelakett ei kuulu komlpekti<\/li>\n<li>Kaunis <strong>kinkekarp<\/strong> muudab selle ideaalseks kingituseks kallimale v\u00f5i endale<\/li>\n<li>Eesti-sisene transport pakiautomaati on alati minu kulul<\/li>\n<li><strong><a href=\"https:\/\/mandalailu.ee\/en\/uld-ja-muugitingimused\/#jarelmaksu-voimalus\">Vali kohe, maksa hiljem<\/a>.<\/strong> Nii on lihtne end r\u00f5\u00f5mustada.\u00a0Rohkem infot leiad\u00a0<a href=\"https:\/\/mandalailu.ee\/en\/uld-ja-muugitingimused\/#jarelmaksu-voimalus\"><strong>SIIT<\/strong><\/a><\/li>\n<\/ul>\n<p>Kui see SammalAhhaadi ripats Sind k\u00f5netab, siis tea, et nii ongi. Ta on m\u00f5eldud just Sulle. Tunne ta \u00e4ra. L\u00e4bi oma s\u00fcdame.<\/p>","protected":false},"featured_media":5147,"template":"","meta":{"_acf_changed":false},"product_brand":[],"product_cat":[86],"product_tag":[40],"class_list":{"0":"post-5153","1":"product","2":"type-product","3":"status-publish","4":"has-post-thumbnail","6":"product_cat-ripatsid","7":"product_tag-sudametsakra","9":"first","10":"instock","11":"shipping-taxable","12":"purchasable","13":"product-type-simple"},"acf":[],"yoast_head":"<!-- This site is optimized with the Yoast SEO plugin v26.3 - https:\/\/yoast.com\/wordpress\/plugins\/seo\/ -->\n<title>SammalAhhaat ripats - Mandala ilu<\/title>\n<meta name=\"description\" content=\"Unikaalne k\u00e4sit\u00f6\u00f6na valmistatud SammalAhhaadi ripats loob rahu, tasakaalu ja k\u00fcllust. Toetab S\u00fcdame t\u0161akrat, \u00fchendab looduse v\u00e4e ja sisemise harmoonia\" \/>\n<meta name=\"robots\" content=\"index, follow, max-snippet:-1, max-image-preview:large, max-video-preview:-1\" \/>\n<link rel=\"canonical\" href=\"https:\/\/mandalailu.ee\/en\/product\/ripats-6\/\" \/>\n<meta property=\"og:locale\" content=\"en_US\" \/>\n<meta property=\"og:type\" content=\"article\" \/>\n<meta property=\"og:title\" content=\"SammalAhhaat ripats - Mandala ilu\" \/>\n<meta property=\"og:description\" content=\"Unikaalne k\u00e4sit\u00f6\u00f6na valmistatud SammalAhhaadi ripats loob rahu, tasakaalu ja k\u00fcllust. Toetab S\u00fcdame t\u0161akrat, \u00fchendab looduse v\u00e4e ja sisemise harmoonia\" \/>\n<meta property=\"og:url\" content=\"https:\/\/mandalailu.ee\/en\/product\/ripats-6\/\" \/>\n<meta property=\"og:site_name\" content=\"Mandala ilu\" \/>\n<meta property=\"article:publisher\" content=\"https:\/\/www.facebook.com\/MandalaILU\" \/>\n<meta property=\"article:modified_time\" content=\"2025-11-27T11:26:57+00:00\" \/>\n<meta property=\"og:image\" content=\"https:\/\/mandalailu.ee\/wp-content\/uploads\/2025\/11\/KK0082-Mandala-ILU-kristallidest-ripats-SammalAhhaat-1.jpg\" \/>\n\t<meta property=\"og:image:width\" content=\"750\" \/>\n\t<meta property=\"og:image:height\" content=\"750\" \/>\n\t<meta property=\"og:image:type\" content=\"image\/jpeg\" \/>\n<meta name=\"twitter:card\" content=\"summary_large_image\" \/>\n<meta name=\"twitter:label1\" content=\"Est. reading time\" \/>\n\t<meta name=\"twitter:data1\" content=\"1 minute\" \/>\n<script type=\"application\/ld+json\" class=\"yoast-schema-graph\">{\"@context\":\"https:\/\/schema.org\",\"@graph\":[{\"@type\":\"WebPage\",\"@id\":\"https:\/\/mandalailu.ee\/toode\/ripats-6\/\",\"url\":\"https:\/\/mandalailu.ee\/toode\/ripats-6\/\",\"name\":\"SammalAhhaat ripats - Mandala ilu\",\"isPartOf\":{\"@id\":\"https:\/\/mandalailu.ee\/#website\"},\"primaryImageOfPage\":{\"@id\":\"https:\/\/mandalailu.ee\/toode\/ripats-6\/#primaryimage\"},\"image\":{\"@id\":\"https:\/\/mandalailu.ee\/toode\/ripats-6\/#primaryimage\"},\"thumbnailUrl\":\"https:\/\/mandalailu.ee\/wp-content\/uploads\/2025\/11\/KK0082-Mandala-ILU-kristallidest-ripats-SammalAhhaat-1.jpg\",\"datePublished\":\"2025-11-27T11:26:56+00:00\",\"dateModified\":\"2025-11-27T11:26:57+00:00\",\"description\":\"Unikaalne k\u00e4sit\u00f6\u00f6na valmistatud SammalAhhaadi ripats loob rahu, tasakaalu ja k\u00fcllust. Toetab S\u00fcdame t\u0161akrat, \u00fchendab looduse v\u00e4e ja sisemise harmoonia\",\"breadcrumb\":{\"@id\":\"https:\/\/mandalailu.ee\/toode\/ripats-6\/#breadcrumb\"},\"inLanguage\":\"en-US\",\"potentialAction\":[{\"@type\":\"ReadAction\",\"target\":[\"https:\/\/mandalailu.ee\/toode\/ripats-6\/\"]}]},{\"@type\":\"ImageObject\",\"inLanguage\":\"en-US\",\"@id\":\"https:\/\/mandalailu.ee\/toode\/ripats-6\/#primaryimage\",\"url\":\"https:\/\/mandalailu.ee\/wp-content\/uploads\/2025\/11\/KK0082-Mandala-ILU-kristallidest-ripats-SammalAhhaat-1.jpg\",\"contentUrl\":\"https:\/\/mandalailu.ee\/wp-content\/uploads\/2025\/11\/KK0082-Mandala-ILU-kristallidest-ripats-SammalAhhaat-1.jpg\",\"width\":750,\"height\":750,\"caption\":\"K\u00e4sit\u00f6\u00f6na valmistatud SammalAhhaadi ripats, mis toob rahu ja tasakaalu, Mandala ILU\"},{\"@type\":\"BreadcrumbList\",\"@id\":\"https:\/\/mandalailu.ee\/toode\/ripats-6\/#breadcrumb\",\"itemListElement\":[{\"@type\":\"ListItem\",\"position\":1,\"name\":\"Home\",\"item\":\"https:\/\/mandalailu.ee\/\"},{\"@type\":\"ListItem\",\"position\":2,\"name\":\"SammalAhhaat ripats\"}]},{\"@type\":\"WebSite\",\"@id\":\"https:\/\/mandalailu.ee\/#website\",\"url\":\"https:\/\/mandalailu.ee\/\",\"name\":\"Mandala ilu\",\"description\":\"Unikaalsed k&auml;sit&ouml;&ouml;na valminud ehted\",\"publisher\":{\"@id\":\"https:\/\/mandalailu.ee\/#organization\"},\"potentialAction\":[{\"@type\":\"SearchAction\",\"target\":{\"@type\":\"EntryPoint\",\"urlTemplate\":\"https:\/\/mandalailu.ee\/?s={search_term_string}\"},\"query-input\":{\"@type\":\"PropertyValueSpecification\",\"valueRequired\":true,\"valueName\":\"search_term_string\"}}],\"inLanguage\":\"en-US\"},{\"@type\":\"Organization\",\"@id\":\"https:\/\/mandalailu.ee\/#organization\",\"name\":\"Mandala ILU\",\"url\":\"https:\/\/mandalailu.ee\/\",\"logo\":{\"@type\":\"ImageObject\",\"inLanguage\":\"en-US\",\"@id\":\"https:\/\/mandalailu.ee\/#\/schema\/logo\/image\/\",\"url\":\"https:\/\/mandalailu.ee\/wp-content\/uploads\/2022\/04\/cropped-Mandala-ILU-lill_block.jpg\",\"contentUrl\":\"https:\/\/mandalailu.ee\/wp-content\/uploads\/2022\/04\/cropped-Mandala-ILU-lill_block.jpg\",\"width\":512,\"height\":512,\"caption\":\"Mandala ILU\"},\"image\":{\"@id\":\"https:\/\/mandalailu.ee\/#\/schema\/logo\/image\/\"},\"sameAs\":[\"https:\/\/www.facebook.com\/MandalaILU\",\"https:\/\/www.instagram.com\/mandala.ilu.mala.ehted\/\"]}]}<\/script>\n<!-- \/ Yoast SEO plugin. -->","yoast_head_json":{"title":"SammalAhhaat ripats - Mandala ilu","description":"Unikaalne k\u00e4sit\u00f6\u00f6na valmistatud SammalAhhaadi ripats loob rahu, tasakaalu ja k\u00fcllust. Toetab S\u00fcdame t\u0161akrat, \u00fchendab looduse v\u00e4e ja sisemise harmoonia","robots":{"index":"index","follow":"follow","max-snippet":"max-snippet:-1","max-image-preview":"max-image-preview:large","max-video-preview":"max-video-preview:-1"},"canonical":"https:\/\/mandalailu.ee\/en\/product\/ripats-6\/","og_locale":"en_US","og_type":"article","og_title":"SammalAhhaat ripats - Mandala ilu","og_description":"Unikaalne k\u00e4sit\u00f6\u00f6na valmistatud SammalAhhaadi ripats loob rahu, tasakaalu ja k\u00fcllust. Toetab S\u00fcdame t\u0161akrat, \u00fchendab looduse v\u00e4e ja sisemise harmoonia","og_url":"https:\/\/mandalailu.ee\/en\/product\/ripats-6\/","og_site_name":"Mandala ilu","article_publisher":"https:\/\/www.facebook.com\/MandalaILU","article_modified_time":"2025-11-27T11:26:57+00:00","og_image":[{"width":750,"height":750,"url":"https:\/\/mandalailu.ee\/wp-content\/uploads\/2025\/11\/KK0082-Mandala-ILU-kristallidest-ripats-SammalAhhaat-1.jpg","type":"image\/jpeg"}],"twitter_card":"summary_large_image","twitter_misc":{"Est. reading time":"1 minute"},"schema":{"@context":"https:\/\/schema.org","@graph":[{"@type":"WebPage","@id":"https:\/\/mandalailu.ee\/toode\/ripats-6\/","url":"https:\/\/mandalailu.ee\/toode\/ripats-6\/","name":"SammalAhhaat ripats - Mandala ilu","isPartOf":{"@id":"https:\/\/mandalailu.ee\/#website"},"primaryImageOfPage":{"@id":"https:\/\/mandalailu.ee\/toode\/ripats-6\/#primaryimage"},"image":{"@id":"https:\/\/mandalailu.ee\/toode\/ripats-6\/#primaryimage"},"thumbnailUrl":"https:\/\/mandalailu.ee\/wp-content\/uploads\/2025\/11\/KK0082-Mandala-ILU-kristallidest-ripats-SammalAhhaat-1.jpg","datePublished":"2025-11-27T11:26:56+00:00","dateModified":"2025-11-27T11:26:57+00:00","description":"Unikaalne k\u00e4sit\u00f6\u00f6na valmistatud SammalAhhaadi ripats loob rahu, tasakaalu ja k\u00fcllust. Toetab S\u00fcdame t\u0161akrat, \u00fchendab looduse v\u00e4e ja sisemise harmoonia","breadcrumb":{"@id":"https:\/\/mandalailu.ee\/toode\/ripats-6\/#breadcrumb"},"inLanguage":"en-US","potentialAction":[{"@type":"ReadAction","target":["https:\/\/mandalailu.ee\/toode\/ripats-6\/"]}]},{"@type":"ImageObject","inLanguage":"en-US","@id":"https:\/\/mandalailu.ee\/toode\/ripats-6\/#primaryimage","url":"https:\/\/mandalailu.ee\/wp-content\/uploads\/2025\/11\/KK0082-Mandala-ILU-kristallidest-ripats-SammalAhhaat-1.jpg","contentUrl":"https:\/\/mandalailu.ee\/wp-content\/uploads\/2025\/11\/KK0082-Mandala-ILU-kristallidest-ripats-SammalAhhaat-1.jpg","width":750,"height":750,"caption":"K\u00e4sit\u00f6\u00f6na valmistatud SammalAhhaadi ripats, mis toob rahu ja tasakaalu, Mandala ILU"},{"@type":"BreadcrumbList","@id":"https:\/\/mandalailu.ee\/toode\/ripats-6\/#breadcrumb","itemListElement":[{"@type":"ListItem","position":1,"name":"Home","item":"https:\/\/mandalailu.ee\/"},{"@type":"ListItem","position":2,"name":"SammalAhhaat ripats"}]},{"@type":"WebSite","@id":"https:\/\/mandalailu.ee\/#website","url":"https:\/\/mandalailu.ee\/","name":"Mandala ilu","description":"Unikaalsed k&auml;sit&ouml;&ouml;na valminud ehted","publisher":{"@id":"https:\/\/mandalailu.ee\/#organization"},"potentialAction":[{"@type":"SearchAction","target":{"@type":"EntryPoint","urlTemplate":"https:\/\/mandalailu.ee\/?s={search_term_string}"},"query-input":{"@type":"PropertyValueSpecification","valueRequired":true,"valueName":"search_term_string"}}],"inLanguage":"en-US"},{"@type":"Organization","@id":"https:\/\/mandalailu.ee\/#organization","name":"Mandala ILU","url":"https:\/\/mandalailu.ee\/","logo":{"@type":"ImageObject","inLanguage":"en-US","@id":"https:\/\/mandalailu.ee\/#\/schema\/logo\/image\/","url":"https:\/\/mandalailu.ee\/wp-content\/uploads\/2022\/04\/cropped-Mandala-ILU-lill_block.jpg","contentUrl":"https:\/\/mandalailu.ee\/wp-content\/uploads\/2022\/04\/cropped-Mandala-ILU-lill_block.jpg","width":512,"height":512,"caption":"Mandala ILU"},"image":{"@id":"https:\/\/mandalailu.ee\/#\/schema\/logo\/image\/"},"sameAs":["https:\/\/www.facebook.com\/MandalaILU","https:\/\/www.instagram.com\/mandala.ilu.mala.ehted\/"]}]}},"_links":{"self":[{"href":"https:\/\/mandalailu.ee\/en\/wp-json\/wp\/v2\/product\/5153","targetHints":{"allow":["GET"]}}],"collection":[{"href":"https:\/\/mandalailu.ee\/en\/wp-json\/wp\/v2\/product"}],"about":[{"href":"https:\/\/mandalailu.ee\/en\/wp-json\/wp\/v2\/types\/product"}],"wp:featuredmedia":[{"embeddable":true,"href":"https:\/\/mandalailu.ee\/en\/wp-json\/wp\/v2\/media\/5147"}],"wp:attachment":[{"href":"https:\/\/mandalailu.ee\/en\/wp-json\/wp\/v2\/media?parent=5153"}],"wp:term":[{"taxonomy":"product_brand","embeddable":true,"href":"https:\/\/mandalailu.ee\/en\/wp-json\/wp\/v2\/product_brand?post=5153"},{"taxonomy":"product_cat","embeddable":true,"href":"https:\/\/mandalailu.ee\/en\/wp-json\/wp\/v2\/product_cat?post=5153"},{"taxonomy":"product_tag","embeddable":true,"href":"https:\/\/mandalailu.ee\/en\/wp-json\/wp\/v2\/product_tag?post=5153"}],"curies":[{"name":"wp","href":"https:\/\/api.w.org\/{rel}","templated":true}]}}