{"id":5155,"date":"2025-11-27T11:44:43","date_gmt":"2025-11-27T11:44:43","guid":{"rendered":"https:\/\/mandalailu.ee\/?post_type=product&#038;p=5155"},"modified":"2025-11-27T11:45:29","modified_gmt":"2025-11-27T11:45:29","slug":"ripats-7","status":"publish","type":"product","link":"https:\/\/mandalailu.ee\/en\/product\/ripats-7\/","title":{"rendered":"Tuli Ahhaat ripats"},"content":{"rendered":"<h2 style=\"text-align: center;\">Tuli Ahhaadi sisemise tule ripats<\/h2>\n<p>Tuli Ahhaat on v\u00e4ekas kristall, mis s\u00fc\u00fctab Sinu sees eluj\u00f5u, julguse ja loovuse tulise s\u00e4ra. Ta aitab Sul liikuda l\u00e4bi elu suurema enesekindluse ja sisemise kirega. Kristall toetab raskete emotsioonide vabastamist ja loob asemele kergema, s\u00e4ravama enesetunde. Tuli Ahhaat aitab Sul v\u00e4ljendada oma isiklikku v\u00e4ge ja astuda julgelt oma tee keskmesse. Ta t\u00f5stab vibratsiooni, luues Sinu ellu rohkem r\u00f5\u00f5mu ja tegutsemissoovi. Kristall toetab loomise energiat nii t\u00f6\u00f6alastes projektides kui isiklikes unistustes. Tuli Ahhaat k\u00f5netab hinge s\u00fcgavat v\u00e4ej\u00f5udu, mis aitab \u00fcletada hirme ja piiranguid. Ta puhastab energiav\u00e4lja seisakutest ja loob ruumi uuele kasvule ning aitab Sul p\u00fcsida s\u00fcdamega kohal ja n\u00e4ha v\u00f5imalusi, mis muidu m\u00e4rkamata j\u00e4\u00e4ksid. Tuli Ahhaadi kandmine toob Sinu p\u00e4eva soojust, s\u00e4rtsu ja eluj\u00f5ulist inspiratsiooni.<\/p>\n<p>Tuli Ahhaat toetab eelk\u00f5ige <a href=\"https:\/\/mandalailu.ee\/en\/blogi\/paikesepoimik\/\"><strong>P\u00e4ikesep\u00f5imiku t\u0161akrat<\/strong><\/a>, avades Sinu isikliku v\u00e4e ja enesekindluse energia. Samal ajal toidab ta <a href=\"https:\/\/mandalailu.ee\/en\/blogi\/sakraaltsakra\/\"><strong>Sakraalt\u0161akra<\/strong><\/a> loovust ja eluenergiat, tuues ellu rohkem r\u00f5\u00f5mu ja voolavust. Kristall aitab Sul vabastada blokeeringuid, mis takistavad sisemise tule vaba liikumist. Ta seob need kaks <a href=\"https:\/\/mandalailu.ee\/en\/blogi\/tsakrad\/\"><strong>t\u0161akrat<\/strong><\/a> harmooniliseks energiavooluks, mis suunab Sind enesekindlalt oma teele. Tuli Ahhaat avab Sulle v\u00f5imaluse s\u00e4rada, tegutseda ja luua oma elu k\u00f5ige puhtama sisemise tule toel.<\/p>\n<p>&nbsp;<\/p>\n<p>Kui antud ripats Sind k\u00f5netab, on ta m\u00f5eldud just Sulle. Tunne ta \u00e4ra. L\u00e4bi oma s\u00fcdame.<\/p>\n<p>Tuli Ahhaat ripats autor on Katrina Klaas<br \/>\n<strong>Ole hoitud, l\u00e4bi armastuse<\/strong><\/p>","protected":false},"excerpt":{"rendered":"<p>K\u00e4sit\u00f6\u00f6na valminud Tuli Ahhaadi ripats on kui s\u00e4rav sisemise tule \u00e4rataja, mis loob Sinu ellu soojust, v\u00e4ge ja julgust astuda oma teele avatud s\u00fcdamega. Tuli Ahhaat on kristall, mis loob eluj\u00f5ulise voolu, tugevdab enesekindlust ja avab ruumi loovusele, r\u00f5\u00f5mule ja s\u00fcgavale sisemisele \u00e4rkamisele.<\/p>\n<ul>\n<li>Tuli Ahhaat ripats on <strong>unikaalne<\/strong> k\u00e4sit\u00f6\u00f6na loodud ehe<\/li>\n<li><strong>Kullatud<\/strong> traadist kinnitus<\/li>\n<li>Fotol olev kaelakett ei kuulu komlpekti<\/li>\n<li>Kaunis <strong>kinkekarp<\/strong> muudab selle ideaalseks kingituseks kallimale v\u00f5i endale<\/li>\n<li>Eesti-sisene transport pakiautomaati on alati minu kulul<\/li>\n<li><strong><a href=\"https:\/\/mandalailu.ee\/en\/uld-ja-muugitingimused\/#jarelmaksu-voimalus\">Vali kohe, maksa hiljem<\/a>.<\/strong> Nii on lihtne end r\u00f5\u00f5mustada.\u00a0Rohkem infot leiad\u00a0<a href=\"https:\/\/mandalailu.ee\/en\/uld-ja-muugitingimused\/#jarelmaksu-voimalus\"><strong>SIIT<\/strong><\/a><\/li>\n<\/ul>\n<p>Kui see Tuli Ahhaadi ripats Sind k\u00f5netab, siis tea, et nii ongi. Ta on m\u00f5eldud just Sulle. Tunne ta \u00e4ra. L\u00e4bi oma s\u00fcdame.<\/p>","protected":false},"featured_media":5142,"template":"","meta":{"_acf_changed":false},"product_brand":[],"product_cat":[86],"product_tag":[39,38],"class_list":{"0":"post-5155","1":"product","2":"type-product","3":"status-publish","4":"has-post-thumbnail","6":"product_cat-ripatsid","7":"product_tag-paikesepoimik","8":"product_tag-sakraaltsakra","10":"first","11":"instock","12":"shipping-taxable","13":"purchasable","14":"product-type-simple"},"acf":[],"yoast_head":"<!-- This site is optimized with the Yoast SEO plugin v26.3 - https:\/\/yoast.com\/wordpress\/plugins\/seo\/ -->\n<title>Tuli Ahhaat ripats - Mandala ilu<\/title>\n<meta name=\"description\" content=\"Tuli Ahhaadi Sisemise Tule Ripats loob Sulle eluj\u00f5udu, soojust &amp; enesekindlust. V\u00e4ekas kristall toetab loovust ning aitab Sul s\u00e4rada oma t\u00f5elises v\u00e4es.\" \/>\n<meta name=\"robots\" content=\"index, follow, max-snippet:-1, max-image-preview:large, max-video-preview:-1\" \/>\n<link rel=\"canonical\" href=\"https:\/\/mandalailu.ee\/en\/product\/ripats-7\/\" \/>\n<meta property=\"og:locale\" content=\"en_US\" \/>\n<meta property=\"og:type\" content=\"article\" \/>\n<meta property=\"og:title\" content=\"Tuli Ahhaat ripats - Mandala ilu\" \/>\n<meta property=\"og:description\" content=\"Tuli Ahhaadi Sisemise Tule Ripats loob Sulle eluj\u00f5udu, soojust &amp; enesekindlust. V\u00e4ekas kristall toetab loovust ning aitab Sul s\u00e4rada oma t\u00f5elises v\u00e4es.\" \/>\n<meta property=\"og:url\" content=\"https:\/\/mandalailu.ee\/en\/product\/ripats-7\/\" \/>\n<meta property=\"og:site_name\" content=\"Mandala ilu\" \/>\n<meta property=\"article:publisher\" content=\"https:\/\/www.facebook.com\/MandalaILU\" \/>\n<meta property=\"article:modified_time\" content=\"2025-11-27T11:45:29+00:00\" \/>\n<meta property=\"og:image\" content=\"https:\/\/mandalailu.ee\/wp-content\/uploads\/2025\/11\/KK0083-Mandala-ILU-kristallidest-ripats-Tuli-Ahhaat-2.jpg\" \/>\n\t<meta property=\"og:image:width\" content=\"750\" \/>\n\t<meta property=\"og:image:height\" content=\"750\" \/>\n\t<meta property=\"og:image:type\" content=\"image\/jpeg\" \/>\n<meta name=\"twitter:card\" content=\"summary_large_image\" \/>\n<meta name=\"twitter:label1\" content=\"Est. reading time\" \/>\n\t<meta name=\"twitter:data1\" content=\"1 minute\" \/>\n<script type=\"application\/ld+json\" class=\"yoast-schema-graph\">{\"@context\":\"https:\/\/schema.org\",\"@graph\":[{\"@type\":\"WebPage\",\"@id\":\"https:\/\/mandalailu.ee\/toode\/ripats-7\/\",\"url\":\"https:\/\/mandalailu.ee\/toode\/ripats-7\/\",\"name\":\"Tuli Ahhaat ripats - Mandala ilu\",\"isPartOf\":{\"@id\":\"https:\/\/mandalailu.ee\/#website\"},\"primaryImageOfPage\":{\"@id\":\"https:\/\/mandalailu.ee\/toode\/ripats-7\/#primaryimage\"},\"image\":{\"@id\":\"https:\/\/mandalailu.ee\/toode\/ripats-7\/#primaryimage\"},\"thumbnailUrl\":\"https:\/\/mandalailu.ee\/wp-content\/uploads\/2025\/11\/KK0083-Mandala-ILU-kristallidest-ripats-Tuli-Ahhaat-2.jpg\",\"datePublished\":\"2025-11-27T11:44:43+00:00\",\"dateModified\":\"2025-11-27T11:45:29+00:00\",\"description\":\"Tuli Ahhaadi Sisemise Tule Ripats loob Sulle eluj\u00f5udu, soojust & enesekindlust. V\u00e4ekas kristall toetab loovust ning aitab Sul s\u00e4rada oma t\u00f5elises v\u00e4es.\",\"breadcrumb\":{\"@id\":\"https:\/\/mandalailu.ee\/toode\/ripats-7\/#breadcrumb\"},\"inLanguage\":\"en-US\",\"potentialAction\":[{\"@type\":\"ReadAction\",\"target\":[\"https:\/\/mandalailu.ee\/toode\/ripats-7\/\"]}]},{\"@type\":\"ImageObject\",\"inLanguage\":\"en-US\",\"@id\":\"https:\/\/mandalailu.ee\/toode\/ripats-7\/#primaryimage\",\"url\":\"https:\/\/mandalailu.ee\/wp-content\/uploads\/2025\/11\/KK0083-Mandala-ILU-kristallidest-ripats-Tuli-Ahhaat-2.jpg\",\"contentUrl\":\"https:\/\/mandalailu.ee\/wp-content\/uploads\/2025\/11\/KK0083-Mandala-ILU-kristallidest-ripats-Tuli-Ahhaat-2.jpg\",\"width\":750,\"height\":750,\"caption\":\"Tuli Ahhaadi Sisemise Tule Ripats Mandala ILU kollektsioonist toob Sulle soojust, v\u00e4ge ja julgust s\u00e4rada oma teel.\"},{\"@type\":\"BreadcrumbList\",\"@id\":\"https:\/\/mandalailu.ee\/toode\/ripats-7\/#breadcrumb\",\"itemListElement\":[{\"@type\":\"ListItem\",\"position\":1,\"name\":\"Home\",\"item\":\"https:\/\/mandalailu.ee\/\"},{\"@type\":\"ListItem\",\"position\":2,\"name\":\"Tuli Ahhaat ripats\"}]},{\"@type\":\"WebSite\",\"@id\":\"https:\/\/mandalailu.ee\/#website\",\"url\":\"https:\/\/mandalailu.ee\/\",\"name\":\"Mandala ilu\",\"description\":\"Unikaalsed k&auml;sit&ouml;&ouml;na valminud ehted\",\"publisher\":{\"@id\":\"https:\/\/mandalailu.ee\/#organization\"},\"potentialAction\":[{\"@type\":\"SearchAction\",\"target\":{\"@type\":\"EntryPoint\",\"urlTemplate\":\"https:\/\/mandalailu.ee\/?s={search_term_string}\"},\"query-input\":{\"@type\":\"PropertyValueSpecification\",\"valueRequired\":true,\"valueName\":\"search_term_string\"}}],\"inLanguage\":\"en-US\"},{\"@type\":\"Organization\",\"@id\":\"https:\/\/mandalailu.ee\/#organization\",\"name\":\"Mandala ILU\",\"url\":\"https:\/\/mandalailu.ee\/\",\"logo\":{\"@type\":\"ImageObject\",\"inLanguage\":\"en-US\",\"@id\":\"https:\/\/mandalailu.ee\/#\/schema\/logo\/image\/\",\"url\":\"https:\/\/mandalailu.ee\/wp-content\/uploads\/2022\/04\/cropped-Mandala-ILU-lill_block.jpg\",\"contentUrl\":\"https:\/\/mandalailu.ee\/wp-content\/uploads\/2022\/04\/cropped-Mandala-ILU-lill_block.jpg\",\"width\":512,\"height\":512,\"caption\":\"Mandala ILU\"},\"image\":{\"@id\":\"https:\/\/mandalailu.ee\/#\/schema\/logo\/image\/\"},\"sameAs\":[\"https:\/\/www.facebook.com\/MandalaILU\",\"https:\/\/www.instagram.com\/mandala.ilu.mala.ehted\/\"]}]}<\/script>\n<!-- \/ Yoast SEO plugin. -->","yoast_head_json":{"title":"Tuli Ahhaat ripats - Mandala ilu","description":"Tuli Ahhaadi Sisemise Tule Ripats loob Sulle eluj\u00f5udu, soojust & enesekindlust. V\u00e4ekas kristall toetab loovust ning aitab Sul s\u00e4rada oma t\u00f5elises v\u00e4es.","robots":{"index":"index","follow":"follow","max-snippet":"max-snippet:-1","max-image-preview":"max-image-preview:large","max-video-preview":"max-video-preview:-1"},"canonical":"https:\/\/mandalailu.ee\/en\/product\/ripats-7\/","og_locale":"en_US","og_type":"article","og_title":"Tuli Ahhaat ripats - Mandala ilu","og_description":"Tuli Ahhaadi Sisemise Tule Ripats loob Sulle eluj\u00f5udu, soojust & enesekindlust. V\u00e4ekas kristall toetab loovust ning aitab Sul s\u00e4rada oma t\u00f5elises v\u00e4es.","og_url":"https:\/\/mandalailu.ee\/en\/product\/ripats-7\/","og_site_name":"Mandala ilu","article_publisher":"https:\/\/www.facebook.com\/MandalaILU","article_modified_time":"2025-11-27T11:45:29+00:00","og_image":[{"width":750,"height":750,"url":"https:\/\/mandalailu.ee\/wp-content\/uploads\/2025\/11\/KK0083-Mandala-ILU-kristallidest-ripats-Tuli-Ahhaat-2.jpg","type":"image\/jpeg"}],"twitter_card":"summary_large_image","twitter_misc":{"Est. reading time":"1 minute"},"schema":{"@context":"https:\/\/schema.org","@graph":[{"@type":"WebPage","@id":"https:\/\/mandalailu.ee\/toode\/ripats-7\/","url":"https:\/\/mandalailu.ee\/toode\/ripats-7\/","name":"Tuli Ahhaat ripats - Mandala ilu","isPartOf":{"@id":"https:\/\/mandalailu.ee\/#website"},"primaryImageOfPage":{"@id":"https:\/\/mandalailu.ee\/toode\/ripats-7\/#primaryimage"},"image":{"@id":"https:\/\/mandalailu.ee\/toode\/ripats-7\/#primaryimage"},"thumbnailUrl":"https:\/\/mandalailu.ee\/wp-content\/uploads\/2025\/11\/KK0083-Mandala-ILU-kristallidest-ripats-Tuli-Ahhaat-2.jpg","datePublished":"2025-11-27T11:44:43+00:00","dateModified":"2025-11-27T11:45:29+00:00","description":"Tuli Ahhaadi Sisemise Tule Ripats loob Sulle eluj\u00f5udu, soojust & enesekindlust. V\u00e4ekas kristall toetab loovust ning aitab Sul s\u00e4rada oma t\u00f5elises v\u00e4es.","breadcrumb":{"@id":"https:\/\/mandalailu.ee\/toode\/ripats-7\/#breadcrumb"},"inLanguage":"en-US","potentialAction":[{"@type":"ReadAction","target":["https:\/\/mandalailu.ee\/toode\/ripats-7\/"]}]},{"@type":"ImageObject","inLanguage":"en-US","@id":"https:\/\/mandalailu.ee\/toode\/ripats-7\/#primaryimage","url":"https:\/\/mandalailu.ee\/wp-content\/uploads\/2025\/11\/KK0083-Mandala-ILU-kristallidest-ripats-Tuli-Ahhaat-2.jpg","contentUrl":"https:\/\/mandalailu.ee\/wp-content\/uploads\/2025\/11\/KK0083-Mandala-ILU-kristallidest-ripats-Tuli-Ahhaat-2.jpg","width":750,"height":750,"caption":"Tuli Ahhaadi Sisemise Tule Ripats Mandala ILU kollektsioonist toob Sulle soojust, v\u00e4ge ja julgust s\u00e4rada oma teel."},{"@type":"BreadcrumbList","@id":"https:\/\/mandalailu.ee\/toode\/ripats-7\/#breadcrumb","itemListElement":[{"@type":"ListItem","position":1,"name":"Home","item":"https:\/\/mandalailu.ee\/"},{"@type":"ListItem","position":2,"name":"Tuli Ahhaat ripats"}]},{"@type":"WebSite","@id":"https:\/\/mandalailu.ee\/#website","url":"https:\/\/mandalailu.ee\/","name":"Mandala ilu","description":"Unikaalsed k&auml;sit&ouml;&ouml;na valminud ehted","publisher":{"@id":"https:\/\/mandalailu.ee\/#organization"},"potentialAction":[{"@type":"SearchAction","target":{"@type":"EntryPoint","urlTemplate":"https:\/\/mandalailu.ee\/?s={search_term_string}"},"query-input":{"@type":"PropertyValueSpecification","valueRequired":true,"valueName":"search_term_string"}}],"inLanguage":"en-US"},{"@type":"Organization","@id":"https:\/\/mandalailu.ee\/#organization","name":"Mandala ILU","url":"https:\/\/mandalailu.ee\/","logo":{"@type":"ImageObject","inLanguage":"en-US","@id":"https:\/\/mandalailu.ee\/#\/schema\/logo\/image\/","url":"https:\/\/mandalailu.ee\/wp-content\/uploads\/2022\/04\/cropped-Mandala-ILU-lill_block.jpg","contentUrl":"https:\/\/mandalailu.ee\/wp-content\/uploads\/2022\/04\/cropped-Mandala-ILU-lill_block.jpg","width":512,"height":512,"caption":"Mandala ILU"},"image":{"@id":"https:\/\/mandalailu.ee\/#\/schema\/logo\/image\/"},"sameAs":["https:\/\/www.facebook.com\/MandalaILU","https:\/\/www.instagram.com\/mandala.ilu.mala.ehted\/"]}]}},"_links":{"self":[{"href":"https:\/\/mandalailu.ee\/en\/wp-json\/wp\/v2\/product\/5155","targetHints":{"allow":["GET"]}}],"collection":[{"href":"https:\/\/mandalailu.ee\/en\/wp-json\/wp\/v2\/product"}],"about":[{"href":"https:\/\/mandalailu.ee\/en\/wp-json\/wp\/v2\/types\/product"}],"wp:featuredmedia":[{"embeddable":true,"href":"https:\/\/mandalailu.ee\/en\/wp-json\/wp\/v2\/media\/5142"}],"wp:attachment":[{"href":"https:\/\/mandalailu.ee\/en\/wp-json\/wp\/v2\/media?parent=5155"}],"wp:term":[{"taxonomy":"product_brand","embeddable":true,"href":"https:\/\/mandalailu.ee\/en\/wp-json\/wp\/v2\/product_brand?post=5155"},{"taxonomy":"product_cat","embeddable":true,"href":"https:\/\/mandalailu.ee\/en\/wp-json\/wp\/v2\/product_cat?post=5155"},{"taxonomy":"product_tag","embeddable":true,"href":"https:\/\/mandalailu.ee\/en\/wp-json\/wp\/v2\/product_tag?post=5155"}],"curies":[{"name":"wp","href":"https:\/\/api.w.org\/{rel}","templated":true}]}}