{"id":519,"date":"2022-05-09T11:19:11","date_gmt":"2022-05-09T11:19:11","guid":{"rendered":"https:\/\/mandalailu.ee\/?post_type=product&#038;p=519"},"modified":"2025-03-04T09:09:21","modified_gmt":"2025-03-04T09:09:21","slug":"kaevoru-2","status":"publish","type":"product","link":"https:\/\/mandalailu.ee\/en\/product\/kaevoru-2\/","title":{"rendered":"Armastuse k\u00e4ev\u00f5ru"},"content":{"rendered":"<h2 style=\"text-align: center;\"><strong>Armastuse k\u00e4ev\u00f5ru<\/strong><\/h2>\n<h3><strong>RODONIIT<\/strong><\/h3>\n<p>RODONIIT on n\u00e4gemus puhtast l\u00f5\u00f5gastusest, \u00f5dusatest \u00f5htutundidest ja \u00f5rnast naudingust, mis kaasneb andestuse ja t\u00e4isk\u00f5hutundega. Tal on suurep\u00e4rane maandusj\u00f5ud ja ta on t\u00e4is kaastunnet oma kandja vastu. Rodoniit on teadaolevalt murtud s\u00fcdamete ravija. Ta stimuleerib ja aktiveerib s\u00fcdame j\u00f5udu ning tugevust, aitates Sul hakkama saada negatiivsete \u00fcllatustega, mida elu v\u00f5ib tuua. Rodoniit aitab Sul v\u00e4lja astuda, Sind mitte teenivatest k\u00e4itumismustritest, nagu n\u00e4iteks kaass\u00f5ltuvus. Rahu kiirgav Rodoniit toob endaga ka kaasa enesekindluse ja suhtlemise selguse. See selgus ei tule j\u00f5upositsioonilt, vaid pigem l\u00e4bi tunde, mis k\u00f5neleb otse s\u00fcdamekeskusega.<a href=\"https:\/\/mandalailu.ee\/en\/blogi\/tsakrad\/\"><strong> S\u00fcdamet\u0161akra<\/strong><\/a> tugevdajana toidab Rodoniit ka s\u00fcgavat, omakasup\u00fc\u00fcdmatut armastust ning juhatab Sind m\u00f6\u00f6da sisemist rada, luues teed usaldusele, p\u00e4ikesevalgusele ning kaunile yini &amp; yangi tasakaalule.<\/p>\n<h3><strong>S\u00fcdamet\u0161akra<\/strong><\/h3>\n<p>T\u00e4pselt nagu nimigi \u00fctleb, on s\u00fcdamet\u0161akra Sinu armastuse ja kaastunde keskus, kus asub Sinu \u201etunnete v\u00e4gi\u201c. Seal ei tegeleta ainult Sinu suhetes teistega, vaid seal aitatakse Sul kujundada ja vastu v\u00f5tta ka ennast just nii nagu Sa oled. Tema s\u00f5numiks on \u201e Armastus on Jumalik j\u00f5ud\u201c. S\u00fcdamet\u0161akra v\u00f5ib leida rindkere keskelt \u2013 keha s\u00fcdameruumist. Seda seostatakse rohelise ja roosa v\u00e4rviga. Antud t\u0161akra on seotud sinu \u00fchenduse, kaastunde ja viisidega, kuidas saad anda ja vastu v\u00f5tta armastust teistelt ja iseendalt. Kui Sinu s\u00fcdamet\u0161akra on avatud, suudad elada t\u00e4isv\u00e4\u00e4rtuslikku ja r\u00f5\u00f5msat elu, langemata hirmu, armukadeduse ja ennasth\u00e4vitavate mustrite l\u00f5ksu. S\u00fcdamet\u0161akrale sobivad kristallid on pehmed ja armastavad ning rikkad kaastundest.<\/p>\n<p style=\"text-align: right;\">Leia rohkem s\u00fcdamet\u0161akra tooteid <a href=\"https:\/\/mandalailu.ee\/en\/product-tag\/sudametsakra\/\"><strong>SIIT<\/strong><\/a><\/p>\n<p>Oma ehteid luues on mul kindel teadmine, et igal valmival ehtel on tegelikult juba loomise ajal omanik olemas. Ta lihtsalt ei tea veel, et tema soovide ja taotlustega ehe on just sel hetkel kuskil end loomas. See on kanaldus. See on usaldus. See on energia. Mina k\u00fcsin universumilt juhiseid ja tema saadab need. Mispeale loon Sinu ehte siia ellu just Sulle vajalike kristallide ja taotlustega. Nii lihtne see ongi. Sinu \u00fclesanne on vaid oma ehe \u00e4ra tunda. L\u00e4bi oma s\u00fcdame.<\/p>\n<p>\u2022 K\u00f5ik Minu ehted on 100% k\u00e4sit\u00f6\u00f6 ning ainueksemplarid, loodud puhtast armastusest ning loomisj\u00f5ust, l\u00e4bi kanalduse, Tema kandjale.<br \/>\n\u2022 Minu ehted kannavad endas naiselikku ilu, poolv\u00e4\u00e4riskivide toetust ning p\u00fchitsetud v\u00e4ge.<br \/>\n\u2022 Enne uude koju j\u00f5udmist on ehe energeetiliselt puhastatud ja laetud.<\/p>\n<div>\n<div>Armastuse k\u00e4ev\u00f5ru looja: K\u00e4rt Lumiste<\/div>\n<\/div>\n<div><b>Ole hoitud, l\u00e4bi armastuse<\/b><\/div>","protected":false},"excerpt":{"rendered":"<blockquote><p>&#8220;Selle k\u00e4ev\u00f5ru toel tervendan \u00e4ra oma s\u00fcdame haavad, et teha teed paranemisele&#8221;<\/p><\/blockquote>\n<p>Armastuse s\u00fcdame k\u00e4ev\u00f5rus osalesid:<b><br \/>\n<\/b><\/p>\n<ul>\n<li>Armastuse kristall RODONIIT<\/li>\n<li>Metalsed inglitiivad<\/li>\n<li>P\u00e4rlite suurus on 6mm<\/li>\n<li>K\u00e4ev\u00f5ru j\u00f5uab Sinuni ilusas kinkekotis<\/li>\n<li>Eesti sisene\u00a0<strong>transport<\/strong>\u00a0pakiautomaati on ALATI minu kulul<\/li>\n<li><strong>Vali kohe, maksa hiljem <\/strong>v\u00f5imalus. Rohkem infot\u00a0<a href=\"https:\/\/mandalailu.ee\/en\/uld-ja-muugitingimused\/#jarelmaksu-voimalus\"><strong>SIIT<\/strong><\/a><\/li>\n<\/ul>\n<p>Kui antud k\u00e4ev\u00f5ru Sind k\u00f5netab, on selle s\u00f5num m\u00f5eldud just Sulle. See on Sinu oma. Tunne ta \u00e4ra. L\u00e4bi oma s\u00fcdame.<\/p>","protected":false},"featured_media":2797,"template":"","meta":{"_acf_changed":false},"product_brand":[],"product_cat":[32],"product_tag":[45,40],"class_list":{"0":"post-519","1":"product","2":"type-product","3":"status-publish","4":"has-post-thumbnail","6":"product_cat-kaevorud","7":"product_tag-sonn","8":"product_tag-sudametsakra","9":"pa_suurused-18cm","10":"pa_suurused-19cm","12":"first","13":"outofstock","14":"shipping-taxable","15":"product-type-variable","16":"has-default-attributes"},"acf":[],"yoast_head":"<!-- This site is optimized with the Yoast SEO plugin v26.3 - https:\/\/yoast.com\/wordpress\/plugins\/seo\/ -->\n<title>Armastuse k\u00e4ev\u00f5ru - Mandala ilu<\/title>\n<meta name=\"description\" content=\"K\u00e4ev\u00f5rud on ideaalne kingitus endale v\u00f5i s\u00f5brale. K\u00f5ik minu k\u00e4ev\u00f5rud on loodud puhtast armastusest ning loomisj\u00f5ust. Armastuse k\u00e4ev\u00f5ru\" \/>\n<meta name=\"robots\" content=\"index, follow, max-snippet:-1, max-image-preview:large, max-video-preview:-1\" \/>\n<link rel=\"canonical\" href=\"https:\/\/mandalailu.ee\/en\/product\/kaevoru-2\/\" \/>\n<meta property=\"og:locale\" content=\"en_US\" \/>\n<meta property=\"og:type\" content=\"article\" \/>\n<meta property=\"og:title\" content=\"Armastuse k\u00e4ev\u00f5ru - Mandala ilu\" \/>\n<meta property=\"og:description\" content=\"K\u00e4ev\u00f5rud on ideaalne kingitus endale v\u00f5i s\u00f5brale. K\u00f5ik minu k\u00e4ev\u00f5rud on loodud puhtast armastusest ning loomisj\u00f5ust. Armastuse k\u00e4ev\u00f5ru\" \/>\n<meta property=\"og:url\" content=\"https:\/\/mandalailu.ee\/en\/product\/kaevoru-2\/\" \/>\n<meta property=\"og:site_name\" content=\"Mandala ilu\" \/>\n<meta property=\"article:publisher\" content=\"https:\/\/www.facebook.com\/MandalaILU\" \/>\n<meta property=\"article:modified_time\" content=\"2025-03-04T09:09:21+00:00\" \/>\n<meta property=\"og:image\" content=\"https:\/\/mandalailu.ee\/wp-content\/uploads\/2023\/09\/KV0049-Mandala-ILU-kaevorud-8.jpg\" \/>\n\t<meta property=\"og:image:width\" content=\"750\" \/>\n\t<meta property=\"og:image:height\" content=\"750\" \/>\n\t<meta property=\"og:image:type\" content=\"image\/jpeg\" \/>\n<meta name=\"twitter:card\" content=\"summary_large_image\" \/>\n<meta name=\"twitter:label1\" content=\"Est. reading time\" \/>\n\t<meta name=\"twitter:data1\" content=\"2 minutes\" \/>\n<script type=\"application\/ld+json\" class=\"yoast-schema-graph\">{\"@context\":\"https:\/\/schema.org\",\"@graph\":[{\"@type\":\"WebPage\",\"@id\":\"https:\/\/mandalailu.ee\/toode\/kaevoru-2\/\",\"url\":\"https:\/\/mandalailu.ee\/toode\/kaevoru-2\/\",\"name\":\"Armastuse k\u00e4ev\u00f5ru - Mandala ilu\",\"isPartOf\":{\"@id\":\"https:\/\/mandalailu.ee\/#website\"},\"primaryImageOfPage\":{\"@id\":\"https:\/\/mandalailu.ee\/toode\/kaevoru-2\/#primaryimage\"},\"image\":{\"@id\":\"https:\/\/mandalailu.ee\/toode\/kaevoru-2\/#primaryimage\"},\"thumbnailUrl\":\"https:\/\/mandalailu.ee\/wp-content\/uploads\/2023\/09\/KV0049-Mandala-ILU-kaevorud-8.jpg\",\"datePublished\":\"2022-05-09T11:19:11+00:00\",\"dateModified\":\"2025-03-04T09:09:21+00:00\",\"description\":\"K\u00e4ev\u00f5rud on ideaalne kingitus endale v\u00f5i s\u00f5brale. K\u00f5ik minu k\u00e4ev\u00f5rud on loodud puhtast armastusest ning loomisj\u00f5ust. Armastuse k\u00e4ev\u00f5ru\",\"breadcrumb\":{\"@id\":\"https:\/\/mandalailu.ee\/toode\/kaevoru-2\/#breadcrumb\"},\"inLanguage\":\"en-US\",\"potentialAction\":[{\"@type\":\"ReadAction\",\"target\":[\"https:\/\/mandalailu.ee\/toode\/kaevoru-2\/\"]}]},{\"@type\":\"ImageObject\",\"inLanguage\":\"en-US\",\"@id\":\"https:\/\/mandalailu.ee\/toode\/kaevoru-2\/#primaryimage\",\"url\":\"https:\/\/mandalailu.ee\/wp-content\/uploads\/2023\/09\/KV0049-Mandala-ILU-kaevorud-8.jpg\",\"contentUrl\":\"https:\/\/mandalailu.ee\/wp-content\/uploads\/2023\/09\/KV0049-Mandala-ILU-kaevorud-8.jpg\",\"width\":750,\"height\":750,\"caption\":\"Mandala ILU Armastuse k\u00e4ev\u00f5ru\"},{\"@type\":\"BreadcrumbList\",\"@id\":\"https:\/\/mandalailu.ee\/toode\/kaevoru-2\/#breadcrumb\",\"itemListElement\":[{\"@type\":\"ListItem\",\"position\":1,\"name\":\"Home\",\"item\":\"https:\/\/mandalailu.ee\/\"},{\"@type\":\"ListItem\",\"position\":2,\"name\":\"Armastuse k\u00e4ev\u00f5ru\"}]},{\"@type\":\"WebSite\",\"@id\":\"https:\/\/mandalailu.ee\/#website\",\"url\":\"https:\/\/mandalailu.ee\/\",\"name\":\"Mandala ilu\",\"description\":\"Unikaalsed k&auml;sit&ouml;&ouml;na valminud ehted\",\"publisher\":{\"@id\":\"https:\/\/mandalailu.ee\/#organization\"},\"potentialAction\":[{\"@type\":\"SearchAction\",\"target\":{\"@type\":\"EntryPoint\",\"urlTemplate\":\"https:\/\/mandalailu.ee\/?s={search_term_string}\"},\"query-input\":{\"@type\":\"PropertyValueSpecification\",\"valueRequired\":true,\"valueName\":\"search_term_string\"}}],\"inLanguage\":\"en-US\"},{\"@type\":\"Organization\",\"@id\":\"https:\/\/mandalailu.ee\/#organization\",\"name\":\"Mandala ILU\",\"url\":\"https:\/\/mandalailu.ee\/\",\"logo\":{\"@type\":\"ImageObject\",\"inLanguage\":\"en-US\",\"@id\":\"https:\/\/mandalailu.ee\/#\/schema\/logo\/image\/\",\"url\":\"https:\/\/mandalailu.ee\/wp-content\/uploads\/2022\/04\/cropped-Mandala-ILU-lill_block.jpg\",\"contentUrl\":\"https:\/\/mandalailu.ee\/wp-content\/uploads\/2022\/04\/cropped-Mandala-ILU-lill_block.jpg\",\"width\":512,\"height\":512,\"caption\":\"Mandala ILU\"},\"image\":{\"@id\":\"https:\/\/mandalailu.ee\/#\/schema\/logo\/image\/\"},\"sameAs\":[\"https:\/\/www.facebook.com\/MandalaILU\",\"https:\/\/www.instagram.com\/mandala.ilu.mala.ehted\/\"]}]}<\/script>\n<!-- \/ Yoast SEO plugin. -->","yoast_head_json":{"title":"Armastuse k\u00e4ev\u00f5ru - Mandala ilu","description":"K\u00e4ev\u00f5rud on ideaalne kingitus endale v\u00f5i s\u00f5brale. K\u00f5ik minu k\u00e4ev\u00f5rud on loodud puhtast armastusest ning loomisj\u00f5ust. Armastuse k\u00e4ev\u00f5ru","robots":{"index":"index","follow":"follow","max-snippet":"max-snippet:-1","max-image-preview":"max-image-preview:large","max-video-preview":"max-video-preview:-1"},"canonical":"https:\/\/mandalailu.ee\/en\/product\/kaevoru-2\/","og_locale":"en_US","og_type":"article","og_title":"Armastuse k\u00e4ev\u00f5ru - Mandala ilu","og_description":"K\u00e4ev\u00f5rud on ideaalne kingitus endale v\u00f5i s\u00f5brale. K\u00f5ik minu k\u00e4ev\u00f5rud on loodud puhtast armastusest ning loomisj\u00f5ust. Armastuse k\u00e4ev\u00f5ru","og_url":"https:\/\/mandalailu.ee\/en\/product\/kaevoru-2\/","og_site_name":"Mandala ilu","article_publisher":"https:\/\/www.facebook.com\/MandalaILU","article_modified_time":"2025-03-04T09:09:21+00:00","og_image":[{"width":750,"height":750,"url":"https:\/\/mandalailu.ee\/wp-content\/uploads\/2023\/09\/KV0049-Mandala-ILU-kaevorud-8.jpg","type":"image\/jpeg"}],"twitter_card":"summary_large_image","twitter_misc":{"Est. reading time":"2 minutes"},"schema":{"@context":"https:\/\/schema.org","@graph":[{"@type":"WebPage","@id":"https:\/\/mandalailu.ee\/toode\/kaevoru-2\/","url":"https:\/\/mandalailu.ee\/toode\/kaevoru-2\/","name":"Armastuse k\u00e4ev\u00f5ru - Mandala ilu","isPartOf":{"@id":"https:\/\/mandalailu.ee\/#website"},"primaryImageOfPage":{"@id":"https:\/\/mandalailu.ee\/toode\/kaevoru-2\/#primaryimage"},"image":{"@id":"https:\/\/mandalailu.ee\/toode\/kaevoru-2\/#primaryimage"},"thumbnailUrl":"https:\/\/mandalailu.ee\/wp-content\/uploads\/2023\/09\/KV0049-Mandala-ILU-kaevorud-8.jpg","datePublished":"2022-05-09T11:19:11+00:00","dateModified":"2025-03-04T09:09:21+00:00","description":"K\u00e4ev\u00f5rud on ideaalne kingitus endale v\u00f5i s\u00f5brale. K\u00f5ik minu k\u00e4ev\u00f5rud on loodud puhtast armastusest ning loomisj\u00f5ust. Armastuse k\u00e4ev\u00f5ru","breadcrumb":{"@id":"https:\/\/mandalailu.ee\/toode\/kaevoru-2\/#breadcrumb"},"inLanguage":"en-US","potentialAction":[{"@type":"ReadAction","target":["https:\/\/mandalailu.ee\/toode\/kaevoru-2\/"]}]},{"@type":"ImageObject","inLanguage":"en-US","@id":"https:\/\/mandalailu.ee\/toode\/kaevoru-2\/#primaryimage","url":"https:\/\/mandalailu.ee\/wp-content\/uploads\/2023\/09\/KV0049-Mandala-ILU-kaevorud-8.jpg","contentUrl":"https:\/\/mandalailu.ee\/wp-content\/uploads\/2023\/09\/KV0049-Mandala-ILU-kaevorud-8.jpg","width":750,"height":750,"caption":"Mandala ILU Armastuse k\u00e4ev\u00f5ru"},{"@type":"BreadcrumbList","@id":"https:\/\/mandalailu.ee\/toode\/kaevoru-2\/#breadcrumb","itemListElement":[{"@type":"ListItem","position":1,"name":"Home","item":"https:\/\/mandalailu.ee\/"},{"@type":"ListItem","position":2,"name":"Armastuse k\u00e4ev\u00f5ru"}]},{"@type":"WebSite","@id":"https:\/\/mandalailu.ee\/#website","url":"https:\/\/mandalailu.ee\/","name":"Mandala ilu","description":"Unikaalsed k&auml;sit&ouml;&ouml;na valminud ehted","publisher":{"@id":"https:\/\/mandalailu.ee\/#organization"},"potentialAction":[{"@type":"SearchAction","target":{"@type":"EntryPoint","urlTemplate":"https:\/\/mandalailu.ee\/?s={search_term_string}"},"query-input":{"@type":"PropertyValueSpecification","valueRequired":true,"valueName":"search_term_string"}}],"inLanguage":"en-US"},{"@type":"Organization","@id":"https:\/\/mandalailu.ee\/#organization","name":"Mandala ILU","url":"https:\/\/mandalailu.ee\/","logo":{"@type":"ImageObject","inLanguage":"en-US","@id":"https:\/\/mandalailu.ee\/#\/schema\/logo\/image\/","url":"https:\/\/mandalailu.ee\/wp-content\/uploads\/2022\/04\/cropped-Mandala-ILU-lill_block.jpg","contentUrl":"https:\/\/mandalailu.ee\/wp-content\/uploads\/2022\/04\/cropped-Mandala-ILU-lill_block.jpg","width":512,"height":512,"caption":"Mandala ILU"},"image":{"@id":"https:\/\/mandalailu.ee\/#\/schema\/logo\/image\/"},"sameAs":["https:\/\/www.facebook.com\/MandalaILU","https:\/\/www.instagram.com\/mandala.ilu.mala.ehted\/"]}]}},"_links":{"self":[{"href":"https:\/\/mandalailu.ee\/en\/wp-json\/wp\/v2\/product\/519","targetHints":{"allow":["GET"]}}],"collection":[{"href":"https:\/\/mandalailu.ee\/en\/wp-json\/wp\/v2\/product"}],"about":[{"href":"https:\/\/mandalailu.ee\/en\/wp-json\/wp\/v2\/types\/product"}],"wp:featuredmedia":[{"embeddable":true,"href":"https:\/\/mandalailu.ee\/en\/wp-json\/wp\/v2\/media\/2797"}],"wp:attachment":[{"href":"https:\/\/mandalailu.ee\/en\/wp-json\/wp\/v2\/media?parent=519"}],"wp:term":[{"taxonomy":"product_brand","embeddable":true,"href":"https:\/\/mandalailu.ee\/en\/wp-json\/wp\/v2\/product_brand?post=519"},{"taxonomy":"product_cat","embeddable":true,"href":"https:\/\/mandalailu.ee\/en\/wp-json\/wp\/v2\/product_cat?post=519"},{"taxonomy":"product_tag","embeddable":true,"href":"https:\/\/mandalailu.ee\/en\/wp-json\/wp\/v2\/product_tag?post=519"}],"curies":[{"name":"wp","href":"https:\/\/api.w.org\/{rel}","templated":true}]}}