{"id":5347,"date":"2026-01-23T14:24:19","date_gmt":"2026-01-23T14:24:19","guid":{"rendered":"https:\/\/mandalailu.ee\/?post_type=product&#038;p=5347"},"modified":"2026-01-24T16:46:13","modified_gmt":"2026-01-24T16:46:13","slug":"harilila-viiruk","status":"publish","type":"product","link":"https:\/\/mandalailu.ee\/en\/product\/harilila-viiruk\/","title":{"rendered":"HARILILA viiruk"},"content":{"rendered":"<h1 style=\"text-align: center;\">P\u00fchitsetud viirukid Indiast<\/h1>\n<p>Viirukid on valminud k\u00e4sit\u00f6\u00f6na Indias, p\u00fchas Vrindavanis, paigas, kus l\u00f5hnade loomine on osa p\u00fchendumusest ja teadlikust eluviisist. Vrindavan on tuntud kui Krishna jumalike tegevuste ja s\u00fcgava vaimse p\u00e4randi kandjana. Vrindavan on l\u00e4bi sajandite olnud palver\u00e4nnaku sihtkoht ning paik, kus palve, p\u00fchendumus ja armastus on igap\u00e4evaelu loomulik osa. Selles p\u00fchas ruumis valmistatud viirukid kannavad endas rahu, s\u00fcdame avatust ja teadlikku kohalolu, tuues selle pehme ja hoitud energia ka Sinu ruumi.<\/p>\n<p>Viirukid on valminud k\u00e4sit\u00f6\u00f6na looduslikest koostisosadest. Nende hulka kuuluvad taimsed vaigud, \u00fcrdid, lilled, v\u00fcrtsid ja eeterlikud \u00f5lid. Valmistamisel ei kasutata s\u00fcnteetilisi l\u00f5hnaaineid ega keemilisi lisandeid. Tegemist on loodusliku masala viirukitega, mida rullitakse traditsioonilistel meetoditel, et l\u00f5hn j\u00e4\u00e4ks pehme, puhas ja loomulik.<\/p>\n<p>Enne kasutusse j\u00f5udmist p\u00fchitsetakse viirukid mantrate ja palvete saatel. See p\u00fchitsemine annab viirukitele s\u00fcgavama energeetilise kvaliteedi ning loob ruumi, mis toetab rahunemist, keskendumist ja s\u00fcgavamat kohalolu.<\/p>\n<p>P\u00fchitsetud viirukite p\u00f5letamine aitab:<\/p>\n<p>\u2022 luua rahuliku ja tasakaalustatud \u00f5hkkonna<br \/>\n\u2022 toetada meditatsiooni, palvet ja teadlikku hingamist<br \/>\n\u2022 puhastada ruumi raskest v\u00f5i seisvast energiast<br \/>\n\u2022 tuua meelerahu, selgust ja s\u00fcdame avatust<br \/>\n\u2022 aidata Sul naasta oma keskmesse ja sisemisse vaikuseseisundisse<\/p>\n<p>Antud viirukid sobivad nii igap\u00e4evaseks kasutamiseks kui ka teadlikeks hetkedeks, mil soovid oma ruumi p\u00fchitseda ja h\u00e4\u00e4lestada. Olgu selleks\u00a0 hommikune algus p\u00e4evale, \u00f5htune rahunemine v\u00f5i igap\u00e4evane vaimne praktika.<\/p>\n<div>\n<div><b>Ole hoitud<\/b><b>, l\u00e4bi armastuse<\/b><\/div>\n<\/div>\n<div>K\u00e4rt Lumiste \/ Mandala ILU looja<\/div>","protected":false},"excerpt":{"rendered":"<p data-start=\"383\" data-end=\"528\"><strong data-start=\"383\" data-end=\"395\">HARILILA<\/strong> toetab r\u00f5\u00f5mu ja s\u00fcdamest l\u00e4htuvat kohalolu, aidates Sul h\u00e4\u00e4lestuda kergusele, p\u00fchadusele ja elu loomulikule voolamisele.<\/p>\n<p data-start=\"530\" data-end=\"894\"><strong data-start=\"530\" data-end=\"549\">HARILILA viiruk<\/strong> kannab endas vaishnava traditsiooni vaimset s\u00f5numit. S\u00f5na <em>Hari<\/em> viitab Issand Krishnale ning <em>Lila<\/em> t\u00e4hendab jumalikke tegevusi ja p\u00fchasid m\u00e4ngusid. HARILILA viiruki l\u00f5hn on soe, kergelt magus ja harmooniline, luues ruumi, kus s\u00fcda saab avaneda r\u00f5\u00f5mule, rahule ja pehmele p\u00fchendumusele. See ei ole raske ega domineeriv, vaid tasakaalukas ja helge.<\/p>\n<p data-start=\"896\" data-end=\"1138\"><strong data-start=\"896\" data-end=\"915\">HARILILA viiruk<\/strong> on valminud k\u00e4sit\u00f6\u00f6na ainult looduslikest koostisosadest.<\/p>\n<p data-start=\"1140\" data-end=\"1243\"><strong>Pakis on 25 viirukit.<\/strong><br data-start=\"1161\" data-end=\"1164\" \/>Suuremate koguste soovimisel, v\u00f5ta \u00fchendust Anitaga <a href=\"https:\/\/www.facebook.com\/anita.lissovenko\"><strong><span style=\"color: #808000;\">Facebookis<\/span><\/strong><\/a> v\u00f5i <a href=\"https:\/\/www.instagram.com\/vrindavan.incense\/\"><span style=\"color: #808000;\"><strong>Instagramis.<\/strong><\/span><\/a><\/p>\n<p data-start=\"1245\" data-end=\"1297\"><strong data-start=\"1245\" data-end=\"1264\">HARILILA viiruk<\/strong> toetab Sind hetkedel, kui vajad: kergust ja r\u00f5\u00f5msat meelerahu \u2022 s\u00fcdame avatust ja pehmet p\u00fchendumust \u2022 harmooniat ja tasakaalu \u2022 tuge palveks v\u00f5i teadlikuks rituaaliks \u2022 sooja ja helget atmosf\u00e4\u00e4ri<\/p>\n<p data-start=\"1476\" data-end=\"1693\"><strong data-start=\"1476\" data-end=\"1488\">HARILILA<\/strong> on seotud tugevalt <a href=\"https:\/\/mandalailu.ee\/en\/blogi\/sudametsakra\/\"><span style=\"color: #808000;\"><strong>S\u00fcdamet\u0161akraga<\/strong><\/span><\/a>, mis on armastuse, r\u00f5\u00f5mu ja tasakaalu keskus. HARILILA l\u00f5hn toetab s\u00fcdame avanemist, aitab tuua kergust ja usaldust ning loob \u00fchenduse armastava ja r\u00f5\u00f5msa kohaloluga.<\/p>\n<p data-start=\"1695\" data-end=\"1961\">Viirukid sobivad suurep\u00e4raselt kasutamiseks koos <a href=\"https:\/\/mandalailu.ee\/en\/product-category\/mala-palvehelmed\/\"><strong><span style=\"color: #808000;\">Mala palvehelmestega<\/span><\/strong><\/a>, p\u00fchendumuslikes rituaalides, hommikustes h\u00e4\u00e4lestustes v\u00f5i hetkedel, mil soovid tuua oma p\u00e4eva rohkem r\u00f5\u00f5mu ja s\u00fcdamlikkust. <strong data-start=\"1890\" data-end=\"1902\">HARILILA<\/strong> loob ruumi, kus vaimsus on kerge, elav ja s\u00fcdamest kantud.<\/p>","protected":false},"featured_media":5331,"template":"","meta":{"_acf_changed":false},"product_brand":[],"product_cat":[85],"product_tag":[40],"class_list":{"0":"post-5347","1":"product","2":"type-product","3":"status-publish","4":"has-post-thumbnail","6":"product_cat-viirukid","7":"product_tag-sudametsakra","9":"first","10":"instock","11":"shipping-taxable","12":"purchasable","13":"product-type-simple"},"acf":[],"yoast_head":"<!-- This site is optimized with the Yoast SEO plugin v26.3 - https:\/\/yoast.com\/wordpress\/plugins\/seo\/ -->\n<title>HARILILA viiruk - Mandala ilu<\/title>\n<meta name=\"description\" content=\"P\u00fchitsetud India HARILILA viiruk toetab s\u00fcdame avatust, r\u00f5\u00f5mu ja meelerahu. Sobib S\u00fcdamet\u0161akra tasakaalustamiseks ja p\u00fchitsuslikeks rituaalideks.\" \/>\n<meta name=\"robots\" content=\"index, follow, max-snippet:-1, max-image-preview:large, max-video-preview:-1\" \/>\n<link rel=\"canonical\" href=\"https:\/\/mandalailu.ee\/en\/product\/harilila-viiruk\/\" \/>\n<meta property=\"og:locale\" content=\"en_US\" \/>\n<meta property=\"og:type\" content=\"article\" \/>\n<meta property=\"og:title\" content=\"HARILILA viiruk - Mandala ilu\" \/>\n<meta property=\"og:description\" content=\"P\u00fchitsetud India HARILILA viiruk toetab s\u00fcdame avatust, r\u00f5\u00f5mu ja meelerahu. Sobib S\u00fcdamet\u0161akra tasakaalustamiseks ja p\u00fchitsuslikeks rituaalideks.\" \/>\n<meta property=\"og:url\" content=\"https:\/\/mandalailu.ee\/en\/product\/harilila-viiruk\/\" \/>\n<meta property=\"og:site_name\" content=\"Mandala ilu\" \/>\n<meta property=\"article:publisher\" content=\"https:\/\/www.facebook.com\/MandalaILU\" \/>\n<meta property=\"article:modified_time\" content=\"2026-01-24T16:46:13+00:00\" \/>\n<meta property=\"og:image\" content=\"https:\/\/mandalailu.ee\/wp-content\/uploads\/2026\/01\/HARILILIA-Mandala-ILU-viirukud-1.jpg\" \/>\n\t<meta property=\"og:image:width\" content=\"750\" \/>\n\t<meta property=\"og:image:height\" content=\"750\" \/>\n\t<meta property=\"og:image:type\" content=\"image\/jpeg\" \/>\n<meta name=\"twitter:card\" content=\"summary_large_image\" \/>\n<meta name=\"twitter:label1\" content=\"Est. reading time\" \/>\n\t<meta name=\"twitter:data1\" content=\"1 minute\" \/>\n<script type=\"application\/ld+json\" class=\"yoast-schema-graph\">{\"@context\":\"https:\/\/schema.org\",\"@graph\":[{\"@type\":\"WebPage\",\"@id\":\"https:\/\/mandalailu.ee\/toode\/harilila-viiruk\/\",\"url\":\"https:\/\/mandalailu.ee\/toode\/harilila-viiruk\/\",\"name\":\"HARILILA viiruk - Mandala ilu\",\"isPartOf\":{\"@id\":\"https:\/\/mandalailu.ee\/#website\"},\"primaryImageOfPage\":{\"@id\":\"https:\/\/mandalailu.ee\/toode\/harilila-viiruk\/#primaryimage\"},\"image\":{\"@id\":\"https:\/\/mandalailu.ee\/toode\/harilila-viiruk\/#primaryimage\"},\"thumbnailUrl\":\"https:\/\/mandalailu.ee\/wp-content\/uploads\/2026\/01\/HARILILIA-Mandala-ILU-viirukud-1.jpg\",\"datePublished\":\"2026-01-23T14:24:19+00:00\",\"dateModified\":\"2026-01-24T16:46:13+00:00\",\"description\":\"P\u00fchitsetud India HARILILA viiruk toetab s\u00fcdame avatust, r\u00f5\u00f5mu ja meelerahu. Sobib S\u00fcdamet\u0161akra tasakaalustamiseks ja p\u00fchitsuslikeks rituaalideks.\",\"breadcrumb\":{\"@id\":\"https:\/\/mandalailu.ee\/toode\/harilila-viiruk\/#breadcrumb\"},\"inLanguage\":\"en-US\",\"potentialAction\":[{\"@type\":\"ReadAction\",\"target\":[\"https:\/\/mandalailu.ee\/toode\/harilila-viiruk\/\"]}]},{\"@type\":\"ImageObject\",\"inLanguage\":\"en-US\",\"@id\":\"https:\/\/mandalailu.ee\/toode\/harilila-viiruk\/#primaryimage\",\"url\":\"https:\/\/mandalailu.ee\/wp-content\/uploads\/2026\/01\/HARILILIA-Mandala-ILU-viirukud-1.jpg\",\"contentUrl\":\"https:\/\/mandalailu.ee\/wp-content\/uploads\/2026\/01\/HARILILIA-Mandala-ILU-viirukud-1.jpg\",\"width\":750,\"height\":750,\"caption\":\"HARILILA viiruk Mandala ILU valikus. Soe ja harmooniline l\u00f5hn loob r\u00f5\u00f5msa meelerahu ning toetab s\u00fcdamest l\u00e4htuvat kohalolu.\"},{\"@type\":\"BreadcrumbList\",\"@id\":\"https:\/\/mandalailu.ee\/toode\/harilila-viiruk\/#breadcrumb\",\"itemListElement\":[{\"@type\":\"ListItem\",\"position\":1,\"name\":\"Home\",\"item\":\"https:\/\/mandalailu.ee\/\"},{\"@type\":\"ListItem\",\"position\":2,\"name\":\"HARILILA viiruk\"}]},{\"@type\":\"WebSite\",\"@id\":\"https:\/\/mandalailu.ee\/#website\",\"url\":\"https:\/\/mandalailu.ee\/\",\"name\":\"Mandala ilu\",\"description\":\"Unikaalsed k&auml;sit&ouml;&ouml;na valminud ehted\",\"publisher\":{\"@id\":\"https:\/\/mandalailu.ee\/#organization\"},\"potentialAction\":[{\"@type\":\"SearchAction\",\"target\":{\"@type\":\"EntryPoint\",\"urlTemplate\":\"https:\/\/mandalailu.ee\/?s={search_term_string}\"},\"query-input\":{\"@type\":\"PropertyValueSpecification\",\"valueRequired\":true,\"valueName\":\"search_term_string\"}}],\"inLanguage\":\"en-US\"},{\"@type\":\"Organization\",\"@id\":\"https:\/\/mandalailu.ee\/#organization\",\"name\":\"Mandala ILU\",\"url\":\"https:\/\/mandalailu.ee\/\",\"logo\":{\"@type\":\"ImageObject\",\"inLanguage\":\"en-US\",\"@id\":\"https:\/\/mandalailu.ee\/#\/schema\/logo\/image\/\",\"url\":\"https:\/\/mandalailu.ee\/wp-content\/uploads\/2022\/04\/cropped-Mandala-ILU-lill_block.jpg\",\"contentUrl\":\"https:\/\/mandalailu.ee\/wp-content\/uploads\/2022\/04\/cropped-Mandala-ILU-lill_block.jpg\",\"width\":512,\"height\":512,\"caption\":\"Mandala ILU\"},\"image\":{\"@id\":\"https:\/\/mandalailu.ee\/#\/schema\/logo\/image\/\"},\"sameAs\":[\"https:\/\/www.facebook.com\/MandalaILU\",\"https:\/\/www.instagram.com\/mandala.ilu.mala.ehted\/\"]}]}<\/script>\n<!-- \/ Yoast SEO plugin. -->","yoast_head_json":{"title":"HARILILA viiruk - Mandala ilu","description":"P\u00fchitsetud India HARILILA viiruk toetab s\u00fcdame avatust, r\u00f5\u00f5mu ja meelerahu. Sobib S\u00fcdamet\u0161akra tasakaalustamiseks ja p\u00fchitsuslikeks rituaalideks.","robots":{"index":"index","follow":"follow","max-snippet":"max-snippet:-1","max-image-preview":"max-image-preview:large","max-video-preview":"max-video-preview:-1"},"canonical":"https:\/\/mandalailu.ee\/en\/product\/harilila-viiruk\/","og_locale":"en_US","og_type":"article","og_title":"HARILILA viiruk - Mandala ilu","og_description":"P\u00fchitsetud India HARILILA viiruk toetab s\u00fcdame avatust, r\u00f5\u00f5mu ja meelerahu. Sobib S\u00fcdamet\u0161akra tasakaalustamiseks ja p\u00fchitsuslikeks rituaalideks.","og_url":"https:\/\/mandalailu.ee\/en\/product\/harilila-viiruk\/","og_site_name":"Mandala ilu","article_publisher":"https:\/\/www.facebook.com\/MandalaILU","article_modified_time":"2026-01-24T16:46:13+00:00","og_image":[{"width":750,"height":750,"url":"https:\/\/mandalailu.ee\/wp-content\/uploads\/2026\/01\/HARILILIA-Mandala-ILU-viirukud-1.jpg","type":"image\/jpeg"}],"twitter_card":"summary_large_image","twitter_misc":{"Est. reading time":"1 minute"},"schema":{"@context":"https:\/\/schema.org","@graph":[{"@type":"WebPage","@id":"https:\/\/mandalailu.ee\/toode\/harilila-viiruk\/","url":"https:\/\/mandalailu.ee\/toode\/harilila-viiruk\/","name":"HARILILA viiruk - Mandala ilu","isPartOf":{"@id":"https:\/\/mandalailu.ee\/#website"},"primaryImageOfPage":{"@id":"https:\/\/mandalailu.ee\/toode\/harilila-viiruk\/#primaryimage"},"image":{"@id":"https:\/\/mandalailu.ee\/toode\/harilila-viiruk\/#primaryimage"},"thumbnailUrl":"https:\/\/mandalailu.ee\/wp-content\/uploads\/2026\/01\/HARILILIA-Mandala-ILU-viirukud-1.jpg","datePublished":"2026-01-23T14:24:19+00:00","dateModified":"2026-01-24T16:46:13+00:00","description":"P\u00fchitsetud India HARILILA viiruk toetab s\u00fcdame avatust, r\u00f5\u00f5mu ja meelerahu. Sobib S\u00fcdamet\u0161akra tasakaalustamiseks ja p\u00fchitsuslikeks rituaalideks.","breadcrumb":{"@id":"https:\/\/mandalailu.ee\/toode\/harilila-viiruk\/#breadcrumb"},"inLanguage":"en-US","potentialAction":[{"@type":"ReadAction","target":["https:\/\/mandalailu.ee\/toode\/harilila-viiruk\/"]}]},{"@type":"ImageObject","inLanguage":"en-US","@id":"https:\/\/mandalailu.ee\/toode\/harilila-viiruk\/#primaryimage","url":"https:\/\/mandalailu.ee\/wp-content\/uploads\/2026\/01\/HARILILIA-Mandala-ILU-viirukud-1.jpg","contentUrl":"https:\/\/mandalailu.ee\/wp-content\/uploads\/2026\/01\/HARILILIA-Mandala-ILU-viirukud-1.jpg","width":750,"height":750,"caption":"HARILILA viiruk Mandala ILU valikus. Soe ja harmooniline l\u00f5hn loob r\u00f5\u00f5msa meelerahu ning toetab s\u00fcdamest l\u00e4htuvat kohalolu."},{"@type":"BreadcrumbList","@id":"https:\/\/mandalailu.ee\/toode\/harilila-viiruk\/#breadcrumb","itemListElement":[{"@type":"ListItem","position":1,"name":"Home","item":"https:\/\/mandalailu.ee\/"},{"@type":"ListItem","position":2,"name":"HARILILA viiruk"}]},{"@type":"WebSite","@id":"https:\/\/mandalailu.ee\/#website","url":"https:\/\/mandalailu.ee\/","name":"Mandala ilu","description":"Unikaalsed k&auml;sit&ouml;&ouml;na valminud ehted","publisher":{"@id":"https:\/\/mandalailu.ee\/#organization"},"potentialAction":[{"@type":"SearchAction","target":{"@type":"EntryPoint","urlTemplate":"https:\/\/mandalailu.ee\/?s={search_term_string}"},"query-input":{"@type":"PropertyValueSpecification","valueRequired":true,"valueName":"search_term_string"}}],"inLanguage":"en-US"},{"@type":"Organization","@id":"https:\/\/mandalailu.ee\/#organization","name":"Mandala ILU","url":"https:\/\/mandalailu.ee\/","logo":{"@type":"ImageObject","inLanguage":"en-US","@id":"https:\/\/mandalailu.ee\/#\/schema\/logo\/image\/","url":"https:\/\/mandalailu.ee\/wp-content\/uploads\/2022\/04\/cropped-Mandala-ILU-lill_block.jpg","contentUrl":"https:\/\/mandalailu.ee\/wp-content\/uploads\/2022\/04\/cropped-Mandala-ILU-lill_block.jpg","width":512,"height":512,"caption":"Mandala ILU"},"image":{"@id":"https:\/\/mandalailu.ee\/#\/schema\/logo\/image\/"},"sameAs":["https:\/\/www.facebook.com\/MandalaILU","https:\/\/www.instagram.com\/mandala.ilu.mala.ehted\/"]}]}},"_links":{"self":[{"href":"https:\/\/mandalailu.ee\/en\/wp-json\/wp\/v2\/product\/5347","targetHints":{"allow":["GET"]}}],"collection":[{"href":"https:\/\/mandalailu.ee\/en\/wp-json\/wp\/v2\/product"}],"about":[{"href":"https:\/\/mandalailu.ee\/en\/wp-json\/wp\/v2\/types\/product"}],"wp:featuredmedia":[{"embeddable":true,"href":"https:\/\/mandalailu.ee\/en\/wp-json\/wp\/v2\/media\/5331"}],"wp:attachment":[{"href":"https:\/\/mandalailu.ee\/en\/wp-json\/wp\/v2\/media?parent=5347"}],"wp:term":[{"taxonomy":"product_brand","embeddable":true,"href":"https:\/\/mandalailu.ee\/en\/wp-json\/wp\/v2\/product_brand?post=5347"},{"taxonomy":"product_cat","embeddable":true,"href":"https:\/\/mandalailu.ee\/en\/wp-json\/wp\/v2\/product_cat?post=5347"},{"taxonomy":"product_tag","embeddable":true,"href":"https:\/\/mandalailu.ee\/en\/wp-json\/wp\/v2\/product_tag?post=5347"}],"curies":[{"name":"wp","href":"https:\/\/api.w.org\/{rel}","templated":true}]}}