{"id":5410,"date":"2026-02-27T11:36:14","date_gmt":"2026-02-27T11:36:14","guid":{"rendered":"https:\/\/mandalailu.ee\/?post_type=product&#038;p=5410"},"modified":"2026-02-27T12:23:14","modified_gmt":"2026-02-27T12:23:14","slug":"koige-puhtamad-ja-selgemad-uned-ja-unistused","status":"publish","type":"product","link":"https:\/\/mandalailu.ee\/en\/product\/koige-puhtamad-ja-selgemad-uned-ja-unistused\/","title":{"rendered":"Unen\u00e4op\u00fc\u00fcdja &#8220;K\u00f5ige puhtamad ja selgemad uned ja unistused&#8221;"},"content":{"rendered":"<h3 style=\"text-align: center;\"><strong>Unen\u00e4op\u00fc\u00fcdja &#8220;K\u00f5ige puhtamad ja selgemad uned ja unistused&#8221;<\/strong><\/h3>\n<p>Unen\u00e4op\u00fc\u00fcdja &#8220;K\u00f5ige puhtamad ja selgemad uned ja unistused&#8221; kannab endas selgust, rahu ja puhastavat energiat, mis toetab Sind nii unemaailmas kui ka \u00e4rkvelolekus.<\/p>\n<p>Unen\u00e4op\u00fc\u00fcdjad on v\u00e4ekad ja s\u00fcgava t\u00e4hendusega kaitseamulettid, mis on p\u00e4rit iidsetest P\u00f5hja-Ameerika indiaanlaste traditsioonidest. Nende eesm\u00e4rk on p\u00fc\u00fcda kinni halvad unen\u00e4od ja lubada l\u00e4bi vaid need head, mis toovad hingele rahu, tasakaalu ja inspiratsiooni. Usun, et negatiivsed uned j\u00e4\u00e4vad v\u00f5rku kinni ja hajuvad koos hommikuse p\u00e4ikesega, samal ajal kui head uned libisevad m\u00f6\u00f6da sulgi magajani.<\/p>\n<p style=\"text-align: right;\">Vaata ka teisi iludusi <a href=\"https:\/\/mandalailu.ee\/en\/product-category\/unenaopuudjad\/\"><b>SIIT<\/b><\/a><\/p>\n<p>&nbsp;<\/p>\n<p>Unen\u00e4op\u00fc\u00fcdja &#8220;K\u00f5ige puhtamad ja selgemad uned ja unistused&#8221; looja: <strong><a href=\"https:\/\/mandalailu.ee\/en\/minu-lugu\/\">K\u00e4rt Lumiste<\/a><\/strong><br \/>\n<strong>Ole hoitud, l\u00e4bi armastuse<\/strong><\/p>","protected":false},"excerpt":{"rendered":"<p>Unen\u00e4op\u00fc\u00fcdja &#8220;K\u00f5ige puhtamad ja selgemad uned ja unistused&#8221; loob Sinu ruumi kerguse, valguse ja selguse energia. Selle \u00f5rn valge heegelmuster s\u00fcmboliseerib puhtust ja rahu, mis toetab s\u00fcgavat ning tasakaalustatud und. Ta aitab vabastada liigseid m\u00f5tteid ja loob ruumi, kus unistused saavad kasvada selgelt ja kirkalt. \u00d5hulised pitsid lisavad ruumile helgust ning rahulikku voolavust. See Unen\u00e4op\u00fc\u00fcdja on kui valguskiir Sinu toas, mis hoiab \u00f6\u00f6d puhtana ja s\u00fcdame rahulikuna.<\/p>\n<p>Minu loodud unen\u00e4op\u00fc\u00fcdjad on valminud k\u00e4sit\u00f6\u00f6na. Hoole ja armastusega, et iga detail kannaks endas kaitset, rahu ja hingej\u00f5udu. Iga unen\u00e4op\u00fc\u00fcdja on unikaalne. Valmistatud ja v\u00e4estatud s\u00fcdameenergiaga, et toetada Sind oma unen\u00e4gude ja sisemise selguse teel. V\u00f5id ta riputada voodi kohale, akna \u00e4\u00e4rde v\u00f5i oma p\u00fcha paika, et luua ruumi rahustav ja kaitsev energia.<\/p>\n<p>Unen\u00e4op\u00fc\u00fcdjad ei ole pelgalt unevalvurid. Minu jaoks on nad ka <strong>unistustep\u00fc\u00fcdjad<\/strong>, mis aitavad Sul hoida oma kavatsused ja soovid elavana. See on kaunis sisustuselement, mis lisab igasse ruumi m\u00fcstilist ilu ja hingestatust. Sobib ideaalselt kingituseks kallile inimesele, kinkides talle helgeid unen\u00e4gusid ja v\u00e4ekaid unistusi.<\/p>\n<p><strong>Tunne oma Unen\u00e4op\u00fc\u00fcdja \u00e4ra. L\u00e4bi s\u00fcdame.<\/strong><\/p>","protected":false},"featured_media":5392,"template":"","meta":{"_acf_changed":false},"product_brand":[],"product_cat":[93],"product_tag":[43],"class_list":{"0":"post-5410","1":"product","2":"type-product","3":"status-publish","4":"has-post-thumbnail","6":"product_cat-unenaopuudjad","7":"product_tag-kroontsakra","9":"first","10":"instock","11":"shipping-taxable","12":"purchasable","13":"product-type-simple"},"acf":[],"yoast_head":"<!-- This site is optimized with the Yoast SEO plugin v26.3 - https:\/\/yoast.com\/wordpress\/plugins\/seo\/ -->\n<title>Unen\u00e4op\u00fc\u00fcdja &quot;K\u00f5ige puhtamad ja selgemad uned ja unistused&quot; - Mandala ilu<\/title>\n<meta name=\"description\" content=\"Unen\u00e4op\u00fc\u00fcdja K\u00f5ige puhtamad ja selgemad uned ja unistused toob Sinu ruumi puhtuse ja selguse energia ning toetab rahulikku und.\" \/>\n<meta name=\"robots\" content=\"index, follow, max-snippet:-1, max-image-preview:large, max-video-preview:-1\" \/>\n<link rel=\"canonical\" href=\"https:\/\/mandalailu.ee\/en\/product\/koige-puhtamad-ja-selgemad-uned-ja-unistused\/\" \/>\n<meta property=\"og:locale\" content=\"en_US\" \/>\n<meta property=\"og:type\" content=\"article\" \/>\n<meta property=\"og:title\" content=\"Unen\u00e4op\u00fc\u00fcdja &quot;K\u00f5ige puhtamad ja selgemad uned ja unistused&quot; - Mandala ilu\" \/>\n<meta property=\"og:description\" content=\"Unen\u00e4op\u00fc\u00fcdja K\u00f5ige puhtamad ja selgemad uned ja unistused toob Sinu ruumi puhtuse ja selguse energia ning toetab rahulikku und.\" \/>\n<meta property=\"og:url\" content=\"https:\/\/mandalailu.ee\/en\/product\/koige-puhtamad-ja-selgemad-uned-ja-unistused\/\" \/>\n<meta property=\"og:site_name\" content=\"Mandala ilu\" \/>\n<meta property=\"article:publisher\" content=\"https:\/\/www.facebook.com\/MandalaILU\" \/>\n<meta property=\"article:modified_time\" content=\"2026-02-27T12:23:14+00:00\" \/>\n<meta property=\"og:image\" content=\"https:\/\/mandalailu.ee\/wp-content\/uploads\/2026\/02\/UP0011-Mandala-ILU-valge-unenaopuudja-1.jpg\" \/>\n\t<meta property=\"og:image:width\" content=\"750\" \/>\n\t<meta property=\"og:image:height\" content=\"750\" \/>\n\t<meta property=\"og:image:type\" content=\"image\/jpeg\" \/>\n<meta name=\"twitter:card\" content=\"summary_large_image\" \/>\n<meta name=\"twitter:label1\" content=\"Est. reading time\" \/>\n\t<meta name=\"twitter:data1\" content=\"1 minute\" \/>\n<script type=\"application\/ld+json\" class=\"yoast-schema-graph\">{\"@context\":\"https:\/\/schema.org\",\"@graph\":[{\"@type\":\"WebPage\",\"@id\":\"https:\/\/mandalailu.ee\/toode\/koige-puhtamad-ja-selgemad-uned-ja-unistused\/\",\"url\":\"https:\/\/mandalailu.ee\/toode\/koige-puhtamad-ja-selgemad-uned-ja-unistused\/\",\"name\":\"Unen\u00e4op\u00fc\u00fcdja \\\"K\u00f5ige puhtamad ja selgemad uned ja unistused\\\" - Mandala ilu\",\"isPartOf\":{\"@id\":\"https:\/\/mandalailu.ee\/#website\"},\"primaryImageOfPage\":{\"@id\":\"https:\/\/mandalailu.ee\/toode\/koige-puhtamad-ja-selgemad-uned-ja-unistused\/#primaryimage\"},\"image\":{\"@id\":\"https:\/\/mandalailu.ee\/toode\/koige-puhtamad-ja-selgemad-uned-ja-unistused\/#primaryimage\"},\"thumbnailUrl\":\"https:\/\/mandalailu.ee\/wp-content\/uploads\/2026\/02\/UP0011-Mandala-ILU-valge-unenaopuudja-1.jpg\",\"datePublished\":\"2026-02-27T11:36:14+00:00\",\"dateModified\":\"2026-02-27T12:23:14+00:00\",\"description\":\"Unen\u00e4op\u00fc\u00fcdja K\u00f5ige puhtamad ja selgemad uned ja unistused toob Sinu ruumi puhtuse ja selguse energia ning toetab rahulikku und.\",\"breadcrumb\":{\"@id\":\"https:\/\/mandalailu.ee\/toode\/koige-puhtamad-ja-selgemad-uned-ja-unistused\/#breadcrumb\"},\"inLanguage\":\"en-US\",\"potentialAction\":[{\"@type\":\"ReadAction\",\"target\":[\"https:\/\/mandalailu.ee\/toode\/koige-puhtamad-ja-selgemad-uned-ja-unistused\/\"]}]},{\"@type\":\"ImageObject\",\"inLanguage\":\"en-US\",\"@id\":\"https:\/\/mandalailu.ee\/toode\/koige-puhtamad-ja-selgemad-uned-ja-unistused\/#primaryimage\",\"url\":\"https:\/\/mandalailu.ee\/wp-content\/uploads\/2026\/02\/UP0011-Mandala-ILU-valge-unenaopuudja-1.jpg\",\"contentUrl\":\"https:\/\/mandalailu.ee\/wp-content\/uploads\/2026\/02\/UP0011-Mandala-ILU-valge-unenaopuudja-1.jpg\",\"width\":750,\"height\":750,\"caption\":\"Mandala ILU Unen\u00e4op\u00fc\u00fcdja K\u00f5ige puhtamad ja selgemad uned ja unistused loob Sinu ruumi puhta ja helge energia.\"},{\"@type\":\"BreadcrumbList\",\"@id\":\"https:\/\/mandalailu.ee\/toode\/koige-puhtamad-ja-selgemad-uned-ja-unistused\/#breadcrumb\",\"itemListElement\":[{\"@type\":\"ListItem\",\"position\":1,\"name\":\"Home\",\"item\":\"https:\/\/mandalailu.ee\/\"},{\"@type\":\"ListItem\",\"position\":2,\"name\":\"Unen\u00e4op\u00fc\u00fcdja &#8220;K\u00f5ige puhtamad ja selgemad uned ja unistused&#8221;\"}]},{\"@type\":\"WebSite\",\"@id\":\"https:\/\/mandalailu.ee\/#website\",\"url\":\"https:\/\/mandalailu.ee\/\",\"name\":\"Mandala ilu\",\"description\":\"Unikaalsed k&auml;sit&ouml;&ouml;na valminud ehted\",\"publisher\":{\"@id\":\"https:\/\/mandalailu.ee\/#organization\"},\"potentialAction\":[{\"@type\":\"SearchAction\",\"target\":{\"@type\":\"EntryPoint\",\"urlTemplate\":\"https:\/\/mandalailu.ee\/?s={search_term_string}\"},\"query-input\":{\"@type\":\"PropertyValueSpecification\",\"valueRequired\":true,\"valueName\":\"search_term_string\"}}],\"inLanguage\":\"en-US\"},{\"@type\":\"Organization\",\"@id\":\"https:\/\/mandalailu.ee\/#organization\",\"name\":\"Mandala ILU\",\"url\":\"https:\/\/mandalailu.ee\/\",\"logo\":{\"@type\":\"ImageObject\",\"inLanguage\":\"en-US\",\"@id\":\"https:\/\/mandalailu.ee\/#\/schema\/logo\/image\/\",\"url\":\"https:\/\/mandalailu.ee\/wp-content\/uploads\/2022\/04\/cropped-Mandala-ILU-lill_block.jpg\",\"contentUrl\":\"https:\/\/mandalailu.ee\/wp-content\/uploads\/2022\/04\/cropped-Mandala-ILU-lill_block.jpg\",\"width\":512,\"height\":512,\"caption\":\"Mandala ILU\"},\"image\":{\"@id\":\"https:\/\/mandalailu.ee\/#\/schema\/logo\/image\/\"},\"sameAs\":[\"https:\/\/www.facebook.com\/MandalaILU\",\"https:\/\/www.instagram.com\/mandala.ilu.mala.ehted\/\"]}]}<\/script>\n<!-- \/ Yoast SEO plugin. -->","yoast_head_json":{"title":"Unen\u00e4op\u00fc\u00fcdja \"K\u00f5ige puhtamad ja selgemad uned ja unistused\" - Mandala ilu","description":"Unen\u00e4op\u00fc\u00fcdja K\u00f5ige puhtamad ja selgemad uned ja unistused toob Sinu ruumi puhtuse ja selguse energia ning toetab rahulikku und.","robots":{"index":"index","follow":"follow","max-snippet":"max-snippet:-1","max-image-preview":"max-image-preview:large","max-video-preview":"max-video-preview:-1"},"canonical":"https:\/\/mandalailu.ee\/en\/product\/koige-puhtamad-ja-selgemad-uned-ja-unistused\/","og_locale":"en_US","og_type":"article","og_title":"Unen\u00e4op\u00fc\u00fcdja \"K\u00f5ige puhtamad ja selgemad uned ja unistused\" - Mandala ilu","og_description":"Unen\u00e4op\u00fc\u00fcdja K\u00f5ige puhtamad ja selgemad uned ja unistused toob Sinu ruumi puhtuse ja selguse energia ning toetab rahulikku und.","og_url":"https:\/\/mandalailu.ee\/en\/product\/koige-puhtamad-ja-selgemad-uned-ja-unistused\/","og_site_name":"Mandala ilu","article_publisher":"https:\/\/www.facebook.com\/MandalaILU","article_modified_time":"2026-02-27T12:23:14+00:00","og_image":[{"width":750,"height":750,"url":"https:\/\/mandalailu.ee\/wp-content\/uploads\/2026\/02\/UP0011-Mandala-ILU-valge-unenaopuudja-1.jpg","type":"image\/jpeg"}],"twitter_card":"summary_large_image","twitter_misc":{"Est. reading time":"1 minute"},"schema":{"@context":"https:\/\/schema.org","@graph":[{"@type":"WebPage","@id":"https:\/\/mandalailu.ee\/toode\/koige-puhtamad-ja-selgemad-uned-ja-unistused\/","url":"https:\/\/mandalailu.ee\/toode\/koige-puhtamad-ja-selgemad-uned-ja-unistused\/","name":"Unen\u00e4op\u00fc\u00fcdja \"K\u00f5ige puhtamad ja selgemad uned ja unistused\" - Mandala ilu","isPartOf":{"@id":"https:\/\/mandalailu.ee\/#website"},"primaryImageOfPage":{"@id":"https:\/\/mandalailu.ee\/toode\/koige-puhtamad-ja-selgemad-uned-ja-unistused\/#primaryimage"},"image":{"@id":"https:\/\/mandalailu.ee\/toode\/koige-puhtamad-ja-selgemad-uned-ja-unistused\/#primaryimage"},"thumbnailUrl":"https:\/\/mandalailu.ee\/wp-content\/uploads\/2026\/02\/UP0011-Mandala-ILU-valge-unenaopuudja-1.jpg","datePublished":"2026-02-27T11:36:14+00:00","dateModified":"2026-02-27T12:23:14+00:00","description":"Unen\u00e4op\u00fc\u00fcdja K\u00f5ige puhtamad ja selgemad uned ja unistused toob Sinu ruumi puhtuse ja selguse energia ning toetab rahulikku und.","breadcrumb":{"@id":"https:\/\/mandalailu.ee\/toode\/koige-puhtamad-ja-selgemad-uned-ja-unistused\/#breadcrumb"},"inLanguage":"en-US","potentialAction":[{"@type":"ReadAction","target":["https:\/\/mandalailu.ee\/toode\/koige-puhtamad-ja-selgemad-uned-ja-unistused\/"]}]},{"@type":"ImageObject","inLanguage":"en-US","@id":"https:\/\/mandalailu.ee\/toode\/koige-puhtamad-ja-selgemad-uned-ja-unistused\/#primaryimage","url":"https:\/\/mandalailu.ee\/wp-content\/uploads\/2026\/02\/UP0011-Mandala-ILU-valge-unenaopuudja-1.jpg","contentUrl":"https:\/\/mandalailu.ee\/wp-content\/uploads\/2026\/02\/UP0011-Mandala-ILU-valge-unenaopuudja-1.jpg","width":750,"height":750,"caption":"Mandala ILU Unen\u00e4op\u00fc\u00fcdja K\u00f5ige puhtamad ja selgemad uned ja unistused loob Sinu ruumi puhta ja helge energia."},{"@type":"BreadcrumbList","@id":"https:\/\/mandalailu.ee\/toode\/koige-puhtamad-ja-selgemad-uned-ja-unistused\/#breadcrumb","itemListElement":[{"@type":"ListItem","position":1,"name":"Home","item":"https:\/\/mandalailu.ee\/"},{"@type":"ListItem","position":2,"name":"Unen\u00e4op\u00fc\u00fcdja &#8220;K\u00f5ige puhtamad ja selgemad uned ja unistused&#8221;"}]},{"@type":"WebSite","@id":"https:\/\/mandalailu.ee\/#website","url":"https:\/\/mandalailu.ee\/","name":"Mandala ilu","description":"Unikaalsed k&auml;sit&ouml;&ouml;na valminud ehted","publisher":{"@id":"https:\/\/mandalailu.ee\/#organization"},"potentialAction":[{"@type":"SearchAction","target":{"@type":"EntryPoint","urlTemplate":"https:\/\/mandalailu.ee\/?s={search_term_string}"},"query-input":{"@type":"PropertyValueSpecification","valueRequired":true,"valueName":"search_term_string"}}],"inLanguage":"en-US"},{"@type":"Organization","@id":"https:\/\/mandalailu.ee\/#organization","name":"Mandala ILU","url":"https:\/\/mandalailu.ee\/","logo":{"@type":"ImageObject","inLanguage":"en-US","@id":"https:\/\/mandalailu.ee\/#\/schema\/logo\/image\/","url":"https:\/\/mandalailu.ee\/wp-content\/uploads\/2022\/04\/cropped-Mandala-ILU-lill_block.jpg","contentUrl":"https:\/\/mandalailu.ee\/wp-content\/uploads\/2022\/04\/cropped-Mandala-ILU-lill_block.jpg","width":512,"height":512,"caption":"Mandala ILU"},"image":{"@id":"https:\/\/mandalailu.ee\/#\/schema\/logo\/image\/"},"sameAs":["https:\/\/www.facebook.com\/MandalaILU","https:\/\/www.instagram.com\/mandala.ilu.mala.ehted\/"]}]}},"_links":{"self":[{"href":"https:\/\/mandalailu.ee\/en\/wp-json\/wp\/v2\/product\/5410","targetHints":{"allow":["GET"]}}],"collection":[{"href":"https:\/\/mandalailu.ee\/en\/wp-json\/wp\/v2\/product"}],"about":[{"href":"https:\/\/mandalailu.ee\/en\/wp-json\/wp\/v2\/types\/product"}],"wp:featuredmedia":[{"embeddable":true,"href":"https:\/\/mandalailu.ee\/en\/wp-json\/wp\/v2\/media\/5392"}],"wp:attachment":[{"href":"https:\/\/mandalailu.ee\/en\/wp-json\/wp\/v2\/media?parent=5410"}],"wp:term":[{"taxonomy":"product_brand","embeddable":true,"href":"https:\/\/mandalailu.ee\/en\/wp-json\/wp\/v2\/product_brand?post=5410"},{"taxonomy":"product_cat","embeddable":true,"href":"https:\/\/mandalailu.ee\/en\/wp-json\/wp\/v2\/product_cat?post=5410"},{"taxonomy":"product_tag","embeddable":true,"href":"https:\/\/mandalailu.ee\/en\/wp-json\/wp\/v2\/product_tag?post=5410"}],"curies":[{"name":"wp","href":"https:\/\/api.w.org\/{rel}","templated":true}]}}