{"id":603,"date":"2022-05-10T09:10:18","date_gmt":"2022-05-10T09:10:18","guid":{"rendered":"https:\/\/mandalailu.ee\/?post_type=product&#038;p=603"},"modified":"2026-05-05T13:37:39","modified_gmt":"2026-05-05T13:37:39","slug":"kaevoru-5","status":"publish","type":"product","link":"https:\/\/mandalailu.ee\/en\/product\/kaevoru-5\/","title":{"rendered":"Tasakaalu v\u00e4e k\u00e4ev\u00f5ru"},"content":{"rendered":"<h2 style=\"text-align: center;\">Tasakaalu v\u00e4e k\u00e4ev\u00f5ru:<\/h2>\n<h3><strong>SUITSKVARTS<\/strong><\/h3>\n<p>SuitsKvarts on tuntud kui tugev puhastaja, mis vabastab hirmudest ja pingetest. Ta aitab Sul lasta lahti negatiivsetest m\u00f5tetest ja emotsioonidest. Kristall toob Sinu ellu selgust ja rahu, luues kaitset stressi eest. SuitsKvarts maandab Sind, hoides jalad kindlalt maas ka keerulistes olukordades. Ta aitab Sul keskenduda ja teha otsuseid selge meelega. Kristall vabastab energiav\u00e4ljast ebasoovitavad m\u00f5jutused. Ta toob kaasa sisemise tasakaalu ja stabiilsuse. SuitsKvarts toetab eriti tugevalt <a href=\"https:\/\/mandalailu.ee\/en\/blogi\/juurtsakra\/\"><strong>juurt\u0161akra<\/strong><\/a>t, avades \u00fchenduse Maa energiaga. Samuti tugevdab ta Sinu enesetunnet ja kindlustunnet. See kristall on kui pehme, kuid kindel teejuht puhastumise ja sisemise rahuni.<\/p>\n<h3><strong>HEMATIIT<\/strong><\/h3>\n<p>Hematiit on v\u00f5imas maandav kristall, mis toob Sulle sisemist tugevust. Ta aitab Sul p\u00fcsida keskendunult ja j\u00e4rjekindlalt oma eesm\u00e4rkide suunas liikudes. Hematiit suurendab enesekindlust ja toetab positiivset enesehinnangut. Kristall kaitseb Sind liigse stressi ja emotsionaalse koormuse eest. Ta aitab lahti lasta k\u00f5hklustest ja kahtlustest, tuues asemele selguse. Hematiit soodustab tasakaalu ja harmooniat kehas ning meeles. See kristall annab j\u00f5udu ja vitaalsust ka f\u00fc\u00fcsilisel tasandil. Hematiit toetab tugevalt juurt\u0161akrat, aidates Sul tunda end turvaliselt ja maandatult. Samuti toob ta rahu ja stabiilsust Sinu igap\u00e4evaellu. Hematiit on kui kindel tugisammas, millele v\u00f5id alati loota.<\/p>\n<p>Leia k\u00e4ev\u00f5ru juurde sobiv Mala <strong><a href=\"https:\/\/mandalailu.ee\/en\/product-category\/mala-palvehelmed\/\">SIIT<\/a><\/strong><\/p>\n<p>Kui antud k\u00e4ev\u00f5ru Sind k\u00f5netab, on selle s\u00f5num m\u00f5eldud just Sulle. See on Sinu ehe. Tunne ta \u00e4ra. L\u00e4bi oma s\u00fcdame.<\/p>\n<ul>\n<li>K\u00f5ik Minu ehted on 100% k\u00e4sit\u00f6\u00f6, loodud puhtast armastusest ning loomisj\u00f5ust, l\u00e4bi kanalduse, Tema kandjale.<\/li>\n<li>Minu ehted kannavad endas ilu, poolv\u00e4\u00e4riskivide toetust ning p\u00fchitsetud v\u00e4ge<\/li>\n<li>Enne uude koju j\u00f5udmist on ehe energeetiliselt puhastatud ja laetud<\/li>\n<\/ul>\n<div>\n<div>Tasakaalu v\u00e4e k\u00e4ev\u00f5ru autoriks on K\u00e4rt Lumiste<\/div>\n<\/div>\n<div><b>Ole hoitud, l\u00e4bi armastuse<\/b><\/div>","protected":false},"excerpt":{"rendered":"<blockquote><p>&#8220;See k\u00e4ev\u00f5ru aitab Sul maanduda, puhastuda ja liikuda l\u00e4bi elu s\u00fcdame julgusega.&#8221;<\/p><\/blockquote>\n<p>SuitsKvarts puhastab ja rahustab Sinu meelt, aidates vabastada stressi ja negatiivseid tundeid. Hematiit maandab ja lisab j\u00f5udu, tuues Sulle enesekindlust ja tasakaalu igap\u00e4evaelus.<\/p>\n<ul>\n<li>Puhastav SUITSKVARTS<\/li>\n<li>Maandav HEMATIIT<\/li>\n<li>P\u00e4rlite suurus 4-10mm<\/li>\n<li>K\u00e4ev\u00f5ru j\u00f5uab Sinuni kinkekotis<\/li>\n<li>Eesti sisene<strong> transport<\/strong> pakiautomaati on ALATI minu kulul<\/li>\n<li><strong>Vali kohe,<\/strong> <strong>maksa hiljem<\/strong>\u00a0v\u00f5imalus. Rohkem infot\u00a0<a href=\"https:\/\/mandalailu.ee\/en\/uld-ja-muugitingimused\/#jarelmaksu-voimalus\"><strong>SIIT<\/strong><\/a><\/li>\n<\/ul>\n<p>Tasakaalu v\u00e4e k\u00e4ev\u00f5ru \u00fchendab Sinu sisemise rahu ja tugevuse, et Sind kindlalt toetada igas hetkes.<\/p>\n<p>Kui antud k\u00e4ev\u00f5ru Sind k\u00f5netab, on selle s\u00f5num m\u00f5eldud just Sulle. See on Sinu oma. Tunne ta \u00e4ra. L\u00e4bi oma s\u00fcdame.<\/p>","protected":false},"featured_media":5014,"template":"","meta":{"_acf_changed":false},"product_brand":[],"product_cat":[32],"product_tag":[37],"class_list":{"0":"post-603","1":"product","2":"type-product","3":"status-publish","4":"has-post-thumbnail","6":"product_cat-kaevorud","7":"product_tag-juurtsakra","8":"pa_suurused-18cm","9":"pa_suurused-19cm","11":"first","12":"instock","13":"shipping-taxable","14":"purchasable","15":"product-type-variable"},"acf":[],"yoast_head":"<!-- This site is optimized with the Yoast SEO plugin v26.3 - https:\/\/yoast.com\/wordpress\/plugins\/seo\/ -->\n<title>Tasakaalu v\u00e4e k\u00e4ev\u00f5ru - Mandala ilu<\/title>\n<meta name=\"description\" content=\"Mandala ILU k\u00e4ev\u00f5ru SuitsKvartsist ja Hematiidist ning kuldse s\u00fcdamega toob rahu, maanduse ja sisemise j\u00f5u, toetades juurt\u0161akrat ja puhastades energiav\u00e4lja.\" \/>\n<meta name=\"robots\" content=\"index, follow, max-snippet:-1, max-image-preview:large, max-video-preview:-1\" \/>\n<link rel=\"canonical\" href=\"https:\/\/mandalailu.ee\/en\/product\/kaevoru-5\/\" \/>\n<meta property=\"og:locale\" content=\"en_US\" \/>\n<meta property=\"og:type\" content=\"article\" \/>\n<meta property=\"og:title\" content=\"Tasakaalu v\u00e4e k\u00e4ev\u00f5ru - Mandala ilu\" \/>\n<meta property=\"og:description\" content=\"Mandala ILU k\u00e4ev\u00f5ru SuitsKvartsist ja Hematiidist ning kuldse s\u00fcdamega toob rahu, maanduse ja sisemise j\u00f5u, toetades juurt\u0161akrat ja puhastades energiav\u00e4lja.\" \/>\n<meta property=\"og:url\" content=\"https:\/\/mandalailu.ee\/en\/product\/kaevoru-5\/\" \/>\n<meta property=\"og:site_name\" content=\"Mandala ilu\" \/>\n<meta property=\"article:publisher\" content=\"https:\/\/www.facebook.com\/MandalaILU\" \/>\n<meta property=\"article:modified_time\" content=\"2026-05-05T13:37:39+00:00\" \/>\n<meta property=\"og:image\" content=\"https:\/\/mandalailu.ee\/wp-content\/uploads\/2025\/09\/KV0066-Mandala-ILU-vaeehted-kaevoru-SuitsKvarts-Hematiit-1.jpg\" \/>\n\t<meta property=\"og:image:width\" content=\"750\" \/>\n\t<meta property=\"og:image:height\" content=\"750\" \/>\n\t<meta property=\"og:image:type\" content=\"image\/jpeg\" \/>\n<meta name=\"twitter:card\" content=\"summary_large_image\" \/>\n<meta name=\"twitter:label1\" content=\"Est. reading time\" \/>\n\t<meta name=\"twitter:data1\" content=\"1 minute\" \/>\n<script type=\"application\/ld+json\" class=\"yoast-schema-graph\">{\"@context\":\"https:\/\/schema.org\",\"@graph\":[{\"@type\":\"WebPage\",\"@id\":\"https:\/\/mandalailu.ee\/toode\/kaevoru-5\/\",\"url\":\"https:\/\/mandalailu.ee\/toode\/kaevoru-5\/\",\"name\":\"Tasakaalu v\u00e4e k\u00e4ev\u00f5ru - Mandala ilu\",\"isPartOf\":{\"@id\":\"https:\/\/mandalailu.ee\/#website\"},\"primaryImageOfPage\":{\"@id\":\"https:\/\/mandalailu.ee\/toode\/kaevoru-5\/#primaryimage\"},\"image\":{\"@id\":\"https:\/\/mandalailu.ee\/toode\/kaevoru-5\/#primaryimage\"},\"thumbnailUrl\":\"https:\/\/mandalailu.ee\/wp-content\/uploads\/2025\/09\/KV0066-Mandala-ILU-vaeehted-kaevoru-SuitsKvarts-Hematiit-1.jpg\",\"datePublished\":\"2022-05-10T09:10:18+00:00\",\"dateModified\":\"2026-05-05T13:37:39+00:00\",\"description\":\"Mandala ILU k\u00e4ev\u00f5ru SuitsKvartsist ja Hematiidist ning kuldse s\u00fcdamega toob rahu, maanduse ja sisemise j\u00f5u, toetades juurt\u0161akrat ja puhastades energiav\u00e4lja.\",\"breadcrumb\":{\"@id\":\"https:\/\/mandalailu.ee\/toode\/kaevoru-5\/#breadcrumb\"},\"inLanguage\":\"en-US\",\"potentialAction\":[{\"@type\":\"ReadAction\",\"target\":[\"https:\/\/mandalailu.ee\/toode\/kaevoru-5\/\"]}]},{\"@type\":\"ImageObject\",\"inLanguage\":\"en-US\",\"@id\":\"https:\/\/mandalailu.ee\/toode\/kaevoru-5\/#primaryimage\",\"url\":\"https:\/\/mandalailu.ee\/wp-content\/uploads\/2025\/09\/KV0066-Mandala-ILU-vaeehted-kaevoru-SuitsKvarts-Hematiit-1.jpg\",\"contentUrl\":\"https:\/\/mandalailu.ee\/wp-content\/uploads\/2025\/09\/KV0066-Mandala-ILU-vaeehted-kaevoru-SuitsKvarts-Hematiit-1.jpg\",\"width\":750,\"height\":750,\"caption\":\"Mandala ILU k\u00e4ev\u00f5ru SuitsuKvartsist ja Hematiidist, mida kaunistab metalne kuldne s\u00fcda\"},{\"@type\":\"BreadcrumbList\",\"@id\":\"https:\/\/mandalailu.ee\/toode\/kaevoru-5\/#breadcrumb\",\"itemListElement\":[{\"@type\":\"ListItem\",\"position\":1,\"name\":\"Home\",\"item\":\"https:\/\/mandalailu.ee\/\"},{\"@type\":\"ListItem\",\"position\":2,\"name\":\"Tasakaalu v\u00e4e k\u00e4ev\u00f5ru\"}]},{\"@type\":\"WebSite\",\"@id\":\"https:\/\/mandalailu.ee\/#website\",\"url\":\"https:\/\/mandalailu.ee\/\",\"name\":\"Mandala ilu\",\"description\":\"Unikaalsed k&auml;sit&ouml;&ouml;na valminud ehted\",\"publisher\":{\"@id\":\"https:\/\/mandalailu.ee\/#organization\"},\"potentialAction\":[{\"@type\":\"SearchAction\",\"target\":{\"@type\":\"EntryPoint\",\"urlTemplate\":\"https:\/\/mandalailu.ee\/?s={search_term_string}\"},\"query-input\":{\"@type\":\"PropertyValueSpecification\",\"valueRequired\":true,\"valueName\":\"search_term_string\"}}],\"inLanguage\":\"en-US\"},{\"@type\":\"Organization\",\"@id\":\"https:\/\/mandalailu.ee\/#organization\",\"name\":\"Mandala ILU\",\"url\":\"https:\/\/mandalailu.ee\/\",\"logo\":{\"@type\":\"ImageObject\",\"inLanguage\":\"en-US\",\"@id\":\"https:\/\/mandalailu.ee\/#\/schema\/logo\/image\/\",\"url\":\"https:\/\/mandalailu.ee\/wp-content\/uploads\/2022\/04\/cropped-Mandala-ILU-lill_block.jpg\",\"contentUrl\":\"https:\/\/mandalailu.ee\/wp-content\/uploads\/2022\/04\/cropped-Mandala-ILU-lill_block.jpg\",\"width\":512,\"height\":512,\"caption\":\"Mandala ILU\"},\"image\":{\"@id\":\"https:\/\/mandalailu.ee\/#\/schema\/logo\/image\/\"},\"sameAs\":[\"https:\/\/www.facebook.com\/MandalaILU\",\"https:\/\/www.instagram.com\/mandala.ilu.mala.ehted\/\"]}]}<\/script>\n<!-- \/ Yoast SEO plugin. -->","yoast_head_json":{"title":"Tasakaalu v\u00e4e k\u00e4ev\u00f5ru - Mandala ilu","description":"Mandala ILU k\u00e4ev\u00f5ru SuitsKvartsist ja Hematiidist ning kuldse s\u00fcdamega toob rahu, maanduse ja sisemise j\u00f5u, toetades juurt\u0161akrat ja puhastades energiav\u00e4lja.","robots":{"index":"index","follow":"follow","max-snippet":"max-snippet:-1","max-image-preview":"max-image-preview:large","max-video-preview":"max-video-preview:-1"},"canonical":"https:\/\/mandalailu.ee\/en\/product\/kaevoru-5\/","og_locale":"en_US","og_type":"article","og_title":"Tasakaalu v\u00e4e k\u00e4ev\u00f5ru - Mandala ilu","og_description":"Mandala ILU k\u00e4ev\u00f5ru SuitsKvartsist ja Hematiidist ning kuldse s\u00fcdamega toob rahu, maanduse ja sisemise j\u00f5u, toetades juurt\u0161akrat ja puhastades energiav\u00e4lja.","og_url":"https:\/\/mandalailu.ee\/en\/product\/kaevoru-5\/","og_site_name":"Mandala ilu","article_publisher":"https:\/\/www.facebook.com\/MandalaILU","article_modified_time":"2026-05-05T13:37:39+00:00","og_image":[{"width":750,"height":750,"url":"https:\/\/mandalailu.ee\/wp-content\/uploads\/2025\/09\/KV0066-Mandala-ILU-vaeehted-kaevoru-SuitsKvarts-Hematiit-1.jpg","type":"image\/jpeg"}],"twitter_card":"summary_large_image","twitter_misc":{"Est. reading time":"1 minute"},"schema":{"@context":"https:\/\/schema.org","@graph":[{"@type":"WebPage","@id":"https:\/\/mandalailu.ee\/toode\/kaevoru-5\/","url":"https:\/\/mandalailu.ee\/toode\/kaevoru-5\/","name":"Tasakaalu v\u00e4e k\u00e4ev\u00f5ru - Mandala ilu","isPartOf":{"@id":"https:\/\/mandalailu.ee\/#website"},"primaryImageOfPage":{"@id":"https:\/\/mandalailu.ee\/toode\/kaevoru-5\/#primaryimage"},"image":{"@id":"https:\/\/mandalailu.ee\/toode\/kaevoru-5\/#primaryimage"},"thumbnailUrl":"https:\/\/mandalailu.ee\/wp-content\/uploads\/2025\/09\/KV0066-Mandala-ILU-vaeehted-kaevoru-SuitsKvarts-Hematiit-1.jpg","datePublished":"2022-05-10T09:10:18+00:00","dateModified":"2026-05-05T13:37:39+00:00","description":"Mandala ILU k\u00e4ev\u00f5ru SuitsKvartsist ja Hematiidist ning kuldse s\u00fcdamega toob rahu, maanduse ja sisemise j\u00f5u, toetades juurt\u0161akrat ja puhastades energiav\u00e4lja.","breadcrumb":{"@id":"https:\/\/mandalailu.ee\/toode\/kaevoru-5\/#breadcrumb"},"inLanguage":"en-US","potentialAction":[{"@type":"ReadAction","target":["https:\/\/mandalailu.ee\/toode\/kaevoru-5\/"]}]},{"@type":"ImageObject","inLanguage":"en-US","@id":"https:\/\/mandalailu.ee\/toode\/kaevoru-5\/#primaryimage","url":"https:\/\/mandalailu.ee\/wp-content\/uploads\/2025\/09\/KV0066-Mandala-ILU-vaeehted-kaevoru-SuitsKvarts-Hematiit-1.jpg","contentUrl":"https:\/\/mandalailu.ee\/wp-content\/uploads\/2025\/09\/KV0066-Mandala-ILU-vaeehted-kaevoru-SuitsKvarts-Hematiit-1.jpg","width":750,"height":750,"caption":"Mandala ILU k\u00e4ev\u00f5ru SuitsuKvartsist ja Hematiidist, mida kaunistab metalne kuldne s\u00fcda"},{"@type":"BreadcrumbList","@id":"https:\/\/mandalailu.ee\/toode\/kaevoru-5\/#breadcrumb","itemListElement":[{"@type":"ListItem","position":1,"name":"Home","item":"https:\/\/mandalailu.ee\/"},{"@type":"ListItem","position":2,"name":"Tasakaalu v\u00e4e k\u00e4ev\u00f5ru"}]},{"@type":"WebSite","@id":"https:\/\/mandalailu.ee\/#website","url":"https:\/\/mandalailu.ee\/","name":"Mandala ilu","description":"Unikaalsed k&auml;sit&ouml;&ouml;na valminud ehted","publisher":{"@id":"https:\/\/mandalailu.ee\/#organization"},"potentialAction":[{"@type":"SearchAction","target":{"@type":"EntryPoint","urlTemplate":"https:\/\/mandalailu.ee\/?s={search_term_string}"},"query-input":{"@type":"PropertyValueSpecification","valueRequired":true,"valueName":"search_term_string"}}],"inLanguage":"en-US"},{"@type":"Organization","@id":"https:\/\/mandalailu.ee\/#organization","name":"Mandala ILU","url":"https:\/\/mandalailu.ee\/","logo":{"@type":"ImageObject","inLanguage":"en-US","@id":"https:\/\/mandalailu.ee\/#\/schema\/logo\/image\/","url":"https:\/\/mandalailu.ee\/wp-content\/uploads\/2022\/04\/cropped-Mandala-ILU-lill_block.jpg","contentUrl":"https:\/\/mandalailu.ee\/wp-content\/uploads\/2022\/04\/cropped-Mandala-ILU-lill_block.jpg","width":512,"height":512,"caption":"Mandala ILU"},"image":{"@id":"https:\/\/mandalailu.ee\/#\/schema\/logo\/image\/"},"sameAs":["https:\/\/www.facebook.com\/MandalaILU","https:\/\/www.instagram.com\/mandala.ilu.mala.ehted\/"]}]}},"_links":{"self":[{"href":"https:\/\/mandalailu.ee\/en\/wp-json\/wp\/v2\/product\/603","targetHints":{"allow":["GET"]}}],"collection":[{"href":"https:\/\/mandalailu.ee\/en\/wp-json\/wp\/v2\/product"}],"about":[{"href":"https:\/\/mandalailu.ee\/en\/wp-json\/wp\/v2\/types\/product"}],"wp:featuredmedia":[{"embeddable":true,"href":"https:\/\/mandalailu.ee\/en\/wp-json\/wp\/v2\/media\/5014"}],"wp:attachment":[{"href":"https:\/\/mandalailu.ee\/en\/wp-json\/wp\/v2\/media?parent=603"}],"wp:term":[{"taxonomy":"product_brand","embeddable":true,"href":"https:\/\/mandalailu.ee\/en\/wp-json\/wp\/v2\/product_brand?post=603"},{"taxonomy":"product_cat","embeddable":true,"href":"https:\/\/mandalailu.ee\/en\/wp-json\/wp\/v2\/product_cat?post=603"},{"taxonomy":"product_tag","embeddable":true,"href":"https:\/\/mandalailu.ee\/en\/wp-json\/wp\/v2\/product_tag?post=603"}],"curies":[{"name":"wp","href":"https:\/\/api.w.org\/{rel}","templated":true}]}}