{"id":604,"date":"2022-05-10T09:42:40","date_gmt":"2022-05-10T09:42:40","guid":{"rendered":"https:\/\/mandalailu.ee\/?post_type=product&#038;p=604"},"modified":"2024-11-27T17:46:42","modified_gmt":"2024-11-27T17:46:42","slug":"kaevoru-6","status":"publish","type":"product","link":"https:\/\/mandalailu.ee\/en\/product\/kaevoru-6\/","title":{"rendered":"Meistertervendaja M\u00e4ekristalli k\u00e4ev\u00f5ru"},"content":{"rendered":"<h2>Meistertervendaja M\u00e4ekristalli k\u00e4ev\u00f5ru:<\/h2>\n<ul>\n<li><b>M\u00c4EKRISTALL<\/b><b>i<\/b> peetakse meistertervendajaks, millel on tasakaalustavad ning energiav\u00f5imendavad omadused. See on suurep\u00e4rane kristall seisva energia taas liikumisse suunamiseks. M\u00e4ekristall on vaimse ja emotsionaalse selguse toojaks ning hea abiline keskendumisel. Ta t\u00f6\u00f6tab mitmem\u00f5\u00f5tmelistel tasandil. M\u00e4ekristalli peetakse hinge s\u00fcgavpuhastajaks. \u00d6eldakse, et see n\u00e4itab ja ravib f\u00fc\u00fcsilise keha ja\/v\u00f5i aura ummistusi v\u00f5i n\u00f5rkusi.<\/li>\n<li><strong>PRENIIT<\/strong> armastuse ja k\u00f5rgeimate vibratsioonide kristall. \u00dchendades s\u00fcdamet\u0161akraga ja p\u00e4ikesep\u00f5imiku \u2013 selline \u00fchendus on vajalik, et hoida Sinu armastuse ruum \u00fchenduses Sinu naudingutega. Preniit on puhas maagia ja aitab Sul oma isiklikke unistusi prioriteedina esile t\u00f5sta.<\/li>\n<li><strong>HEMATIIDI<\/strong> p\u00f5hitegevuseks on toetada Sind k\u00f5rgemate v\u00e4\u00e4rtuste otsimisel. Tume nagu \u00f6\u00f6, p\u00e4ikese k\u00e4es s\u00e4delev h\u00f5bedane ja rohke rauasisaldusega Hematiit on tuntud kui \u00fcks parimaid kive Sinu keskendumisv\u00f5ime t\u00f5stmiseks. Ta on v\u00e4\u00e4riskivi, mis tuletab Sulle meelde, et peaksid aeg-ajalt oma mugavustsoonist v\u00e4lja astuma ning otsima vastuseid nii maast kui taevast. T\u00e4nu oma s\u00fcgavale seosele looduse ja maaga on Hematiit juurt\u0161akrat toetav kristall, millel on suurep\u00e4rased maandusomadused, tagades selle, et Sinu juured oleksid masse kasvanud olenemata sellest, kui palju Sa tuule k\u00e4es k\u00f5igud. Hematiit aitab sul iga p\u00e4ev h\u00e4sti magada, selgelt m\u00f5elda ja terveneda. See toimib ka negatiivsete energiate peletamiseks, mis toob Sulle lisaks ka enesehinnangu t\u00f5usu.<\/li>\n<\/ul>\n<p>K\u00e4ev\u00f5ru juurde sobiva kaelakee v\u00f5id leida <strong><a href=\"https:\/\/mandalailu.ee\/en\/product-category\/mala-palvehelmed\/\">SIIT<\/a><\/strong><\/p>\n<p><b>Kui antud k\u00e4ev\u00f5ru Sind k\u00f5netab, on selle s\u00f5num m\u00f5eldud just Sulle. See on Sinu ehe. Tunne ta \u00e4ra. L\u00e4bi oma s\u00fcdame.<\/b><\/p>\n<ul>\n<li>K\u00f5ik Minu ehted on 100% k\u00e4sit\u00f6\u00f6 ning ainueksemplarid, loodud puhtast armastusest ning loomisj\u00f5ust, l\u00e4bi kanalduse, Tema kandjale.<\/li>\n<li>Minu ehted kannavad endas naiselikku ilu, poolv\u00e4\u00e4riskivide toetust ning p\u00fchitsetud v\u00e4ge<\/li>\n<li>Enne uude koju j\u00f5udmist on ehe energeetiliselt puhastatud ja laetud<\/li>\n<\/ul>\n<p>Meistertervendaja M\u00e4ekristalli k\u00e4ev\u00f5ru looja: K\u00e4rt Lumiste<br \/>\n<strong>Ole hoitud, l\u00e4bi armastuse<\/strong><\/p>","protected":false},"excerpt":{"rendered":"<blockquote><p>&#8220;Selle k\u00e4ev\u00f5ru toel loon endas vaimse ja emotsionaalse selguse&#8221;<\/p><\/blockquote>\n<p>Meistertervendaja M\u00e4ekristalli k\u00e4ev\u00f5rus osalesid:<\/p>\n<ul>\n<li>Meistertervendaja <strong>M\u00e4ekristall\u00a0<\/strong><\/li>\n<li>Armastuse kristall <strong>PRENIIT<\/strong><\/li>\n<li>Meele kivi <strong>HEMATIIT<\/strong><\/li>\n<\/ul>\n<p>P\u00e4rlite suurus on 8 mm, Hematiidist s\u00fcda on suurem<\/p>\n<p>Oma ehteid luues on mul kindel teadmine, et igal valmival ehtel on tegelikult juba loomise ajal omanik olemas. Ta lihtsalt ei tea veel, et tema soovide ja taotlustega ehe on just sel hetkel kuskil end loomas. See on kanaldus. See on usaldus. See on energia. Mina k\u00fcsin universumilt juhiseid ja tema saadab need. Mispeale loon Sinu ehte siia ellu just Sulle vajalike kristallide ja taotlustega. Nii lihtne see ongi. Sinu \u00fclesanne on vaid oma ehe \u00e4ra tunda. L\u00e4bi oma s\u00fcdame.<\/p>","protected":false},"featured_media":2784,"template":"","meta":{"_acf_changed":false},"product_brand":[],"product_cat":[32],"product_tag":[37,43,40],"class_list":{"0":"post-604","1":"product","2":"type-product","3":"status-publish","4":"has-post-thumbnail","6":"product_cat-kaevorud","7":"product_tag-juurtsakra","8":"product_tag-kroontsakra","9":"product_tag-sudametsakra","10":"pa_suurused-18cm","11":"pa_suurused-19cm","13":"first","14":"outofstock","15":"shipping-taxable","16":"purchasable","17":"product-type-variable"},"acf":[],"yoast_head":"<!-- This site is optimized with the Yoast SEO plugin v26.3 - https:\/\/yoast.com\/wordpress\/plugins\/seo\/ -->\n<title>Meistertervendaja M\u00e4ekristalli k\u00e4ev\u00f5ru - Mandala ilu<\/title>\n<meta name=\"description\" content=\"K\u00e4ev\u00f5rud on ideaalne kingitus endale v\u00f5i s\u00f5brale. K\u00f5ik k\u00e4ev\u00f5rud on loodud puhtast armastusest ning loomisj\u00f5ust. Meistertervendaja M\u00e4ekristalli k\u00e4ev\u00f5ru.\" \/>\n<meta name=\"robots\" content=\"index, follow, max-snippet:-1, max-image-preview:large, max-video-preview:-1\" \/>\n<link rel=\"canonical\" href=\"https:\/\/mandalailu.ee\/en\/product\/kaevoru-6\/\" \/>\n<meta property=\"og:locale\" content=\"en_US\" \/>\n<meta property=\"og:type\" content=\"article\" \/>\n<meta property=\"og:title\" content=\"Meistertervendaja M\u00e4ekristalli k\u00e4ev\u00f5ru - Mandala ilu\" \/>\n<meta property=\"og:description\" content=\"K\u00e4ev\u00f5rud on ideaalne kingitus endale v\u00f5i s\u00f5brale. K\u00f5ik k\u00e4ev\u00f5rud on loodud puhtast armastusest ning loomisj\u00f5ust. Meistertervendaja M\u00e4ekristalli k\u00e4ev\u00f5ru.\" \/>\n<meta property=\"og:url\" content=\"https:\/\/mandalailu.ee\/en\/product\/kaevoru-6\/\" \/>\n<meta property=\"og:site_name\" content=\"Mandala ilu\" \/>\n<meta property=\"article:publisher\" content=\"https:\/\/www.facebook.com\/MandalaILU\" \/>\n<meta property=\"article:modified_time\" content=\"2024-11-27T17:46:42+00:00\" \/>\n<meta property=\"og:image\" content=\"https:\/\/mandalailu.ee\/wp-content\/uploads\/2023\/09\/KV0037-Mandala-ILU-vaeehte-Maekristall-Preniit-Hematiit-4.jpg\" \/>\n\t<meta property=\"og:image:width\" content=\"750\" \/>\n\t<meta property=\"og:image:height\" content=\"750\" \/>\n\t<meta property=\"og:image:type\" content=\"image\/jpeg\" \/>\n<meta name=\"twitter:card\" content=\"summary_large_image\" \/>\n<meta name=\"twitter:label1\" content=\"Est. reading time\" \/>\n\t<meta name=\"twitter:data1\" content=\"2 minutes\" \/>\n<script type=\"application\/ld+json\" class=\"yoast-schema-graph\">{\"@context\":\"https:\/\/schema.org\",\"@graph\":[{\"@type\":\"WebPage\",\"@id\":\"https:\/\/mandalailu.ee\/toode\/kaevoru-6\/\",\"url\":\"https:\/\/mandalailu.ee\/toode\/kaevoru-6\/\",\"name\":\"Meistertervendaja M\u00e4ekristalli k\u00e4ev\u00f5ru - Mandala ilu\",\"isPartOf\":{\"@id\":\"https:\/\/mandalailu.ee\/#website\"},\"primaryImageOfPage\":{\"@id\":\"https:\/\/mandalailu.ee\/toode\/kaevoru-6\/#primaryimage\"},\"image\":{\"@id\":\"https:\/\/mandalailu.ee\/toode\/kaevoru-6\/#primaryimage\"},\"thumbnailUrl\":\"https:\/\/mandalailu.ee\/wp-content\/uploads\/2023\/09\/KV0037-Mandala-ILU-vaeehte-Maekristall-Preniit-Hematiit-4.jpg\",\"datePublished\":\"2022-05-10T09:42:40+00:00\",\"dateModified\":\"2024-11-27T17:46:42+00:00\",\"description\":\"K\u00e4ev\u00f5rud on ideaalne kingitus endale v\u00f5i s\u00f5brale. K\u00f5ik k\u00e4ev\u00f5rud on loodud puhtast armastusest ning loomisj\u00f5ust. Meistertervendaja M\u00e4ekristalli k\u00e4ev\u00f5ru.\",\"breadcrumb\":{\"@id\":\"https:\/\/mandalailu.ee\/toode\/kaevoru-6\/#breadcrumb\"},\"inLanguage\":\"en-US\",\"potentialAction\":[{\"@type\":\"ReadAction\",\"target\":[\"https:\/\/mandalailu.ee\/toode\/kaevoru-6\/\"]}]},{\"@type\":\"ImageObject\",\"inLanguage\":\"en-US\",\"@id\":\"https:\/\/mandalailu.ee\/toode\/kaevoru-6\/#primaryimage\",\"url\":\"https:\/\/mandalailu.ee\/wp-content\/uploads\/2023\/09\/KV0037-Mandala-ILU-vaeehte-Maekristall-Preniit-Hematiit-4.jpg\",\"contentUrl\":\"https:\/\/mandalailu.ee\/wp-content\/uploads\/2023\/09\/KV0037-Mandala-ILU-vaeehte-Maekristall-Preniit-Hematiit-4.jpg\",\"width\":750,\"height\":750,\"caption\":\"valged, rohelised \u00fcmmargused kristalli p\u00e4rlid k\u00e4ev\u00f5rus. Must kristallist s\u00fcda. vana puidu peal. taustal erinevad kristallid.\"},{\"@type\":\"BreadcrumbList\",\"@id\":\"https:\/\/mandalailu.ee\/toode\/kaevoru-6\/#breadcrumb\",\"itemListElement\":[{\"@type\":\"ListItem\",\"position\":1,\"name\":\"Home\",\"item\":\"https:\/\/mandalailu.ee\/\"},{\"@type\":\"ListItem\",\"position\":2,\"name\":\"Meistertervendaja M\u00e4ekristalli k\u00e4ev\u00f5ru\"}]},{\"@type\":\"WebSite\",\"@id\":\"https:\/\/mandalailu.ee\/#website\",\"url\":\"https:\/\/mandalailu.ee\/\",\"name\":\"Mandala ilu\",\"description\":\"Unikaalsed k&auml;sit&ouml;&ouml;na valminud ehted\",\"publisher\":{\"@id\":\"https:\/\/mandalailu.ee\/#organization\"},\"potentialAction\":[{\"@type\":\"SearchAction\",\"target\":{\"@type\":\"EntryPoint\",\"urlTemplate\":\"https:\/\/mandalailu.ee\/?s={search_term_string}\"},\"query-input\":{\"@type\":\"PropertyValueSpecification\",\"valueRequired\":true,\"valueName\":\"search_term_string\"}}],\"inLanguage\":\"en-US\"},{\"@type\":\"Organization\",\"@id\":\"https:\/\/mandalailu.ee\/#organization\",\"name\":\"Mandala ILU\",\"url\":\"https:\/\/mandalailu.ee\/\",\"logo\":{\"@type\":\"ImageObject\",\"inLanguage\":\"en-US\",\"@id\":\"https:\/\/mandalailu.ee\/#\/schema\/logo\/image\/\",\"url\":\"https:\/\/mandalailu.ee\/wp-content\/uploads\/2022\/04\/cropped-Mandala-ILU-lill_block.jpg\",\"contentUrl\":\"https:\/\/mandalailu.ee\/wp-content\/uploads\/2022\/04\/cropped-Mandala-ILU-lill_block.jpg\",\"width\":512,\"height\":512,\"caption\":\"Mandala ILU\"},\"image\":{\"@id\":\"https:\/\/mandalailu.ee\/#\/schema\/logo\/image\/\"},\"sameAs\":[\"https:\/\/www.facebook.com\/MandalaILU\",\"https:\/\/www.instagram.com\/mandala.ilu.mala.ehted\/\"]}]}<\/script>\n<!-- \/ Yoast SEO plugin. -->","yoast_head_json":{"title":"Meistertervendaja M\u00e4ekristalli k\u00e4ev\u00f5ru - Mandala ilu","description":"K\u00e4ev\u00f5rud on ideaalne kingitus endale v\u00f5i s\u00f5brale. K\u00f5ik k\u00e4ev\u00f5rud on loodud puhtast armastusest ning loomisj\u00f5ust. Meistertervendaja M\u00e4ekristalli k\u00e4ev\u00f5ru.","robots":{"index":"index","follow":"follow","max-snippet":"max-snippet:-1","max-image-preview":"max-image-preview:large","max-video-preview":"max-video-preview:-1"},"canonical":"https:\/\/mandalailu.ee\/en\/product\/kaevoru-6\/","og_locale":"en_US","og_type":"article","og_title":"Meistertervendaja M\u00e4ekristalli k\u00e4ev\u00f5ru - Mandala ilu","og_description":"K\u00e4ev\u00f5rud on ideaalne kingitus endale v\u00f5i s\u00f5brale. K\u00f5ik k\u00e4ev\u00f5rud on loodud puhtast armastusest ning loomisj\u00f5ust. Meistertervendaja M\u00e4ekristalli k\u00e4ev\u00f5ru.","og_url":"https:\/\/mandalailu.ee\/en\/product\/kaevoru-6\/","og_site_name":"Mandala ilu","article_publisher":"https:\/\/www.facebook.com\/MandalaILU","article_modified_time":"2024-11-27T17:46:42+00:00","og_image":[{"width":750,"height":750,"url":"https:\/\/mandalailu.ee\/wp-content\/uploads\/2023\/09\/KV0037-Mandala-ILU-vaeehte-Maekristall-Preniit-Hematiit-4.jpg","type":"image\/jpeg"}],"twitter_card":"summary_large_image","twitter_misc":{"Est. reading time":"2 minutes"},"schema":{"@context":"https:\/\/schema.org","@graph":[{"@type":"WebPage","@id":"https:\/\/mandalailu.ee\/toode\/kaevoru-6\/","url":"https:\/\/mandalailu.ee\/toode\/kaevoru-6\/","name":"Meistertervendaja M\u00e4ekristalli k\u00e4ev\u00f5ru - Mandala ilu","isPartOf":{"@id":"https:\/\/mandalailu.ee\/#website"},"primaryImageOfPage":{"@id":"https:\/\/mandalailu.ee\/toode\/kaevoru-6\/#primaryimage"},"image":{"@id":"https:\/\/mandalailu.ee\/toode\/kaevoru-6\/#primaryimage"},"thumbnailUrl":"https:\/\/mandalailu.ee\/wp-content\/uploads\/2023\/09\/KV0037-Mandala-ILU-vaeehte-Maekristall-Preniit-Hematiit-4.jpg","datePublished":"2022-05-10T09:42:40+00:00","dateModified":"2024-11-27T17:46:42+00:00","description":"K\u00e4ev\u00f5rud on ideaalne kingitus endale v\u00f5i s\u00f5brale. K\u00f5ik k\u00e4ev\u00f5rud on loodud puhtast armastusest ning loomisj\u00f5ust. Meistertervendaja M\u00e4ekristalli k\u00e4ev\u00f5ru.","breadcrumb":{"@id":"https:\/\/mandalailu.ee\/toode\/kaevoru-6\/#breadcrumb"},"inLanguage":"en-US","potentialAction":[{"@type":"ReadAction","target":["https:\/\/mandalailu.ee\/toode\/kaevoru-6\/"]}]},{"@type":"ImageObject","inLanguage":"en-US","@id":"https:\/\/mandalailu.ee\/toode\/kaevoru-6\/#primaryimage","url":"https:\/\/mandalailu.ee\/wp-content\/uploads\/2023\/09\/KV0037-Mandala-ILU-vaeehte-Maekristall-Preniit-Hematiit-4.jpg","contentUrl":"https:\/\/mandalailu.ee\/wp-content\/uploads\/2023\/09\/KV0037-Mandala-ILU-vaeehte-Maekristall-Preniit-Hematiit-4.jpg","width":750,"height":750,"caption":"valged, rohelised \u00fcmmargused kristalli p\u00e4rlid k\u00e4ev\u00f5rus. Must kristallist s\u00fcda. vana puidu peal. taustal erinevad kristallid."},{"@type":"BreadcrumbList","@id":"https:\/\/mandalailu.ee\/toode\/kaevoru-6\/#breadcrumb","itemListElement":[{"@type":"ListItem","position":1,"name":"Home","item":"https:\/\/mandalailu.ee\/"},{"@type":"ListItem","position":2,"name":"Meistertervendaja M\u00e4ekristalli k\u00e4ev\u00f5ru"}]},{"@type":"WebSite","@id":"https:\/\/mandalailu.ee\/#website","url":"https:\/\/mandalailu.ee\/","name":"Mandala ilu","description":"Unikaalsed k&auml;sit&ouml;&ouml;na valminud ehted","publisher":{"@id":"https:\/\/mandalailu.ee\/#organization"},"potentialAction":[{"@type":"SearchAction","target":{"@type":"EntryPoint","urlTemplate":"https:\/\/mandalailu.ee\/?s={search_term_string}"},"query-input":{"@type":"PropertyValueSpecification","valueRequired":true,"valueName":"search_term_string"}}],"inLanguage":"en-US"},{"@type":"Organization","@id":"https:\/\/mandalailu.ee\/#organization","name":"Mandala ILU","url":"https:\/\/mandalailu.ee\/","logo":{"@type":"ImageObject","inLanguage":"en-US","@id":"https:\/\/mandalailu.ee\/#\/schema\/logo\/image\/","url":"https:\/\/mandalailu.ee\/wp-content\/uploads\/2022\/04\/cropped-Mandala-ILU-lill_block.jpg","contentUrl":"https:\/\/mandalailu.ee\/wp-content\/uploads\/2022\/04\/cropped-Mandala-ILU-lill_block.jpg","width":512,"height":512,"caption":"Mandala ILU"},"image":{"@id":"https:\/\/mandalailu.ee\/#\/schema\/logo\/image\/"},"sameAs":["https:\/\/www.facebook.com\/MandalaILU","https:\/\/www.instagram.com\/mandala.ilu.mala.ehted\/"]}]}},"_links":{"self":[{"href":"https:\/\/mandalailu.ee\/en\/wp-json\/wp\/v2\/product\/604","targetHints":{"allow":["GET"]}}],"collection":[{"href":"https:\/\/mandalailu.ee\/en\/wp-json\/wp\/v2\/product"}],"about":[{"href":"https:\/\/mandalailu.ee\/en\/wp-json\/wp\/v2\/types\/product"}],"wp:featuredmedia":[{"embeddable":true,"href":"https:\/\/mandalailu.ee\/en\/wp-json\/wp\/v2\/media\/2784"}],"wp:attachment":[{"href":"https:\/\/mandalailu.ee\/en\/wp-json\/wp\/v2\/media?parent=604"}],"wp:term":[{"taxonomy":"product_brand","embeddable":true,"href":"https:\/\/mandalailu.ee\/en\/wp-json\/wp\/v2\/product_brand?post=604"},{"taxonomy":"product_cat","embeddable":true,"href":"https:\/\/mandalailu.ee\/en\/wp-json\/wp\/v2\/product_cat?post=604"},{"taxonomy":"product_tag","embeddable":true,"href":"https:\/\/mandalailu.ee\/en\/wp-json\/wp\/v2\/product_tag?post=604"}],"curies":[{"name":"wp","href":"https:\/\/api.w.org\/{rel}","templated":true}]}}